{"id":2034,"date":"2024-02-15T11:11:47","date_gmt":"2024-02-15T10:11:47","guid":{"rendered":"https:\/\/www.holy-supps.nl\/?post_type=product&#038;p=2034"},"modified":"2025-10-22T10:58:10","modified_gmt":"2025-10-22T08:58:10","slug":"arriba-nutrition-quemador-de-grasa","status":"publish","type":"product","link":"https:\/\/www.holy-supps.nl\/es\/product\/arriba-nutrition-fat-burner\/","title":{"rendered":"Arriba Nutrition - Quemador de grasa"},"content":{"rendered":"<h2 data-start=\"111\" data-end=\"134\"><strong data-start=\"111\" data-end=\"132\">Arriba Burner<\/strong><\/h2>\n<p data-start=\"136\" data-end=\"186\">Arriba Burner is een gearomatiseerde drankmix.<\/p>\n<p data-start=\"188\" data-end=\"342\"><strong data-start=\"188\" data-end=\"215\">Beschrijving (neutraal)<\/strong><br data-start=\"215\" data-end=\"218\" \/>Deze mix is bedoeld als smaakvolle drank of tussendoortje. Gebruik de aanwijzingen op het etiket voor dosering en bereiding.<\/p>\n<p data-start=\"344\" data-end=\"365\"><strong data-start=\"344\" data-end=\"354\">Contenido<\/strong><br data-start=\"354\" data-end=\"357\" \/>300 gram<\/p>\n<p data-start=\"367\" data-end=\"611\"><strong data-start=\"367\" data-end=\"383\">Ingredientes<\/strong><br data-start=\"383\" data-end=\"386\" \/>Maltodextrine, L-tyrosine, natuurlijk aroma, L-carnitine, voedingszuur: citroenzuur, groene thee-extract, kleurstof: rode biet, cholinebitartraat, cafe\u00efne anhydraat, zoetstof: sucralose, guarana-extract, zwarte peper-extract.<\/p>\n<p data-start=\"613\" data-end=\"706\"><strong data-start=\"613\" data-end=\"645\">Uso diario recomendado<\/strong><br data-start=\"645\" data-end=\"648\" \/>Meng 7 gram Arriba Burner Watermelon met 250 ml water.<\/p>\n<p data-start=\"708\" data-end=\"897\"><strong data-start=\"708\" data-end=\"724\">Consejos de almacenamiento<\/strong><br data-start=\"724\" data-end=\"727\" \/>Bewaar op een koele, droge plaats en buiten bereik van jonge kinderen. Na opening beperkt houdbaar. Ten minste houdbaar tot einde en Batch Code: zie onderkant verpakking.<\/p>","protected":false},"excerpt":{"rendered":"<ul>\n<li>Contiene pimienta negra, guaran\u00e1 y extracto de t\u00e9 verde<\/li>\n<li>R\u00e1pido y f\u00e1cil de preparar<\/li>\n<li>Bajo en az\u00facar y grasas<\/li>\n<li>No contiene colorantes artificiales<\/li>\n<\/ul>","protected":false},"featured_media":2042,"comment_status":"open","ping_status":"closed","template":"","meta":[],"product_brand":[],"product_cat":[89,222,87,69],"product_tag":[],"class_list":{"0":"post-2034","1":"product","2":"type-product","3":"status-publish","4":"has-post-thumbnail","6":"product_cat-afvallen","7":"product_cat-arriba-nutrition","8":"product_cat-energie-focus","9":"product_cat-fatburners","11":"first","12":"outofstock","13":"taxable","14":"shipping-taxable","15":"purchasable","16":"product-type-variable"},"yoast_head":"<!-- This site is optimized with the Yoast SEO plugin v27.3 - https:\/\/yoast.com\/product\/yoast-seo-wordpress\/ -->\n<title>Arriba Nutrition - Fat Burner - Holy-Supps.nl<\/title>\n<meta name=\"description\" content=\"Arriba Nutrition Fat Burner: Verhoog je energie, versneld je spijsvertering en stil je hongergevoel. 7g per portie, ideaal voor voor of na je training!\" \/>\n<meta name=\"robots\" content=\"index, follow, max-snippet:-1, max-image-preview:large, max-video-preview:-1\" \/>\n<link rel=\"canonical\" href=\"https:\/\/www.holy-supps.nl\/es\/producto\/arriba-nutrition-quemador-de-grasa\/\" \/>\n<meta property=\"og:locale\" content=\"es_ES\" \/>\n<meta property=\"og:type\" content=\"article\" \/>\n<meta property=\"og:title\" content=\"Arriba Nutrition - Fat Burner - Holy-Supps.nl\" \/>\n<meta property=\"og:description\" content=\"Arriba Nutrition Fat Burner: Verhoog je energie, versneld je spijsvertering en stil je hongergevoel. 7g per portie, ideaal voor voor of na je training!\" \/>\n<meta property=\"og:url\" content=\"https:\/\/www.holy-supps.nl\/es\/producto\/arriba-nutrition-quemador-de-grasa\/\" \/>\n<meta property=\"og:site_name\" content=\"Holy-Supps.nl\" \/>\n<meta property=\"article:publisher\" content=\"https:\/\/www.facebook.com\/holy.supps\" \/>\n<meta property=\"article:modified_time\" content=\"2025-10-22T08:58:10+00:00\" \/>\n<meta property=\"og:image\" content=\"https:\/\/www.holy-supps.nl\/wp-content\/uploads\/2024\/02\/Arriba-Fat_burner-Watermelon-web-v2.png\" \/>\n\t<meta property=\"og:image:width\" content=\"1033\" \/>\n\t<meta property=\"og:image:height\" content=\"1092\" \/>\n\t<meta property=\"og:image:type\" content=\"image\/png\" \/>\n<meta name=\"twitter:card\" content=\"summary_large_image\" \/>\n<meta name=\"twitter:label1\" content=\"Tiempo de lectura\" \/>\n\t<meta name=\"twitter:data1\" content=\"1 minuto\" \/>\n<script type=\"application\/ld+json\" class=\"yoast-schema-graph\">{\"@context\":\"https:\\\/\\\/schema.org\",\"@graph\":[{\"@type\":\"WebPage\",\"@id\":\"https:\\\/\\\/www.holy-supps.nl\\\/product\\\/arriba-nutrition-fat-burner\\\/\",\"url\":\"https:\\\/\\\/www.holy-supps.nl\\\/product\\\/arriba-nutrition-fat-burner\\\/\",\"name\":\"Arriba Nutrition - Fat Burner - Holy-Supps.nl\",\"isPartOf\":{\"@id\":\"https:\\\/\\\/www.holy-supps.nl\\\/#website\"},\"primaryImageOfPage\":{\"@id\":\"https:\\\/\\\/www.holy-supps.nl\\\/product\\\/arriba-nutrition-fat-burner\\\/#primaryimage\"},\"image\":{\"@id\":\"https:\\\/\\\/www.holy-supps.nl\\\/product\\\/arriba-nutrition-fat-burner\\\/#primaryimage\"},\"thumbnailUrl\":\"https:\\\/\\\/www.holy-supps.nl\\\/wp-content\\\/uploads\\\/2024\\\/02\\\/Arriba-Fat_burner-Watermelon-web-v2.png\",\"datePublished\":\"2024-02-15T10:11:47+00:00\",\"dateModified\":\"2025-10-22T08:58:10+00:00\",\"description\":\"Arriba Nutrition Fat Burner: Verhoog je energie, versneld je spijsvertering en stil je hongergevoel. 7g per portie, ideaal voor voor of na je training!\",\"breadcrumb\":{\"@id\":\"https:\\\/\\\/www.holy-supps.nl\\\/product\\\/arriba-nutrition-fat-burner\\\/#breadcrumb\"},\"inLanguage\":\"es\",\"potentialAction\":[{\"@type\":\"ReadAction\",\"target\":[\"https:\\\/\\\/www.holy-supps.nl\\\/product\\\/arriba-nutrition-fat-burner\\\/\"]}]},{\"@type\":\"ImageObject\",\"inLanguage\":\"es\",\"@id\":\"https:\\\/\\\/www.holy-supps.nl\\\/product\\\/arriba-nutrition-fat-burner\\\/#primaryimage\",\"url\":\"https:\\\/\\\/www.holy-supps.nl\\\/wp-content\\\/uploads\\\/2024\\\/02\\\/Arriba-Fat_burner-Watermelon-web-v2.png\",\"contentUrl\":\"https:\\\/\\\/www.holy-supps.nl\\\/wp-content\\\/uploads\\\/2024\\\/02\\\/Arriba-Fat_burner-Watermelon-web-v2.png\",\"width\":1033,\"height\":1092},{\"@type\":\"BreadcrumbList\",\"@id\":\"https:\\\/\\\/www.holy-supps.nl\\\/product\\\/arriba-nutrition-fat-burner\\\/#breadcrumb\",\"itemListElement\":[{\"@type\":\"ListItem\",\"position\":1,\"name\":\"Home\",\"item\":\"https:\\\/\\\/www.holy-supps.nl\\\/\"},{\"@type\":\"ListItem\",\"position\":2,\"name\":\"Winkel\",\"item\":\"https:\\\/\\\/www.holy-supps.nl\\\/winkel\\\/\"},{\"@type\":\"ListItem\",\"position\":3,\"name\":\"Arriba Nutrition &#8211; Fat Burner\"}]},{\"@type\":\"WebSite\",\"@id\":\"https:\\\/\\\/www.holy-supps.nl\\\/#website\",\"url\":\"https:\\\/\\\/www.holy-supps.nl\\\/\",\"name\":\"Holy-Supps.nl\",\"description\":\"Official EHPLabs Reseller!\",\"publisher\":{\"@id\":\"https:\\\/\\\/www.holy-supps.nl\\\/#organization\"},\"potentialAction\":[{\"@type\":\"SearchAction\",\"target\":{\"@type\":\"EntryPoint\",\"urlTemplate\":\"https:\\\/\\\/www.holy-supps.nl\\\/?s={search_term_string}\"},\"query-input\":{\"@type\":\"PropertyValueSpecification\",\"valueRequired\":true,\"valueName\":\"search_term_string\"}}],\"inLanguage\":\"es\"},{\"@type\":\"Organization\",\"@id\":\"https:\\\/\\\/www.holy-supps.nl\\\/#organization\",\"name\":\"Holy Supps\",\"url\":\"https:\\\/\\\/www.holy-supps.nl\\\/\",\"logo\":{\"@type\":\"ImageObject\",\"inLanguage\":\"es\",\"@id\":\"https:\\\/\\\/www.holy-supps.nl\\\/#\\\/schema\\\/logo\\\/image\\\/\",\"url\":\"https:\\\/\\\/www.holy-supps.nl\\\/wp-content\\\/uploads\\\/2023\\\/06\\\/HOLY-SUPPS.png\",\"contentUrl\":\"https:\\\/\\\/www.holy-supps.nl\\\/wp-content\\\/uploads\\\/2023\\\/06\\\/HOLY-SUPPS.png\",\"width\":1000,\"height\":400,\"caption\":\"Holy Supps\"},\"image\":{\"@id\":\"https:\\\/\\\/www.holy-supps.nl\\\/#\\\/schema\\\/logo\\\/image\\\/\"},\"sameAs\":[\"https:\\\/\\\/www.facebook.com\\\/holy.supps\",\"https:\\\/\\\/www.instagram.com\\\/holy.supps.shop\\\/\"]}]}<\/script>\n<!-- \/ Yoast SEO plugin. -->","yoast_head_json":{"title":"Arriba Nutrition - Quemador de Grasa - Holy-Supps.co.uk","description":"Quemagrasas Arriba Nutrition: Aumente su energ\u00eda, acelere la digesti\u00f3n y calme el hambre. 7g por porci\u00f3n, \u00a1ideal antes o despu\u00e9s del entrenamiento!","robots":{"index":"index","follow":"follow","max-snippet":"max-snippet:-1","max-image-preview":"max-image-preview:large","max-video-preview":"max-video-preview:-1"},"canonical":"https:\/\/www.holy-supps.nl\/es\/producto\/arriba-nutrition-quemador-de-grasa\/","og_locale":"es_ES","og_type":"article","og_title":"Arriba Nutrition - Fat Burner - Holy-Supps.nl","og_description":"Arriba Nutrition Fat Burner: Verhoog je energie, versneld je spijsvertering en stil je hongergevoel. 7g per portie, ideaal voor voor of na je training!","og_url":"https:\/\/www.holy-supps.nl\/es\/producto\/arriba-nutrition-quemador-de-grasa\/","og_site_name":"Holy-Supps.nl","article_publisher":"https:\/\/www.facebook.com\/holy.supps","article_modified_time":"2025-10-22T08:58:10+00:00","og_image":[{"width":1033,"height":1092,"url":"https:\/\/www.holy-supps.nl\/wp-content\/uploads\/2024\/02\/Arriba-Fat_burner-Watermelon-web-v2.png","type":"image\/png"}],"twitter_card":"summary_large_image","twitter_misc":{"Tiempo de lectura":"1 minuto"},"schema":{"@context":"https:\/\/schema.org","@graph":[{"@type":"WebPage","@id":"https:\/\/www.holy-supps.nl\/product\/arriba-nutrition-fat-burner\/","url":"https:\/\/www.holy-supps.nl\/product\/arriba-nutrition-fat-burner\/","name":"Arriba Nutrition - Quemador de Grasa - Holy-Supps.co.uk","isPartOf":{"@id":"https:\/\/www.holy-supps.nl\/#website"},"primaryImageOfPage":{"@id":"https:\/\/www.holy-supps.nl\/product\/arriba-nutrition-fat-burner\/#primaryimage"},"image":{"@id":"https:\/\/www.holy-supps.nl\/product\/arriba-nutrition-fat-burner\/#primaryimage"},"thumbnailUrl":"https:\/\/www.holy-supps.nl\/wp-content\/uploads\/2024\/02\/Arriba-Fat_burner-Watermelon-web-v2.png","datePublished":"2024-02-15T10:11:47+00:00","dateModified":"2025-10-22T08:58:10+00:00","description":"Quemagrasas Arriba Nutrition: Aumente su energ\u00eda, acelere la digesti\u00f3n y calme el hambre. 7g por porci\u00f3n, \u00a1ideal antes o despu\u00e9s del entrenamiento!","breadcrumb":{"@id":"https:\/\/www.holy-supps.nl\/product\/arriba-nutrition-fat-burner\/#breadcrumb"},"inLanguage":"es","potentialAction":[{"@type":"ReadAction","target":["https:\/\/www.holy-supps.nl\/product\/arriba-nutrition-fat-burner\/"]}]},{"@type":"ImageObject","inLanguage":"es","@id":"https:\/\/www.holy-supps.nl\/product\/arriba-nutrition-fat-burner\/#primaryimage","url":"https:\/\/www.holy-supps.nl\/wp-content\/uploads\/2024\/02\/Arriba-Fat_burner-Watermelon-web-v2.png","contentUrl":"https:\/\/www.holy-supps.nl\/wp-content\/uploads\/2024\/02\/Arriba-Fat_burner-Watermelon-web-v2.png","width":1033,"height":1092},{"@type":"BreadcrumbList","@id":"https:\/\/www.holy-supps.nl\/product\/arriba-nutrition-fat-burner\/#breadcrumb","itemListElement":[{"@type":"ListItem","position":1,"name":"Home","item":"https:\/\/www.holy-supps.nl\/"},{"@type":"ListItem","position":2,"name":"Winkel","item":"https:\/\/www.holy-supps.nl\/winkel\/"},{"@type":"ListItem","position":3,"name":"Arriba Nutrition &#8211; Fat Burner"}]},{"@type":"WebSite","@id":"https:\/\/www.holy-supps.nl\/#website","url":"https:\/\/www.holy-supps.nl\/","name":"Holy-Supps.es","description":"\u00a1Distribuidor oficial de EHPLabs!","publisher":{"@id":"https:\/\/www.holy-supps.nl\/#organization"},"potentialAction":[{"@type":"SearchAction","target":{"@type":"EntryPoint","urlTemplate":"https:\/\/www.holy-supps.nl\/?s={search_term_string}"},"query-input":{"@type":"PropertyValueSpecification","valueRequired":true,"valueName":"search_term_string"}}],"inLanguage":"es"},{"@type":"Organization","@id":"https:\/\/www.holy-supps.nl\/#organization","name":"Santa Cena","url":"https:\/\/www.holy-supps.nl\/","logo":{"@type":"ImageObject","inLanguage":"es","@id":"https:\/\/www.holy-supps.nl\/#\/schema\/logo\/image\/","url":"https:\/\/www.holy-supps.nl\/wp-content\/uploads\/2023\/06\/HOLY-SUPPS.png","contentUrl":"https:\/\/www.holy-supps.nl\/wp-content\/uploads\/2023\/06\/HOLY-SUPPS.png","width":1000,"height":400,"caption":"Holy Supps"},"image":{"@id":"https:\/\/www.holy-supps.nl\/#\/schema\/logo\/image\/"},"sameAs":["https:\/\/www.facebook.com\/holy.supps","https:\/\/www.instagram.com\/holy.supps.shop\/"]}]}},"jetpack_sharing_enabled":true,"_links":{"self":[{"href":"https:\/\/www.holy-supps.nl\/es\/wp-json\/wp\/v2\/product\/2034","targetHints":{"allow":["GET"]}}],"collection":[{"href":"https:\/\/www.holy-supps.nl\/es\/wp-json\/wp\/v2\/product"}],"about":[{"href":"https:\/\/www.holy-supps.nl\/es\/wp-json\/wp\/v2\/types\/product"}],"replies":[{"embeddable":true,"href":"https:\/\/www.holy-supps.nl\/es\/wp-json\/wp\/v2\/comments?post=2034"}],"wp:featuredmedia":[{"embeddable":true,"href":"https:\/\/www.holy-supps.nl\/es\/wp-json\/wp\/v2\/media\/2042"}],"wp:attachment":[{"href":"https:\/\/www.holy-supps.nl\/es\/wp-json\/wp\/v2\/media?parent=2034"}],"wp:term":[{"taxonomy":"product_brand","embeddable":true,"href":"https:\/\/www.holy-supps.nl\/es\/wp-json\/wp\/v2\/product_brand?post=2034"},{"taxonomy":"product_cat","embeddable":true,"href":"https:\/\/www.holy-supps.nl\/es\/wp-json\/wp\/v2\/product_cat?post=2034"},{"taxonomy":"product_tag","embeddable":true,"href":"https:\/\/www.holy-supps.nl\/es\/wp-json\/wp\/v2\/product_tag?post=2034"}],"curies":[{"name":"wp","href":"https:\/\/api.w.org\/{rel}","templated":true}]}}