{"id":2027,"date":"2024-02-15T11:03:40","date_gmt":"2024-02-15T10:03:40","guid":{"rendered":"https:\/\/www.holy-supps.nl\/?post_type=product&#038;p=2027"},"modified":"2025-10-27T11:09:04","modified_gmt":"2025-10-27T10:09:04","slug":"arriba-nutrition-proteina-vegana","status":"publish","type":"product","link":"https:\/\/www.holy-supps.nl\/es\/product\/arriba-nutrition-vegan-protein\/","title":{"rendered":"Arriba Nutrition - Prote\u00edna vegana"},"content":{"rendered":"<p>Nuestra prote\u00edna vegana est\u00e1 hecha de prote\u00edna de guisante de alta calidad con 25 gramos de prote\u00edna por porci\u00f3n. Este batido de origen vegetal contiene los nueve amino\u00e1cidos esenciales y es un complemento pr\u00e1ctico para un estilo de vida activo.<\/p>\n<h1>Contenido<\/h1>\n<p>1000 GRAMOS<\/p>\n<h1>Ingredientes<\/h1>\n<p>Aislado de prote\u00edna de guisante, aroma natural, vainillina, espesante: goma xantana, edulcorante: sucralosa.<\/p>\n<h1>Uso diario recomendado<\/h1>\n<p>Mezcle 30 gramos (aprox. 1 cacito) de Arriba Vegan Protein Vanilla con 250 ml de agua o leche (vegana).<\/p>\n<h1>Al\u00e9rgenos<\/h1>\n<p>Este producto contiene leche. Puede contener trazas de soja, gluten, huevo y pescado.<\/p>\n<h1>Consejos de almacenamiento<\/h1>\n<p>Conservar en un lugar fresco y seco, fuera del alcance de los ni\u00f1os peque\u00f1os. Una vez abierto, consumir lo antes posible. Fecha de caducidad m\u00ednima: ver la parte inferior del envase. C\u00f3digo de lote: ver la parte inferior del envase.<\/p>","protected":false},"excerpt":{"rendered":"<ul>\n<li>Mezcla de prote\u00ednas de alta calidad de aislado 50%<\/li>\n<li>22 g de prote\u00ednas de alta calidad por raci\u00f3n<\/li>\n<li>5 g de BCAA naturales por raci\u00f3n<\/li>\n<li>Bajo en az\u00facar y grasas<\/li>\n<\/ul>","protected":false},"featured_media":2430,"comment_status":"open","ping_status":"closed","template":"","meta":[],"product_brand":[],"product_cat":[86,89,222,67],"product_tag":[],"class_list":{"0":"post-2027","1":"product","2":"type-product","3":"status-publish","4":"has-post-thumbnail","6":"product_cat-aankomen","7":"product_cat-afvallen","8":"product_cat-arriba-nutrition","9":"product_cat-eiwitten-proteine","11":"first","12":"outofstock","13":"taxable","14":"shipping-taxable","15":"purchasable","16":"product-type-variable"},"yoast_head":"<!-- This site is optimized with the Yoast SEO plugin v27.5 - https:\/\/yoast.com\/product\/yoast-seo-wordpress\/ -->\n<title>Arriba Nutrition - Vegan Protein - Holy-Supps.nl<\/title>\n<meta name=\"description\" content=\"Arriba Vegan Protein: 25g erwteneiwit per portie voor spiergroei en herstel. Ideaal voor een plantaardig dieet. Verhoog je spiermassa met hoogwaardige vegan eiwitten!\" \/>\n<meta name=\"robots\" content=\"index, follow, max-snippet:-1, max-image-preview:large, max-video-preview:-1\" \/>\n<link rel=\"canonical\" href=\"https:\/\/www.holy-supps.nl\/es\/producto\/arriba-nutrition-proteina-vegana\/\" \/>\n<meta property=\"og:locale\" content=\"es_ES\" \/>\n<meta property=\"og:type\" content=\"article\" \/>\n<meta property=\"og:title\" content=\"Arriba Nutrition - Vegan Protein - Holy-Supps.nl\" \/>\n<meta property=\"og:description\" content=\"Arriba Vegan Protein: 25g erwteneiwit per portie voor spiergroei en herstel. Ideaal voor een plantaardig dieet. Verhoog je spiermassa met hoogwaardige vegan eiwitten!\" \/>\n<meta property=\"og:url\" content=\"https:\/\/www.holy-supps.nl\/es\/producto\/arriba-nutrition-proteina-vegana\/\" \/>\n<meta property=\"og:site_name\" content=\"Holy-Supps.nl\" \/>\n<meta property=\"article:publisher\" content=\"https:\/\/www.facebook.com\/holy.supps\" \/>\n<meta property=\"article:modified_time\" content=\"2025-10-27T10:09:04+00:00\" \/>\n<meta property=\"og:image\" content=\"https:\/\/www.holy-supps.nl\/wp-content\/uploads\/2024\/02\/Arriba-Vegan-Protein-Vanilla.png\" \/>\n\t<meta property=\"og:image:width\" content=\"1000\" \/>\n\t<meta property=\"og:image:height\" content=\"1000\" \/>\n\t<meta property=\"og:image:type\" content=\"image\/png\" \/>\n<meta name=\"twitter:card\" content=\"summary_large_image\" \/>\n<meta name=\"twitter:label1\" content=\"Tiempo de lectura\" \/>\n\t<meta name=\"twitter:data1\" content=\"1 minuto\" \/>\n<script type=\"application\/ld+json\" class=\"yoast-schema-graph\">{\"@context\":\"https:\\\/\\\/schema.org\",\"@graph\":[{\"@type\":\"WebPage\",\"@id\":\"https:\\\/\\\/www.holy-supps.nl\\\/product\\\/arriba-nutrition-vegan-protein\\\/\",\"url\":\"https:\\\/\\\/www.holy-supps.nl\\\/product\\\/arriba-nutrition-vegan-protein\\\/\",\"name\":\"Arriba Nutrition - Vegan Protein - Holy-Supps.nl\",\"isPartOf\":{\"@id\":\"https:\\\/\\\/www.holy-supps.nl\\\/#website\"},\"primaryImageOfPage\":{\"@id\":\"https:\\\/\\\/www.holy-supps.nl\\\/product\\\/arriba-nutrition-vegan-protein\\\/#primaryimage\"},\"image\":{\"@id\":\"https:\\\/\\\/www.holy-supps.nl\\\/product\\\/arriba-nutrition-vegan-protein\\\/#primaryimage\"},\"thumbnailUrl\":\"https:\\\/\\\/www.holy-supps.nl\\\/wp-content\\\/uploads\\\/2024\\\/02\\\/Arriba-Vegan-Protein-Vanilla.png\",\"datePublished\":\"2024-02-15T10:03:40+00:00\",\"dateModified\":\"2025-10-27T10:09:04+00:00\",\"description\":\"Arriba Vegan Protein: 25g erwteneiwit per portie voor spiergroei en herstel. Ideaal voor een plantaardig dieet. Verhoog je spiermassa met hoogwaardige vegan eiwitten!\",\"breadcrumb\":{\"@id\":\"https:\\\/\\\/www.holy-supps.nl\\\/product\\\/arriba-nutrition-vegan-protein\\\/#breadcrumb\"},\"inLanguage\":\"es\",\"potentialAction\":[{\"@type\":\"ReadAction\",\"target\":[\"https:\\\/\\\/www.holy-supps.nl\\\/product\\\/arriba-nutrition-vegan-protein\\\/\"]}]},{\"@type\":\"ImageObject\",\"inLanguage\":\"es\",\"@id\":\"https:\\\/\\\/www.holy-supps.nl\\\/product\\\/arriba-nutrition-vegan-protein\\\/#primaryimage\",\"url\":\"https:\\\/\\\/www.holy-supps.nl\\\/wp-content\\\/uploads\\\/2024\\\/02\\\/Arriba-Vegan-Protein-Vanilla.png\",\"contentUrl\":\"https:\\\/\\\/www.holy-supps.nl\\\/wp-content\\\/uploads\\\/2024\\\/02\\\/Arriba-Vegan-Protein-Vanilla.png\",\"width\":1000,\"height\":1000},{\"@type\":\"BreadcrumbList\",\"@id\":\"https:\\\/\\\/www.holy-supps.nl\\\/product\\\/arriba-nutrition-vegan-protein\\\/#breadcrumb\",\"itemListElement\":[{\"@type\":\"ListItem\",\"position\":1,\"name\":\"Home\",\"item\":\"https:\\\/\\\/www.holy-supps.nl\\\/\"},{\"@type\":\"ListItem\",\"position\":2,\"name\":\"Winkel\",\"item\":\"https:\\\/\\\/www.holy-supps.nl\\\/winkel\\\/\"},{\"@type\":\"ListItem\",\"position\":3,\"name\":\"Arriba Nutrition &#8211; Vegan Protein\"}]},{\"@type\":\"WebSite\",\"@id\":\"https:\\\/\\\/www.holy-supps.nl\\\/#website\",\"url\":\"https:\\\/\\\/www.holy-supps.nl\\\/\",\"name\":\"Holy-Supps.nl\",\"description\":\"Official EHPLabs Reseller!\",\"publisher\":{\"@id\":\"https:\\\/\\\/www.holy-supps.nl\\\/#organization\"},\"potentialAction\":[{\"@type\":\"SearchAction\",\"target\":{\"@type\":\"EntryPoint\",\"urlTemplate\":\"https:\\\/\\\/www.holy-supps.nl\\\/?s={search_term_string}\"},\"query-input\":{\"@type\":\"PropertyValueSpecification\",\"valueRequired\":true,\"valueName\":\"search_term_string\"}}],\"inLanguage\":\"es\"},{\"@type\":\"Organization\",\"@id\":\"https:\\\/\\\/www.holy-supps.nl\\\/#organization\",\"name\":\"Holy Supps\",\"url\":\"https:\\\/\\\/www.holy-supps.nl\\\/\",\"logo\":{\"@type\":\"ImageObject\",\"inLanguage\":\"es\",\"@id\":\"https:\\\/\\\/www.holy-supps.nl\\\/#\\\/schema\\\/logo\\\/image\\\/\",\"url\":\"https:\\\/\\\/www.holy-supps.nl\\\/wp-content\\\/uploads\\\/2023\\\/06\\\/HOLY-SUPPS.png\",\"contentUrl\":\"https:\\\/\\\/www.holy-supps.nl\\\/wp-content\\\/uploads\\\/2023\\\/06\\\/HOLY-SUPPS.png\",\"width\":1000,\"height\":400,\"caption\":\"Holy Supps\"},\"image\":{\"@id\":\"https:\\\/\\\/www.holy-supps.nl\\\/#\\\/schema\\\/logo\\\/image\\\/\"},\"sameAs\":[\"https:\\\/\\\/www.facebook.com\\\/holy.supps\",\"https:\\\/\\\/www.instagram.com\\\/holy.supps.shop\\\/\"]}]}<\/script>\n<!-- \/ Yoast SEO plugin. -->","yoast_head_json":{"title":"Arriba Nutrition - Prote\u00edna Vegana - Holy-Supps.co.uk","description":"Arriba Vegan Protein: 25 g de prote\u00edna de guisante por raci\u00f3n para el crecimiento y la recuperaci\u00f3n muscular. Ideal para una dieta basada en plantas. \u00a1Aumenta tu masa muscular con prote\u00edna vegana de alta calidad!","robots":{"index":"index","follow":"follow","max-snippet":"max-snippet:-1","max-image-preview":"max-image-preview:large","max-video-preview":"max-video-preview:-1"},"canonical":"https:\/\/www.holy-supps.nl\/es\/producto\/arriba-nutrition-proteina-vegana\/","og_locale":"es_ES","og_type":"article","og_title":"Arriba Nutrition - Vegan Protein - Holy-Supps.nl","og_description":"Arriba Vegan Protein: 25g erwteneiwit per portie voor spiergroei en herstel. Ideaal voor een plantaardig dieet. Verhoog je spiermassa met hoogwaardige vegan eiwitten!","og_url":"https:\/\/www.holy-supps.nl\/es\/producto\/arriba-nutrition-proteina-vegana\/","og_site_name":"Holy-Supps.nl","article_publisher":"https:\/\/www.facebook.com\/holy.supps","article_modified_time":"2025-10-27T10:09:04+00:00","og_image":[{"width":1000,"height":1000,"url":"https:\/\/www.holy-supps.nl\/wp-content\/uploads\/2024\/02\/Arriba-Vegan-Protein-Vanilla.png","type":"image\/png"}],"twitter_card":"summary_large_image","twitter_misc":{"Tiempo de lectura":"1 minuto"},"schema":{"@context":"https:\/\/schema.org","@graph":[{"@type":"WebPage","@id":"https:\/\/www.holy-supps.nl\/product\/arriba-nutrition-vegan-protein\/","url":"https:\/\/www.holy-supps.nl\/product\/arriba-nutrition-vegan-protein\/","name":"Arriba Nutrition - Prote\u00edna Vegana - Holy-Supps.co.uk","isPartOf":{"@id":"https:\/\/www.holy-supps.nl\/#website"},"primaryImageOfPage":{"@id":"https:\/\/www.holy-supps.nl\/product\/arriba-nutrition-vegan-protein\/#primaryimage"},"image":{"@id":"https:\/\/www.holy-supps.nl\/product\/arriba-nutrition-vegan-protein\/#primaryimage"},"thumbnailUrl":"https:\/\/www.holy-supps.nl\/wp-content\/uploads\/2024\/02\/Arriba-Vegan-Protein-Vanilla.png","datePublished":"2024-02-15T10:03:40+00:00","dateModified":"2025-10-27T10:09:04+00:00","description":"Arriba Vegan Protein: 25 g de prote\u00edna de guisante por raci\u00f3n para el crecimiento y la recuperaci\u00f3n muscular. Ideal para una dieta basada en plantas. \u00a1Aumenta tu masa muscular con prote\u00edna vegana de alta calidad!","breadcrumb":{"@id":"https:\/\/www.holy-supps.nl\/product\/arriba-nutrition-vegan-protein\/#breadcrumb"},"inLanguage":"es","potentialAction":[{"@type":"ReadAction","target":["https:\/\/www.holy-supps.nl\/product\/arriba-nutrition-vegan-protein\/"]}]},{"@type":"ImageObject","inLanguage":"es","@id":"https:\/\/www.holy-supps.nl\/product\/arriba-nutrition-vegan-protein\/#primaryimage","url":"https:\/\/www.holy-supps.nl\/wp-content\/uploads\/2024\/02\/Arriba-Vegan-Protein-Vanilla.png","contentUrl":"https:\/\/www.holy-supps.nl\/wp-content\/uploads\/2024\/02\/Arriba-Vegan-Protein-Vanilla.png","width":1000,"height":1000},{"@type":"BreadcrumbList","@id":"https:\/\/www.holy-supps.nl\/product\/arriba-nutrition-vegan-protein\/#breadcrumb","itemListElement":[{"@type":"ListItem","position":1,"name":"Home","item":"https:\/\/www.holy-supps.nl\/"},{"@type":"ListItem","position":2,"name":"Winkel","item":"https:\/\/www.holy-supps.nl\/winkel\/"},{"@type":"ListItem","position":3,"name":"Arriba Nutrition &#8211; Vegan Protein"}]},{"@type":"WebSite","@id":"https:\/\/www.holy-supps.nl\/#website","url":"https:\/\/www.holy-supps.nl\/","name":"Holy-Supps.es","description":"\u00a1Distribuidor oficial de EHPLabs!","publisher":{"@id":"https:\/\/www.holy-supps.nl\/#organization"},"potentialAction":[{"@type":"SearchAction","target":{"@type":"EntryPoint","urlTemplate":"https:\/\/www.holy-supps.nl\/?s={search_term_string}"},"query-input":{"@type":"PropertyValueSpecification","valueRequired":true,"valueName":"search_term_string"}}],"inLanguage":"es"},{"@type":"Organization","@id":"https:\/\/www.holy-supps.nl\/#organization","name":"Santa Cena","url":"https:\/\/www.holy-supps.nl\/","logo":{"@type":"ImageObject","inLanguage":"es","@id":"https:\/\/www.holy-supps.nl\/#\/schema\/logo\/image\/","url":"https:\/\/www.holy-supps.nl\/wp-content\/uploads\/2023\/06\/HOLY-SUPPS.png","contentUrl":"https:\/\/www.holy-supps.nl\/wp-content\/uploads\/2023\/06\/HOLY-SUPPS.png","width":1000,"height":400,"caption":"Holy Supps"},"image":{"@id":"https:\/\/www.holy-supps.nl\/#\/schema\/logo\/image\/"},"sameAs":["https:\/\/www.facebook.com\/holy.supps","https:\/\/www.instagram.com\/holy.supps.shop\/"]}]}},"jetpack_sharing_enabled":true,"_links":{"self":[{"href":"https:\/\/www.holy-supps.nl\/es\/wp-json\/wp\/v2\/product\/2027","targetHints":{"allow":["GET"]}}],"collection":[{"href":"https:\/\/www.holy-supps.nl\/es\/wp-json\/wp\/v2\/product"}],"about":[{"href":"https:\/\/www.holy-supps.nl\/es\/wp-json\/wp\/v2\/types\/product"}],"replies":[{"embeddable":true,"href":"https:\/\/www.holy-supps.nl\/es\/wp-json\/wp\/v2\/comments?post=2027"}],"wp:featuredmedia":[{"embeddable":true,"href":"https:\/\/www.holy-supps.nl\/es\/wp-json\/wp\/v2\/media\/2430"}],"wp:attachment":[{"href":"https:\/\/www.holy-supps.nl\/es\/wp-json\/wp\/v2\/media?parent=2027"}],"wp:term":[{"taxonomy":"product_brand","embeddable":true,"href":"https:\/\/www.holy-supps.nl\/es\/wp-json\/wp\/v2\/product_brand?post=2027"},{"taxonomy":"product_cat","embeddable":true,"href":"https:\/\/www.holy-supps.nl\/es\/wp-json\/wp\/v2\/product_cat?post=2027"},{"taxonomy":"product_tag","embeddable":true,"href":"https:\/\/www.holy-supps.nl\/es\/wp-json\/wp\/v2\/product_tag?post=2027"}],"curies":[{"name":"wp","href":"https:\/\/api.w.org\/{rel}","templated":true}]}}