{"id":1773,"date":"2023-12-08T14:43:52","date_gmt":"2023-12-08T13:43:52","guid":{"rendered":"https:\/\/www.holy-supps.nl\/?post_type=product&#038;p=1773"},"modified":"2025-09-15T15:30:45","modified_gmt":"2025-09-15T13:30:45","slug":"la-proteina-funciona-ridicula-barra-de-proteina-vegana","status":"publish","type":"product","link":"https:\/\/www.holy-supps.nl\/es\/product\/the-protein-works-ridiculous-vegan-protein-bar-2\/","title":{"rendered":"The Protein Works - Rid\u00edcula barrita proteica vegana"},"content":{"rendered":"<h2>\u00bfQu\u00e9 es la barrita proteica vegana Ridiculous?<\/h2>\n<p>Llamada as\u00ed por las innumerables reacciones que hemos visto en la gente tras probar este c\u00f3modo snack proteico de origen vegetal, se trata de una barrita vegana dise\u00f1ada sin concesiones; un regalo para tu conciencia y tus deseos.<\/p>\n<p>Rid\u00edcula por naturaleza, \u00a1esta barra no deber\u00eda ser t\u00e9cnicamente posible! Combina estas caracter\u00edsticas por defecto en cada barra y empezar\u00e1s a entender por qu\u00e9 es rid\u00edculo:<\/p>\n<p>Completamente vegetal<\/p>\n<p>Deliberadamente sin aceite de palma<\/p>\n<p>Impacto m\u00ednimo en el medio ambiente<\/p>\n<p>Alto contenido en prote\u00ednas y menos de 1 g de az\u00facar<\/p>\n<p>Rico en fibra, que hace que te sientas saciado durante m\u00e1s tiempo<br \/>\nMenos de 200 calor\u00edas por barrita*.<br \/>\nCompletamente sin gluten<br \/>\nSin aromas, colorantes ni conservantes artificiales<br \/>\nDeliciosamente aromatizado, con m\u00faltiples capas de indulgencia<\/p>\n<p>...Todo hace que sea una barra vegana como ninguna otra.<\/p>\n<h2>Ingredientes<\/h2>\n<p>Mezcla de prote\u00ednas (aislado de prote\u00edna de soja, prote\u00edna de guisante), cobertura de chocolate (20%) (manteca de cacao, harina de soja, xilitol, pasta de cacao, lecitina de girasol, aroma natural de vainilla), fibra de ra\u00edz de achicoria, cobertura de caramelo (13%) (edulcorante ( Maltitol), manteca de cacao, glicerina vegetal, lecitina de girasol, agua, cacao desgrasado en polvo, goma de acacia, sal del Himalaya), nuggets de prote\u00edna de soja (8%) (aislado de prote\u00edna de soja, cacao desgrasado en polvo, almid\u00f3n de tapioca), pasta de cacahuete, glicerina vegetal, aceite de coco, lecitina de girasol, aromas naturales, extracto de t\u00e9 verde, sal del Himalaya, edulcorante (gluc\u00f3sidos de esteviol).<\/p>","protected":false},"excerpt":{"rendered":"<p>Wat Is Ridiculous Vegan Protein Bar? Vernoemd naar de talloze reacties die we van mensen hebben gezien nadat ze deze handige plantaardige eiwitsnack hebben geprobeerd, is dit een veganistische reep die is ontworpen zonder compromissen; een geschenk voor je geweten en je verlangens. Belachelijk door zijn aard, zou deze bar technisch gezien niet mogelijk moeten [&#8230;]\n","protected":false},"featured_media":1774,"comment_status":"open","ping_status":"closed","template":"","meta":[],"product_brand":[],"product_cat":[86,93,79,73,81,83,78],"product_tag":[],"class_list":{"0":"post-1773","1":"product","2":"type-product","3":"status-publish","4":"has-post-thumbnail","6":"product_cat-aankomen","7":"product_cat-bars-snacks","8":"product_cat-maaltijdvervangers","9":"product_cat-protein-works","10":"product_cat-spieropbouw","11":"product_cat-the-protein-works","12":"product_cat-voeding-snacks","14":"first","15":"outofstock","16":"sale","17":"taxable","18":"shipping-taxable","19":"purchasable","20":"product-type-simple"},"yoast_head":"<!-- This site is optimized with the Yoast SEO plugin v27.4 - https:\/\/yoast.com\/product\/yoast-seo-wordpress\/ -->\n<title>The Protein Works - Ridiculous Vegan Protein Bar - Holy-Supps.nl<\/title>\n<meta name=\"robots\" content=\"index, follow, max-snippet:-1, max-image-preview:large, max-video-preview:-1\" \/>\n<link rel=\"canonical\" href=\"https:\/\/www.holy-supps.nl\/es\/producto\/la-proteina-funciona-ridicula-barra-de-proteina-vegana\/\" \/>\n<meta property=\"og:locale\" content=\"es_ES\" \/>\n<meta property=\"og:type\" content=\"article\" \/>\n<meta property=\"og:title\" content=\"The Protein Works - Ridiculous Vegan Protein Bar - Holy-Supps.nl\" \/>\n<meta property=\"og:description\" content=\"Wat Is Ridiculous Vegan Protein Bar? Vernoemd naar de talloze reacties die we van mensen hebben gezien nadat ze deze handige plantaardige eiwitsnack hebben geprobeerd, is dit een veganistische reep die is ontworpen zonder compromissen; een geschenk voor je geweten en je verlangens. Belachelijk door zijn aard, zou deze bar technisch gezien niet mogelijk moeten [...]\" \/>\n<meta property=\"og:url\" content=\"https:\/\/www.holy-supps.nl\/es\/producto\/la-proteina-funciona-ridicula-barra-de-proteina-vegana\/\" \/>\n<meta property=\"og:site_name\" content=\"Holy-Supps.nl\" \/>\n<meta property=\"article:publisher\" content=\"https:\/\/www.facebook.com\/holy.supps\" \/>\n<meta property=\"article:modified_time\" content=\"2025-09-15T13:30:45+00:00\" \/>\n<meta property=\"og:image\" content=\"https:\/\/www.holy-supps.nl\/wp-content\/uploads\/2023\/12\/rvb_pdp_4_1.webp\" \/>\n\t<meta property=\"og:image:width\" content=\"1120\" \/>\n\t<meta property=\"og:image:height\" content=\"1120\" \/>\n\t<meta property=\"og:image:type\" content=\"image\/webp\" \/>\n<meta name=\"twitter:card\" content=\"summary_large_image\" \/>\n<meta name=\"twitter:label1\" content=\"Tiempo de lectura\" \/>\n\t<meta name=\"twitter:data1\" content=\"1 minuto\" \/>\n<script type=\"application\/ld+json\" class=\"yoast-schema-graph\">{\"@context\":\"https:\\\/\\\/schema.org\",\"@graph\":[{\"@type\":\"WebPage\",\"@id\":\"https:\\\/\\\/www.holy-supps.nl\\\/product\\\/the-protein-works-ridiculous-vegan-protein-bar-2\\\/\",\"url\":\"https:\\\/\\\/www.holy-supps.nl\\\/product\\\/the-protein-works-ridiculous-vegan-protein-bar-2\\\/\",\"name\":\"The Protein Works - Ridiculous Vegan Protein Bar - Holy-Supps.nl\",\"isPartOf\":{\"@id\":\"https:\\\/\\\/www.holy-supps.nl\\\/#website\"},\"primaryImageOfPage\":{\"@id\":\"https:\\\/\\\/www.holy-supps.nl\\\/product\\\/the-protein-works-ridiculous-vegan-protein-bar-2\\\/#primaryimage\"},\"image\":{\"@id\":\"https:\\\/\\\/www.holy-supps.nl\\\/product\\\/the-protein-works-ridiculous-vegan-protein-bar-2\\\/#primaryimage\"},\"thumbnailUrl\":\"https:\\\/\\\/www.holy-supps.nl\\\/wp-content\\\/uploads\\\/2023\\\/12\\\/rvb_pdp_4_1.webp\",\"datePublished\":\"2023-12-08T13:43:52+00:00\",\"dateModified\":\"2025-09-15T13:30:45+00:00\",\"breadcrumb\":{\"@id\":\"https:\\\/\\\/www.holy-supps.nl\\\/product\\\/the-protein-works-ridiculous-vegan-protein-bar-2\\\/#breadcrumb\"},\"inLanguage\":\"es\",\"potentialAction\":[{\"@type\":\"ReadAction\",\"target\":[\"https:\\\/\\\/www.holy-supps.nl\\\/product\\\/the-protein-works-ridiculous-vegan-protein-bar-2\\\/\"]}]},{\"@type\":\"ImageObject\",\"inLanguage\":\"es\",\"@id\":\"https:\\\/\\\/www.holy-supps.nl\\\/product\\\/the-protein-works-ridiculous-vegan-protein-bar-2\\\/#primaryimage\",\"url\":\"https:\\\/\\\/www.holy-supps.nl\\\/wp-content\\\/uploads\\\/2023\\\/12\\\/rvb_pdp_4_1.webp\",\"contentUrl\":\"https:\\\/\\\/www.holy-supps.nl\\\/wp-content\\\/uploads\\\/2023\\\/12\\\/rvb_pdp_4_1.webp\",\"width\":1120,\"height\":1120},{\"@type\":\"BreadcrumbList\",\"@id\":\"https:\\\/\\\/www.holy-supps.nl\\\/product\\\/the-protein-works-ridiculous-vegan-protein-bar-2\\\/#breadcrumb\",\"itemListElement\":[{\"@type\":\"ListItem\",\"position\":1,\"name\":\"Home\",\"item\":\"https:\\\/\\\/www.holy-supps.nl\\\/\"},{\"@type\":\"ListItem\",\"position\":2,\"name\":\"Winkel\",\"item\":\"https:\\\/\\\/www.holy-supps.nl\\\/winkel\\\/\"},{\"@type\":\"ListItem\",\"position\":3,\"name\":\"The Protein Works &#8211; Ridiculous Vegan Protein Bar\"}]},{\"@type\":\"WebSite\",\"@id\":\"https:\\\/\\\/www.holy-supps.nl\\\/#website\",\"url\":\"https:\\\/\\\/www.holy-supps.nl\\\/\",\"name\":\"Holy-Supps.nl\",\"description\":\"Official EHPLabs Reseller!\",\"publisher\":{\"@id\":\"https:\\\/\\\/www.holy-supps.nl\\\/#organization\"},\"potentialAction\":[{\"@type\":\"SearchAction\",\"target\":{\"@type\":\"EntryPoint\",\"urlTemplate\":\"https:\\\/\\\/www.holy-supps.nl\\\/?s={search_term_string}\"},\"query-input\":{\"@type\":\"PropertyValueSpecification\",\"valueRequired\":true,\"valueName\":\"search_term_string\"}}],\"inLanguage\":\"es\"},{\"@type\":\"Organization\",\"@id\":\"https:\\\/\\\/www.holy-supps.nl\\\/#organization\",\"name\":\"Holy Supps\",\"url\":\"https:\\\/\\\/www.holy-supps.nl\\\/\",\"logo\":{\"@type\":\"ImageObject\",\"inLanguage\":\"es\",\"@id\":\"https:\\\/\\\/www.holy-supps.nl\\\/#\\\/schema\\\/logo\\\/image\\\/\",\"url\":\"https:\\\/\\\/www.holy-supps.nl\\\/wp-content\\\/uploads\\\/2023\\\/06\\\/HOLY-SUPPS.png\",\"contentUrl\":\"https:\\\/\\\/www.holy-supps.nl\\\/wp-content\\\/uploads\\\/2023\\\/06\\\/HOLY-SUPPS.png\",\"width\":1000,\"height\":400,\"caption\":\"Holy Supps\"},\"image\":{\"@id\":\"https:\\\/\\\/www.holy-supps.nl\\\/#\\\/schema\\\/logo\\\/image\\\/\"},\"sameAs\":[\"https:\\\/\\\/www.facebook.com\\\/holy.supps\",\"https:\\\/\\\/www.instagram.com\\\/holy.supps.shop\\\/\"]}]}<\/script>\n<!-- \/ Yoast SEO plugin. -->","yoast_head_json":{"title":"The Protein Works - Rid\u00edcula barrita proteica vegana - Holy-Supps.co.uk","robots":{"index":"index","follow":"follow","max-snippet":"max-snippet:-1","max-image-preview":"max-image-preview:large","max-video-preview":"max-video-preview:-1"},"canonical":"https:\/\/www.holy-supps.nl\/es\/producto\/la-proteina-funciona-ridicula-barra-de-proteina-vegana\/","og_locale":"es_ES","og_type":"article","og_title":"The Protein Works - Ridiculous Vegan Protein Bar - Holy-Supps.nl","og_description":"Wat Is Ridiculous Vegan Protein Bar? Vernoemd naar de talloze reacties die we van mensen hebben gezien nadat ze deze handige plantaardige eiwitsnack hebben geprobeerd, is dit een veganistische reep die is ontworpen zonder compromissen; een geschenk voor je geweten en je verlangens. Belachelijk door zijn aard, zou deze bar technisch gezien niet mogelijk moeten [...]","og_url":"https:\/\/www.holy-supps.nl\/es\/producto\/la-proteina-funciona-ridicula-barra-de-proteina-vegana\/","og_site_name":"Holy-Supps.nl","article_publisher":"https:\/\/www.facebook.com\/holy.supps","article_modified_time":"2025-09-15T13:30:45+00:00","og_image":[{"width":1120,"height":1120,"url":"https:\/\/www.holy-supps.nl\/wp-content\/uploads\/2023\/12\/rvb_pdp_4_1.webp","type":"image\/webp"}],"twitter_card":"summary_large_image","twitter_misc":{"Tiempo de lectura":"1 minuto"},"schema":{"@context":"https:\/\/schema.org","@graph":[{"@type":"WebPage","@id":"https:\/\/www.holy-supps.nl\/product\/the-protein-works-ridiculous-vegan-protein-bar-2\/","url":"https:\/\/www.holy-supps.nl\/product\/the-protein-works-ridiculous-vegan-protein-bar-2\/","name":"The Protein Works - Rid\u00edcula barrita proteica vegana - Holy-Supps.co.uk","isPartOf":{"@id":"https:\/\/www.holy-supps.nl\/#website"},"primaryImageOfPage":{"@id":"https:\/\/www.holy-supps.nl\/product\/the-protein-works-ridiculous-vegan-protein-bar-2\/#primaryimage"},"image":{"@id":"https:\/\/www.holy-supps.nl\/product\/the-protein-works-ridiculous-vegan-protein-bar-2\/#primaryimage"},"thumbnailUrl":"https:\/\/www.holy-supps.nl\/wp-content\/uploads\/2023\/12\/rvb_pdp_4_1.webp","datePublished":"2023-12-08T13:43:52+00:00","dateModified":"2025-09-15T13:30:45+00:00","breadcrumb":{"@id":"https:\/\/www.holy-supps.nl\/product\/the-protein-works-ridiculous-vegan-protein-bar-2\/#breadcrumb"},"inLanguage":"es","potentialAction":[{"@type":"ReadAction","target":["https:\/\/www.holy-supps.nl\/product\/the-protein-works-ridiculous-vegan-protein-bar-2\/"]}]},{"@type":"ImageObject","inLanguage":"es","@id":"https:\/\/www.holy-supps.nl\/product\/the-protein-works-ridiculous-vegan-protein-bar-2\/#primaryimage","url":"https:\/\/www.holy-supps.nl\/wp-content\/uploads\/2023\/12\/rvb_pdp_4_1.webp","contentUrl":"https:\/\/www.holy-supps.nl\/wp-content\/uploads\/2023\/12\/rvb_pdp_4_1.webp","width":1120,"height":1120},{"@type":"BreadcrumbList","@id":"https:\/\/www.holy-supps.nl\/product\/the-protein-works-ridiculous-vegan-protein-bar-2\/#breadcrumb","itemListElement":[{"@type":"ListItem","position":1,"name":"Home","item":"https:\/\/www.holy-supps.nl\/"},{"@type":"ListItem","position":2,"name":"Winkel","item":"https:\/\/www.holy-supps.nl\/winkel\/"},{"@type":"ListItem","position":3,"name":"The Protein Works &#8211; Ridiculous Vegan Protein Bar"}]},{"@type":"WebSite","@id":"https:\/\/www.holy-supps.nl\/#website","url":"https:\/\/www.holy-supps.nl\/","name":"Holy-Supps.es","description":"\u00a1Distribuidor oficial de EHPLabs!","publisher":{"@id":"https:\/\/www.holy-supps.nl\/#organization"},"potentialAction":[{"@type":"SearchAction","target":{"@type":"EntryPoint","urlTemplate":"https:\/\/www.holy-supps.nl\/?s={search_term_string}"},"query-input":{"@type":"PropertyValueSpecification","valueRequired":true,"valueName":"search_term_string"}}],"inLanguage":"es"},{"@type":"Organization","@id":"https:\/\/www.holy-supps.nl\/#organization","name":"Santa Cena","url":"https:\/\/www.holy-supps.nl\/","logo":{"@type":"ImageObject","inLanguage":"es","@id":"https:\/\/www.holy-supps.nl\/#\/schema\/logo\/image\/","url":"https:\/\/www.holy-supps.nl\/wp-content\/uploads\/2023\/06\/HOLY-SUPPS.png","contentUrl":"https:\/\/www.holy-supps.nl\/wp-content\/uploads\/2023\/06\/HOLY-SUPPS.png","width":1000,"height":400,"caption":"Holy Supps"},"image":{"@id":"https:\/\/www.holy-supps.nl\/#\/schema\/logo\/image\/"},"sameAs":["https:\/\/www.facebook.com\/holy.supps","https:\/\/www.instagram.com\/holy.supps.shop\/"]}]}},"jetpack_sharing_enabled":true,"_links":{"self":[{"href":"https:\/\/www.holy-supps.nl\/es\/wp-json\/wp\/v2\/product\/1773","targetHints":{"allow":["GET"]}}],"collection":[{"href":"https:\/\/www.holy-supps.nl\/es\/wp-json\/wp\/v2\/product"}],"about":[{"href":"https:\/\/www.holy-supps.nl\/es\/wp-json\/wp\/v2\/types\/product"}],"replies":[{"embeddable":true,"href":"https:\/\/www.holy-supps.nl\/es\/wp-json\/wp\/v2\/comments?post=1773"}],"wp:featuredmedia":[{"embeddable":true,"href":"https:\/\/www.holy-supps.nl\/es\/wp-json\/wp\/v2\/media\/1774"}],"wp:attachment":[{"href":"https:\/\/www.holy-supps.nl\/es\/wp-json\/wp\/v2\/media?parent=1773"}],"wp:term":[{"taxonomy":"product_brand","embeddable":true,"href":"https:\/\/www.holy-supps.nl\/es\/wp-json\/wp\/v2\/product_brand?post=1773"},{"taxonomy":"product_cat","embeddable":true,"href":"https:\/\/www.holy-supps.nl\/es\/wp-json\/wp\/v2\/product_cat?post=1773"},{"taxonomy":"product_tag","embeddable":true,"href":"https:\/\/www.holy-supps.nl\/es\/wp-json\/wp\/v2\/product_tag?post=1773"}],"curies":[{"name":"wp","href":"https:\/\/api.w.org\/{rel}","templated":true}]}}