{"id":164,"date":"2023-03-04T15:00:57","date_gmt":"2023-03-04T14:00:57","guid":{"rendered":"https:\/\/www.holy-supps.nl\/?post_type=product&#038;p=164"},"modified":"2026-05-13T11:39:54","modified_gmt":"2026-05-13T09:39:54","slug":"crea-8-creatina-monohidrato-ehplabs","status":"publish","type":"product","link":"https:\/\/www.holy-supps.nl\/es\/product\/crea-8-creatine-monohydrate-ehplabs-2\/","title":{"rendered":"Crea-8 | Creatina Monohidrato - EHPLabs"},"content":{"rendered":"<h2>Descripci\u00f3n<\/h2>\n<p>EHPlabs <strong>CREA-8 Creatina Monohidrato<\/strong> es un suplemento de creatina pura en polvo. El producto contiene exclusivamente <strong>monohidrato de creatina micronizado<\/strong>, Sin aditivos ni aromas. Gracias a su fina estructura, el polvo se disuelve f\u00e1cilmente en agua u otras bebidas. Esto hace de CREA-8 una opci\u00f3n vers\u00e1til para los atletas que buscan complementar su pila de suplementos con un producto puro.<\/p>\n<hr \/>\n<h2>Ventajas<\/h2>\n<ul>\n<li>100% puro <strong>monohidrato de creatina micronizado<\/strong><\/li>\n<li>Sin aromas, colorantes ni rellenos<\/li>\n<li><strong>Polvo bien soluble<\/strong> para facilitar la mezcla<\/li>\n<li>Adecuado para el uso diario<\/li>\n<li>100 raciones por envase<\/li>\n<\/ul>\n<hr \/>\n<h2>Instrucciones de uso<\/h2>\n<p>Mezclar <strong>1 cacito (5 g)<\/strong> CREA-8 con agua u otra bebida de su elecci\u00f3n.<\/p>\n<ul>\n<li>Uso recomendado: <strong>1 porci\u00f3n al d\u00eda<\/strong><\/li>\n<li>Se puede tomar en cualquier momento del d\u00eda.<\/li>\n<li>Para obtener resultados \u00f3ptimos: utilizar sistem\u00e1ticamente<\/li>\n<\/ul>","protected":false},"excerpt":{"rendered":"<p>EHPlabs CREA-8 Creatina Monohidrato es creatina pura en polvo sin aditivos ni aromas. El polvo fino y micronizado se disuelve f\u00e1cilmente en agua u otra bebida. Con 100 porciones por envase, es una opci\u00f3n pr\u00e1ctica para los atletas que buscan complementar su pila de suplementos.<\/p>","protected":false},"featured_media":165,"comment_status":"open","ping_status":"closed","template":"","meta":[],"product_brand":[],"product_cat":[72,70],"product_tag":[],"class_list":{"0":"post-164","1":"product","2":"type-product","3":"status-publish","4":"has-post-thumbnail","6":"product_cat-ehplabs","7":"product_cat-raws","9":"first","10":"instock","11":"taxable","12":"shipping-taxable","13":"purchasable","14":"product-type-simple"},"yoast_head":"<!-- This site is optimized with the Yoast SEO plugin v27.6 - https:\/\/yoast.com\/product\/yoast-seo-wordpress\/ -->\n<title>Crea-8 | Creatine Monohydrate - EHPLabs - Holy-Supps.nl<\/title>\n<meta name=\"description\" content=\"Verbeter kracht en spiermassa met Crea-8 van EHPLabs. 100% puur creatine-monohydraat voor optimale prestaties en herstel.\" \/>\n<meta name=\"robots\" content=\"index, follow, max-snippet:-1, max-image-preview:large, max-video-preview:-1\" \/>\n<link rel=\"canonical\" href=\"https:\/\/www.holy-supps.nl\/es\/producto\/crea-8-creatina-monohidrato-ehplabs\/\" \/>\n<meta property=\"og:locale\" content=\"es_ES\" \/>\n<meta property=\"og:type\" content=\"article\" \/>\n<meta property=\"og:title\" content=\"Crea-8 | Creatine Monohydrate - EHPLabs - Holy-Supps.nl\" \/>\n<meta property=\"og:description\" content=\"Verbeter kracht en spiermassa met Crea-8 van EHPLabs. 100% puur creatine-monohydraat voor optimale prestaties en herstel.\" \/>\n<meta property=\"og:url\" content=\"https:\/\/www.holy-supps.nl\/es\/producto\/crea-8-creatina-monohidrato-ehplabs\/\" \/>\n<meta property=\"og:site_name\" content=\"Holy-Supps.nl\" \/>\n<meta property=\"article:publisher\" content=\"https:\/\/www.facebook.com\/holy.supps\" \/>\n<meta property=\"article:modified_time\" content=\"2026-05-13T09:39:54+00:00\" \/>\n<meta property=\"og:image\" content=\"https:\/\/www.holy-supps.nl\/wp-content\/uploads\/2023\/03\/RAW-CRE1.webp\" \/>\n\t<meta property=\"og:image:width\" content=\"1000\" \/>\n\t<meta property=\"og:image:height\" content=\"1000\" \/>\n\t<meta property=\"og:image:type\" content=\"image\/webp\" \/>\n<meta name=\"twitter:card\" content=\"summary_large_image\" \/>\n<meta name=\"twitter:label1\" content=\"Tiempo de lectura\" \/>\n\t<meta name=\"twitter:data1\" content=\"1 minuto\" \/>\n<script type=\"application\/ld+json\" class=\"yoast-schema-graph\">{\"@context\":\"https:\\\/\\\/schema.org\",\"@graph\":[{\"@type\":\"WebPage\",\"@id\":\"https:\\\/\\\/www.holy-supps.nl\\\/product\\\/crea-8-creatine-monohydrate-ehplabs-2\\\/\",\"url\":\"https:\\\/\\\/www.holy-supps.nl\\\/product\\\/crea-8-creatine-monohydrate-ehplabs-2\\\/\",\"name\":\"Crea-8 | Creatine Monohydrate - EHPLabs - Holy-Supps.nl\",\"isPartOf\":{\"@id\":\"https:\\\/\\\/www.holy-supps.nl\\\/#website\"},\"primaryImageOfPage\":{\"@id\":\"https:\\\/\\\/www.holy-supps.nl\\\/product\\\/crea-8-creatine-monohydrate-ehplabs-2\\\/#primaryimage\"},\"image\":{\"@id\":\"https:\\\/\\\/www.holy-supps.nl\\\/product\\\/crea-8-creatine-monohydrate-ehplabs-2\\\/#primaryimage\"},\"thumbnailUrl\":\"https:\\\/\\\/www.holy-supps.nl\\\/wp-content\\\/uploads\\\/2023\\\/03\\\/RAW-CRE1.webp\",\"datePublished\":\"2023-03-04T14:00:57+00:00\",\"dateModified\":\"2026-05-13T09:39:54+00:00\",\"description\":\"Verbeter kracht en spiermassa met Crea-8 van EHPLabs. 100% puur creatine-monohydraat voor optimale prestaties en herstel.\",\"breadcrumb\":{\"@id\":\"https:\\\/\\\/www.holy-supps.nl\\\/product\\\/crea-8-creatine-monohydrate-ehplabs-2\\\/#breadcrumb\"},\"inLanguage\":\"es\",\"potentialAction\":[{\"@type\":\"ReadAction\",\"target\":[\"https:\\\/\\\/www.holy-supps.nl\\\/product\\\/crea-8-creatine-monohydrate-ehplabs-2\\\/\"]}]},{\"@type\":\"ImageObject\",\"inLanguage\":\"es\",\"@id\":\"https:\\\/\\\/www.holy-supps.nl\\\/product\\\/crea-8-creatine-monohydrate-ehplabs-2\\\/#primaryimage\",\"url\":\"https:\\\/\\\/www.holy-supps.nl\\\/wp-content\\\/uploads\\\/2023\\\/03\\\/RAW-CRE1.webp\",\"contentUrl\":\"https:\\\/\\\/www.holy-supps.nl\\\/wp-content\\\/uploads\\\/2023\\\/03\\\/RAW-CRE1.webp\",\"width\":1000,\"height\":1000},{\"@type\":\"BreadcrumbList\",\"@id\":\"https:\\\/\\\/www.holy-supps.nl\\\/product\\\/crea-8-creatine-monohydrate-ehplabs-2\\\/#breadcrumb\",\"itemListElement\":[{\"@type\":\"ListItem\",\"position\":1,\"name\":\"Home\",\"item\":\"https:\\\/\\\/www.holy-supps.nl\\\/\"},{\"@type\":\"ListItem\",\"position\":2,\"name\":\"Winkel\",\"item\":\"https:\\\/\\\/www.holy-supps.nl\\\/winkel\\\/\"},{\"@type\":\"ListItem\",\"position\":3,\"name\":\"Crea-8 | Creatine Monohydrate &#8211; EHPLabs\"}]},{\"@type\":\"WebSite\",\"@id\":\"https:\\\/\\\/www.holy-supps.nl\\\/#website\",\"url\":\"https:\\\/\\\/www.holy-supps.nl\\\/\",\"name\":\"Holy-Supps.nl\",\"description\":\"Official EHPLabs Reseller!\",\"publisher\":{\"@id\":\"https:\\\/\\\/www.holy-supps.nl\\\/#organization\"},\"potentialAction\":[{\"@type\":\"SearchAction\",\"target\":{\"@type\":\"EntryPoint\",\"urlTemplate\":\"https:\\\/\\\/www.holy-supps.nl\\\/?s={search_term_string}\"},\"query-input\":{\"@type\":\"PropertyValueSpecification\",\"valueRequired\":true,\"valueName\":\"search_term_string\"}}],\"inLanguage\":\"es\"},{\"@type\":\"Organization\",\"@id\":\"https:\\\/\\\/www.holy-supps.nl\\\/#organization\",\"name\":\"Holy Supps\",\"url\":\"https:\\\/\\\/www.holy-supps.nl\\\/\",\"logo\":{\"@type\":\"ImageObject\",\"inLanguage\":\"es\",\"@id\":\"https:\\\/\\\/www.holy-supps.nl\\\/#\\\/schema\\\/logo\\\/image\\\/\",\"url\":\"https:\\\/\\\/www.holy-supps.nl\\\/wp-content\\\/uploads\\\/2023\\\/06\\\/HOLY-SUPPS.png\",\"contentUrl\":\"https:\\\/\\\/www.holy-supps.nl\\\/wp-content\\\/uploads\\\/2023\\\/06\\\/HOLY-SUPPS.png\",\"width\":1000,\"height\":400,\"caption\":\"Holy Supps\"},\"image\":{\"@id\":\"https:\\\/\\\/www.holy-supps.nl\\\/#\\\/schema\\\/logo\\\/image\\\/\"},\"sameAs\":[\"https:\\\/\\\/www.facebook.com\\\/holy.supps\",\"https:\\\/\\\/www.instagram.com\\\/holy.supps.shop\\\/\"]}]}<\/script>\n<!-- \/ Yoast SEO plugin. -->","yoast_head_json":{"title":"Crea-8 | Creatina Monohidrato - EHPLabs - Holy-Supps.co.uk","description":"Mejora la fuerza y la masa muscular con Crea-8 de EHPLabs. 100% monohidrato de creatina pura para un rendimiento y recuperaci\u00f3n \u00f3ptimos.","robots":{"index":"index","follow":"follow","max-snippet":"max-snippet:-1","max-image-preview":"max-image-preview:large","max-video-preview":"max-video-preview:-1"},"canonical":"https:\/\/www.holy-supps.nl\/es\/producto\/crea-8-creatina-monohidrato-ehplabs\/","og_locale":"es_ES","og_type":"article","og_title":"Crea-8 | Creatine Monohydrate - EHPLabs - Holy-Supps.nl","og_description":"Verbeter kracht en spiermassa met Crea-8 van EHPLabs. 100% puur creatine-monohydraat voor optimale prestaties en herstel.","og_url":"https:\/\/www.holy-supps.nl\/es\/producto\/crea-8-creatina-monohidrato-ehplabs\/","og_site_name":"Holy-Supps.nl","article_publisher":"https:\/\/www.facebook.com\/holy.supps","article_modified_time":"2026-05-13T09:39:54+00:00","og_image":[{"width":1000,"height":1000,"url":"https:\/\/www.holy-supps.nl\/wp-content\/uploads\/2023\/03\/RAW-CRE1.webp","type":"image\/webp"}],"twitter_card":"summary_large_image","twitter_misc":{"Tiempo de lectura":"1 minuto"},"schema":{"@context":"https:\/\/schema.org","@graph":[{"@type":"WebPage","@id":"https:\/\/www.holy-supps.nl\/product\/crea-8-creatine-monohydrate-ehplabs-2\/","url":"https:\/\/www.holy-supps.nl\/product\/crea-8-creatine-monohydrate-ehplabs-2\/","name":"Crea-8 | Creatina Monohidrato - EHPLabs - Holy-Supps.co.uk","isPartOf":{"@id":"https:\/\/www.holy-supps.nl\/#website"},"primaryImageOfPage":{"@id":"https:\/\/www.holy-supps.nl\/product\/crea-8-creatine-monohydrate-ehplabs-2\/#primaryimage"},"image":{"@id":"https:\/\/www.holy-supps.nl\/product\/crea-8-creatine-monohydrate-ehplabs-2\/#primaryimage"},"thumbnailUrl":"https:\/\/www.holy-supps.nl\/wp-content\/uploads\/2023\/03\/RAW-CRE1.webp","datePublished":"2023-03-04T14:00:57+00:00","dateModified":"2026-05-13T09:39:54+00:00","description":"Mejora la fuerza y la masa muscular con Crea-8 de EHPLabs. 100% monohidrato de creatina pura para un rendimiento y recuperaci\u00f3n \u00f3ptimos.","breadcrumb":{"@id":"https:\/\/www.holy-supps.nl\/product\/crea-8-creatine-monohydrate-ehplabs-2\/#breadcrumb"},"inLanguage":"es","potentialAction":[{"@type":"ReadAction","target":["https:\/\/www.holy-supps.nl\/product\/crea-8-creatine-monohydrate-ehplabs-2\/"]}]},{"@type":"ImageObject","inLanguage":"es","@id":"https:\/\/www.holy-supps.nl\/product\/crea-8-creatine-monohydrate-ehplabs-2\/#primaryimage","url":"https:\/\/www.holy-supps.nl\/wp-content\/uploads\/2023\/03\/RAW-CRE1.webp","contentUrl":"https:\/\/www.holy-supps.nl\/wp-content\/uploads\/2023\/03\/RAW-CRE1.webp","width":1000,"height":1000},{"@type":"BreadcrumbList","@id":"https:\/\/www.holy-supps.nl\/product\/crea-8-creatine-monohydrate-ehplabs-2\/#breadcrumb","itemListElement":[{"@type":"ListItem","position":1,"name":"Home","item":"https:\/\/www.holy-supps.nl\/"},{"@type":"ListItem","position":2,"name":"Winkel","item":"https:\/\/www.holy-supps.nl\/winkel\/"},{"@type":"ListItem","position":3,"name":"Crea-8 | Creatine Monohydrate &#8211; EHPLabs"}]},{"@type":"WebSite","@id":"https:\/\/www.holy-supps.nl\/#website","url":"https:\/\/www.holy-supps.nl\/","name":"Holy-Supps.es","description":"\u00a1Distribuidor oficial de EHPLabs!","publisher":{"@id":"https:\/\/www.holy-supps.nl\/#organization"},"potentialAction":[{"@type":"SearchAction","target":{"@type":"EntryPoint","urlTemplate":"https:\/\/www.holy-supps.nl\/?s={search_term_string}"},"query-input":{"@type":"PropertyValueSpecification","valueRequired":true,"valueName":"search_term_string"}}],"inLanguage":"es"},{"@type":"Organization","@id":"https:\/\/www.holy-supps.nl\/#organization","name":"Santa Cena","url":"https:\/\/www.holy-supps.nl\/","logo":{"@type":"ImageObject","inLanguage":"es","@id":"https:\/\/www.holy-supps.nl\/#\/schema\/logo\/image\/","url":"https:\/\/www.holy-supps.nl\/wp-content\/uploads\/2023\/06\/HOLY-SUPPS.png","contentUrl":"https:\/\/www.holy-supps.nl\/wp-content\/uploads\/2023\/06\/HOLY-SUPPS.png","width":1000,"height":400,"caption":"Holy Supps"},"image":{"@id":"https:\/\/www.holy-supps.nl\/#\/schema\/logo\/image\/"},"sameAs":["https:\/\/www.facebook.com\/holy.supps","https:\/\/www.instagram.com\/holy.supps.shop\/"]}]}},"jetpack_sharing_enabled":true,"_links":{"self":[{"href":"https:\/\/www.holy-supps.nl\/es\/wp-json\/wp\/v2\/product\/164","targetHints":{"allow":["GET"]}}],"collection":[{"href":"https:\/\/www.holy-supps.nl\/es\/wp-json\/wp\/v2\/product"}],"about":[{"href":"https:\/\/www.holy-supps.nl\/es\/wp-json\/wp\/v2\/types\/product"}],"replies":[{"embeddable":true,"href":"https:\/\/www.holy-supps.nl\/es\/wp-json\/wp\/v2\/comments?post=164"}],"wp:featuredmedia":[{"embeddable":true,"href":"https:\/\/www.holy-supps.nl\/es\/wp-json\/wp\/v2\/media\/165"}],"wp:attachment":[{"href":"https:\/\/www.holy-supps.nl\/es\/wp-json\/wp\/v2\/media?parent=164"}],"wp:term":[{"taxonomy":"product_brand","embeddable":true,"href":"https:\/\/www.holy-supps.nl\/es\/wp-json\/wp\/v2\/product_brand?post=164"},{"taxonomy":"product_cat","embeddable":true,"href":"https:\/\/www.holy-supps.nl\/es\/wp-json\/wp\/v2\/product_cat?post=164"},{"taxonomy":"product_tag","embeddable":true,"href":"https:\/\/www.holy-supps.nl\/es\/wp-json\/wp\/v2\/product_tag?post=164"}],"curies":[{"name":"wp","href":"https:\/\/api.w.org\/{rel}","templated":true}]}}