{"id":1540,"date":"2023-10-23T09:15:40","date_gmt":"2023-10-23T07:15:40","guid":{"rendered":"https:\/\/www.holy-supps.nl\/?post_type=product&#038;p=1540"},"modified":"2025-10-22T14:19:02","modified_gmt":"2025-10-22T12:19:02","slug":"oxyshred-ultra-energy-drink-rtd-355ml","status":"publish","type":"product","link":"https:\/\/www.holy-supps.nl\/es\/product\/oxyshred-ultra-energy-drink-rtd-355ml\/","title":{"rendered":"OxyShred Ultra Energy Drink RTD - 355ML"},"content":{"rendered":"<div>\n<p data-start=\"209\" data-end=\"351\">OxyShred Ultra Energy is een suikervrije drankmix met cafe\u00efne, plantenextracten, aminozuren en een mix van toegevoegde vitamines en mineralen.<\/p>\n<p data-start=\"353\" data-end=\"380\"><strong data-start=\"353\" data-end=\"378\">Kernpunten (neutraal)<\/strong><\/p>\n<ul data-start=\"381\" data-end=\"656\">\n<li data-start=\"381\" data-end=\"496\">\n<p data-start=\"383\" data-end=\"496\">Bevat verschillende bronnen van cafe\u00efne (waaronder watervrije cafe\u00efne, guarana-extract en groene thee-extract).<\/p>\n<\/li>\n<li data-start=\"497\" data-end=\"571\">\n<p data-start=\"499\" data-end=\"571\">Bevat onder andere L-carnitine, taurine, tyrosine, chroom en inositol.<\/p>\n<\/li>\n<li data-start=\"572\" data-end=\"620\">\n<p data-start=\"574\" data-end=\"620\">Bevat een mix van B-vitaminen en vitamine C.<\/p>\n<\/li>\n<li data-start=\"621\" data-end=\"656\">\n<p data-start=\"623\" data-end=\"656\">Suikervrij (zie voedingswaarden).<\/p>\n<\/li>\n<\/ul>\n<p data-start=\"658\" data-end=\"828\"><strong data-start=\"658\" data-end=\"669\">Utilice<\/strong><br data-start=\"669\" data-end=\"672\" \/>Aanbevolen gebruik: bij voorkeur 20 minuten v\u00f3\u00f3r een trainingssessie. Volg de doseringsinstructies op het etiket en overschrijd de aanbevolen dosering niet.<\/p>\n<p data-start=\"830\" data-end=\"888\"><strong data-start=\"830\" data-end=\"886\">Voedingswaarden (per portie; voorbeeld \/ indicatief)<\/strong><\/p>\n<ul data-start=\"889\" data-end=\"1377\">\n<li data-start=\"889\" data-end=\"911\">\n<p data-start=\"891\" data-end=\"911\">Calorie\u00ebn: 0 kcal*<\/p>\n<\/li>\n<li data-start=\"912\" data-end=\"931\">\n<p data-start=\"914\" data-end=\"931\">Vet totaal: 0 g<\/p>\n<\/li>\n<li data-start=\"932\" data-end=\"954\">\n<p data-start=\"934\" data-end=\"954\">Verzadigd vet: 0 g<\/p>\n<\/li>\n<li data-start=\"955\" data-end=\"984\">\n<p data-start=\"957\" data-end=\"984\">Koolhydraten totaal: &lt;1 g<\/p>\n<\/li>\n<li data-start=\"985\" data-end=\"1000\">\n<p data-start=\"987\" data-end=\"1000\">Vezels: 0 g<\/p>\n<\/li>\n<li data-start=\"1001\" data-end=\"1051\">\n<p data-start=\"1003\" data-end=\"1051\">Suikers: 0 g (waarvan toegevoegde suikers 0 g)<\/p>\n<\/li>\n<li data-start=\"1052\" data-end=\"1066\">\n<p data-start=\"1054\" data-end=\"1066\">Eiwit: 0 g<\/p>\n<\/li>\n<li data-start=\"1067\" data-end=\"1085\">\n<p data-start=\"1069\" data-end=\"1085\">Natrium: 20 mg<\/p>\n<\/li>\n<li data-start=\"1086\" data-end=\"1103\">\n<p data-start=\"1088\" data-end=\"1103\">Kalium: 20 mg<\/p>\n<\/li>\n<li data-start=\"1104\" data-end=\"1135\">\n<p data-start=\"1106\" data-end=\"1135\">Vitamine C: 50 mg (\u224860% DV)<\/p>\n<\/li>\n<li data-start=\"1136\" data-end=\"1170\">\n<p data-start=\"1138\" data-end=\"1170\">Thiamine (B1): 4 mg (\u2248330% DV)<\/p>\n<\/li>\n<li data-start=\"1171\" data-end=\"1208\">\n<p data-start=\"1173\" data-end=\"1208\">Riboflavine (B2): 2 mg (\u2248150% DV)<\/p>\n<\/li>\n<li data-start=\"1209\" data-end=\"1243\">\n<p data-start=\"1211\" data-end=\"1243\">Niacine (B3): 40 mg (\u2248250% DV)<\/p>\n<\/li>\n<li data-start=\"1244\" data-end=\"1275\">\n<p data-start=\"1246\" data-end=\"1275\">Vitamine B6: 1 mg (\u224860% DV)<\/p>\n<\/li>\n<li data-start=\"1276\" data-end=\"1310\">\n<p data-start=\"1278\" data-end=\"1310\">Vitamine B12: 10 \u00b5g (\u2248420% DV)<\/p>\n<\/li>\n<li data-start=\"1311\" data-end=\"1350\">\n<p data-start=\"1313\" data-end=\"1350\">Pantotheenzuur (B5): 2 mg (\u224840% DV)<\/p>\n<\/li>\n<li data-start=\"1351\" data-end=\"1377\">\n<p data-start=\"1353\" data-end=\"1377\">Chroom: 50 \u00b5g (\u2248140% DV)<\/p>\n<\/li>\n<\/ul>\n<p data-start=\"1379\" data-end=\"1433\">*Indicatie; raadpleeg het etiket voor exacte waarden.<\/p>\n<p data-start=\"1435\" data-end=\"1656\"><strong data-start=\"1435\" data-end=\"1478\">Belangrijke ingredi\u00ebnten (samenvatting)<\/strong><br data-start=\"1478\" data-end=\"1481\" \/>Watervrije cafe\u00efne, guarana-extract, groene thee-extract, L-carnitine, taurine, tyrosine, chroom, inositol, mengsel van B-vitaminen en vitamine C, smaakstoffen en zoetstoffen.<\/p>\n<\/div>","protected":false},"excerpt":{"rendered":"<p>OxyShred Ultra Energy is een licht koolzuurhoudende, kant-en-klare energiedrank van EHPlabs. Geen shaker nodig \u2014 pak, drink en ga door met je dag. Verkrijgbaar in 8 smaken.<\/p>","protected":false},"featured_media":1553,"comment_status":"closed","ping_status":"closed","template":"","meta":[],"product_brand":[],"product_cat":[89,93,80,149,72,87,205,69,74,71,88,81,82,92,78],"product_tag":[],"class_list":{"0":"post-1540","1":"product","2":"type-product","3":"status-publish","4":"has-post-thumbnail","6":"product_cat-afvallen","7":"product_cat-bars-snacks","8":"product_cat-doel","9":"product_cat-ehplabs-vegan-merken","10":"product_cat-ehplabs","11":"product_cat-energie-focus","12":"product_cat-export","13":"product_cat-fatburners","14":"product_cat-health-wellness","15":"product_cat-merken","16":"product_cat-pre-workout-2","17":"product_cat-spieropbouw","18":"product_cat-vegan-merken","19":"product_cat-vitamine-mineralen","20":"product_cat-voeding-snacks","22":"first","23":"outofstock","24":"taxable","25":"shipping-taxable","26":"purchasable","27":"product-type-variable"},"yoast_head":"<!-- This site is optimized with the Yoast SEO plugin v27.3 - https:\/\/yoast.com\/product\/yoast-seo-wordpress\/ -->\n<title>OxyShred Ultra Energy Drink RTD - 355ML - Holy-Supps.nl<\/title>\n<meta name=\"description\" content=\"OxyShred Ultra Energy Drink: Suikervrij, energie-boostend drankje met vetverbranders, vitamines en no\u00f6tropica. Verhoog focus, energie en vetverlies!\" \/>\n<meta name=\"robots\" content=\"index, follow, max-snippet:-1, max-image-preview:large, max-video-preview:-1\" \/>\n<link rel=\"canonical\" href=\"https:\/\/www.holy-supps.nl\/es\/producto\/oxyshred-ultra-energy-drink-rtd-355ml\/\" \/>\n<meta property=\"og:locale\" content=\"es_ES\" \/>\n<meta property=\"og:type\" content=\"article\" \/>\n<meta property=\"og:title\" content=\"OxyShred Ultra Energy Drink RTD - 355ML - Holy-Supps.nl\" \/>\n<meta property=\"og:description\" content=\"OxyShred Ultra Energy Drink: Suikervrij, energie-boostend drankje met vetverbranders, vitamines en no\u00f6tropica. Verhoog focus, energie en vetverlies!\" \/>\n<meta property=\"og:url\" content=\"https:\/\/www.holy-supps.nl\/es\/producto\/oxyshred-ultra-energy-drink-rtd-355ml\/\" \/>\n<meta property=\"og:site_name\" content=\"Holy-Supps.nl\" \/>\n<meta property=\"article:publisher\" content=\"https:\/\/www.facebook.com\/holy.supps\" \/>\n<meta property=\"article:modified_time\" content=\"2025-10-22T12:19:02+00:00\" \/>\n<meta property=\"og:image\" content=\"https:\/\/www.holy-supps.nl\/wp-content\/uploads\/2023\/10\/RTD_Product_Image_BAHAMA_BREEZE2.webp\" \/>\n\t<meta property=\"og:image:width\" content=\"1000\" \/>\n\t<meta property=\"og:image:height\" content=\"1000\" \/>\n\t<meta property=\"og:image:type\" content=\"image\/webp\" \/>\n<meta name=\"twitter:card\" content=\"summary_large_image\" \/>\n<meta name=\"twitter:label1\" content=\"Tiempo de lectura\" \/>\n\t<meta name=\"twitter:data1\" content=\"4 minutos\" \/>\n<script type=\"application\/ld+json\" class=\"yoast-schema-graph\">{\"@context\":\"https:\\\/\\\/schema.org\",\"@graph\":[{\"@type\":\"WebPage\",\"@id\":\"https:\\\/\\\/www.holy-supps.nl\\\/product\\\/oxyshred-ultra-energy-drink-rtd-355ml\\\/\",\"url\":\"https:\\\/\\\/www.holy-supps.nl\\\/product\\\/oxyshred-ultra-energy-drink-rtd-355ml\\\/\",\"name\":\"OxyShred Ultra Energy Drink RTD - 355ML - Holy-Supps.nl\",\"isPartOf\":{\"@id\":\"https:\\\/\\\/www.holy-supps.nl\\\/#website\"},\"primaryImageOfPage\":{\"@id\":\"https:\\\/\\\/www.holy-supps.nl\\\/product\\\/oxyshred-ultra-energy-drink-rtd-355ml\\\/#primaryimage\"},\"image\":{\"@id\":\"https:\\\/\\\/www.holy-supps.nl\\\/product\\\/oxyshred-ultra-energy-drink-rtd-355ml\\\/#primaryimage\"},\"thumbnailUrl\":\"https:\\\/\\\/www.holy-supps.nl\\\/wp-content\\\/uploads\\\/2023\\\/10\\\/RTD_Product_Image_BAHAMA_BREEZE2.webp\",\"datePublished\":\"2023-10-23T07:15:40+00:00\",\"dateModified\":\"2025-10-22T12:19:02+00:00\",\"description\":\"OxyShred Ultra Energy Drink: Suikervrij, energie-boostend drankje met vetverbranders, vitamines en no\u00f6tropica. Verhoog focus, energie en vetverlies!\",\"breadcrumb\":{\"@id\":\"https:\\\/\\\/www.holy-supps.nl\\\/product\\\/oxyshred-ultra-energy-drink-rtd-355ml\\\/#breadcrumb\"},\"inLanguage\":\"es\",\"potentialAction\":[{\"@type\":\"ReadAction\",\"target\":[\"https:\\\/\\\/www.holy-supps.nl\\\/product\\\/oxyshred-ultra-energy-drink-rtd-355ml\\\/\"]}]},{\"@type\":\"ImageObject\",\"inLanguage\":\"es\",\"@id\":\"https:\\\/\\\/www.holy-supps.nl\\\/product\\\/oxyshred-ultra-energy-drink-rtd-355ml\\\/#primaryimage\",\"url\":\"https:\\\/\\\/www.holy-supps.nl\\\/wp-content\\\/uploads\\\/2023\\\/10\\\/RTD_Product_Image_BAHAMA_BREEZE2.webp\",\"contentUrl\":\"https:\\\/\\\/www.holy-supps.nl\\\/wp-content\\\/uploads\\\/2023\\\/10\\\/RTD_Product_Image_BAHAMA_BREEZE2.webp\",\"width\":1000,\"height\":1000},{\"@type\":\"BreadcrumbList\",\"@id\":\"https:\\\/\\\/www.holy-supps.nl\\\/product\\\/oxyshred-ultra-energy-drink-rtd-355ml\\\/#breadcrumb\",\"itemListElement\":[{\"@type\":\"ListItem\",\"position\":1,\"name\":\"Home\",\"item\":\"https:\\\/\\\/www.holy-supps.nl\\\/\"},{\"@type\":\"ListItem\",\"position\":2,\"name\":\"Winkel\",\"item\":\"https:\\\/\\\/www.holy-supps.nl\\\/winkel\\\/\"},{\"@type\":\"ListItem\",\"position\":3,\"name\":\"OxyShred Ultra Energy Drink RTD &#8211; 355ML\"}]},{\"@type\":\"WebSite\",\"@id\":\"https:\\\/\\\/www.holy-supps.nl\\\/#website\",\"url\":\"https:\\\/\\\/www.holy-supps.nl\\\/\",\"name\":\"Holy-Supps.nl\",\"description\":\"Official EHPLabs Reseller!\",\"publisher\":{\"@id\":\"https:\\\/\\\/www.holy-supps.nl\\\/#organization\"},\"potentialAction\":[{\"@type\":\"SearchAction\",\"target\":{\"@type\":\"EntryPoint\",\"urlTemplate\":\"https:\\\/\\\/www.holy-supps.nl\\\/?s={search_term_string}\"},\"query-input\":{\"@type\":\"PropertyValueSpecification\",\"valueRequired\":true,\"valueName\":\"search_term_string\"}}],\"inLanguage\":\"es\"},{\"@type\":\"Organization\",\"@id\":\"https:\\\/\\\/www.holy-supps.nl\\\/#organization\",\"name\":\"Holy Supps\",\"url\":\"https:\\\/\\\/www.holy-supps.nl\\\/\",\"logo\":{\"@type\":\"ImageObject\",\"inLanguage\":\"es\",\"@id\":\"https:\\\/\\\/www.holy-supps.nl\\\/#\\\/schema\\\/logo\\\/image\\\/\",\"url\":\"https:\\\/\\\/www.holy-supps.nl\\\/wp-content\\\/uploads\\\/2023\\\/06\\\/HOLY-SUPPS.png\",\"contentUrl\":\"https:\\\/\\\/www.holy-supps.nl\\\/wp-content\\\/uploads\\\/2023\\\/06\\\/HOLY-SUPPS.png\",\"width\":1000,\"height\":400,\"caption\":\"Holy Supps\"},\"image\":{\"@id\":\"https:\\\/\\\/www.holy-supps.nl\\\/#\\\/schema\\\/logo\\\/image\\\/\"},\"sameAs\":[\"https:\\\/\\\/www.facebook.com\\\/holy.supps\",\"https:\\\/\\\/www.instagram.com\\\/holy.supps.shop\\\/\"]}]}<\/script>\n<!-- \/ Yoast SEO plugin. -->","yoast_head_json":{"title":"OxyShred Ultra Energy Drink RTD - 355ML - Holy-Supps.co.uk","description":"OxyShred Ultra Energy Drink: Bebida energ\u00e9tica sin az\u00facar con quemadores de grasa, vitaminas y nootr\u00f3picos. \u00a1Aumenta la concentraci\u00f3n, la energ\u00eda y la p\u00e9rdida de grasa!","robots":{"index":"index","follow":"follow","max-snippet":"max-snippet:-1","max-image-preview":"max-image-preview:large","max-video-preview":"max-video-preview:-1"},"canonical":"https:\/\/www.holy-supps.nl\/es\/producto\/oxyshred-ultra-energy-drink-rtd-355ml\/","og_locale":"es_ES","og_type":"article","og_title":"OxyShred Ultra Energy Drink RTD - 355ML - Holy-Supps.nl","og_description":"OxyShred Ultra Energy Drink: Suikervrij, energie-boostend drankje met vetverbranders, vitamines en no\u00f6tropica. Verhoog focus, energie en vetverlies!","og_url":"https:\/\/www.holy-supps.nl\/es\/producto\/oxyshred-ultra-energy-drink-rtd-355ml\/","og_site_name":"Holy-Supps.nl","article_publisher":"https:\/\/www.facebook.com\/holy.supps","article_modified_time":"2025-10-22T12:19:02+00:00","og_image":[{"width":1000,"height":1000,"url":"https:\/\/www.holy-supps.nl\/wp-content\/uploads\/2023\/10\/RTD_Product_Image_BAHAMA_BREEZE2.webp","type":"image\/webp"}],"twitter_card":"summary_large_image","twitter_misc":{"Tiempo de lectura":"4 minutos"},"schema":{"@context":"https:\/\/schema.org","@graph":[{"@type":"WebPage","@id":"https:\/\/www.holy-supps.nl\/product\/oxyshred-ultra-energy-drink-rtd-355ml\/","url":"https:\/\/www.holy-supps.nl\/product\/oxyshred-ultra-energy-drink-rtd-355ml\/","name":"OxyShred Ultra Energy Drink RTD - 355ML - Holy-Supps.co.uk","isPartOf":{"@id":"https:\/\/www.holy-supps.nl\/#website"},"primaryImageOfPage":{"@id":"https:\/\/www.holy-supps.nl\/product\/oxyshred-ultra-energy-drink-rtd-355ml\/#primaryimage"},"image":{"@id":"https:\/\/www.holy-supps.nl\/product\/oxyshred-ultra-energy-drink-rtd-355ml\/#primaryimage"},"thumbnailUrl":"https:\/\/www.holy-supps.nl\/wp-content\/uploads\/2023\/10\/RTD_Product_Image_BAHAMA_BREEZE2.webp","datePublished":"2023-10-23T07:15:40+00:00","dateModified":"2025-10-22T12:19:02+00:00","description":"OxyShred Ultra Energy Drink: Bebida energ\u00e9tica sin az\u00facar con quemadores de grasa, vitaminas y nootr\u00f3picos. \u00a1Aumenta la concentraci\u00f3n, la energ\u00eda y la p\u00e9rdida de grasa!","breadcrumb":{"@id":"https:\/\/www.holy-supps.nl\/product\/oxyshred-ultra-energy-drink-rtd-355ml\/#breadcrumb"},"inLanguage":"es","potentialAction":[{"@type":"ReadAction","target":["https:\/\/www.holy-supps.nl\/product\/oxyshred-ultra-energy-drink-rtd-355ml\/"]}]},{"@type":"ImageObject","inLanguage":"es","@id":"https:\/\/www.holy-supps.nl\/product\/oxyshred-ultra-energy-drink-rtd-355ml\/#primaryimage","url":"https:\/\/www.holy-supps.nl\/wp-content\/uploads\/2023\/10\/RTD_Product_Image_BAHAMA_BREEZE2.webp","contentUrl":"https:\/\/www.holy-supps.nl\/wp-content\/uploads\/2023\/10\/RTD_Product_Image_BAHAMA_BREEZE2.webp","width":1000,"height":1000},{"@type":"BreadcrumbList","@id":"https:\/\/www.holy-supps.nl\/product\/oxyshred-ultra-energy-drink-rtd-355ml\/#breadcrumb","itemListElement":[{"@type":"ListItem","position":1,"name":"Home","item":"https:\/\/www.holy-supps.nl\/"},{"@type":"ListItem","position":2,"name":"Winkel","item":"https:\/\/www.holy-supps.nl\/winkel\/"},{"@type":"ListItem","position":3,"name":"OxyShred Ultra Energy Drink RTD &#8211; 355ML"}]},{"@type":"WebSite","@id":"https:\/\/www.holy-supps.nl\/#website","url":"https:\/\/www.holy-supps.nl\/","name":"Holy-Supps.es","description":"\u00a1Distribuidor oficial de EHPLabs!","publisher":{"@id":"https:\/\/www.holy-supps.nl\/#organization"},"potentialAction":[{"@type":"SearchAction","target":{"@type":"EntryPoint","urlTemplate":"https:\/\/www.holy-supps.nl\/?s={search_term_string}"},"query-input":{"@type":"PropertyValueSpecification","valueRequired":true,"valueName":"search_term_string"}}],"inLanguage":"es"},{"@type":"Organization","@id":"https:\/\/www.holy-supps.nl\/#organization","name":"Santa Cena","url":"https:\/\/www.holy-supps.nl\/","logo":{"@type":"ImageObject","inLanguage":"es","@id":"https:\/\/www.holy-supps.nl\/#\/schema\/logo\/image\/","url":"https:\/\/www.holy-supps.nl\/wp-content\/uploads\/2023\/06\/HOLY-SUPPS.png","contentUrl":"https:\/\/www.holy-supps.nl\/wp-content\/uploads\/2023\/06\/HOLY-SUPPS.png","width":1000,"height":400,"caption":"Holy Supps"},"image":{"@id":"https:\/\/www.holy-supps.nl\/#\/schema\/logo\/image\/"},"sameAs":["https:\/\/www.facebook.com\/holy.supps","https:\/\/www.instagram.com\/holy.supps.shop\/"]}]}},"jetpack_sharing_enabled":true,"_links":{"self":[{"href":"https:\/\/www.holy-supps.nl\/es\/wp-json\/wp\/v2\/product\/1540","targetHints":{"allow":["GET"]}}],"collection":[{"href":"https:\/\/www.holy-supps.nl\/es\/wp-json\/wp\/v2\/product"}],"about":[{"href":"https:\/\/www.holy-supps.nl\/es\/wp-json\/wp\/v2\/types\/product"}],"replies":[{"embeddable":true,"href":"https:\/\/www.holy-supps.nl\/es\/wp-json\/wp\/v2\/comments?post=1540"}],"wp:featuredmedia":[{"embeddable":true,"href":"https:\/\/www.holy-supps.nl\/es\/wp-json\/wp\/v2\/media\/1553"}],"wp:attachment":[{"href":"https:\/\/www.holy-supps.nl\/es\/wp-json\/wp\/v2\/media?parent=1540"}],"wp:term":[{"taxonomy":"product_brand","embeddable":true,"href":"https:\/\/www.holy-supps.nl\/es\/wp-json\/wp\/v2\/product_brand?post=1540"},{"taxonomy":"product_cat","embeddable":true,"href":"https:\/\/www.holy-supps.nl\/es\/wp-json\/wp\/v2\/product_cat?post=1540"},{"taxonomy":"product_tag","embeddable":true,"href":"https:\/\/www.holy-supps.nl\/es\/wp-json\/wp\/v2\/product_tag?post=1540"}],"curies":[{"name":"wp","href":"https:\/\/api.w.org\/{rel}","templated":true}]}}