{"id":1539,"date":"2023-10-23T09:15:40","date_gmt":"2023-10-23T07:15:40","guid":{"rendered":"https:\/\/www.holy-supps.nl\/?post_type=product&#038;p=1539"},"modified":"2025-08-26T15:08:17","modified_gmt":"2025-08-26T13:08:17","slug":"blessed-plant-protein-bars-12-pack","status":"publish","type":"product","link":"https:\/\/www.holy-supps.nl\/es\/product\/blessed-plant-protein-bars-12-pack\/","title":{"rendered":"Barritas de prote\u00ednas vegetales Blessed (paquete de 12)"},"content":{"rendered":"<p>Entendemos que exiges mucho a los alimentos que consumes. Por eso hemos creado la barrita Blessed Plant Protein, la mezcla perfecta de sabor, textura y nutrici\u00f3n.<\/p>\n<h1>\u00bfCu\u00e1les son las principales caracter\u00edsticas de Blessed Plant Protein Bar?<\/h1>\n<ul>\n<li>23% prote\u00edna vegetal<\/li>\n<li>Apto para veganos<\/li>\n<li>Sin gluten<\/li>\n<li>No OMG<\/li>\n<\/ul>\n<h1>\u00bfQu\u00e9 nos diferencia de otras barritas de prote\u00ednas?<\/h1>\n<p>Lo que realmente diferencia a nuestras barritas de prote\u00ednas es su sabor y textura. Olv\u00eddese de las barritas calc\u00e1reas y neutras con un regusto extra\u00f1o: nuestras barritas est\u00e1n cuidadosamente formuladas para ofrecer un bocado delicioso que querr\u00e1 tomar una y otra vez. \u00bfY lo mejor? Puedes disfrutar de un tentempi\u00e9 libre de culpa que se adapta a un estilo de vida consciente.<\/p>\n<p>Nuestro producto es ideal para estudiantes, profesionales en activo y personas preocupadas por su salud que buscan un tentempi\u00e9 nutritivo y delicioso. Puede tomar la barrita Blessed Plant Protein como tentempi\u00e9, antes o despu\u00e9s de hacer ejercicio, a la hora de comer o como desayuno r\u00e1pido sobre la marcha. Tanto si vas de camino a tu pr\u00f3xima cita como si est\u00e1s superando una larga jornada laboral, esta barrita encajar\u00e1 perfectamente en tu d\u00eda a d\u00eda.<\/p>\n<p>La Barrita de Prote\u00ednas Vegetales Blessed es una excelente opci\u00f3n para cualquiera que busque una alternativa sabrosa y vegetal a los tentempi\u00e9s tradicionales. Con su sabor intenso, su textura suave y sus ingredientes cuidadosamente seleccionados, se convertir\u00e1 r\u00e1pidamente en tu tentempi\u00e9 favorito. Pru\u00e9bela hoy mismo y descubra por qu\u00e9 tantos clientes hablan maravillas de este producto.<\/p>\n<h1>Utilice<\/h1>\n<p>Consuma 1 barrita cuando quiera durante el d\u00eda. Es un c\u00f3modo sustituto de un tentempi\u00e9 tradicional.<\/p>","protected":false},"excerpt":{"rendered":"<p>Te presentamos la Barrita de Prote\u00ednas Vegetales Blessed, \u00a1el tentempi\u00e9 definitivo que combina lo sano y lo delicioso!<\/p>","protected":false},"featured_media":1552,"comment_status":"closed","ping_status":"closed","template":"","meta":[],"product_brand":[],"product_cat":[93,150,72,87,205,81,78],"product_tag":[],"class_list":{"0":"post-1539","1":"product","2":"type-product","3":"status-publish","4":"has-post-thumbnail","6":"product_cat-bars-snacks","7":"product_cat-blessed","8":"product_cat-ehplabs","9":"product_cat-energie-focus","10":"product_cat-export","11":"product_cat-spieropbouw","12":"product_cat-voeding-snacks","14":"first","15":"outofstock","16":"taxable","17":"shipping-taxable","18":"purchasable","19":"product-type-variable"},"yoast_head":"<!-- This site is optimized with the Yoast SEO plugin v27.5 - https:\/\/yoast.com\/product\/yoast-seo-wordpress\/ -->\n<title>Blessed Plant Protein Bars (12-pack) - Holy-Supps.nl<\/title>\n<meta name=\"description\" content=\"Geniet van heerlijke Blessed Plant Protein Bars (12-pack) met 23% plantaardig eiwit, vegan, glutenvrij en zonder schuldgevoelens. Perfect voor onderweg!\" \/>\n<meta name=\"robots\" content=\"index, follow, max-snippet:-1, max-image-preview:large, max-video-preview:-1\" \/>\n<link rel=\"canonical\" href=\"https:\/\/www.holy-supps.nl\/es\/producto\/blessed-plant-protein-bars-12-pack\/\" \/>\n<meta property=\"og:locale\" content=\"es_ES\" \/>\n<meta property=\"og:type\" content=\"article\" \/>\n<meta property=\"og:title\" content=\"Blessed Plant Protein Bars (12-pack) - Holy-Supps.nl\" \/>\n<meta property=\"og:description\" content=\"Geniet van heerlijke Blessed Plant Protein Bars (12-pack) met 23% plantaardig eiwit, vegan, glutenvrij en zonder schuldgevoelens. Perfect voor onderweg!\" \/>\n<meta property=\"og:url\" content=\"https:\/\/www.holy-supps.nl\/es\/producto\/blessed-plant-protein-bars-12-pack\/\" \/>\n<meta property=\"og:site_name\" content=\"Holy-Supps.nl\" \/>\n<meta property=\"article:publisher\" content=\"https:\/\/www.facebook.com\/holy.supps\" \/>\n<meta property=\"article:modified_time\" content=\"2025-08-26T13:08:17+00:00\" \/>\n<meta property=\"og:image\" content=\"https:\/\/www.holy-supps.nl\/wp-content\/uploads\/2023\/10\/Blessed-Plant-Protein-Bar-Choc-Raspberry_1.webp\" \/>\n\t<meta property=\"og:image:width\" content=\"1000\" \/>\n\t<meta property=\"og:image:height\" content=\"1000\" \/>\n\t<meta property=\"og:image:type\" content=\"image\/webp\" \/>\n<meta name=\"twitter:card\" content=\"summary_large_image\" \/>\n<meta name=\"twitter:label1\" content=\"Tiempo de lectura\" \/>\n\t<meta name=\"twitter:data1\" content=\"5 minutos\" \/>\n<script type=\"application\/ld+json\" class=\"yoast-schema-graph\">{\"@context\":\"https:\\\/\\\/schema.org\",\"@graph\":[{\"@type\":\"WebPage\",\"@id\":\"https:\\\/\\\/www.holy-supps.nl\\\/product\\\/blessed-plant-protein-bars-12-pack\\\/\",\"url\":\"https:\\\/\\\/www.holy-supps.nl\\\/product\\\/blessed-plant-protein-bars-12-pack\\\/\",\"name\":\"Blessed Plant Protein Bars (12-pack) - Holy-Supps.nl\",\"isPartOf\":{\"@id\":\"https:\\\/\\\/www.holy-supps.nl\\\/#website\"},\"primaryImageOfPage\":{\"@id\":\"https:\\\/\\\/www.holy-supps.nl\\\/product\\\/blessed-plant-protein-bars-12-pack\\\/#primaryimage\"},\"image\":{\"@id\":\"https:\\\/\\\/www.holy-supps.nl\\\/product\\\/blessed-plant-protein-bars-12-pack\\\/#primaryimage\"},\"thumbnailUrl\":\"https:\\\/\\\/www.holy-supps.nl\\\/wp-content\\\/uploads\\\/2023\\\/10\\\/Blessed-Plant-Protein-Bar-Choc-Raspberry_1.webp\",\"datePublished\":\"2023-10-23T07:15:40+00:00\",\"dateModified\":\"2025-08-26T13:08:17+00:00\",\"description\":\"Geniet van heerlijke Blessed Plant Protein Bars (12-pack) met 23% plantaardig eiwit, vegan, glutenvrij en zonder schuldgevoelens. Perfect voor onderweg!\",\"breadcrumb\":{\"@id\":\"https:\\\/\\\/www.holy-supps.nl\\\/product\\\/blessed-plant-protein-bars-12-pack\\\/#breadcrumb\"},\"inLanguage\":\"es\",\"potentialAction\":[{\"@type\":\"ReadAction\",\"target\":[\"https:\\\/\\\/www.holy-supps.nl\\\/product\\\/blessed-plant-protein-bars-12-pack\\\/\"]}]},{\"@type\":\"ImageObject\",\"inLanguage\":\"es\",\"@id\":\"https:\\\/\\\/www.holy-supps.nl\\\/product\\\/blessed-plant-protein-bars-12-pack\\\/#primaryimage\",\"url\":\"https:\\\/\\\/www.holy-supps.nl\\\/wp-content\\\/uploads\\\/2023\\\/10\\\/Blessed-Plant-Protein-Bar-Choc-Raspberry_1.webp\",\"contentUrl\":\"https:\\\/\\\/www.holy-supps.nl\\\/wp-content\\\/uploads\\\/2023\\\/10\\\/Blessed-Plant-Protein-Bar-Choc-Raspberry_1.webp\",\"width\":1000,\"height\":1000},{\"@type\":\"BreadcrumbList\",\"@id\":\"https:\\\/\\\/www.holy-supps.nl\\\/product\\\/blessed-plant-protein-bars-12-pack\\\/#breadcrumb\",\"itemListElement\":[{\"@type\":\"ListItem\",\"position\":1,\"name\":\"Home\",\"item\":\"https:\\\/\\\/www.holy-supps.nl\\\/\"},{\"@type\":\"ListItem\",\"position\":2,\"name\":\"Winkel\",\"item\":\"https:\\\/\\\/www.holy-supps.nl\\\/winkel\\\/\"},{\"@type\":\"ListItem\",\"position\":3,\"name\":\"Blessed Plant Protein Bars (12-pack)\"}]},{\"@type\":\"WebSite\",\"@id\":\"https:\\\/\\\/www.holy-supps.nl\\\/#website\",\"url\":\"https:\\\/\\\/www.holy-supps.nl\\\/\",\"name\":\"Holy-Supps.nl\",\"description\":\"Official EHPLabs Reseller!\",\"publisher\":{\"@id\":\"https:\\\/\\\/www.holy-supps.nl\\\/#organization\"},\"potentialAction\":[{\"@type\":\"SearchAction\",\"target\":{\"@type\":\"EntryPoint\",\"urlTemplate\":\"https:\\\/\\\/www.holy-supps.nl\\\/?s={search_term_string}\"},\"query-input\":{\"@type\":\"PropertyValueSpecification\",\"valueRequired\":true,\"valueName\":\"search_term_string\"}}],\"inLanguage\":\"es\"},{\"@type\":\"Organization\",\"@id\":\"https:\\\/\\\/www.holy-supps.nl\\\/#organization\",\"name\":\"Holy Supps\",\"url\":\"https:\\\/\\\/www.holy-supps.nl\\\/\",\"logo\":{\"@type\":\"ImageObject\",\"inLanguage\":\"es\",\"@id\":\"https:\\\/\\\/www.holy-supps.nl\\\/#\\\/schema\\\/logo\\\/image\\\/\",\"url\":\"https:\\\/\\\/www.holy-supps.nl\\\/wp-content\\\/uploads\\\/2023\\\/06\\\/HOLY-SUPPS.png\",\"contentUrl\":\"https:\\\/\\\/www.holy-supps.nl\\\/wp-content\\\/uploads\\\/2023\\\/06\\\/HOLY-SUPPS.png\",\"width\":1000,\"height\":400,\"caption\":\"Holy Supps\"},\"image\":{\"@id\":\"https:\\\/\\\/www.holy-supps.nl\\\/#\\\/schema\\\/logo\\\/image\\\/\"},\"sameAs\":[\"https:\\\/\\\/www.facebook.com\\\/holy.supps\",\"https:\\\/\\\/www.instagram.com\\\/holy.supps.shop\\\/\"]}]}<\/script>\n<!-- \/ Yoast SEO plugin. -->","yoast_head_json":{"title":"Barritas de prote\u00ednas vegetales Blessed (pack de 12) - Holy-Supps.co.uk","description":"Disfruta de las deliciosas barritas Blessed Plant Protein Bars (pack de 12) con prote\u00edna vegetal 23%, veganas, sin gluten y sin culpabilidad. \u00a1Perfectas para llevar!","robots":{"index":"index","follow":"follow","max-snippet":"max-snippet:-1","max-image-preview":"max-image-preview:large","max-video-preview":"max-video-preview:-1"},"canonical":"https:\/\/www.holy-supps.nl\/es\/producto\/blessed-plant-protein-bars-12-pack\/","og_locale":"es_ES","og_type":"article","og_title":"Blessed Plant Protein Bars (12-pack) - Holy-Supps.nl","og_description":"Geniet van heerlijke Blessed Plant Protein Bars (12-pack) met 23% plantaardig eiwit, vegan, glutenvrij en zonder schuldgevoelens. Perfect voor onderweg!","og_url":"https:\/\/www.holy-supps.nl\/es\/producto\/blessed-plant-protein-bars-12-pack\/","og_site_name":"Holy-Supps.nl","article_publisher":"https:\/\/www.facebook.com\/holy.supps","article_modified_time":"2025-08-26T13:08:17+00:00","og_image":[{"width":1000,"height":1000,"url":"https:\/\/www.holy-supps.nl\/wp-content\/uploads\/2023\/10\/Blessed-Plant-Protein-Bar-Choc-Raspberry_1.webp","type":"image\/webp"}],"twitter_card":"summary_large_image","twitter_misc":{"Tiempo de lectura":"5 minutos"},"schema":{"@context":"https:\/\/schema.org","@graph":[{"@type":"WebPage","@id":"https:\/\/www.holy-supps.nl\/product\/blessed-plant-protein-bars-12-pack\/","url":"https:\/\/www.holy-supps.nl\/product\/blessed-plant-protein-bars-12-pack\/","name":"Barritas de prote\u00ednas vegetales Blessed (pack de 12) - Holy-Supps.co.uk","isPartOf":{"@id":"https:\/\/www.holy-supps.nl\/#website"},"primaryImageOfPage":{"@id":"https:\/\/www.holy-supps.nl\/product\/blessed-plant-protein-bars-12-pack\/#primaryimage"},"image":{"@id":"https:\/\/www.holy-supps.nl\/product\/blessed-plant-protein-bars-12-pack\/#primaryimage"},"thumbnailUrl":"https:\/\/www.holy-supps.nl\/wp-content\/uploads\/2023\/10\/Blessed-Plant-Protein-Bar-Choc-Raspberry_1.webp","datePublished":"2023-10-23T07:15:40+00:00","dateModified":"2025-08-26T13:08:17+00:00","description":"Disfruta de las deliciosas barritas Blessed Plant Protein Bars (pack de 12) con prote\u00edna vegetal 23%, veganas, sin gluten y sin culpabilidad. \u00a1Perfectas para llevar!","breadcrumb":{"@id":"https:\/\/www.holy-supps.nl\/product\/blessed-plant-protein-bars-12-pack\/#breadcrumb"},"inLanguage":"es","potentialAction":[{"@type":"ReadAction","target":["https:\/\/www.holy-supps.nl\/product\/blessed-plant-protein-bars-12-pack\/"]}]},{"@type":"ImageObject","inLanguage":"es","@id":"https:\/\/www.holy-supps.nl\/product\/blessed-plant-protein-bars-12-pack\/#primaryimage","url":"https:\/\/www.holy-supps.nl\/wp-content\/uploads\/2023\/10\/Blessed-Plant-Protein-Bar-Choc-Raspberry_1.webp","contentUrl":"https:\/\/www.holy-supps.nl\/wp-content\/uploads\/2023\/10\/Blessed-Plant-Protein-Bar-Choc-Raspberry_1.webp","width":1000,"height":1000},{"@type":"BreadcrumbList","@id":"https:\/\/www.holy-supps.nl\/product\/blessed-plant-protein-bars-12-pack\/#breadcrumb","itemListElement":[{"@type":"ListItem","position":1,"name":"Home","item":"https:\/\/www.holy-supps.nl\/"},{"@type":"ListItem","position":2,"name":"Winkel","item":"https:\/\/www.holy-supps.nl\/winkel\/"},{"@type":"ListItem","position":3,"name":"Blessed Plant Protein Bars (12-pack)"}]},{"@type":"WebSite","@id":"https:\/\/www.holy-supps.nl\/#website","url":"https:\/\/www.holy-supps.nl\/","name":"Holy-Supps.es","description":"\u00a1Distribuidor oficial de EHPLabs!","publisher":{"@id":"https:\/\/www.holy-supps.nl\/#organization"},"potentialAction":[{"@type":"SearchAction","target":{"@type":"EntryPoint","urlTemplate":"https:\/\/www.holy-supps.nl\/?s={search_term_string}"},"query-input":{"@type":"PropertyValueSpecification","valueRequired":true,"valueName":"search_term_string"}}],"inLanguage":"es"},{"@type":"Organization","@id":"https:\/\/www.holy-supps.nl\/#organization","name":"Santa Cena","url":"https:\/\/www.holy-supps.nl\/","logo":{"@type":"ImageObject","inLanguage":"es","@id":"https:\/\/www.holy-supps.nl\/#\/schema\/logo\/image\/","url":"https:\/\/www.holy-supps.nl\/wp-content\/uploads\/2023\/06\/HOLY-SUPPS.png","contentUrl":"https:\/\/www.holy-supps.nl\/wp-content\/uploads\/2023\/06\/HOLY-SUPPS.png","width":1000,"height":400,"caption":"Holy Supps"},"image":{"@id":"https:\/\/www.holy-supps.nl\/#\/schema\/logo\/image\/"},"sameAs":["https:\/\/www.facebook.com\/holy.supps","https:\/\/www.instagram.com\/holy.supps.shop\/"]}]}},"jetpack_sharing_enabled":true,"_links":{"self":[{"href":"https:\/\/www.holy-supps.nl\/es\/wp-json\/wp\/v2\/product\/1539","targetHints":{"allow":["GET"]}}],"collection":[{"href":"https:\/\/www.holy-supps.nl\/es\/wp-json\/wp\/v2\/product"}],"about":[{"href":"https:\/\/www.holy-supps.nl\/es\/wp-json\/wp\/v2\/types\/product"}],"replies":[{"embeddable":true,"href":"https:\/\/www.holy-supps.nl\/es\/wp-json\/wp\/v2\/comments?post=1539"}],"wp:featuredmedia":[{"embeddable":true,"href":"https:\/\/www.holy-supps.nl\/es\/wp-json\/wp\/v2\/media\/1552"}],"wp:attachment":[{"href":"https:\/\/www.holy-supps.nl\/es\/wp-json\/wp\/v2\/media?parent=1539"}],"wp:term":[{"taxonomy":"product_brand","embeddable":true,"href":"https:\/\/www.holy-supps.nl\/es\/wp-json\/wp\/v2\/product_brand?post=1539"},{"taxonomy":"product_cat","embeddable":true,"href":"https:\/\/www.holy-supps.nl\/es\/wp-json\/wp\/v2\/product_cat?post=1539"},{"taxonomy":"product_tag","embeddable":true,"href":"https:\/\/www.holy-supps.nl\/es\/wp-json\/wp\/v2\/product_tag?post=1539"}],"curies":[{"name":"wp","href":"https:\/\/api.w.org\/{rel}","templated":true}]}}