{"id":145,"date":"2023-03-04T14:45:53","date_gmt":"2023-03-04T13:45:53","guid":{"rendered":"https:\/\/www.holy-supps.nl\/?post_type=product&#038;p=145"},"modified":"2026-01-08T12:29:41","modified_gmt":"2026-01-08T11:29:41","slug":"orgullo-pre-entrenamiento-ehplabs","status":"publish","type":"product","link":"https:\/\/www.holy-supps.nl\/es\/product\/pride-pre-workout-ehplabs\/","title":{"rendered":"PRIDE - Pre-Entrenamiento - EHPLabs"},"content":{"rendered":"<h2>Descripci\u00f3n<\/h2>\n<p>EHPlabs Pride Pre-Workout es un suplemento pre-entrenamiento en polvo.<br \/>\nContiene una combinaci\u00f3n de ingredientes como cafe\u00edna, amino\u00e1cidos y extractos de plantas.<br \/>\nEl producto es f\u00e1cilmente soluble en agua y est\u00e1 disponible en varios sabores, lo que lo convierte en una opci\u00f3n pr\u00e1ctica para utilizar en los entrenamientos.<\/p>\n<h2>Ventajas<\/h2>\n<ul>\n<li>Suplemento pre-entrenamiento en polvo<\/li>\n<li>Contiene una mezcla de cafe\u00edna, amino\u00e1cidos y extractos de plantas<\/li>\n<li>F\u00e1cil de mezclar con agua<\/li>\n<li>Disponible en varios sabores.<\/li>\n<li>Adecuado para antes del entrenamiento<\/li>\n<\/ul>\n<h2>Instrucciones de uso<\/h2>\n<p>Mezcle un cacito de Pride Pre-Workout con 250 ml de agua.<br \/>\nT\u00f3melo aproximadamente entre 15 y 30 minutos antes del entrenamiento, salvo que se indique lo contrario en el envase.<br \/>\nNo exceda la dosis recomendada.<br \/>\nEste producto es un suplemento diet\u00e9tico y no sustituye a una dieta variada y equilibrada ni a un estilo de vida saludable.<\/p>","protected":false},"excerpt":{"rendered":"<p>Pride Pre-Workout de EHPlabs es un suplemento en polvo compuesto por una mezcla de cafe\u00edna, amino\u00e1cidos y extractos de plantas. Desarrollado para atletas que desean incorporar un pre-entrenamiento a su rutina. Disponible en diferentes sabores y f\u00e1cil de mezclar con agua.<\/p>","protected":false},"featured_media":152,"comment_status":"open","ping_status":"closed","template":"","meta":[],"product_brand":[],"product_cat":[77,72,68,84],"product_tag":[],"class_list":{"0":"post-145","1":"product","2":"type-product","3":"status-publish","4":"has-post-thumbnail","6":"product_cat-bundles-save","7":"product_cat-ehplabs","8":"product_cat-pre-workout","9":"product_cat-vegan-supplementen","11":"first","12":"outofstock","13":"sale","14":"taxable","15":"shipping-taxable","16":"purchasable","17":"product-type-variable"},"yoast_head":"<!-- This site is optimized with the Yoast SEO plugin v27.5 - https:\/\/yoast.com\/product\/yoast-seo-wordpress\/ -->\n<title>PRIDE - Pre-workout - EHPLabs - Holy-Supps.nl<\/title>\n<meta name=\"description\" content=\"PRIDE Pre-Workout: Verbeter kracht, focus en energie met Pentaffeine\u2122 5-fase. Bevat L-Citrulline, Nitrosigine\u00ae en 9 essenti\u00eble aminozuren.\" \/>\n<meta name=\"robots\" content=\"index, follow, max-snippet:-1, max-image-preview:large, max-video-preview:-1\" \/>\n<link rel=\"canonical\" href=\"https:\/\/www.holy-supps.nl\/es\/producto\/orgullo-pre-entrenamiento-ehplabs\/\" \/>\n<meta property=\"og:locale\" content=\"es_ES\" \/>\n<meta property=\"og:type\" content=\"article\" \/>\n<meta property=\"og:title\" content=\"PRIDE - Pre-workout - EHPLabs - Holy-Supps.nl\" \/>\n<meta property=\"og:description\" content=\"PRIDE Pre-Workout: Verbeter kracht, focus en energie met Pentaffeine\u2122 5-fase. Bevat L-Citrulline, Nitrosigine\u00ae en 9 essenti\u00eble aminozuren.\" \/>\n<meta property=\"og:url\" content=\"https:\/\/www.holy-supps.nl\/es\/producto\/orgullo-pre-entrenamiento-ehplabs\/\" \/>\n<meta property=\"og:site_name\" content=\"Holy-Supps.nl\" \/>\n<meta property=\"article:publisher\" content=\"https:\/\/www.facebook.com\/holy.supps\" \/>\n<meta property=\"article:modified_time\" content=\"2026-01-08T11:29:41+00:00\" \/>\n<meta property=\"og:image\" content=\"https:\/\/www.holy-supps.nl\/wp-content\/uploads\/2023\/03\/PrideFSProductPhoto.webp\" \/>\n\t<meta property=\"og:image:width\" content=\"1000\" \/>\n\t<meta property=\"og:image:height\" content=\"1000\" \/>\n\t<meta property=\"og:image:type\" content=\"image\/webp\" \/>\n<meta name=\"twitter:card\" content=\"summary_large_image\" \/>\n<meta name=\"twitter:label1\" content=\"Tiempo de lectura\" \/>\n\t<meta name=\"twitter:data1\" content=\"7 minutos\" \/>\n<script type=\"application\/ld+json\" class=\"yoast-schema-graph\">{\"@context\":\"https:\\\/\\\/schema.org\",\"@graph\":[{\"@type\":\"WebPage\",\"@id\":\"https:\\\/\\\/www.holy-supps.nl\\\/product\\\/pride-pre-workout-ehplabs\\\/\",\"url\":\"https:\\\/\\\/www.holy-supps.nl\\\/product\\\/pride-pre-workout-ehplabs\\\/\",\"name\":\"PRIDE - Pre-workout - EHPLabs - Holy-Supps.nl\",\"isPartOf\":{\"@id\":\"https:\\\/\\\/www.holy-supps.nl\\\/#website\"},\"primaryImageOfPage\":{\"@id\":\"https:\\\/\\\/www.holy-supps.nl\\\/product\\\/pride-pre-workout-ehplabs\\\/#primaryimage\"},\"image\":{\"@id\":\"https:\\\/\\\/www.holy-supps.nl\\\/product\\\/pride-pre-workout-ehplabs\\\/#primaryimage\"},\"thumbnailUrl\":\"https:\\\/\\\/www.holy-supps.nl\\\/wp-content\\\/uploads\\\/2023\\\/03\\\/PrideFSProductPhoto.webp\",\"datePublished\":\"2023-03-04T13:45:53+00:00\",\"dateModified\":\"2026-01-08T11:29:41+00:00\",\"description\":\"PRIDE Pre-Workout: Verbeter kracht, focus en energie met Pentaffeine\u2122 5-fase. Bevat L-Citrulline, Nitrosigine\u00ae en 9 essenti\u00eble aminozuren.\",\"breadcrumb\":{\"@id\":\"https:\\\/\\\/www.holy-supps.nl\\\/product\\\/pride-pre-workout-ehplabs\\\/#breadcrumb\"},\"inLanguage\":\"es\",\"potentialAction\":[{\"@type\":\"ReadAction\",\"target\":[\"https:\\\/\\\/www.holy-supps.nl\\\/product\\\/pride-pre-workout-ehplabs\\\/\"]}]},{\"@type\":\"ImageObject\",\"inLanguage\":\"es\",\"@id\":\"https:\\\/\\\/www.holy-supps.nl\\\/product\\\/pride-pre-workout-ehplabs\\\/#primaryimage\",\"url\":\"https:\\\/\\\/www.holy-supps.nl\\\/wp-content\\\/uploads\\\/2023\\\/03\\\/PrideFSProductPhoto.webp\",\"contentUrl\":\"https:\\\/\\\/www.holy-supps.nl\\\/wp-content\\\/uploads\\\/2023\\\/03\\\/PrideFSProductPhoto.webp\",\"width\":1000,\"height\":1000},{\"@type\":\"BreadcrumbList\",\"@id\":\"https:\\\/\\\/www.holy-supps.nl\\\/product\\\/pride-pre-workout-ehplabs\\\/#breadcrumb\",\"itemListElement\":[{\"@type\":\"ListItem\",\"position\":1,\"name\":\"Home\",\"item\":\"https:\\\/\\\/www.holy-supps.nl\\\/\"},{\"@type\":\"ListItem\",\"position\":2,\"name\":\"Winkel\",\"item\":\"https:\\\/\\\/www.holy-supps.nl\\\/winkel\\\/\"},{\"@type\":\"ListItem\",\"position\":3,\"name\":\"PRIDE &#8211; Pre-workout &#8211; EHPLabs\"}]},{\"@type\":\"WebSite\",\"@id\":\"https:\\\/\\\/www.holy-supps.nl\\\/#website\",\"url\":\"https:\\\/\\\/www.holy-supps.nl\\\/\",\"name\":\"Holy-Supps.nl\",\"description\":\"Official EHPLabs Reseller!\",\"publisher\":{\"@id\":\"https:\\\/\\\/www.holy-supps.nl\\\/#organization\"},\"potentialAction\":[{\"@type\":\"SearchAction\",\"target\":{\"@type\":\"EntryPoint\",\"urlTemplate\":\"https:\\\/\\\/www.holy-supps.nl\\\/?s={search_term_string}\"},\"query-input\":{\"@type\":\"PropertyValueSpecification\",\"valueRequired\":true,\"valueName\":\"search_term_string\"}}],\"inLanguage\":\"es\"},{\"@type\":\"Organization\",\"@id\":\"https:\\\/\\\/www.holy-supps.nl\\\/#organization\",\"name\":\"Holy Supps\",\"url\":\"https:\\\/\\\/www.holy-supps.nl\\\/\",\"logo\":{\"@type\":\"ImageObject\",\"inLanguage\":\"es\",\"@id\":\"https:\\\/\\\/www.holy-supps.nl\\\/#\\\/schema\\\/logo\\\/image\\\/\",\"url\":\"https:\\\/\\\/www.holy-supps.nl\\\/wp-content\\\/uploads\\\/2023\\\/06\\\/HOLY-SUPPS.png\",\"contentUrl\":\"https:\\\/\\\/www.holy-supps.nl\\\/wp-content\\\/uploads\\\/2023\\\/06\\\/HOLY-SUPPS.png\",\"width\":1000,\"height\":400,\"caption\":\"Holy Supps\"},\"image\":{\"@id\":\"https:\\\/\\\/www.holy-supps.nl\\\/#\\\/schema\\\/logo\\\/image\\\/\"},\"sameAs\":[\"https:\\\/\\\/www.facebook.com\\\/holy.supps\",\"https:\\\/\\\/www.instagram.com\\\/holy.supps.shop\\\/\"]}]}<\/script>\n<!-- \/ Yoast SEO plugin. -->","yoast_head_json":{"title":"PRIDE - Pre-Entrenamiento - EHPLabs - Holy-Supps.co.uk","description":"PRIDE Pre-Entrenamiento: Mejora la fuerza, la concentraci\u00f3n y la energ\u00eda con Pentaffeine\u2122 5-fases. Contiene L-Citrulina, Nitrosigine\u00ae y 9 amino\u00e1cidos esenciales.","robots":{"index":"index","follow":"follow","max-snippet":"max-snippet:-1","max-image-preview":"max-image-preview:large","max-video-preview":"max-video-preview:-1"},"canonical":"https:\/\/www.holy-supps.nl\/es\/producto\/orgullo-pre-entrenamiento-ehplabs\/","og_locale":"es_ES","og_type":"article","og_title":"PRIDE - Pre-workout - EHPLabs - Holy-Supps.nl","og_description":"PRIDE Pre-Workout: Verbeter kracht, focus en energie met Pentaffeine\u2122 5-fase. Bevat L-Citrulline, Nitrosigine\u00ae en 9 essenti\u00eble aminozuren.","og_url":"https:\/\/www.holy-supps.nl\/es\/producto\/orgullo-pre-entrenamiento-ehplabs\/","og_site_name":"Holy-Supps.nl","article_publisher":"https:\/\/www.facebook.com\/holy.supps","article_modified_time":"2026-01-08T11:29:41+00:00","og_image":[{"width":1000,"height":1000,"url":"https:\/\/www.holy-supps.nl\/wp-content\/uploads\/2023\/03\/PrideFSProductPhoto.webp","type":"image\/webp"}],"twitter_card":"summary_large_image","twitter_misc":{"Tiempo de lectura":"7 minutos"},"schema":{"@context":"https:\/\/schema.org","@graph":[{"@type":"WebPage","@id":"https:\/\/www.holy-supps.nl\/product\/pride-pre-workout-ehplabs\/","url":"https:\/\/www.holy-supps.nl\/product\/pride-pre-workout-ehplabs\/","name":"PRIDE - Pre-Entrenamiento - EHPLabs - Holy-Supps.co.uk","isPartOf":{"@id":"https:\/\/www.holy-supps.nl\/#website"},"primaryImageOfPage":{"@id":"https:\/\/www.holy-supps.nl\/product\/pride-pre-workout-ehplabs\/#primaryimage"},"image":{"@id":"https:\/\/www.holy-supps.nl\/product\/pride-pre-workout-ehplabs\/#primaryimage"},"thumbnailUrl":"https:\/\/www.holy-supps.nl\/wp-content\/uploads\/2023\/03\/PrideFSProductPhoto.webp","datePublished":"2023-03-04T13:45:53+00:00","dateModified":"2026-01-08T11:29:41+00:00","description":"PRIDE Pre-Entrenamiento: Mejora la fuerza, la concentraci\u00f3n y la energ\u00eda con Pentaffeine\u2122 5-fases. Contiene L-Citrulina, Nitrosigine\u00ae y 9 amino\u00e1cidos esenciales.","breadcrumb":{"@id":"https:\/\/www.holy-supps.nl\/product\/pride-pre-workout-ehplabs\/#breadcrumb"},"inLanguage":"es","potentialAction":[{"@type":"ReadAction","target":["https:\/\/www.holy-supps.nl\/product\/pride-pre-workout-ehplabs\/"]}]},{"@type":"ImageObject","inLanguage":"es","@id":"https:\/\/www.holy-supps.nl\/product\/pride-pre-workout-ehplabs\/#primaryimage","url":"https:\/\/www.holy-supps.nl\/wp-content\/uploads\/2023\/03\/PrideFSProductPhoto.webp","contentUrl":"https:\/\/www.holy-supps.nl\/wp-content\/uploads\/2023\/03\/PrideFSProductPhoto.webp","width":1000,"height":1000},{"@type":"BreadcrumbList","@id":"https:\/\/www.holy-supps.nl\/product\/pride-pre-workout-ehplabs\/#breadcrumb","itemListElement":[{"@type":"ListItem","position":1,"name":"Home","item":"https:\/\/www.holy-supps.nl\/"},{"@type":"ListItem","position":2,"name":"Winkel","item":"https:\/\/www.holy-supps.nl\/winkel\/"},{"@type":"ListItem","position":3,"name":"PRIDE &#8211; Pre-workout &#8211; EHPLabs"}]},{"@type":"WebSite","@id":"https:\/\/www.holy-supps.nl\/#website","url":"https:\/\/www.holy-supps.nl\/","name":"Holy-Supps.es","description":"\u00a1Distribuidor oficial de EHPLabs!","publisher":{"@id":"https:\/\/www.holy-supps.nl\/#organization"},"potentialAction":[{"@type":"SearchAction","target":{"@type":"EntryPoint","urlTemplate":"https:\/\/www.holy-supps.nl\/?s={search_term_string}"},"query-input":{"@type":"PropertyValueSpecification","valueRequired":true,"valueName":"search_term_string"}}],"inLanguage":"es"},{"@type":"Organization","@id":"https:\/\/www.holy-supps.nl\/#organization","name":"Santa Cena","url":"https:\/\/www.holy-supps.nl\/","logo":{"@type":"ImageObject","inLanguage":"es","@id":"https:\/\/www.holy-supps.nl\/#\/schema\/logo\/image\/","url":"https:\/\/www.holy-supps.nl\/wp-content\/uploads\/2023\/06\/HOLY-SUPPS.png","contentUrl":"https:\/\/www.holy-supps.nl\/wp-content\/uploads\/2023\/06\/HOLY-SUPPS.png","width":1000,"height":400,"caption":"Holy Supps"},"image":{"@id":"https:\/\/www.holy-supps.nl\/#\/schema\/logo\/image\/"},"sameAs":["https:\/\/www.facebook.com\/holy.supps","https:\/\/www.instagram.com\/holy.supps.shop\/"]}]}},"jetpack_sharing_enabled":true,"_links":{"self":[{"href":"https:\/\/www.holy-supps.nl\/es\/wp-json\/wp\/v2\/product\/145","targetHints":{"allow":["GET"]}}],"collection":[{"href":"https:\/\/www.holy-supps.nl\/es\/wp-json\/wp\/v2\/product"}],"about":[{"href":"https:\/\/www.holy-supps.nl\/es\/wp-json\/wp\/v2\/types\/product"}],"replies":[{"embeddable":true,"href":"https:\/\/www.holy-supps.nl\/es\/wp-json\/wp\/v2\/comments?post=145"}],"wp:featuredmedia":[{"embeddable":true,"href":"https:\/\/www.holy-supps.nl\/es\/wp-json\/wp\/v2\/media\/152"}],"wp:attachment":[{"href":"https:\/\/www.holy-supps.nl\/es\/wp-json\/wp\/v2\/media?parent=145"}],"wp:term":[{"taxonomy":"product_brand","embeddable":true,"href":"https:\/\/www.holy-supps.nl\/es\/wp-json\/wp\/v2\/product_brand?post=145"},{"taxonomy":"product_cat","embeddable":true,"href":"https:\/\/www.holy-supps.nl\/es\/wp-json\/wp\/v2\/product_cat?post=145"},{"taxonomy":"product_tag","embeddable":true,"href":"https:\/\/www.holy-supps.nl\/es\/wp-json\/wp\/v2\/product_tag?post=145"}],"curies":[{"name":"wp","href":"https:\/\/api.w.org\/{rel}","templated":true}]}}