{"id":1425,"date":"2023-10-15T15:21:38","date_gmt":"2023-10-15T13:21:38","guid":{"rendered":"https:\/\/www.holy-supps.nl\/?post_type=product&#038;p=1425"},"modified":"2025-10-15T22:01:10","modified_gmt":"2025-10-15T20:01:10","slug":"entrenado-por-jp-superfood-greens-952gr","status":"publish","type":"product","link":"https:\/\/www.holy-supps.nl\/es\/product\/trained-by-jp-superfood-greens-952gr\/","title":{"rendered":"Trained by JP - Superfood Greens - 952GR"},"content":{"rendered":"<p>Hemos ido un paso m\u00e1s all\u00e1 al cubrir sus necesidades de prote\u00ednas, de ingesta de \u00e1cidos grasos y de fibra, todo en un solo batido.<\/p>\n<p>Tambi\u00e9n hemos a\u00f1adido bromelina natural de la pi\u00f1a, para facilitar la digesti\u00f3n, y setas adicionales, por los beneficios cognitivos que aportan.<\/p>\n<p>Hemos utilizado stevia como edulcorante, para los sensibles a la sucralosa, y todo el producto es vegano.<\/p>\n<p>Nuestras verduras contienen 13 frutas y hortalizas, que a su vez contienen 17 vitaminas y minerales naturales.<\/p>\n<p>Hemos utilizado linaza como fuente de grasa, aportando 1,2 g de omega 3 por raci\u00f3n, y ra\u00edz de achicoria como fuente de fibra para facilitar la digesti\u00f3n.<\/p>\n<p>Estamos muy orgullosos de ofrecerle uno de los productos verdes y superalimentos m\u00e1s completos del mercado.<\/p>\n<p>Ahora disponible en 2 sabores<\/p>","protected":false},"excerpt":{"rendered":"<p>Nuestro superalimento Greens es todo lo que necesita para cumplir con su ingesta de frutas y verduras, en un batido de gran sabor.<\/p>","protected":false},"featured_media":1451,"comment_status":"closed","ping_status":"closed","template":"","meta":[],"product_brand":[],"product_cat":[77,67,71,185,81,183,85],"product_tag":[],"class_list":{"0":"post-1425","1":"product","2":"type-product","3":"status-publish","4":"has-post-thumbnail","6":"product_cat-bundles-save","7":"product_cat-eiwitten-proteine","8":"product_cat-merken","9":"product_cat-non-vegan","10":"product_cat-spieropbouw","11":"product_cat-trained-by-jp","12":"product_cat-vegan-proteine-eiwitten","14":"first","15":"outofstock","16":"sale","17":"taxable","18":"shipping-taxable","19":"purchasable","20":"product-type-variable"},"yoast_head":"<!-- This site is optimized with the Yoast SEO plugin v27.5 - https:\/\/yoast.com\/product\/yoast-seo-wordpress\/ -->\n<title>Trained by JP - Superfood Greens - 952GR - Holy-Supps.nl<\/title>\n<meta name=\"description\" content=\"Superfood Greens: Compleet vegan supplement met 13 groenten en fruit, omega 3, vezels en bromela\u00efne. Bevordert spijsvertering en cognitieve functies. 2 smaken.\" \/>\n<meta name=\"robots\" content=\"index, follow, max-snippet:-1, max-image-preview:large, max-video-preview:-1\" \/>\n<link rel=\"canonical\" href=\"https:\/\/www.holy-supps.nl\/es\/producto\/entrenado-por-jp-superfood-greens-952gr\/\" \/>\n<meta property=\"og:locale\" content=\"es_ES\" \/>\n<meta property=\"og:type\" content=\"article\" \/>\n<meta property=\"og:title\" content=\"Trained by JP - Superfood Greens - 952GR - Holy-Supps.nl\" \/>\n<meta property=\"og:description\" content=\"Superfood Greens: Compleet vegan supplement met 13 groenten en fruit, omega 3, vezels en bromela\u00efne. Bevordert spijsvertering en cognitieve functies. 2 smaken.\" \/>\n<meta property=\"og:url\" content=\"https:\/\/www.holy-supps.nl\/es\/producto\/entrenado-por-jp-superfood-greens-952gr\/\" \/>\n<meta property=\"og:site_name\" content=\"Holy-Supps.nl\" \/>\n<meta property=\"article:publisher\" content=\"https:\/\/www.facebook.com\/holy.supps\" \/>\n<meta property=\"article:modified_time\" content=\"2025-10-15T20:01:10+00:00\" \/>\n<meta property=\"og:image\" content=\"https:\/\/www.holy-supps.nl\/wp-content\/uploads\/2023\/10\/greens_web_novegan_1800x1800.png.webp\" \/>\n\t<meta property=\"og:image:width\" content=\"1800\" \/>\n\t<meta property=\"og:image:height\" content=\"1800\" \/>\n\t<meta property=\"og:image:type\" content=\"image\/webp\" \/>\n<meta name=\"twitter:card\" content=\"summary_large_image\" \/>\n<meta name=\"twitter:label1\" content=\"Tiempo de lectura\" \/>\n\t<meta name=\"twitter:data1\" content=\"1 minuto\" \/>\n<script type=\"application\/ld+json\" class=\"yoast-schema-graph\">{\"@context\":\"https:\\\/\\\/schema.org\",\"@graph\":[{\"@type\":\"WebPage\",\"@id\":\"https:\\\/\\\/www.holy-supps.nl\\\/product\\\/trained-by-jp-superfood-greens-952gr\\\/\",\"url\":\"https:\\\/\\\/www.holy-supps.nl\\\/product\\\/trained-by-jp-superfood-greens-952gr\\\/\",\"name\":\"Trained by JP - Superfood Greens - 952GR - Holy-Supps.nl\",\"isPartOf\":{\"@id\":\"https:\\\/\\\/www.holy-supps.nl\\\/#website\"},\"primaryImageOfPage\":{\"@id\":\"https:\\\/\\\/www.holy-supps.nl\\\/product\\\/trained-by-jp-superfood-greens-952gr\\\/#primaryimage\"},\"image\":{\"@id\":\"https:\\\/\\\/www.holy-supps.nl\\\/product\\\/trained-by-jp-superfood-greens-952gr\\\/#primaryimage\"},\"thumbnailUrl\":\"https:\\\/\\\/www.holy-supps.nl\\\/wp-content\\\/uploads\\\/2023\\\/10\\\/greens_web_novegan_1800x1800.png.webp\",\"datePublished\":\"2023-10-15T13:21:38+00:00\",\"dateModified\":\"2025-10-15T20:01:10+00:00\",\"description\":\"Superfood Greens: Compleet vegan supplement met 13 groenten en fruit, omega 3, vezels en bromela\u00efne. Bevordert spijsvertering en cognitieve functies. 2 smaken.\",\"breadcrumb\":{\"@id\":\"https:\\\/\\\/www.holy-supps.nl\\\/product\\\/trained-by-jp-superfood-greens-952gr\\\/#breadcrumb\"},\"inLanguage\":\"es\",\"potentialAction\":[{\"@type\":\"ReadAction\",\"target\":[\"https:\\\/\\\/www.holy-supps.nl\\\/product\\\/trained-by-jp-superfood-greens-952gr\\\/\"]}]},{\"@type\":\"ImageObject\",\"inLanguage\":\"es\",\"@id\":\"https:\\\/\\\/www.holy-supps.nl\\\/product\\\/trained-by-jp-superfood-greens-952gr\\\/#primaryimage\",\"url\":\"https:\\\/\\\/www.holy-supps.nl\\\/wp-content\\\/uploads\\\/2023\\\/10\\\/greens_web_novegan_1800x1800.png.webp\",\"contentUrl\":\"https:\\\/\\\/www.holy-supps.nl\\\/wp-content\\\/uploads\\\/2023\\\/10\\\/greens_web_novegan_1800x1800.png.webp\",\"width\":1800,\"height\":1800},{\"@type\":\"BreadcrumbList\",\"@id\":\"https:\\\/\\\/www.holy-supps.nl\\\/product\\\/trained-by-jp-superfood-greens-952gr\\\/#breadcrumb\",\"itemListElement\":[{\"@type\":\"ListItem\",\"position\":1,\"name\":\"Home\",\"item\":\"https:\\\/\\\/www.holy-supps.nl\\\/\"},{\"@type\":\"ListItem\",\"position\":2,\"name\":\"Winkel\",\"item\":\"https:\\\/\\\/www.holy-supps.nl\\\/winkel\\\/\"},{\"@type\":\"ListItem\",\"position\":3,\"name\":\"Trained by JP &#8211; Superfood Greens &#8211; 952GR\"}]},{\"@type\":\"WebSite\",\"@id\":\"https:\\\/\\\/www.holy-supps.nl\\\/#website\",\"url\":\"https:\\\/\\\/www.holy-supps.nl\\\/\",\"name\":\"Holy-Supps.nl\",\"description\":\"Official EHPLabs Reseller!\",\"publisher\":{\"@id\":\"https:\\\/\\\/www.holy-supps.nl\\\/#organization\"},\"potentialAction\":[{\"@type\":\"SearchAction\",\"target\":{\"@type\":\"EntryPoint\",\"urlTemplate\":\"https:\\\/\\\/www.holy-supps.nl\\\/?s={search_term_string}\"},\"query-input\":{\"@type\":\"PropertyValueSpecification\",\"valueRequired\":true,\"valueName\":\"search_term_string\"}}],\"inLanguage\":\"es\"},{\"@type\":\"Organization\",\"@id\":\"https:\\\/\\\/www.holy-supps.nl\\\/#organization\",\"name\":\"Holy Supps\",\"url\":\"https:\\\/\\\/www.holy-supps.nl\\\/\",\"logo\":{\"@type\":\"ImageObject\",\"inLanguage\":\"es\",\"@id\":\"https:\\\/\\\/www.holy-supps.nl\\\/#\\\/schema\\\/logo\\\/image\\\/\",\"url\":\"https:\\\/\\\/www.holy-supps.nl\\\/wp-content\\\/uploads\\\/2023\\\/06\\\/HOLY-SUPPS.png\",\"contentUrl\":\"https:\\\/\\\/www.holy-supps.nl\\\/wp-content\\\/uploads\\\/2023\\\/06\\\/HOLY-SUPPS.png\",\"width\":1000,\"height\":400,\"caption\":\"Holy Supps\"},\"image\":{\"@id\":\"https:\\\/\\\/www.holy-supps.nl\\\/#\\\/schema\\\/logo\\\/image\\\/\"},\"sameAs\":[\"https:\\\/\\\/www.facebook.com\\\/holy.supps\",\"https:\\\/\\\/www.instagram.com\\\/holy.supps.shop\\\/\"]}]}<\/script>\n<!-- \/ Yoast SEO plugin. -->","yoast_head_json":{"title":"Trained by JP - Superalimentos Verdes - 952GR - Holy-Supps.co.uk","description":"Superfood Greens: Suplemento vegano completo con 13 frutas y verduras, omega 3, fibra y bromelina. Favorece las funciones digestivas y cognitivas. 2 sabores.","robots":{"index":"index","follow":"follow","max-snippet":"max-snippet:-1","max-image-preview":"max-image-preview:large","max-video-preview":"max-video-preview:-1"},"canonical":"https:\/\/www.holy-supps.nl\/es\/producto\/entrenado-por-jp-superfood-greens-952gr\/","og_locale":"es_ES","og_type":"article","og_title":"Trained by JP - Superfood Greens - 952GR - Holy-Supps.nl","og_description":"Superfood Greens: Compleet vegan supplement met 13 groenten en fruit, omega 3, vezels en bromela\u00efne. Bevordert spijsvertering en cognitieve functies. 2 smaken.","og_url":"https:\/\/www.holy-supps.nl\/es\/producto\/entrenado-por-jp-superfood-greens-952gr\/","og_site_name":"Holy-Supps.nl","article_publisher":"https:\/\/www.facebook.com\/holy.supps","article_modified_time":"2025-10-15T20:01:10+00:00","og_image":[{"width":1800,"height":1800,"url":"https:\/\/www.holy-supps.nl\/wp-content\/uploads\/2023\/10\/greens_web_novegan_1800x1800.png.webp","type":"image\/webp"}],"twitter_card":"summary_large_image","twitter_misc":{"Tiempo de lectura":"1 minuto"},"schema":{"@context":"https:\/\/schema.org","@graph":[{"@type":"WebPage","@id":"https:\/\/www.holy-supps.nl\/product\/trained-by-jp-superfood-greens-952gr\/","url":"https:\/\/www.holy-supps.nl\/product\/trained-by-jp-superfood-greens-952gr\/","name":"Trained by JP - Superalimentos Verdes - 952GR - Holy-Supps.co.uk","isPartOf":{"@id":"https:\/\/www.holy-supps.nl\/#website"},"primaryImageOfPage":{"@id":"https:\/\/www.holy-supps.nl\/product\/trained-by-jp-superfood-greens-952gr\/#primaryimage"},"image":{"@id":"https:\/\/www.holy-supps.nl\/product\/trained-by-jp-superfood-greens-952gr\/#primaryimage"},"thumbnailUrl":"https:\/\/www.holy-supps.nl\/wp-content\/uploads\/2023\/10\/greens_web_novegan_1800x1800.png.webp","datePublished":"2023-10-15T13:21:38+00:00","dateModified":"2025-10-15T20:01:10+00:00","description":"Superfood Greens: Suplemento vegano completo con 13 frutas y verduras, omega 3, fibra y bromelina. Favorece las funciones digestivas y cognitivas. 2 sabores.","breadcrumb":{"@id":"https:\/\/www.holy-supps.nl\/product\/trained-by-jp-superfood-greens-952gr\/#breadcrumb"},"inLanguage":"es","potentialAction":[{"@type":"ReadAction","target":["https:\/\/www.holy-supps.nl\/product\/trained-by-jp-superfood-greens-952gr\/"]}]},{"@type":"ImageObject","inLanguage":"es","@id":"https:\/\/www.holy-supps.nl\/product\/trained-by-jp-superfood-greens-952gr\/#primaryimage","url":"https:\/\/www.holy-supps.nl\/wp-content\/uploads\/2023\/10\/greens_web_novegan_1800x1800.png.webp","contentUrl":"https:\/\/www.holy-supps.nl\/wp-content\/uploads\/2023\/10\/greens_web_novegan_1800x1800.png.webp","width":1800,"height":1800},{"@type":"BreadcrumbList","@id":"https:\/\/www.holy-supps.nl\/product\/trained-by-jp-superfood-greens-952gr\/#breadcrumb","itemListElement":[{"@type":"ListItem","position":1,"name":"Home","item":"https:\/\/www.holy-supps.nl\/"},{"@type":"ListItem","position":2,"name":"Winkel","item":"https:\/\/www.holy-supps.nl\/winkel\/"},{"@type":"ListItem","position":3,"name":"Trained by JP &#8211; Superfood Greens &#8211; 952GR"}]},{"@type":"WebSite","@id":"https:\/\/www.holy-supps.nl\/#website","url":"https:\/\/www.holy-supps.nl\/","name":"Holy-Supps.es","description":"\u00a1Distribuidor oficial de EHPLabs!","publisher":{"@id":"https:\/\/www.holy-supps.nl\/#organization"},"potentialAction":[{"@type":"SearchAction","target":{"@type":"EntryPoint","urlTemplate":"https:\/\/www.holy-supps.nl\/?s={search_term_string}"},"query-input":{"@type":"PropertyValueSpecification","valueRequired":true,"valueName":"search_term_string"}}],"inLanguage":"es"},{"@type":"Organization","@id":"https:\/\/www.holy-supps.nl\/#organization","name":"Santa Cena","url":"https:\/\/www.holy-supps.nl\/","logo":{"@type":"ImageObject","inLanguage":"es","@id":"https:\/\/www.holy-supps.nl\/#\/schema\/logo\/image\/","url":"https:\/\/www.holy-supps.nl\/wp-content\/uploads\/2023\/06\/HOLY-SUPPS.png","contentUrl":"https:\/\/www.holy-supps.nl\/wp-content\/uploads\/2023\/06\/HOLY-SUPPS.png","width":1000,"height":400,"caption":"Holy Supps"},"image":{"@id":"https:\/\/www.holy-supps.nl\/#\/schema\/logo\/image\/"},"sameAs":["https:\/\/www.facebook.com\/holy.supps","https:\/\/www.instagram.com\/holy.supps.shop\/"]}]}},"jetpack_sharing_enabled":true,"_links":{"self":[{"href":"https:\/\/www.holy-supps.nl\/es\/wp-json\/wp\/v2\/product\/1425","targetHints":{"allow":["GET"]}}],"collection":[{"href":"https:\/\/www.holy-supps.nl\/es\/wp-json\/wp\/v2\/product"}],"about":[{"href":"https:\/\/www.holy-supps.nl\/es\/wp-json\/wp\/v2\/types\/product"}],"replies":[{"embeddable":true,"href":"https:\/\/www.holy-supps.nl\/es\/wp-json\/wp\/v2\/comments?post=1425"}],"wp:featuredmedia":[{"embeddable":true,"href":"https:\/\/www.holy-supps.nl\/es\/wp-json\/wp\/v2\/media\/1451"}],"wp:attachment":[{"href":"https:\/\/www.holy-supps.nl\/es\/wp-json\/wp\/v2\/media?parent=1425"}],"wp:term":[{"taxonomy":"product_brand","embeddable":true,"href":"https:\/\/www.holy-supps.nl\/es\/wp-json\/wp\/v2\/product_brand?post=1425"},{"taxonomy":"product_cat","embeddable":true,"href":"https:\/\/www.holy-supps.nl\/es\/wp-json\/wp\/v2\/product_cat?post=1425"},{"taxonomy":"product_tag","embeddable":true,"href":"https:\/\/www.holy-supps.nl\/es\/wp-json\/wp\/v2\/product_tag?post=1425"}],"curies":[{"name":"wp","href":"https:\/\/api.w.org\/{rel}","templated":true}]}}