{"id":1424,"date":"2023-10-15T15:21:38","date_gmt":"2023-10-15T13:21:38","guid":{"rendered":"https:\/\/www.holy-supps.nl\/?post_type=product&#038;p=1424"},"modified":"2025-08-26T15:22:18","modified_gmt":"2025-08-26T13:22:18","slug":"entrenado-por-jp-plant-based-vegan-protein-2kg","status":"publish","type":"product","link":"https:\/\/www.holy-supps.nl\/es\/product\/trained-by-jp-plant-based-vegan-protein-2kg\/","title":{"rendered":"Trained by JP - Prote\u00edna Vegana Vegana - 2KG"},"content":{"rendered":"<p>El consumo excesivo de cualquier tipo de alimento o fuente de prote\u00ednas puede provocar a veces intolerancias. Por ello, nuestra prote\u00edna vegetal es una opci\u00f3n adecuada como variaci\u00f3n dentro de una dieta variada.<\/p>\n<p>Hemos a\u00f1adido una mezcla multivitam\u00ednica vegana a la prote\u00edna, haciendo de este producto un pr\u00e1ctico suplemento independiente dentro de su dieta diaria.<\/p>\n<h1>Tenemos 4 deliciosos sabores para elegir, todos disponibles en formato de 2kg<\/h1>\n<ul>\n<li>Chocolate Caramelo Avellana<\/li>\n<li>Chai de vainilla y almendra<\/li>\n<li>Toffee de pl\u00e1tano<\/li>\n<li>Muffin de ar\u00e1ndanos<\/li>\n<\/ul>\n<h1>Utilice<\/h1>\n<p>Mezcle un cacito (40 g) con 250-400 ml de agua fr\u00eda o leche de almendras en su vaso para batidos.<\/p>\n<h1>Ingredientes por sabor<\/h1>\n<p><strong>Nuez de chocolate y caramelo:<\/strong><br \/>\nMezcla de prote\u00ednas vegetales (prote\u00edna de guisante micronizada, prote\u00edna de girasol <strong>(SOJA<\/strong>), prote\u00edna de calabaza), aromas, cacao en polvo, mezcla multivitam\u00ednica vegana (cloruro pot\u00e1sico, fosfato magn\u00e9sico, carbonato c\u00e1lcico, cloruro s\u00f3dico, fosfato dic\u00e1lcico, maltodextrina, \u00e1cido asc\u00f3rbico, fumarato ferroso, acetato de DL-alfa-tocoferol, aspartato de zinc, \u00e1cido nicot\u00ednico, extracto de fucus 5:1, vitamina A-retinol acetato, citrato de manganeso, calcio D-pantotenato, sulfato de cobre, vitamina D2 aceite en polvo (ergocalciferol), piridoxina HCL, tiamina HCL, riboflavina, picolinato de cromo, \u00e1cido f\u00f3lico, selenito s\u00f3dico anhidro, D-biotina, cianocobalamina), espesante (goma xantana), cloruro s\u00f3dico, edulcorante (sucralosa), Digezyme\u00ae (amilasa, celulasa, lactasa, lipasa y proteasa neutra).<\/p>\n<p><br aria-hidden=\"true\" \/><strong>Banoffee Sundae:<\/strong><br \/>\nMezcla de prote\u00ednas vegetales (prote\u00edna de guisante micronizada, prote\u00edna de girasol <strong>(SOJA)<\/strong>, prote\u00edna de calabaza), aromas, mezcla multivitam\u00ednica vegana (...la misma mezcla anterior...), espesante (goma xantana), cloruro s\u00f3dico, edulcorante (sucralosa), Digezyme\u00ae.<\/p>\n<p><br aria-hidden=\"true\" \/><strong>Chai de vainilla y almendra:<\/strong><br \/>\nMezcla de prote\u00ednas vegetales (prote\u00edna de guisante micronizada, prote\u00edna de girasol <strong>(SOJA)<\/strong>, prote\u00edna de calabaza), aromas, mezcla multivitam\u00ednica vegana (...), espesante (goma xantana), cloruro s\u00f3dico, edulcorante (sucralosa), Digezyme\u00ae.<\/p>\n<p><strong>Muffin de ar\u00e1ndanos:<\/strong><br \/>\nMezcla de prote\u00ednas vegetales (prote\u00edna de guisante micronizada, prote\u00edna de girasol (SOJA), prote\u00edna de calabaza), aromas, mezcla multivitam\u00ednica vegana (...), espesante (goma xantana), sal, edulcorante (sucralosa), Digezyme\u00ae, colorante (E133*).<\/p>\n<p>*Puede tener un efecto negativo sobre la actividad y la atenci\u00f3n de los ni\u00f1os.<\/p>\n<p>Para los al\u00e9rgenos, v\u00e9anse los ingredientes en negrita.<\/p>\n<p>Apto para veganos y vegetarianos.<\/p>","protected":false},"excerpt":{"rendered":"<p>La prote\u00edna vegetal vegana es perfecta para 3 situaciones<\/p>\n<ul>\n<li>Los que son veganos<\/li>\n<li>Personas con intolerancia a la lactosa<\/li>\n<li>Aquellos que a menudo necesitan cambiar sus opciones de prote\u00edna en polvo, dando a sus cuerpos un descanso de consumir demasiado suero de leche.<\/li>\n<\/ul>","protected":false},"featured_media":1450,"comment_status":"closed","ping_status":"closed","template":"","meta":[],"product_brand":[],"product_cat":[77,67,71,81,183,85],"product_tag":[],"class_list":{"0":"post-1424","1":"product","2":"type-product","3":"status-publish","4":"has-post-thumbnail","6":"product_cat-bundles-save","7":"product_cat-eiwitten-proteine","8":"product_cat-merken","9":"product_cat-spieropbouw","10":"product_cat-trained-by-jp","11":"product_cat-vegan-proteine-eiwitten","13":"first","14":"outofstock","15":"sale","16":"taxable","17":"shipping-taxable","18":"purchasable","19":"product-type-variable"},"yoast_head":"<!-- This site is optimized with the Yoast SEO plugin v27.5 - https:\/\/yoast.com\/product\/yoast-seo-wordpress\/ -->\n<title>Trained by JP - Plant Based Vegan Protein - 2KG - Holy-Supps.nl<\/title>\n<meta name=\"description\" content=\"Plant Based Vegan Protein: 2KG van 100% plantaardig eiwit, verrijkt met multivitaminen. Vier heerlijke smaken. Ideaal voor spiergroei en algeheel welzijn.\" \/>\n<meta name=\"robots\" content=\"index, follow, max-snippet:-1, max-image-preview:large, max-video-preview:-1\" \/>\n<link rel=\"canonical\" href=\"https:\/\/www.holy-supps.nl\/es\/producto\/entrenado-por-jp-plant-based-vegan-protein-2kg\/\" \/>\n<meta property=\"og:locale\" content=\"es_ES\" \/>\n<meta property=\"og:type\" content=\"article\" \/>\n<meta property=\"og:title\" content=\"Trained by JP - Plant Based Vegan Protein - 2KG - Holy-Supps.nl\" \/>\n<meta property=\"og:description\" content=\"Plant Based Vegan Protein: 2KG van 100% plantaardig eiwit, verrijkt met multivitaminen. Vier heerlijke smaken. Ideaal voor spiergroei en algeheel welzijn.\" \/>\n<meta property=\"og:url\" content=\"https:\/\/www.holy-supps.nl\/es\/producto\/entrenado-por-jp-plant-based-vegan-protein-2kg\/\" \/>\n<meta property=\"og:site_name\" content=\"Holy-Supps.nl\" \/>\n<meta property=\"article:publisher\" content=\"https:\/\/www.facebook.com\/holy.supps\" \/>\n<meta property=\"article:modified_time\" content=\"2025-08-26T13:22:18+00:00\" \/>\n<meta property=\"og:image\" content=\"https:\/\/www.holy-supps.nl\/wp-content\/uploads\/2023\/10\/VeganProteinPouch_50SRV_veganbadge_1800x1800.png.webp\" \/>\n\t<meta property=\"og:image:width\" content=\"1080\" \/>\n\t<meta property=\"og:image:height\" content=\"1080\" \/>\n\t<meta property=\"og:image:type\" content=\"image\/webp\" \/>\n<meta name=\"twitter:card\" content=\"summary_large_image\" \/>\n<meta name=\"twitter:label1\" content=\"Tiempo de lectura\" \/>\n\t<meta name=\"twitter:data1\" content=\"3 minutos\" \/>\n<script type=\"application\/ld+json\" class=\"yoast-schema-graph\">{\"@context\":\"https:\\\/\\\/schema.org\",\"@graph\":[{\"@type\":\"WebPage\",\"@id\":\"https:\\\/\\\/www.holy-supps.nl\\\/product\\\/trained-by-jp-plant-based-vegan-protein-2kg\\\/\",\"url\":\"https:\\\/\\\/www.holy-supps.nl\\\/product\\\/trained-by-jp-plant-based-vegan-protein-2kg\\\/\",\"name\":\"Trained by JP - Plant Based Vegan Protein - 2KG - Holy-Supps.nl\",\"isPartOf\":{\"@id\":\"https:\\\/\\\/www.holy-supps.nl\\\/#website\"},\"primaryImageOfPage\":{\"@id\":\"https:\\\/\\\/www.holy-supps.nl\\\/product\\\/trained-by-jp-plant-based-vegan-protein-2kg\\\/#primaryimage\"},\"image\":{\"@id\":\"https:\\\/\\\/www.holy-supps.nl\\\/product\\\/trained-by-jp-plant-based-vegan-protein-2kg\\\/#primaryimage\"},\"thumbnailUrl\":\"https:\\\/\\\/www.holy-supps.nl\\\/wp-content\\\/uploads\\\/2023\\\/10\\\/VeganProteinPouch_50SRV_veganbadge_1800x1800.png.webp\",\"datePublished\":\"2023-10-15T13:21:38+00:00\",\"dateModified\":\"2025-08-26T13:22:18+00:00\",\"description\":\"Plant Based Vegan Protein: 2KG van 100% plantaardig eiwit, verrijkt met multivitaminen. Vier heerlijke smaken. Ideaal voor spiergroei en algeheel welzijn.\",\"breadcrumb\":{\"@id\":\"https:\\\/\\\/www.holy-supps.nl\\\/product\\\/trained-by-jp-plant-based-vegan-protein-2kg\\\/#breadcrumb\"},\"inLanguage\":\"es\",\"potentialAction\":[{\"@type\":\"ReadAction\",\"target\":[\"https:\\\/\\\/www.holy-supps.nl\\\/product\\\/trained-by-jp-plant-based-vegan-protein-2kg\\\/\"]}]},{\"@type\":\"ImageObject\",\"inLanguage\":\"es\",\"@id\":\"https:\\\/\\\/www.holy-supps.nl\\\/product\\\/trained-by-jp-plant-based-vegan-protein-2kg\\\/#primaryimage\",\"url\":\"https:\\\/\\\/www.holy-supps.nl\\\/wp-content\\\/uploads\\\/2023\\\/10\\\/VeganProteinPouch_50SRV_veganbadge_1800x1800.png.webp\",\"contentUrl\":\"https:\\\/\\\/www.holy-supps.nl\\\/wp-content\\\/uploads\\\/2023\\\/10\\\/VeganProteinPouch_50SRV_veganbadge_1800x1800.png.webp\",\"width\":1080,\"height\":1080},{\"@type\":\"BreadcrumbList\",\"@id\":\"https:\\\/\\\/www.holy-supps.nl\\\/product\\\/trained-by-jp-plant-based-vegan-protein-2kg\\\/#breadcrumb\",\"itemListElement\":[{\"@type\":\"ListItem\",\"position\":1,\"name\":\"Home\",\"item\":\"https:\\\/\\\/www.holy-supps.nl\\\/\"},{\"@type\":\"ListItem\",\"position\":2,\"name\":\"Winkel\",\"item\":\"https:\\\/\\\/www.holy-supps.nl\\\/winkel\\\/\"},{\"@type\":\"ListItem\",\"position\":3,\"name\":\"Trained by JP &#8211; Plant Based Vegan Protein &#8211; 2KG\"}]},{\"@type\":\"WebSite\",\"@id\":\"https:\\\/\\\/www.holy-supps.nl\\\/#website\",\"url\":\"https:\\\/\\\/www.holy-supps.nl\\\/\",\"name\":\"Holy-Supps.nl\",\"description\":\"Official EHPLabs Reseller!\",\"publisher\":{\"@id\":\"https:\\\/\\\/www.holy-supps.nl\\\/#organization\"},\"potentialAction\":[{\"@type\":\"SearchAction\",\"target\":{\"@type\":\"EntryPoint\",\"urlTemplate\":\"https:\\\/\\\/www.holy-supps.nl\\\/?s={search_term_string}\"},\"query-input\":{\"@type\":\"PropertyValueSpecification\",\"valueRequired\":true,\"valueName\":\"search_term_string\"}}],\"inLanguage\":\"es\"},{\"@type\":\"Organization\",\"@id\":\"https:\\\/\\\/www.holy-supps.nl\\\/#organization\",\"name\":\"Holy Supps\",\"url\":\"https:\\\/\\\/www.holy-supps.nl\\\/\",\"logo\":{\"@type\":\"ImageObject\",\"inLanguage\":\"es\",\"@id\":\"https:\\\/\\\/www.holy-supps.nl\\\/#\\\/schema\\\/logo\\\/image\\\/\",\"url\":\"https:\\\/\\\/www.holy-supps.nl\\\/wp-content\\\/uploads\\\/2023\\\/06\\\/HOLY-SUPPS.png\",\"contentUrl\":\"https:\\\/\\\/www.holy-supps.nl\\\/wp-content\\\/uploads\\\/2023\\\/06\\\/HOLY-SUPPS.png\",\"width\":1000,\"height\":400,\"caption\":\"Holy Supps\"},\"image\":{\"@id\":\"https:\\\/\\\/www.holy-supps.nl\\\/#\\\/schema\\\/logo\\\/image\\\/\"},\"sameAs\":[\"https:\\\/\\\/www.facebook.com\\\/holy.supps\",\"https:\\\/\\\/www.instagram.com\\\/holy.supps.shop\\\/\"]}]}<\/script>\n<!-- \/ Yoast SEO plugin. -->","yoast_head_json":{"title":"Trained by JP - Proteina Vegana Vegana - 2KG - Holy-Supps.co.uk","description":"Plant Based Vegan Protein: 2KG de prote\u00edna vegetal 100% enriquecida con multivitaminas. Cuatro deliciosos sabores. Ideal para el crecimiento muscular y el bienestar general.","robots":{"index":"index","follow":"follow","max-snippet":"max-snippet:-1","max-image-preview":"max-image-preview:large","max-video-preview":"max-video-preview:-1"},"canonical":"https:\/\/www.holy-supps.nl\/es\/producto\/entrenado-por-jp-plant-based-vegan-protein-2kg\/","og_locale":"es_ES","og_type":"article","og_title":"Trained by JP - Plant Based Vegan Protein - 2KG - Holy-Supps.nl","og_description":"Plant Based Vegan Protein: 2KG van 100% plantaardig eiwit, verrijkt met multivitaminen. Vier heerlijke smaken. Ideaal voor spiergroei en algeheel welzijn.","og_url":"https:\/\/www.holy-supps.nl\/es\/producto\/entrenado-por-jp-plant-based-vegan-protein-2kg\/","og_site_name":"Holy-Supps.nl","article_publisher":"https:\/\/www.facebook.com\/holy.supps","article_modified_time":"2025-08-26T13:22:18+00:00","og_image":[{"width":1080,"height":1080,"url":"https:\/\/www.holy-supps.nl\/wp-content\/uploads\/2023\/10\/VeganProteinPouch_50SRV_veganbadge_1800x1800.png.webp","type":"image\/webp"}],"twitter_card":"summary_large_image","twitter_misc":{"Tiempo de lectura":"3 minutos"},"schema":{"@context":"https:\/\/schema.org","@graph":[{"@type":"WebPage","@id":"https:\/\/www.holy-supps.nl\/product\/trained-by-jp-plant-based-vegan-protein-2kg\/","url":"https:\/\/www.holy-supps.nl\/product\/trained-by-jp-plant-based-vegan-protein-2kg\/","name":"Trained by JP - Proteina Vegana Vegana - 2KG - Holy-Supps.co.uk","isPartOf":{"@id":"https:\/\/www.holy-supps.nl\/#website"},"primaryImageOfPage":{"@id":"https:\/\/www.holy-supps.nl\/product\/trained-by-jp-plant-based-vegan-protein-2kg\/#primaryimage"},"image":{"@id":"https:\/\/www.holy-supps.nl\/product\/trained-by-jp-plant-based-vegan-protein-2kg\/#primaryimage"},"thumbnailUrl":"https:\/\/www.holy-supps.nl\/wp-content\/uploads\/2023\/10\/VeganProteinPouch_50SRV_veganbadge_1800x1800.png.webp","datePublished":"2023-10-15T13:21:38+00:00","dateModified":"2025-08-26T13:22:18+00:00","description":"Plant Based Vegan Protein: 2KG de prote\u00edna vegetal 100% enriquecida con multivitaminas. Cuatro deliciosos sabores. Ideal para el crecimiento muscular y el bienestar general.","breadcrumb":{"@id":"https:\/\/www.holy-supps.nl\/product\/trained-by-jp-plant-based-vegan-protein-2kg\/#breadcrumb"},"inLanguage":"es","potentialAction":[{"@type":"ReadAction","target":["https:\/\/www.holy-supps.nl\/product\/trained-by-jp-plant-based-vegan-protein-2kg\/"]}]},{"@type":"ImageObject","inLanguage":"es","@id":"https:\/\/www.holy-supps.nl\/product\/trained-by-jp-plant-based-vegan-protein-2kg\/#primaryimage","url":"https:\/\/www.holy-supps.nl\/wp-content\/uploads\/2023\/10\/VeganProteinPouch_50SRV_veganbadge_1800x1800.png.webp","contentUrl":"https:\/\/www.holy-supps.nl\/wp-content\/uploads\/2023\/10\/VeganProteinPouch_50SRV_veganbadge_1800x1800.png.webp","width":1080,"height":1080},{"@type":"BreadcrumbList","@id":"https:\/\/www.holy-supps.nl\/product\/trained-by-jp-plant-based-vegan-protein-2kg\/#breadcrumb","itemListElement":[{"@type":"ListItem","position":1,"name":"Home","item":"https:\/\/www.holy-supps.nl\/"},{"@type":"ListItem","position":2,"name":"Winkel","item":"https:\/\/www.holy-supps.nl\/winkel\/"},{"@type":"ListItem","position":3,"name":"Trained by JP &#8211; Plant Based Vegan Protein &#8211; 2KG"}]},{"@type":"WebSite","@id":"https:\/\/www.holy-supps.nl\/#website","url":"https:\/\/www.holy-supps.nl\/","name":"Holy-Supps.es","description":"\u00a1Distribuidor oficial de EHPLabs!","publisher":{"@id":"https:\/\/www.holy-supps.nl\/#organization"},"potentialAction":[{"@type":"SearchAction","target":{"@type":"EntryPoint","urlTemplate":"https:\/\/www.holy-supps.nl\/?s={search_term_string}"},"query-input":{"@type":"PropertyValueSpecification","valueRequired":true,"valueName":"search_term_string"}}],"inLanguage":"es"},{"@type":"Organization","@id":"https:\/\/www.holy-supps.nl\/#organization","name":"Santa Cena","url":"https:\/\/www.holy-supps.nl\/","logo":{"@type":"ImageObject","inLanguage":"es","@id":"https:\/\/www.holy-supps.nl\/#\/schema\/logo\/image\/","url":"https:\/\/www.holy-supps.nl\/wp-content\/uploads\/2023\/06\/HOLY-SUPPS.png","contentUrl":"https:\/\/www.holy-supps.nl\/wp-content\/uploads\/2023\/06\/HOLY-SUPPS.png","width":1000,"height":400,"caption":"Holy Supps"},"image":{"@id":"https:\/\/www.holy-supps.nl\/#\/schema\/logo\/image\/"},"sameAs":["https:\/\/www.facebook.com\/holy.supps","https:\/\/www.instagram.com\/holy.supps.shop\/"]}]}},"jetpack_sharing_enabled":true,"_links":{"self":[{"href":"https:\/\/www.holy-supps.nl\/es\/wp-json\/wp\/v2\/product\/1424","targetHints":{"allow":["GET"]}}],"collection":[{"href":"https:\/\/www.holy-supps.nl\/es\/wp-json\/wp\/v2\/product"}],"about":[{"href":"https:\/\/www.holy-supps.nl\/es\/wp-json\/wp\/v2\/types\/product"}],"replies":[{"embeddable":true,"href":"https:\/\/www.holy-supps.nl\/es\/wp-json\/wp\/v2\/comments?post=1424"}],"wp:featuredmedia":[{"embeddable":true,"href":"https:\/\/www.holy-supps.nl\/es\/wp-json\/wp\/v2\/media\/1450"}],"wp:attachment":[{"href":"https:\/\/www.holy-supps.nl\/es\/wp-json\/wp\/v2\/media?parent=1424"}],"wp:term":[{"taxonomy":"product_brand","embeddable":true,"href":"https:\/\/www.holy-supps.nl\/es\/wp-json\/wp\/v2\/product_brand?post=1424"},{"taxonomy":"product_cat","embeddable":true,"href":"https:\/\/www.holy-supps.nl\/es\/wp-json\/wp\/v2\/product_cat?post=1424"},{"taxonomy":"product_tag","embeddable":true,"href":"https:\/\/www.holy-supps.nl\/es\/wp-json\/wp\/v2\/product_tag?post=1424"}],"curies":[{"name":"wp","href":"https:\/\/api.w.org\/{rel}","templated":true}]}}