{"id":1328,"date":"2023-09-27T10:18:04","date_gmt":"2023-09-27T08:18:04","guid":{"rendered":"https:\/\/www.holy-supps.nl\/?post_type=product&#038;p=1328"},"modified":"2025-12-23T13:55:34","modified_gmt":"2025-12-23T12:55:34","slug":"paquete-bienestar-de-otono","status":"publish","type":"product","link":"https:\/\/www.holy-supps.nl\/es\/product\/health-bundle\/","title":{"rendered":"Paquete Salud"},"content":{"rendered":"<h2>El paquete de bienestar oto\u00f1al de EHPlabs<\/h2>\n<p>\u00bfEst\u00e1s listo para empezar la nueva temporada con energ\u00eda renovada? El <strong>Paquete de bienestar oto\u00f1al de EHPlabs<\/strong> Ha sido cuidadosamente elaborado y combina dos productos muy populares: <em>OxyGreens<\/em> y <em>OxyShred<\/em>. Este paquete es ideal para cualquiera que quiera darle un impulso extra a su rutina diaria.<\/p>\n<h3>OxyGreens: una mezcla de ingredientes verdes<\/h3>\n<p><em>OxyGreens<\/em> Contiene una mezcla de frutas y verduras en polvo, complementada con antioxidantes, vitaminas y minerales. Es una forma pr\u00e1ctica de a\u00f1adir variedad a tu alimentaci\u00f3n diaria. F\u00e1cil de mezclar con agua o en un batido para empezar el d\u00eda con energ\u00eda.<\/p>\n<h3>OxyShred: una opci\u00f3n popular para antes del entrenamiento<\/h3>\n<p><em>OxyShred<\/em> es uno de los productos m\u00e1s conocidos de EHPlabs. Esta f\u00f3rmula combina varios ingredientes, entre ellos cafe\u00edna y L-carnitina, y est\u00e1 disponible en varios sabores. OxyShred se utiliza a menudo antes de entrenar o como bebida refrescante en cualquier momento del d\u00eda.<\/p>\n<p><strong>El paquete de bienestar Fall<\/strong> es una combinaci\u00f3n pr\u00e1ctica para pasar esta temporada con energ\u00eda y variedad.<\/p>","protected":false},"excerpt":{"rendered":"<p>Revitaliza tu forma f\u00edsica oto\u00f1al con el paquete Wellness de oto\u00f1o de EHPlabs: \u00a1aumenta tu energ\u00eda, quema grasa y mant\u00e9n el estilo!<\/p>","protected":false},"featured_media":4577,"comment_status":"closed","ping_status":"closed","template":"","meta":[],"product_brand":[],"product_cat":[89,214,77,72,87,69,74,79,70,92],"product_tag":[],"class_list":{"0":"post-1328","1":"product","2":"type-product","3":"status-publish","4":"has-post-thumbnail","6":"product_cat-afvallen","7":"product_cat-black-friday-deals-ehp","8":"product_cat-bundles-save","9":"product_cat-ehplabs","10":"product_cat-energie-focus","11":"product_cat-fatburners","12":"product_cat-health-wellness","13":"product_cat-maaltijdvervangers","14":"product_cat-raws","15":"product_cat-vitamine-mineralen","17":"first","18":"instock","19":"sale","20":"taxable","21":"shipping-taxable","22":"purchasable","23":"product-type-yith_bundle"},"yoast_head":"<!-- This site is optimized with the Yoast SEO plugin v27.4 - https:\/\/yoast.com\/product\/yoast-seo-wordpress\/ -->\n<title>Health Bundle - Holy-Supps.nl<\/title>\n<meta name=\"description\" content=\"Boost je welzijn deze herfst met de EHPlabs Health Bundle: OxyGreens en OxyShred voor energie, vetverbranding en dagelijkse vitaliteit!\" \/>\n<meta name=\"robots\" content=\"index, follow, max-snippet:-1, max-image-preview:large, max-video-preview:-1\" \/>\n<link rel=\"canonical\" href=\"https:\/\/www.holy-supps.nl\/es\/producto\/paquete-bienestar-de-otono\/\" \/>\n<meta property=\"og:locale\" content=\"es_ES\" \/>\n<meta property=\"og:type\" content=\"article\" \/>\n<meta property=\"og:title\" content=\"Health Bundle - Holy-Supps.nl\" \/>\n<meta property=\"og:description\" content=\"Boost je welzijn deze herfst met de EHPlabs Health Bundle: OxyGreens en OxyShred voor energie, vetverbranding en dagelijkse vitaliteit!\" \/>\n<meta property=\"og:url\" content=\"https:\/\/www.holy-supps.nl\/es\/producto\/paquete-bienestar-de-otono\/\" \/>\n<meta property=\"og:site_name\" content=\"Holy-Supps.nl\" \/>\n<meta property=\"article:publisher\" content=\"https:\/\/www.facebook.com\/holy.supps\" \/>\n<meta property=\"article:modified_time\" content=\"2025-12-23T12:55:34+00:00\" \/>\n<meta property=\"og:image\" content=\"https:\/\/www.holy-supps.nl\/wp-content\/uploads\/2025\/11\/oxygreen-shred-bundle.png\" \/>\n\t<meta property=\"og:image:width\" content=\"990\" \/>\n\t<meta property=\"og:image:height\" content=\"990\" \/>\n\t<meta property=\"og:image:type\" content=\"image\/png\" \/>\n<meta name=\"twitter:card\" content=\"summary_large_image\" \/>\n<meta name=\"twitter:label1\" content=\"Tiempo de lectura\" \/>\n\t<meta name=\"twitter:data1\" content=\"1 minuto\" \/>\n<script type=\"application\/ld+json\" class=\"yoast-schema-graph\">{\"@context\":\"https:\\\/\\\/schema.org\",\"@graph\":[{\"@type\":\"WebPage\",\"@id\":\"https:\\\/\\\/www.holy-supps.nl\\\/product\\\/health-bundle\\\/\",\"url\":\"https:\\\/\\\/www.holy-supps.nl\\\/product\\\/health-bundle\\\/\",\"name\":\"Health Bundle - Holy-Supps.nl\",\"isPartOf\":{\"@id\":\"https:\\\/\\\/www.holy-supps.nl\\\/#website\"},\"primaryImageOfPage\":{\"@id\":\"https:\\\/\\\/www.holy-supps.nl\\\/product\\\/health-bundle\\\/#primaryimage\"},\"image\":{\"@id\":\"https:\\\/\\\/www.holy-supps.nl\\\/product\\\/health-bundle\\\/#primaryimage\"},\"thumbnailUrl\":\"https:\\\/\\\/www.holy-supps.nl\\\/wp-content\\\/uploads\\\/2025\\\/11\\\/oxygreen-shred-bundle.png\",\"datePublished\":\"2023-09-27T08:18:04+00:00\",\"dateModified\":\"2025-12-23T12:55:34+00:00\",\"description\":\"Boost je welzijn deze herfst met de EHPlabs Health Bundle: OxyGreens en OxyShred voor energie, vetverbranding en dagelijkse vitaliteit!\",\"breadcrumb\":{\"@id\":\"https:\\\/\\\/www.holy-supps.nl\\\/product\\\/health-bundle\\\/#breadcrumb\"},\"inLanguage\":\"es\",\"potentialAction\":[{\"@type\":\"ReadAction\",\"target\":[\"https:\\\/\\\/www.holy-supps.nl\\\/product\\\/health-bundle\\\/\"]}]},{\"@type\":\"ImageObject\",\"inLanguage\":\"es\",\"@id\":\"https:\\\/\\\/www.holy-supps.nl\\\/product\\\/health-bundle\\\/#primaryimage\",\"url\":\"https:\\\/\\\/www.holy-supps.nl\\\/wp-content\\\/uploads\\\/2025\\\/11\\\/oxygreen-shred-bundle.png\",\"contentUrl\":\"https:\\\/\\\/www.holy-supps.nl\\\/wp-content\\\/uploads\\\/2025\\\/11\\\/oxygreen-shred-bundle.png\",\"width\":990,\"height\":990},{\"@type\":\"BreadcrumbList\",\"@id\":\"https:\\\/\\\/www.holy-supps.nl\\\/product\\\/health-bundle\\\/#breadcrumb\",\"itemListElement\":[{\"@type\":\"ListItem\",\"position\":1,\"name\":\"Home\",\"item\":\"https:\\\/\\\/www.holy-supps.nl\\\/\"},{\"@type\":\"ListItem\",\"position\":2,\"name\":\"Winkel\",\"item\":\"https:\\\/\\\/www.holy-supps.nl\\\/winkel\\\/\"},{\"@type\":\"ListItem\",\"position\":3,\"name\":\"Health Bundle\"}]},{\"@type\":\"WebSite\",\"@id\":\"https:\\\/\\\/www.holy-supps.nl\\\/#website\",\"url\":\"https:\\\/\\\/www.holy-supps.nl\\\/\",\"name\":\"Holy-Supps.nl\",\"description\":\"Official EHPLabs Reseller!\",\"publisher\":{\"@id\":\"https:\\\/\\\/www.holy-supps.nl\\\/#organization\"},\"potentialAction\":[{\"@type\":\"SearchAction\",\"target\":{\"@type\":\"EntryPoint\",\"urlTemplate\":\"https:\\\/\\\/www.holy-supps.nl\\\/?s={search_term_string}\"},\"query-input\":{\"@type\":\"PropertyValueSpecification\",\"valueRequired\":true,\"valueName\":\"search_term_string\"}}],\"inLanguage\":\"es\"},{\"@type\":\"Organization\",\"@id\":\"https:\\\/\\\/www.holy-supps.nl\\\/#organization\",\"name\":\"Holy Supps\",\"url\":\"https:\\\/\\\/www.holy-supps.nl\\\/\",\"logo\":{\"@type\":\"ImageObject\",\"inLanguage\":\"es\",\"@id\":\"https:\\\/\\\/www.holy-supps.nl\\\/#\\\/schema\\\/logo\\\/image\\\/\",\"url\":\"https:\\\/\\\/www.holy-supps.nl\\\/wp-content\\\/uploads\\\/2023\\\/06\\\/HOLY-SUPPS.png\",\"contentUrl\":\"https:\\\/\\\/www.holy-supps.nl\\\/wp-content\\\/uploads\\\/2023\\\/06\\\/HOLY-SUPPS.png\",\"width\":1000,\"height\":400,\"caption\":\"Holy Supps\"},\"image\":{\"@id\":\"https:\\\/\\\/www.holy-supps.nl\\\/#\\\/schema\\\/logo\\\/image\\\/\"},\"sameAs\":[\"https:\\\/\\\/www.facebook.com\\\/holy.supps\",\"https:\\\/\\\/www.instagram.com\\\/holy.supps.shop\\\/\"]}]}<\/script>\n<!-- \/ Yoast SEO plugin. -->","yoast_head_json":{"title":"Paquete Salud - Holy-Supps.co.uk","description":"Aumente su bienestar este oto\u00f1o con el paquete de salud de EHPlabs: OxyGreens y OxyShred para la energ\u00eda, la quema de grasas y la vitalidad diaria.","robots":{"index":"index","follow":"follow","max-snippet":"max-snippet:-1","max-image-preview":"max-image-preview:large","max-video-preview":"max-video-preview:-1"},"canonical":"https:\/\/www.holy-supps.nl\/es\/producto\/paquete-bienestar-de-otono\/","og_locale":"es_ES","og_type":"article","og_title":"Health Bundle - Holy-Supps.nl","og_description":"Boost je welzijn deze herfst met de EHPlabs Health Bundle: OxyGreens en OxyShred voor energie, vetverbranding en dagelijkse vitaliteit!","og_url":"https:\/\/www.holy-supps.nl\/es\/producto\/paquete-bienestar-de-otono\/","og_site_name":"Holy-Supps.nl","article_publisher":"https:\/\/www.facebook.com\/holy.supps","article_modified_time":"2025-12-23T12:55:34+00:00","og_image":[{"width":990,"height":990,"url":"https:\/\/www.holy-supps.nl\/wp-content\/uploads\/2025\/11\/oxygreen-shred-bundle.png","type":"image\/png"}],"twitter_card":"summary_large_image","twitter_misc":{"Tiempo de lectura":"1 minuto"},"schema":{"@context":"https:\/\/schema.org","@graph":[{"@type":"WebPage","@id":"https:\/\/www.holy-supps.nl\/product\/health-bundle\/","url":"https:\/\/www.holy-supps.nl\/product\/health-bundle\/","name":"Paquete Salud - Holy-Supps.co.uk","isPartOf":{"@id":"https:\/\/www.holy-supps.nl\/#website"},"primaryImageOfPage":{"@id":"https:\/\/www.holy-supps.nl\/product\/health-bundle\/#primaryimage"},"image":{"@id":"https:\/\/www.holy-supps.nl\/product\/health-bundle\/#primaryimage"},"thumbnailUrl":"https:\/\/www.holy-supps.nl\/wp-content\/uploads\/2025\/11\/oxygreen-shred-bundle.png","datePublished":"2023-09-27T08:18:04+00:00","dateModified":"2025-12-23T12:55:34+00:00","description":"Aumente su bienestar este oto\u00f1o con el paquete de salud de EHPlabs: OxyGreens y OxyShred para la energ\u00eda, la quema de grasas y la vitalidad diaria.","breadcrumb":{"@id":"https:\/\/www.holy-supps.nl\/product\/health-bundle\/#breadcrumb"},"inLanguage":"es","potentialAction":[{"@type":"ReadAction","target":["https:\/\/www.holy-supps.nl\/product\/health-bundle\/"]}]},{"@type":"ImageObject","inLanguage":"es","@id":"https:\/\/www.holy-supps.nl\/product\/health-bundle\/#primaryimage","url":"https:\/\/www.holy-supps.nl\/wp-content\/uploads\/2025\/11\/oxygreen-shred-bundle.png","contentUrl":"https:\/\/www.holy-supps.nl\/wp-content\/uploads\/2025\/11\/oxygreen-shred-bundle.png","width":990,"height":990},{"@type":"BreadcrumbList","@id":"https:\/\/www.holy-supps.nl\/product\/health-bundle\/#breadcrumb","itemListElement":[{"@type":"ListItem","position":1,"name":"Home","item":"https:\/\/www.holy-supps.nl\/"},{"@type":"ListItem","position":2,"name":"Winkel","item":"https:\/\/www.holy-supps.nl\/winkel\/"},{"@type":"ListItem","position":3,"name":"Health Bundle"}]},{"@type":"WebSite","@id":"https:\/\/www.holy-supps.nl\/#website","url":"https:\/\/www.holy-supps.nl\/","name":"Holy-Supps.es","description":"\u00a1Distribuidor oficial de EHPLabs!","publisher":{"@id":"https:\/\/www.holy-supps.nl\/#organization"},"potentialAction":[{"@type":"SearchAction","target":{"@type":"EntryPoint","urlTemplate":"https:\/\/www.holy-supps.nl\/?s={search_term_string}"},"query-input":{"@type":"PropertyValueSpecification","valueRequired":true,"valueName":"search_term_string"}}],"inLanguage":"es"},{"@type":"Organization","@id":"https:\/\/www.holy-supps.nl\/#organization","name":"Santa Cena","url":"https:\/\/www.holy-supps.nl\/","logo":{"@type":"ImageObject","inLanguage":"es","@id":"https:\/\/www.holy-supps.nl\/#\/schema\/logo\/image\/","url":"https:\/\/www.holy-supps.nl\/wp-content\/uploads\/2023\/06\/HOLY-SUPPS.png","contentUrl":"https:\/\/www.holy-supps.nl\/wp-content\/uploads\/2023\/06\/HOLY-SUPPS.png","width":1000,"height":400,"caption":"Holy Supps"},"image":{"@id":"https:\/\/www.holy-supps.nl\/#\/schema\/logo\/image\/"},"sameAs":["https:\/\/www.facebook.com\/holy.supps","https:\/\/www.instagram.com\/holy.supps.shop\/"]}]}},"jetpack_sharing_enabled":true,"_links":{"self":[{"href":"https:\/\/www.holy-supps.nl\/es\/wp-json\/wp\/v2\/product\/1328","targetHints":{"allow":["GET"]}}],"collection":[{"href":"https:\/\/www.holy-supps.nl\/es\/wp-json\/wp\/v2\/product"}],"about":[{"href":"https:\/\/www.holy-supps.nl\/es\/wp-json\/wp\/v2\/types\/product"}],"replies":[{"embeddable":true,"href":"https:\/\/www.holy-supps.nl\/es\/wp-json\/wp\/v2\/comments?post=1328"}],"wp:featuredmedia":[{"embeddable":true,"href":"https:\/\/www.holy-supps.nl\/es\/wp-json\/wp\/v2\/media\/4577"}],"wp:attachment":[{"href":"https:\/\/www.holy-supps.nl\/es\/wp-json\/wp\/v2\/media?parent=1328"}],"wp:term":[{"taxonomy":"product_brand","embeddable":true,"href":"https:\/\/www.holy-supps.nl\/es\/wp-json\/wp\/v2\/product_brand?post=1328"},{"taxonomy":"product_cat","embeddable":true,"href":"https:\/\/www.holy-supps.nl\/es\/wp-json\/wp\/v2\/product_cat?post=1328"},{"taxonomy":"product_tag","embeddable":true,"href":"https:\/\/www.holy-supps.nl\/es\/wp-json\/wp\/v2\/product_tag?post=1328"}],"curies":[{"name":"wp","href":"https:\/\/api.w.org\/{rel}","templated":true}]}}