{"id":1047,"date":"2023-07-23T21:07:17","date_gmt":"2023-07-23T19:07:17","guid":{"rendered":"https:\/\/www.holy-supps.nl\/?post_type=product&#038;p=1047"},"modified":"2026-03-31T16:09:46","modified_gmt":"2026-03-31T14:09:46","slug":"carnivor-100-beef-protein-musclemeds","status":"publish","type":"product","link":"https:\/\/www.holy-supps.nl\/es\/product\/carnivor-100-beef-protein-musclemeds\/","title":{"rendered":"Carnivor 100% Prote\u00edna de Carne de Vacuno - Musclemeds"},"content":{"rendered":"<h2>Descripci\u00f3n<\/h2>\n<p>Carnivor de MuscleMeds es una prote\u00edna en polvo a base de prote\u00edna hidrolizada de carne de vacuno. Este producto ofrece una alternativa a las prote\u00ednas en polvo tradicionales de suero o vegetales y no contiene lactosa. Carnivor est\u00e1 dise\u00f1ado para mezclarse f\u00e1cilmente con agua o leche y est\u00e1 disponible en varios sabores.<\/p>\n<h2>Ventajas<\/h2>\n<ul>\n<li>Prote\u00edna en polvo a base de aislado de prote\u00edna de carne de vacuno.<\/li>\n<li>Sin lactosa, apto para personas que evitan los l\u00e1cteos.<\/li>\n<li>Alternativa a las fuentes de prote\u00edna de suero y vegetales<\/li>\n<li>Disponible en varios sabores.<\/li>\n<li>F\u00e1cilmente soluble en agua o leche.<\/li>\n<\/ul>\n<h2>Instrucciones de uso<\/h2>\n<p>Mezcla 1 cucharada de Carnivor (aprox. 35 g) con 200-300 ml de agua o leche. Agita o remueve bien hasta que se disuelva por completo. Se puede tomar en cualquier momento del d\u00eda, por ejemplo, despu\u00e9s del entrenamiento o como complemento de una comida. No superar la dosis diaria recomendada. Los complementos alimenticios no sustituyen una alimentaci\u00f3n variada y un estilo de vida saludable.<\/p>","protected":false},"excerpt":{"rendered":"<p>Carnivor de MuscleMeds es una prote\u00edna en polvo sin lactosa a base de aislado de prote\u00edna de carne de vacuno. Ofrece una alternativa a las prote\u00ednas de suero o vegetales y est\u00e1 disponible en varios sabores. Ideal como complemento de una dieta variada.<\/p>","protected":false},"featured_media":1055,"comment_status":"open","ping_status":"closed","template":"","meta":[],"product_brand":[],"product_cat":[86,77,80,67,15,71,171,75,81],"product_tag":[],"class_list":{"0":"post-1047","1":"product","2":"type-product","3":"status-publish","4":"has-post-thumbnail","6":"product_cat-aankomen","7":"product_cat-bundles-save","8":"product_cat-doel","9":"product_cat-eiwitten-proteine","10":"product_cat-geen-categorie","11":"product_cat-merken","12":"product_cat-musclemeds","13":"product_cat-producten","14":"product_cat-spieropbouw","16":"first","17":"instock","18":"sale","19":"taxable","20":"shipping-taxable","21":"purchasable","22":"product-type-variable"},"yoast_head":"<!-- This site is optimized with the Yoast SEO plugin v27.3 - https:\/\/yoast.com\/product\/yoast-seo-wordpress\/ -->\n<title>Carnivor 100% Beef Protein - Musclemeds - Holy-Supps.nl<\/title>\n<meta name=\"description\" content=\"Ervaar de kracht van Carnivor 100% Beef Protein: lactosevrij, suikervrij, en 350% meer aminozuren voor maximale spieropbouw! Halal gecertificeerd.\" \/>\n<meta name=\"robots\" content=\"index, follow, max-snippet:-1, max-image-preview:large, max-video-preview:-1\" \/>\n<link rel=\"canonical\" href=\"https:\/\/www.holy-supps.nl\/es\/producto\/carnivor-100-beef-protein-musclemeds\/\" \/>\n<meta property=\"og:locale\" content=\"es_ES\" \/>\n<meta property=\"og:type\" content=\"article\" \/>\n<meta property=\"og:title\" content=\"Carnivor 100% Beef Protein - Musclemeds - Holy-Supps.nl\" \/>\n<meta property=\"og:description\" content=\"Ervaar de kracht van Carnivor 100% Beef Protein: lactosevrij, suikervrij, en 350% meer aminozuren voor maximale spieropbouw! Halal gecertificeerd.\" \/>\n<meta property=\"og:url\" content=\"https:\/\/www.holy-supps.nl\/es\/producto\/carnivor-100-beef-protein-musclemeds\/\" \/>\n<meta property=\"og:site_name\" content=\"Holy-Supps.nl\" \/>\n<meta property=\"article:publisher\" content=\"https:\/\/www.facebook.com\/holy.supps\" \/>\n<meta property=\"article:modified_time\" content=\"2026-03-31T14:09:46+00:00\" \/>\n<meta property=\"og:image\" content=\"https:\/\/www.holy-supps.nl\/wp-content\/uploads\/2023\/07\/CARNIVOR-PEANUT-BUTTER-865344_3000x.webp\" \/>\n\t<meta property=\"og:image:width\" content=\"1080\" \/>\n\t<meta property=\"og:image:height\" content=\"1080\" \/>\n\t<meta property=\"og:image:type\" content=\"image\/webp\" \/>\n<meta name=\"twitter:card\" content=\"summary_large_image\" \/>\n<meta name=\"twitter:label1\" content=\"Tiempo de lectura\" \/>\n\t<meta name=\"twitter:data1\" content=\"2 minutos\" \/>\n<script type=\"application\/ld+json\" class=\"yoast-schema-graph\">{\"@context\":\"https:\\\/\\\/schema.org\",\"@graph\":[{\"@type\":\"WebPage\",\"@id\":\"https:\\\/\\\/www.holy-supps.nl\\\/product\\\/carnivor-100-beef-protein-musclemeds\\\/\",\"url\":\"https:\\\/\\\/www.holy-supps.nl\\\/product\\\/carnivor-100-beef-protein-musclemeds\\\/\",\"name\":\"Carnivor 100% Beef Protein - Musclemeds - Holy-Supps.nl\",\"isPartOf\":{\"@id\":\"https:\\\/\\\/www.holy-supps.nl\\\/#website\"},\"primaryImageOfPage\":{\"@id\":\"https:\\\/\\\/www.holy-supps.nl\\\/product\\\/carnivor-100-beef-protein-musclemeds\\\/#primaryimage\"},\"image\":{\"@id\":\"https:\\\/\\\/www.holy-supps.nl\\\/product\\\/carnivor-100-beef-protein-musclemeds\\\/#primaryimage\"},\"thumbnailUrl\":\"https:\\\/\\\/www.holy-supps.nl\\\/wp-content\\\/uploads\\\/2023\\\/07\\\/CARNIVOR-PEANUT-BUTTER-865344_3000x.webp\",\"datePublished\":\"2023-07-23T19:07:17+00:00\",\"dateModified\":\"2026-03-31T14:09:46+00:00\",\"description\":\"Ervaar de kracht van Carnivor 100% Beef Protein: lactosevrij, suikervrij, en 350% meer aminozuren voor maximale spieropbouw! Halal gecertificeerd.\",\"breadcrumb\":{\"@id\":\"https:\\\/\\\/www.holy-supps.nl\\\/product\\\/carnivor-100-beef-protein-musclemeds\\\/#breadcrumb\"},\"inLanguage\":\"es\",\"potentialAction\":[{\"@type\":\"ReadAction\",\"target\":[\"https:\\\/\\\/www.holy-supps.nl\\\/product\\\/carnivor-100-beef-protein-musclemeds\\\/\"]}]},{\"@type\":\"ImageObject\",\"inLanguage\":\"es\",\"@id\":\"https:\\\/\\\/www.holy-supps.nl\\\/product\\\/carnivor-100-beef-protein-musclemeds\\\/#primaryimage\",\"url\":\"https:\\\/\\\/www.holy-supps.nl\\\/wp-content\\\/uploads\\\/2023\\\/07\\\/CARNIVOR-PEANUT-BUTTER-865344_3000x.webp\",\"contentUrl\":\"https:\\\/\\\/www.holy-supps.nl\\\/wp-content\\\/uploads\\\/2023\\\/07\\\/CARNIVOR-PEANUT-BUTTER-865344_3000x.webp\",\"width\":1080,\"height\":1080},{\"@type\":\"BreadcrumbList\",\"@id\":\"https:\\\/\\\/www.holy-supps.nl\\\/product\\\/carnivor-100-beef-protein-musclemeds\\\/#breadcrumb\",\"itemListElement\":[{\"@type\":\"ListItem\",\"position\":1,\"name\":\"Home\",\"item\":\"https:\\\/\\\/www.holy-supps.nl\\\/\"},{\"@type\":\"ListItem\",\"position\":2,\"name\":\"Winkel\",\"item\":\"https:\\\/\\\/www.holy-supps.nl\\\/winkel\\\/\"},{\"@type\":\"ListItem\",\"position\":3,\"name\":\"Carnivor 100% Beef Protein &#8211; Musclemeds\"}]},{\"@type\":\"WebSite\",\"@id\":\"https:\\\/\\\/www.holy-supps.nl\\\/#website\",\"url\":\"https:\\\/\\\/www.holy-supps.nl\\\/\",\"name\":\"Holy-Supps.nl\",\"description\":\"Official EHPLabs Reseller!\",\"publisher\":{\"@id\":\"https:\\\/\\\/www.holy-supps.nl\\\/#organization\"},\"potentialAction\":[{\"@type\":\"SearchAction\",\"target\":{\"@type\":\"EntryPoint\",\"urlTemplate\":\"https:\\\/\\\/www.holy-supps.nl\\\/?s={search_term_string}\"},\"query-input\":{\"@type\":\"PropertyValueSpecification\",\"valueRequired\":true,\"valueName\":\"search_term_string\"}}],\"inLanguage\":\"es\"},{\"@type\":\"Organization\",\"@id\":\"https:\\\/\\\/www.holy-supps.nl\\\/#organization\",\"name\":\"Holy Supps\",\"url\":\"https:\\\/\\\/www.holy-supps.nl\\\/\",\"logo\":{\"@type\":\"ImageObject\",\"inLanguage\":\"es\",\"@id\":\"https:\\\/\\\/www.holy-supps.nl\\\/#\\\/schema\\\/logo\\\/image\\\/\",\"url\":\"https:\\\/\\\/www.holy-supps.nl\\\/wp-content\\\/uploads\\\/2023\\\/06\\\/HOLY-SUPPS.png\",\"contentUrl\":\"https:\\\/\\\/www.holy-supps.nl\\\/wp-content\\\/uploads\\\/2023\\\/06\\\/HOLY-SUPPS.png\",\"width\":1000,\"height\":400,\"caption\":\"Holy Supps\"},\"image\":{\"@id\":\"https:\\\/\\\/www.holy-supps.nl\\\/#\\\/schema\\\/logo\\\/image\\\/\"},\"sameAs\":[\"https:\\\/\\\/www.facebook.com\\\/holy.supps\",\"https:\\\/\\\/www.instagram.com\\\/holy.supps.shop\\\/\"]}]}<\/script>\n<!-- \/ Yoast SEO plugin. -->","yoast_head_json":{"title":"Carnivor 100% Beef Protein - Musclemeds - Holy-Supps.co.uk","description":"Experimente el poder de la Prote\u00edna de Carne de Vacuno Carnivor 100%: \u00a1sin lactosa, sin az\u00facar y con 350% m\u00e1s amino\u00e1cidos para una m\u00e1xima construcci\u00f3n muscular! Certificado Halal.","robots":{"index":"index","follow":"follow","max-snippet":"max-snippet:-1","max-image-preview":"max-image-preview:large","max-video-preview":"max-video-preview:-1"},"canonical":"https:\/\/www.holy-supps.nl\/es\/producto\/carnivor-100-beef-protein-musclemeds\/","og_locale":"es_ES","og_type":"article","og_title":"Carnivor 100% Beef Protein - Musclemeds - Holy-Supps.nl","og_description":"Ervaar de kracht van Carnivor 100% Beef Protein: lactosevrij, suikervrij, en 350% meer aminozuren voor maximale spieropbouw! Halal gecertificeerd.","og_url":"https:\/\/www.holy-supps.nl\/es\/producto\/carnivor-100-beef-protein-musclemeds\/","og_site_name":"Holy-Supps.nl","article_publisher":"https:\/\/www.facebook.com\/holy.supps","article_modified_time":"2026-03-31T14:09:46+00:00","og_image":[{"width":1080,"height":1080,"url":"https:\/\/www.holy-supps.nl\/wp-content\/uploads\/2023\/07\/CARNIVOR-PEANUT-BUTTER-865344_3000x.webp","type":"image\/webp"}],"twitter_card":"summary_large_image","twitter_misc":{"Tiempo de lectura":"2 minutos"},"schema":{"@context":"https:\/\/schema.org","@graph":[{"@type":"WebPage","@id":"https:\/\/www.holy-supps.nl\/product\/carnivor-100-beef-protein-musclemeds\/","url":"https:\/\/www.holy-supps.nl\/product\/carnivor-100-beef-protein-musclemeds\/","name":"Carnivor 100% Beef Protein - Musclemeds - Holy-Supps.co.uk","isPartOf":{"@id":"https:\/\/www.holy-supps.nl\/#website"},"primaryImageOfPage":{"@id":"https:\/\/www.holy-supps.nl\/product\/carnivor-100-beef-protein-musclemeds\/#primaryimage"},"image":{"@id":"https:\/\/www.holy-supps.nl\/product\/carnivor-100-beef-protein-musclemeds\/#primaryimage"},"thumbnailUrl":"https:\/\/www.holy-supps.nl\/wp-content\/uploads\/2023\/07\/CARNIVOR-PEANUT-BUTTER-865344_3000x.webp","datePublished":"2023-07-23T19:07:17+00:00","dateModified":"2026-03-31T14:09:46+00:00","description":"Experimente el poder de la Prote\u00edna de Carne de Vacuno Carnivor 100%: \u00a1sin lactosa, sin az\u00facar y con 350% m\u00e1s amino\u00e1cidos para una m\u00e1xima construcci\u00f3n muscular! Certificado Halal.","breadcrumb":{"@id":"https:\/\/www.holy-supps.nl\/product\/carnivor-100-beef-protein-musclemeds\/#breadcrumb"},"inLanguage":"es","potentialAction":[{"@type":"ReadAction","target":["https:\/\/www.holy-supps.nl\/product\/carnivor-100-beef-protein-musclemeds\/"]}]},{"@type":"ImageObject","inLanguage":"es","@id":"https:\/\/www.holy-supps.nl\/product\/carnivor-100-beef-protein-musclemeds\/#primaryimage","url":"https:\/\/www.holy-supps.nl\/wp-content\/uploads\/2023\/07\/CARNIVOR-PEANUT-BUTTER-865344_3000x.webp","contentUrl":"https:\/\/www.holy-supps.nl\/wp-content\/uploads\/2023\/07\/CARNIVOR-PEANUT-BUTTER-865344_3000x.webp","width":1080,"height":1080},{"@type":"BreadcrumbList","@id":"https:\/\/www.holy-supps.nl\/product\/carnivor-100-beef-protein-musclemeds\/#breadcrumb","itemListElement":[{"@type":"ListItem","position":1,"name":"Home","item":"https:\/\/www.holy-supps.nl\/"},{"@type":"ListItem","position":2,"name":"Winkel","item":"https:\/\/www.holy-supps.nl\/winkel\/"},{"@type":"ListItem","position":3,"name":"Carnivor 100% Beef Protein &#8211; Musclemeds"}]},{"@type":"WebSite","@id":"https:\/\/www.holy-supps.nl\/#website","url":"https:\/\/www.holy-supps.nl\/","name":"Holy-Supps.es","description":"\u00a1Distribuidor oficial de EHPLabs!","publisher":{"@id":"https:\/\/www.holy-supps.nl\/#organization"},"potentialAction":[{"@type":"SearchAction","target":{"@type":"EntryPoint","urlTemplate":"https:\/\/www.holy-supps.nl\/?s={search_term_string}"},"query-input":{"@type":"PropertyValueSpecification","valueRequired":true,"valueName":"search_term_string"}}],"inLanguage":"es"},{"@type":"Organization","@id":"https:\/\/www.holy-supps.nl\/#organization","name":"Santa Cena","url":"https:\/\/www.holy-supps.nl\/","logo":{"@type":"ImageObject","inLanguage":"es","@id":"https:\/\/www.holy-supps.nl\/#\/schema\/logo\/image\/","url":"https:\/\/www.holy-supps.nl\/wp-content\/uploads\/2023\/06\/HOLY-SUPPS.png","contentUrl":"https:\/\/www.holy-supps.nl\/wp-content\/uploads\/2023\/06\/HOLY-SUPPS.png","width":1000,"height":400,"caption":"Holy Supps"},"image":{"@id":"https:\/\/www.holy-supps.nl\/#\/schema\/logo\/image\/"},"sameAs":["https:\/\/www.facebook.com\/holy.supps","https:\/\/www.instagram.com\/holy.supps.shop\/"]}]}},"jetpack_sharing_enabled":true,"_links":{"self":[{"href":"https:\/\/www.holy-supps.nl\/es\/wp-json\/wp\/v2\/product\/1047","targetHints":{"allow":["GET"]}}],"collection":[{"href":"https:\/\/www.holy-supps.nl\/es\/wp-json\/wp\/v2\/product"}],"about":[{"href":"https:\/\/www.holy-supps.nl\/es\/wp-json\/wp\/v2\/types\/product"}],"replies":[{"embeddable":true,"href":"https:\/\/www.holy-supps.nl\/es\/wp-json\/wp\/v2\/comments?post=1047"}],"wp:featuredmedia":[{"embeddable":true,"href":"https:\/\/www.holy-supps.nl\/es\/wp-json\/wp\/v2\/media\/1055"}],"wp:attachment":[{"href":"https:\/\/www.holy-supps.nl\/es\/wp-json\/wp\/v2\/media?parent=1047"}],"wp:term":[{"taxonomy":"product_brand","embeddable":true,"href":"https:\/\/www.holy-supps.nl\/es\/wp-json\/wp\/v2\/product_brand?post=1047"},{"taxonomy":"product_cat","embeddable":true,"href":"https:\/\/www.holy-supps.nl\/es\/wp-json\/wp\/v2\/product_cat?post=1047"},{"taxonomy":"product_tag","embeddable":true,"href":"https:\/\/www.holy-supps.nl\/es\/wp-json\/wp\/v2\/product_tag?post=1047"}],"curies":[{"name":"wp","href":"https:\/\/api.w.org\/{rel}","templated":true}]}}