{"id":735,"date":"2023-04-07T17:30:16","date_gmt":"2023-04-07T15:30:16","guid":{"rendered":"https:\/\/www.holy-supps.nl\/?page_id=735"},"modified":"2023-04-07T17:54:16","modified_gmt":"2023-04-07T15:54:16","slug":"descargo-de-responsabilidad","status":"publish","type":"page","link":"https:\/\/www.holy-supps.nl\/es\/disclaimer\/","title":{"rendered":"Descargo de responsabilidad"},"content":{"rendered":"<section class=\"section\" id=\"section_1669549248\">\n\t\t<div class=\"section-bg fill\" >\n\t\t\t\t\t\t\t\t\t\n\t\t\t\n\n\t\t<\/div>\n\n\t\t\n\n\t\t<div class=\"section-content relative\">\n\t\t\t\n<div class=\"row\"  id=\"row-787636015\">\n\n\t<div id=\"col-400263926\" class=\"col small-12 large-12\"  >\n\t\t\t\t<div class=\"col-inner\"  >\n\t\t\t\n\t\t\t\n<h2>Descargo de responsabilidad<\/h2>\n<p>En esta p\u00e1gina encontrar\u00e1 el descargo de responsabilidad de www.holy-supps<span class=\"placeholder\" title=\"\" data-toggle=\"tooltip\" data-placement=\"top\" data-original-title=\"Vul alstublieft in Bedrijfswebsite\"><span class=\"ng-binding\">.es<\/span><\/span>facilitado por\u00a0<span class=\"placeholder\" title=\"\" data-toggle=\"tooltip\" data-placement=\"top\" data-original-title=\"Vul alstublieft in Bedrijfsnaam\"><span class=\"ng-binding\">Holy-Supps<\/span><\/span>. En esta cl\u00e1usula de exenci\u00f3n de responsabilidad indicamos las condiciones en las que le facilitamos la informaci\u00f3n de nuestro sitio web. Tenga en cuenta que esta cl\u00e1usula de exenci\u00f3n de responsabilidad puede cambiar de vez en cuando. Si cambiara, encontrar\u00e1 la versi\u00f3n m\u00e1s reciente del descargo de responsabilidad en esta p\u00e1gina.<\/p>\n<p><span class=\"placeholder\" title=\"\" data-toggle=\"tooltip\" data-placement=\"top\" data-original-title=\"Vul alstublieft in Bedrijfsnaam\"><span class=\"ng-binding\">Santo<\/span><\/span>-Supps le concede acceso a www.holy-supps.nl (el sitio web) y le invita a comprar lo que se ofrece. <span class=\"placeholder\" title=\"\" data-toggle=\"tooltip\" data-placement=\"top\" data-original-title=\"Vul alstublieft in Bedrijfsnaam\"><span class=\"ng-binding\">Santo<\/span><\/span>-Supps se reserva el derecho de modificar el contenido o eliminar secciones en cualquier momento sin tener que notific\u00e1rselo.<\/p>\n<p><strong>Responsabilidad limitada<\/strong><br \/><span class=\"placeholder\" title=\"\" data-toggle=\"tooltip\" data-placement=\"top\" data-original-title=\"Vul alstublieft in Bedrijfsnaam\"><span class=\"ng-binding\">Santo<\/span><\/span>-Supps se esfuerza por actualizar y\/o completar el contenido del sitio web con la mayor frecuencia posible. A pesar de este cuidado y atenci\u00f3n, es posible que el contenido sea incompleto y\/o incorrecto. Los materiales ofrecidos en el sitio web se ofrecen sin ning\u00fan tipo de garant\u00eda o pretensi\u00f3n de exactitud.<\/p>\n<p>En concreto, los precios y dem\u00e1s informaci\u00f3n sobre los productos que figuran en el sitio web est\u00e1n sujetos a errores manifiestos de programaci\u00f3n y mecanograf\u00eda. No se puede pretender un acuerdo con <span class=\"placeholder\" title=\"\" data-toggle=\"tooltip\" data-placement=\"top\" data-original-title=\"Vul alstublieft in Bedrijfsnaam\"><span class=\"ng-binding\">Santo<\/span><\/span>-Supuestos. En el caso de hiperv\u00ednculos a sitios web o servicios de terceros incluidos en el sitio web, el <span class=\"placeholder\" title=\"\" data-toggle=\"tooltip\" data-placement=\"top\" data-original-title=\"Vul alstublieft in Bedrijfsnaam\"><span class=\"ng-binding\">Santo<\/span><\/span>-Supps nunca acepta la responsabilidad.<\/p>\n<p><strong>Copyright<\/strong><br \/>Todos los derechos de propiedad intelectual relativos a este material pertenecen a <span class=\"placeholder\" title=\"\" data-toggle=\"tooltip\" data-placement=\"top\" data-original-title=\"Vul alstublieft in Bedrijfsnaam\"><span class=\"ng-binding\">Santo<\/span><\/span>-Supps y sus licenciantes. El uso de la informaci\u00f3n contenida en este sitio web es gratuito siempre que no se copie, distribuya o utilice de cualquier otro modo o se haga un uso indebido de esta informaci\u00f3n sin el permiso por escrito de <span class=\"placeholder\" title=\"\" data-toggle=\"tooltip\" data-placement=\"top\" data-original-title=\"Vul alstublieft in Bedrijfsnaam\"><span class=\"ng-binding\">Santo<\/span><\/span>-Suministros, salvo y \u00fanicamente en la medida en que se disponga lo contrario en normas de derecho imperativo (como el derecho de cita), a menos que se indique lo contrario para materiales espec\u00edficos.<\/p>\n<p><strong>Horario de alimentaci\u00f3n<\/strong><\/p>\n<p>Los servicios de horario de alimentaci\u00f3n de <span class=\"placeholder\" title=\"\" data-toggle=\"tooltip\" data-placement=\"top\" data-original-title=\"Vul alstublieft in Bedrijfsnaam\"><span class=\"ng-binding\">Santo<\/span><\/span>-supps.co.uk est\u00e1n orientados a los resultados sin garantizarlos.<\/p>\n<p>El ganador utiliza los servicios de holy-supps.co.uk por su cuenta y riesgo. <span class=\"placeholder\" title=\"\" data-toggle=\"tooltip\" data-placement=\"top\" data-original-title=\"Vul alstublieft in Bedrijfsnaam\"><span class=\"ng-binding\">Santo<\/span><\/span>holy-supps.nl excluye cualquier responsabilidad por da\u00f1os o lesiones resultantes de, o relacionados con, el cumplimiento por parte del cliente de los consejos proporcionados por holy-supps.nl, a menos que exista dolo o negligencia grave por parte de <span class=\"placeholder\" title=\"\" data-toggle=\"tooltip\" data-placement=\"top\" data-original-title=\"Vul alstublieft in Bedrijfsnaam\"><span class=\"ng-binding\">Santo<\/span><\/span>-supps.co.uk.<\/p>\n\t\t<\/div>\n\t\t\t\t\t<\/div>\n\n\t\n<\/div>\n\t\t<\/div>\n\n\t\t\n<style>\n#section_1669549248 {\n  padding-top: 30px;\n  padding-bottom: 30px;\n}\n<\/style>\n\t<\/section>","protected":false},"excerpt":{"rendered":"","protected":false},"author":1,"featured_media":0,"parent":0,"menu_order":0,"comment_status":"closed","ping_status":"closed","template":"","meta":{"footnotes":""},"class_list":["post-735","page","type-page","status-publish","hentry"],"yoast_head":"<!-- This site is optimized with the Yoast SEO plugin v27.4 - https:\/\/yoast.com\/product\/yoast-seo-wordpress\/ -->\n<title>Disclaimer - Holy-Supps.nl<\/title>\n<meta name=\"robots\" content=\"index, follow, max-snippet:-1, max-image-preview:large, max-video-preview:-1\" \/>\n<link rel=\"canonical\" href=\"https:\/\/www.holy-supps.nl\/es\/descargo-de-responsabilidad\/\" \/>\n<meta property=\"og:locale\" content=\"es_ES\" \/>\n<meta property=\"og:type\" content=\"article\" \/>\n<meta property=\"og:title\" content=\"Disclaimer - Holy-Supps.nl\" \/>\n<meta property=\"og:url\" content=\"https:\/\/www.holy-supps.nl\/es\/descargo-de-responsabilidad\/\" \/>\n<meta property=\"og:site_name\" content=\"Holy-Supps.nl\" \/>\n<meta property=\"article:publisher\" content=\"https:\/\/www.facebook.com\/holy.supps\" \/>\n<meta property=\"article:modified_time\" content=\"2023-04-07T15:54:16+00:00\" \/>\n<meta property=\"og:image\" content=\"https:\/\/www.holy-supps.nl\/wp-content\/uploads\/2023\/06\/HOLY-SUPPS.png\" \/>\n\t<meta property=\"og:image:width\" content=\"1000\" \/>\n\t<meta property=\"og:image:height\" content=\"400\" \/>\n\t<meta property=\"og:image:type\" content=\"image\/png\" \/>\n<meta name=\"twitter:card\" content=\"summary_large_image\" \/>\n<meta name=\"twitter:label1\" content=\"Tiempo de lectura\" \/>\n\t<meta name=\"twitter:data1\" content=\"2 minutos\" \/>\n<script type=\"application\/ld+json\" class=\"yoast-schema-graph\">{\"@context\":\"https:\\\/\\\/schema.org\",\"@graph\":[{\"@type\":\"WebPage\",\"@id\":\"https:\\\/\\\/www.holy-supps.nl\\\/disclaimer\\\/\",\"url\":\"https:\\\/\\\/www.holy-supps.nl\\\/disclaimer\\\/\",\"name\":\"Disclaimer - Holy-Supps.nl\",\"isPartOf\":{\"@id\":\"https:\\\/\\\/www.holy-supps.nl\\\/#website\"},\"datePublished\":\"2023-04-07T15:30:16+00:00\",\"dateModified\":\"2023-04-07T15:54:16+00:00\",\"breadcrumb\":{\"@id\":\"https:\\\/\\\/www.holy-supps.nl\\\/disclaimer\\\/#breadcrumb\"},\"inLanguage\":\"es\",\"potentialAction\":[{\"@type\":\"ReadAction\",\"target\":[\"https:\\\/\\\/www.holy-supps.nl\\\/disclaimer\\\/\"]}]},{\"@type\":\"BreadcrumbList\",\"@id\":\"https:\\\/\\\/www.holy-supps.nl\\\/disclaimer\\\/#breadcrumb\",\"itemListElement\":[{\"@type\":\"ListItem\",\"position\":1,\"name\":\"Home\",\"item\":\"https:\\\/\\\/www.holy-supps.nl\\\/\"},{\"@type\":\"ListItem\",\"position\":2,\"name\":\"Disclaimer\"}]},{\"@type\":\"WebSite\",\"@id\":\"https:\\\/\\\/www.holy-supps.nl\\\/#website\",\"url\":\"https:\\\/\\\/www.holy-supps.nl\\\/\",\"name\":\"Holy-Supps.nl\",\"description\":\"Official EHPLabs Reseller!\",\"publisher\":{\"@id\":\"https:\\\/\\\/www.holy-supps.nl\\\/#organization\"},\"potentialAction\":[{\"@type\":\"SearchAction\",\"target\":{\"@type\":\"EntryPoint\",\"urlTemplate\":\"https:\\\/\\\/www.holy-supps.nl\\\/?s={search_term_string}\"},\"query-input\":{\"@type\":\"PropertyValueSpecification\",\"valueRequired\":true,\"valueName\":\"search_term_string\"}}],\"inLanguage\":\"es\"},{\"@type\":\"Organization\",\"@id\":\"https:\\\/\\\/www.holy-supps.nl\\\/#organization\",\"name\":\"Holy Supps\",\"url\":\"https:\\\/\\\/www.holy-supps.nl\\\/\",\"logo\":{\"@type\":\"ImageObject\",\"inLanguage\":\"es\",\"@id\":\"https:\\\/\\\/www.holy-supps.nl\\\/#\\\/schema\\\/logo\\\/image\\\/\",\"url\":\"https:\\\/\\\/www.holy-supps.nl\\\/wp-content\\\/uploads\\\/2023\\\/06\\\/HOLY-SUPPS.png\",\"contentUrl\":\"https:\\\/\\\/www.holy-supps.nl\\\/wp-content\\\/uploads\\\/2023\\\/06\\\/HOLY-SUPPS.png\",\"width\":1000,\"height\":400,\"caption\":\"Holy Supps\"},\"image\":{\"@id\":\"https:\\\/\\\/www.holy-supps.nl\\\/#\\\/schema\\\/logo\\\/image\\\/\"},\"sameAs\":[\"https:\\\/\\\/www.facebook.com\\\/holy.supps\",\"https:\\\/\\\/www.instagram.com\\\/holy.supps.shop\\\/\"]}]}<\/script>\n<!-- \/ Yoast SEO plugin. -->","yoast_head_json":{"title":"Descargo de responsabilidad - Holy-Supps.co.uk","robots":{"index":"index","follow":"follow","max-snippet":"max-snippet:-1","max-image-preview":"max-image-preview:large","max-video-preview":"max-video-preview:-1"},"canonical":"https:\/\/www.holy-supps.nl\/es\/descargo-de-responsabilidad\/","og_locale":"es_ES","og_type":"article","og_title":"Disclaimer - Holy-Supps.nl","og_url":"https:\/\/www.holy-supps.nl\/es\/descargo-de-responsabilidad\/","og_site_name":"Holy-Supps.nl","article_publisher":"https:\/\/www.facebook.com\/holy.supps","article_modified_time":"2023-04-07T15:54:16+00:00","og_image":[{"width":1000,"height":400,"url":"https:\/\/www.holy-supps.nl\/wp-content\/uploads\/2023\/06\/HOLY-SUPPS.png","type":"image\/png"}],"twitter_card":"summary_large_image","twitter_misc":{"Tiempo de lectura":"2 minutos"},"schema":{"@context":"https:\/\/schema.org","@graph":[{"@type":"WebPage","@id":"https:\/\/www.holy-supps.nl\/disclaimer\/","url":"https:\/\/www.holy-supps.nl\/disclaimer\/","name":"Descargo de responsabilidad - Holy-Supps.co.uk","isPartOf":{"@id":"https:\/\/www.holy-supps.nl\/#website"},"datePublished":"2023-04-07T15:30:16+00:00","dateModified":"2023-04-07T15:54:16+00:00","breadcrumb":{"@id":"https:\/\/www.holy-supps.nl\/disclaimer\/#breadcrumb"},"inLanguage":"es","potentialAction":[{"@type":"ReadAction","target":["https:\/\/www.holy-supps.nl\/disclaimer\/"]}]},{"@type":"BreadcrumbList","@id":"https:\/\/www.holy-supps.nl\/disclaimer\/#breadcrumb","itemListElement":[{"@type":"ListItem","position":1,"name":"Home","item":"https:\/\/www.holy-supps.nl\/"},{"@type":"ListItem","position":2,"name":"Disclaimer"}]},{"@type":"WebSite","@id":"https:\/\/www.holy-supps.nl\/#website","url":"https:\/\/www.holy-supps.nl\/","name":"Holy-Supps.es","description":"\u00a1Distribuidor oficial de EHPLabs!","publisher":{"@id":"https:\/\/www.holy-supps.nl\/#organization"},"potentialAction":[{"@type":"SearchAction","target":{"@type":"EntryPoint","urlTemplate":"https:\/\/www.holy-supps.nl\/?s={search_term_string}"},"query-input":{"@type":"PropertyValueSpecification","valueRequired":true,"valueName":"search_term_string"}}],"inLanguage":"es"},{"@type":"Organization","@id":"https:\/\/www.holy-supps.nl\/#organization","name":"Santa Cena","url":"https:\/\/www.holy-supps.nl\/","logo":{"@type":"ImageObject","inLanguage":"es","@id":"https:\/\/www.holy-supps.nl\/#\/schema\/logo\/image\/","url":"https:\/\/www.holy-supps.nl\/wp-content\/uploads\/2023\/06\/HOLY-SUPPS.png","contentUrl":"https:\/\/www.holy-supps.nl\/wp-content\/uploads\/2023\/06\/HOLY-SUPPS.png","width":1000,"height":400,"caption":"Holy Supps"},"image":{"@id":"https:\/\/www.holy-supps.nl\/#\/schema\/logo\/image\/"},"sameAs":["https:\/\/www.facebook.com\/holy.supps","https:\/\/www.instagram.com\/holy.supps.shop\/"]}]}},"jetpack_sharing_enabled":true,"_links":{"self":[{"href":"https:\/\/www.holy-supps.nl\/es\/wp-json\/wp\/v2\/pages\/735","targetHints":{"allow":["GET"]}}],"collection":[{"href":"https:\/\/www.holy-supps.nl\/es\/wp-json\/wp\/v2\/pages"}],"about":[{"href":"https:\/\/www.holy-supps.nl\/es\/wp-json\/wp\/v2\/types\/page"}],"author":[{"embeddable":true,"href":"https:\/\/www.holy-supps.nl\/es\/wp-json\/wp\/v2\/users\/1"}],"replies":[{"embeddable":true,"href":"https:\/\/www.holy-supps.nl\/es\/wp-json\/wp\/v2\/comments?post=735"}],"version-history":[{"count":4,"href":"https:\/\/www.holy-supps.nl\/es\/wp-json\/wp\/v2\/pages\/735\/revisions"}],"predecessor-version":[{"id":751,"href":"https:\/\/www.holy-supps.nl\/es\/wp-json\/wp\/v2\/pages\/735\/revisions\/751"}],"wp:attachment":[{"href":"https:\/\/www.holy-supps.nl\/es\/wp-json\/wp\/v2\/media?parent=735"}],"curies":[{"name":"wp","href":"https:\/\/api.w.org\/{rel}","templated":true}]}}