{"id":3348,"date":"2024-11-29T14:01:56","date_gmt":"2024-11-29T13:01:56","guid":{"rendered":"https:\/\/www.holy-supps.nl\/?page_id=3348"},"modified":"2024-11-29T14:01:56","modified_gmt":"2024-11-29T13:01:56","slug":"reviewbeleid","status":"publish","type":"page","link":"https:\/\/www.holy-supps.nl\/es\/reviewbeleid\/","title":{"rendered":"Pol\u00edtica de rese\u00f1as"},"content":{"rendered":"<h2>Pol\u00edtica de rese\u00f1as<\/h2>\n<p>Para nosotros es importante que las opiniones ofrezcan la mejor imagen posible de nuestros productos y servicios. Por ello, nuestras opiniones son gestionadas imparcialmente por<a href=\"https:\/\/www.webwinkelkeur.nl\" target=\"_blank\" rel=\"noopener\">WebwinkelKeur<\/a>. WebwinkelKeur ha tomado medidas para garantizar la autenticidad de las opiniones. Puede leer m\u00e1s sobre estas medidas <a href=\"https:\/\/www.webwinkelkeur.nl\/kennisbank\/consumenten\/waarom-webwinkelkeur\/gebruikersvoorwaarden\/\" target=\"_blank\" rel=\"noopener\">aqu\u00ed<\/a>.<br \/>\nNuestros clientes no son recompensados por escribir opiniones. No se hacen descuentos ni otros regalos.<\/p>\n<p>Recopilamos opiniones a trav\u00e9s de la plataforma de <a href=\"https:\/\/www.webwinkelkeur.nl\" target=\"_blank\" rel=\"noopener\">WebwinkelKeur<\/a>. Si deja una rese\u00f1a a trav\u00e9s de WebwinkelKeur, debe proporcionar un nombre y una direcci\u00f3n de correo electr\u00f3nico. WebwinkelKeur comparte esta informaci\u00f3n con nosotros para que podamos vincular la rese\u00f1a a su pedido. WebwinkelKeur tambi\u00e9n publica su nombre en su propio sitio web. En algunos casos, WebwinkelKeur puede ponerse en contacto con usted para comentar su opini\u00f3n. Si le invitamos a dejar una opini\u00f3n, compartiremos su nombre, direcci\u00f3n de correo electr\u00f3nico e informaci\u00f3n sobre el producto con WebwinkelKeur. Ellos s\u00f3lo utilizan esta informaci\u00f3n para invitarle a dejar una opini\u00f3n. WebwinkelKeur ha adoptado las medidas t\u00e9cnicas y organizativas adecuadas para proteger sus datos personales. <a href=\"https:\/\/www.webwinkelkeur.nl\/kennisbank\/over-webwinkelkeur\/privacy-policy\/\" target=\"_blank\" rel=\"noopener\">.WebwinkelKeur se reserva el derecho de recurrir a terceros para la prestaci\u00f3n del servicio. Todas las garant\u00edas anteriores relativas a la protecci\u00f3n de sus datos personales se aplican tambi\u00e9n a aquellas partes del servicio para las que WebwinkelKeur contrata a terceros.<\/a><\/p>","protected":false},"excerpt":{"rendered":"<p>Reviewbeleid Wij vinden het belangrijk dat reviews een zo goed mogelijk beeld geven van onze producten en diensten. Onze reviews worden daarom op onpartijdige wijze beheerd doorWebwinkelKeur. WebwinkelKeur heeft maatregelen genomen om de echtheid van reviews te garanderen. Je kunt lezen over deze maatregelen hier. Onze klanten worden niet beloond voor het schrijven van reviews. [&#8230;]\n","protected":false},"author":1,"featured_media":0,"parent":0,"menu_order":0,"comment_status":"closed","ping_status":"closed","template":"","meta":{"footnotes":""},"class_list":["post-3348","page","type-page","status-publish","hentry"],"yoast_head":"<!-- This site is optimized with the Yoast SEO plugin v27.4 - https:\/\/yoast.com\/product\/yoast-seo-wordpress\/ -->\n<title>Reviewbeleid - Holy-Supps.nl<\/title>\n<meta name=\"robots\" content=\"index, follow, max-snippet:-1, max-image-preview:large, max-video-preview:-1\" \/>\n<link rel=\"canonical\" href=\"https:\/\/www.holy-supps.nl\/es\/reviewbeleid\/\" \/>\n<meta property=\"og:locale\" content=\"es_ES\" \/>\n<meta property=\"og:type\" content=\"article\" \/>\n<meta property=\"og:title\" content=\"Reviewbeleid - Holy-Supps.nl\" \/>\n<meta property=\"og:description\" content=\"Reviewbeleid Wij vinden het belangrijk dat reviews een zo goed mogelijk beeld geven van onze producten en diensten. Onze reviews worden daarom op onpartijdige wijze beheerd doorWebwinkelKeur. WebwinkelKeur heeft maatregelen genomen om de echtheid van reviews te garanderen. Je kunt lezen over deze maatregelen hier. Onze klanten worden niet beloond voor het schrijven van reviews. [...]\" \/>\n<meta property=\"og:url\" content=\"https:\/\/www.holy-supps.nl\/es\/reviewbeleid\/\" \/>\n<meta property=\"og:site_name\" content=\"Holy-Supps.nl\" \/>\n<meta property=\"article:publisher\" content=\"https:\/\/www.facebook.com\/holy.supps\" \/>\n<meta property=\"og:image\" content=\"https:\/\/www.holy-supps.nl\/wp-content\/uploads\/2023\/06\/HOLY-SUPPS.png\" \/>\n\t<meta property=\"og:image:width\" content=\"1000\" \/>\n\t<meta property=\"og:image:height\" content=\"400\" \/>\n\t<meta property=\"og:image:type\" content=\"image\/png\" \/>\n<meta name=\"twitter:card\" content=\"summary_large_image\" \/>\n<meta name=\"twitter:label1\" content=\"Tiempo de lectura\" \/>\n\t<meta name=\"twitter:data1\" content=\"2 minutos\" \/>\n<script type=\"application\/ld+json\" class=\"yoast-schema-graph\">{\"@context\":\"https:\\\/\\\/schema.org\",\"@graph\":[{\"@type\":\"WebPage\",\"@id\":\"https:\\\/\\\/www.holy-supps.nl\\\/reviewbeleid\\\/\",\"url\":\"https:\\\/\\\/www.holy-supps.nl\\\/reviewbeleid\\\/\",\"name\":\"Reviewbeleid - Holy-Supps.nl\",\"isPartOf\":{\"@id\":\"https:\\\/\\\/www.holy-supps.nl\\\/#website\"},\"datePublished\":\"2024-11-29T13:01:56+00:00\",\"breadcrumb\":{\"@id\":\"https:\\\/\\\/www.holy-supps.nl\\\/reviewbeleid\\\/#breadcrumb\"},\"inLanguage\":\"es\",\"potentialAction\":[{\"@type\":\"ReadAction\",\"target\":[\"https:\\\/\\\/www.holy-supps.nl\\\/reviewbeleid\\\/\"]}]},{\"@type\":\"BreadcrumbList\",\"@id\":\"https:\\\/\\\/www.holy-supps.nl\\\/reviewbeleid\\\/#breadcrumb\",\"itemListElement\":[{\"@type\":\"ListItem\",\"position\":1,\"name\":\"Home\",\"item\":\"https:\\\/\\\/www.holy-supps.nl\\\/\"},{\"@type\":\"ListItem\",\"position\":2,\"name\":\"Reviewbeleid\"}]},{\"@type\":\"WebSite\",\"@id\":\"https:\\\/\\\/www.holy-supps.nl\\\/#website\",\"url\":\"https:\\\/\\\/www.holy-supps.nl\\\/\",\"name\":\"Holy-Supps.nl\",\"description\":\"Official EHPLabs Reseller!\",\"publisher\":{\"@id\":\"https:\\\/\\\/www.holy-supps.nl\\\/#organization\"},\"potentialAction\":[{\"@type\":\"SearchAction\",\"target\":{\"@type\":\"EntryPoint\",\"urlTemplate\":\"https:\\\/\\\/www.holy-supps.nl\\\/?s={search_term_string}\"},\"query-input\":{\"@type\":\"PropertyValueSpecification\",\"valueRequired\":true,\"valueName\":\"search_term_string\"}}],\"inLanguage\":\"es\"},{\"@type\":\"Organization\",\"@id\":\"https:\\\/\\\/www.holy-supps.nl\\\/#organization\",\"name\":\"Holy Supps\",\"url\":\"https:\\\/\\\/www.holy-supps.nl\\\/\",\"logo\":{\"@type\":\"ImageObject\",\"inLanguage\":\"es\",\"@id\":\"https:\\\/\\\/www.holy-supps.nl\\\/#\\\/schema\\\/logo\\\/image\\\/\",\"url\":\"https:\\\/\\\/www.holy-supps.nl\\\/wp-content\\\/uploads\\\/2023\\\/06\\\/HOLY-SUPPS.png\",\"contentUrl\":\"https:\\\/\\\/www.holy-supps.nl\\\/wp-content\\\/uploads\\\/2023\\\/06\\\/HOLY-SUPPS.png\",\"width\":1000,\"height\":400,\"caption\":\"Holy Supps\"},\"image\":{\"@id\":\"https:\\\/\\\/www.holy-supps.nl\\\/#\\\/schema\\\/logo\\\/image\\\/\"},\"sameAs\":[\"https:\\\/\\\/www.facebook.com\\\/holy.supps\",\"https:\\\/\\\/www.instagram.com\\\/holy.supps.shop\\\/\"]}]}<\/script>\n<!-- \/ Yoast SEO plugin. -->","yoast_head_json":{"title":"Pol\u00edtica de revisi\u00f3n - Holy-Supps.co.uk","robots":{"index":"index","follow":"follow","max-snippet":"max-snippet:-1","max-image-preview":"max-image-preview:large","max-video-preview":"max-video-preview:-1"},"canonical":"https:\/\/www.holy-supps.nl\/es\/reviewbeleid\/","og_locale":"es_ES","og_type":"article","og_title":"Reviewbeleid - Holy-Supps.nl","og_description":"Reviewbeleid Wij vinden het belangrijk dat reviews een zo goed mogelijk beeld geven van onze producten en diensten. Onze reviews worden daarom op onpartijdige wijze beheerd doorWebwinkelKeur. WebwinkelKeur heeft maatregelen genomen om de echtheid van reviews te garanderen. Je kunt lezen over deze maatregelen hier. Onze klanten worden niet beloond voor het schrijven van reviews. [...]","og_url":"https:\/\/www.holy-supps.nl\/es\/reviewbeleid\/","og_site_name":"Holy-Supps.nl","article_publisher":"https:\/\/www.facebook.com\/holy.supps","og_image":[{"width":1000,"height":400,"url":"https:\/\/www.holy-supps.nl\/wp-content\/uploads\/2023\/06\/HOLY-SUPPS.png","type":"image\/png"}],"twitter_card":"summary_large_image","twitter_misc":{"Tiempo de lectura":"2 minutos"},"schema":{"@context":"https:\/\/schema.org","@graph":[{"@type":"WebPage","@id":"https:\/\/www.holy-supps.nl\/reviewbeleid\/","url":"https:\/\/www.holy-supps.nl\/reviewbeleid\/","name":"Pol\u00edtica de revisi\u00f3n - Holy-Supps.co.uk","isPartOf":{"@id":"https:\/\/www.holy-supps.nl\/#website"},"datePublished":"2024-11-29T13:01:56+00:00","breadcrumb":{"@id":"https:\/\/www.holy-supps.nl\/reviewbeleid\/#breadcrumb"},"inLanguage":"es","potentialAction":[{"@type":"ReadAction","target":["https:\/\/www.holy-supps.nl\/reviewbeleid\/"]}]},{"@type":"BreadcrumbList","@id":"https:\/\/www.holy-supps.nl\/reviewbeleid\/#breadcrumb","itemListElement":[{"@type":"ListItem","position":1,"name":"Home","item":"https:\/\/www.holy-supps.nl\/"},{"@type":"ListItem","position":2,"name":"Reviewbeleid"}]},{"@type":"WebSite","@id":"https:\/\/www.holy-supps.nl\/#website","url":"https:\/\/www.holy-supps.nl\/","name":"Holy-Supps.es","description":"\u00a1Distribuidor oficial de EHPLabs!","publisher":{"@id":"https:\/\/www.holy-supps.nl\/#organization"},"potentialAction":[{"@type":"SearchAction","target":{"@type":"EntryPoint","urlTemplate":"https:\/\/www.holy-supps.nl\/?s={search_term_string}"},"query-input":{"@type":"PropertyValueSpecification","valueRequired":true,"valueName":"search_term_string"}}],"inLanguage":"es"},{"@type":"Organization","@id":"https:\/\/www.holy-supps.nl\/#organization","name":"Santa Cena","url":"https:\/\/www.holy-supps.nl\/","logo":{"@type":"ImageObject","inLanguage":"es","@id":"https:\/\/www.holy-supps.nl\/#\/schema\/logo\/image\/","url":"https:\/\/www.holy-supps.nl\/wp-content\/uploads\/2023\/06\/HOLY-SUPPS.png","contentUrl":"https:\/\/www.holy-supps.nl\/wp-content\/uploads\/2023\/06\/HOLY-SUPPS.png","width":1000,"height":400,"caption":"Holy Supps"},"image":{"@id":"https:\/\/www.holy-supps.nl\/#\/schema\/logo\/image\/"},"sameAs":["https:\/\/www.facebook.com\/holy.supps","https:\/\/www.instagram.com\/holy.supps.shop\/"]}]}},"jetpack_sharing_enabled":true,"_links":{"self":[{"href":"https:\/\/www.holy-supps.nl\/es\/wp-json\/wp\/v2\/pages\/3348","targetHints":{"allow":["GET"]}}],"collection":[{"href":"https:\/\/www.holy-supps.nl\/es\/wp-json\/wp\/v2\/pages"}],"about":[{"href":"https:\/\/www.holy-supps.nl\/es\/wp-json\/wp\/v2\/types\/page"}],"author":[{"embeddable":true,"href":"https:\/\/www.holy-supps.nl\/es\/wp-json\/wp\/v2\/users\/1"}],"replies":[{"embeddable":true,"href":"https:\/\/www.holy-supps.nl\/es\/wp-json\/wp\/v2\/comments?post=3348"}],"version-history":[{"count":1,"href":"https:\/\/www.holy-supps.nl\/es\/wp-json\/wp\/v2\/pages\/3348\/revisions"}],"predecessor-version":[{"id":3349,"href":"https:\/\/www.holy-supps.nl\/es\/wp-json\/wp\/v2\/pages\/3348\/revisions\/3349"}],"wp:attachment":[{"href":"https:\/\/www.holy-supps.nl\/es\/wp-json\/wp\/v2\/media?parent=3348"}],"curies":[{"name":"wp","href":"https:\/\/api.w.org\/{rel}","templated":true}]}}