{"id":307,"date":"2023-04-07T17:20:58","date_gmt":"2023-04-07T15:20:58","guid":{"rendered":"https:\/\/www.holy-supps.nl\/?page_id=307"},"modified":"2023-04-08T11:16:08","modified_gmt":"2023-04-08T09:16:08","slug":"envio-de-devolucion","status":"publish","type":"page","link":"https:\/\/www.holy-supps.nl\/es\/verzending-retourneren\/","title":{"rendered":"Env\u00edos y devoluciones"},"content":{"rendered":"<section class=\"section\" id=\"section_1716079881\">\n\t\t<div class=\"section-bg fill\" >\n\t\t\t\t\t\t\t\t\t\n\t\t\t\n\n\t\t<\/div>\n\n\t\t\n\n\t\t<div class=\"section-content relative\">\n\t\t\t\n<div class=\"row\"  id=\"row-1321093680\">\n\n\t<div id=\"col-730542276\" class=\"col small-12 large-12\"  >\n\t\t\t\t<div class=\"col-inner\"  >\n\t\t\t\n\t\t\t\n<h2>Env\u00edos y devoluciones<\/h2>\n\t\t<\/div>\n\t\t\t\t\t<\/div>\n\n\t\n<\/div>\n<div class=\"row align-middle\"  id=\"row-815879363\">\n\n\t<div id=\"col-470607033\" class=\"col medium-9 small-12 large-9\"  >\n\t\t\t\t<div class=\"col-inner\"  >\n\t\t\t\n\t\t\t\n<h3>Env\u00edo<\/h3>\n<p>Hacemos todo lo posible para entregarle su pedido lo antes posible. Los pedidos (NL) antes de las 16.00 horas en d\u00edas laborables se env\u00edan el mismo d\u00eda.<\/p>\n<p>La entrega se realiza a trav\u00e9s del servicio de cartero o de paqueter\u00eda de PostNL. En general, la entrega tendr\u00e1 lugar el siguiente d\u00eda laborable entre las 9:00 y las 18:00 horas. Lamentablemente, no podemos garantizar la hora de entrega.<\/p>\n\t\t<\/div>\n\t\t\t\t\t<\/div>\n\n\t\n\n\t<div id=\"col-1344068050\" class=\"col medium-3 small-12 large-3\"  >\n\t\t\t\t<div class=\"col-inner\"  >\n\t\t\t\n\t\t\t\n\t<div class=\"img has-hover x md-x lg-x y md-y lg-y\" id=\"image_987115430\">\n\t\t\t\t\t\t\t\t<div class=\"img-inner dark\" >\n\t\t\t<img decoding=\"async\" width=\"450\" height=\"217\" src=\"https:\/\/www.holy-supps.nl\/wp-content\/uploads\/2023\/03\/verzending-450x217-1.png\" class=\"attachment-original size-original\" alt=\"\" srcset=\"https:\/\/www.holy-supps.nl\/wp-content\/uploads\/2023\/03\/verzending-450x217-1.png 450w, https:\/\/www.holy-supps.nl\/wp-content\/uploads\/2023\/03\/verzending-450x217-1-300x145.png 300w\" sizes=\"(max-width: 450px) 100vw, 450px\" \/>\t\t\t\t\t\t\n\t\t\t\t\t<\/div>\n\t\t\t\t\t\t\t\t\n<style>\n#image_987115430 {\n  width: 100%;\n}\n<\/style>\n\t<\/div>\n\t\n\t\t<\/div>\n\t\t\t\t\t<\/div>\n\n\t\n\n\t<div id=\"col-1296948070\" class=\"col small-12 large-12\"  >\n\t\t\t\t<div class=\"col-inner\"  >\n\t\t\t\n\t\t\t\n<h3>Devoluci\u00f3n<\/h3>\n<p>A veces es posible que desee devolver un pedido. Tal vez porque no le gusta el producto o por alguna otra raz\u00f3n. Sea cual sea el motivo, tiene derecho a anular su pedido hasta 14 d\u00edas despu\u00e9s de recibirlo sin necesidad de justificar su decisi\u00f3n. Tras la anulaci\u00f3n, dispone de otros 14 d\u00edas para devolver el producto. Entonces se le abonar\u00e1 el importe total del pedido, incluidos los gastos de env\u00edo. S\u00f3lo correr\u00e1n de su cuenta los gastos de devoluci\u00f3n desde su domicilio hasta la tienda. Estos gastos ascienden aproximadamente a 6,95 por paquete; para conocer las tarifas exactas, consulte la p\u00e1gina web de su transportista.<\/p>\n<p>Si ejerce su derecho de desistimiento, el producto se devolver\u00e1 al empresario con todos los accesorios entregados y -si es razonablemente posible- en su estado y embalaje originales. Para ejercer este derecho, p\u00f3ngase en contacto con nosotros en\u00a0<a href=\"mailto:info@holy-supps.nl\">info@holy-supps.nl<\/a>. Le reembolsaremos el importe del pedido en un plazo de 14 d\u00edas a partir de la notificaci\u00f3n de su devoluci\u00f3n, siempre que el producto se haya recibido de vuelta en buen estado. En caso de que el producto est\u00e9 da\u00f1ado o el embalaje m\u00e1s de lo necesario, podremos cobrarle esta reducci\u00f3n del valor del producto.<\/p>\n<p>As\u00ed que trate el producto con cuidado y aseg\u00farese de que est\u00e1 bien embalado cuando lo devuelva.<\/p>\n<h3>\u00bfIntercambio de productos?<\/h3>\n<p>\u00bfQuiere cambiar su producto? No hay ning\u00fan problema. Puede ponerse en contacto con\u00a0<a href=\"mailto:info@holy-supps.nl\">info@holy-supps.nl<\/a>. No obstante, usted mismo correr\u00e1 con los gastos de devoluci\u00f3n del producto.<\/p>\n\t\t<\/div>\n\t\t\t\t\t<\/div>\n\n\t\n<\/div>\n\t\t<\/div>\n\n\t\t\n<style>\n#section_1716079881 {\n  padding-top: 30px;\n  padding-bottom: 30px;\n}\n<\/style>\n\t<\/section>","protected":false},"excerpt":{"rendered":"","protected":false},"author":1,"featured_media":0,"parent":0,"menu_order":0,"comment_status":"closed","ping_status":"closed","template":"page-blank.php","meta":{"footnotes":""},"class_list":["post-307","page","type-page","status-publish","hentry"],"yoast_head":"<!-- This site is optimized with the Yoast SEO plugin v27.4 - https:\/\/yoast.com\/product\/yoast-seo-wordpress\/ -->\n<title>Verzending &amp; Retourneren - Holy-Supps.nl<\/title>\n<meta name=\"robots\" content=\"index, follow, max-snippet:-1, max-image-preview:large, max-video-preview:-1\" \/>\n<link rel=\"canonical\" href=\"https:\/\/www.holy-supps.nl\/es\/envio-de-devolucion\/\" \/>\n<meta property=\"og:locale\" content=\"es_ES\" \/>\n<meta property=\"og:type\" content=\"article\" \/>\n<meta property=\"og:title\" content=\"Verzending &amp; Retourneren - Holy-Supps.nl\" \/>\n<meta property=\"og:url\" content=\"https:\/\/www.holy-supps.nl\/es\/envio-de-devolucion\/\" \/>\n<meta property=\"og:site_name\" content=\"Holy-Supps.nl\" \/>\n<meta property=\"article:publisher\" content=\"https:\/\/www.facebook.com\/holy.supps\" \/>\n<meta property=\"article:modified_time\" content=\"2023-04-08T09:16:08+00:00\" \/>\n<meta property=\"og:image\" content=\"https:\/\/www.holy-supps.nl\/wp-content\/uploads\/2023\/06\/HOLY-SUPPS.png\" \/>\n\t<meta property=\"og:image:width\" content=\"1000\" \/>\n\t<meta property=\"og:image:height\" content=\"400\" \/>\n\t<meta property=\"og:image:type\" content=\"image\/png\" \/>\n<meta name=\"twitter:card\" content=\"summary_large_image\" \/>\n<meta name=\"twitter:label1\" content=\"Tiempo de lectura\" \/>\n\t<meta name=\"twitter:data1\" content=\"2 minutos\" \/>\n<script type=\"application\/ld+json\" class=\"yoast-schema-graph\">{\"@context\":\"https:\\\/\\\/schema.org\",\"@graph\":[{\"@type\":\"WebPage\",\"@id\":\"https:\\\/\\\/www.holy-supps.nl\\\/verzending-retourneren\\\/\",\"url\":\"https:\\\/\\\/www.holy-supps.nl\\\/verzending-retourneren\\\/\",\"name\":\"Verzending & Retourneren - Holy-Supps.nl\",\"isPartOf\":{\"@id\":\"https:\\\/\\\/www.holy-supps.nl\\\/#website\"},\"datePublished\":\"2023-04-07T15:20:58+00:00\",\"dateModified\":\"2023-04-08T09:16:08+00:00\",\"breadcrumb\":{\"@id\":\"https:\\\/\\\/www.holy-supps.nl\\\/verzending-retourneren\\\/#breadcrumb\"},\"inLanguage\":\"es\",\"potentialAction\":[{\"@type\":\"ReadAction\",\"target\":[\"https:\\\/\\\/www.holy-supps.nl\\\/verzending-retourneren\\\/\"]}]},{\"@type\":\"BreadcrumbList\",\"@id\":\"https:\\\/\\\/www.holy-supps.nl\\\/verzending-retourneren\\\/#breadcrumb\",\"itemListElement\":[{\"@type\":\"ListItem\",\"position\":1,\"name\":\"Home\",\"item\":\"https:\\\/\\\/www.holy-supps.nl\\\/\"},{\"@type\":\"ListItem\",\"position\":2,\"name\":\"Verzending &#038; Retourneren\"}]},{\"@type\":\"WebSite\",\"@id\":\"https:\\\/\\\/www.holy-supps.nl\\\/#website\",\"url\":\"https:\\\/\\\/www.holy-supps.nl\\\/\",\"name\":\"Holy-Supps.nl\",\"description\":\"Official EHPLabs Reseller!\",\"publisher\":{\"@id\":\"https:\\\/\\\/www.holy-supps.nl\\\/#organization\"},\"potentialAction\":[{\"@type\":\"SearchAction\",\"target\":{\"@type\":\"EntryPoint\",\"urlTemplate\":\"https:\\\/\\\/www.holy-supps.nl\\\/?s={search_term_string}\"},\"query-input\":{\"@type\":\"PropertyValueSpecification\",\"valueRequired\":true,\"valueName\":\"search_term_string\"}}],\"inLanguage\":\"es\"},{\"@type\":\"Organization\",\"@id\":\"https:\\\/\\\/www.holy-supps.nl\\\/#organization\",\"name\":\"Holy Supps\",\"url\":\"https:\\\/\\\/www.holy-supps.nl\\\/\",\"logo\":{\"@type\":\"ImageObject\",\"inLanguage\":\"es\",\"@id\":\"https:\\\/\\\/www.holy-supps.nl\\\/#\\\/schema\\\/logo\\\/image\\\/\",\"url\":\"https:\\\/\\\/www.holy-supps.nl\\\/wp-content\\\/uploads\\\/2023\\\/06\\\/HOLY-SUPPS.png\",\"contentUrl\":\"https:\\\/\\\/www.holy-supps.nl\\\/wp-content\\\/uploads\\\/2023\\\/06\\\/HOLY-SUPPS.png\",\"width\":1000,\"height\":400,\"caption\":\"Holy Supps\"},\"image\":{\"@id\":\"https:\\\/\\\/www.holy-supps.nl\\\/#\\\/schema\\\/logo\\\/image\\\/\"},\"sameAs\":[\"https:\\\/\\\/www.facebook.com\\\/holy.supps\",\"https:\\\/\\\/www.instagram.com\\\/holy.supps.shop\\\/\"]}]}<\/script>\n<!-- \/ Yoast SEO plugin. -->","yoast_head_json":{"title":"Env\u00edos y Devoluciones - Holy-Supps.co.uk","robots":{"index":"index","follow":"follow","max-snippet":"max-snippet:-1","max-image-preview":"max-image-preview:large","max-video-preview":"max-video-preview:-1"},"canonical":"https:\/\/www.holy-supps.nl\/es\/envio-de-devolucion\/","og_locale":"es_ES","og_type":"article","og_title":"Verzending & Retourneren - Holy-Supps.nl","og_url":"https:\/\/www.holy-supps.nl\/es\/envio-de-devolucion\/","og_site_name":"Holy-Supps.nl","article_publisher":"https:\/\/www.facebook.com\/holy.supps","article_modified_time":"2023-04-08T09:16:08+00:00","og_image":[{"width":1000,"height":400,"url":"https:\/\/www.holy-supps.nl\/wp-content\/uploads\/2023\/06\/HOLY-SUPPS.png","type":"image\/png"}],"twitter_card":"summary_large_image","twitter_misc":{"Tiempo de lectura":"2 minutos"},"schema":{"@context":"https:\/\/schema.org","@graph":[{"@type":"WebPage","@id":"https:\/\/www.holy-supps.nl\/verzending-retourneren\/","url":"https:\/\/www.holy-supps.nl\/verzending-retourneren\/","name":"Env\u00edos y Devoluciones - Holy-Supps.co.uk","isPartOf":{"@id":"https:\/\/www.holy-supps.nl\/#website"},"datePublished":"2023-04-07T15:20:58+00:00","dateModified":"2023-04-08T09:16:08+00:00","breadcrumb":{"@id":"https:\/\/www.holy-supps.nl\/verzending-retourneren\/#breadcrumb"},"inLanguage":"es","potentialAction":[{"@type":"ReadAction","target":["https:\/\/www.holy-supps.nl\/verzending-retourneren\/"]}]},{"@type":"BreadcrumbList","@id":"https:\/\/www.holy-supps.nl\/verzending-retourneren\/#breadcrumb","itemListElement":[{"@type":"ListItem","position":1,"name":"Home","item":"https:\/\/www.holy-supps.nl\/"},{"@type":"ListItem","position":2,"name":"Verzending &#038; Retourneren"}]},{"@type":"WebSite","@id":"https:\/\/www.holy-supps.nl\/#website","url":"https:\/\/www.holy-supps.nl\/","name":"Holy-Supps.es","description":"\u00a1Distribuidor oficial de EHPLabs!","publisher":{"@id":"https:\/\/www.holy-supps.nl\/#organization"},"potentialAction":[{"@type":"SearchAction","target":{"@type":"EntryPoint","urlTemplate":"https:\/\/www.holy-supps.nl\/?s={search_term_string}"},"query-input":{"@type":"PropertyValueSpecification","valueRequired":true,"valueName":"search_term_string"}}],"inLanguage":"es"},{"@type":"Organization","@id":"https:\/\/www.holy-supps.nl\/#organization","name":"Santa Cena","url":"https:\/\/www.holy-supps.nl\/","logo":{"@type":"ImageObject","inLanguage":"es","@id":"https:\/\/www.holy-supps.nl\/#\/schema\/logo\/image\/","url":"https:\/\/www.holy-supps.nl\/wp-content\/uploads\/2023\/06\/HOLY-SUPPS.png","contentUrl":"https:\/\/www.holy-supps.nl\/wp-content\/uploads\/2023\/06\/HOLY-SUPPS.png","width":1000,"height":400,"caption":"Holy Supps"},"image":{"@id":"https:\/\/www.holy-supps.nl\/#\/schema\/logo\/image\/"},"sameAs":["https:\/\/www.facebook.com\/holy.supps","https:\/\/www.instagram.com\/holy.supps.shop\/"]}]}},"jetpack_sharing_enabled":true,"_links":{"self":[{"href":"https:\/\/www.holy-supps.nl\/es\/wp-json\/wp\/v2\/pages\/307","targetHints":{"allow":["GET"]}}],"collection":[{"href":"https:\/\/www.holy-supps.nl\/es\/wp-json\/wp\/v2\/pages"}],"about":[{"href":"https:\/\/www.holy-supps.nl\/es\/wp-json\/wp\/v2\/types\/page"}],"author":[{"embeddable":true,"href":"https:\/\/www.holy-supps.nl\/es\/wp-json\/wp\/v2\/users\/1"}],"replies":[{"embeddable":true,"href":"https:\/\/www.holy-supps.nl\/es\/wp-json\/wp\/v2\/comments?post=307"}],"version-history":[{"count":8,"href":"https:\/\/www.holy-supps.nl\/es\/wp-json\/wp\/v2\/pages\/307\/revisions"}],"predecessor-version":[{"id":766,"href":"https:\/\/www.holy-supps.nl\/es\/wp-json\/wp\/v2\/pages\/307\/revisions\/766"}],"wp:attachment":[{"href":"https:\/\/www.holy-supps.nl\/es\/wp-json\/wp\/v2\/media?parent=307"}],"curies":[{"name":"wp","href":"https:\/\/api.w.org\/{rel}","templated":true}]}}