{"id":3,"date":"2023-01-08T17:43:47","date_gmt":"2023-01-08T17:43:47","guid":{"rendered":"https:\/\/www.holy-supps.nl\/?page_id=3"},"modified":"2023-04-07T17:55:52","modified_gmt":"2023-04-07T15:55:52","slug":"politica-de-privacidad","status":"publish","type":"page","link":"https:\/\/www.holy-supps.nl\/es\/privacy-policy\/","title":{"rendered":"Pol\u00edtica de privacidad"},"content":{"rendered":"<section class=\"section\" id=\"section_486530785\">\n\t\t<div class=\"section-bg fill\" >\n\t\t\t\t\t\t\t\t\t\n\t\t\t\n\n\t\t<\/div>\n\n\t\t\n\n\t\t<div class=\"section-content relative\">\n\t\t\t\n\n<div class=\"row\"  id=\"row-415982996\">\n\n\n\t<div id=\"col-56185391\" class=\"col small-12 large-12\"  >\n\t\t\t\t<div class=\"col-inner\"  >\n\t\t\t\n\t\t\t\n\n<p><\/p>\n<h1 class=\"wp-block-heading\">POL\u00cdTICA DE PRIVACIDAD Y COOKIES<\/h1>\n<p>Holy-Supps respeta la privacidad de los visitantes del sitio web y asegura que la informaci\u00f3n (personal) que usted proporcione ser\u00e1 tratada confidencialmente. Los datos (personales) ser\u00e1n tratados de manera coherente con los requisitos de la ley.<\/p>\n<h3>FINES DEL TRATAMIENTO DE DATOS<\/h3>\n<p>Tratamos sus datos personales para celebrar y ejecutar contratos y gestionar las relaciones resultantes. Para procesar los datos introducidos a trav\u00e9s de formularios, utilizamos GravityForms en WordPress o a trav\u00e9s de Mailchimp. Los datos solicitados a trav\u00e9s de formularios en nuestro sitio web son necesarios por los motivos mencionados anteriormente. Si no se facilitan datos personales, no podremos ponernos en contacto con usted ni, en caso de suscripci\u00f3n a un bolet\u00edn, informarle sobre nuestros servicios y actividades.<\/p>\n<p>Si rellena un formulario de contacto\/cotizaci\u00f3n, solicitud o bolet\u00edn informativo en el sitio web, o nos env\u00eda un correo electr\u00f3nico, los datos que nos env\u00ede se conservar\u00e1n el tiempo que sea necesario seg\u00fan la naturaleza del formulario o el contenido de su correo electr\u00f3nico para que se pueda responder y procesar en su totalidad. Para ello, utilizamos los siguientes periodos de conservaci\u00f3n:<\/p>\n<ul>\n<li>Formulario de contacto (a trav\u00e9s de Gravity Forms): 1 a\u00f1o<\/li>\n<li>Solicitud (a trav\u00e9s de Gravity Forms): 1 a\u00f1o<\/li>\n<li>Bolet\u00edn de noticias (a trav\u00e9s de Mailchimp): Hasta darse de baja del bolet\u00edn.<\/li>\n<li>Otros formularios: (a trav\u00e9s de Gravity Forms): 1 a\u00f1o<\/li>\n<\/ul>\n<h3>SEGURIDAD<\/h3>\n<p>Todos los datos que intercambia con Holy-Supps a trav\u00e9s de nuestro sitio web est\u00e1n encriptados con seguridad SSL basada en el protocolo HTTPS.<\/p>\n<h3>DATOS DE VISITANTES Y GOOGLE ANALYTICS<\/h3>\n<p>Utilizamos Google Analytics para rastrear los datos generales de las visitas. Los datos se utilizan para realizar an\u00e1lisis estad\u00edsticos del comportamiento de las visitas y los clics en el sitio web. Tambi\u00e9n los utilizamos para optimizar el funcionamiento del sitio web. Tambi\u00e9n hemos configurado Google Analytics para que sea respetuoso con la privacidad, por lo que las direcciones IP se anonimizan y los datos se env\u00edan a trav\u00e9s de una conexi\u00f3n segura.<\/p>\n<p>Tenemos un acuerdo de procesamiento con Google. Los datos estad\u00edsticos son transferidos y almacenados por Google en servidores de Europa y Estados Unidos. Para obtener m\u00e1s informaci\u00f3n, consulte la pol\u00edtica de privacidad de Google, as\u00ed como la pol\u00edtica de privacidad espec\u00edfica de Google Analytics. Para obtener informaci\u00f3n sobre el cumplimiento del GDPR por parte de Google, Google dispone de p\u00e1ginas espec\u00edficas:\u00a0<u>Google Cloud y el GDPR y qu\u00e9 est\u00e1 haciendo Google en materia de protecci\u00f3n de datos<\/u>.<\/p>\n<p>Google utiliza esta informaci\u00f3n para hacer un seguimiento de c\u00f3mo se utiliza nuestro sitio web y para proporcionarnos informes sobre el mismo. Google podr\u00e1 transmitir dicha informaci\u00f3n a terceros cuando as\u00ed se lo requiera la legislaci\u00f3n, o cuando dichos terceros procesen la informaci\u00f3n por cuenta de Google. Nosotros no tenemos ninguna influencia sobre esto.<\/p>\n<p>Nos gustar\u00eda se\u00f1alar expl\u00edcitamente que estos datos nunca pueden ser rastreados hasta usted como persona o individuo por Holy-Supps, excepto en situaciones en las que usted se identifique como persona a trav\u00e9s de uno de los formularios de la p\u00e1gina web. Esto puede hacerse, por ejemplo, dejando una direcci\u00f3n de correo electr\u00f3nico al suscribirse al bolet\u00edn de noticias. En tales casos, su comportamiento de visita puede vincularse a los datos introducidos.<\/p>\n<p>Los datos recogidos por Holy-Supps no ser\u00e1n facilitados a terceros.<\/p>\n<h3>HOTJAR<\/h3>\n<p>La herramienta Hotjar nos permite ver d\u00f3nde hacen clic los visitantes en el sitio web y hasta qu\u00e9 punto se desplazan por las p\u00e1ginas. Estos datos son totalmente an\u00f3nimos y, por tanto, no se pueden relacionar con personas concretas.<\/p>\n<h3>PERFILAR<\/h3>\n<p>Bas\u00e1ndose en su comportamiento en el sitio web, las cookies de marketing se utilizan para crear perfiles que nos permitan mostrar a los visitantes anuncios relevantes en otros sitios. Esto le permite a usted, como visitante, ver anuncios relevantes, ya que coinciden con su comportamiento previo en el sitio web. Con ello, esperamos informarle a\u00fan mejor sobre nuestros servicios y art\u00edculos. Estos datos no pueden ser rastreados hasta una persona concreta.<\/p>\n<h3>ACUERDO CON EL PROCESADOR<\/h3>\n<p>Hemos firmado un acuerdo de procesamiento con todas las empresas que procesan nuestros datos. En \u00e9l se estipula, entre otras cosas, para qu\u00e9 pueden tratarse los datos personales y qu\u00e9 medidas de seguridad deben adoptarse en el lugar donde se almacenan. Tambi\u00e9n establece que la persona que procesa los datos debe tratarlos confidencialmente y no puede, por iniciativa propia, procesarlos para un fin distinto del establecido en el acuerdo de procesamiento.<\/p>\n<h3>INSPECCI\u00d3N, RECTIFICACI\u00d3N Y DERECHO DE OPOSICI\u00d3N<\/h3>\n<p>Si mantiene una relaci\u00f3n con nuestra empresa, tiene la posibilidad de consultar sus datos personales previa solicitud por escrito. Si la visi\u00f3n general que le proporcionamos contiene inexactitudes, puede solicitarnos por escrito que modifiquemos o suprimamos los datos. Adem\u00e1s, tiene derecho a solicitar sus datos en un fichero para que otra parte pueda obtenerlos y utilizarlos. Adem\u00e1s, puede comunicarnos por escrito si no desea que nos pongamos en contacto con usted (por correo postal o electr\u00f3nico) para informarle sobre nuestros productos y servicios, notific\u00e1ndolo a esta direcci\u00f3n:<\/p>\n<p>Holy-Supps<br \/>Calle Da Costra<br \/>4904 EP Oosterhoud<br \/>Pa\u00edses Bajos<\/p>\n<p>O por correo a\u00a0<a href=\"mailto:info@holy-supps.nl\">info@holy-supps.nl<\/a><\/p>\n<p>En caso de que no est\u00e9 de acuerdo con la forma en que procesamos sus datos personales y no pueda llegar a un acuerdo con nosotros, tiene la opci\u00f3n de presentar una reclamaci\u00f3n ante la Autoridad de Datos Personales. Puede enviarla a<\/p>\n<p>Autoridad de Datos Personales<br \/>Apartado de correos 93374<br \/>2509 AJ LA HAYA<\/p>\n<h3>CAMBIAR LA DECLARACI\u00d3N DE PRIVACIDAD<\/h3>\n<p>Nos reservamos el derecho a modificar esta declaraci\u00f3n de privacidad. Los cambios se publicar\u00e1n en este sitio web.<\/p>\n<h3>AVISO LEGAL<\/h3>\n<p>Aunque se ha puesto el m\u00e1ximo cuidado en el desarrollo y mantenimiento de este sitio web, existe la posibilidad de que cierta informaci\u00f3n deje de ser exacta con el paso del tiempo. Holy-Supps no acepta ninguna responsabilidad por las consecuencias de todas las actividades realizadas sobre la base de la informaci\u00f3n proporcionada en este sitio web. Ninguna obligaci\u00f3n de Holy-Supps puede ser derivada del contenido de este sitio web, con excepci\u00f3n de los casos en que un acuerdo por escrito se ha hecho.<\/p>\n<h3>FUENTES DE TERCEROS<\/h3>\n<p>Ciertas referencias en este sitio web conducen a fuentes de informaci\u00f3n mantenidas por terceros sobre los cuales Holy-Supps no tiene control. Holy-Supps no asume ninguna responsabilidad por la exactitud o cualquier otro aspecto de estas fuentes de informaci\u00f3n.<\/p>\n<h3>AUTORIDAD<\/h3>\n<p>Los derechos de autor de todo el contenido presente en este sitio web pertenecen a Holy-Supps , a menos que se indique expl\u00edcitamente lo contrario por medio de, por ejemplo, referencias a la fuente. Ninguna parte de las aplicaciones, textos o representaciones gr\u00e1ficas de este sitio web puede ser reproducida y\/o publicada mediante impresi\u00f3n, fotocopia, fax, reescritura, almacenamiento en una base de datos informatizada o de cualquier otra forma que se aplique a la totalidad o parte del tratamiento, sin el consentimiento expreso previo y por escrito de Holy-Supps .<\/p>\n<h2>DECLARACI\u00d3N DE COOKIES<\/h2>\n<p>Holy-Supps.co.uk utiliza cookies. Holy-Supps utiliza cookies para analizar el tr\u00e1fico del sitio web de forma an\u00f3nima, para que podamos ajustar la funcionalidad y la eficacia. Tambi\u00e9n utilizamos cookies para personalizar el contenido y la publicidad previa autorizaci\u00f3n.<\/p>\n<p>Las cookies son peque\u00f1os archivos de texto que pueden ser utilizados por los sitios web para hacer m\u00e1s eficiente la experiencia del usuario. Por ley, estamos autorizados a almacenar cookies en su dispositivo si son estrictamente necesarias para el uso del sitio. Para todos los dem\u00e1s tipos de cookies, necesitamos su consentimiento. Este sitio web utiliza diferentes tipos de cookies. Algunas cookies son instaladas por servicios de terceros que aparecen en nuestras p\u00e1ginas.<\/p>\n<p>Su consentimiento se aplica a los siguientes \u00e1mbitos: <a href=\"https:\/\/www.holy-supps.nl\/es\/\">www.holy-supps.nl<\/a> \/ <a href=\"https:\/\/www.holysupps.nl\">www.holysupps.nl<\/a>.<\/p>\n<h3>COOKIES (COLOCADAS DIRECTAMENTE):<\/h3>\n<p><strong>Cookies de WordPress<br \/><\/strong>Entre otras cosas, estas cookies registran si el visitante ha iniciado sesi\u00f3n.<\/p>\n<p><strong>Cookies de Wordfence<br \/><\/strong>Estas cookies se instalan por motivos de seguridad. Wordfence es totalmente compatible con GDPR.<\/p>\n<h3>COOKIES (PREVIO CONSENTIMIENTO):<\/h3>\n<p><strong>Cookies: Google AdWords<br \/><\/strong>Estas cookies se utilizan para adaptar los anuncios a su perfil de modo que sean lo m\u00e1s relevantes posible para usted.<\/p>\n<p><strong>Cookies: Google Analytics<br \/><\/strong>Para \"Google Analytics\", se establecen algunas cookies para crear informes de nuestros usuarios con el fin de mejorar el sitio. Adem\u00e1s, el c\u00f3digo de Analytics incluye la funci\u00f3n DoubleClick para mostrar banners relevantes en la red de contenido de google.<\/p>\n<p><strong>Cookies: Facebook<br \/><\/strong>Facebook coloca cookies para rastrear sus preferencias en esta plataforma de medios sociales.<\/p>\n<p><strong>Cookies: Hotjar<br \/><\/strong>Finalidad: La herramienta Hotjar nos permite ver d\u00f3nde hacen clic los visitantes en el sitio web y hasta qu\u00e9 punto se desplazan por las p\u00e1ginas. Estos datos son totalmente an\u00f3nimos y, por tanto, no se pueden relacionar con personas concretas.<\/p>\n<h2>SOBRE LA POL\u00cdTICA<\/h2>\n<p>Esta pol\u00edtica de privacidad y cookies puede ser modificada de vez en cuando para anunciar cambios y las consiguientes implicaciones en la obtenci\u00f3n y gesti\u00f3n de datos. Si se introducen cambios en este documento, puede consultar la fecha de la \u00faltima modificaci\u00f3n en la parte inferior del documento. Nos reservamos el derecho a realizar cambios en la forma en que tratamos los datos y a modificar los t\u00e9rminos descritos en la pol\u00edtica de privacidad y cookies, as\u00ed como a aplicar dichas modificaciones a todos sus datos. Si visita nuestro sitio web, acepta las condiciones vigentes en ese momento de la pol\u00edtica de privacidad y cookies.<\/p>\n<p>Encontrar\u00e1 m\u00e1s informaci\u00f3n sobre las cookies y su legislaci\u00f3n en\u00a0<a href=\"http:\/\/www.youronlinechoices.com\/\">www.youronlinechoices.com<\/a>.<\/p>\n<p>\u00daltima modificaci\u00f3n: 09 de octubre de 2019<\/p>\n<p><\/p>\n\n\n\t\t<\/div>\n\t\t\t\t\t<\/div>\n\n\t\n\n<\/div>\n\n\t\t<\/div>\n\n\t\t\n<style>\n#section_486530785 {\n  padding-top: 30px;\n  padding-bottom: 30px;\n}\n<\/style>\n\t<\/section>","protected":false},"excerpt":{"rendered":"","protected":false},"author":1,"featured_media":0,"parent":0,"menu_order":0,"comment_status":"closed","ping_status":"open","template":"","meta":{"footnotes":""},"class_list":["post-3","page","type-page","status-publish","hentry"],"yoast_head":"<!-- This site is optimized with the Yoast SEO plugin v27.3 - https:\/\/yoast.com\/product\/yoast-seo-wordpress\/ -->\n<title>Privacy Policy - Holy-Supps.nl<\/title>\n<meta name=\"robots\" content=\"index, follow, max-snippet:-1, max-image-preview:large, max-video-preview:-1\" \/>\n<link rel=\"canonical\" href=\"https:\/\/www.holy-supps.nl\/es\/politica-de-privacidad\/\" \/>\n<meta property=\"og:locale\" content=\"es_ES\" \/>\n<meta property=\"og:type\" content=\"article\" \/>\n<meta property=\"og:title\" content=\"Privacy Policy - Holy-Supps.nl\" \/>\n<meta property=\"og:url\" content=\"https:\/\/www.holy-supps.nl\/es\/politica-de-privacidad\/\" \/>\n<meta property=\"og:site_name\" content=\"Holy-Supps.nl\" \/>\n<meta property=\"article:publisher\" content=\"https:\/\/www.facebook.com\/holy.supps\" \/>\n<meta property=\"article:modified_time\" content=\"2023-04-07T15:55:52+00:00\" \/>\n<meta property=\"og:image\" content=\"https:\/\/www.holy-supps.nl\/wp-content\/uploads\/2023\/06\/HOLY-SUPPS.png\" \/>\n\t<meta property=\"og:image:width\" content=\"1000\" \/>\n\t<meta property=\"og:image:height\" content=\"400\" \/>\n\t<meta property=\"og:image:type\" content=\"image\/png\" \/>\n<meta name=\"twitter:card\" content=\"summary_large_image\" \/>\n<meta name=\"twitter:label1\" content=\"Tiempo de lectura\" \/>\n\t<meta name=\"twitter:data1\" content=\"7 minutos\" \/>\n<script type=\"application\/ld+json\" class=\"yoast-schema-graph\">{\"@context\":\"https:\\\/\\\/schema.org\",\"@graph\":[{\"@type\":\"WebPage\",\"@id\":\"https:\\\/\\\/www.holy-supps.nl\\\/privacy-policy\\\/\",\"url\":\"https:\\\/\\\/www.holy-supps.nl\\\/privacy-policy\\\/\",\"name\":\"Privacy Policy - Holy-Supps.nl\",\"isPartOf\":{\"@id\":\"https:\\\/\\\/www.holy-supps.nl\\\/#website\"},\"datePublished\":\"2023-01-08T17:43:47+00:00\",\"dateModified\":\"2023-04-07T15:55:52+00:00\",\"breadcrumb\":{\"@id\":\"https:\\\/\\\/www.holy-supps.nl\\\/privacy-policy\\\/#breadcrumb\"},\"inLanguage\":\"es\",\"potentialAction\":[{\"@type\":\"ReadAction\",\"target\":[\"https:\\\/\\\/www.holy-supps.nl\\\/privacy-policy\\\/\"]}]},{\"@type\":\"BreadcrumbList\",\"@id\":\"https:\\\/\\\/www.holy-supps.nl\\\/privacy-policy\\\/#breadcrumb\",\"itemListElement\":[{\"@type\":\"ListItem\",\"position\":1,\"name\":\"Home\",\"item\":\"https:\\\/\\\/www.holy-supps.nl\\\/\"},{\"@type\":\"ListItem\",\"position\":2,\"name\":\"Privacy Policy\"}]},{\"@type\":\"WebSite\",\"@id\":\"https:\\\/\\\/www.holy-supps.nl\\\/#website\",\"url\":\"https:\\\/\\\/www.holy-supps.nl\\\/\",\"name\":\"Holy-Supps.nl\",\"description\":\"Official EHPLabs Reseller!\",\"publisher\":{\"@id\":\"https:\\\/\\\/www.holy-supps.nl\\\/#organization\"},\"potentialAction\":[{\"@type\":\"SearchAction\",\"target\":{\"@type\":\"EntryPoint\",\"urlTemplate\":\"https:\\\/\\\/www.holy-supps.nl\\\/?s={search_term_string}\"},\"query-input\":{\"@type\":\"PropertyValueSpecification\",\"valueRequired\":true,\"valueName\":\"search_term_string\"}}],\"inLanguage\":\"es\"},{\"@type\":\"Organization\",\"@id\":\"https:\\\/\\\/www.holy-supps.nl\\\/#organization\",\"name\":\"Holy Supps\",\"url\":\"https:\\\/\\\/www.holy-supps.nl\\\/\",\"logo\":{\"@type\":\"ImageObject\",\"inLanguage\":\"es\",\"@id\":\"https:\\\/\\\/www.holy-supps.nl\\\/#\\\/schema\\\/logo\\\/image\\\/\",\"url\":\"https:\\\/\\\/www.holy-supps.nl\\\/wp-content\\\/uploads\\\/2023\\\/06\\\/HOLY-SUPPS.png\",\"contentUrl\":\"https:\\\/\\\/www.holy-supps.nl\\\/wp-content\\\/uploads\\\/2023\\\/06\\\/HOLY-SUPPS.png\",\"width\":1000,\"height\":400,\"caption\":\"Holy Supps\"},\"image\":{\"@id\":\"https:\\\/\\\/www.holy-supps.nl\\\/#\\\/schema\\\/logo\\\/image\\\/\"},\"sameAs\":[\"https:\\\/\\\/www.facebook.com\\\/holy.supps\",\"https:\\\/\\\/www.instagram.com\\\/holy.supps.shop\\\/\"]}]}<\/script>\n<!-- \/ Yoast SEO plugin. -->","yoast_head_json":{"title":"Pol\u00edtica de privacidad - Holy-Supps.co.uk","robots":{"index":"index","follow":"follow","max-snippet":"max-snippet:-1","max-image-preview":"max-image-preview:large","max-video-preview":"max-video-preview:-1"},"canonical":"https:\/\/www.holy-supps.nl\/es\/politica-de-privacidad\/","og_locale":"es_ES","og_type":"article","og_title":"Privacy Policy - Holy-Supps.nl","og_url":"https:\/\/www.holy-supps.nl\/es\/politica-de-privacidad\/","og_site_name":"Holy-Supps.nl","article_publisher":"https:\/\/www.facebook.com\/holy.supps","article_modified_time":"2023-04-07T15:55:52+00:00","og_image":[{"width":1000,"height":400,"url":"https:\/\/www.holy-supps.nl\/wp-content\/uploads\/2023\/06\/HOLY-SUPPS.png","type":"image\/png"}],"twitter_card":"summary_large_image","twitter_misc":{"Tiempo de lectura":"7 minutos"},"schema":{"@context":"https:\/\/schema.org","@graph":[{"@type":"WebPage","@id":"https:\/\/www.holy-supps.nl\/privacy-policy\/","url":"https:\/\/www.holy-supps.nl\/privacy-policy\/","name":"Pol\u00edtica de privacidad - Holy-Supps.co.uk","isPartOf":{"@id":"https:\/\/www.holy-supps.nl\/#website"},"datePublished":"2023-01-08T17:43:47+00:00","dateModified":"2023-04-07T15:55:52+00:00","breadcrumb":{"@id":"https:\/\/www.holy-supps.nl\/privacy-policy\/#breadcrumb"},"inLanguage":"es","potentialAction":[{"@type":"ReadAction","target":["https:\/\/www.holy-supps.nl\/privacy-policy\/"]}]},{"@type":"BreadcrumbList","@id":"https:\/\/www.holy-supps.nl\/privacy-policy\/#breadcrumb","itemListElement":[{"@type":"ListItem","position":1,"name":"Home","item":"https:\/\/www.holy-supps.nl\/"},{"@type":"ListItem","position":2,"name":"Privacy Policy"}]},{"@type":"WebSite","@id":"https:\/\/www.holy-supps.nl\/#website","url":"https:\/\/www.holy-supps.nl\/","name":"Holy-Supps.es","description":"\u00a1Distribuidor oficial de EHPLabs!","publisher":{"@id":"https:\/\/www.holy-supps.nl\/#organization"},"potentialAction":[{"@type":"SearchAction","target":{"@type":"EntryPoint","urlTemplate":"https:\/\/www.holy-supps.nl\/?s={search_term_string}"},"query-input":{"@type":"PropertyValueSpecification","valueRequired":true,"valueName":"search_term_string"}}],"inLanguage":"es"},{"@type":"Organization","@id":"https:\/\/www.holy-supps.nl\/#organization","name":"Santa Cena","url":"https:\/\/www.holy-supps.nl\/","logo":{"@type":"ImageObject","inLanguage":"es","@id":"https:\/\/www.holy-supps.nl\/#\/schema\/logo\/image\/","url":"https:\/\/www.holy-supps.nl\/wp-content\/uploads\/2023\/06\/HOLY-SUPPS.png","contentUrl":"https:\/\/www.holy-supps.nl\/wp-content\/uploads\/2023\/06\/HOLY-SUPPS.png","width":1000,"height":400,"caption":"Holy Supps"},"image":{"@id":"https:\/\/www.holy-supps.nl\/#\/schema\/logo\/image\/"},"sameAs":["https:\/\/www.facebook.com\/holy.supps","https:\/\/www.instagram.com\/holy.supps.shop\/"]}]}},"jetpack_sharing_enabled":true,"_links":{"self":[{"href":"https:\/\/www.holy-supps.nl\/es\/wp-json\/wp\/v2\/pages\/3","targetHints":{"allow":["GET"]}}],"collection":[{"href":"https:\/\/www.holy-supps.nl\/es\/wp-json\/wp\/v2\/pages"}],"about":[{"href":"https:\/\/www.holy-supps.nl\/es\/wp-json\/wp\/v2\/types\/page"}],"author":[{"embeddable":true,"href":"https:\/\/www.holy-supps.nl\/es\/wp-json\/wp\/v2\/users\/1"}],"replies":[{"embeddable":true,"href":"https:\/\/www.holy-supps.nl\/es\/wp-json\/wp\/v2\/comments?post=3"}],"version-history":[{"count":3,"href":"https:\/\/www.holy-supps.nl\/es\/wp-json\/wp\/v2\/pages\/3\/revisions"}],"predecessor-version":[{"id":753,"href":"https:\/\/www.holy-supps.nl\/es\/wp-json\/wp\/v2\/pages\/3\/revisions\/753"}],"wp:attachment":[{"href":"https:\/\/www.holy-supps.nl\/es\/wp-json\/wp\/v2\/media?parent=3"}],"curies":[{"name":"wp","href":"https:\/\/api.w.org\/{rel}","templated":true}]}}