{"id":868,"date":"2023-05-19T16:36:21","date_gmt":"2023-05-19T14:36:21","guid":{"rendered":"https:\/\/www.holy-supps.nl\/?post_type=product&#038;p=868"},"modified":"2026-02-24T15:19:03","modified_gmt":"2026-02-24T14:19:03","slug":"beyond-bcaaeaa-intra-workout-ehplabs-60-portionen","status":"publish","type":"product","link":"https:\/\/www.holy-supps.nl\/de\/product\/beyond-bcaaeaa-intra-workout-ehplabs-60-servings\/","title":{"rendered":"Beyond BCAA+EAA Intra-workout - EHPLabs - 60 Portionen"},"content":{"rendered":"<h2>Beschreibung<\/h2>\n<p>EHPlabs <strong>Mehr als BCAA + EAA<\/strong> ist eine Aminos\u00e4urenerg\u00e4nzung in Pulverform, die eine Kombination aus <strong>BCAAs (verzweigtkettige Aminos\u00e4uren)<\/strong> und <strong>EAAs (essentielle Aminos\u00e4uren)<\/strong> enth\u00e4lt. Das Produkt ist so konzipiert, dass es sich leicht mit Wasser mischen l\u00e4sst und w\u00e4hrend oder nach dem Training verwendet werden kann. Beyond BCAA + EAA ist in verschiedenen Geschmacksrichtungen erh\u00e4ltlich und enth\u00e4lt au\u00dferdem Elektrolyte f\u00fcr ein frisches Trinkerlebnis.<\/p>\n<hr \/>\n<h2>Vorteile<\/h2>\n<ul>\n<li>Enth\u00e4lt sowohl <strong>BCAAs<\/strong> als <strong>EAAs<\/strong><\/li>\n<li>Erg\u00e4nzen Sie Ihren Erg\u00e4nzungsstapel in Pulverform<\/li>\n<li><strong>Leicht l\u00f6slich<\/strong> im Wasser<\/li>\n<li>In verschiedenen Geschmacksrichtungen erh\u00e4ltlich<\/li>\n<li>Enth\u00e4lt auch Elektrolyte<\/li>\n<\/ul>\n<hr \/>\n<h2>Gebrauchsanweisung<\/h2>\n<p>Mischen <strong>1 Schaufel<\/strong> Beyond BCAA + EAA mit etwa 350-400 ml Wasser.<\/p>\n<ul>\n<li>Empfohlene Anwendung: w\u00e4hrend oder rund um Ihr Training<\/li>\n<li>Kann auch zu anderen Zeiten des Tages eingenommen werden<\/li>\n<li>Vor Gebrauch gut sch\u00fctteln oder umr\u00fchren.<\/li>\n<\/ul>","protected":false},"excerpt":{"rendered":"<p>EHPlabs Beyond BCAA + EAA ist ein Aminos\u00e4urepulver, das sowohl BCAAs als auch EAAs enth\u00e4lt. Das Supplement ist einfach mit Wasser zu mischen und in verschiedenen Geschmacksrichtungen erh\u00e4ltlich. Mit dem Zusatz von Elektrolyten ist es eine praktische Wahl w\u00e4hrend oder rund um Ihr Training.<\/p>","protected":false},"featured_media":875,"comment_status":"closed","ping_status":"closed","template":"","meta":[],"product_brand":[],"product_cat":[86,89,156,77,80,149,72,87,81,91,95,82,84],"product_tag":[],"class_list":{"0":"post-868","1":"product","2":"type-product","3":"status-publish","4":"has-post-thumbnail","6":"product_cat-aankomen","7":"product_cat-afvallen","8":"product_cat-aminozuren","9":"product_cat-bundles-save","10":"product_cat-doel","11":"product_cat-ehplabs-vegan-merken","12":"product_cat-ehplabs","13":"product_cat-energie-focus","14":"product_cat-spieropbouw","15":"product_cat-supplementen","16":"product_cat-vegan-bcaa","17":"product_cat-vegan-merken","18":"product_cat-vegan-supplementen","20":"first","21":"outofstock","22":"sale","23":"taxable","24":"shipping-taxable","25":"purchasable","26":"product-type-variable","27":"has-default-attributes"},"yoast_head":"<!-- This site is optimized with the Yoast SEO plugin v27.6 - https:\/\/yoast.com\/product\/yoast-seo-wordpress\/ -->\n<title>Beyond BCAA+EAA Intra-workout - EHPLabs - 60 servings - Holy-Supps.nl<\/title>\n<meta name=\"description\" content=\"Beyond BCAA+EAA Intra-Workout van EHPLabs: Verhoog je prestaties en herstel met essenti\u00eble aminozuren, focus-boosters en hydratatie.\" \/>\n<meta name=\"robots\" content=\"index, follow, max-snippet:-1, max-image-preview:large, max-video-preview:-1\" \/>\n<link rel=\"canonical\" href=\"https:\/\/www.holy-supps.nl\/de\/produkt\/beyond-bcaaeaa-intra-workout-ehplabs-60-portionen\/\" \/>\n<meta property=\"og:locale\" content=\"de_DE\" \/>\n<meta property=\"og:type\" content=\"article\" \/>\n<meta property=\"og:title\" content=\"Beyond BCAA+EAA Intra-workout - EHPLabs - 60 servings - Holy-Supps.nl\" \/>\n<meta property=\"og:description\" content=\"Beyond BCAA+EAA Intra-Workout van EHPLabs: Verhoog je prestaties en herstel met essenti\u00eble aminozuren, focus-boosters en hydratatie.\" \/>\n<meta property=\"og:url\" content=\"https:\/\/www.holy-supps.nl\/de\/produkt\/beyond-bcaaeaa-intra-workout-ehplabs-60-portionen\/\" \/>\n<meta property=\"og:site_name\" content=\"Holy-Supps.nl\" \/>\n<meta property=\"article:publisher\" content=\"https:\/\/www.facebook.com\/holy.supps\" \/>\n<meta property=\"article:modified_time\" content=\"2026-02-24T14:19:03+00:00\" \/>\n<meta property=\"og:image\" content=\"https:\/\/www.holy-supps.nl\/wp-content\/uploads\/2023\/05\/USWEBSITEIMAGES29_1000x.webp\" \/>\n\t<meta property=\"og:image:width\" content=\"1000\" \/>\n\t<meta property=\"og:image:height\" content=\"1000\" \/>\n\t<meta property=\"og:image:type\" content=\"image\/webp\" \/>\n<meta name=\"twitter:card\" content=\"summary_large_image\" \/>\n<meta name=\"twitter:label1\" content=\"Gesch\u00e4tzte Lesezeit\" \/>\n\t<meta name=\"twitter:data1\" content=\"3\u00a0Minuten\" \/>\n<script type=\"application\/ld+json\" class=\"yoast-schema-graph\">{\"@context\":\"https:\\\/\\\/schema.org\",\"@graph\":[{\"@type\":\"WebPage\",\"@id\":\"https:\\\/\\\/www.holy-supps.nl\\\/product\\\/beyond-bcaaeaa-intra-workout-ehplabs-60-servings\\\/\",\"url\":\"https:\\\/\\\/www.holy-supps.nl\\\/product\\\/beyond-bcaaeaa-intra-workout-ehplabs-60-servings\\\/\",\"name\":\"Beyond BCAA+EAA Intra-workout - EHPLabs - 60 servings - Holy-Supps.nl\",\"isPartOf\":{\"@id\":\"https:\\\/\\\/www.holy-supps.nl\\\/#website\"},\"primaryImageOfPage\":{\"@id\":\"https:\\\/\\\/www.holy-supps.nl\\\/product\\\/beyond-bcaaeaa-intra-workout-ehplabs-60-servings\\\/#primaryimage\"},\"image\":{\"@id\":\"https:\\\/\\\/www.holy-supps.nl\\\/product\\\/beyond-bcaaeaa-intra-workout-ehplabs-60-servings\\\/#primaryimage\"},\"thumbnailUrl\":\"https:\\\/\\\/www.holy-supps.nl\\\/wp-content\\\/uploads\\\/2023\\\/05\\\/USWEBSITEIMAGES29_1000x.webp\",\"datePublished\":\"2023-05-19T14:36:21+00:00\",\"dateModified\":\"2026-02-24T14:19:03+00:00\",\"description\":\"Beyond BCAA+EAA Intra-Workout van EHPLabs: Verhoog je prestaties en herstel met essenti\u00eble aminozuren, focus-boosters en hydratatie.\",\"breadcrumb\":{\"@id\":\"https:\\\/\\\/www.holy-supps.nl\\\/product\\\/beyond-bcaaeaa-intra-workout-ehplabs-60-servings\\\/#breadcrumb\"},\"inLanguage\":\"de\",\"potentialAction\":[{\"@type\":\"ReadAction\",\"target\":[\"https:\\\/\\\/www.holy-supps.nl\\\/product\\\/beyond-bcaaeaa-intra-workout-ehplabs-60-servings\\\/\"]}]},{\"@type\":\"ImageObject\",\"inLanguage\":\"de\",\"@id\":\"https:\\\/\\\/www.holy-supps.nl\\\/product\\\/beyond-bcaaeaa-intra-workout-ehplabs-60-servings\\\/#primaryimage\",\"url\":\"https:\\\/\\\/www.holy-supps.nl\\\/wp-content\\\/uploads\\\/2023\\\/05\\\/USWEBSITEIMAGES29_1000x.webp\",\"contentUrl\":\"https:\\\/\\\/www.holy-supps.nl\\\/wp-content\\\/uploads\\\/2023\\\/05\\\/USWEBSITEIMAGES29_1000x.webp\",\"width\":1000,\"height\":1000},{\"@type\":\"BreadcrumbList\",\"@id\":\"https:\\\/\\\/www.holy-supps.nl\\\/product\\\/beyond-bcaaeaa-intra-workout-ehplabs-60-servings\\\/#breadcrumb\",\"itemListElement\":[{\"@type\":\"ListItem\",\"position\":1,\"name\":\"Home\",\"item\":\"https:\\\/\\\/www.holy-supps.nl\\\/\"},{\"@type\":\"ListItem\",\"position\":2,\"name\":\"Winkel\",\"item\":\"https:\\\/\\\/www.holy-supps.nl\\\/winkel\\\/\"},{\"@type\":\"ListItem\",\"position\":3,\"name\":\"Beyond BCAA+EAA Intra-workout &#8211; EHPLabs &#8211; 60 servings\"}]},{\"@type\":\"WebSite\",\"@id\":\"https:\\\/\\\/www.holy-supps.nl\\\/#website\",\"url\":\"https:\\\/\\\/www.holy-supps.nl\\\/\",\"name\":\"Holy-Supps.nl\",\"description\":\"Official EHPLabs Reseller!\",\"publisher\":{\"@id\":\"https:\\\/\\\/www.holy-supps.nl\\\/#organization\"},\"potentialAction\":[{\"@type\":\"SearchAction\",\"target\":{\"@type\":\"EntryPoint\",\"urlTemplate\":\"https:\\\/\\\/www.holy-supps.nl\\\/?s={search_term_string}\"},\"query-input\":{\"@type\":\"PropertyValueSpecification\",\"valueRequired\":true,\"valueName\":\"search_term_string\"}}],\"inLanguage\":\"de\"},{\"@type\":\"Organization\",\"@id\":\"https:\\\/\\\/www.holy-supps.nl\\\/#organization\",\"name\":\"Holy Supps\",\"url\":\"https:\\\/\\\/www.holy-supps.nl\\\/\",\"logo\":{\"@type\":\"ImageObject\",\"inLanguage\":\"de\",\"@id\":\"https:\\\/\\\/www.holy-supps.nl\\\/#\\\/schema\\\/logo\\\/image\\\/\",\"url\":\"https:\\\/\\\/www.holy-supps.nl\\\/wp-content\\\/uploads\\\/2023\\\/06\\\/HOLY-SUPPS.png\",\"contentUrl\":\"https:\\\/\\\/www.holy-supps.nl\\\/wp-content\\\/uploads\\\/2023\\\/06\\\/HOLY-SUPPS.png\",\"width\":1000,\"height\":400,\"caption\":\"Holy Supps\"},\"image\":{\"@id\":\"https:\\\/\\\/www.holy-supps.nl\\\/#\\\/schema\\\/logo\\\/image\\\/\"},\"sameAs\":[\"https:\\\/\\\/www.facebook.com\\\/holy.supps\",\"https:\\\/\\\/www.instagram.com\\\/holy.supps.shop\\\/\"]}]}<\/script>\n<!-- \/ Yoast SEO plugin. -->","yoast_head_json":{"title":"Beyond BCAA+EAA Intra-workout - EHPLabs - 60 Portionen - Holy-Supps.de","description":"Beyond BCAA+EAA Intra-Workout von EHPLabs: Steigern Sie Ihre Leistung und Erholung mit essentiellen Aminos\u00e4uren, Fokus-Boostern und Fl\u00fcssigkeitszufuhr.","robots":{"index":"index","follow":"follow","max-snippet":"max-snippet:-1","max-image-preview":"max-image-preview:large","max-video-preview":"max-video-preview:-1"},"canonical":"https:\/\/www.holy-supps.nl\/de\/produkt\/beyond-bcaaeaa-intra-workout-ehplabs-60-portionen\/","og_locale":"de_DE","og_type":"article","og_title":"Beyond BCAA+EAA Intra-workout - EHPLabs - 60 servings - Holy-Supps.nl","og_description":"Beyond BCAA+EAA Intra-Workout van EHPLabs: Verhoog je prestaties en herstel met essenti\u00eble aminozuren, focus-boosters en hydratatie.","og_url":"https:\/\/www.holy-supps.nl\/de\/produkt\/beyond-bcaaeaa-intra-workout-ehplabs-60-portionen\/","og_site_name":"Holy-Supps.nl","article_publisher":"https:\/\/www.facebook.com\/holy.supps","article_modified_time":"2026-02-24T14:19:03+00:00","og_image":[{"width":1000,"height":1000,"url":"https:\/\/www.holy-supps.nl\/wp-content\/uploads\/2023\/05\/USWEBSITEIMAGES29_1000x.webp","type":"image\/webp"}],"twitter_card":"summary_large_image","twitter_misc":{"Gesch\u00e4tzte Lesezeit":"3\u00a0Minuten"},"schema":{"@context":"https:\/\/schema.org","@graph":[{"@type":"WebPage","@id":"https:\/\/www.holy-supps.nl\/product\/beyond-bcaaeaa-intra-workout-ehplabs-60-servings\/","url":"https:\/\/www.holy-supps.nl\/product\/beyond-bcaaeaa-intra-workout-ehplabs-60-servings\/","name":"Beyond BCAA+EAA Intra-workout - EHPLabs - 60 Portionen - Holy-Supps.de","isPartOf":{"@id":"https:\/\/www.holy-supps.nl\/#website"},"primaryImageOfPage":{"@id":"https:\/\/www.holy-supps.nl\/product\/beyond-bcaaeaa-intra-workout-ehplabs-60-servings\/#primaryimage"},"image":{"@id":"https:\/\/www.holy-supps.nl\/product\/beyond-bcaaeaa-intra-workout-ehplabs-60-servings\/#primaryimage"},"thumbnailUrl":"https:\/\/www.holy-supps.nl\/wp-content\/uploads\/2023\/05\/USWEBSITEIMAGES29_1000x.webp","datePublished":"2023-05-19T14:36:21+00:00","dateModified":"2026-02-24T14:19:03+00:00","description":"Beyond BCAA+EAA Intra-Workout von EHPLabs: Steigern Sie Ihre Leistung und Erholung mit essentiellen Aminos\u00e4uren, Fokus-Boostern und Fl\u00fcssigkeitszufuhr.","breadcrumb":{"@id":"https:\/\/www.holy-supps.nl\/product\/beyond-bcaaeaa-intra-workout-ehplabs-60-servings\/#breadcrumb"},"inLanguage":"de","potentialAction":[{"@type":"ReadAction","target":["https:\/\/www.holy-supps.nl\/product\/beyond-bcaaeaa-intra-workout-ehplabs-60-servings\/"]}]},{"@type":"ImageObject","inLanguage":"de","@id":"https:\/\/www.holy-supps.nl\/product\/beyond-bcaaeaa-intra-workout-ehplabs-60-servings\/#primaryimage","url":"https:\/\/www.holy-supps.nl\/wp-content\/uploads\/2023\/05\/USWEBSITEIMAGES29_1000x.webp","contentUrl":"https:\/\/www.holy-supps.nl\/wp-content\/uploads\/2023\/05\/USWEBSITEIMAGES29_1000x.webp","width":1000,"height":1000},{"@type":"BreadcrumbList","@id":"https:\/\/www.holy-supps.nl\/product\/beyond-bcaaeaa-intra-workout-ehplabs-60-servings\/#breadcrumb","itemListElement":[{"@type":"ListItem","position":1,"name":"Home","item":"https:\/\/www.holy-supps.nl\/"},{"@type":"ListItem","position":2,"name":"Winkel","item":"https:\/\/www.holy-supps.nl\/winkel\/"},{"@type":"ListItem","position":3,"name":"Beyond BCAA+EAA Intra-workout &#8211; EHPLabs &#8211; 60 servings"}]},{"@type":"WebSite","@id":"https:\/\/www.holy-supps.nl\/#website","url":"https:\/\/www.holy-supps.nl\/","name":"Holy-Supps.co.uk","description":"Offizieller EHPLabs-H\u00e4ndler!","publisher":{"@id":"https:\/\/www.holy-supps.nl\/#organization"},"potentialAction":[{"@type":"SearchAction","target":{"@type":"EntryPoint","urlTemplate":"https:\/\/www.holy-supps.nl\/?s={search_term_string}"},"query-input":{"@type":"PropertyValueSpecification","valueRequired":true,"valueName":"search_term_string"}}],"inLanguage":"de"},{"@type":"Organization","@id":"https:\/\/www.holy-supps.nl\/#organization","name":"Heiliges Abendmahl","url":"https:\/\/www.holy-supps.nl\/","logo":{"@type":"ImageObject","inLanguage":"de","@id":"https:\/\/www.holy-supps.nl\/#\/schema\/logo\/image\/","url":"https:\/\/www.holy-supps.nl\/wp-content\/uploads\/2023\/06\/HOLY-SUPPS.png","contentUrl":"https:\/\/www.holy-supps.nl\/wp-content\/uploads\/2023\/06\/HOLY-SUPPS.png","width":1000,"height":400,"caption":"Holy Supps"},"image":{"@id":"https:\/\/www.holy-supps.nl\/#\/schema\/logo\/image\/"},"sameAs":["https:\/\/www.facebook.com\/holy.supps","https:\/\/www.instagram.com\/holy.supps.shop\/"]}]}},"jetpack_sharing_enabled":true,"_links":{"self":[{"href":"https:\/\/www.holy-supps.nl\/de\/wp-json\/wp\/v2\/product\/868","targetHints":{"allow":["GET"]}}],"collection":[{"href":"https:\/\/www.holy-supps.nl\/de\/wp-json\/wp\/v2\/product"}],"about":[{"href":"https:\/\/www.holy-supps.nl\/de\/wp-json\/wp\/v2\/types\/product"}],"replies":[{"embeddable":true,"href":"https:\/\/www.holy-supps.nl\/de\/wp-json\/wp\/v2\/comments?post=868"}],"wp:featuredmedia":[{"embeddable":true,"href":"https:\/\/www.holy-supps.nl\/de\/wp-json\/wp\/v2\/media\/875"}],"wp:attachment":[{"href":"https:\/\/www.holy-supps.nl\/de\/wp-json\/wp\/v2\/media?parent=868"}],"wp:term":[{"taxonomy":"product_brand","embeddable":true,"href":"https:\/\/www.holy-supps.nl\/de\/wp-json\/wp\/v2\/product_brand?post=868"},{"taxonomy":"product_cat","embeddable":true,"href":"https:\/\/www.holy-supps.nl\/de\/wp-json\/wp\/v2\/product_cat?post=868"},{"taxonomy":"product_tag","embeddable":true,"href":"https:\/\/www.holy-supps.nl\/de\/wp-json\/wp\/v2\/product_tag?post=868"}],"curies":[{"name":"wp","href":"https:\/\/api.w.org\/{rel}","templated":true}]}}