{"id":840,"date":"2023-05-19T16:20:20","date_gmt":"2023-05-19T14:20:20","guid":{"rendered":"https:\/\/www.holy-supps.nl\/?post_type=product&#038;p=840"},"modified":"2026-04-24T13:01:21","modified_gmt":"2026-04-24T11:01:21","slug":"oxyshred-thermogener-fettverbrenner-ohne-stimulation","status":"publish","type":"product","link":"https:\/\/www.holy-supps.nl\/de\/product\/oxyshred-non-stim-thermogenic-fat-burner\/","title":{"rendered":"Oxyshred Non Stim \u2013 Thermogener Fatburner"},"content":{"rendered":"<h2>Beschreibung<\/h2>\n<p>EHPlabs <strong>OxyShred Non-Stim<\/strong> ist eine koffeinfreie Variante des bekannten OxyShred-Supplements. Das Produkt wurde f\u00fcr diejenigen entwickelt, die die Vorteile einer Pre-Workout-Formel mit einer <strong>stim-freie Zusammensetzung<\/strong>. OxyShred Non-Stim enth\u00e4lt eine Mischung aus verschiedenen Pflanzenextrakten, Vitaminen und Mineralien und kann vor oder w\u00e4hrend des Trainings, aber auch zu anderen Tageszeiten eingenommen werden.<\/p>\n<hr \/>\n<h2>Vorteile<\/h2>\n<ul>\n<li>Koffeinfreie Zusammensetzung, geeignet f\u00fcr den Konsum zu jeder Tageszeit<\/li>\n<li>Mischung aus Pflanzenextrakten und N\u00e4hrstoffen<\/li>\n<li>In verschiedenen Geschmacksrichtungen erh\u00e4ltlich<\/li>\n<li>Einfach mit Wasser zu mischen<\/li>\n<li>Geeignet f\u00fcr alle, die Koffein vermeiden m\u00f6chten<\/li>\n<\/ul>\n<hr \/>\n<h2>Gebrauchsanweisung<\/h2>\n<p>Mischen <strong>1 Messl\u00f6ffel (ca. 5 g)<\/strong> OxyShred Non-Stim mit 250\u2013300 ml Wasser.<\/p>\n<ul>\n<li>Empfohlene Verwendung: <strong>1 Portion pro Tag<\/strong><\/li>\n<li>Vor oder w\u00e4hrend des Trainings oder zu einem anderen gew\u00fcnschten Zeitpunkt einnehmen.<\/li>\n<li>Vor Gebrauch gut sch\u00fctteln oder umr\u00fchren.<\/li>\n<\/ul>","protected":false},"excerpt":{"rendered":"<p>EHPlabs OxyShred Non-Stim ist die koffeinfreie Variante der beliebten OxyShred-Formel. Das Pulver enth\u00e4lt eine Mischung aus Pflanzenextrakten, Vitaminen und Mineralien und l\u00e4sst sich leicht mit Wasser mischen. Ideal f\u00fcr alle, die ein koffeinfreies Pre-Workout-Produkt verwenden m\u00f6chten.<\/p>","protected":false},"featured_media":2464,"comment_status":"closed","ping_status":"closed","template":"","meta":[],"product_brand":[],"product_cat":[89,212,77,72,149,87,88],"product_tag":[],"class_list":{"0":"post-840","1":"product","2":"type-product","3":"status-publish","4":"has-post-thumbnail","6":"product_cat-afvallen","7":"product_cat-bestsellers","8":"product_cat-bundles-save","9":"product_cat-ehplabs","10":"product_cat-ehplabs-vegan-merken","11":"product_cat-energie-focus","12":"product_cat-pre-workout-2","14":"first","15":"instock","16":"sale","17":"taxable","18":"shipping-taxable","19":"purchasable","20":"product-type-variable"},"yoast_head":"<!-- This site is optimized with the Yoast SEO plugin v27.4 - https:\/\/yoast.com\/product\/yoast-seo-wordpress\/ -->\n<title>Oxyshred Non Stim \u2013 Thermogenic Burner - Holy-Supps.nl<\/title>\n<meta name=\"description\" content=\"Oxyshred Non-Stim: Krachtige vetverbrander zonder cafe\u00efne, bevordert vetverlies, verhoogt energie en verbetert focus. Ideaal voor dag en nacht.\" \/>\n<meta name=\"robots\" content=\"index, follow, max-snippet:-1, max-image-preview:large, max-video-preview:-1\" \/>\n<link rel=\"canonical\" href=\"https:\/\/www.holy-supps.nl\/de\/produkt\/oxyshred-thermogener-fettverbrenner-ohne-stimulation\/\" \/>\n<meta property=\"og:locale\" content=\"de_DE\" \/>\n<meta property=\"og:type\" content=\"article\" \/>\n<meta property=\"og:title\" content=\"Oxyshred Non Stim \u2013 Thermogenic Burner - Holy-Supps.nl\" \/>\n<meta property=\"og:description\" content=\"Oxyshred Non-Stim: Krachtige vetverbrander zonder cafe\u00efne, bevordert vetverlies, verhoogt energie en verbetert focus. Ideaal voor dag en nacht.\" \/>\n<meta property=\"og:url\" content=\"https:\/\/www.holy-supps.nl\/de\/produkt\/oxyshred-thermogener-fettverbrenner-ohne-stimulation\/\" \/>\n<meta property=\"og:site_name\" content=\"Holy-Supps.nl\" \/>\n<meta property=\"article:publisher\" content=\"https:\/\/www.facebook.com\/holy.supps\" \/>\n<meta property=\"article:modified_time\" content=\"2026-04-24T11:01:21+00:00\" \/>\n<meta property=\"og:image\" content=\"https:\/\/www.holy-supps.nl\/wp-content\/uploads\/2023\/05\/AUWEBSITEIMAGESNONSTIM2.webp\" \/>\n\t<meta property=\"og:image:width\" content=\"990\" \/>\n\t<meta property=\"og:image:height\" content=\"990\" \/>\n\t<meta property=\"og:image:type\" content=\"image\/webp\" \/>\n<meta name=\"twitter:card\" content=\"summary_large_image\" \/>\n<meta name=\"twitter:label1\" content=\"Gesch\u00e4tzte Lesezeit\" \/>\n\t<meta name=\"twitter:data1\" content=\"1\u00a0Minute\" \/>\n<script type=\"application\/ld+json\" class=\"yoast-schema-graph\">{\"@context\":\"https:\\\/\\\/schema.org\",\"@graph\":[{\"@type\":\"WebPage\",\"@id\":\"https:\\\/\\\/www.holy-supps.nl\\\/product\\\/oxyshred-non-stim-thermogenic-fat-burner\\\/\",\"url\":\"https:\\\/\\\/www.holy-supps.nl\\\/product\\\/oxyshred-non-stim-thermogenic-fat-burner\\\/\",\"name\":\"Oxyshred Non Stim \u2013 Thermogenic Burner - Holy-Supps.nl\",\"isPartOf\":{\"@id\":\"https:\\\/\\\/www.holy-supps.nl\\\/#website\"},\"primaryImageOfPage\":{\"@id\":\"https:\\\/\\\/www.holy-supps.nl\\\/product\\\/oxyshred-non-stim-thermogenic-fat-burner\\\/#primaryimage\"},\"image\":{\"@id\":\"https:\\\/\\\/www.holy-supps.nl\\\/product\\\/oxyshred-non-stim-thermogenic-fat-burner\\\/#primaryimage\"},\"thumbnailUrl\":\"https:\\\/\\\/www.holy-supps.nl\\\/wp-content\\\/uploads\\\/2023\\\/05\\\/AUWEBSITEIMAGESNONSTIM2.webp\",\"datePublished\":\"2023-05-19T14:20:20+00:00\",\"dateModified\":\"2026-04-24T11:01:21+00:00\",\"description\":\"Oxyshred Non-Stim: Krachtige vetverbrander zonder cafe\u00efne, bevordert vetverlies, verhoogt energie en verbetert focus. Ideaal voor dag en nacht.\",\"breadcrumb\":{\"@id\":\"https:\\\/\\\/www.holy-supps.nl\\\/product\\\/oxyshred-non-stim-thermogenic-fat-burner\\\/#breadcrumb\"},\"inLanguage\":\"de\",\"potentialAction\":[{\"@type\":\"ReadAction\",\"target\":[\"https:\\\/\\\/www.holy-supps.nl\\\/product\\\/oxyshred-non-stim-thermogenic-fat-burner\\\/\"]}]},{\"@type\":\"ImageObject\",\"inLanguage\":\"de\",\"@id\":\"https:\\\/\\\/www.holy-supps.nl\\\/product\\\/oxyshred-non-stim-thermogenic-fat-burner\\\/#primaryimage\",\"url\":\"https:\\\/\\\/www.holy-supps.nl\\\/wp-content\\\/uploads\\\/2023\\\/05\\\/AUWEBSITEIMAGESNONSTIM2.webp\",\"contentUrl\":\"https:\\\/\\\/www.holy-supps.nl\\\/wp-content\\\/uploads\\\/2023\\\/05\\\/AUWEBSITEIMAGESNONSTIM2.webp\",\"width\":990,\"height\":990},{\"@type\":\"BreadcrumbList\",\"@id\":\"https:\\\/\\\/www.holy-supps.nl\\\/product\\\/oxyshred-non-stim-thermogenic-fat-burner\\\/#breadcrumb\",\"itemListElement\":[{\"@type\":\"ListItem\",\"position\":1,\"name\":\"Home\",\"item\":\"https:\\\/\\\/www.holy-supps.nl\\\/\"},{\"@type\":\"ListItem\",\"position\":2,\"name\":\"Winkel\",\"item\":\"https:\\\/\\\/www.holy-supps.nl\\\/winkel\\\/\"},{\"@type\":\"ListItem\",\"position\":3,\"name\":\"Oxyshred Non Stim \u2013 Thermogenic Burner\"}]},{\"@type\":\"WebSite\",\"@id\":\"https:\\\/\\\/www.holy-supps.nl\\\/#website\",\"url\":\"https:\\\/\\\/www.holy-supps.nl\\\/\",\"name\":\"Holy-Supps.nl\",\"description\":\"Official EHPLabs Reseller!\",\"publisher\":{\"@id\":\"https:\\\/\\\/www.holy-supps.nl\\\/#organization\"},\"potentialAction\":[{\"@type\":\"SearchAction\",\"target\":{\"@type\":\"EntryPoint\",\"urlTemplate\":\"https:\\\/\\\/www.holy-supps.nl\\\/?s={search_term_string}\"},\"query-input\":{\"@type\":\"PropertyValueSpecification\",\"valueRequired\":true,\"valueName\":\"search_term_string\"}}],\"inLanguage\":\"de\"},{\"@type\":\"Organization\",\"@id\":\"https:\\\/\\\/www.holy-supps.nl\\\/#organization\",\"name\":\"Holy Supps\",\"url\":\"https:\\\/\\\/www.holy-supps.nl\\\/\",\"logo\":{\"@type\":\"ImageObject\",\"inLanguage\":\"de\",\"@id\":\"https:\\\/\\\/www.holy-supps.nl\\\/#\\\/schema\\\/logo\\\/image\\\/\",\"url\":\"https:\\\/\\\/www.holy-supps.nl\\\/wp-content\\\/uploads\\\/2023\\\/06\\\/HOLY-SUPPS.png\",\"contentUrl\":\"https:\\\/\\\/www.holy-supps.nl\\\/wp-content\\\/uploads\\\/2023\\\/06\\\/HOLY-SUPPS.png\",\"width\":1000,\"height\":400,\"caption\":\"Holy Supps\"},\"image\":{\"@id\":\"https:\\\/\\\/www.holy-supps.nl\\\/#\\\/schema\\\/logo\\\/image\\\/\"},\"sameAs\":[\"https:\\\/\\\/www.facebook.com\\\/holy.supps\",\"https:\\\/\\\/www.instagram.com\\\/holy.supps.shop\\\/\"]}]}<\/script>\n<!-- \/ Yoast SEO plugin. -->","yoast_head_json":{"title":"Oxyshred Non Stim \u2013 Thermogener Fatburner \u2013 Holy-Supps.nl","description":"Oxyshred Non-Stim: Leistungsstarker Fatburner ohne Koffein, f\u00f6rdert den Fettabbau, erh\u00f6ht die Energie und verbessert die Konzentration. Ideal f\u00fcr Tag und Nacht.","robots":{"index":"index","follow":"follow","max-snippet":"max-snippet:-1","max-image-preview":"max-image-preview:large","max-video-preview":"max-video-preview:-1"},"canonical":"https:\/\/www.holy-supps.nl\/de\/produkt\/oxyshred-thermogener-fettverbrenner-ohne-stimulation\/","og_locale":"de_DE","og_type":"article","og_title":"Oxyshred Non Stim \u2013 Thermogenic Burner - Holy-Supps.nl","og_description":"Oxyshred Non-Stim: Krachtige vetverbrander zonder cafe\u00efne, bevordert vetverlies, verhoogt energie en verbetert focus. Ideaal voor dag en nacht.","og_url":"https:\/\/www.holy-supps.nl\/de\/produkt\/oxyshred-thermogener-fettverbrenner-ohne-stimulation\/","og_site_name":"Holy-Supps.nl","article_publisher":"https:\/\/www.facebook.com\/holy.supps","article_modified_time":"2026-04-24T11:01:21+00:00","og_image":[{"width":990,"height":990,"url":"https:\/\/www.holy-supps.nl\/wp-content\/uploads\/2023\/05\/AUWEBSITEIMAGESNONSTIM2.webp","type":"image\/webp"}],"twitter_card":"summary_large_image","twitter_misc":{"Gesch\u00e4tzte Lesezeit":"1\u00a0Minute"},"schema":{"@context":"https:\/\/schema.org","@graph":[{"@type":"WebPage","@id":"https:\/\/www.holy-supps.nl\/product\/oxyshred-non-stim-thermogenic-fat-burner\/","url":"https:\/\/www.holy-supps.nl\/product\/oxyshred-non-stim-thermogenic-fat-burner\/","name":"Oxyshred Non Stim \u2013 Thermogener Fatburner \u2013 Holy-Supps.nl","isPartOf":{"@id":"https:\/\/www.holy-supps.nl\/#website"},"primaryImageOfPage":{"@id":"https:\/\/www.holy-supps.nl\/product\/oxyshred-non-stim-thermogenic-fat-burner\/#primaryimage"},"image":{"@id":"https:\/\/www.holy-supps.nl\/product\/oxyshred-non-stim-thermogenic-fat-burner\/#primaryimage"},"thumbnailUrl":"https:\/\/www.holy-supps.nl\/wp-content\/uploads\/2023\/05\/AUWEBSITEIMAGESNONSTIM2.webp","datePublished":"2023-05-19T14:20:20+00:00","dateModified":"2026-04-24T11:01:21+00:00","description":"Oxyshred Non-Stim: Leistungsstarker Fatburner ohne Koffein, f\u00f6rdert den Fettabbau, erh\u00f6ht die Energie und verbessert die Konzentration. Ideal f\u00fcr Tag und Nacht.","breadcrumb":{"@id":"https:\/\/www.holy-supps.nl\/product\/oxyshred-non-stim-thermogenic-fat-burner\/#breadcrumb"},"inLanguage":"de","potentialAction":[{"@type":"ReadAction","target":["https:\/\/www.holy-supps.nl\/product\/oxyshred-non-stim-thermogenic-fat-burner\/"]}]},{"@type":"ImageObject","inLanguage":"de","@id":"https:\/\/www.holy-supps.nl\/product\/oxyshred-non-stim-thermogenic-fat-burner\/#primaryimage","url":"https:\/\/www.holy-supps.nl\/wp-content\/uploads\/2023\/05\/AUWEBSITEIMAGESNONSTIM2.webp","contentUrl":"https:\/\/www.holy-supps.nl\/wp-content\/uploads\/2023\/05\/AUWEBSITEIMAGESNONSTIM2.webp","width":990,"height":990},{"@type":"BreadcrumbList","@id":"https:\/\/www.holy-supps.nl\/product\/oxyshred-non-stim-thermogenic-fat-burner\/#breadcrumb","itemListElement":[{"@type":"ListItem","position":1,"name":"Home","item":"https:\/\/www.holy-supps.nl\/"},{"@type":"ListItem","position":2,"name":"Winkel","item":"https:\/\/www.holy-supps.nl\/winkel\/"},{"@type":"ListItem","position":3,"name":"Oxyshred Non Stim \u2013 Thermogenic Burner"}]},{"@type":"WebSite","@id":"https:\/\/www.holy-supps.nl\/#website","url":"https:\/\/www.holy-supps.nl\/","name":"Holy-Supps.co.uk","description":"Offizieller EHPLabs-H\u00e4ndler!","publisher":{"@id":"https:\/\/www.holy-supps.nl\/#organization"},"potentialAction":[{"@type":"SearchAction","target":{"@type":"EntryPoint","urlTemplate":"https:\/\/www.holy-supps.nl\/?s={search_term_string}"},"query-input":{"@type":"PropertyValueSpecification","valueRequired":true,"valueName":"search_term_string"}}],"inLanguage":"de"},{"@type":"Organization","@id":"https:\/\/www.holy-supps.nl\/#organization","name":"Heiliges Abendmahl","url":"https:\/\/www.holy-supps.nl\/","logo":{"@type":"ImageObject","inLanguage":"de","@id":"https:\/\/www.holy-supps.nl\/#\/schema\/logo\/image\/","url":"https:\/\/www.holy-supps.nl\/wp-content\/uploads\/2023\/06\/HOLY-SUPPS.png","contentUrl":"https:\/\/www.holy-supps.nl\/wp-content\/uploads\/2023\/06\/HOLY-SUPPS.png","width":1000,"height":400,"caption":"Holy Supps"},"image":{"@id":"https:\/\/www.holy-supps.nl\/#\/schema\/logo\/image\/"},"sameAs":["https:\/\/www.facebook.com\/holy.supps","https:\/\/www.instagram.com\/holy.supps.shop\/"]}]}},"jetpack_sharing_enabled":true,"_links":{"self":[{"href":"https:\/\/www.holy-supps.nl\/de\/wp-json\/wp\/v2\/product\/840","targetHints":{"allow":["GET"]}}],"collection":[{"href":"https:\/\/www.holy-supps.nl\/de\/wp-json\/wp\/v2\/product"}],"about":[{"href":"https:\/\/www.holy-supps.nl\/de\/wp-json\/wp\/v2\/types\/product"}],"replies":[{"embeddable":true,"href":"https:\/\/www.holy-supps.nl\/de\/wp-json\/wp\/v2\/comments?post=840"}],"wp:featuredmedia":[{"embeddable":true,"href":"https:\/\/www.holy-supps.nl\/de\/wp-json\/wp\/v2\/media\/2464"}],"wp:attachment":[{"href":"https:\/\/www.holy-supps.nl\/de\/wp-json\/wp\/v2\/media?parent=840"}],"wp:term":[{"taxonomy":"product_brand","embeddable":true,"href":"https:\/\/www.holy-supps.nl\/de\/wp-json\/wp\/v2\/product_brand?post=840"},{"taxonomy":"product_cat","embeddable":true,"href":"https:\/\/www.holy-supps.nl\/de\/wp-json\/wp\/v2\/product_cat?post=840"},{"taxonomy":"product_tag","embeddable":true,"href":"https:\/\/www.holy-supps.nl\/de\/wp-json\/wp\/v2\/product_tag?post=840"}],"curies":[{"name":"wp","href":"https:\/\/api.w.org\/{rel}","templated":true}]}}