{"id":649,"date":"2023-03-24T17:07:21","date_gmt":"2023-03-24T16:07:21","guid":{"rendered":"https:\/\/www.holy-supps.nl\/?post_type=product&#038;p=649"},"modified":"2025-07-11T06:58:44","modified_gmt":"2025-07-11T04:58:44","slug":"endloses-nootropes-protein-wirkt","status":"publish","type":"product","link":"https:\/\/www.holy-supps.nl\/de\/product\/endless-nootropic-protein-works\/","title":{"rendered":"Endless Nootropic - Protein Works"},"content":{"rendered":"<div>Endless\u2122 ist das fortschrittlichste Nootropikum, das derzeit auf dem Markt ist. Wir haben unser Fachwissen im Bereich der Sportern\u00e4hrung auf den wichtigsten Spielver\u00e4nderer von allen angewandt: das Gehirn. Mit den neuesten fortschrittlichen, wissenschaftlich fundierten Inhaltsstoffen angereichert, steigert die Endless\u2122-Formel die geistige Leistungsf\u00e4higkeit, reduziert M\u00fcdigkeit und Ersch\u00f6pfung, erh\u00f6ht die Wachsamkeit und hilft, die Neurotransmission aufrechtzuerhalten. Sch\u00f6pfen Sie Ihr wahres Potenzial aus und verschaffen Sie sich den entscheidenden psychologischen Vorteil mit dem ultimativen Gehirnfutter. Es kommt ohne Absturz, ohne Zucker und ohne Kalorien.<\/div>\n<div><\/div>\n<div>Willkommen bei Endless\u2122 - Danken Sie uns sp\u00e4ter ;).<\/div>\n<h2>Endlose nootropische Gehirnnahrung<\/h2>\n<div>Wenn Sie von Nootropika h\u00f6ren, die gemeinhin als Gehirnverst\u00e4rker bezeichnet werden, stellen Sie sich vielleicht so etwas wie den Film Limitless\u00ae vor, in dem Bradley Coopers Figur nach der Einnahme einer gehirnstimulierenden Pille \u00fcbermenschliche geistige Leistungen vollbringt. Und nun zur\u00fcck in der realen Welt. Unsere Ern\u00e4hrungsexperten haben mit den besten nat\u00fcrlichen Inhaltsstoffen und bahnbrechenden wissenschaftlichen Erkenntnissen Endless\u2122 entwickelt.<\/div>\n<div><\/div>\n<div>Ob Multitasking oder \u00fcberf\u00fcllte lange Arbeitstage - das wahre Potenzial Ihres Gehirns freizusetzen, ist ein absoluter Wendepunkt. Endless\u2122 Nootropic ist die fortschrittlichste Gehirnnahrung auf dem heutigen Markt. Jeder aktive Inhaltsstoff ist von h\u00f6chster Reinheit, stammt aus nat\u00fcrlichen Quellen und ist durch wissenschaftliche Studien belegt.<\/div>\n<h2>Was ist Endless Nootropic?<\/h2>\n<div>Ganz gleich, ob Sie bei der Arbeit vor einem Abgabetermin stehen, die ganze Nacht an einem Ihrer h\u00e4rtesten Projekte arbeiten m\u00fcssen oder Ihre Konkurrenten in einer Sportart \u00fcbertreffen wollen - Endless\u2122 ist f\u00fcr Sie gemacht. Das ist kein Stoff f\u00fcr Science-Fiction. Der professionelle Spitzensport konzentriert sich mehr denn je auf die mentale Leistung. Die Wichtigkeit, \"in der Zone\" zu sein, wird als der absolute Schl\u00fcssel zum Erfolg angesehen.<\/div>\n<div><\/div>\n<div>In den letzten Jahren wurde viel dar\u00fcber geforscht, wie das Gehirn funktioniert, wie es geistig leistungsf\u00e4hig ist und wie man die F\u00e4higkeit des Gehirns, auf einer h\u00f6heren Verarbeitungsebene zu arbeiten, optimieren kann. Unser Expertenteam hat sich bei der Formulierung von Endless\u2122 auf diese Forschung gest\u00fctzt.<\/div>\n<h2>Unendlicher Geschmack &amp; Bequemlichkeit<\/h2>\n<div>Es war wichtig, dass Endless\u2122 leicht in den gesch\u00e4ftigen Lebensstil des modernen Lebens passt - Sie k\u00f6nnen es zu jeder Tageszeit konsumieren, ohne einen Absturz zu erleiden. Eine Portion enth\u00e4lt das goldene Verh\u00e4ltnis von L-Theanin zu Koffein (2:1), um sicherzustellen, dass diese Aminos\u00e4ure dem Koffeinabsturz wirksam entgegenwirkt und die Klarheit f\u00f6rdert. Au\u00dferdem gibt es keinen Zuckerschub oder Absturz, da Endless\u2122 zuckerfrei ist.<\/div>\n<div><\/div>\n<div>Es ist lebenswichtig, den ganzen Tag \u00fcber ausreichend Fl\u00fcssigkeit zu sich zu nehmen, und wir alle wissen nur zu gut, wie leicht es ist, zu einem zuckerhaltigen oder vom Marketing angepriesenen Getr\u00e4nk zu greifen, das eine lange Liste von sch\u00e4dlichen Stoffen enth\u00e4lt. Doch damit ist jetzt Schluss, denn wir haben Endless\u2122 f\u00fcr Sie entwickelt, ein Getr\u00e4nk, das ohne Zucker und ohne Kalorien auskommt.<\/div>\n<div><\/div>\n<div>Es sollte auch gut schmecken, und deshalb haben wir f\u00fcnf Geschmacksrichtungen entwickelt, die hervorragend schmecken. Wenn Sie Endless\u2122 einfach anstelle Ihres morgendlichen Milchkaffees oder Ihres nachmitt\u00e4glichen Energydrinks verwenden, sparen Sie sich eine Menge Zucker und Kalorien aus Ihrer t\u00e4glichen Aufnahme.<\/div>\n<div><\/div>\n<div>Einfach in eine Wasserflasche oder einen Shaker geben, sch\u00fctteln und sofort mit Wasser vermischen. W\u00e4hrend einige Aktivgetr\u00e4nke einen unangenehmen Nachgeschmack hinterlassen k\u00f6nnen, haben wir daf\u00fcr gesorgt, dass Endless\u2122 eine reine und weiche Textur hat, damit Sie die Vorteile nutzen k\u00f6nnen, ohne Kompromisse beim Geschmack eingehen zu m\u00fcssen.<\/div>\n<div><\/div>\n<div>Ein Glas Endless\u2122 enth\u00e4lt 30 Portionen und bietet damit ein sehr gutes Preis-Leistungs-Verh\u00e4ltnis, wenn man es mit dem Preis eines Softdrinks vergleicht.<\/div>\n<h2>Wie Endless Nootropic wirkt<\/h2>\n<div>F\u00fcr alle, die sich f\u00fcr die Wissenschaft hinter Endless\u2122 interessieren: Hier schl\u00fcpfen wir in die Rolle eines Nerds und gehen der Sache auf den Grund. Im Folgenden finden Sie die wichtigsten Produktbestandteile, die mit Hilfe der Forschung f\u00fchrender Neurokognitions- und Ern\u00e4hrungswissenschaftler wissenschaftlich formuliert wurden.<\/div>\n<div><\/div>\n<div><strong>Koffein -<\/strong> Koffein tr\u00e4gt zur Steigerung der Wachsamkeit und zur Verbesserung der Konzentration bei. Seine Wirkung in Kombination mit L-Theanin wurde untersucht, um Synergieeffekte zu erzielen. Koffein wirkt, indem es das zentrale Nervensystem (ZNS) anregt, Adrenalin zu produzieren, was die Aufmerksamkeit, das Ged\u00e4chtnis, die Wachsamkeit und die Konzentration verbessert.<\/div>\n<div><\/div>\n<div><strong>L-Theanin -<\/strong> Wirkt synergetisch mit Koffein, um die Konzentration zu steigern und gleichzeitig den nerv\u00f6sen Effekt auszugleichen, der bei \u00fcberm\u00e4\u00dfigem Koffeinkonsum auftritt (kein Absturz). Wir haben L-Theanin und Koffein in einem Verh\u00e4ltnis von 2:1 hinzugef\u00fcgt, was sich in klinischen Studien als optimale Dosierung erwiesen hat.<\/div>\n<div><\/div>\n<div><strong>B-Vitamine -<\/strong> Verbesserung der kognitiven Leistung. Pantothens\u00e4ure (B5) f\u00f6rdert die geistige\/kognitive Leistungsf\u00e4higkeit, indem sie die Aussch\u00fcttung von Neurotransmittern erh\u00f6ht. Pantothens\u00e4ure, Vitamin B6, Fols\u00e4ure und Vitamin B12 spielen eine wichtige Rolle bei der Energieproduktion; sie wandeln Kohlenhydrate und Fette in Energie um, die vom Gehirn genutzt werden kann. Pantothens\u00e4ure und Vitamin B6 tragen zur Synthese von Neurotransmittern wie Acetylcholin und Serotonin bei, die wiederum die Konzentration und Aufmerksamkeit verbessern.<\/div>\n<div class=\"nutritionalInfo col\">\n<h3>Inhalt<\/h3>\n<table>\n<tbody>\n<tr class=\"title\">\n<th>Die Werte basieren auf:<\/th>\n<th>pro 10g Portion<\/th>\n<\/tr>\n<tr>\n<td>Energie (kJ)<\/td>\n<td>46<\/td>\n<\/tr>\n<tr>\n<td>Energie (kcal)<\/td>\n<td>11<\/td>\n<\/tr>\n<tr>\n<td>Kohlenhydrate (g)<\/td>\n<td>1.9<\/td>\n<\/tr>\n<tr>\n<td>davon Zucker (g)<\/td>\n<td><\/td>\n<\/tr>\n<tr>\n<td>Vitamin C<\/td>\n<td>1000mg (1250%*)<\/td>\n<\/tr>\n<tr>\n<td>Kalzium<\/td>\n<td>307mg (38%*)<\/td>\n<\/tr>\n<tr>\n<td>Vitamin B6<\/td>\n<td>2,8mg (200%*)<\/td>\n<\/tr>\n<tr>\n<td>Fols\u00e4ure<\/td>\n<td>200ug (100%*)<\/td>\n<\/tr>\n<tr>\n<td>Vitamin B12<\/td>\n<td>500ug (500%*)<\/td>\n<\/tr>\n<tr>\n<td>Eisen<\/td>\n<td>14mg (100%*)<\/td>\n<\/tr>\n<tr>\n<td>Zink<\/td>\n<td>14mg (140%*)<\/td>\n<\/tr>\n<tr>\n<td>Panthothens\u00e4ure<\/td>\n<td>6mg (100%*)<\/td>\n<\/tr>\n<tr>\n<td>Magnesium<\/td>\n<td>187mg (50%*)<\/td>\n<\/tr>\n<tr>\n<td>Cholinbitartrat<\/td>\n<td>2g<\/td>\n<\/tr>\n<tr>\n<td>L-Tyrosin<\/td>\n<td>1g<\/td>\n<\/tr>\n<tr>\n<td>Taurin<\/td>\n<td>750mg<\/td>\n<\/tr>\n<tr>\n<td>DMAE-Bitartrat<\/td>\n<td>270mg<\/td>\n<\/tr>\n<tr>\n<td>Schwarzer Pfefferextrakt<\/td>\n<td>20mg<\/td>\n<\/tr>\n<tr>\n<td>Koffein wasserfrei<\/td>\n<td>150mg<\/td>\n<\/tr>\n<tr>\n<td>L-Theanin<\/td>\n<td>300mg<\/td>\n<\/tr>\n<tr>\n<td>*= % Referenzzufuhr<\/td>\n<td><\/td>\n<\/tr>\n<\/tbody>\n<\/table>\n<\/div>\n<div class=\"col\">\n<h3 class=\"ingredients-title\">Zutaten - Cool Cola Zinger<\/h3>\n<div class=\"ingredients\">\n<div class=\"specs-wrap\">\n<table class=\"specs-table\" cellspacing=\"0\" cellpadding=\"0\">\n<tbody>\n<tr>\n<td colspan=\"2\">F\u00fcr Alger-Gene siehe <strong>fett<\/strong><\/td>\n<\/tr>\n<tr>\n<th>Cholinbitartrat, Zitronens\u00e4ure, Apfels\u00e4ure, L-Tyrosin, Vitamin C, Aroma, Taurin, Farbstoff (E150c), Magnesiumoxid, Tricalciumphosphat, L-Theanin, DMAE-Bitartrat, Siliciumdioxid, S\u00fc\u00dfstoff (Sucralose), wasserfreies Koffein, Vitamin B12 (Methyl-Cobalamin), Zink, Citrat-Dihydrat, Schwarzer-Pfeffer-Extrakt, Eisen (Eisen-Bis-Glycinat), Vitamin B5 (Calcium-D-Pantothenat), Vitamin B6 (Pyridoxinhydrochlorid), Vitamin B9 (Fols\u00e4ure)<\/th>\n<td><\/td>\n<\/tr>\n<tr>\n<td>Hergestellt in einer Fabrik, die Milch, Eier, glutenhaltiges Getreide, Erdn\u00fcsse, N\u00fcsse und Soja verarbeitet.<\/td>\n<\/tr>\n<\/tbody>\n<\/table>\n<\/div>\n<h3 class=\"ingredients-title\">Zutaten - Gr\u00fcner Apfel-Kick<\/h3>\n<div class=\"ingredients\">\n<div class=\"specs-wrap\">\n<table class=\"specs-table\" cellspacing=\"0\" cellpadding=\"0\">\n<tbody>\n<tr>\n<td colspan=\"2\">F\u00fcr Alger-Gene siehe <strong>fett<\/strong><\/td>\n<\/tr>\n<tr>\n<th>Apfels\u00e4ure, Cholinbitartrat, Aroma, L-Tyrosin, Vitamin C, Taurin, Magnesiumoxid, Tricalciumphosphat, L-Theanin, DMAE-Bitartrat, Siliciumdioxid, S\u00fc\u00dfstoff (Sucralose), wasserfreies Koffein, Farbstoff (Curcumin, Spirulina-Extrakt), Vitamin B12 (Methyl-Cobalamin), Zink, Citrat-Dihydrat, Schwarzer-Pfeffer-Extrakt, Eisen (Ferro-Bis-Glycinat), Vitamin B5 (Calcium-D-Pantothenat), Vitamin B6 (Pyridoxinhydrochlorid), Vitamin B9 (Fols\u00e4ure)<\/th>\n<td><\/td>\n<\/tr>\n<\/tbody>\n<\/table>\n<\/div>\n<\/div>\n<\/div>\n<\/div>","protected":false},"excerpt":{"rendered":"<div>Endless\u2122 ist das fortschrittlichste Nootropikum, das derzeit auf dem Markt ist.<\/div>","protected":false},"featured_media":653,"comment_status":"open","ping_status":"closed","template":"","meta":[],"product_brand":[],"product_cat":[80,87,71,73],"product_tag":[],"class_list":{"0":"post-649","1":"product","2":"type-product","3":"status-publish","4":"has-post-thumbnail","6":"product_cat-doel","7":"product_cat-energie-focus","8":"product_cat-merken","9":"product_cat-protein-works","11":"first","12":"outofstock","13":"sale","14":"taxable","15":"shipping-taxable","16":"purchasable","17":"product-type-variable"},"yoast_head":"<!-- This site is optimized with the Yoast SEO plugin v27.4 - https:\/\/yoast.com\/product\/yoast-seo-wordpress\/ -->\n<title>Endless Nootropic - Protein Works - Holy-Supps.nl<\/title>\n<meta name=\"description\" content=\"Verhoog je mentale prestaties en focus met Endless Nootropic. Krachtige hersenvoeding zonder crash, suikervrij, caloriearm. Perfect voor elke dag!\" \/>\n<meta name=\"robots\" content=\"index, follow, max-snippet:-1, max-image-preview:large, max-video-preview:-1\" \/>\n<link rel=\"canonical\" href=\"https:\/\/www.holy-supps.nl\/de\/produkt\/endloses-nootropes-protein-wirkt\/\" \/>\n<meta property=\"og:locale\" content=\"de_DE\" \/>\n<meta property=\"og:type\" content=\"article\" \/>\n<meta property=\"og:title\" content=\"Endless Nootropic - Protein Works - Holy-Supps.nl\" \/>\n<meta property=\"og:description\" content=\"Verhoog je mentale prestaties en focus met Endless Nootropic. Krachtige hersenvoeding zonder crash, suikervrij, caloriearm. Perfect voor elke dag!\" \/>\n<meta property=\"og:url\" content=\"https:\/\/www.holy-supps.nl\/de\/produkt\/endloses-nootropes-protein-wirkt\/\" \/>\n<meta property=\"og:site_name\" content=\"Holy-Supps.nl\" \/>\n<meta property=\"article:publisher\" content=\"https:\/\/www.facebook.com\/holy.supps\" \/>\n<meta property=\"article:modified_time\" content=\"2025-07-11T04:58:44+00:00\" \/>\n<meta property=\"og:image\" content=\"https:\/\/www.holy-supps.nl\/wp-content\/uploads\/2023\/03\/brt-endless_pdp_1_2.webp\" \/>\n\t<meta property=\"og:image:width\" content=\"1000\" \/>\n\t<meta property=\"og:image:height\" content=\"1000\" \/>\n\t<meta property=\"og:image:type\" content=\"image\/webp\" \/>\n<meta name=\"twitter:card\" content=\"summary_large_image\" \/>\n<meta name=\"twitter:label1\" content=\"Gesch\u00e4tzte Lesezeit\" \/>\n\t<meta name=\"twitter:data1\" content=\"6\u00a0Minuten\" \/>\n<script type=\"application\/ld+json\" class=\"yoast-schema-graph\">{\"@context\":\"https:\\\/\\\/schema.org\",\"@graph\":[{\"@type\":\"WebPage\",\"@id\":\"https:\\\/\\\/www.holy-supps.nl\\\/product\\\/endless-nootropic-protein-works\\\/\",\"url\":\"https:\\\/\\\/www.holy-supps.nl\\\/product\\\/endless-nootropic-protein-works\\\/\",\"name\":\"Endless Nootropic - Protein Works - Holy-Supps.nl\",\"isPartOf\":{\"@id\":\"https:\\\/\\\/www.holy-supps.nl\\\/#website\"},\"primaryImageOfPage\":{\"@id\":\"https:\\\/\\\/www.holy-supps.nl\\\/product\\\/endless-nootropic-protein-works\\\/#primaryimage\"},\"image\":{\"@id\":\"https:\\\/\\\/www.holy-supps.nl\\\/product\\\/endless-nootropic-protein-works\\\/#primaryimage\"},\"thumbnailUrl\":\"https:\\\/\\\/www.holy-supps.nl\\\/wp-content\\\/uploads\\\/2023\\\/03\\\/brt-endless_pdp_1_2.webp\",\"datePublished\":\"2023-03-24T16:07:21+00:00\",\"dateModified\":\"2025-07-11T04:58:44+00:00\",\"description\":\"Verhoog je mentale prestaties en focus met Endless Nootropic. Krachtige hersenvoeding zonder crash, suikervrij, caloriearm. Perfect voor elke dag!\",\"breadcrumb\":{\"@id\":\"https:\\\/\\\/www.holy-supps.nl\\\/product\\\/endless-nootropic-protein-works\\\/#breadcrumb\"},\"inLanguage\":\"de\",\"potentialAction\":[{\"@type\":\"ReadAction\",\"target\":[\"https:\\\/\\\/www.holy-supps.nl\\\/product\\\/endless-nootropic-protein-works\\\/\"]}]},{\"@type\":\"ImageObject\",\"inLanguage\":\"de\",\"@id\":\"https:\\\/\\\/www.holy-supps.nl\\\/product\\\/endless-nootropic-protein-works\\\/#primaryimage\",\"url\":\"https:\\\/\\\/www.holy-supps.nl\\\/wp-content\\\/uploads\\\/2023\\\/03\\\/brt-endless_pdp_1_2.webp\",\"contentUrl\":\"https:\\\/\\\/www.holy-supps.nl\\\/wp-content\\\/uploads\\\/2023\\\/03\\\/brt-endless_pdp_1_2.webp\",\"width\":1000,\"height\":1000},{\"@type\":\"BreadcrumbList\",\"@id\":\"https:\\\/\\\/www.holy-supps.nl\\\/product\\\/endless-nootropic-protein-works\\\/#breadcrumb\",\"itemListElement\":[{\"@type\":\"ListItem\",\"position\":1,\"name\":\"Home\",\"item\":\"https:\\\/\\\/www.holy-supps.nl\\\/\"},{\"@type\":\"ListItem\",\"position\":2,\"name\":\"Winkel\",\"item\":\"https:\\\/\\\/www.holy-supps.nl\\\/winkel\\\/\"},{\"@type\":\"ListItem\",\"position\":3,\"name\":\"Endless Nootropic &#8211; Protein Works\"}]},{\"@type\":\"WebSite\",\"@id\":\"https:\\\/\\\/www.holy-supps.nl\\\/#website\",\"url\":\"https:\\\/\\\/www.holy-supps.nl\\\/\",\"name\":\"Holy-Supps.nl\",\"description\":\"Official EHPLabs Reseller!\",\"publisher\":{\"@id\":\"https:\\\/\\\/www.holy-supps.nl\\\/#organization\"},\"potentialAction\":[{\"@type\":\"SearchAction\",\"target\":{\"@type\":\"EntryPoint\",\"urlTemplate\":\"https:\\\/\\\/www.holy-supps.nl\\\/?s={search_term_string}\"},\"query-input\":{\"@type\":\"PropertyValueSpecification\",\"valueRequired\":true,\"valueName\":\"search_term_string\"}}],\"inLanguage\":\"de\"},{\"@type\":\"Organization\",\"@id\":\"https:\\\/\\\/www.holy-supps.nl\\\/#organization\",\"name\":\"Holy Supps\",\"url\":\"https:\\\/\\\/www.holy-supps.nl\\\/\",\"logo\":{\"@type\":\"ImageObject\",\"inLanguage\":\"de\",\"@id\":\"https:\\\/\\\/www.holy-supps.nl\\\/#\\\/schema\\\/logo\\\/image\\\/\",\"url\":\"https:\\\/\\\/www.holy-supps.nl\\\/wp-content\\\/uploads\\\/2023\\\/06\\\/HOLY-SUPPS.png\",\"contentUrl\":\"https:\\\/\\\/www.holy-supps.nl\\\/wp-content\\\/uploads\\\/2023\\\/06\\\/HOLY-SUPPS.png\",\"width\":1000,\"height\":400,\"caption\":\"Holy Supps\"},\"image\":{\"@id\":\"https:\\\/\\\/www.holy-supps.nl\\\/#\\\/schema\\\/logo\\\/image\\\/\"},\"sameAs\":[\"https:\\\/\\\/www.facebook.com\\\/holy.supps\",\"https:\\\/\\\/www.instagram.com\\\/holy.supps.shop\\\/\"]}]}<\/script>\n<!-- \/ Yoast SEO plugin. -->","yoast_head_json":{"title":"Endless Nootropic - Protein Works - Holy-Supps.de","description":"Steigern Sie Ihre geistige Leistungsf\u00e4higkeit und Konzentration mit Endless Nootropic. Leistungsstarkes, zuckerfreies und kalorienarmes Gehirnfutter. Perfekt f\u00fcr jeden Tag!","robots":{"index":"index","follow":"follow","max-snippet":"max-snippet:-1","max-image-preview":"max-image-preview:large","max-video-preview":"max-video-preview:-1"},"canonical":"https:\/\/www.holy-supps.nl\/de\/produkt\/endloses-nootropes-protein-wirkt\/","og_locale":"de_DE","og_type":"article","og_title":"Endless Nootropic - Protein Works - Holy-Supps.nl","og_description":"Verhoog je mentale prestaties en focus met Endless Nootropic. Krachtige hersenvoeding zonder crash, suikervrij, caloriearm. Perfect voor elke dag!","og_url":"https:\/\/www.holy-supps.nl\/de\/produkt\/endloses-nootropes-protein-wirkt\/","og_site_name":"Holy-Supps.nl","article_publisher":"https:\/\/www.facebook.com\/holy.supps","article_modified_time":"2025-07-11T04:58:44+00:00","og_image":[{"width":1000,"height":1000,"url":"https:\/\/www.holy-supps.nl\/wp-content\/uploads\/2023\/03\/brt-endless_pdp_1_2.webp","type":"image\/webp"}],"twitter_card":"summary_large_image","twitter_misc":{"Gesch\u00e4tzte Lesezeit":"6\u00a0Minuten"},"schema":{"@context":"https:\/\/schema.org","@graph":[{"@type":"WebPage","@id":"https:\/\/www.holy-supps.nl\/product\/endless-nootropic-protein-works\/","url":"https:\/\/www.holy-supps.nl\/product\/endless-nootropic-protein-works\/","name":"Endless Nootropic - Protein Works - Holy-Supps.de","isPartOf":{"@id":"https:\/\/www.holy-supps.nl\/#website"},"primaryImageOfPage":{"@id":"https:\/\/www.holy-supps.nl\/product\/endless-nootropic-protein-works\/#primaryimage"},"image":{"@id":"https:\/\/www.holy-supps.nl\/product\/endless-nootropic-protein-works\/#primaryimage"},"thumbnailUrl":"https:\/\/www.holy-supps.nl\/wp-content\/uploads\/2023\/03\/brt-endless_pdp_1_2.webp","datePublished":"2023-03-24T16:07:21+00:00","dateModified":"2025-07-11T04:58:44+00:00","description":"Steigern Sie Ihre geistige Leistungsf\u00e4higkeit und Konzentration mit Endless Nootropic. Leistungsstarkes, zuckerfreies und kalorienarmes Gehirnfutter. Perfekt f\u00fcr jeden Tag!","breadcrumb":{"@id":"https:\/\/www.holy-supps.nl\/product\/endless-nootropic-protein-works\/#breadcrumb"},"inLanguage":"de","potentialAction":[{"@type":"ReadAction","target":["https:\/\/www.holy-supps.nl\/product\/endless-nootropic-protein-works\/"]}]},{"@type":"ImageObject","inLanguage":"de","@id":"https:\/\/www.holy-supps.nl\/product\/endless-nootropic-protein-works\/#primaryimage","url":"https:\/\/www.holy-supps.nl\/wp-content\/uploads\/2023\/03\/brt-endless_pdp_1_2.webp","contentUrl":"https:\/\/www.holy-supps.nl\/wp-content\/uploads\/2023\/03\/brt-endless_pdp_1_2.webp","width":1000,"height":1000},{"@type":"BreadcrumbList","@id":"https:\/\/www.holy-supps.nl\/product\/endless-nootropic-protein-works\/#breadcrumb","itemListElement":[{"@type":"ListItem","position":1,"name":"Home","item":"https:\/\/www.holy-supps.nl\/"},{"@type":"ListItem","position":2,"name":"Winkel","item":"https:\/\/www.holy-supps.nl\/winkel\/"},{"@type":"ListItem","position":3,"name":"Endless Nootropic &#8211; Protein Works"}]},{"@type":"WebSite","@id":"https:\/\/www.holy-supps.nl\/#website","url":"https:\/\/www.holy-supps.nl\/","name":"Holy-Supps.co.uk","description":"Offizieller EHPLabs-H\u00e4ndler!","publisher":{"@id":"https:\/\/www.holy-supps.nl\/#organization"},"potentialAction":[{"@type":"SearchAction","target":{"@type":"EntryPoint","urlTemplate":"https:\/\/www.holy-supps.nl\/?s={search_term_string}"},"query-input":{"@type":"PropertyValueSpecification","valueRequired":true,"valueName":"search_term_string"}}],"inLanguage":"de"},{"@type":"Organization","@id":"https:\/\/www.holy-supps.nl\/#organization","name":"Heiliges Abendmahl","url":"https:\/\/www.holy-supps.nl\/","logo":{"@type":"ImageObject","inLanguage":"de","@id":"https:\/\/www.holy-supps.nl\/#\/schema\/logo\/image\/","url":"https:\/\/www.holy-supps.nl\/wp-content\/uploads\/2023\/06\/HOLY-SUPPS.png","contentUrl":"https:\/\/www.holy-supps.nl\/wp-content\/uploads\/2023\/06\/HOLY-SUPPS.png","width":1000,"height":400,"caption":"Holy Supps"},"image":{"@id":"https:\/\/www.holy-supps.nl\/#\/schema\/logo\/image\/"},"sameAs":["https:\/\/www.facebook.com\/holy.supps","https:\/\/www.instagram.com\/holy.supps.shop\/"]}]}},"jetpack_sharing_enabled":true,"_links":{"self":[{"href":"https:\/\/www.holy-supps.nl\/de\/wp-json\/wp\/v2\/product\/649","targetHints":{"allow":["GET"]}}],"collection":[{"href":"https:\/\/www.holy-supps.nl\/de\/wp-json\/wp\/v2\/product"}],"about":[{"href":"https:\/\/www.holy-supps.nl\/de\/wp-json\/wp\/v2\/types\/product"}],"replies":[{"embeddable":true,"href":"https:\/\/www.holy-supps.nl\/de\/wp-json\/wp\/v2\/comments?post=649"}],"wp:featuredmedia":[{"embeddable":true,"href":"https:\/\/www.holy-supps.nl\/de\/wp-json\/wp\/v2\/media\/653"}],"wp:attachment":[{"href":"https:\/\/www.holy-supps.nl\/de\/wp-json\/wp\/v2\/media?parent=649"}],"wp:term":[{"taxonomy":"product_brand","embeddable":true,"href":"https:\/\/www.holy-supps.nl\/de\/wp-json\/wp\/v2\/product_brand?post=649"},{"taxonomy":"product_cat","embeddable":true,"href":"https:\/\/www.holy-supps.nl\/de\/wp-json\/wp\/v2\/product_cat?post=649"},{"taxonomy":"product_tag","embeddable":true,"href":"https:\/\/www.holy-supps.nl\/de\/wp-json\/wp\/v2\/product_tag?post=649"}],"curies":[{"name":"wp","href":"https:\/\/api.w.org\/{rel}","templated":true}]}}