{"id":627,"date":"2023-03-24T16:39:53","date_gmt":"2023-03-24T15:39:53","guid":{"rendered":"https:\/\/www.holy-supps.nl\/?post_type=product&#038;p=627"},"modified":"2025-10-29T14:37:23","modified_gmt":"2025-10-29T13:37:23","slug":"molkenprotein-80-eiweiskonzentrat-wirkt","status":"publish","type":"product","link":"https:\/\/www.holy-supps.nl\/de\/product\/whey-protein-80-concentrate-protein-works\/","title":{"rendered":"Molkenprotein 80 (Konzentrat) - Protein Works"},"content":{"rendered":"<div>\n<p>Das mit dem begehrten \"Best Protein Award\" ausgezeichnete Whey Protein 80 ist der Goldstandard f\u00fcr Premium-Proteinshakes und wird einfach aus 100% reinem Molkenproteinkonzentrat hergestellt. Die F\u00fcnf-Sterne-Bewertung verdankt es seiner ultraweichen Textur, der gro\u00dfen Auswahl an Geschmacksrichtungen und dem sofortigen Mischen. Sie haben garantiert keinen Nachgeschmack, keine K\u00f6rnigkeit und eine weiche und cremige Textur. Eine einzige Portion Whey Protein 80 enth\u00e4lt bis zu 80% Protein und ist frei von Zuckerzusatz. Es ist der ultimative Proteinshake, mit dem Sie Ihre Proteinzufuhr zu jeder Tageszeit erh\u00f6hen k\u00f6nnen.<\/p>\n<\/div>\n<h2>Was ist Molkenprotein 80?<\/h2>\n<div>Unser Whey Protein 80 ist in Bezug auf Qualit\u00e4t und Geschmack un\u00fcbertroffen. Diese einzigartigen Proteinshakes wurden kompromisslos aus dem besten Molkenproteinkonzentrat entwickelt und liefern einen enormen Proteingehalt von 80%. Das sind 20 g Protein, 2,1 g Kohlenhydrate und 99 Kalorien pro 25 g Portion.<\/div>\n<div><\/div>\n<div>\n<p>Bei Protein Works geben wir die Produktion unserer Pulver nicht nach au\u00dfen. Stattdessen stellen wir alle unsere Eiwei\u00dfshakes selbst her, und zwar hier im Vereinigten K\u00f6nigreich, in unserer hochmodernen Produktionsanlage. Dies erm\u00f6glicht es uns, jeden Aspekt des Produkts zu perfektionieren: vom Geschmack \u00fcber den N\u00e4hrwert bis hin zur Konsistenz. Die verschiedenen Geschmacksrichtungen, die in Whey Protein 80 erh\u00e4ltlich sind, sorgen f\u00fcr Abwechslung in Ihrem heimischen Vorratsschrank.<\/p>\n<\/div>\n<h2>Was sind die Vorteile von Whey Protein 80?<\/h2>\n<div>Whey Protein 80 hat einen hohen Anteil an BCAAs und ist fett- und cholesterinarm, was es zu einem gesunden Proteinshake macht, den Sie zu jeder Tageszeit zu sich nehmen k\u00f6nnen. Der hohe Proteingehalt und der hohe Anteil an essentiellen Aminos\u00e4uren bedeuten, dass Whey Protein 80 zum Wachstum und zur Erhaltung der Muskelmasse beitr\u00e4gt und Ihnen hilft, Ihre Fitnessziele zu erreichen und zu erhalten.<\/div>\n<h2>Was macht Whey Protein 80 einzigartig?<\/h2>\n<div><strong>Glatte Textur -<\/strong> Whey Protein 80 liefert einen geschmeidigen, cremigen und k\u00f6stlichen Eiwei\u00dfshake, der Ihre Geschmacksknospen nach jedem Schluck befriedigen wird.<\/div>\n<div><strong>K\u00f6stliche Geschmacksrichtungen -<\/strong> Whey Protein 80 ist in verschiedenen k\u00f6stlichen Geschmacksrichtungen erh\u00e4ltlich, darunter Millionaire's Shortbread, Butterscotch Ripple, Salted Caramel Bandit und viele mehr.<\/div>\n<div><strong>Kein Nachgeschmack -<\/strong> Im Gegensatz zu anderen Proteinpulvern auf dem Markt hat unser Whey Protein 80 keinen k\u00fcnstlichen Nachgeschmack.<\/div>\n<div><strong>Sofortige Mischbarkeit -<\/strong> Dank der hochwertigen Zusammensetzung und der perfekten Rezeptur l\u00e4sst sich unser Whey Protein 80 einfach und schnell zu einem cremigen Shake mixen.<\/div>\n<div><strong>Keine K\u00f6rnigkeit... <\/strong>wir garantieren 100% null K\u00f6rner in Ihrem Whey Protein 80.<\/div>\n<div><strong>Perfekt ges\u00fc\u00dft.<\/strong> Whey Protein 80 ist perfekt ges\u00fc\u00dft, so dass Sie Ihren Shake genie\u00dfen k\u00f6nnen, ohne dass die S\u00fc\u00dfe die anderen Geschmacksrichtungen \u00fcberlagert.<\/div>\n<h2>Wie nat\u00fcrlich ist Whey Protein 80?<\/h2>\n<div>Molkenprotein 80 ist eine nat\u00fcrliche Nahrungsquelle, die schon seit Jahrhunderten ein wichtiger Bestandteil der menschlichen Ern\u00e4hrung ist. Forschungen haben gezeigt, dass Milch aus Weidehaltung mehr Linols\u00e4uren und mehr Omega-3-Fetts\u00e4uren enth\u00e4lt als Milch von K\u00fchen aus Stallhaltung. Mit unserem Whey Protein 80 k\u00f6nnen Sie sicher sein, dass Sie das reinste und nat\u00fcrlichste Molkenprotein erhalten.<\/div>\n<h2>Wann sollte ich Whey Protein 80 Pulver verwenden?<\/h2>\n<div>\n<p>Molkenprotein-Shakes k\u00f6nnen fast zu jeder Tageszeit getrunken werden, aber f\u00fcr optimale Ergebnisse empfehlen wir, sie innerhalb einer Stunde nach dem Training zu trinken. Dies ist die sogenannte \"goldene Stunde\", in der Ihr K\u00f6rper und Ihre Muskeln beginnen, sich zu erholen. Dank seiner unglaublichen Eigenschaften kann Whey Protein 80 zu jeder beliebigen Zeit eingenommen werden, um die Proteinzufuhr zu steigern und den Hunger auf gesunde und k\u00f6stliche Weise zu stillen: kalorienarm, laktosearm, ohne Zuckerzusatz und mit wenig Cholesterin. Es ist daher ideal f\u00fcr alle, die eine kalorienreduzierte Di\u00e4t einhalten m\u00fcssen. Wie immer empfehlen wir, unsere Produkte in Kombination mit einer abwechslungsreichen und ausgewogenen Ern\u00e4hrung und regelm\u00e4\u00dfiger Bewegung zu verwenden.<\/p>\n<\/div>\n<div class=\"nutritionalInfo col\">\n<h2>Inhalt<\/h2>\n<table>\n<tbody>\n<tr class=\"title\">\n<th>Die Werte basieren auf:<\/th>\n<th>pro 100g<\/th>\n<th>pro 25g Portion<\/th>\n<\/tr>\n<tr>\n<td>Energie (kJ)<\/td>\n<td>1680<\/td>\n<td>420<\/td>\n<\/tr>\n<tr>\n<td>Energie (kcal)<\/td>\n<td>401<\/td>\n<td>100<\/td>\n<\/tr>\n<tr>\n<td>Fett (g)<\/td>\n<td>6.1<\/td>\n<td>1.5<\/td>\n<\/tr>\n<tr>\n<td>davon Ges\u00e4ttigte (g)<\/td>\n<td>4.3<\/td>\n<td>1.1<\/td>\n<\/tr>\n<tr>\n<td>Kohlenhydrate (g)<\/td>\n<td>9<\/td>\n<td>2.3<\/td>\n<\/tr>\n<tr>\n<td>davon Zucker (g)<\/td>\n<td>7.3<\/td>\n<td>1.8<\/td>\n<\/tr>\n<tr>\n<td>Fasern (g)<\/td>\n<td>0.5<\/td>\n<td>0.1<\/td>\n<\/tr>\n<tr>\n<td>Eiwei\u00df (g)<\/td>\n<td>81<\/td>\n<td>20<\/td>\n<\/tr>\n<tr>\n<td>Salz (g)<\/td>\n<td>0.2<\/td>\n<td>0.05<\/td>\n<\/tr>\n<\/tbody>\n<\/table>\n<\/div>\n<div class=\"col\">\n<h2 class=\"ingredients-title\">Zutaten - Banane Smooth<\/h2>\n<div class=\"ingredients\">\n<div class=\"specs-wrap\">\n<table class=\"specs-table\" cellspacing=\"0\" cellpadding=\"0\">\n<tbody>\n<tr>\n<td colspan=\"2\">F\u00fcr Allergene. Siehe <strong>fett.<\/strong><\/td>\n<\/tr>\n<tr>\n<td>Molkenproteinkonzentrat (Milch) (Emulgator: Sonnenblumenlecithin), Aroma, Verdickungsmittel (Xanthan), S\u00fc\u00dfstoff (Sucralose), Farbstoff (Curcumin).<\/td>\n<\/tr>\n<tr>\n<td>Hergestellt in einer Fabrik, die Milch, Eier, glutenhaltiges Getreide, Erdn\u00fcsse, N\u00fcsse und Soja verarbeitet.<\/td>\n<\/tr>\n<\/tbody>\n<\/table>\n<\/div>\n<\/div>\n<\/div>","protected":false},"excerpt":{"rendered":"<p>Das mit dem begehrten \"Best Protein Award\" ausgezeichnete Whey Protein 80 ist der Goldstandard f\u00fcr Premium-Proteinshakes und wird einfach aus 100% reinem Molkenproteinkonzentrat hergestellt. Die F\u00fcnf-Sterne-Bewertung verdankt es seiner ultraweichen Textur, der gro\u00dfen Auswahl an Geschmacksrichtungen und dem sofortigen Mischen. Sie haben garantiert keinen Nachgeschmack, keine K\u00f6rnigkeit und eine weiche und cremige Textur. Eine einzige Portion Whey Protein 80 enth\u00e4lt bis zu 80% Protein und ist frei von Zuckerzusatz. Es ist der ultimative Proteinshake, mit dem Sie Ihre Proteinzufuhr zu jeder Tageszeit erh\u00f6hen k\u00f6nnen.<\/p>","protected":false},"featured_media":631,"comment_status":"open","ping_status":"closed","template":"","meta":[],"product_brand":[],"product_cat":[86,89,77,80,67,71,75,73,178,81,83],"product_tag":[],"class_list":{"0":"post-627","1":"product","2":"type-product","3":"status-publish","4":"has-post-thumbnail","6":"product_cat-aankomen","7":"product_cat-afvallen","8":"product_cat-bundles-save","9":"product_cat-doel","10":"product_cat-eiwitten-proteine","11":"product_cat-merken","12":"product_cat-producten","13":"product_cat-protein-works","14":"product_cat-sale-bundles","15":"product_cat-spieropbouw","16":"product_cat-the-protein-works","18":"first","19":"outofstock","20":"sale","21":"taxable","22":"shipping-taxable","23":"purchasable","24":"product-type-variable"},"yoast_head":"<!-- This site is optimized with the Yoast SEO plugin v27.3 - https:\/\/yoast.com\/product\/yoast-seo-wordpress\/ -->\n<title>Whey Protein 80 (Concentrate) - Protein Works - Holy-Supps.nl<\/title>\n<meta name=\"description\" content=\"Whey Protein 80: Premium eiwitshake met 80% eiwit per portie. Gladde textuur, heerlijke smaken en perfecte mixbaarheid. Ideaal na je workout.\" \/>\n<meta name=\"robots\" content=\"index, follow, max-snippet:-1, max-image-preview:large, max-video-preview:-1\" \/>\n<link rel=\"canonical\" href=\"https:\/\/www.holy-supps.nl\/de\/produkt\/molkenprotein-80-eiweiskonzentrat-wirkt\/\" \/>\n<meta property=\"og:locale\" content=\"de_DE\" \/>\n<meta property=\"og:type\" content=\"article\" \/>\n<meta property=\"og:title\" content=\"Whey Protein 80 (Concentrate) - Protein Works - Holy-Supps.nl\" \/>\n<meta property=\"og:description\" content=\"Whey Protein 80: Premium eiwitshake met 80% eiwit per portie. Gladde textuur, heerlijke smaken en perfecte mixbaarheid. Ideaal na je workout.\" \/>\n<meta property=\"og:url\" content=\"https:\/\/www.holy-supps.nl\/de\/produkt\/molkenprotein-80-eiweiskonzentrat-wirkt\/\" \/>\n<meta property=\"og:site_name\" content=\"Holy-Supps.nl\" \/>\n<meta property=\"article:publisher\" content=\"https:\/\/www.facebook.com\/holy.supps\" \/>\n<meta property=\"article:modified_time\" content=\"2025-10-29T13:37:23+00:00\" \/>\n<meta property=\"og:image\" content=\"https:\/\/www.holy-supps.nl\/wp-content\/uploads\/2023\/03\/Whey_Protein_80-1kg_Front_1.webp\" \/>\n\t<meta property=\"og:image:width\" content=\"1000\" \/>\n\t<meta property=\"og:image:height\" content=\"1000\" \/>\n\t<meta property=\"og:image:type\" content=\"image\/webp\" \/>\n<meta name=\"twitter:card\" content=\"summary_large_image\" \/>\n<meta name=\"twitter:label1\" content=\"Gesch\u00e4tzte Lesezeit\" \/>\n\t<meta name=\"twitter:data1\" content=\"4\u00a0Minuten\" \/>\n<script type=\"application\/ld+json\" class=\"yoast-schema-graph\">{\"@context\":\"https:\\\/\\\/schema.org\",\"@graph\":[{\"@type\":\"WebPage\",\"@id\":\"https:\\\/\\\/www.holy-supps.nl\\\/product\\\/whey-protein-80-concentrate-protein-works\\\/\",\"url\":\"https:\\\/\\\/www.holy-supps.nl\\\/product\\\/whey-protein-80-concentrate-protein-works\\\/\",\"name\":\"Whey Protein 80 (Concentrate) - Protein Works - Holy-Supps.nl\",\"isPartOf\":{\"@id\":\"https:\\\/\\\/www.holy-supps.nl\\\/#website\"},\"primaryImageOfPage\":{\"@id\":\"https:\\\/\\\/www.holy-supps.nl\\\/product\\\/whey-protein-80-concentrate-protein-works\\\/#primaryimage\"},\"image\":{\"@id\":\"https:\\\/\\\/www.holy-supps.nl\\\/product\\\/whey-protein-80-concentrate-protein-works\\\/#primaryimage\"},\"thumbnailUrl\":\"https:\\\/\\\/www.holy-supps.nl\\\/wp-content\\\/uploads\\\/2023\\\/03\\\/Whey_Protein_80-1kg_Front_1.webp\",\"datePublished\":\"2023-03-24T15:39:53+00:00\",\"dateModified\":\"2025-10-29T13:37:23+00:00\",\"description\":\"Whey Protein 80: Premium eiwitshake met 80% eiwit per portie. Gladde textuur, heerlijke smaken en perfecte mixbaarheid. Ideaal na je workout.\",\"breadcrumb\":{\"@id\":\"https:\\\/\\\/www.holy-supps.nl\\\/product\\\/whey-protein-80-concentrate-protein-works\\\/#breadcrumb\"},\"inLanguage\":\"de\",\"potentialAction\":[{\"@type\":\"ReadAction\",\"target\":[\"https:\\\/\\\/www.holy-supps.nl\\\/product\\\/whey-protein-80-concentrate-protein-works\\\/\"]}]},{\"@type\":\"ImageObject\",\"inLanguage\":\"de\",\"@id\":\"https:\\\/\\\/www.holy-supps.nl\\\/product\\\/whey-protein-80-concentrate-protein-works\\\/#primaryimage\",\"url\":\"https:\\\/\\\/www.holy-supps.nl\\\/wp-content\\\/uploads\\\/2023\\\/03\\\/Whey_Protein_80-1kg_Front_1.webp\",\"contentUrl\":\"https:\\\/\\\/www.holy-supps.nl\\\/wp-content\\\/uploads\\\/2023\\\/03\\\/Whey_Protein_80-1kg_Front_1.webp\",\"width\":1000,\"height\":1000},{\"@type\":\"BreadcrumbList\",\"@id\":\"https:\\\/\\\/www.holy-supps.nl\\\/product\\\/whey-protein-80-concentrate-protein-works\\\/#breadcrumb\",\"itemListElement\":[{\"@type\":\"ListItem\",\"position\":1,\"name\":\"Home\",\"item\":\"https:\\\/\\\/www.holy-supps.nl\\\/\"},{\"@type\":\"ListItem\",\"position\":2,\"name\":\"Winkel\",\"item\":\"https:\\\/\\\/www.holy-supps.nl\\\/winkel\\\/\"},{\"@type\":\"ListItem\",\"position\":3,\"name\":\"Whey Protein 80 (Concentrate) &#8211; Protein Works\"}]},{\"@type\":\"WebSite\",\"@id\":\"https:\\\/\\\/www.holy-supps.nl\\\/#website\",\"url\":\"https:\\\/\\\/www.holy-supps.nl\\\/\",\"name\":\"Holy-Supps.nl\",\"description\":\"Official EHPLabs Reseller!\",\"publisher\":{\"@id\":\"https:\\\/\\\/www.holy-supps.nl\\\/#organization\"},\"potentialAction\":[{\"@type\":\"SearchAction\",\"target\":{\"@type\":\"EntryPoint\",\"urlTemplate\":\"https:\\\/\\\/www.holy-supps.nl\\\/?s={search_term_string}\"},\"query-input\":{\"@type\":\"PropertyValueSpecification\",\"valueRequired\":true,\"valueName\":\"search_term_string\"}}],\"inLanguage\":\"de\"},{\"@type\":\"Organization\",\"@id\":\"https:\\\/\\\/www.holy-supps.nl\\\/#organization\",\"name\":\"Holy Supps\",\"url\":\"https:\\\/\\\/www.holy-supps.nl\\\/\",\"logo\":{\"@type\":\"ImageObject\",\"inLanguage\":\"de\",\"@id\":\"https:\\\/\\\/www.holy-supps.nl\\\/#\\\/schema\\\/logo\\\/image\\\/\",\"url\":\"https:\\\/\\\/www.holy-supps.nl\\\/wp-content\\\/uploads\\\/2023\\\/06\\\/HOLY-SUPPS.png\",\"contentUrl\":\"https:\\\/\\\/www.holy-supps.nl\\\/wp-content\\\/uploads\\\/2023\\\/06\\\/HOLY-SUPPS.png\",\"width\":1000,\"height\":400,\"caption\":\"Holy Supps\"},\"image\":{\"@id\":\"https:\\\/\\\/www.holy-supps.nl\\\/#\\\/schema\\\/logo\\\/image\\\/\"},\"sameAs\":[\"https:\\\/\\\/www.facebook.com\\\/holy.supps\",\"https:\\\/\\\/www.instagram.com\\\/holy.supps.shop\\\/\"]}]}<\/script>\n<!-- \/ Yoast SEO plugin. -->","yoast_head_json":{"title":"Whey Protein 80 (Konzentrat) - Protein Works - Holy-Supps.de","description":"Whey Protein 80: Premium-Proteinshake mit 80% Protein pro Portion. Geschmeidige Textur, k\u00f6stliche Geschmacksrichtungen und perfekte Mischbarkeit. Ideal nach dem Training.","robots":{"index":"index","follow":"follow","max-snippet":"max-snippet:-1","max-image-preview":"max-image-preview:large","max-video-preview":"max-video-preview:-1"},"canonical":"https:\/\/www.holy-supps.nl\/de\/produkt\/molkenprotein-80-eiweiskonzentrat-wirkt\/","og_locale":"de_DE","og_type":"article","og_title":"Whey Protein 80 (Concentrate) - Protein Works - Holy-Supps.nl","og_description":"Whey Protein 80: Premium eiwitshake met 80% eiwit per portie. Gladde textuur, heerlijke smaken en perfecte mixbaarheid. Ideaal na je workout.","og_url":"https:\/\/www.holy-supps.nl\/de\/produkt\/molkenprotein-80-eiweiskonzentrat-wirkt\/","og_site_name":"Holy-Supps.nl","article_publisher":"https:\/\/www.facebook.com\/holy.supps","article_modified_time":"2025-10-29T13:37:23+00:00","og_image":[{"width":1000,"height":1000,"url":"https:\/\/www.holy-supps.nl\/wp-content\/uploads\/2023\/03\/Whey_Protein_80-1kg_Front_1.webp","type":"image\/webp"}],"twitter_card":"summary_large_image","twitter_misc":{"Gesch\u00e4tzte Lesezeit":"4\u00a0Minuten"},"schema":{"@context":"https:\/\/schema.org","@graph":[{"@type":"WebPage","@id":"https:\/\/www.holy-supps.nl\/product\/whey-protein-80-concentrate-protein-works\/","url":"https:\/\/www.holy-supps.nl\/product\/whey-protein-80-concentrate-protein-works\/","name":"Whey Protein 80 (Konzentrat) - Protein Works - Holy-Supps.de","isPartOf":{"@id":"https:\/\/www.holy-supps.nl\/#website"},"primaryImageOfPage":{"@id":"https:\/\/www.holy-supps.nl\/product\/whey-protein-80-concentrate-protein-works\/#primaryimage"},"image":{"@id":"https:\/\/www.holy-supps.nl\/product\/whey-protein-80-concentrate-protein-works\/#primaryimage"},"thumbnailUrl":"https:\/\/www.holy-supps.nl\/wp-content\/uploads\/2023\/03\/Whey_Protein_80-1kg_Front_1.webp","datePublished":"2023-03-24T15:39:53+00:00","dateModified":"2025-10-29T13:37:23+00:00","description":"Whey Protein 80: Premium-Proteinshake mit 80% Protein pro Portion. Geschmeidige Textur, k\u00f6stliche Geschmacksrichtungen und perfekte Mischbarkeit. Ideal nach dem Training.","breadcrumb":{"@id":"https:\/\/www.holy-supps.nl\/product\/whey-protein-80-concentrate-protein-works\/#breadcrumb"},"inLanguage":"de","potentialAction":[{"@type":"ReadAction","target":["https:\/\/www.holy-supps.nl\/product\/whey-protein-80-concentrate-protein-works\/"]}]},{"@type":"ImageObject","inLanguage":"de","@id":"https:\/\/www.holy-supps.nl\/product\/whey-protein-80-concentrate-protein-works\/#primaryimage","url":"https:\/\/www.holy-supps.nl\/wp-content\/uploads\/2023\/03\/Whey_Protein_80-1kg_Front_1.webp","contentUrl":"https:\/\/www.holy-supps.nl\/wp-content\/uploads\/2023\/03\/Whey_Protein_80-1kg_Front_1.webp","width":1000,"height":1000},{"@type":"BreadcrumbList","@id":"https:\/\/www.holy-supps.nl\/product\/whey-protein-80-concentrate-protein-works\/#breadcrumb","itemListElement":[{"@type":"ListItem","position":1,"name":"Home","item":"https:\/\/www.holy-supps.nl\/"},{"@type":"ListItem","position":2,"name":"Winkel","item":"https:\/\/www.holy-supps.nl\/winkel\/"},{"@type":"ListItem","position":3,"name":"Whey Protein 80 (Concentrate) &#8211; Protein Works"}]},{"@type":"WebSite","@id":"https:\/\/www.holy-supps.nl\/#website","url":"https:\/\/www.holy-supps.nl\/","name":"Holy-Supps.co.uk","description":"Offizieller EHPLabs-H\u00e4ndler!","publisher":{"@id":"https:\/\/www.holy-supps.nl\/#organization"},"potentialAction":[{"@type":"SearchAction","target":{"@type":"EntryPoint","urlTemplate":"https:\/\/www.holy-supps.nl\/?s={search_term_string}"},"query-input":{"@type":"PropertyValueSpecification","valueRequired":true,"valueName":"search_term_string"}}],"inLanguage":"de"},{"@type":"Organization","@id":"https:\/\/www.holy-supps.nl\/#organization","name":"Heiliges Abendmahl","url":"https:\/\/www.holy-supps.nl\/","logo":{"@type":"ImageObject","inLanguage":"de","@id":"https:\/\/www.holy-supps.nl\/#\/schema\/logo\/image\/","url":"https:\/\/www.holy-supps.nl\/wp-content\/uploads\/2023\/06\/HOLY-SUPPS.png","contentUrl":"https:\/\/www.holy-supps.nl\/wp-content\/uploads\/2023\/06\/HOLY-SUPPS.png","width":1000,"height":400,"caption":"Holy Supps"},"image":{"@id":"https:\/\/www.holy-supps.nl\/#\/schema\/logo\/image\/"},"sameAs":["https:\/\/www.facebook.com\/holy.supps","https:\/\/www.instagram.com\/holy.supps.shop\/"]}]}},"jetpack_sharing_enabled":true,"_links":{"self":[{"href":"https:\/\/www.holy-supps.nl\/de\/wp-json\/wp\/v2\/product\/627","targetHints":{"allow":["GET"]}}],"collection":[{"href":"https:\/\/www.holy-supps.nl\/de\/wp-json\/wp\/v2\/product"}],"about":[{"href":"https:\/\/www.holy-supps.nl\/de\/wp-json\/wp\/v2\/types\/product"}],"replies":[{"embeddable":true,"href":"https:\/\/www.holy-supps.nl\/de\/wp-json\/wp\/v2\/comments?post=627"}],"wp:featuredmedia":[{"embeddable":true,"href":"https:\/\/www.holy-supps.nl\/de\/wp-json\/wp\/v2\/media\/631"}],"wp:attachment":[{"href":"https:\/\/www.holy-supps.nl\/de\/wp-json\/wp\/v2\/media?parent=627"}],"wp:term":[{"taxonomy":"product_brand","embeddable":true,"href":"https:\/\/www.holy-supps.nl\/de\/wp-json\/wp\/v2\/product_brand?post=627"},{"taxonomy":"product_cat","embeddable":true,"href":"https:\/\/www.holy-supps.nl\/de\/wp-json\/wp\/v2\/product_cat?post=627"},{"taxonomy":"product_tag","embeddable":true,"href":"https:\/\/www.holy-supps.nl\/de\/wp-json\/wp\/v2\/product_tag?post=627"}],"curies":[{"name":"wp","href":"https:\/\/api.w.org\/{rel}","templated":true}]}}