{"id":619,"date":"2023-03-24T16:10:21","date_gmt":"2023-03-24T15:10:21","guid":{"rendered":"https:\/\/www.holy-supps.nl\/?post_type=product&#038;p=619"},"modified":"2025-10-22T14:36:55","modified_gmt":"2025-10-22T12:36:55","slug":"raureifbrenner","status":"publish","type":"product","link":"https:\/\/www.holy-supps.nl\/de\/product\/raze-burner\/","title":{"rendered":"RAZE Burner - Pre-Workout - Protein Works"},"content":{"rendered":"<h2>Beschreibung<\/h2>\n<p>Raze Burner von The Protein Works ist ein Erg\u00e4nzungsmittel in Kapselform, das aus einer Kombination von Inhaltsstoffen wie Koffein, Cholin und verschiedenen Pflanzenextrakten besteht. Das Produkt ist f\u00fcr Erwachsene gedacht, die ein solches Pr\u00e4parat auf einfache Weise verwenden m\u00f6chten. Dank der handlichen Kapseln l\u00e4sst es sich leicht einnehmen und dosieren.<\/p>\n<h2>Vorteile<\/h2>\n<ul>\n<li>Enth\u00e4lt Koffein und Cholin<\/li>\n<li>Praktische Kapseln, einfach zu verwenden<\/li>\n<li>Geeignet f\u00fcr Erwachsene<\/li>\n<li>Enth\u00e4lt sorgf\u00e4ltig ausgew\u00e4hlte Pflanzenextrakte<\/li>\n<\/ul>\n<h2>Verwenden Sie<\/h2>\n<p>Nehmen Sie die Kapseln mit reichlich Wasser ein, am besten \u00fcber den Tag verteilt. Halten Sie sich an die empfohlene Tagesdosis, wie auf der Verpackung angegeben. Nicht \u00fcberschreiten. Dieses Produkt ist zur Erg\u00e4nzung einer abwechslungsreichen und ausgewogenen Ern\u00e4hrung und einer gesunden Lebensweise bestimmt.<\/p>","protected":false},"excerpt":{"rendered":"<p>Raze Burner von The Protein Works ist eine sorgf\u00e4ltig formulierte Formel in Kapselform. Das Produkt enth\u00e4lt Koffein, Cholin und ausgew\u00e4hlte Pflanzenextrakte. Eine praktische Wahl f\u00fcr Erwachsene, die diese Art von Nahrungserg\u00e4nzung in ihre t\u00e4gliche Routine einbauen m\u00f6chten.<\/p>","protected":false},"featured_media":623,"comment_status":"open","ping_status":"closed","template":"","meta":[],"product_brand":[],"product_cat":[89,212,77,80,69,71,88,68,75,73,84],"product_tag":[],"class_list":{"0":"post-619","1":"product","2":"type-product","3":"status-publish","4":"has-post-thumbnail","6":"product_cat-afvallen","7":"product_cat-bestsellers","8":"product_cat-bundles-save","9":"product_cat-doel","10":"product_cat-fatburners","11":"product_cat-merken","12":"product_cat-pre-workout-2","13":"product_cat-pre-workout","14":"product_cat-producten","15":"product_cat-protein-works","16":"product_cat-vegan-supplementen","18":"first","19":"outofstock","20":"sale","21":"taxable","22":"shipping-taxable","23":"purchasable","24":"product-type-variable"},"yoast_head":"<!-- This site is optimized with the Yoast SEO plugin v27.4 - https:\/\/yoast.com\/product\/yoast-seo-wordpress\/ -->\n<title>RAZE Burner - Pre Workout - Protein Works - Holy-Supps.nl<\/title>\n<meta name=\"description\" content=\"Raze Burner: Explosieve pre-workout met 200mg cafe\u00efne, L-Carnitine en L-Tyrosine. Verhoogt energie, focus en vetverbranding. Suikervrij, glutenvrij, vegan.\" \/>\n<meta name=\"robots\" content=\"index, follow, max-snippet:-1, max-image-preview:large, max-video-preview:-1\" \/>\n<link rel=\"canonical\" href=\"https:\/\/www.holy-supps.nl\/de\/produkt\/raureifbrenner\/\" \/>\n<meta property=\"og:locale\" content=\"de_DE\" \/>\n<meta property=\"og:type\" content=\"article\" \/>\n<meta property=\"og:title\" content=\"RAZE Burner - Pre Workout - Protein Works - Holy-Supps.nl\" \/>\n<meta property=\"og:description\" content=\"Raze Burner: Explosieve pre-workout met 200mg cafe\u00efne, L-Carnitine en L-Tyrosine. Verhoogt energie, focus en vetverbranding. Suikervrij, glutenvrij, vegan.\" \/>\n<meta property=\"og:url\" content=\"https:\/\/www.holy-supps.nl\/de\/produkt\/raureifbrenner\/\" \/>\n<meta property=\"og:site_name\" content=\"Holy-Supps.nl\" \/>\n<meta property=\"article:publisher\" content=\"https:\/\/www.facebook.com\/holy.supps\" \/>\n<meta property=\"article:modified_time\" content=\"2025-10-22T12:36:55+00:00\" \/>\n<meta property=\"og:image\" content=\"https:\/\/www.holy-supps.nl\/wp-content\/uploads\/2023\/03\/raze_burner_sour_cherry_apple_pdp_1.webp\" \/>\n\t<meta property=\"og:image:width\" content=\"1000\" \/>\n\t<meta property=\"og:image:height\" content=\"1000\" \/>\n\t<meta property=\"og:image:type\" content=\"image\/webp\" \/>\n<meta name=\"twitter:card\" content=\"summary_large_image\" \/>\n<meta name=\"twitter:label1\" content=\"Gesch\u00e4tzte Lesezeit\" \/>\n\t<meta name=\"twitter:data1\" content=\"3\u00a0Minuten\" \/>\n<script type=\"application\/ld+json\" class=\"yoast-schema-graph\">{\"@context\":\"https:\\\/\\\/schema.org\",\"@graph\":[{\"@type\":\"WebPage\",\"@id\":\"https:\\\/\\\/www.holy-supps.nl\\\/product\\\/raze-burner\\\/\",\"url\":\"https:\\\/\\\/www.holy-supps.nl\\\/product\\\/raze-burner\\\/\",\"name\":\"RAZE Burner - Pre Workout - Protein Works - Holy-Supps.nl\",\"isPartOf\":{\"@id\":\"https:\\\/\\\/www.holy-supps.nl\\\/#website\"},\"primaryImageOfPage\":{\"@id\":\"https:\\\/\\\/www.holy-supps.nl\\\/product\\\/raze-burner\\\/#primaryimage\"},\"image\":{\"@id\":\"https:\\\/\\\/www.holy-supps.nl\\\/product\\\/raze-burner\\\/#primaryimage\"},\"thumbnailUrl\":\"https:\\\/\\\/www.holy-supps.nl\\\/wp-content\\\/uploads\\\/2023\\\/03\\\/raze_burner_sour_cherry_apple_pdp_1.webp\",\"datePublished\":\"2023-03-24T15:10:21+00:00\",\"dateModified\":\"2025-10-22T12:36:55+00:00\",\"description\":\"Raze Burner: Explosieve pre-workout met 200mg cafe\u00efne, L-Carnitine en L-Tyrosine. Verhoogt energie, focus en vetverbranding. Suikervrij, glutenvrij, vegan.\",\"breadcrumb\":{\"@id\":\"https:\\\/\\\/www.holy-supps.nl\\\/product\\\/raze-burner\\\/#breadcrumb\"},\"inLanguage\":\"de\",\"potentialAction\":[{\"@type\":\"ReadAction\",\"target\":[\"https:\\\/\\\/www.holy-supps.nl\\\/product\\\/raze-burner\\\/\"]}]},{\"@type\":\"ImageObject\",\"inLanguage\":\"de\",\"@id\":\"https:\\\/\\\/www.holy-supps.nl\\\/product\\\/raze-burner\\\/#primaryimage\",\"url\":\"https:\\\/\\\/www.holy-supps.nl\\\/wp-content\\\/uploads\\\/2023\\\/03\\\/raze_burner_sour_cherry_apple_pdp_1.webp\",\"contentUrl\":\"https:\\\/\\\/www.holy-supps.nl\\\/wp-content\\\/uploads\\\/2023\\\/03\\\/raze_burner_sour_cherry_apple_pdp_1.webp\",\"width\":1000,\"height\":1000},{\"@type\":\"BreadcrumbList\",\"@id\":\"https:\\\/\\\/www.holy-supps.nl\\\/product\\\/raze-burner\\\/#breadcrumb\",\"itemListElement\":[{\"@type\":\"ListItem\",\"position\":1,\"name\":\"Home\",\"item\":\"https:\\\/\\\/www.holy-supps.nl\\\/\"},{\"@type\":\"ListItem\",\"position\":2,\"name\":\"Winkel\",\"item\":\"https:\\\/\\\/www.holy-supps.nl\\\/winkel\\\/\"},{\"@type\":\"ListItem\",\"position\":3,\"name\":\"RAZE Burner &#8211; Pre Workout &#8211; Protein Works\"}]},{\"@type\":\"WebSite\",\"@id\":\"https:\\\/\\\/www.holy-supps.nl\\\/#website\",\"url\":\"https:\\\/\\\/www.holy-supps.nl\\\/\",\"name\":\"Holy-Supps.nl\",\"description\":\"Official EHPLabs Reseller!\",\"publisher\":{\"@id\":\"https:\\\/\\\/www.holy-supps.nl\\\/#organization\"},\"potentialAction\":[{\"@type\":\"SearchAction\",\"target\":{\"@type\":\"EntryPoint\",\"urlTemplate\":\"https:\\\/\\\/www.holy-supps.nl\\\/?s={search_term_string}\"},\"query-input\":{\"@type\":\"PropertyValueSpecification\",\"valueRequired\":true,\"valueName\":\"search_term_string\"}}],\"inLanguage\":\"de\"},{\"@type\":\"Organization\",\"@id\":\"https:\\\/\\\/www.holy-supps.nl\\\/#organization\",\"name\":\"Holy Supps\",\"url\":\"https:\\\/\\\/www.holy-supps.nl\\\/\",\"logo\":{\"@type\":\"ImageObject\",\"inLanguage\":\"de\",\"@id\":\"https:\\\/\\\/www.holy-supps.nl\\\/#\\\/schema\\\/logo\\\/image\\\/\",\"url\":\"https:\\\/\\\/www.holy-supps.nl\\\/wp-content\\\/uploads\\\/2023\\\/06\\\/HOLY-SUPPS.png\",\"contentUrl\":\"https:\\\/\\\/www.holy-supps.nl\\\/wp-content\\\/uploads\\\/2023\\\/06\\\/HOLY-SUPPS.png\",\"width\":1000,\"height\":400,\"caption\":\"Holy Supps\"},\"image\":{\"@id\":\"https:\\\/\\\/www.holy-supps.nl\\\/#\\\/schema\\\/logo\\\/image\\\/\"},\"sameAs\":[\"https:\\\/\\\/www.facebook.com\\\/holy.supps\",\"https:\\\/\\\/www.instagram.com\\\/holy.supps.shop\\\/\"]}]}<\/script>\n<!-- \/ Yoast SEO plugin. -->","yoast_head_json":{"title":"RAZE Burner - Pre Workout - Protein Works - Holy-Supps.de","description":"Raze Burner: Explosives Pre-Workout mit 200 mg Koffein, L-Carnitin und L-Tyrosin. Steigert Energie, Konzentration und Fettverbrennung. Zuckerfrei, glutenfrei, vegan.","robots":{"index":"index","follow":"follow","max-snippet":"max-snippet:-1","max-image-preview":"max-image-preview:large","max-video-preview":"max-video-preview:-1"},"canonical":"https:\/\/www.holy-supps.nl\/de\/produkt\/raureifbrenner\/","og_locale":"de_DE","og_type":"article","og_title":"RAZE Burner - Pre Workout - Protein Works - Holy-Supps.nl","og_description":"Raze Burner: Explosieve pre-workout met 200mg cafe\u00efne, L-Carnitine en L-Tyrosine. Verhoogt energie, focus en vetverbranding. Suikervrij, glutenvrij, vegan.","og_url":"https:\/\/www.holy-supps.nl\/de\/produkt\/raureifbrenner\/","og_site_name":"Holy-Supps.nl","article_publisher":"https:\/\/www.facebook.com\/holy.supps","article_modified_time":"2025-10-22T12:36:55+00:00","og_image":[{"width":1000,"height":1000,"url":"https:\/\/www.holy-supps.nl\/wp-content\/uploads\/2023\/03\/raze_burner_sour_cherry_apple_pdp_1.webp","type":"image\/webp"}],"twitter_card":"summary_large_image","twitter_misc":{"Gesch\u00e4tzte Lesezeit":"3\u00a0Minuten"},"schema":{"@context":"https:\/\/schema.org","@graph":[{"@type":"WebPage","@id":"https:\/\/www.holy-supps.nl\/product\/raze-burner\/","url":"https:\/\/www.holy-supps.nl\/product\/raze-burner\/","name":"RAZE Burner - Pre Workout - Protein Works - Holy-Supps.de","isPartOf":{"@id":"https:\/\/www.holy-supps.nl\/#website"},"primaryImageOfPage":{"@id":"https:\/\/www.holy-supps.nl\/product\/raze-burner\/#primaryimage"},"image":{"@id":"https:\/\/www.holy-supps.nl\/product\/raze-burner\/#primaryimage"},"thumbnailUrl":"https:\/\/www.holy-supps.nl\/wp-content\/uploads\/2023\/03\/raze_burner_sour_cherry_apple_pdp_1.webp","datePublished":"2023-03-24T15:10:21+00:00","dateModified":"2025-10-22T12:36:55+00:00","description":"Raze Burner: Explosives Pre-Workout mit 200 mg Koffein, L-Carnitin und L-Tyrosin. Steigert Energie, Konzentration und Fettverbrennung. Zuckerfrei, glutenfrei, vegan.","breadcrumb":{"@id":"https:\/\/www.holy-supps.nl\/product\/raze-burner\/#breadcrumb"},"inLanguage":"de","potentialAction":[{"@type":"ReadAction","target":["https:\/\/www.holy-supps.nl\/product\/raze-burner\/"]}]},{"@type":"ImageObject","inLanguage":"de","@id":"https:\/\/www.holy-supps.nl\/product\/raze-burner\/#primaryimage","url":"https:\/\/www.holy-supps.nl\/wp-content\/uploads\/2023\/03\/raze_burner_sour_cherry_apple_pdp_1.webp","contentUrl":"https:\/\/www.holy-supps.nl\/wp-content\/uploads\/2023\/03\/raze_burner_sour_cherry_apple_pdp_1.webp","width":1000,"height":1000},{"@type":"BreadcrumbList","@id":"https:\/\/www.holy-supps.nl\/product\/raze-burner\/#breadcrumb","itemListElement":[{"@type":"ListItem","position":1,"name":"Home","item":"https:\/\/www.holy-supps.nl\/"},{"@type":"ListItem","position":2,"name":"Winkel","item":"https:\/\/www.holy-supps.nl\/winkel\/"},{"@type":"ListItem","position":3,"name":"RAZE Burner &#8211; Pre Workout &#8211; Protein Works"}]},{"@type":"WebSite","@id":"https:\/\/www.holy-supps.nl\/#website","url":"https:\/\/www.holy-supps.nl\/","name":"Holy-Supps.co.uk","description":"Offizieller EHPLabs-H\u00e4ndler!","publisher":{"@id":"https:\/\/www.holy-supps.nl\/#organization"},"potentialAction":[{"@type":"SearchAction","target":{"@type":"EntryPoint","urlTemplate":"https:\/\/www.holy-supps.nl\/?s={search_term_string}"},"query-input":{"@type":"PropertyValueSpecification","valueRequired":true,"valueName":"search_term_string"}}],"inLanguage":"de"},{"@type":"Organization","@id":"https:\/\/www.holy-supps.nl\/#organization","name":"Heiliges Abendmahl","url":"https:\/\/www.holy-supps.nl\/","logo":{"@type":"ImageObject","inLanguage":"de","@id":"https:\/\/www.holy-supps.nl\/#\/schema\/logo\/image\/","url":"https:\/\/www.holy-supps.nl\/wp-content\/uploads\/2023\/06\/HOLY-SUPPS.png","contentUrl":"https:\/\/www.holy-supps.nl\/wp-content\/uploads\/2023\/06\/HOLY-SUPPS.png","width":1000,"height":400,"caption":"Holy Supps"},"image":{"@id":"https:\/\/www.holy-supps.nl\/#\/schema\/logo\/image\/"},"sameAs":["https:\/\/www.facebook.com\/holy.supps","https:\/\/www.instagram.com\/holy.supps.shop\/"]}]}},"jetpack_sharing_enabled":true,"_links":{"self":[{"href":"https:\/\/www.holy-supps.nl\/de\/wp-json\/wp\/v2\/product\/619","targetHints":{"allow":["GET"]}}],"collection":[{"href":"https:\/\/www.holy-supps.nl\/de\/wp-json\/wp\/v2\/product"}],"about":[{"href":"https:\/\/www.holy-supps.nl\/de\/wp-json\/wp\/v2\/types\/product"}],"replies":[{"embeddable":true,"href":"https:\/\/www.holy-supps.nl\/de\/wp-json\/wp\/v2\/comments?post=619"}],"wp:featuredmedia":[{"embeddable":true,"href":"https:\/\/www.holy-supps.nl\/de\/wp-json\/wp\/v2\/media\/623"}],"wp:attachment":[{"href":"https:\/\/www.holy-supps.nl\/de\/wp-json\/wp\/v2\/media?parent=619"}],"wp:term":[{"taxonomy":"product_brand","embeddable":true,"href":"https:\/\/www.holy-supps.nl\/de\/wp-json\/wp\/v2\/product_brand?post=619"},{"taxonomy":"product_cat","embeddable":true,"href":"https:\/\/www.holy-supps.nl\/de\/wp-json\/wp\/v2\/product_cat?post=619"},{"taxonomy":"product_tag","embeddable":true,"href":"https:\/\/www.holy-supps.nl\/de\/wp-json\/wp\/v2\/product_tag?post=619"}],"curies":[{"name":"wp","href":"https:\/\/api.w.org\/{rel}","templated":true}]}}