{"id":594,"date":"2023-03-24T15:15:02","date_gmt":"2023-03-24T14:15:02","guid":{"rendered":"https:\/\/www.holy-supps.nl\/?post_type=product&#038;p=594"},"modified":"2026-01-08T13:23:07","modified_gmt":"2026-01-08T12:23:07","slug":"zink-und-magnesium-90-tabletten-protein-wirkt","status":"publish","type":"product","link":"https:\/\/www.holy-supps.nl\/de\/product\/zinc-and-magnesium-90-tabs-protein-works\/","title":{"rendered":"Zink und Magnesium - 90 Tabletten - Protein Works"},"content":{"rendered":"<div class=\"product-description-bullets\">\n<p>Zink und Magnesium ist eine Mischung aus wichtigen Mineralien und Vitaminen, die h\u00e4ufig vor dem Schlafengehen eingenommen wird.<\/p>\n<p>Kombiniert mit Vitamin B6 und Kupfer zur zus\u00e4tzlichen Erg\u00e4nzung ist dies eine beliebte Kombination bei Sportlern, die regelm\u00e4\u00dfig trainieren.<\/p>\n<p>Enth\u00e4lt 10 mg Zink (100% RDA), 150 mg Magnesium (Magnesiumcitrat) (40% RDA), 3,5 mg Vitamin B6 und 0,23 mg Kupfer.<\/p>\n<h1>Was sind Zink- und Magnesiumtabletten?<\/h1>\n<p>Unser Zink- und Magnesiumpr\u00e4parat kombiniert Mineralien und Vitamine, die viele Menschen t\u00e4glich verwenden.<\/p>\n<p>Mit Vitamin B6 und Kupfer angereichert, wird dieses Produkt h\u00e4ufig von Sportlern und aktiven Menschen gew\u00e4hlt.<\/p>\n<p>Alle vier Wirkstoffe in unseren Zink- und Magnesiumtabletten sind essenziell, d. h. sie m\u00fcssen \u00fcber die Nahrung oder \u00fcber Nahrungserg\u00e4nzungsmittel aufgenommen werden.<\/p>\n<h1>Merkmale von Zink und Magnesium<\/h1>\n<p><strong>Zink:<\/strong> Dieser Mineralstoff kommt nat\u00fcrlich in Schalentieren, N\u00fcssen und Getreide vor. Zink ist bekannt als ein vielseitiges Mineral, das zu verschiedenen Prozessen im K\u00f6rper beitr\u00e4gt. Jede Tablette enth\u00e4lt 30 mg\/300% NRV (das Dreifache des empfohlenen Tagesbedarfs an Zink).<\/p>\n<p><strong>Magnesium:<\/strong> Magnesium kommt nat\u00fcrlich in gr\u00fcnem Blattgem\u00fcse, H\u00fclsenfr\u00fcchten und Getreide vor. Jede Portion Zink und Magnesium enth\u00e4lt 150 mg Magnesium in Form von Magnesiumcitrat.<\/p>\n<p><strong>Kupferzitrat und Vitamin B6:<\/strong> Neben Zink und Magnesium enth\u00e4lt dieses Erg\u00e4nzungsmittel auch Kupfer und Vitamin B6. Jede Portion enth\u00e4lt 750 \u00b5g Kupfer (75% NRV) und fast das Dreifache des Tagesbedarfs an Vitamin B6.<\/p>\n<h1>Warum Zink und Magnesium kaufen?<\/h1>\n<p>Sportler und Menschen, die regelm\u00e4\u00dfig Sport treiben, entscheiden sich h\u00e4ufig f\u00fcr eine Erg\u00e4nzung mit Zink und Magnesium, da die Mineralien w\u00e4hrend des Sports teilweise verloren gehen k\u00f6nnen.<\/p>\n<p>Unsere Zink- und Magnesiumtabletten enthalten die Inhaltsstoffe in ihrer reinsten Form. Magnesium liegt als Magnesiumcitrat vor, eine Form, die leicht absorbiert werden kann.<\/p>\n<p><strong>Andere Erg\u00e4nzungen, die gut zu Zink und Magnesium passen<\/strong><\/p>\n<p>Zink und Magnesium k\u00f6nnen mit anderen Erg\u00e4nzungsmitteln kombiniert werden. Es wird h\u00e4ufig zusammen mit Vitamin D3 verwendet. Beide sind in praktischer Tablettenform erh\u00e4ltlich, so dass sie leicht in die t\u00e4gliche Routine passen.<\/p>\n<\/div>","protected":false},"excerpt":{"rendered":"<p>Zink und Magnesium ist eine Mischung aus essenziellen Vitaminen und Mineralien, die normalerweise vor dem Schlafengehen eingenommen wird, um M\u00fcdigkeit zu bek\u00e4mpfen und den Testosteronspiegel im Blut zu normalisieren.<\/p>","protected":false},"featured_media":597,"comment_status":"open","ping_status":"closed","template":"","meta":[],"product_brand":[],"product_cat":[77,71,73,70,92],"product_tag":[],"class_list":{"0":"post-594","1":"product","2":"type-product","3":"status-publish","4":"has-post-thumbnail","6":"product_cat-bundles-save","7":"product_cat-merken","8":"product_cat-protein-works","9":"product_cat-raws","10":"product_cat-vitamine-mineralen","12":"first","13":"instock","14":"sale","15":"taxable","16":"shipping-taxable","17":"purchasable","18":"product-type-simple"},"yoast_head":"<!-- This site is optimized with the Yoast SEO plugin v27.4 - https:\/\/yoast.com\/product\/yoast-seo-wordpress\/ -->\n<title>Zinc and Magnesium - 90 tabs - Protein Works - Holy-Supps.nl<\/title>\n<meta name=\"description\" content=\"Protein Works Zinc &amp; Magnesium: 90 tabs voor verbeterde slaap, energie en testosteron. Verrijkt met B6 en koper voor extra cognitieve ondersteuning.\" \/>\n<meta name=\"robots\" content=\"index, follow, max-snippet:-1, max-image-preview:large, max-video-preview:-1\" \/>\n<link rel=\"canonical\" href=\"https:\/\/www.holy-supps.nl\/de\/produkt\/zink-und-magnesium-90-tabletten-protein-wirkt\/\" \/>\n<meta property=\"og:locale\" content=\"de_DE\" \/>\n<meta property=\"og:type\" content=\"article\" \/>\n<meta property=\"og:title\" content=\"Zinc and Magnesium - 90 tabs - Protein Works - Holy-Supps.nl\" \/>\n<meta property=\"og:description\" content=\"Protein Works Zinc &amp; Magnesium: 90 tabs voor verbeterde slaap, energie en testosteron. Verrijkt met B6 en koper voor extra cognitieve ondersteuning.\" \/>\n<meta property=\"og:url\" content=\"https:\/\/www.holy-supps.nl\/de\/produkt\/zink-und-magnesium-90-tabletten-protein-wirkt\/\" \/>\n<meta property=\"og:site_name\" content=\"Holy-Supps.nl\" \/>\n<meta property=\"article:publisher\" content=\"https:\/\/www.facebook.com\/holy.supps\" \/>\n<meta property=\"article:modified_time\" content=\"2026-01-08T12:23:07+00:00\" \/>\n<meta property=\"og:image\" content=\"https:\/\/www.holy-supps.nl\/wp-content\/uploads\/2023\/03\/zinc_magnesium_90_capsules.1.webp\" \/>\n\t<meta property=\"og:image:width\" content=\"1000\" \/>\n\t<meta property=\"og:image:height\" content=\"1000\" \/>\n\t<meta property=\"og:image:type\" content=\"image\/webp\" \/>\n<meta name=\"twitter:card\" content=\"summary_large_image\" \/>\n<meta name=\"twitter:label1\" content=\"Gesch\u00e4tzte Lesezeit\" \/>\n\t<meta name=\"twitter:data1\" content=\"4\u00a0Minuten\" \/>\n<script type=\"application\/ld+json\" class=\"yoast-schema-graph\">{\"@context\":\"https:\\\/\\\/schema.org\",\"@graph\":[{\"@type\":\"WebPage\",\"@id\":\"https:\\\/\\\/www.holy-supps.nl\\\/product\\\/zinc-and-magnesium-90-tabs-protein-works\\\/\",\"url\":\"https:\\\/\\\/www.holy-supps.nl\\\/product\\\/zinc-and-magnesium-90-tabs-protein-works\\\/\",\"name\":\"Zinc and Magnesium - 90 tabs - Protein Works - Holy-Supps.nl\",\"isPartOf\":{\"@id\":\"https:\\\/\\\/www.holy-supps.nl\\\/#website\"},\"primaryImageOfPage\":{\"@id\":\"https:\\\/\\\/www.holy-supps.nl\\\/product\\\/zinc-and-magnesium-90-tabs-protein-works\\\/#primaryimage\"},\"image\":{\"@id\":\"https:\\\/\\\/www.holy-supps.nl\\\/product\\\/zinc-and-magnesium-90-tabs-protein-works\\\/#primaryimage\"},\"thumbnailUrl\":\"https:\\\/\\\/www.holy-supps.nl\\\/wp-content\\\/uploads\\\/2023\\\/03\\\/zinc_magnesium_90_capsules.1.webp\",\"datePublished\":\"2023-03-24T14:15:02+00:00\",\"dateModified\":\"2026-01-08T12:23:07+00:00\",\"description\":\"Protein Works Zinc & Magnesium: 90 tabs voor verbeterde slaap, energie en testosteron. Verrijkt met B6 en koper voor extra cognitieve ondersteuning.\",\"breadcrumb\":{\"@id\":\"https:\\\/\\\/www.holy-supps.nl\\\/product\\\/zinc-and-magnesium-90-tabs-protein-works\\\/#breadcrumb\"},\"inLanguage\":\"de\",\"potentialAction\":[{\"@type\":\"ReadAction\",\"target\":[\"https:\\\/\\\/www.holy-supps.nl\\\/product\\\/zinc-and-magnesium-90-tabs-protein-works\\\/\"]}]},{\"@type\":\"ImageObject\",\"inLanguage\":\"de\",\"@id\":\"https:\\\/\\\/www.holy-supps.nl\\\/product\\\/zinc-and-magnesium-90-tabs-protein-works\\\/#primaryimage\",\"url\":\"https:\\\/\\\/www.holy-supps.nl\\\/wp-content\\\/uploads\\\/2023\\\/03\\\/zinc_magnesium_90_capsules.1.webp\",\"contentUrl\":\"https:\\\/\\\/www.holy-supps.nl\\\/wp-content\\\/uploads\\\/2023\\\/03\\\/zinc_magnesium_90_capsules.1.webp\",\"width\":1000,\"height\":1000},{\"@type\":\"BreadcrumbList\",\"@id\":\"https:\\\/\\\/www.holy-supps.nl\\\/product\\\/zinc-and-magnesium-90-tabs-protein-works\\\/#breadcrumb\",\"itemListElement\":[{\"@type\":\"ListItem\",\"position\":1,\"name\":\"Home\",\"item\":\"https:\\\/\\\/www.holy-supps.nl\\\/\"},{\"@type\":\"ListItem\",\"position\":2,\"name\":\"Winkel\",\"item\":\"https:\\\/\\\/www.holy-supps.nl\\\/winkel\\\/\"},{\"@type\":\"ListItem\",\"position\":3,\"name\":\"Zinc and Magnesium &#8211; 90 tabs &#8211; Protein Works\"}]},{\"@type\":\"WebSite\",\"@id\":\"https:\\\/\\\/www.holy-supps.nl\\\/#website\",\"url\":\"https:\\\/\\\/www.holy-supps.nl\\\/\",\"name\":\"Holy-Supps.nl\",\"description\":\"Official EHPLabs Reseller!\",\"publisher\":{\"@id\":\"https:\\\/\\\/www.holy-supps.nl\\\/#organization\"},\"potentialAction\":[{\"@type\":\"SearchAction\",\"target\":{\"@type\":\"EntryPoint\",\"urlTemplate\":\"https:\\\/\\\/www.holy-supps.nl\\\/?s={search_term_string}\"},\"query-input\":{\"@type\":\"PropertyValueSpecification\",\"valueRequired\":true,\"valueName\":\"search_term_string\"}}],\"inLanguage\":\"de\"},{\"@type\":\"Organization\",\"@id\":\"https:\\\/\\\/www.holy-supps.nl\\\/#organization\",\"name\":\"Holy Supps\",\"url\":\"https:\\\/\\\/www.holy-supps.nl\\\/\",\"logo\":{\"@type\":\"ImageObject\",\"inLanguage\":\"de\",\"@id\":\"https:\\\/\\\/www.holy-supps.nl\\\/#\\\/schema\\\/logo\\\/image\\\/\",\"url\":\"https:\\\/\\\/www.holy-supps.nl\\\/wp-content\\\/uploads\\\/2023\\\/06\\\/HOLY-SUPPS.png\",\"contentUrl\":\"https:\\\/\\\/www.holy-supps.nl\\\/wp-content\\\/uploads\\\/2023\\\/06\\\/HOLY-SUPPS.png\",\"width\":1000,\"height\":400,\"caption\":\"Holy Supps\"},\"image\":{\"@id\":\"https:\\\/\\\/www.holy-supps.nl\\\/#\\\/schema\\\/logo\\\/image\\\/\"},\"sameAs\":[\"https:\\\/\\\/www.facebook.com\\\/holy.supps\",\"https:\\\/\\\/www.instagram.com\\\/holy.supps.shop\\\/\"]}]}<\/script>\n<!-- \/ Yoast SEO plugin. -->","yoast_head_json":{"title":"Zink und Magnesium - 90 Tabletten - Protein Works - Holy-Supps.de","description":"Protein Works Zinc &amp; Magnesium: 90 Tabletten f\u00fcr verbesserten Schlaf, Energie und Testosteron. Angereichert mit B6 und Kupfer f\u00fcr zus\u00e4tzliche kognitive Unterst\u00fctzung.","robots":{"index":"index","follow":"follow","max-snippet":"max-snippet:-1","max-image-preview":"max-image-preview:large","max-video-preview":"max-video-preview:-1"},"canonical":"https:\/\/www.holy-supps.nl\/de\/produkt\/zink-und-magnesium-90-tabletten-protein-wirkt\/","og_locale":"de_DE","og_type":"article","og_title":"Zinc and Magnesium - 90 tabs - Protein Works - Holy-Supps.nl","og_description":"Protein Works Zinc & Magnesium: 90 tabs voor verbeterde slaap, energie en testosteron. Verrijkt met B6 en koper voor extra cognitieve ondersteuning.","og_url":"https:\/\/www.holy-supps.nl\/de\/produkt\/zink-und-magnesium-90-tabletten-protein-wirkt\/","og_site_name":"Holy-Supps.nl","article_publisher":"https:\/\/www.facebook.com\/holy.supps","article_modified_time":"2026-01-08T12:23:07+00:00","og_image":[{"width":1000,"height":1000,"url":"https:\/\/www.holy-supps.nl\/wp-content\/uploads\/2023\/03\/zinc_magnesium_90_capsules.1.webp","type":"image\/webp"}],"twitter_card":"summary_large_image","twitter_misc":{"Gesch\u00e4tzte Lesezeit":"4\u00a0Minuten"},"schema":{"@context":"https:\/\/schema.org","@graph":[{"@type":"WebPage","@id":"https:\/\/www.holy-supps.nl\/product\/zinc-and-magnesium-90-tabs-protein-works\/","url":"https:\/\/www.holy-supps.nl\/product\/zinc-and-magnesium-90-tabs-protein-works\/","name":"Zink und Magnesium - 90 Tabletten - Protein Works - Holy-Supps.de","isPartOf":{"@id":"https:\/\/www.holy-supps.nl\/#website"},"primaryImageOfPage":{"@id":"https:\/\/www.holy-supps.nl\/product\/zinc-and-magnesium-90-tabs-protein-works\/#primaryimage"},"image":{"@id":"https:\/\/www.holy-supps.nl\/product\/zinc-and-magnesium-90-tabs-protein-works\/#primaryimage"},"thumbnailUrl":"https:\/\/www.holy-supps.nl\/wp-content\/uploads\/2023\/03\/zinc_magnesium_90_capsules.1.webp","datePublished":"2023-03-24T14:15:02+00:00","dateModified":"2026-01-08T12:23:07+00:00","description":"Protein Works Zinc &amp; Magnesium: 90 Tabletten f\u00fcr verbesserten Schlaf, Energie und Testosteron. Angereichert mit B6 und Kupfer f\u00fcr zus\u00e4tzliche kognitive Unterst\u00fctzung.","breadcrumb":{"@id":"https:\/\/www.holy-supps.nl\/product\/zinc-and-magnesium-90-tabs-protein-works\/#breadcrumb"},"inLanguage":"de","potentialAction":[{"@type":"ReadAction","target":["https:\/\/www.holy-supps.nl\/product\/zinc-and-magnesium-90-tabs-protein-works\/"]}]},{"@type":"ImageObject","inLanguage":"de","@id":"https:\/\/www.holy-supps.nl\/product\/zinc-and-magnesium-90-tabs-protein-works\/#primaryimage","url":"https:\/\/www.holy-supps.nl\/wp-content\/uploads\/2023\/03\/zinc_magnesium_90_capsules.1.webp","contentUrl":"https:\/\/www.holy-supps.nl\/wp-content\/uploads\/2023\/03\/zinc_magnesium_90_capsules.1.webp","width":1000,"height":1000},{"@type":"BreadcrumbList","@id":"https:\/\/www.holy-supps.nl\/product\/zinc-and-magnesium-90-tabs-protein-works\/#breadcrumb","itemListElement":[{"@type":"ListItem","position":1,"name":"Home","item":"https:\/\/www.holy-supps.nl\/"},{"@type":"ListItem","position":2,"name":"Winkel","item":"https:\/\/www.holy-supps.nl\/winkel\/"},{"@type":"ListItem","position":3,"name":"Zinc and Magnesium &#8211; 90 tabs &#8211; Protein Works"}]},{"@type":"WebSite","@id":"https:\/\/www.holy-supps.nl\/#website","url":"https:\/\/www.holy-supps.nl\/","name":"Holy-Supps.co.uk","description":"Offizieller EHPLabs-H\u00e4ndler!","publisher":{"@id":"https:\/\/www.holy-supps.nl\/#organization"},"potentialAction":[{"@type":"SearchAction","target":{"@type":"EntryPoint","urlTemplate":"https:\/\/www.holy-supps.nl\/?s={search_term_string}"},"query-input":{"@type":"PropertyValueSpecification","valueRequired":true,"valueName":"search_term_string"}}],"inLanguage":"de"},{"@type":"Organization","@id":"https:\/\/www.holy-supps.nl\/#organization","name":"Heiliges Abendmahl","url":"https:\/\/www.holy-supps.nl\/","logo":{"@type":"ImageObject","inLanguage":"de","@id":"https:\/\/www.holy-supps.nl\/#\/schema\/logo\/image\/","url":"https:\/\/www.holy-supps.nl\/wp-content\/uploads\/2023\/06\/HOLY-SUPPS.png","contentUrl":"https:\/\/www.holy-supps.nl\/wp-content\/uploads\/2023\/06\/HOLY-SUPPS.png","width":1000,"height":400,"caption":"Holy Supps"},"image":{"@id":"https:\/\/www.holy-supps.nl\/#\/schema\/logo\/image\/"},"sameAs":["https:\/\/www.facebook.com\/holy.supps","https:\/\/www.instagram.com\/holy.supps.shop\/"]}]}},"jetpack_sharing_enabled":true,"_links":{"self":[{"href":"https:\/\/www.holy-supps.nl\/de\/wp-json\/wp\/v2\/product\/594","targetHints":{"allow":["GET"]}}],"collection":[{"href":"https:\/\/www.holy-supps.nl\/de\/wp-json\/wp\/v2\/product"}],"about":[{"href":"https:\/\/www.holy-supps.nl\/de\/wp-json\/wp\/v2\/types\/product"}],"replies":[{"embeddable":true,"href":"https:\/\/www.holy-supps.nl\/de\/wp-json\/wp\/v2\/comments?post=594"}],"wp:featuredmedia":[{"embeddable":true,"href":"https:\/\/www.holy-supps.nl\/de\/wp-json\/wp\/v2\/media\/597"}],"wp:attachment":[{"href":"https:\/\/www.holy-supps.nl\/de\/wp-json\/wp\/v2\/media?parent=594"}],"wp:term":[{"taxonomy":"product_brand","embeddable":true,"href":"https:\/\/www.holy-supps.nl\/de\/wp-json\/wp\/v2\/product_brand?post=594"},{"taxonomy":"product_cat","embeddable":true,"href":"https:\/\/www.holy-supps.nl\/de\/wp-json\/wp\/v2\/product_cat?post=594"},{"taxonomy":"product_tag","embeddable":true,"href":"https:\/\/www.holy-supps.nl\/de\/wp-json\/wp\/v2\/product_tag?post=594"}],"curies":[{"name":"wp","href":"https:\/\/api.w.org\/{rel}","templated":true}]}}