{"id":549,"date":"2023-03-20T13:35:02","date_gmt":"2023-03-20T12:35:02","guid":{"rendered":"https:\/\/www.holy-supps.nl\/?post_type=product&#038;p=549"},"modified":"2025-08-26T16:13:27","modified_gmt":"2025-08-26T14:13:27","slug":"molkenprotein-360-protein-wirkt","status":"publish","type":"product","link":"https:\/\/www.holy-supps.nl\/de\/product\/whey-protein-360-protein-works\/","title":{"rendered":"Molkenprotein 360\u00ae - Protein Works"},"content":{"rendered":"<h1>Waarom Whey Protein 360 kopen?<\/h1>\n<ul>\n<li>Hoogwaardige eiwitmix<\/li>\n<li>Rijk aan eiwitten<\/li>\n<li>Laag vetgehalte<\/li>\n<li>Bevat BCAA&#8217;s<\/li>\n<li>Verkrijgbaar in veel smaken<\/li>\n<\/ul>\n<div>Whey Protein 360 is een uitgebalanceerde mix van wei-eiwitconcentraten en andere eiwitbronnen, die voortbouwt op het succes van Whey Protein 80. Bij het ontwikkelen van Whey Protein 360 hebben we veel aandacht besteed aan zowel smaak als voedingsprofiel. Elke portie bevat 23 g eiwit, afkomstig uit 4 verschillende bronnen, met een combinatie van snel en langzaam afgevende eiwitten.<\/div>\n<h1>Voor wie is Whey Protein 360 ontworpen?<\/h1>\n<div>Whey Protein 360 is geschikt voor iedereen die op zoek is naar een handige eiwitshake als aanvulling op de dagelijkse voeding. Het kan op elk moment van de dag worden gebruikt en is beschikbaar in een reeks populaire smaken. Of je nu je shake met water, melk of amandelmelk bereidt \u2013 er is altijd een smaak die bij je past, van Strawberries &#8216;n&#8217; Cream tot Chocolate Silk.<\/div>\n<h1>Heb jij Whey Protein 360 Extreme geprobeerd?<\/h1>\n<div>Whey Protein 360\u00ae Extreme biedt een shake met een volle smaak en een romige textuur. Het is verrijkt met <strong>glutamine<\/strong>, spijsverteringsenzymen en een blend van <strong>vitamines en mineralen<\/strong>. Elke portie Whey Protein 360\u00ae Extreme bevat 27 g eiwit en is laag in vet.<\/div>\n<h1>Inhoud<\/h1>\n<table>\n<tbody>\n<tr class=\"title\">\n<th>Gebaseerd op<\/th>\n<th>per 100g<\/th>\n<th>per 30g serving<\/th>\n<\/tr>\n<tr>\n<td>Energy (kJ)<\/td>\n<td>1594<\/td>\n<td>478<\/td>\n<\/tr>\n<tr>\n<td>Energy (kcal)<\/td>\n<td>384<\/td>\n<td>115<\/td>\n<\/tr>\n<tr>\n<td>Vet (g)<\/td>\n<td>2.9<\/td>\n<td>0.9<\/td>\n<\/tr>\n<tr>\n<td>waarvan verzadigd (g)<\/td>\n<td>2<\/td>\n<td>0.6<\/td>\n<\/tr>\n<tr>\n<td>Koolhydraten (g)<\/td>\n<td>14<\/td>\n<td>4.3<\/td>\n<\/tr>\n<tr>\n<td>waarvan suikers (g)<\/td>\n<td>8.9<\/td>\n<td>2.7<\/td>\n<\/tr>\n<tr>\n<td>Vezels (g)<\/td>\n<td>0.6<\/td>\n<td>0.2<\/td>\n<\/tr>\n<tr>\n<td>Eiwit (g)<\/td>\n<td>75<\/td>\n<td>23<\/td>\n<\/tr>\n<tr>\n<td>Zout(g)<\/td>\n<td>1.18<\/td>\n<td>0.35<\/td>\n<\/tr>\n<\/tbody>\n<\/table>\n<div class=\"col\">\n<h1 class=\"ingredients-title\">Ingredi\u00ebnten<\/h1>\n<div class=\"ingredients\">\n<div class=\"specs-wrap\">\n<table class=\"specs-table\" cellspacing=\"0\" cellpadding=\"0\">\n<tbody>\n<tr>\n<td colspan=\"2\">Voor allergenen zie vetgedrukte ingredi\u00ebnten.<\/td>\n<\/tr>\n<tr>\n<td>Eiwitmengsel [weiprote\u00efneconcentraat <strong>(melk)<\/strong> (emulgator: zonnebloemlecithine), <strong>soja<\/strong>-eiwitisolaat, <strong>melk<\/strong>eiwitconcentraat], smaakstof, verdikkingsmiddel (xanthaangom), kleurstof (curcumine), zoetstof (sucralose), DigeZyme\u00ae (amylase, protease, Cellulase, b\u00e8ta-D-galactosidase, lipase).<\/td>\n<\/tr>\n<tr>\n<td>Gemaakt in een fabriek waar melk, eieren, granen met gluten, pinda&#8217;s, noten en soja worden verwerkt.<\/td>\n<\/tr>\n<\/tbody>\n<\/table>\n<\/div>\n<\/div>\n<\/div>\n","protected":false},"excerpt":{"rendered":"<p>Whey Protein 360 ist ein fortschrittlicher zuckerfreier Proteinshake mit einem vollst\u00e4ndigen Aminos\u00e4ureprofil und 23 Gramm Protein pro Portion.<\/p>","protected":false},"featured_media":555,"comment_status":"open","ping_status":"closed","template":"","meta":[],"product_brand":[],"product_cat":[86,212,77,80,67,15,71,75,73,178,81],"product_tag":[],"class_list":{"0":"post-549","1":"product","2":"type-product","3":"status-publish","4":"has-post-thumbnail","6":"product_cat-aankomen","7":"product_cat-bestsellers","8":"product_cat-bundles-save","9":"product_cat-doel","10":"product_cat-eiwitten-proteine","11":"product_cat-geen-categorie","12":"product_cat-merken","13":"product_cat-producten","14":"product_cat-protein-works","15":"product_cat-sale-bundles","16":"product_cat-spieropbouw","18":"first","19":"outofstock","20":"sale","21":"taxable","22":"shipping-taxable","23":"purchasable","24":"product-type-variable"},"yoast_head":"<!-- This site is optimized with the Yoast SEO plugin v27.3 - https:\/\/yoast.com\/product\/yoast-seo-wordpress\/ -->\n<title>Whey Protein 360 \u00ae - Protein Works - Holy-Supps.nl<\/title>\n<meta name=\"description\" content=\"Whey Protein 360\u00ae: 23g eiwit per portie, complete aminozurenmix, snelle en langzame afgifte. Perfect voor spiergroei en herstel, in heerlijke smaken.\" \/>\n<meta name=\"robots\" content=\"index, follow, max-snippet:-1, max-image-preview:large, max-video-preview:-1\" \/>\n<link rel=\"canonical\" href=\"https:\/\/www.holy-supps.nl\/de\/produkt\/molkenprotein-360-protein-wirkt\/\" \/>\n<meta property=\"og:locale\" content=\"de_DE\" \/>\n<meta property=\"og:type\" content=\"article\" \/>\n<meta property=\"og:title\" content=\"Whey Protein 360 \u00ae - Protein Works - Holy-Supps.nl\" \/>\n<meta property=\"og:description\" content=\"Whey Protein 360\u00ae: 23g eiwit per portie, complete aminozurenmix, snelle en langzame afgifte. Perfect voor spiergroei en herstel, in heerlijke smaken.\" \/>\n<meta property=\"og:url\" content=\"https:\/\/www.holy-supps.nl\/de\/produkt\/molkenprotein-360-protein-wirkt\/\" \/>\n<meta property=\"og:site_name\" content=\"Holy-Supps.nl\" \/>\n<meta property=\"article:publisher\" content=\"https:\/\/www.facebook.com\/holy.supps\" \/>\n<meta property=\"article:modified_time\" content=\"2025-08-26T14:13:27+00:00\" \/>\n<meta property=\"og:image\" content=\"https:\/\/www.holy-supps.nl\/wp-content\/uploads\/2023\/03\/Whey_Protein_360-1kg_Front_1.webp\" \/>\n\t<meta property=\"og:image:width\" content=\"1000\" \/>\n\t<meta property=\"og:image:height\" content=\"1000\" \/>\n\t<meta property=\"og:image:type\" content=\"image\/webp\" \/>\n<meta name=\"twitter:card\" content=\"summary_large_image\" \/>\n<meta name=\"twitter:label1\" content=\"Gesch\u00e4tzte Lesezeit\" \/>\n\t<meta name=\"twitter:data1\" content=\"3\u00a0Minuten\" \/>\n<script type=\"application\/ld+json\" class=\"yoast-schema-graph\">{\"@context\":\"https:\\\/\\\/schema.org\",\"@graph\":[{\"@type\":\"WebPage\",\"@id\":\"https:\\\/\\\/www.holy-supps.nl\\\/product\\\/whey-protein-360-protein-works\\\/\",\"url\":\"https:\\\/\\\/www.holy-supps.nl\\\/product\\\/whey-protein-360-protein-works\\\/\",\"name\":\"Whey Protein 360 \u00ae - Protein Works - Holy-Supps.nl\",\"isPartOf\":{\"@id\":\"https:\\\/\\\/www.holy-supps.nl\\\/#website\"},\"primaryImageOfPage\":{\"@id\":\"https:\\\/\\\/www.holy-supps.nl\\\/product\\\/whey-protein-360-protein-works\\\/#primaryimage\"},\"image\":{\"@id\":\"https:\\\/\\\/www.holy-supps.nl\\\/product\\\/whey-protein-360-protein-works\\\/#primaryimage\"},\"thumbnailUrl\":\"https:\\\/\\\/www.holy-supps.nl\\\/wp-content\\\/uploads\\\/2023\\\/03\\\/Whey_Protein_360-1kg_Front_1.webp\",\"datePublished\":\"2023-03-20T12:35:02+00:00\",\"dateModified\":\"2025-08-26T14:13:27+00:00\",\"description\":\"Whey Protein 360\u00ae: 23g eiwit per portie, complete aminozurenmix, snelle en langzame afgifte. Perfect voor spiergroei en herstel, in heerlijke smaken.\",\"breadcrumb\":{\"@id\":\"https:\\\/\\\/www.holy-supps.nl\\\/product\\\/whey-protein-360-protein-works\\\/#breadcrumb\"},\"inLanguage\":\"de\",\"potentialAction\":[{\"@type\":\"ReadAction\",\"target\":[\"https:\\\/\\\/www.holy-supps.nl\\\/product\\\/whey-protein-360-protein-works\\\/\"]}]},{\"@type\":\"ImageObject\",\"inLanguage\":\"de\",\"@id\":\"https:\\\/\\\/www.holy-supps.nl\\\/product\\\/whey-protein-360-protein-works\\\/#primaryimage\",\"url\":\"https:\\\/\\\/www.holy-supps.nl\\\/wp-content\\\/uploads\\\/2023\\\/03\\\/Whey_Protein_360-1kg_Front_1.webp\",\"contentUrl\":\"https:\\\/\\\/www.holy-supps.nl\\\/wp-content\\\/uploads\\\/2023\\\/03\\\/Whey_Protein_360-1kg_Front_1.webp\",\"width\":1000,\"height\":1000},{\"@type\":\"BreadcrumbList\",\"@id\":\"https:\\\/\\\/www.holy-supps.nl\\\/product\\\/whey-protein-360-protein-works\\\/#breadcrumb\",\"itemListElement\":[{\"@type\":\"ListItem\",\"position\":1,\"name\":\"Home\",\"item\":\"https:\\\/\\\/www.holy-supps.nl\\\/\"},{\"@type\":\"ListItem\",\"position\":2,\"name\":\"Winkel\",\"item\":\"https:\\\/\\\/www.holy-supps.nl\\\/winkel\\\/\"},{\"@type\":\"ListItem\",\"position\":3,\"name\":\"Whey Protein 360 \u00ae &#8211; Protein Works\"}]},{\"@type\":\"WebSite\",\"@id\":\"https:\\\/\\\/www.holy-supps.nl\\\/#website\",\"url\":\"https:\\\/\\\/www.holy-supps.nl\\\/\",\"name\":\"Holy-Supps.nl\",\"description\":\"Official EHPLabs Reseller!\",\"publisher\":{\"@id\":\"https:\\\/\\\/www.holy-supps.nl\\\/#organization\"},\"potentialAction\":[{\"@type\":\"SearchAction\",\"target\":{\"@type\":\"EntryPoint\",\"urlTemplate\":\"https:\\\/\\\/www.holy-supps.nl\\\/?s={search_term_string}\"},\"query-input\":{\"@type\":\"PropertyValueSpecification\",\"valueRequired\":true,\"valueName\":\"search_term_string\"}}],\"inLanguage\":\"de\"},{\"@type\":\"Organization\",\"@id\":\"https:\\\/\\\/www.holy-supps.nl\\\/#organization\",\"name\":\"Holy Supps\",\"url\":\"https:\\\/\\\/www.holy-supps.nl\\\/\",\"logo\":{\"@type\":\"ImageObject\",\"inLanguage\":\"de\",\"@id\":\"https:\\\/\\\/www.holy-supps.nl\\\/#\\\/schema\\\/logo\\\/image\\\/\",\"url\":\"https:\\\/\\\/www.holy-supps.nl\\\/wp-content\\\/uploads\\\/2023\\\/06\\\/HOLY-SUPPS.png\",\"contentUrl\":\"https:\\\/\\\/www.holy-supps.nl\\\/wp-content\\\/uploads\\\/2023\\\/06\\\/HOLY-SUPPS.png\",\"width\":1000,\"height\":400,\"caption\":\"Holy Supps\"},\"image\":{\"@id\":\"https:\\\/\\\/www.holy-supps.nl\\\/#\\\/schema\\\/logo\\\/image\\\/\"},\"sameAs\":[\"https:\\\/\\\/www.facebook.com\\\/holy.supps\",\"https:\\\/\\\/www.instagram.com\\\/holy.supps.shop\\\/\"]}]}<\/script>\n<!-- \/ Yoast SEO plugin. -->","yoast_head_json":{"title":"Whey Protein 360\u00ae - Protein Works - Holy-Supps.de","description":"Whey Protein 360\u00ae: 23 g Protein pro Portion, komplette Aminos\u00e4urenmischung, schnelle und langsame Freisetzung. Perfekt f\u00fcr Muskelwachstum und Erholung, in k\u00f6stlichen Geschmacksrichtungen.","robots":{"index":"index","follow":"follow","max-snippet":"max-snippet:-1","max-image-preview":"max-image-preview:large","max-video-preview":"max-video-preview:-1"},"canonical":"https:\/\/www.holy-supps.nl\/de\/produkt\/molkenprotein-360-protein-wirkt\/","og_locale":"de_DE","og_type":"article","og_title":"Whey Protein 360 \u00ae - Protein Works - Holy-Supps.nl","og_description":"Whey Protein 360\u00ae: 23g eiwit per portie, complete aminozurenmix, snelle en langzame afgifte. Perfect voor spiergroei en herstel, in heerlijke smaken.","og_url":"https:\/\/www.holy-supps.nl\/de\/produkt\/molkenprotein-360-protein-wirkt\/","og_site_name":"Holy-Supps.nl","article_publisher":"https:\/\/www.facebook.com\/holy.supps","article_modified_time":"2025-08-26T14:13:27+00:00","og_image":[{"width":1000,"height":1000,"url":"https:\/\/www.holy-supps.nl\/wp-content\/uploads\/2023\/03\/Whey_Protein_360-1kg_Front_1.webp","type":"image\/webp"}],"twitter_card":"summary_large_image","twitter_misc":{"Gesch\u00e4tzte Lesezeit":"3\u00a0Minuten"},"schema":{"@context":"https:\/\/schema.org","@graph":[{"@type":"WebPage","@id":"https:\/\/www.holy-supps.nl\/product\/whey-protein-360-protein-works\/","url":"https:\/\/www.holy-supps.nl\/product\/whey-protein-360-protein-works\/","name":"Whey Protein 360\u00ae - Protein Works - Holy-Supps.de","isPartOf":{"@id":"https:\/\/www.holy-supps.nl\/#website"},"primaryImageOfPage":{"@id":"https:\/\/www.holy-supps.nl\/product\/whey-protein-360-protein-works\/#primaryimage"},"image":{"@id":"https:\/\/www.holy-supps.nl\/product\/whey-protein-360-protein-works\/#primaryimage"},"thumbnailUrl":"https:\/\/www.holy-supps.nl\/wp-content\/uploads\/2023\/03\/Whey_Protein_360-1kg_Front_1.webp","datePublished":"2023-03-20T12:35:02+00:00","dateModified":"2025-08-26T14:13:27+00:00","description":"Whey Protein 360\u00ae: 23 g Protein pro Portion, komplette Aminos\u00e4urenmischung, schnelle und langsame Freisetzung. Perfekt f\u00fcr Muskelwachstum und Erholung, in k\u00f6stlichen Geschmacksrichtungen.","breadcrumb":{"@id":"https:\/\/www.holy-supps.nl\/product\/whey-protein-360-protein-works\/#breadcrumb"},"inLanguage":"de","potentialAction":[{"@type":"ReadAction","target":["https:\/\/www.holy-supps.nl\/product\/whey-protein-360-protein-works\/"]}]},{"@type":"ImageObject","inLanguage":"de","@id":"https:\/\/www.holy-supps.nl\/product\/whey-protein-360-protein-works\/#primaryimage","url":"https:\/\/www.holy-supps.nl\/wp-content\/uploads\/2023\/03\/Whey_Protein_360-1kg_Front_1.webp","contentUrl":"https:\/\/www.holy-supps.nl\/wp-content\/uploads\/2023\/03\/Whey_Protein_360-1kg_Front_1.webp","width":1000,"height":1000},{"@type":"BreadcrumbList","@id":"https:\/\/www.holy-supps.nl\/product\/whey-protein-360-protein-works\/#breadcrumb","itemListElement":[{"@type":"ListItem","position":1,"name":"Home","item":"https:\/\/www.holy-supps.nl\/"},{"@type":"ListItem","position":2,"name":"Winkel","item":"https:\/\/www.holy-supps.nl\/winkel\/"},{"@type":"ListItem","position":3,"name":"Whey Protein 360 \u00ae &#8211; Protein Works"}]},{"@type":"WebSite","@id":"https:\/\/www.holy-supps.nl\/#website","url":"https:\/\/www.holy-supps.nl\/","name":"Holy-Supps.co.uk","description":"Offizieller EHPLabs-H\u00e4ndler!","publisher":{"@id":"https:\/\/www.holy-supps.nl\/#organization"},"potentialAction":[{"@type":"SearchAction","target":{"@type":"EntryPoint","urlTemplate":"https:\/\/www.holy-supps.nl\/?s={search_term_string}"},"query-input":{"@type":"PropertyValueSpecification","valueRequired":true,"valueName":"search_term_string"}}],"inLanguage":"de"},{"@type":"Organization","@id":"https:\/\/www.holy-supps.nl\/#organization","name":"Heiliges Abendmahl","url":"https:\/\/www.holy-supps.nl\/","logo":{"@type":"ImageObject","inLanguage":"de","@id":"https:\/\/www.holy-supps.nl\/#\/schema\/logo\/image\/","url":"https:\/\/www.holy-supps.nl\/wp-content\/uploads\/2023\/06\/HOLY-SUPPS.png","contentUrl":"https:\/\/www.holy-supps.nl\/wp-content\/uploads\/2023\/06\/HOLY-SUPPS.png","width":1000,"height":400,"caption":"Holy Supps"},"image":{"@id":"https:\/\/www.holy-supps.nl\/#\/schema\/logo\/image\/"},"sameAs":["https:\/\/www.facebook.com\/holy.supps","https:\/\/www.instagram.com\/holy.supps.shop\/"]}]}},"jetpack_sharing_enabled":true,"_links":{"self":[{"href":"https:\/\/www.holy-supps.nl\/de\/wp-json\/wp\/v2\/product\/549","targetHints":{"allow":["GET"]}}],"collection":[{"href":"https:\/\/www.holy-supps.nl\/de\/wp-json\/wp\/v2\/product"}],"about":[{"href":"https:\/\/www.holy-supps.nl\/de\/wp-json\/wp\/v2\/types\/product"}],"replies":[{"embeddable":true,"href":"https:\/\/www.holy-supps.nl\/de\/wp-json\/wp\/v2\/comments?post=549"}],"wp:featuredmedia":[{"embeddable":true,"href":"https:\/\/www.holy-supps.nl\/de\/wp-json\/wp\/v2\/media\/555"}],"wp:attachment":[{"href":"https:\/\/www.holy-supps.nl\/de\/wp-json\/wp\/v2\/media?parent=549"}],"wp:term":[{"taxonomy":"product_brand","embeddable":true,"href":"https:\/\/www.holy-supps.nl\/de\/wp-json\/wp\/v2\/product_brand?post=549"},{"taxonomy":"product_cat","embeddable":true,"href":"https:\/\/www.holy-supps.nl\/de\/wp-json\/wp\/v2\/product_cat?post=549"},{"taxonomy":"product_tag","embeddable":true,"href":"https:\/\/www.holy-supps.nl\/de\/wp-json\/wp\/v2\/product_tag?post=549"}],"curies":[{"name":"wp","href":"https:\/\/api.w.org\/{rel}","templated":true}]}}