{"id":523,"date":"2023-03-15T11:40:24","date_gmt":"2023-03-15T10:40:24","guid":{"rendered":"https:\/\/www.holy-supps.nl\/?post_type=product&#038;p=523"},"modified":"2026-03-12T11:49:10","modified_gmt":"2026-03-12T10:49:10","slug":"veganes-mass-gainer-protein-wirkt","status":"publish","type":"product","link":"https:\/\/www.holy-supps.nl\/de\/product\/vegan-mass-gainer-protein-works-2kg\/","title":{"rendered":"Veganer Gewichtszunahme - Protein Works - 2KG"},"content":{"rendered":"<h2>Beschreibung<\/h2>\n<p>Vegan Mass Gainer von The Protein Works ist ein rein pflanzliches Nahrungserg\u00e4nzungsmittel in Pulverform, das Protein und Kohlenhydrate kombiniert.<br \/>\nDas Produkt ist f\u00fcr alle gedacht, die ihrer t\u00e4glichen Ern\u00e4hrung auf einfache Weise zus\u00e4tzliche N\u00e4hrstoffe hinzuf\u00fcgen m\u00f6chten.<br \/>\nErh\u00e4ltlich in verschiedenen Geschmacksrichtungen und einfach mit Wasser oder Pflanzenmilch zu mischen.<\/p>\n<h2>Vorteile<\/h2>\n<ul>\n<li>100% pflanzliches Masseaufbaupulver<\/li>\n<li>Enth\u00e4lt eine Kombination aus Proteinen und Kohlenhydraten<\/li>\n<li>Geeignet f\u00fcr Veganer und Vegetarier<\/li>\n<li>Erh\u00e4ltlich in verschiedenen Geschmacksrichtungen<\/li>\n<li>Einfache Zubereitung mit Wasser oder Pflanzenmilch<\/li>\n<\/ul>\n<h2>Gebrauchsanweisung<\/h2>\n<p>Mischen Sie eine Portion Vegan Mass Gainer mit 400-500 ml Wasser oder Pflanzenmilch.<br \/>\nGut sch\u00fctteln oder in einem Mixer p\u00fcrieren, bis das Pulver vollst\u00e4ndig aufgel\u00f6st ist.<br \/>\nJe nach Bedarf zur Erg\u00e4nzung der t\u00e4glichen Ern\u00e4hrung verwenden.<br \/>\nNahrungserg\u00e4nzungsmittel sind kein Ersatz f\u00fcr eine abwechslungsreiche und ausgewogene Ern\u00e4hrung oder eine gesunde Lebensweise.<\/p>","protected":false},"excerpt":{"rendered":"<p>Vegan Mass Gainer von The Protein Works ist ein pflanzliches Nahrungserg\u00e4nzungsmittel in Pulverform mit einer Kombination aus Eiwei\u00df und Kohlenhydraten. Entwickelt f\u00fcr diejenigen, die ihrer Ern\u00e4hrung zus\u00e4tzliche Kalorien hinzuf\u00fcgen m\u00f6chten. Erh\u00e4ltlich in verschiedenen Geschmacksrichtungen und einfach zuzubereiten mit Wasser oder Pflanzenmilch.<\/p>","protected":false},"featured_media":524,"comment_status":"open","ping_status":"closed","template":"","meta":[],"product_brand":[],"product_cat":[86,77,80,73],"product_tag":[],"class_list":{"0":"post-523","1":"product","2":"type-product","3":"status-publish","4":"has-post-thumbnail","6":"product_cat-aankomen","7":"product_cat-bundles-save","8":"product_cat-doel","9":"product_cat-protein-works","11":"first","12":"outofstock","13":"sale","14":"taxable","15":"shipping-taxable","16":"purchasable","17":"product-type-variable"},"yoast_head":"<!-- This site is optimized with the Yoast SEO plugin v27.4 - https:\/\/yoast.com\/product\/yoast-seo-wordpress\/ -->\n<title>Vegan Mass Gainer - Protein Works - 2KG - Holy-Supps.nl<\/title>\n<meta name=\"robots\" content=\"index, follow, max-snippet:-1, max-image-preview:large, max-video-preview:-1\" \/>\n<link rel=\"canonical\" href=\"https:\/\/www.holy-supps.nl\/de\/produkt\/veganes-mass-gainer-protein-wirkt\/\" \/>\n<meta property=\"og:locale\" content=\"de_DE\" \/>\n<meta property=\"og:type\" content=\"article\" \/>\n<meta property=\"og:title\" content=\"Vegan Mass Gainer - Protein Works - 2KG - Holy-Supps.nl\" \/>\n<meta property=\"og:description\" content=\"Vegan Mass Gainer van The Protein Works is een plantaardig poedersupplement met een combinatie van eiwitten en koolhydraten. Ontwikkeld voor wie extra calorie\u00ebn aan het voedingspatroon wil toevoegen. Verkrijgbaar in diverse smaken en eenvoudig te bereiden met water of plantaardige melk.\" \/>\n<meta property=\"og:url\" content=\"https:\/\/www.holy-supps.nl\/de\/produkt\/veganes-mass-gainer-protein-wirkt\/\" \/>\n<meta property=\"og:site_name\" content=\"Holy-Supps.nl\" \/>\n<meta property=\"article:publisher\" content=\"https:\/\/www.facebook.com\/holy.supps\" \/>\n<meta property=\"article:modified_time\" content=\"2026-03-12T10:49:10+00:00\" \/>\n<meta property=\"og:image\" content=\"https:\/\/www.holy-supps.nl\/wp-content\/uploads\/2023\/03\/Vegan_Mass_Gainer-1kg_Front_1.webp\" \/>\n\t<meta property=\"og:image:width\" content=\"1000\" \/>\n\t<meta property=\"og:image:height\" content=\"1000\" \/>\n\t<meta property=\"og:image:type\" content=\"image\/webp\" \/>\n<meta name=\"twitter:card\" content=\"summary_large_image\" \/>\n<meta name=\"twitter:label1\" content=\"Gesch\u00e4tzte Lesezeit\" \/>\n\t<meta name=\"twitter:data1\" content=\"4\u00a0Minuten\" \/>\n<script type=\"application\/ld+json\" class=\"yoast-schema-graph\">{\"@context\":\"https:\\\/\\\/schema.org\",\"@graph\":[{\"@type\":\"WebPage\",\"@id\":\"https:\\\/\\\/www.holy-supps.nl\\\/product\\\/vegan-mass-gainer-protein-works-2kg\\\/\",\"url\":\"https:\\\/\\\/www.holy-supps.nl\\\/product\\\/vegan-mass-gainer-protein-works-2kg\\\/\",\"name\":\"Vegan Mass Gainer - Protein Works - 2KG - Holy-Supps.nl\",\"isPartOf\":{\"@id\":\"https:\\\/\\\/www.holy-supps.nl\\\/#website\"},\"primaryImageOfPage\":{\"@id\":\"https:\\\/\\\/www.holy-supps.nl\\\/product\\\/vegan-mass-gainer-protein-works-2kg\\\/#primaryimage\"},\"image\":{\"@id\":\"https:\\\/\\\/www.holy-supps.nl\\\/product\\\/vegan-mass-gainer-protein-works-2kg\\\/#primaryimage\"},\"thumbnailUrl\":\"https:\\\/\\\/www.holy-supps.nl\\\/wp-content\\\/uploads\\\/2023\\\/03\\\/Vegan_Mass_Gainer-1kg_Front_1.webp\",\"datePublished\":\"2023-03-15T10:40:24+00:00\",\"dateModified\":\"2026-03-12T10:49:10+00:00\",\"breadcrumb\":{\"@id\":\"https:\\\/\\\/www.holy-supps.nl\\\/product\\\/vegan-mass-gainer-protein-works-2kg\\\/#breadcrumb\"},\"inLanguage\":\"de\",\"potentialAction\":[{\"@type\":\"ReadAction\",\"target\":[\"https:\\\/\\\/www.holy-supps.nl\\\/product\\\/vegan-mass-gainer-protein-works-2kg\\\/\"]}]},{\"@type\":\"ImageObject\",\"inLanguage\":\"de\",\"@id\":\"https:\\\/\\\/www.holy-supps.nl\\\/product\\\/vegan-mass-gainer-protein-works-2kg\\\/#primaryimage\",\"url\":\"https:\\\/\\\/www.holy-supps.nl\\\/wp-content\\\/uploads\\\/2023\\\/03\\\/Vegan_Mass_Gainer-1kg_Front_1.webp\",\"contentUrl\":\"https:\\\/\\\/www.holy-supps.nl\\\/wp-content\\\/uploads\\\/2023\\\/03\\\/Vegan_Mass_Gainer-1kg_Front_1.webp\",\"width\":1000,\"height\":1000},{\"@type\":\"BreadcrumbList\",\"@id\":\"https:\\\/\\\/www.holy-supps.nl\\\/product\\\/vegan-mass-gainer-protein-works-2kg\\\/#breadcrumb\",\"itemListElement\":[{\"@type\":\"ListItem\",\"position\":1,\"name\":\"Home\",\"item\":\"https:\\\/\\\/www.holy-supps.nl\\\/\"},{\"@type\":\"ListItem\",\"position\":2,\"name\":\"Winkel\",\"item\":\"https:\\\/\\\/www.holy-supps.nl\\\/winkel\\\/\"},{\"@type\":\"ListItem\",\"position\":3,\"name\":\"Vegan Mass Gainer &#8211; Protein Works &#8211; 2KG\"}]},{\"@type\":\"WebSite\",\"@id\":\"https:\\\/\\\/www.holy-supps.nl\\\/#website\",\"url\":\"https:\\\/\\\/www.holy-supps.nl\\\/\",\"name\":\"Holy-Supps.nl\",\"description\":\"Official EHPLabs Reseller!\",\"publisher\":{\"@id\":\"https:\\\/\\\/www.holy-supps.nl\\\/#organization\"},\"potentialAction\":[{\"@type\":\"SearchAction\",\"target\":{\"@type\":\"EntryPoint\",\"urlTemplate\":\"https:\\\/\\\/www.holy-supps.nl\\\/?s={search_term_string}\"},\"query-input\":{\"@type\":\"PropertyValueSpecification\",\"valueRequired\":true,\"valueName\":\"search_term_string\"}}],\"inLanguage\":\"de\"},{\"@type\":\"Organization\",\"@id\":\"https:\\\/\\\/www.holy-supps.nl\\\/#organization\",\"name\":\"Holy Supps\",\"url\":\"https:\\\/\\\/www.holy-supps.nl\\\/\",\"logo\":{\"@type\":\"ImageObject\",\"inLanguage\":\"de\",\"@id\":\"https:\\\/\\\/www.holy-supps.nl\\\/#\\\/schema\\\/logo\\\/image\\\/\",\"url\":\"https:\\\/\\\/www.holy-supps.nl\\\/wp-content\\\/uploads\\\/2023\\\/06\\\/HOLY-SUPPS.png\",\"contentUrl\":\"https:\\\/\\\/www.holy-supps.nl\\\/wp-content\\\/uploads\\\/2023\\\/06\\\/HOLY-SUPPS.png\",\"width\":1000,\"height\":400,\"caption\":\"Holy Supps\"},\"image\":{\"@id\":\"https:\\\/\\\/www.holy-supps.nl\\\/#\\\/schema\\\/logo\\\/image\\\/\"},\"sameAs\":[\"https:\\\/\\\/www.facebook.com\\\/holy.supps\",\"https:\\\/\\\/www.instagram.com\\\/holy.supps.shop\\\/\"]}]}<\/script>\n<!-- \/ Yoast SEO plugin. -->","yoast_head_json":{"title":"Veganer Massezuwachs - Protein Works - 2KG - Holy-Supps.de","robots":{"index":"index","follow":"follow","max-snippet":"max-snippet:-1","max-image-preview":"max-image-preview:large","max-video-preview":"max-video-preview:-1"},"canonical":"https:\/\/www.holy-supps.nl\/de\/produkt\/veganes-mass-gainer-protein-wirkt\/","og_locale":"de_DE","og_type":"article","og_title":"Vegan Mass Gainer - Protein Works - 2KG - Holy-Supps.nl","og_description":"Vegan Mass Gainer van The Protein Works is een plantaardig poedersupplement met een combinatie van eiwitten en koolhydraten. Ontwikkeld voor wie extra calorie\u00ebn aan het voedingspatroon wil toevoegen. Verkrijgbaar in diverse smaken en eenvoudig te bereiden met water of plantaardige melk.","og_url":"https:\/\/www.holy-supps.nl\/de\/produkt\/veganes-mass-gainer-protein-wirkt\/","og_site_name":"Holy-Supps.nl","article_publisher":"https:\/\/www.facebook.com\/holy.supps","article_modified_time":"2026-03-12T10:49:10+00:00","og_image":[{"width":1000,"height":1000,"url":"https:\/\/www.holy-supps.nl\/wp-content\/uploads\/2023\/03\/Vegan_Mass_Gainer-1kg_Front_1.webp","type":"image\/webp"}],"twitter_card":"summary_large_image","twitter_misc":{"Gesch\u00e4tzte Lesezeit":"4\u00a0Minuten"},"schema":{"@context":"https:\/\/schema.org","@graph":[{"@type":"WebPage","@id":"https:\/\/www.holy-supps.nl\/product\/vegan-mass-gainer-protein-works-2kg\/","url":"https:\/\/www.holy-supps.nl\/product\/vegan-mass-gainer-protein-works-2kg\/","name":"Veganer Massezuwachs - Protein Works - 2KG - Holy-Supps.de","isPartOf":{"@id":"https:\/\/www.holy-supps.nl\/#website"},"primaryImageOfPage":{"@id":"https:\/\/www.holy-supps.nl\/product\/vegan-mass-gainer-protein-works-2kg\/#primaryimage"},"image":{"@id":"https:\/\/www.holy-supps.nl\/product\/vegan-mass-gainer-protein-works-2kg\/#primaryimage"},"thumbnailUrl":"https:\/\/www.holy-supps.nl\/wp-content\/uploads\/2023\/03\/Vegan_Mass_Gainer-1kg_Front_1.webp","datePublished":"2023-03-15T10:40:24+00:00","dateModified":"2026-03-12T10:49:10+00:00","breadcrumb":{"@id":"https:\/\/www.holy-supps.nl\/product\/vegan-mass-gainer-protein-works-2kg\/#breadcrumb"},"inLanguage":"de","potentialAction":[{"@type":"ReadAction","target":["https:\/\/www.holy-supps.nl\/product\/vegan-mass-gainer-protein-works-2kg\/"]}]},{"@type":"ImageObject","inLanguage":"de","@id":"https:\/\/www.holy-supps.nl\/product\/vegan-mass-gainer-protein-works-2kg\/#primaryimage","url":"https:\/\/www.holy-supps.nl\/wp-content\/uploads\/2023\/03\/Vegan_Mass_Gainer-1kg_Front_1.webp","contentUrl":"https:\/\/www.holy-supps.nl\/wp-content\/uploads\/2023\/03\/Vegan_Mass_Gainer-1kg_Front_1.webp","width":1000,"height":1000},{"@type":"BreadcrumbList","@id":"https:\/\/www.holy-supps.nl\/product\/vegan-mass-gainer-protein-works-2kg\/#breadcrumb","itemListElement":[{"@type":"ListItem","position":1,"name":"Home","item":"https:\/\/www.holy-supps.nl\/"},{"@type":"ListItem","position":2,"name":"Winkel","item":"https:\/\/www.holy-supps.nl\/winkel\/"},{"@type":"ListItem","position":3,"name":"Vegan Mass Gainer &#8211; Protein Works &#8211; 2KG"}]},{"@type":"WebSite","@id":"https:\/\/www.holy-supps.nl\/#website","url":"https:\/\/www.holy-supps.nl\/","name":"Holy-Supps.co.uk","description":"Offizieller EHPLabs-H\u00e4ndler!","publisher":{"@id":"https:\/\/www.holy-supps.nl\/#organization"},"potentialAction":[{"@type":"SearchAction","target":{"@type":"EntryPoint","urlTemplate":"https:\/\/www.holy-supps.nl\/?s={search_term_string}"},"query-input":{"@type":"PropertyValueSpecification","valueRequired":true,"valueName":"search_term_string"}}],"inLanguage":"de"},{"@type":"Organization","@id":"https:\/\/www.holy-supps.nl\/#organization","name":"Heiliges Abendmahl","url":"https:\/\/www.holy-supps.nl\/","logo":{"@type":"ImageObject","inLanguage":"de","@id":"https:\/\/www.holy-supps.nl\/#\/schema\/logo\/image\/","url":"https:\/\/www.holy-supps.nl\/wp-content\/uploads\/2023\/06\/HOLY-SUPPS.png","contentUrl":"https:\/\/www.holy-supps.nl\/wp-content\/uploads\/2023\/06\/HOLY-SUPPS.png","width":1000,"height":400,"caption":"Holy Supps"},"image":{"@id":"https:\/\/www.holy-supps.nl\/#\/schema\/logo\/image\/"},"sameAs":["https:\/\/www.facebook.com\/holy.supps","https:\/\/www.instagram.com\/holy.supps.shop\/"]}]}},"jetpack_sharing_enabled":true,"_links":{"self":[{"href":"https:\/\/www.holy-supps.nl\/de\/wp-json\/wp\/v2\/product\/523","targetHints":{"allow":["GET"]}}],"collection":[{"href":"https:\/\/www.holy-supps.nl\/de\/wp-json\/wp\/v2\/product"}],"about":[{"href":"https:\/\/www.holy-supps.nl\/de\/wp-json\/wp\/v2\/types\/product"}],"replies":[{"embeddable":true,"href":"https:\/\/www.holy-supps.nl\/de\/wp-json\/wp\/v2\/comments?post=523"}],"wp:featuredmedia":[{"embeddable":true,"href":"https:\/\/www.holy-supps.nl\/de\/wp-json\/wp\/v2\/media\/524"}],"wp:attachment":[{"href":"https:\/\/www.holy-supps.nl\/de\/wp-json\/wp\/v2\/media?parent=523"}],"wp:term":[{"taxonomy":"product_brand","embeddable":true,"href":"https:\/\/www.holy-supps.nl\/de\/wp-json\/wp\/v2\/product_brand?post=523"},{"taxonomy":"product_cat","embeddable":true,"href":"https:\/\/www.holy-supps.nl\/de\/wp-json\/wp\/v2\/product_cat?post=523"},{"taxonomy":"product_tag","embeddable":true,"href":"https:\/\/www.holy-supps.nl\/de\/wp-json\/wp\/v2\/product_tag?post=523"}],"curies":[{"name":"wp","href":"https:\/\/api.w.org\/{rel}","templated":true}]}}