{"id":4439,"date":"2025-11-18T10:17:09","date_gmt":"2025-11-18T09:17:09","guid":{"rendered":"https:\/\/www.holy-supps.nl\/?post_type=product&#038;p=4439"},"modified":"2026-04-09T21:23:13","modified_gmt":"2026-04-09T19:23:13","slug":"oxyshred-gummies","status":"publish","type":"product","link":"https:\/\/www.holy-supps.nl\/de\/product\/oxyshred-gummies\/","title":{"rendered":"OxyShred Gummies"},"content":{"rendered":"<h2>Beschreibung OxyShred Gummies<\/h2>\n<p>OxyShred Gummies von EHPlabs sind schmackhafte Gummib\u00e4rchen, die einfach einzunehmen sind und gut zu einem aktiven und ausgewogenen Lebensstil passen. Sie werden h\u00e4ufig von Sportlern und von Menschen verwendet, die ihre t\u00e4gliche Routine mit einem leicht zu transportierenden Nahrungserg\u00e4nzungsmittel bereichern wollen. Die Kombination aus bekannten Inhaltsstoffen und einem benutzerfreundlichen Format machen sie zu einer zug\u00e4nglichen Option f\u00fcr den t\u00e4glichen Gebrauch.<\/p>\n<h2>Vorteile der OxyShred Gummies<\/h2>\n<ul>\n<li>Praktische Gummib\u00e4rchen, die leicht zu nehmen sind.<\/li>\n<li>Geeignet f\u00fcr den t\u00e4glichen Gebrauch bei einem aktiven Lebensstil.<\/li>\n<li>Erh\u00e4ltlich in einem frischen, fruchtigen Geschmack.<\/li>\n<li>Leicht zu transportieren f\u00fcr unterwegs oder w\u00e4hrend des Trainings.<\/li>\n<\/ul>\n<h2>Gebrauchsanweisung<\/h2>\n<p>Nehmen Sie die auf dem Produktetikett angegebene empfohlene Menge ein. \u00dcberschreiten Sie nicht die empfohlene Tagesdosis. Bewahren Sie das Produkt an einem k\u00fchlen, trockenen Ort und au\u00dferhalb der Reichweite von Kindern auf.<\/p>","protected":false},"excerpt":{"rendered":"<p>OxyShred Gummies sind einfach einzunehmende Gummib\u00e4rchen mit frischem Geschmack, die f\u00fcr Menschen entwickelt wurden, die ihren aktiven Lebensstil unterst\u00fctzen wollen. Ihre praktische Gr\u00f6\u00dfe macht sie leicht zu tragen und ideal f\u00fcr den t\u00e4glichen Gebrauch. Eine praktische Wahl f\u00fcr alle, die eine schmackhafte Erg\u00e4nzung zu ihrer Routine suchen.<\/p>","protected":false},"featured_media":4448,"comment_status":"open","ping_status":"closed","template":"","meta":[],"product_brand":[],"product_cat":[149,72,88,68,75,82],"product_tag":[],"class_list":{"0":"post-4439","1":"product","2":"type-product","3":"status-publish","4":"has-post-thumbnail","6":"product_cat-ehplabs-vegan-merken","7":"product_cat-ehplabs","8":"product_cat-pre-workout-2","9":"product_cat-pre-workout","10":"product_cat-producten","11":"product_cat-vegan-merken","13":"first","14":"instock","15":"taxable","16":"shipping-taxable","17":"purchasable","18":"product-type-simple"},"yoast_head":"<!-- This site is optimized with the Yoast SEO plugin v27.4 - https:\/\/yoast.com\/product\/yoast-seo-wordpress\/ -->\n<title>OxyShred Gummies - Direct vanuit NL verzonden - Holy-Supps.nl<\/title>\n<meta name=\"description\" content=\"Geniet van de krachtige OxyShred Gummies, perfect voor jouw actieve levensstijl! Eenvoudig in te nemen en vol met belangrijke ingredi\u00ebnten.\" \/>\n<meta name=\"robots\" content=\"index, follow, max-snippet:-1, max-image-preview:large, max-video-preview:-1\" \/>\n<link rel=\"canonical\" href=\"https:\/\/www.holy-supps.nl\/de\/produkt\/oxyshred-gummies\/\" \/>\n<meta property=\"og:locale\" content=\"de_DE\" \/>\n<meta property=\"og:type\" content=\"article\" \/>\n<meta property=\"og:title\" content=\"OxyShred Gummies - Direct vanuit NL verzonden - Holy-Supps.nl\" \/>\n<meta property=\"og:description\" content=\"Geniet van de krachtige OxyShred Gummies, perfect voor jouw actieve levensstijl! Eenvoudig in te nemen en vol met belangrijke ingredi\u00ebnten.\" \/>\n<meta property=\"og:url\" content=\"https:\/\/www.holy-supps.nl\/de\/produkt\/oxyshred-gummies\/\" \/>\n<meta property=\"og:site_name\" content=\"Holy-Supps.nl\" \/>\n<meta property=\"article:publisher\" content=\"https:\/\/www.facebook.com\/holy.supps\" \/>\n<meta property=\"article:modified_time\" content=\"2026-04-09T19:23:13+00:00\" \/>\n<meta property=\"og:image\" content=\"https:\/\/www.holy-supps.nl\/wp-content\/uploads\/2025\/11\/OxyShred_Gummies_Product_Icon_ca03fe5a-b945-4209-9c0e-c21246f4e2b9.png\" \/>\n\t<meta property=\"og:image:width\" content=\"1500\" \/>\n\t<meta property=\"og:image:height\" content=\"1500\" \/>\n\t<meta property=\"og:image:type\" content=\"image\/png\" \/>\n<meta name=\"twitter:card\" content=\"summary_large_image\" \/>\n<meta name=\"twitter:label1\" content=\"Gesch\u00e4tzte Lesezeit\" \/>\n\t<meta name=\"twitter:data1\" content=\"1\u00a0Minute\" \/>\n<script type=\"application\/ld+json\" class=\"yoast-schema-graph\">{\"@context\":\"https:\\\/\\\/schema.org\",\"@graph\":[{\"@type\":\"WebPage\",\"@id\":\"https:\\\/\\\/www.holy-supps.nl\\\/product\\\/oxyshred-gummies\\\/\",\"url\":\"https:\\\/\\\/www.holy-supps.nl\\\/product\\\/oxyshred-gummies\\\/\",\"name\":\"OxyShred Gummies - Direct vanuit NL verzonden - Holy-Supps.nl\",\"isPartOf\":{\"@id\":\"https:\\\/\\\/www.holy-supps.nl\\\/#website\"},\"primaryImageOfPage\":{\"@id\":\"https:\\\/\\\/www.holy-supps.nl\\\/product\\\/oxyshred-gummies\\\/#primaryimage\"},\"image\":{\"@id\":\"https:\\\/\\\/www.holy-supps.nl\\\/product\\\/oxyshred-gummies\\\/#primaryimage\"},\"thumbnailUrl\":\"https:\\\/\\\/www.holy-supps.nl\\\/wp-content\\\/uploads\\\/2025\\\/11\\\/OxyShred_Gummies_Product_Icon_ca03fe5a-b945-4209-9c0e-c21246f4e2b9.png\",\"datePublished\":\"2025-11-18T09:17:09+00:00\",\"dateModified\":\"2026-04-09T19:23:13+00:00\",\"description\":\"Geniet van de krachtige OxyShred Gummies, perfect voor jouw actieve levensstijl! Eenvoudig in te nemen en vol met belangrijke ingredi\u00ebnten.\",\"breadcrumb\":{\"@id\":\"https:\\\/\\\/www.holy-supps.nl\\\/product\\\/oxyshred-gummies\\\/#breadcrumb\"},\"inLanguage\":\"de\",\"potentialAction\":[{\"@type\":\"ReadAction\",\"target\":[\"https:\\\/\\\/www.holy-supps.nl\\\/product\\\/oxyshred-gummies\\\/\"]}]},{\"@type\":\"ImageObject\",\"inLanguage\":\"de\",\"@id\":\"https:\\\/\\\/www.holy-supps.nl\\\/product\\\/oxyshred-gummies\\\/#primaryimage\",\"url\":\"https:\\\/\\\/www.holy-supps.nl\\\/wp-content\\\/uploads\\\/2025\\\/11\\\/OxyShred_Gummies_Product_Icon_ca03fe5a-b945-4209-9c0e-c21246f4e2b9.png\",\"contentUrl\":\"https:\\\/\\\/www.holy-supps.nl\\\/wp-content\\\/uploads\\\/2025\\\/11\\\/OxyShred_Gummies_Product_Icon_ca03fe5a-b945-4209-9c0e-c21246f4e2b9.png\",\"width\":1500,\"height\":1500},{\"@type\":\"BreadcrumbList\",\"@id\":\"https:\\\/\\\/www.holy-supps.nl\\\/product\\\/oxyshred-gummies\\\/#breadcrumb\",\"itemListElement\":[{\"@type\":\"ListItem\",\"position\":1,\"name\":\"Home\",\"item\":\"https:\\\/\\\/www.holy-supps.nl\\\/\"},{\"@type\":\"ListItem\",\"position\":2,\"name\":\"Winkel\",\"item\":\"https:\\\/\\\/www.holy-supps.nl\\\/winkel\\\/\"},{\"@type\":\"ListItem\",\"position\":3,\"name\":\"OxyShred Gummies\"}]},{\"@type\":\"WebSite\",\"@id\":\"https:\\\/\\\/www.holy-supps.nl\\\/#website\",\"url\":\"https:\\\/\\\/www.holy-supps.nl\\\/\",\"name\":\"Holy-Supps.nl\",\"description\":\"Official EHPLabs Reseller!\",\"publisher\":{\"@id\":\"https:\\\/\\\/www.holy-supps.nl\\\/#organization\"},\"potentialAction\":[{\"@type\":\"SearchAction\",\"target\":{\"@type\":\"EntryPoint\",\"urlTemplate\":\"https:\\\/\\\/www.holy-supps.nl\\\/?s={search_term_string}\"},\"query-input\":{\"@type\":\"PropertyValueSpecification\",\"valueRequired\":true,\"valueName\":\"search_term_string\"}}],\"inLanguage\":\"de\"},{\"@type\":\"Organization\",\"@id\":\"https:\\\/\\\/www.holy-supps.nl\\\/#organization\",\"name\":\"Holy Supps\",\"url\":\"https:\\\/\\\/www.holy-supps.nl\\\/\",\"logo\":{\"@type\":\"ImageObject\",\"inLanguage\":\"de\",\"@id\":\"https:\\\/\\\/www.holy-supps.nl\\\/#\\\/schema\\\/logo\\\/image\\\/\",\"url\":\"https:\\\/\\\/www.holy-supps.nl\\\/wp-content\\\/uploads\\\/2023\\\/06\\\/HOLY-SUPPS.png\",\"contentUrl\":\"https:\\\/\\\/www.holy-supps.nl\\\/wp-content\\\/uploads\\\/2023\\\/06\\\/HOLY-SUPPS.png\",\"width\":1000,\"height\":400,\"caption\":\"Holy Supps\"},\"image\":{\"@id\":\"https:\\\/\\\/www.holy-supps.nl\\\/#\\\/schema\\\/logo\\\/image\\\/\"},\"sameAs\":[\"https:\\\/\\\/www.facebook.com\\\/holy.supps\",\"https:\\\/\\\/www.instagram.com\\\/holy.supps.shop\\\/\"]}]}<\/script>\n<!-- \/ Yoast SEO plugin. -->","yoast_head_json":{"title":"OxyShred Gummies - direkt aus NL versandt - Holy-Supps.co.uk","description":"Genie\u00dfen Sie die leistungsstarken OxyShred Gummies, die perfekt f\u00fcr Ihren aktiven Lebensstil sind! Einfach einzunehmen und vollgepackt mit wichtigen Inhaltsstoffen.","robots":{"index":"index","follow":"follow","max-snippet":"max-snippet:-1","max-image-preview":"max-image-preview:large","max-video-preview":"max-video-preview:-1"},"canonical":"https:\/\/www.holy-supps.nl\/de\/produkt\/oxyshred-gummies\/","og_locale":"de_DE","og_type":"article","og_title":"OxyShred Gummies - Direct vanuit NL verzonden - Holy-Supps.nl","og_description":"Geniet van de krachtige OxyShred Gummies, perfect voor jouw actieve levensstijl! Eenvoudig in te nemen en vol met belangrijke ingredi\u00ebnten.","og_url":"https:\/\/www.holy-supps.nl\/de\/produkt\/oxyshred-gummies\/","og_site_name":"Holy-Supps.nl","article_publisher":"https:\/\/www.facebook.com\/holy.supps","article_modified_time":"2026-04-09T19:23:13+00:00","og_image":[{"width":1500,"height":1500,"url":"https:\/\/www.holy-supps.nl\/wp-content\/uploads\/2025\/11\/OxyShred_Gummies_Product_Icon_ca03fe5a-b945-4209-9c0e-c21246f4e2b9.png","type":"image\/png"}],"twitter_card":"summary_large_image","twitter_misc":{"Gesch\u00e4tzte Lesezeit":"1\u00a0Minute"},"schema":{"@context":"https:\/\/schema.org","@graph":[{"@type":"WebPage","@id":"https:\/\/www.holy-supps.nl\/product\/oxyshred-gummies\/","url":"https:\/\/www.holy-supps.nl\/product\/oxyshred-gummies\/","name":"OxyShred Gummies - direkt aus NL versandt - Holy-Supps.co.uk","isPartOf":{"@id":"https:\/\/www.holy-supps.nl\/#website"},"primaryImageOfPage":{"@id":"https:\/\/www.holy-supps.nl\/product\/oxyshred-gummies\/#primaryimage"},"image":{"@id":"https:\/\/www.holy-supps.nl\/product\/oxyshred-gummies\/#primaryimage"},"thumbnailUrl":"https:\/\/www.holy-supps.nl\/wp-content\/uploads\/2025\/11\/OxyShred_Gummies_Product_Icon_ca03fe5a-b945-4209-9c0e-c21246f4e2b9.png","datePublished":"2025-11-18T09:17:09+00:00","dateModified":"2026-04-09T19:23:13+00:00","description":"Genie\u00dfen Sie die leistungsstarken OxyShred Gummies, die perfekt f\u00fcr Ihren aktiven Lebensstil sind! Einfach einzunehmen und vollgepackt mit wichtigen Inhaltsstoffen.","breadcrumb":{"@id":"https:\/\/www.holy-supps.nl\/product\/oxyshred-gummies\/#breadcrumb"},"inLanguage":"de","potentialAction":[{"@type":"ReadAction","target":["https:\/\/www.holy-supps.nl\/product\/oxyshred-gummies\/"]}]},{"@type":"ImageObject","inLanguage":"de","@id":"https:\/\/www.holy-supps.nl\/product\/oxyshred-gummies\/#primaryimage","url":"https:\/\/www.holy-supps.nl\/wp-content\/uploads\/2025\/11\/OxyShred_Gummies_Product_Icon_ca03fe5a-b945-4209-9c0e-c21246f4e2b9.png","contentUrl":"https:\/\/www.holy-supps.nl\/wp-content\/uploads\/2025\/11\/OxyShred_Gummies_Product_Icon_ca03fe5a-b945-4209-9c0e-c21246f4e2b9.png","width":1500,"height":1500},{"@type":"BreadcrumbList","@id":"https:\/\/www.holy-supps.nl\/product\/oxyshred-gummies\/#breadcrumb","itemListElement":[{"@type":"ListItem","position":1,"name":"Home","item":"https:\/\/www.holy-supps.nl\/"},{"@type":"ListItem","position":2,"name":"Winkel","item":"https:\/\/www.holy-supps.nl\/winkel\/"},{"@type":"ListItem","position":3,"name":"OxyShred Gummies"}]},{"@type":"WebSite","@id":"https:\/\/www.holy-supps.nl\/#website","url":"https:\/\/www.holy-supps.nl\/","name":"Holy-Supps.co.uk","description":"Offizieller EHPLabs-H\u00e4ndler!","publisher":{"@id":"https:\/\/www.holy-supps.nl\/#organization"},"potentialAction":[{"@type":"SearchAction","target":{"@type":"EntryPoint","urlTemplate":"https:\/\/www.holy-supps.nl\/?s={search_term_string}"},"query-input":{"@type":"PropertyValueSpecification","valueRequired":true,"valueName":"search_term_string"}}],"inLanguage":"de"},{"@type":"Organization","@id":"https:\/\/www.holy-supps.nl\/#organization","name":"Heiliges Abendmahl","url":"https:\/\/www.holy-supps.nl\/","logo":{"@type":"ImageObject","inLanguage":"de","@id":"https:\/\/www.holy-supps.nl\/#\/schema\/logo\/image\/","url":"https:\/\/www.holy-supps.nl\/wp-content\/uploads\/2023\/06\/HOLY-SUPPS.png","contentUrl":"https:\/\/www.holy-supps.nl\/wp-content\/uploads\/2023\/06\/HOLY-SUPPS.png","width":1000,"height":400,"caption":"Holy Supps"},"image":{"@id":"https:\/\/www.holy-supps.nl\/#\/schema\/logo\/image\/"},"sameAs":["https:\/\/www.facebook.com\/holy.supps","https:\/\/www.instagram.com\/holy.supps.shop\/"]}]}},"jetpack_sharing_enabled":true,"_links":{"self":[{"href":"https:\/\/www.holy-supps.nl\/de\/wp-json\/wp\/v2\/product\/4439","targetHints":{"allow":["GET"]}}],"collection":[{"href":"https:\/\/www.holy-supps.nl\/de\/wp-json\/wp\/v2\/product"}],"about":[{"href":"https:\/\/www.holy-supps.nl\/de\/wp-json\/wp\/v2\/types\/product"}],"replies":[{"embeddable":true,"href":"https:\/\/www.holy-supps.nl\/de\/wp-json\/wp\/v2\/comments?post=4439"}],"wp:featuredmedia":[{"embeddable":true,"href":"https:\/\/www.holy-supps.nl\/de\/wp-json\/wp\/v2\/media\/4448"}],"wp:attachment":[{"href":"https:\/\/www.holy-supps.nl\/de\/wp-json\/wp\/v2\/media?parent=4439"}],"wp:term":[{"taxonomy":"product_brand","embeddable":true,"href":"https:\/\/www.holy-supps.nl\/de\/wp-json\/wp\/v2\/product_brand?post=4439"},{"taxonomy":"product_cat","embeddable":true,"href":"https:\/\/www.holy-supps.nl\/de\/wp-json\/wp\/v2\/product_cat?post=4439"},{"taxonomy":"product_tag","embeddable":true,"href":"https:\/\/www.holy-supps.nl\/de\/wp-json\/wp\/v2\/product_tag?post=4439"}],"curies":[{"name":"wp","href":"https:\/\/api.w.org\/{rel}","templated":true}]}}