{"id":3430,"date":"2024-12-19T14:54:52","date_gmt":"2024-12-19T13:54:52","guid":{"rendered":"https:\/\/www.holy-supps.nl\/?post_type=product&#038;p=3430"},"modified":"2026-03-13T14:20:28","modified_gmt":"2026-03-13T13:20:28","slug":"vitamin-well","status":"publish","type":"product","link":"https:\/\/www.holy-supps.nl\/de\/product\/vitamin-well\/","title":{"rendered":"Vitamin Well"},"content":{"rendered":"<h2>Vitamin Well<\/h2>\n<p>Die Vitamin Well-Getr\u00e4nke sind funktionelle Durstl\u00f6scher - lecker im Geschmack und mit einer sorgf\u00e4ltig ausgew\u00e4hlten Kombination von Vitaminen und Mineralstoffen. Die Getr\u00e4nke sind kohlens\u00e4urehaltig, kalorienarm, leicht ges\u00fc\u00dft mit Fruktose (Fruchtzucker) und ohne Konservierungsstoffe. Die Flaschen bestehen zu 100 Prozent aus recyceltem Kunststoff und tragen das unverkennbare schwedische Vitamin Well-Design.<\/p>\n<p>Eine moderne, schmackhafte und bewusste Alternative zu herk\u00f6mmlichen Softdrinks und s\u00fc\u00dfen S\u00e4ften. Das war genau das, was auf dem Getr\u00e4nkemarkt fehlte, als Vitamin Well 2008 gegr\u00fcndet wurde. Das Ziel war es, ein Getr\u00e4nk zu entwickeln, das eine perfekte Balance zwischen Funktionalit\u00e4t und Geschmack bietet.<\/p>\n<p>Heute ist Vitamin Well in drei Produktreihen erh\u00e4ltlich: Original, Sport und Zero.<br \/>\n- <strong>Vitamin Well Original<\/strong> ist ein stiller, kalorienarmer Durstl\u00f6scher, leicht ges\u00fc\u00dft mit Fruchtzucker und angereichert mit einer ausgewogenen Mischung aus Vitaminen und Mineralstoffen.<br \/>\n- <strong>Vitamin Well Sport<\/strong> ist ein Sportgetr\u00e4nk, das mit oder ohne Kohlenhydrate erh\u00e4ltlich ist und mit Elektrolyten, Vitaminen und Mineralien erg\u00e4nzt wird.<br \/>\n- <strong>Vitamin Well Zero<\/strong> ist ein stiller, zuckerfreier und geschmackvoller Durstl\u00f6scher mit sorgf\u00e4ltig ausgew\u00e4hlten Vitaminen und Mineralien.<\/p>\n<h3>Inhaltsstoffe Hydratisieren<\/h3>\n<p>Wasser, Fruchtzucker, S\u00e4ureregulatoren (Zitronens\u00e4ure, Calciumcarbonat), Vitamine (D3, E, C, Niacin, Fols\u00e4ure, B12, Biotin, Pantothens\u00e4ure), Mineralstoffe (Magnesium, Zink), Aromen, Stabilisator (Pektin), Farbstoff (Lycopin).<\/p>\n<h3>Inhaltsstoffe Reload<\/h3>\n<p>Wasser, Fruchtzucker, S\u00e4ureregulatoren (Zitronens\u00e4ure, Calciumcarbonat), Vitamine (D3, E, Niacin, Fols\u00e4ure, B12, Biotin, Pantothens\u00e4ure), Mineralstoffe (Magnesium, Zink, Selen), Aromen.<\/p>","protected":false},"excerpt":{"rendered":"<p>Bleiben Sie hydriert mit den k\u00f6stlichen Vitamin-W\u00e4ssern von Vitamin Well!<\/p>","protected":false},"featured_media":3431,"comment_status":"open","ping_status":"closed","template":"","meta":[],"product_brand":[],"product_cat":[93,74,79,276,92,78],"product_tag":[],"class_list":{"0":"post-3430","1":"product","2":"type-product","3":"status-publish","4":"has-post-thumbnail","6":"product_cat-bars-snacks","7":"product_cat-health-wellness","8":"product_cat-maaltijdvervangers","9":"product_cat-vitamin-well","10":"product_cat-vitamine-mineralen","11":"product_cat-voeding-snacks","13":"first","14":"instock","15":"taxable","16":"shipping-taxable","17":"purchasable","18":"product-type-variable"},"yoast_head":"<!-- This site is optimized with the Yoast SEO plugin v27.4 - https:\/\/yoast.com\/product\/yoast-seo-wordpress\/ -->\n<title>Vitamin Well - Holy-Supps.nl<\/title>\n<meta name=\"robots\" content=\"index, follow, max-snippet:-1, max-image-preview:large, max-video-preview:-1\" \/>\n<link rel=\"canonical\" href=\"https:\/\/www.holy-supps.nl\/de\/produkt\/vitamin-well\/\" \/>\n<meta property=\"og:locale\" content=\"de_DE\" \/>\n<meta property=\"og:type\" content=\"article\" \/>\n<meta property=\"og:title\" content=\"Vitamin Well - Holy-Supps.nl\" \/>\n<meta property=\"og:description\" content=\"Stay Hydrated met de heerlijke vitamine waters van Vitamin Well!\" \/>\n<meta property=\"og:url\" content=\"https:\/\/www.holy-supps.nl\/de\/produkt\/vitamin-well\/\" \/>\n<meta property=\"og:site_name\" content=\"Holy-Supps.nl\" \/>\n<meta property=\"article:publisher\" content=\"https:\/\/www.facebook.com\/holy.supps\" \/>\n<meta property=\"article:modified_time\" content=\"2026-03-13T13:20:28+00:00\" \/>\n<meta property=\"og:image\" content=\"https:\/\/www.holy-supps.nl\/wp-content\/uploads\/2024\/12\/AHI_43545239373633333739.jpeg\" \/>\n\t<meta property=\"og:image:width\" content=\"800\" \/>\n\t<meta property=\"og:image:height\" content=\"800\" \/>\n\t<meta property=\"og:image:type\" content=\"image\/jpeg\" \/>\n<meta name=\"twitter:card\" content=\"summary_large_image\" \/>\n<meta name=\"twitter:label1\" content=\"Gesch\u00e4tzte Lesezeit\" \/>\n\t<meta name=\"twitter:data1\" content=\"2\u00a0Minuten\" \/>\n<script type=\"application\/ld+json\" class=\"yoast-schema-graph\">{\"@context\":\"https:\\\/\\\/schema.org\",\"@graph\":[{\"@type\":\"WebPage\",\"@id\":\"https:\\\/\\\/www.holy-supps.nl\\\/product\\\/vitamin-well\\\/\",\"url\":\"https:\\\/\\\/www.holy-supps.nl\\\/product\\\/vitamin-well\\\/\",\"name\":\"Vitamin Well - Holy-Supps.nl\",\"isPartOf\":{\"@id\":\"https:\\\/\\\/www.holy-supps.nl\\\/#website\"},\"primaryImageOfPage\":{\"@id\":\"https:\\\/\\\/www.holy-supps.nl\\\/product\\\/vitamin-well\\\/#primaryimage\"},\"image\":{\"@id\":\"https:\\\/\\\/www.holy-supps.nl\\\/product\\\/vitamin-well\\\/#primaryimage\"},\"thumbnailUrl\":\"https:\\\/\\\/www.holy-supps.nl\\\/wp-content\\\/uploads\\\/2024\\\/12\\\/AHI_43545239373633333739.jpeg\",\"datePublished\":\"2024-12-19T13:54:52+00:00\",\"dateModified\":\"2026-03-13T13:20:28+00:00\",\"breadcrumb\":{\"@id\":\"https:\\\/\\\/www.holy-supps.nl\\\/product\\\/vitamin-well\\\/#breadcrumb\"},\"inLanguage\":\"de\",\"potentialAction\":[{\"@type\":\"ReadAction\",\"target\":[\"https:\\\/\\\/www.holy-supps.nl\\\/product\\\/vitamin-well\\\/\"]}]},{\"@type\":\"ImageObject\",\"inLanguage\":\"de\",\"@id\":\"https:\\\/\\\/www.holy-supps.nl\\\/product\\\/vitamin-well\\\/#primaryimage\",\"url\":\"https:\\\/\\\/www.holy-supps.nl\\\/wp-content\\\/uploads\\\/2024\\\/12\\\/AHI_43545239373633333739.jpeg\",\"contentUrl\":\"https:\\\/\\\/www.holy-supps.nl\\\/wp-content\\\/uploads\\\/2024\\\/12\\\/AHI_43545239373633333739.jpeg\",\"width\":800,\"height\":800},{\"@type\":\"BreadcrumbList\",\"@id\":\"https:\\\/\\\/www.holy-supps.nl\\\/product\\\/vitamin-well\\\/#breadcrumb\",\"itemListElement\":[{\"@type\":\"ListItem\",\"position\":1,\"name\":\"Home\",\"item\":\"https:\\\/\\\/www.holy-supps.nl\\\/\"},{\"@type\":\"ListItem\",\"position\":2,\"name\":\"Winkel\",\"item\":\"https:\\\/\\\/www.holy-supps.nl\\\/winkel\\\/\"},{\"@type\":\"ListItem\",\"position\":3,\"name\":\"Vitamin Well\"}]},{\"@type\":\"WebSite\",\"@id\":\"https:\\\/\\\/www.holy-supps.nl\\\/#website\",\"url\":\"https:\\\/\\\/www.holy-supps.nl\\\/\",\"name\":\"Holy-Supps.nl\",\"description\":\"Official EHPLabs Reseller!\",\"publisher\":{\"@id\":\"https:\\\/\\\/www.holy-supps.nl\\\/#organization\"},\"potentialAction\":[{\"@type\":\"SearchAction\",\"target\":{\"@type\":\"EntryPoint\",\"urlTemplate\":\"https:\\\/\\\/www.holy-supps.nl\\\/?s={search_term_string}\"},\"query-input\":{\"@type\":\"PropertyValueSpecification\",\"valueRequired\":true,\"valueName\":\"search_term_string\"}}],\"inLanguage\":\"de\"},{\"@type\":\"Organization\",\"@id\":\"https:\\\/\\\/www.holy-supps.nl\\\/#organization\",\"name\":\"Holy Supps\",\"url\":\"https:\\\/\\\/www.holy-supps.nl\\\/\",\"logo\":{\"@type\":\"ImageObject\",\"inLanguage\":\"de\",\"@id\":\"https:\\\/\\\/www.holy-supps.nl\\\/#\\\/schema\\\/logo\\\/image\\\/\",\"url\":\"https:\\\/\\\/www.holy-supps.nl\\\/wp-content\\\/uploads\\\/2023\\\/06\\\/HOLY-SUPPS.png\",\"contentUrl\":\"https:\\\/\\\/www.holy-supps.nl\\\/wp-content\\\/uploads\\\/2023\\\/06\\\/HOLY-SUPPS.png\",\"width\":1000,\"height\":400,\"caption\":\"Holy Supps\"},\"image\":{\"@id\":\"https:\\\/\\\/www.holy-supps.nl\\\/#\\\/schema\\\/logo\\\/image\\\/\"},\"sameAs\":[\"https:\\\/\\\/www.facebook.com\\\/holy.supps\",\"https:\\\/\\\/www.instagram.com\\\/holy.supps.shop\\\/\"]}]}<\/script>\n<!-- \/ Yoast SEO plugin. -->","yoast_head_json":{"title":"Vitamin Well - Holy-Supps.de","robots":{"index":"index","follow":"follow","max-snippet":"max-snippet:-1","max-image-preview":"max-image-preview:large","max-video-preview":"max-video-preview:-1"},"canonical":"https:\/\/www.holy-supps.nl\/de\/produkt\/vitamin-well\/","og_locale":"de_DE","og_type":"article","og_title":"Vitamin Well - Holy-Supps.nl","og_description":"Stay Hydrated met de heerlijke vitamine waters van Vitamin Well!","og_url":"https:\/\/www.holy-supps.nl\/de\/produkt\/vitamin-well\/","og_site_name":"Holy-Supps.nl","article_publisher":"https:\/\/www.facebook.com\/holy.supps","article_modified_time":"2026-03-13T13:20:28+00:00","og_image":[{"width":800,"height":800,"url":"https:\/\/www.holy-supps.nl\/wp-content\/uploads\/2024\/12\/AHI_43545239373633333739.jpeg","type":"image\/jpeg"}],"twitter_card":"summary_large_image","twitter_misc":{"Gesch\u00e4tzte Lesezeit":"2\u00a0Minuten"},"schema":{"@context":"https:\/\/schema.org","@graph":[{"@type":"WebPage","@id":"https:\/\/www.holy-supps.nl\/product\/vitamin-well\/","url":"https:\/\/www.holy-supps.nl\/product\/vitamin-well\/","name":"Vitamin Well - Holy-Supps.de","isPartOf":{"@id":"https:\/\/www.holy-supps.nl\/#website"},"primaryImageOfPage":{"@id":"https:\/\/www.holy-supps.nl\/product\/vitamin-well\/#primaryimage"},"image":{"@id":"https:\/\/www.holy-supps.nl\/product\/vitamin-well\/#primaryimage"},"thumbnailUrl":"https:\/\/www.holy-supps.nl\/wp-content\/uploads\/2024\/12\/AHI_43545239373633333739.jpeg","datePublished":"2024-12-19T13:54:52+00:00","dateModified":"2026-03-13T13:20:28+00:00","breadcrumb":{"@id":"https:\/\/www.holy-supps.nl\/product\/vitamin-well\/#breadcrumb"},"inLanguage":"de","potentialAction":[{"@type":"ReadAction","target":["https:\/\/www.holy-supps.nl\/product\/vitamin-well\/"]}]},{"@type":"ImageObject","inLanguage":"de","@id":"https:\/\/www.holy-supps.nl\/product\/vitamin-well\/#primaryimage","url":"https:\/\/www.holy-supps.nl\/wp-content\/uploads\/2024\/12\/AHI_43545239373633333739.jpeg","contentUrl":"https:\/\/www.holy-supps.nl\/wp-content\/uploads\/2024\/12\/AHI_43545239373633333739.jpeg","width":800,"height":800},{"@type":"BreadcrumbList","@id":"https:\/\/www.holy-supps.nl\/product\/vitamin-well\/#breadcrumb","itemListElement":[{"@type":"ListItem","position":1,"name":"Home","item":"https:\/\/www.holy-supps.nl\/"},{"@type":"ListItem","position":2,"name":"Winkel","item":"https:\/\/www.holy-supps.nl\/winkel\/"},{"@type":"ListItem","position":3,"name":"Vitamin Well"}]},{"@type":"WebSite","@id":"https:\/\/www.holy-supps.nl\/#website","url":"https:\/\/www.holy-supps.nl\/","name":"Holy-Supps.co.uk","description":"Offizieller EHPLabs-H\u00e4ndler!","publisher":{"@id":"https:\/\/www.holy-supps.nl\/#organization"},"potentialAction":[{"@type":"SearchAction","target":{"@type":"EntryPoint","urlTemplate":"https:\/\/www.holy-supps.nl\/?s={search_term_string}"},"query-input":{"@type":"PropertyValueSpecification","valueRequired":true,"valueName":"search_term_string"}}],"inLanguage":"de"},{"@type":"Organization","@id":"https:\/\/www.holy-supps.nl\/#organization","name":"Heiliges Abendmahl","url":"https:\/\/www.holy-supps.nl\/","logo":{"@type":"ImageObject","inLanguage":"de","@id":"https:\/\/www.holy-supps.nl\/#\/schema\/logo\/image\/","url":"https:\/\/www.holy-supps.nl\/wp-content\/uploads\/2023\/06\/HOLY-SUPPS.png","contentUrl":"https:\/\/www.holy-supps.nl\/wp-content\/uploads\/2023\/06\/HOLY-SUPPS.png","width":1000,"height":400,"caption":"Holy Supps"},"image":{"@id":"https:\/\/www.holy-supps.nl\/#\/schema\/logo\/image\/"},"sameAs":["https:\/\/www.facebook.com\/holy.supps","https:\/\/www.instagram.com\/holy.supps.shop\/"]}]}},"jetpack_sharing_enabled":true,"_links":{"self":[{"href":"https:\/\/www.holy-supps.nl\/de\/wp-json\/wp\/v2\/product\/3430","targetHints":{"allow":["GET"]}}],"collection":[{"href":"https:\/\/www.holy-supps.nl\/de\/wp-json\/wp\/v2\/product"}],"about":[{"href":"https:\/\/www.holy-supps.nl\/de\/wp-json\/wp\/v2\/types\/product"}],"replies":[{"embeddable":true,"href":"https:\/\/www.holy-supps.nl\/de\/wp-json\/wp\/v2\/comments?post=3430"}],"wp:featuredmedia":[{"embeddable":true,"href":"https:\/\/www.holy-supps.nl\/de\/wp-json\/wp\/v2\/media\/3431"}],"wp:attachment":[{"href":"https:\/\/www.holy-supps.nl\/de\/wp-json\/wp\/v2\/media?parent=3430"}],"wp:term":[{"taxonomy":"product_brand","embeddable":true,"href":"https:\/\/www.holy-supps.nl\/de\/wp-json\/wp\/v2\/product_brand?post=3430"},{"taxonomy":"product_cat","embeddable":true,"href":"https:\/\/www.holy-supps.nl\/de\/wp-json\/wp\/v2\/product_cat?post=3430"},{"taxonomy":"product_tag","embeddable":true,"href":"https:\/\/www.holy-supps.nl\/de\/wp-json\/wp\/v2\/product_tag?post=3430"}],"curies":[{"name":"wp","href":"https:\/\/api.w.org\/{rel}","templated":true}]}}