{"id":3342,"date":"2024-11-29T11:39:42","date_gmt":"2024-11-29T10:39:42","guid":{"rendered":"https:\/\/www.holy-supps.nl\/?post_type=product&#038;p=3342"},"modified":"2025-10-15T22:02:12","modified_gmt":"2025-10-15T20:02:12","slug":"barebells-protein-bar-triple-pack","status":"publish","type":"product","link":"https:\/\/www.holy-supps.nl\/de\/product\/barebells-protein-bar-triple-pack\/","title":{"rendered":"Barebells Proteinriegel \u2013 Dreierpack"},"content":{"rendered":"<p>Haben Sie es satt, Riegel zu essen, die wie Pappe schmecken? Dieser Riegel ist viel zu klebrig und schokoladig, um mit etwas anderem als den dekadentesten Desserts verglichen zu werden; und dennoch enth\u00e4lt er 20 Gramm Protein und keinen zugesetzten Zucker. Fit zu bleiben war noch nie so lecker. Caramel Cashew war eine der ersten Geschmacksrichtungen, die Barebells auf den Markt brachte, und ist immer noch ein weltweiter Hit.<\/p>\n<h2>Vorteile<\/h2>\n<ul>\n<li style=\"list-style-type: none;\">\n<ul>\n<li>20 Gramm Eiwei\u00df pro Riegel<\/li>\n<li>Kohlenhydratarm<\/li>\n<li>Wenig Zucker, weniger als 2 g Zucker pro Portion<\/li>\n<li>Hochfaserige<\/li>\n<li>Praktisch zum Mitnehmen f\u00fcr unterwegs<\/li>\n<li>Erstaunlich k\u00f6stliche Textur<\/li>\n<li>7 k\u00f6stliche Geschmacksrichtungen<\/li>\n<\/ul>\n<\/li>\n<\/ul>\n<h2>Inhaltsstoffe<\/h2>\n<p>MILCHproteine, Feuchthaltemittel (Glycerin), S\u00fc\u00dfungsmittel (Maltitole, Sucralose, Acesulfam-K), Kollagenhydrolysat, Polydextrose, Kakaobutter, Vollmilchpulver, Wasser, SOJAPROTEIN, Sonnenblumen\u00f6l, Kakaomasse, Aromen, Kakao, Tapiokast\u00e4rke, Emulgator (Lecithine). Kann Spuren von glutenhaltigen Getreidesorten, Erdn\u00fcssen und N\u00fcssen enthalten.<\/p>\n<h2>Informationen zu Allergien<\/h2>\n<p>Enth\u00e4lt:Milch, Soja<\/p>\n<p>Kann enthalten:Glutenhaltiges Getreide, Erdn\u00fcsse, N\u00fcsse<\/p>","protected":false},"excerpt":{"rendered":"<h2>W\u00e4hle und mische deinen Lieblingsgeschmack!<\/h2>\n<p>100% Barebellicious - erh\u00e4ltlich in sieben unglaublichen Geschmacksrichtungen. Barebells Proteinriegel sind daf\u00fcr gemacht, Ihre Geschmacksnerven zu \u00fcberraschen! Ganz ohne Zuckerzusatz, mit 20 Gramm Protein und ohne Kompromisse beim Geschmack. Bitte sehr!<\/p>","protected":false},"featured_media":3328,"comment_status":"open","ping_status":"closed","template":"","meta":[],"product_brand":[],"product_cat":[86,89,272,93,77,80,15,81,78],"product_tag":[],"class_list":{"0":"post-3342","1":"product","2":"type-product","3":"status-publish","4":"has-post-thumbnail","6":"product_cat-aankomen","7":"product_cat-afvallen","8":"product_cat-barebells","9":"product_cat-bars-snacks","10":"product_cat-bundles-save","11":"product_cat-doel","12":"product_cat-geen-categorie","13":"product_cat-spieropbouw","14":"product_cat-voeding-snacks","16":"first","17":"outofstock","18":"sale","19":"taxable","20":"shipping-taxable","21":"purchasable","22":"product-type-yith_bundle"},"yoast_head":"<!-- This site is optimized with the Yoast SEO plugin v27.4 - https:\/\/yoast.com\/product\/yoast-seo-wordpress\/ -->\n<title>Barebells Protein bar - Triple pack - Holy-Supps.nl<\/title>\n<meta name=\"robots\" content=\"index, follow, max-snippet:-1, max-image-preview:large, max-video-preview:-1\" \/>\n<link rel=\"canonical\" href=\"https:\/\/www.holy-supps.nl\/de\/produkt\/barebells-protein-bar-triple-pack\/\" \/>\n<meta property=\"og:locale\" content=\"de_DE\" \/>\n<meta property=\"og:type\" content=\"article\" \/>\n<meta property=\"og:title\" content=\"Barebells Protein bar - Triple pack - Holy-Supps.nl\" \/>\n<meta property=\"og:description\" content=\"PICK &amp; MIX je favoriete smaak! 100% Barebellicious \u2013 verkrijgbaar in zeven ongelooflijke smaken. Barebells eiwitrepen zijn gemaakt om je smaakpapillen te verbazen! Allemaal zonder toegevoegde suikers, 20 gram eiwit en zonder concessies te doen aan de smaak. Graag gedaan!\" \/>\n<meta property=\"og:url\" content=\"https:\/\/www.holy-supps.nl\/de\/produkt\/barebells-protein-bar-triple-pack\/\" \/>\n<meta property=\"og:site_name\" content=\"Holy-Supps.nl\" \/>\n<meta property=\"article:publisher\" content=\"https:\/\/www.facebook.com\/holy.supps\" \/>\n<meta property=\"article:modified_time\" content=\"2025-10-15T20:02:12+00:00\" \/>\n<meta property=\"og:image\" content=\"https:\/\/www.holy-supps.nl\/wp-content\/uploads\/2024\/11\/BB-CC.jpeg\" \/>\n\t<meta property=\"og:image:width\" content=\"800\" \/>\n\t<meta property=\"og:image:height\" content=\"800\" \/>\n\t<meta property=\"og:image:type\" content=\"image\/jpeg\" \/>\n<meta name=\"twitter:card\" content=\"summary_large_image\" \/>\n<meta name=\"twitter:label1\" content=\"Gesch\u00e4tzte Lesezeit\" \/>\n\t<meta name=\"twitter:data1\" content=\"1\u00a0Minute\" \/>\n<script type=\"application\/ld+json\" class=\"yoast-schema-graph\">{\"@context\":\"https:\\\/\\\/schema.org\",\"@graph\":[{\"@type\":\"WebPage\",\"@id\":\"https:\\\/\\\/www.holy-supps.nl\\\/product\\\/barebells-protein-bar-triple-pack\\\/\",\"url\":\"https:\\\/\\\/www.holy-supps.nl\\\/product\\\/barebells-protein-bar-triple-pack\\\/\",\"name\":\"Barebells Protein bar - Triple pack - Holy-Supps.nl\",\"isPartOf\":{\"@id\":\"https:\\\/\\\/www.holy-supps.nl\\\/#website\"},\"primaryImageOfPage\":{\"@id\":\"https:\\\/\\\/www.holy-supps.nl\\\/product\\\/barebells-protein-bar-triple-pack\\\/#primaryimage\"},\"image\":{\"@id\":\"https:\\\/\\\/www.holy-supps.nl\\\/product\\\/barebells-protein-bar-triple-pack\\\/#primaryimage\"},\"thumbnailUrl\":\"https:\\\/\\\/www.holy-supps.nl\\\/wp-content\\\/uploads\\\/2024\\\/11\\\/BB-CC.jpeg\",\"datePublished\":\"2024-11-29T10:39:42+00:00\",\"dateModified\":\"2025-10-15T20:02:12+00:00\",\"breadcrumb\":{\"@id\":\"https:\\\/\\\/www.holy-supps.nl\\\/product\\\/barebells-protein-bar-triple-pack\\\/#breadcrumb\"},\"inLanguage\":\"de\",\"potentialAction\":[{\"@type\":\"ReadAction\",\"target\":[\"https:\\\/\\\/www.holy-supps.nl\\\/product\\\/barebells-protein-bar-triple-pack\\\/\"]}]},{\"@type\":\"ImageObject\",\"inLanguage\":\"de\",\"@id\":\"https:\\\/\\\/www.holy-supps.nl\\\/product\\\/barebells-protein-bar-triple-pack\\\/#primaryimage\",\"url\":\"https:\\\/\\\/www.holy-supps.nl\\\/wp-content\\\/uploads\\\/2024\\\/11\\\/BB-CC.jpeg\",\"contentUrl\":\"https:\\\/\\\/www.holy-supps.nl\\\/wp-content\\\/uploads\\\/2024\\\/11\\\/BB-CC.jpeg\",\"width\":800,\"height\":800},{\"@type\":\"BreadcrumbList\",\"@id\":\"https:\\\/\\\/www.holy-supps.nl\\\/product\\\/barebells-protein-bar-triple-pack\\\/#breadcrumb\",\"itemListElement\":[{\"@type\":\"ListItem\",\"position\":1,\"name\":\"Home\",\"item\":\"https:\\\/\\\/www.holy-supps.nl\\\/\"},{\"@type\":\"ListItem\",\"position\":2,\"name\":\"Winkel\",\"item\":\"https:\\\/\\\/www.holy-supps.nl\\\/winkel\\\/\"},{\"@type\":\"ListItem\",\"position\":3,\"name\":\"Barebells Protein bar &#8211; Triple pack\"}]},{\"@type\":\"WebSite\",\"@id\":\"https:\\\/\\\/www.holy-supps.nl\\\/#website\",\"url\":\"https:\\\/\\\/www.holy-supps.nl\\\/\",\"name\":\"Holy-Supps.nl\",\"description\":\"Official EHPLabs Reseller!\",\"publisher\":{\"@id\":\"https:\\\/\\\/www.holy-supps.nl\\\/#organization\"},\"potentialAction\":[{\"@type\":\"SearchAction\",\"target\":{\"@type\":\"EntryPoint\",\"urlTemplate\":\"https:\\\/\\\/www.holy-supps.nl\\\/?s={search_term_string}\"},\"query-input\":{\"@type\":\"PropertyValueSpecification\",\"valueRequired\":true,\"valueName\":\"search_term_string\"}}],\"inLanguage\":\"de\"},{\"@type\":\"Organization\",\"@id\":\"https:\\\/\\\/www.holy-supps.nl\\\/#organization\",\"name\":\"Holy Supps\",\"url\":\"https:\\\/\\\/www.holy-supps.nl\\\/\",\"logo\":{\"@type\":\"ImageObject\",\"inLanguage\":\"de\",\"@id\":\"https:\\\/\\\/www.holy-supps.nl\\\/#\\\/schema\\\/logo\\\/image\\\/\",\"url\":\"https:\\\/\\\/www.holy-supps.nl\\\/wp-content\\\/uploads\\\/2023\\\/06\\\/HOLY-SUPPS.png\",\"contentUrl\":\"https:\\\/\\\/www.holy-supps.nl\\\/wp-content\\\/uploads\\\/2023\\\/06\\\/HOLY-SUPPS.png\",\"width\":1000,\"height\":400,\"caption\":\"Holy Supps\"},\"image\":{\"@id\":\"https:\\\/\\\/www.holy-supps.nl\\\/#\\\/schema\\\/logo\\\/image\\\/\"},\"sameAs\":[\"https:\\\/\\\/www.facebook.com\\\/holy.supps\",\"https:\\\/\\\/www.instagram.com\\\/holy.supps.shop\\\/\"]}]}<\/script>\n<!-- \/ Yoast SEO plugin. -->","yoast_head_json":{"title":"Barebells Proteinriegel - Dreierpack - Holy-Supps.de","robots":{"index":"index","follow":"follow","max-snippet":"max-snippet:-1","max-image-preview":"max-image-preview:large","max-video-preview":"max-video-preview:-1"},"canonical":"https:\/\/www.holy-supps.nl\/de\/produkt\/barebells-protein-bar-triple-pack\/","og_locale":"de_DE","og_type":"article","og_title":"Barebells Protein bar - Triple pack - Holy-Supps.nl","og_description":"PICK &amp; MIX je favoriete smaak! 100% Barebellicious \u2013 verkrijgbaar in zeven ongelooflijke smaken. Barebells eiwitrepen zijn gemaakt om je smaakpapillen te verbazen! Allemaal zonder toegevoegde suikers, 20 gram eiwit en zonder concessies te doen aan de smaak. Graag gedaan!","og_url":"https:\/\/www.holy-supps.nl\/de\/produkt\/barebells-protein-bar-triple-pack\/","og_site_name":"Holy-Supps.nl","article_publisher":"https:\/\/www.facebook.com\/holy.supps","article_modified_time":"2025-10-15T20:02:12+00:00","og_image":[{"width":800,"height":800,"url":"https:\/\/www.holy-supps.nl\/wp-content\/uploads\/2024\/11\/BB-CC.jpeg","type":"image\/jpeg"}],"twitter_card":"summary_large_image","twitter_misc":{"Gesch\u00e4tzte Lesezeit":"1\u00a0Minute"},"schema":{"@context":"https:\/\/schema.org","@graph":[{"@type":"WebPage","@id":"https:\/\/www.holy-supps.nl\/product\/barebells-protein-bar-triple-pack\/","url":"https:\/\/www.holy-supps.nl\/product\/barebells-protein-bar-triple-pack\/","name":"Barebells Proteinriegel - Dreierpack - Holy-Supps.de","isPartOf":{"@id":"https:\/\/www.holy-supps.nl\/#website"},"primaryImageOfPage":{"@id":"https:\/\/www.holy-supps.nl\/product\/barebells-protein-bar-triple-pack\/#primaryimage"},"image":{"@id":"https:\/\/www.holy-supps.nl\/product\/barebells-protein-bar-triple-pack\/#primaryimage"},"thumbnailUrl":"https:\/\/www.holy-supps.nl\/wp-content\/uploads\/2024\/11\/BB-CC.jpeg","datePublished":"2024-11-29T10:39:42+00:00","dateModified":"2025-10-15T20:02:12+00:00","breadcrumb":{"@id":"https:\/\/www.holy-supps.nl\/product\/barebells-protein-bar-triple-pack\/#breadcrumb"},"inLanguage":"de","potentialAction":[{"@type":"ReadAction","target":["https:\/\/www.holy-supps.nl\/product\/barebells-protein-bar-triple-pack\/"]}]},{"@type":"ImageObject","inLanguage":"de","@id":"https:\/\/www.holy-supps.nl\/product\/barebells-protein-bar-triple-pack\/#primaryimage","url":"https:\/\/www.holy-supps.nl\/wp-content\/uploads\/2024\/11\/BB-CC.jpeg","contentUrl":"https:\/\/www.holy-supps.nl\/wp-content\/uploads\/2024\/11\/BB-CC.jpeg","width":800,"height":800},{"@type":"BreadcrumbList","@id":"https:\/\/www.holy-supps.nl\/product\/barebells-protein-bar-triple-pack\/#breadcrumb","itemListElement":[{"@type":"ListItem","position":1,"name":"Home","item":"https:\/\/www.holy-supps.nl\/"},{"@type":"ListItem","position":2,"name":"Winkel","item":"https:\/\/www.holy-supps.nl\/winkel\/"},{"@type":"ListItem","position":3,"name":"Barebells Protein bar &#8211; Triple pack"}]},{"@type":"WebSite","@id":"https:\/\/www.holy-supps.nl\/#website","url":"https:\/\/www.holy-supps.nl\/","name":"Holy-Supps.co.uk","description":"Offizieller EHPLabs-H\u00e4ndler!","publisher":{"@id":"https:\/\/www.holy-supps.nl\/#organization"},"potentialAction":[{"@type":"SearchAction","target":{"@type":"EntryPoint","urlTemplate":"https:\/\/www.holy-supps.nl\/?s={search_term_string}"},"query-input":{"@type":"PropertyValueSpecification","valueRequired":true,"valueName":"search_term_string"}}],"inLanguage":"de"},{"@type":"Organization","@id":"https:\/\/www.holy-supps.nl\/#organization","name":"Heiliges Abendmahl","url":"https:\/\/www.holy-supps.nl\/","logo":{"@type":"ImageObject","inLanguage":"de","@id":"https:\/\/www.holy-supps.nl\/#\/schema\/logo\/image\/","url":"https:\/\/www.holy-supps.nl\/wp-content\/uploads\/2023\/06\/HOLY-SUPPS.png","contentUrl":"https:\/\/www.holy-supps.nl\/wp-content\/uploads\/2023\/06\/HOLY-SUPPS.png","width":1000,"height":400,"caption":"Holy Supps"},"image":{"@id":"https:\/\/www.holy-supps.nl\/#\/schema\/logo\/image\/"},"sameAs":["https:\/\/www.facebook.com\/holy.supps","https:\/\/www.instagram.com\/holy.supps.shop\/"]}]}},"jetpack_sharing_enabled":true,"_links":{"self":[{"href":"https:\/\/www.holy-supps.nl\/de\/wp-json\/wp\/v2\/product\/3342","targetHints":{"allow":["GET"]}}],"collection":[{"href":"https:\/\/www.holy-supps.nl\/de\/wp-json\/wp\/v2\/product"}],"about":[{"href":"https:\/\/www.holy-supps.nl\/de\/wp-json\/wp\/v2\/types\/product"}],"replies":[{"embeddable":true,"href":"https:\/\/www.holy-supps.nl\/de\/wp-json\/wp\/v2\/comments?post=3342"}],"wp:featuredmedia":[{"embeddable":true,"href":"https:\/\/www.holy-supps.nl\/de\/wp-json\/wp\/v2\/media\/3328"}],"wp:attachment":[{"href":"https:\/\/www.holy-supps.nl\/de\/wp-json\/wp\/v2\/media?parent=3342"}],"wp:term":[{"taxonomy":"product_brand","embeddable":true,"href":"https:\/\/www.holy-supps.nl\/de\/wp-json\/wp\/v2\/product_brand?post=3342"},{"taxonomy":"product_cat","embeddable":true,"href":"https:\/\/www.holy-supps.nl\/de\/wp-json\/wp\/v2\/product_cat?post=3342"},{"taxonomy":"product_tag","embeddable":true,"href":"https:\/\/www.holy-supps.nl\/de\/wp-json\/wp\/v2\/product_tag?post=3342"}],"curies":[{"name":"wp","href":"https:\/\/api.w.org\/{rel}","templated":true}]}}