{"id":280,"date":"2023-03-06T14:57:03","date_gmt":"2023-03-06T13:57:03","guid":{"rendered":"https:\/\/www.holy-supps.nl\/?post_type=product&#038;p=280"},"modified":"2025-08-26T16:29:38","modified_gmt":"2025-08-26T14:29:38","slug":"280","status":"publish","type":"product","link":"https:\/\/www.holy-supps.nl\/de\/product\/280\/","title":{"rendered":"OXYREM f\u00fcr Frauen - Deep Sleep Fat Burner - EHP Labs"},"content":{"rendered":"<p>Jede OxyRem-Kapsel enth\u00e4lt eine sorgf\u00e4ltig zusammengestellte Mischung aus Melatonin, GABA und Zink, kombiniert mit Chrom, Himbeerketon, L-Theanin, Vitamin B6 und Bananenblattextrakt. Diese Formel wurde zur Unterst\u00fctzung am Abend und in der Nacht entwickelt, mit Inhaltsstoffen, die h\u00e4ufig f\u00fcr Entspannung, Ausgeglichenheit und einen gesunden Lebensstil gew\u00e4hlt werden.<\/p>\n<h2>FEATURES<\/h2>\n<p>- Enth\u00e4lt Melatonin, GABA und Zink<br \/>\n- Nicht-stimulierende Formel f\u00fcr die Anwendung am Abend<br \/>\n- Mit Chrom, Himbeer-Ketonen und L-Theanin<br \/>\n- Enth\u00e4lt Vitamin B6 und Bananenblattextrakt<br \/>\n- Entwickelt, um einen ausgewogenen Lebensstil zu erg\u00e4nzen<\/p>\n<h2>DOSIERUNG<\/h2>\n<p>Als Nahrungserg\u00e4nzungsmittel, nehmen Sie zwei (2) Kapseln 30 Minuten vor dem Schlafengehen oder wie empfohlen.<\/p>","protected":false},"excerpt":{"rendered":"<h2 class=\"product-description__title\">3-IN-1-NACHTFORMEL<\/h2>\n<p>OxyRem Night Formula for Women ist ein nicht-stimulierendes Erg\u00e4nzungsmittel, das f\u00fcr die Einnahme am Abend entwickelt wurde. Seine einzigartige Mischung von Inhaltsstoffen macht es zu einer beliebten Wahl bei Frauen, die ihre Abendroutine unterst\u00fctzen wollen. Das Produkt vereint drei Funktionen in einer Formel und kann problemlos kurz vor dem Schlafengehen eingenommen werden.<\/p>","protected":false},"featured_media":603,"comment_status":"open","ping_status":"closed","template":"","meta":[],"product_brand":[],"product_cat":[89,69,80,72,74,71],"product_tag":[],"class_list":{"0":"post-280","1":"product","2":"type-product","3":"status-publish","4":"has-post-thumbnail","6":"product_cat-afvallen","7":"product_cat-burners","8":"product_cat-doel","9":"product_cat-ehplabs","10":"product_cat-health-wellness","11":"product_cat-merken","13":"first","14":"outofstock","15":"taxable","16":"shipping-taxable","17":"purchasable","18":"product-type-simple"},"yoast_head":"<!-- This site is optimized with the Yoast SEO plugin v27.5 - https:\/\/yoast.com\/product\/yoast-seo-wordpress\/ -->\n<title>OXYREM for Women - Deep Sleep Fat Burner - EHP Labs - Holy-Supps.nl<\/title>\n<meta name=\"description\" content=\"OXYREM for Women van EHPLabs bevordert diepe REM-slaap, reguleert hormonen en ondersteunt vetverbranding terwijl je slaapt. Verhoog herstel en balans!\" \/>\n<meta name=\"robots\" content=\"index, follow, max-snippet:-1, max-image-preview:large, max-video-preview:-1\" \/>\n<link rel=\"canonical\" href=\"https:\/\/www.holy-supps.nl\/de\/produkt\/280\/\" \/>\n<meta property=\"og:locale\" content=\"de_DE\" \/>\n<meta property=\"og:type\" content=\"article\" \/>\n<meta property=\"og:title\" content=\"OXYREM for Women - Deep Sleep Fat Burner - EHP Labs - Holy-Supps.nl\" \/>\n<meta property=\"og:description\" content=\"OXYREM for Women van EHPLabs bevordert diepe REM-slaap, reguleert hormonen en ondersteunt vetverbranding terwijl je slaapt. Verhoog herstel en balans!\" \/>\n<meta property=\"og:url\" content=\"https:\/\/www.holy-supps.nl\/de\/produkt\/280\/\" \/>\n<meta property=\"og:site_name\" content=\"Holy-Supps.nl\" \/>\n<meta property=\"article:publisher\" content=\"https:\/\/www.facebook.com\/holy.supps\" \/>\n<meta property=\"article:modified_time\" content=\"2025-08-26T14:29:38+00:00\" \/>\n<meta property=\"og:image\" content=\"https:\/\/www.holy-supps.nl\/wp-content\/uploads\/2023\/03\/PIL-REMF3.webp\" \/>\n\t<meta property=\"og:image:width\" content=\"1000\" \/>\n\t<meta property=\"og:image:height\" content=\"1000\" \/>\n\t<meta property=\"og:image:type\" content=\"image\/webp\" \/>\n<meta name=\"twitter:card\" content=\"summary_large_image\" \/>\n<meta name=\"twitter:label1\" content=\"Gesch\u00e4tzte Lesezeit\" \/>\n\t<meta name=\"twitter:data1\" content=\"1\u00a0Minute\" \/>\n<script type=\"application\/ld+json\" class=\"yoast-schema-graph\">{\"@context\":\"https:\\\/\\\/schema.org\",\"@graph\":[{\"@type\":\"WebPage\",\"@id\":\"https:\\\/\\\/www.holy-supps.nl\\\/product\\\/280\\\/\",\"url\":\"https:\\\/\\\/www.holy-supps.nl\\\/product\\\/280\\\/\",\"name\":\"OXYREM for Women - Deep Sleep Fat Burner - EHP Labs - Holy-Supps.nl\",\"isPartOf\":{\"@id\":\"https:\\\/\\\/www.holy-supps.nl\\\/#website\"},\"primaryImageOfPage\":{\"@id\":\"https:\\\/\\\/www.holy-supps.nl\\\/product\\\/280\\\/#primaryimage\"},\"image\":{\"@id\":\"https:\\\/\\\/www.holy-supps.nl\\\/product\\\/280\\\/#primaryimage\"},\"thumbnailUrl\":\"https:\\\/\\\/www.holy-supps.nl\\\/wp-content\\\/uploads\\\/2023\\\/03\\\/PIL-REMF3.webp\",\"datePublished\":\"2023-03-06T13:57:03+00:00\",\"dateModified\":\"2025-08-26T14:29:38+00:00\",\"description\":\"OXYREM for Women van EHPLabs bevordert diepe REM-slaap, reguleert hormonen en ondersteunt vetverbranding terwijl je slaapt. Verhoog herstel en balans!\",\"breadcrumb\":{\"@id\":\"https:\\\/\\\/www.holy-supps.nl\\\/product\\\/280\\\/#breadcrumb\"},\"inLanguage\":\"de\",\"potentialAction\":[{\"@type\":\"ReadAction\",\"target\":[\"https:\\\/\\\/www.holy-supps.nl\\\/product\\\/280\\\/\"]}]},{\"@type\":\"ImageObject\",\"inLanguage\":\"de\",\"@id\":\"https:\\\/\\\/www.holy-supps.nl\\\/product\\\/280\\\/#primaryimage\",\"url\":\"https:\\\/\\\/www.holy-supps.nl\\\/wp-content\\\/uploads\\\/2023\\\/03\\\/PIL-REMF3.webp\",\"contentUrl\":\"https:\\\/\\\/www.holy-supps.nl\\\/wp-content\\\/uploads\\\/2023\\\/03\\\/PIL-REMF3.webp\",\"width\":1000,\"height\":1000},{\"@type\":\"BreadcrumbList\",\"@id\":\"https:\\\/\\\/www.holy-supps.nl\\\/product\\\/280\\\/#breadcrumb\",\"itemListElement\":[{\"@type\":\"ListItem\",\"position\":1,\"name\":\"Home\",\"item\":\"https:\\\/\\\/www.holy-supps.nl\\\/\"},{\"@type\":\"ListItem\",\"position\":2,\"name\":\"Winkel\",\"item\":\"https:\\\/\\\/www.holy-supps.nl\\\/winkel\\\/\"},{\"@type\":\"ListItem\",\"position\":3,\"name\":\"OXYREM for Women &#8211; Deep Sleep Fat Burner &#8211; EHP Labs\"}]},{\"@type\":\"WebSite\",\"@id\":\"https:\\\/\\\/www.holy-supps.nl\\\/#website\",\"url\":\"https:\\\/\\\/www.holy-supps.nl\\\/\",\"name\":\"Holy-Supps.nl\",\"description\":\"Official EHPLabs Reseller!\",\"publisher\":{\"@id\":\"https:\\\/\\\/www.holy-supps.nl\\\/#organization\"},\"potentialAction\":[{\"@type\":\"SearchAction\",\"target\":{\"@type\":\"EntryPoint\",\"urlTemplate\":\"https:\\\/\\\/www.holy-supps.nl\\\/?s={search_term_string}\"},\"query-input\":{\"@type\":\"PropertyValueSpecification\",\"valueRequired\":true,\"valueName\":\"search_term_string\"}}],\"inLanguage\":\"de\"},{\"@type\":\"Organization\",\"@id\":\"https:\\\/\\\/www.holy-supps.nl\\\/#organization\",\"name\":\"Holy Supps\",\"url\":\"https:\\\/\\\/www.holy-supps.nl\\\/\",\"logo\":{\"@type\":\"ImageObject\",\"inLanguage\":\"de\",\"@id\":\"https:\\\/\\\/www.holy-supps.nl\\\/#\\\/schema\\\/logo\\\/image\\\/\",\"url\":\"https:\\\/\\\/www.holy-supps.nl\\\/wp-content\\\/uploads\\\/2023\\\/06\\\/HOLY-SUPPS.png\",\"contentUrl\":\"https:\\\/\\\/www.holy-supps.nl\\\/wp-content\\\/uploads\\\/2023\\\/06\\\/HOLY-SUPPS.png\",\"width\":1000,\"height\":400,\"caption\":\"Holy Supps\"},\"image\":{\"@id\":\"https:\\\/\\\/www.holy-supps.nl\\\/#\\\/schema\\\/logo\\\/image\\\/\"},\"sameAs\":[\"https:\\\/\\\/www.facebook.com\\\/holy.supps\",\"https:\\\/\\\/www.instagram.com\\\/holy.supps.shop\\\/\"]}]}<\/script>\n<!-- \/ Yoast SEO plugin. -->","yoast_head_json":{"title":"OXYREM f\u00fcr Frauen - Deep Sleep Fat Burner - EHP Labs - Holy-Supps.com","description":"OXYREM for Women von EHPLabs f\u00f6rdert den tiefen REM-Schlaf, reguliert die Hormone und unterst\u00fctzt die Fettverbrennung im Schlaf. Erh\u00f6hen Sie die Erholung und das Gleichgewicht!","robots":{"index":"index","follow":"follow","max-snippet":"max-snippet:-1","max-image-preview":"max-image-preview:large","max-video-preview":"max-video-preview:-1"},"canonical":"https:\/\/www.holy-supps.nl\/de\/produkt\/280\/","og_locale":"de_DE","og_type":"article","og_title":"OXYREM for Women - Deep Sleep Fat Burner - EHP Labs - Holy-Supps.nl","og_description":"OXYREM for Women van EHPLabs bevordert diepe REM-slaap, reguleert hormonen en ondersteunt vetverbranding terwijl je slaapt. Verhoog herstel en balans!","og_url":"https:\/\/www.holy-supps.nl\/de\/produkt\/280\/","og_site_name":"Holy-Supps.nl","article_publisher":"https:\/\/www.facebook.com\/holy.supps","article_modified_time":"2025-08-26T14:29:38+00:00","og_image":[{"width":1000,"height":1000,"url":"https:\/\/www.holy-supps.nl\/wp-content\/uploads\/2023\/03\/PIL-REMF3.webp","type":"image\/webp"}],"twitter_card":"summary_large_image","twitter_misc":{"Gesch\u00e4tzte Lesezeit":"1\u00a0Minute"},"schema":{"@context":"https:\/\/schema.org","@graph":[{"@type":"WebPage","@id":"https:\/\/www.holy-supps.nl\/product\/280\/","url":"https:\/\/www.holy-supps.nl\/product\/280\/","name":"OXYREM f\u00fcr Frauen - Deep Sleep Fat Burner - EHP Labs - Holy-Supps.com","isPartOf":{"@id":"https:\/\/www.holy-supps.nl\/#website"},"primaryImageOfPage":{"@id":"https:\/\/www.holy-supps.nl\/product\/280\/#primaryimage"},"image":{"@id":"https:\/\/www.holy-supps.nl\/product\/280\/#primaryimage"},"thumbnailUrl":"https:\/\/www.holy-supps.nl\/wp-content\/uploads\/2023\/03\/PIL-REMF3.webp","datePublished":"2023-03-06T13:57:03+00:00","dateModified":"2025-08-26T14:29:38+00:00","description":"OXYREM for Women von EHPLabs f\u00f6rdert den tiefen REM-Schlaf, reguliert die Hormone und unterst\u00fctzt die Fettverbrennung im Schlaf. Erh\u00f6hen Sie die Erholung und das Gleichgewicht!","breadcrumb":{"@id":"https:\/\/www.holy-supps.nl\/product\/280\/#breadcrumb"},"inLanguage":"de","potentialAction":[{"@type":"ReadAction","target":["https:\/\/www.holy-supps.nl\/product\/280\/"]}]},{"@type":"ImageObject","inLanguage":"de","@id":"https:\/\/www.holy-supps.nl\/product\/280\/#primaryimage","url":"https:\/\/www.holy-supps.nl\/wp-content\/uploads\/2023\/03\/PIL-REMF3.webp","contentUrl":"https:\/\/www.holy-supps.nl\/wp-content\/uploads\/2023\/03\/PIL-REMF3.webp","width":1000,"height":1000},{"@type":"BreadcrumbList","@id":"https:\/\/www.holy-supps.nl\/product\/280\/#breadcrumb","itemListElement":[{"@type":"ListItem","position":1,"name":"Home","item":"https:\/\/www.holy-supps.nl\/"},{"@type":"ListItem","position":2,"name":"Winkel","item":"https:\/\/www.holy-supps.nl\/winkel\/"},{"@type":"ListItem","position":3,"name":"OXYREM for Women &#8211; Deep Sleep Fat Burner &#8211; EHP Labs"}]},{"@type":"WebSite","@id":"https:\/\/www.holy-supps.nl\/#website","url":"https:\/\/www.holy-supps.nl\/","name":"Holy-Supps.co.uk","description":"Offizieller EHPLabs-H\u00e4ndler!","publisher":{"@id":"https:\/\/www.holy-supps.nl\/#organization"},"potentialAction":[{"@type":"SearchAction","target":{"@type":"EntryPoint","urlTemplate":"https:\/\/www.holy-supps.nl\/?s={search_term_string}"},"query-input":{"@type":"PropertyValueSpecification","valueRequired":true,"valueName":"search_term_string"}}],"inLanguage":"de"},{"@type":"Organization","@id":"https:\/\/www.holy-supps.nl\/#organization","name":"Heiliges Abendmahl","url":"https:\/\/www.holy-supps.nl\/","logo":{"@type":"ImageObject","inLanguage":"de","@id":"https:\/\/www.holy-supps.nl\/#\/schema\/logo\/image\/","url":"https:\/\/www.holy-supps.nl\/wp-content\/uploads\/2023\/06\/HOLY-SUPPS.png","contentUrl":"https:\/\/www.holy-supps.nl\/wp-content\/uploads\/2023\/06\/HOLY-SUPPS.png","width":1000,"height":400,"caption":"Holy Supps"},"image":{"@id":"https:\/\/www.holy-supps.nl\/#\/schema\/logo\/image\/"},"sameAs":["https:\/\/www.facebook.com\/holy.supps","https:\/\/www.instagram.com\/holy.supps.shop\/"]}]}},"jetpack_sharing_enabled":true,"_links":{"self":[{"href":"https:\/\/www.holy-supps.nl\/de\/wp-json\/wp\/v2\/product\/280","targetHints":{"allow":["GET"]}}],"collection":[{"href":"https:\/\/www.holy-supps.nl\/de\/wp-json\/wp\/v2\/product"}],"about":[{"href":"https:\/\/www.holy-supps.nl\/de\/wp-json\/wp\/v2\/types\/product"}],"replies":[{"embeddable":true,"href":"https:\/\/www.holy-supps.nl\/de\/wp-json\/wp\/v2\/comments?post=280"}],"wp:featuredmedia":[{"embeddable":true,"href":"https:\/\/www.holy-supps.nl\/de\/wp-json\/wp\/v2\/media\/603"}],"wp:attachment":[{"href":"https:\/\/www.holy-supps.nl\/de\/wp-json\/wp\/v2\/media?parent=280"}],"wp:term":[{"taxonomy":"product_brand","embeddable":true,"href":"https:\/\/www.holy-supps.nl\/de\/wp-json\/wp\/v2\/product_brand?post=280"},{"taxonomy":"product_cat","embeddable":true,"href":"https:\/\/www.holy-supps.nl\/de\/wp-json\/wp\/v2\/product_cat?post=280"},{"taxonomy":"product_tag","embeddable":true,"href":"https:\/\/www.holy-supps.nl\/de\/wp-json\/wp\/v2\/product_tag?post=280"}],"curies":[{"name":"wp","href":"https:\/\/api.w.org\/{rel}","templated":true}]}}