{"id":2772,"date":"2024-07-26T15:38:21","date_gmt":"2024-07-26T13:38:21","guid":{"rendered":"https:\/\/www.holy-supps.nl\/?post_type=product&#038;p=2772"},"modified":"2025-09-14T23:02:39","modified_gmt":"2025-09-14T21:02:39","slug":"musclemeds-nitrolift-pre-workout-500gr","status":"publish","type":"product","link":"https:\/\/www.holy-supps.nl\/de\/product\/musclemeds-nitrolift-pre-workout-500gr\/","title":{"rendered":"Musclemeds - Nitrolift Pre Workout (500gr)"},"content":{"rendered":"<h2>BRINGEN SIE IHRE KRAFT UND LEISTUNG AUF DIE N\u00c4CHSTE STUFE<\/h2>\n<p>Wenn Sie ein kraftorientierter Athlet sind, ist NITRO LIFT\u2122 alles, was Sie von einer Pre-Workout-Formel erwarten und mehr. Speziell formuliert f\u00fcr jeden, der mit dem Schwerpunkt trainiert auf <strong>St\u00e4rke und Kraft<\/strong>.  <\/p>\n<h2>LEISTUNGSSTARKE FORMEL<\/h2>\n<p>Das Herzst\u00fcck von MuscleMeds\u2019 NITRO LIFT ist eine Kombination aus Kreatin und ElevATP, mit zus\u00e4tzlichen Co-Faktoren wie Betain und Niacin. Zusammen bildet dies eine leistungsstarke Pre-Workout-Mischung, die ideal f\u00fcr intensive Trainingseinheiten ist.  <\/p>\n<h2>AUSGEWOGENE ZUSAMMENSETZUNG<\/h2>\n<p>NITRO LIFT enth\u00e4lt 5 g Kreatin, 175 mg ElevATP, 2 g Betain und 3,2 g Beta-Alanin pro Portion. Diese Kombination ist sorgf\u00e4ltig dosiert f\u00fcr ein kraftvolles und komplettes Pre-Workout-Erlebnis.  <\/p>\n<h2>KONZENTRATION UND TATKRAFT<\/h2>\n<p>NITRO LIFT enth\u00e4lt Inhaltsstoffe wie Macuna pruriens (50% L-Dopa), DMAE und Koffein. Diese Kombination macht die Formel geeignet f\u00fcr jeden, der zus\u00e4tzliche Energie und Fokus w\u00e4hrend des Trainings erleben will.  <\/p>\n<h2>INTENSIVES PUMPERLEBNIS<\/h2>\n<p>Die Mischung aus 3 g Citrullin und 3 g Arginin im Verh\u00e4ltnis 1:1, erg\u00e4nzt durch Pinienrindenextrakt, macht NITRO LIFT zu einem kompletten Pre-Workout f\u00fcr Athleten, die intensive Pump-Sessions anstreben.  <\/p>\n<h2>FLEXIBLE DOSIERUNG<\/h2>\n<p>Da jeder Sportler anders ist, wurde NITRO LIFT mit der Option entwickelt, eine Portion von 1 oder 2 Messl\u00f6ffeln zu w\u00e4hlen - abgestimmt auf Ihre pers\u00f6nlichen Vorlieben, Ihr Ziel und Ihre Trainingsintensit\u00e4t.  <\/p>\n<p><strong>NITRO LIFT\u2122 - f\u00fcr ernsthafte Sportler, die nur das Beste aus ihrem Training herausholen wollen.<\/strong><\/p>","protected":false},"excerpt":{"rendered":"<p>Wenn Sie ein kraftorientierter Athlet sind, ist NITRO LIFT\u2122 alles, was Sie von einer Pre-Workout-Formel erwarten. Speziell entwickelt f\u00fcr alle, die sich auf Folgendes konzentrieren <strong>ST\u00c4RKE UND KRAFT<\/strong> - NITRO LIFT\u2122 ist die erste Wahl f\u00fcr Sportler, die das Beste aus ihrem Training herausholen wollen.<\/p>","protected":false},"featured_media":2777,"comment_status":"open","ping_status":"closed","template":"","meta":[],"product_brand":[],"product_cat":[212,77,80,87,171,68,81],"product_tag":[],"class_list":{"0":"post-2772","1":"product","2":"type-product","3":"status-publish","4":"has-post-thumbnail","6":"product_cat-bestsellers","7":"product_cat-bundles-save","8":"product_cat-doel","9":"product_cat-energie-focus","10":"product_cat-musclemeds","11":"product_cat-pre-workout","12":"product_cat-spieropbouw","14":"first","15":"outofstock","16":"sale","17":"taxable","18":"shipping-taxable","19":"purchasable","20":"product-type-variable"},"yoast_head":"<!-- This site is optimized with the Yoast SEO plugin v27.4 - https:\/\/yoast.com\/product\/yoast-seo-wordpress\/ -->\n<title>Musclemeds - Nitrolift Pre Workout (500gr) - Holy-Supps.nl<\/title>\n<meta name=\"description\" content=\"Verhoog je kracht en prestaties met Musclemeds Nitrolift Pre Workout. Klinisch gedoseerd voor extreme energie, focus en spierkracht. Perfect voor serieuze atleten!\" \/>\n<meta name=\"robots\" content=\"index, follow, max-snippet:-1, max-image-preview:large, max-video-preview:-1\" \/>\n<link rel=\"canonical\" href=\"https:\/\/www.holy-supps.nl\/de\/produkt\/musclemeds-nitrolift-pre-workout-500gr\/\" \/>\n<meta property=\"og:locale\" content=\"de_DE\" \/>\n<meta property=\"og:type\" content=\"article\" \/>\n<meta property=\"og:title\" content=\"Musclemeds - Nitrolift Pre Workout (500gr) - Holy-Supps.nl\" \/>\n<meta property=\"og:description\" content=\"Verhoog je kracht en prestaties met Musclemeds Nitrolift Pre Workout. Klinisch gedoseerd voor extreme energie, focus en spierkracht. Perfect voor serieuze atleten!\" \/>\n<meta property=\"og:url\" content=\"https:\/\/www.holy-supps.nl\/de\/produkt\/musclemeds-nitrolift-pre-workout-500gr\/\" \/>\n<meta property=\"og:site_name\" content=\"Holy-Supps.nl\" \/>\n<meta property=\"article:publisher\" content=\"https:\/\/www.facebook.com\/holy.supps\" \/>\n<meta property=\"article:modified_time\" content=\"2025-09-14T21:02:39+00:00\" \/>\n<meta property=\"og:image\" content=\"https:\/\/www.holy-supps.nl\/wp-content\/uploads\/2024\/07\/MM_nitrolift_render_Front_CHERRYLIME-243691_1300x.webp\" \/>\n\t<meta property=\"og:image:width\" content=\"1300\" \/>\n\t<meta property=\"og:image:height\" content=\"1300\" \/>\n\t<meta property=\"og:image:type\" content=\"image\/webp\" \/>\n<meta name=\"twitter:card\" content=\"summary_large_image\" \/>\n<meta name=\"twitter:label1\" content=\"Gesch\u00e4tzte Lesezeit\" \/>\n\t<meta name=\"twitter:data1\" content=\"4\u00a0Minuten\" \/>\n<script type=\"application\/ld+json\" class=\"yoast-schema-graph\">{\"@context\":\"https:\\\/\\\/schema.org\",\"@graph\":[{\"@type\":\"WebPage\",\"@id\":\"https:\\\/\\\/www.holy-supps.nl\\\/product\\\/musclemeds-nitrolift-pre-workout-500gr\\\/\",\"url\":\"https:\\\/\\\/www.holy-supps.nl\\\/product\\\/musclemeds-nitrolift-pre-workout-500gr\\\/\",\"name\":\"Musclemeds - Nitrolift Pre Workout (500gr) - Holy-Supps.nl\",\"isPartOf\":{\"@id\":\"https:\\\/\\\/www.holy-supps.nl\\\/#website\"},\"primaryImageOfPage\":{\"@id\":\"https:\\\/\\\/www.holy-supps.nl\\\/product\\\/musclemeds-nitrolift-pre-workout-500gr\\\/#primaryimage\"},\"image\":{\"@id\":\"https:\\\/\\\/www.holy-supps.nl\\\/product\\\/musclemeds-nitrolift-pre-workout-500gr\\\/#primaryimage\"},\"thumbnailUrl\":\"https:\\\/\\\/www.holy-supps.nl\\\/wp-content\\\/uploads\\\/2024\\\/07\\\/MM_nitrolift_render_Front_CHERRYLIME-243691_1300x.webp\",\"datePublished\":\"2024-07-26T13:38:21+00:00\",\"dateModified\":\"2025-09-14T21:02:39+00:00\",\"description\":\"Verhoog je kracht en prestaties met Musclemeds Nitrolift Pre Workout. Klinisch gedoseerd voor extreme energie, focus en spierkracht. Perfect voor serieuze atleten!\",\"breadcrumb\":{\"@id\":\"https:\\\/\\\/www.holy-supps.nl\\\/product\\\/musclemeds-nitrolift-pre-workout-500gr\\\/#breadcrumb\"},\"inLanguage\":\"de\",\"potentialAction\":[{\"@type\":\"ReadAction\",\"target\":[\"https:\\\/\\\/www.holy-supps.nl\\\/product\\\/musclemeds-nitrolift-pre-workout-500gr\\\/\"]}]},{\"@type\":\"ImageObject\",\"inLanguage\":\"de\",\"@id\":\"https:\\\/\\\/www.holy-supps.nl\\\/product\\\/musclemeds-nitrolift-pre-workout-500gr\\\/#primaryimage\",\"url\":\"https:\\\/\\\/www.holy-supps.nl\\\/wp-content\\\/uploads\\\/2024\\\/07\\\/MM_nitrolift_render_Front_CHERRYLIME-243691_1300x.webp\",\"contentUrl\":\"https:\\\/\\\/www.holy-supps.nl\\\/wp-content\\\/uploads\\\/2024\\\/07\\\/MM_nitrolift_render_Front_CHERRYLIME-243691_1300x.webp\",\"width\":1300,\"height\":1300},{\"@type\":\"BreadcrumbList\",\"@id\":\"https:\\\/\\\/www.holy-supps.nl\\\/product\\\/musclemeds-nitrolift-pre-workout-500gr\\\/#breadcrumb\",\"itemListElement\":[{\"@type\":\"ListItem\",\"position\":1,\"name\":\"Home\",\"item\":\"https:\\\/\\\/www.holy-supps.nl\\\/\"},{\"@type\":\"ListItem\",\"position\":2,\"name\":\"Winkel\",\"item\":\"https:\\\/\\\/www.holy-supps.nl\\\/winkel\\\/\"},{\"@type\":\"ListItem\",\"position\":3,\"name\":\"Musclemeds &#8211; Nitrolift Pre Workout (500gr)\"}]},{\"@type\":\"WebSite\",\"@id\":\"https:\\\/\\\/www.holy-supps.nl\\\/#website\",\"url\":\"https:\\\/\\\/www.holy-supps.nl\\\/\",\"name\":\"Holy-Supps.nl\",\"description\":\"Official EHPLabs Reseller!\",\"publisher\":{\"@id\":\"https:\\\/\\\/www.holy-supps.nl\\\/#organization\"},\"potentialAction\":[{\"@type\":\"SearchAction\",\"target\":{\"@type\":\"EntryPoint\",\"urlTemplate\":\"https:\\\/\\\/www.holy-supps.nl\\\/?s={search_term_string}\"},\"query-input\":{\"@type\":\"PropertyValueSpecification\",\"valueRequired\":true,\"valueName\":\"search_term_string\"}}],\"inLanguage\":\"de\"},{\"@type\":\"Organization\",\"@id\":\"https:\\\/\\\/www.holy-supps.nl\\\/#organization\",\"name\":\"Holy Supps\",\"url\":\"https:\\\/\\\/www.holy-supps.nl\\\/\",\"logo\":{\"@type\":\"ImageObject\",\"inLanguage\":\"de\",\"@id\":\"https:\\\/\\\/www.holy-supps.nl\\\/#\\\/schema\\\/logo\\\/image\\\/\",\"url\":\"https:\\\/\\\/www.holy-supps.nl\\\/wp-content\\\/uploads\\\/2023\\\/06\\\/HOLY-SUPPS.png\",\"contentUrl\":\"https:\\\/\\\/www.holy-supps.nl\\\/wp-content\\\/uploads\\\/2023\\\/06\\\/HOLY-SUPPS.png\",\"width\":1000,\"height\":400,\"caption\":\"Holy Supps\"},\"image\":{\"@id\":\"https:\\\/\\\/www.holy-supps.nl\\\/#\\\/schema\\\/logo\\\/image\\\/\"},\"sameAs\":[\"https:\\\/\\\/www.facebook.com\\\/holy.supps\",\"https:\\\/\\\/www.instagram.com\\\/holy.supps.shop\\\/\"]}]}<\/script>\n<!-- \/ Yoast SEO plugin. -->","yoast_head_json":{"title":"Musclemeds - Nitrolift Pre Workout (500gr) - Holy-Supps.de","description":"Steigern Sie Ihre Kraft und Leistung mit Musclemeds Nitrolift Pre Workout. Klinisch dosiert f\u00fcr extreme Energie, Konzentration und Muskelkraft. Perfekt f\u00fcr ernsthafte Athleten!","robots":{"index":"index","follow":"follow","max-snippet":"max-snippet:-1","max-image-preview":"max-image-preview:large","max-video-preview":"max-video-preview:-1"},"canonical":"https:\/\/www.holy-supps.nl\/de\/produkt\/musclemeds-nitrolift-pre-workout-500gr\/","og_locale":"de_DE","og_type":"article","og_title":"Musclemeds - Nitrolift Pre Workout (500gr) - Holy-Supps.nl","og_description":"Verhoog je kracht en prestaties met Musclemeds Nitrolift Pre Workout. Klinisch gedoseerd voor extreme energie, focus en spierkracht. Perfect voor serieuze atleten!","og_url":"https:\/\/www.holy-supps.nl\/de\/produkt\/musclemeds-nitrolift-pre-workout-500gr\/","og_site_name":"Holy-Supps.nl","article_publisher":"https:\/\/www.facebook.com\/holy.supps","article_modified_time":"2025-09-14T21:02:39+00:00","og_image":[{"width":1300,"height":1300,"url":"https:\/\/www.holy-supps.nl\/wp-content\/uploads\/2024\/07\/MM_nitrolift_render_Front_CHERRYLIME-243691_1300x.webp","type":"image\/webp"}],"twitter_card":"summary_large_image","twitter_misc":{"Gesch\u00e4tzte Lesezeit":"4\u00a0Minuten"},"schema":{"@context":"https:\/\/schema.org","@graph":[{"@type":"WebPage","@id":"https:\/\/www.holy-supps.nl\/product\/musclemeds-nitrolift-pre-workout-500gr\/","url":"https:\/\/www.holy-supps.nl\/product\/musclemeds-nitrolift-pre-workout-500gr\/","name":"Musclemeds - Nitrolift Pre Workout (500gr) - Holy-Supps.de","isPartOf":{"@id":"https:\/\/www.holy-supps.nl\/#website"},"primaryImageOfPage":{"@id":"https:\/\/www.holy-supps.nl\/product\/musclemeds-nitrolift-pre-workout-500gr\/#primaryimage"},"image":{"@id":"https:\/\/www.holy-supps.nl\/product\/musclemeds-nitrolift-pre-workout-500gr\/#primaryimage"},"thumbnailUrl":"https:\/\/www.holy-supps.nl\/wp-content\/uploads\/2024\/07\/MM_nitrolift_render_Front_CHERRYLIME-243691_1300x.webp","datePublished":"2024-07-26T13:38:21+00:00","dateModified":"2025-09-14T21:02:39+00:00","description":"Steigern Sie Ihre Kraft und Leistung mit Musclemeds Nitrolift Pre Workout. Klinisch dosiert f\u00fcr extreme Energie, Konzentration und Muskelkraft. Perfekt f\u00fcr ernsthafte Athleten!","breadcrumb":{"@id":"https:\/\/www.holy-supps.nl\/product\/musclemeds-nitrolift-pre-workout-500gr\/#breadcrumb"},"inLanguage":"de","potentialAction":[{"@type":"ReadAction","target":["https:\/\/www.holy-supps.nl\/product\/musclemeds-nitrolift-pre-workout-500gr\/"]}]},{"@type":"ImageObject","inLanguage":"de","@id":"https:\/\/www.holy-supps.nl\/product\/musclemeds-nitrolift-pre-workout-500gr\/#primaryimage","url":"https:\/\/www.holy-supps.nl\/wp-content\/uploads\/2024\/07\/MM_nitrolift_render_Front_CHERRYLIME-243691_1300x.webp","contentUrl":"https:\/\/www.holy-supps.nl\/wp-content\/uploads\/2024\/07\/MM_nitrolift_render_Front_CHERRYLIME-243691_1300x.webp","width":1300,"height":1300},{"@type":"BreadcrumbList","@id":"https:\/\/www.holy-supps.nl\/product\/musclemeds-nitrolift-pre-workout-500gr\/#breadcrumb","itemListElement":[{"@type":"ListItem","position":1,"name":"Home","item":"https:\/\/www.holy-supps.nl\/"},{"@type":"ListItem","position":2,"name":"Winkel","item":"https:\/\/www.holy-supps.nl\/winkel\/"},{"@type":"ListItem","position":3,"name":"Musclemeds &#8211; Nitrolift Pre Workout (500gr)"}]},{"@type":"WebSite","@id":"https:\/\/www.holy-supps.nl\/#website","url":"https:\/\/www.holy-supps.nl\/","name":"Holy-Supps.co.uk","description":"Offizieller EHPLabs-H\u00e4ndler!","publisher":{"@id":"https:\/\/www.holy-supps.nl\/#organization"},"potentialAction":[{"@type":"SearchAction","target":{"@type":"EntryPoint","urlTemplate":"https:\/\/www.holy-supps.nl\/?s={search_term_string}"},"query-input":{"@type":"PropertyValueSpecification","valueRequired":true,"valueName":"search_term_string"}}],"inLanguage":"de"},{"@type":"Organization","@id":"https:\/\/www.holy-supps.nl\/#organization","name":"Heiliges Abendmahl","url":"https:\/\/www.holy-supps.nl\/","logo":{"@type":"ImageObject","inLanguage":"de","@id":"https:\/\/www.holy-supps.nl\/#\/schema\/logo\/image\/","url":"https:\/\/www.holy-supps.nl\/wp-content\/uploads\/2023\/06\/HOLY-SUPPS.png","contentUrl":"https:\/\/www.holy-supps.nl\/wp-content\/uploads\/2023\/06\/HOLY-SUPPS.png","width":1000,"height":400,"caption":"Holy Supps"},"image":{"@id":"https:\/\/www.holy-supps.nl\/#\/schema\/logo\/image\/"},"sameAs":["https:\/\/www.facebook.com\/holy.supps","https:\/\/www.instagram.com\/holy.supps.shop\/"]}]}},"jetpack_sharing_enabled":true,"_links":{"self":[{"href":"https:\/\/www.holy-supps.nl\/de\/wp-json\/wp\/v2\/product\/2772","targetHints":{"allow":["GET"]}}],"collection":[{"href":"https:\/\/www.holy-supps.nl\/de\/wp-json\/wp\/v2\/product"}],"about":[{"href":"https:\/\/www.holy-supps.nl\/de\/wp-json\/wp\/v2\/types\/product"}],"replies":[{"embeddable":true,"href":"https:\/\/www.holy-supps.nl\/de\/wp-json\/wp\/v2\/comments?post=2772"}],"wp:featuredmedia":[{"embeddable":true,"href":"https:\/\/www.holy-supps.nl\/de\/wp-json\/wp\/v2\/media\/2777"}],"wp:attachment":[{"href":"https:\/\/www.holy-supps.nl\/de\/wp-json\/wp\/v2\/media?parent=2772"}],"wp:term":[{"taxonomy":"product_brand","embeddable":true,"href":"https:\/\/www.holy-supps.nl\/de\/wp-json\/wp\/v2\/product_brand?post=2772"},{"taxonomy":"product_cat","embeddable":true,"href":"https:\/\/www.holy-supps.nl\/de\/wp-json\/wp\/v2\/product_cat?post=2772"},{"taxonomy":"product_tag","embeddable":true,"href":"https:\/\/www.holy-supps.nl\/de\/wp-json\/wp\/v2\/product_tag?post=2772"}],"curies":[{"name":"wp","href":"https:\/\/api.w.org\/{rel}","templated":true}]}}