{"id":276,"date":"2023-03-06T14:48:02","date_gmt":"2023-03-06T13:48:02","guid":{"rendered":"https:\/\/www.holy-supps.nl\/?post_type=product&#038;p=276"},"modified":"2025-08-26T16:19:59","modified_gmt":"2025-08-26T14:19:59","slug":"oxyrem-fur-manner-i-tiefschlaf-fettverbrenner-ehp-labs","status":"publish","type":"product","link":"https:\/\/www.holy-supps.nl\/de\/product\/oxyrem-for-men-i-deep-sleep-fat-burner-ehp-labs\/","title":{"rendered":"OXYREM f\u00fcr M\u00e4nner - Deep Sleep Fatburner - EHP Labs"},"content":{"rendered":"<p>OxyRem ist ein n\u00e4chtliches Erg\u00e4nzungsmittel ohne Stimulanzien, das kurz vor dem Schlafengehen eingenommen werden kann. Die Formel besteht aus einer einzigartigen Mischung von Inhaltsstoffen und ist so konzipiert, dass sie eine vielseitige Erg\u00e4nzung Ihrer Abendroutine darstellt.<\/p>\n<p>Jede OxyRem-Kapsel enth\u00e4lt sorgf\u00e4ltig ausgew\u00e4hlte Bestandteile wie Melatonin, GABA und Zink, kombiniert mit Chrom, Himbeerketon, L-Theanin und Alpha-Lipons\u00e4ure. Diese Kombination macht OxyRem zu einem beliebten Produkt innerhalb des Sortiments.<\/p>\n<h2>FEATURES<\/h2>\n<p>- 3-in-1-Formel mit einer einzigartigen Kombination von Inhaltsstoffen<br \/>\n- Nicht stimulierend und daher f\u00fcr den abendlichen Gebrauch geeignet<br \/>\n- Enth\u00e4lt Melatonin, GABA und Zink<br \/>\n- Angereichert mit Chrom, Himbeer-Ketonen, L-Theanin und Alpha-Lipons\u00e4ure<\/p>\n<h2>DOSIERUNG<\/h2>\n<p>Als Nahrungserg\u00e4nzungsmittel, nehmen Sie drei (3) Kapseln 30 Minuten vor dem Schlafengehen, oder wie vom Arzt oder Therapeuten empfohlen.<\/p>","protected":false},"excerpt":{"rendered":"<p>OxyRem Deep Sleep Formula for Men ist ein n\u00e4chtliches 3-in-1-Erg\u00e4nzungsmittel mit einer einzigartigen Zusammensetzung. Die Formel enth\u00e4lt sorgf\u00e4ltig ausgew\u00e4hlte Inhaltsstoffe und ist nicht stimulierend, so dass es f\u00fcr den abendlichen Gebrauch geeignet ist.  <\/p>\n<p>OxyRem wurde mit einer Kombination von Inhaltsstoffen entwickelt, die sich gegenseitig erg\u00e4nzen und zusammen eine vielseitige Erg\u00e4nzung Ihrer Abendroutine bilden.<\/p>","protected":false},"featured_media":602,"comment_status":"open","ping_status":"closed","template":"","meta":[],"product_brand":[],"product_cat":[89,69,80,72,15,74,71],"product_tag":[],"class_list":{"0":"post-276","1":"product","2":"type-product","3":"status-publish","4":"has-post-thumbnail","6":"product_cat-afvallen","7":"product_cat-burners","8":"product_cat-doel","9":"product_cat-ehplabs","10":"product_cat-geen-categorie","11":"product_cat-health-wellness","12":"product_cat-merken","14":"first","15":"outofstock","16":"taxable","17":"shipping-taxable","18":"purchasable","19":"product-type-simple"},"yoast_head":"<!-- This site is optimized with the Yoast SEO plugin v27.6 - https:\/\/yoast.com\/product\/yoast-seo-wordpress\/ -->\n<title>OXYREM for Men - Deep Sleep Fat burner - EHP Labs - Holy-Supps.nl<\/title>\n<meta name=\"description\" content=\"OxyRem for Men: Bevordert diepe REM-slaap, reguleert het metabolisme, en verbrandt vet zonder stimulanten. Perfect voor herstel en vetverlies.\" \/>\n<meta name=\"robots\" content=\"index, follow, max-snippet:-1, max-image-preview:large, max-video-preview:-1\" \/>\n<link rel=\"canonical\" href=\"https:\/\/www.holy-supps.nl\/de\/produkt\/oxyrem-fur-manner-i-tiefschlaf-fettverbrenner-ehp-labs\/\" \/>\n<meta property=\"og:locale\" content=\"de_DE\" \/>\n<meta property=\"og:type\" content=\"article\" \/>\n<meta property=\"og:title\" content=\"OXYREM for Men - Deep Sleep Fat burner - EHP Labs - Holy-Supps.nl\" \/>\n<meta property=\"og:description\" content=\"OxyRem for Men: Bevordert diepe REM-slaap, reguleert het metabolisme, en verbrandt vet zonder stimulanten. Perfect voor herstel en vetverlies.\" \/>\n<meta property=\"og:url\" content=\"https:\/\/www.holy-supps.nl\/de\/produkt\/oxyrem-fur-manner-i-tiefschlaf-fettverbrenner-ehp-labs\/\" \/>\n<meta property=\"og:site_name\" content=\"Holy-Supps.nl\" \/>\n<meta property=\"article:publisher\" content=\"https:\/\/www.facebook.com\/holy.supps\" \/>\n<meta property=\"article:modified_time\" content=\"2025-08-26T14:19:59+00:00\" \/>\n<meta property=\"og:image\" content=\"https:\/\/www.holy-supps.nl\/wp-content\/uploads\/2023\/03\/PIL-REMM1.webp\" \/>\n\t<meta property=\"og:image:width\" content=\"1000\" \/>\n\t<meta property=\"og:image:height\" content=\"1000\" \/>\n\t<meta property=\"og:image:type\" content=\"image\/webp\" \/>\n<meta name=\"twitter:card\" content=\"summary_large_image\" \/>\n<meta name=\"twitter:label1\" content=\"Gesch\u00e4tzte Lesezeit\" \/>\n\t<meta name=\"twitter:data1\" content=\"1\u00a0Minute\" \/>\n<script type=\"application\/ld+json\" class=\"yoast-schema-graph\">{\"@context\":\"https:\\\/\\\/schema.org\",\"@graph\":[{\"@type\":\"WebPage\",\"@id\":\"https:\\\/\\\/www.holy-supps.nl\\\/product\\\/oxyrem-for-men-i-deep-sleep-fat-burner-ehp-labs\\\/\",\"url\":\"https:\\\/\\\/www.holy-supps.nl\\\/product\\\/oxyrem-for-men-i-deep-sleep-fat-burner-ehp-labs\\\/\",\"name\":\"OXYREM for Men - Deep Sleep Fat burner - EHP Labs - Holy-Supps.nl\",\"isPartOf\":{\"@id\":\"https:\\\/\\\/www.holy-supps.nl\\\/#website\"},\"primaryImageOfPage\":{\"@id\":\"https:\\\/\\\/www.holy-supps.nl\\\/product\\\/oxyrem-for-men-i-deep-sleep-fat-burner-ehp-labs\\\/#primaryimage\"},\"image\":{\"@id\":\"https:\\\/\\\/www.holy-supps.nl\\\/product\\\/oxyrem-for-men-i-deep-sleep-fat-burner-ehp-labs\\\/#primaryimage\"},\"thumbnailUrl\":\"https:\\\/\\\/www.holy-supps.nl\\\/wp-content\\\/uploads\\\/2023\\\/03\\\/PIL-REMM1.webp\",\"datePublished\":\"2023-03-06T13:48:02+00:00\",\"dateModified\":\"2025-08-26T14:19:59+00:00\",\"description\":\"OxyRem for Men: Bevordert diepe REM-slaap, reguleert het metabolisme, en verbrandt vet zonder stimulanten. Perfect voor herstel en vetverlies.\",\"breadcrumb\":{\"@id\":\"https:\\\/\\\/www.holy-supps.nl\\\/product\\\/oxyrem-for-men-i-deep-sleep-fat-burner-ehp-labs\\\/#breadcrumb\"},\"inLanguage\":\"de\",\"potentialAction\":[{\"@type\":\"ReadAction\",\"target\":[\"https:\\\/\\\/www.holy-supps.nl\\\/product\\\/oxyrem-for-men-i-deep-sleep-fat-burner-ehp-labs\\\/\"]}]},{\"@type\":\"ImageObject\",\"inLanguage\":\"de\",\"@id\":\"https:\\\/\\\/www.holy-supps.nl\\\/product\\\/oxyrem-for-men-i-deep-sleep-fat-burner-ehp-labs\\\/#primaryimage\",\"url\":\"https:\\\/\\\/www.holy-supps.nl\\\/wp-content\\\/uploads\\\/2023\\\/03\\\/PIL-REMM1.webp\",\"contentUrl\":\"https:\\\/\\\/www.holy-supps.nl\\\/wp-content\\\/uploads\\\/2023\\\/03\\\/PIL-REMM1.webp\",\"width\":1000,\"height\":1000},{\"@type\":\"BreadcrumbList\",\"@id\":\"https:\\\/\\\/www.holy-supps.nl\\\/product\\\/oxyrem-for-men-i-deep-sleep-fat-burner-ehp-labs\\\/#breadcrumb\",\"itemListElement\":[{\"@type\":\"ListItem\",\"position\":1,\"name\":\"Home\",\"item\":\"https:\\\/\\\/www.holy-supps.nl\\\/\"},{\"@type\":\"ListItem\",\"position\":2,\"name\":\"Winkel\",\"item\":\"https:\\\/\\\/www.holy-supps.nl\\\/winkel\\\/\"},{\"@type\":\"ListItem\",\"position\":3,\"name\":\"OXYREM for Men &#8211; Deep Sleep Fat burner &#8211; EHP Labs\"}]},{\"@type\":\"WebSite\",\"@id\":\"https:\\\/\\\/www.holy-supps.nl\\\/#website\",\"url\":\"https:\\\/\\\/www.holy-supps.nl\\\/\",\"name\":\"Holy-Supps.nl\",\"description\":\"Official EHPLabs Reseller!\",\"publisher\":{\"@id\":\"https:\\\/\\\/www.holy-supps.nl\\\/#organization\"},\"potentialAction\":[{\"@type\":\"SearchAction\",\"target\":{\"@type\":\"EntryPoint\",\"urlTemplate\":\"https:\\\/\\\/www.holy-supps.nl\\\/?s={search_term_string}\"},\"query-input\":{\"@type\":\"PropertyValueSpecification\",\"valueRequired\":true,\"valueName\":\"search_term_string\"}}],\"inLanguage\":\"de\"},{\"@type\":\"Organization\",\"@id\":\"https:\\\/\\\/www.holy-supps.nl\\\/#organization\",\"name\":\"Holy Supps\",\"url\":\"https:\\\/\\\/www.holy-supps.nl\\\/\",\"logo\":{\"@type\":\"ImageObject\",\"inLanguage\":\"de\",\"@id\":\"https:\\\/\\\/www.holy-supps.nl\\\/#\\\/schema\\\/logo\\\/image\\\/\",\"url\":\"https:\\\/\\\/www.holy-supps.nl\\\/wp-content\\\/uploads\\\/2023\\\/06\\\/HOLY-SUPPS.png\",\"contentUrl\":\"https:\\\/\\\/www.holy-supps.nl\\\/wp-content\\\/uploads\\\/2023\\\/06\\\/HOLY-SUPPS.png\",\"width\":1000,\"height\":400,\"caption\":\"Holy Supps\"},\"image\":{\"@id\":\"https:\\\/\\\/www.holy-supps.nl\\\/#\\\/schema\\\/logo\\\/image\\\/\"},\"sameAs\":[\"https:\\\/\\\/www.facebook.com\\\/holy.supps\",\"https:\\\/\\\/www.instagram.com\\\/holy.supps.shop\\\/\"]}]}<\/script>\n<!-- \/ Yoast SEO plugin. -->","yoast_head_json":{"title":"OXYREM f\u00fcr M\u00e4nner - Deep Sleep Fatburner - EHP Labs - Holy-Supps.com","description":"OxyRem for Men: F\u00f6rdert den tiefen REM-Schlaf, reguliert den Stoffwechsel und verbrennt Fett ohne Stimulanzien. Perfekt f\u00fcr Erholung und Fettabbau.","robots":{"index":"index","follow":"follow","max-snippet":"max-snippet:-1","max-image-preview":"max-image-preview:large","max-video-preview":"max-video-preview:-1"},"canonical":"https:\/\/www.holy-supps.nl\/de\/produkt\/oxyrem-fur-manner-i-tiefschlaf-fettverbrenner-ehp-labs\/","og_locale":"de_DE","og_type":"article","og_title":"OXYREM for Men - Deep Sleep Fat burner - EHP Labs - Holy-Supps.nl","og_description":"OxyRem for Men: Bevordert diepe REM-slaap, reguleert het metabolisme, en verbrandt vet zonder stimulanten. Perfect voor herstel en vetverlies.","og_url":"https:\/\/www.holy-supps.nl\/de\/produkt\/oxyrem-fur-manner-i-tiefschlaf-fettverbrenner-ehp-labs\/","og_site_name":"Holy-Supps.nl","article_publisher":"https:\/\/www.facebook.com\/holy.supps","article_modified_time":"2025-08-26T14:19:59+00:00","og_image":[{"width":1000,"height":1000,"url":"https:\/\/www.holy-supps.nl\/wp-content\/uploads\/2023\/03\/PIL-REMM1.webp","type":"image\/webp"}],"twitter_card":"summary_large_image","twitter_misc":{"Gesch\u00e4tzte Lesezeit":"1\u00a0Minute"},"schema":{"@context":"https:\/\/schema.org","@graph":[{"@type":"WebPage","@id":"https:\/\/www.holy-supps.nl\/product\/oxyrem-for-men-i-deep-sleep-fat-burner-ehp-labs\/","url":"https:\/\/www.holy-supps.nl\/product\/oxyrem-for-men-i-deep-sleep-fat-burner-ehp-labs\/","name":"OXYREM f\u00fcr M\u00e4nner - Deep Sleep Fatburner - EHP Labs - Holy-Supps.com","isPartOf":{"@id":"https:\/\/www.holy-supps.nl\/#website"},"primaryImageOfPage":{"@id":"https:\/\/www.holy-supps.nl\/product\/oxyrem-for-men-i-deep-sleep-fat-burner-ehp-labs\/#primaryimage"},"image":{"@id":"https:\/\/www.holy-supps.nl\/product\/oxyrem-for-men-i-deep-sleep-fat-burner-ehp-labs\/#primaryimage"},"thumbnailUrl":"https:\/\/www.holy-supps.nl\/wp-content\/uploads\/2023\/03\/PIL-REMM1.webp","datePublished":"2023-03-06T13:48:02+00:00","dateModified":"2025-08-26T14:19:59+00:00","description":"OxyRem for Men: F\u00f6rdert den tiefen REM-Schlaf, reguliert den Stoffwechsel und verbrennt Fett ohne Stimulanzien. Perfekt f\u00fcr Erholung und Fettabbau.","breadcrumb":{"@id":"https:\/\/www.holy-supps.nl\/product\/oxyrem-for-men-i-deep-sleep-fat-burner-ehp-labs\/#breadcrumb"},"inLanguage":"de","potentialAction":[{"@type":"ReadAction","target":["https:\/\/www.holy-supps.nl\/product\/oxyrem-for-men-i-deep-sleep-fat-burner-ehp-labs\/"]}]},{"@type":"ImageObject","inLanguage":"de","@id":"https:\/\/www.holy-supps.nl\/product\/oxyrem-for-men-i-deep-sleep-fat-burner-ehp-labs\/#primaryimage","url":"https:\/\/www.holy-supps.nl\/wp-content\/uploads\/2023\/03\/PIL-REMM1.webp","contentUrl":"https:\/\/www.holy-supps.nl\/wp-content\/uploads\/2023\/03\/PIL-REMM1.webp","width":1000,"height":1000},{"@type":"BreadcrumbList","@id":"https:\/\/www.holy-supps.nl\/product\/oxyrem-for-men-i-deep-sleep-fat-burner-ehp-labs\/#breadcrumb","itemListElement":[{"@type":"ListItem","position":1,"name":"Home","item":"https:\/\/www.holy-supps.nl\/"},{"@type":"ListItem","position":2,"name":"Winkel","item":"https:\/\/www.holy-supps.nl\/winkel\/"},{"@type":"ListItem","position":3,"name":"OXYREM for Men &#8211; Deep Sleep Fat burner &#8211; EHP Labs"}]},{"@type":"WebSite","@id":"https:\/\/www.holy-supps.nl\/#website","url":"https:\/\/www.holy-supps.nl\/","name":"Holy-Supps.co.uk","description":"Offizieller EHPLabs-H\u00e4ndler!","publisher":{"@id":"https:\/\/www.holy-supps.nl\/#organization"},"potentialAction":[{"@type":"SearchAction","target":{"@type":"EntryPoint","urlTemplate":"https:\/\/www.holy-supps.nl\/?s={search_term_string}"},"query-input":{"@type":"PropertyValueSpecification","valueRequired":true,"valueName":"search_term_string"}}],"inLanguage":"de"},{"@type":"Organization","@id":"https:\/\/www.holy-supps.nl\/#organization","name":"Heiliges Abendmahl","url":"https:\/\/www.holy-supps.nl\/","logo":{"@type":"ImageObject","inLanguage":"de","@id":"https:\/\/www.holy-supps.nl\/#\/schema\/logo\/image\/","url":"https:\/\/www.holy-supps.nl\/wp-content\/uploads\/2023\/06\/HOLY-SUPPS.png","contentUrl":"https:\/\/www.holy-supps.nl\/wp-content\/uploads\/2023\/06\/HOLY-SUPPS.png","width":1000,"height":400,"caption":"Holy Supps"},"image":{"@id":"https:\/\/www.holy-supps.nl\/#\/schema\/logo\/image\/"},"sameAs":["https:\/\/www.facebook.com\/holy.supps","https:\/\/www.instagram.com\/holy.supps.shop\/"]}]}},"jetpack_sharing_enabled":true,"_links":{"self":[{"href":"https:\/\/www.holy-supps.nl\/de\/wp-json\/wp\/v2\/product\/276","targetHints":{"allow":["GET"]}}],"collection":[{"href":"https:\/\/www.holy-supps.nl\/de\/wp-json\/wp\/v2\/product"}],"about":[{"href":"https:\/\/www.holy-supps.nl\/de\/wp-json\/wp\/v2\/types\/product"}],"replies":[{"embeddable":true,"href":"https:\/\/www.holy-supps.nl\/de\/wp-json\/wp\/v2\/comments?post=276"}],"wp:featuredmedia":[{"embeddable":true,"href":"https:\/\/www.holy-supps.nl\/de\/wp-json\/wp\/v2\/media\/602"}],"wp:attachment":[{"href":"https:\/\/www.holy-supps.nl\/de\/wp-json\/wp\/v2\/media?parent=276"}],"wp:term":[{"taxonomy":"product_brand","embeddable":true,"href":"https:\/\/www.holy-supps.nl\/de\/wp-json\/wp\/v2\/product_brand?post=276"},{"taxonomy":"product_cat","embeddable":true,"href":"https:\/\/www.holy-supps.nl\/de\/wp-json\/wp\/v2\/product_cat?post=276"},{"taxonomy":"product_tag","embeddable":true,"href":"https:\/\/www.holy-supps.nl\/de\/wp-json\/wp\/v2\/product_tag?post=276"}],"curies":[{"name":"wp","href":"https:\/\/api.w.org\/{rel}","templated":true}]}}