{"id":2755,"date":"2024-07-26T15:14:13","date_gmt":"2024-07-26T13:14:13","guid":{"rendered":"https:\/\/www.holy-supps.nl\/?post_type=product&#038;p=2755"},"modified":"2026-04-18T00:24:25","modified_gmt":"2026-04-17T22:24:25","slug":"fit-lean-meal-shake-450-gr","status":"publish","type":"product","link":"https:\/\/www.holy-supps.nl\/de\/product\/fit-lean-meal-shake-450-gr\/","title":{"rendered":"Fit &amp; Lean - Mahlzeit-Shake (450gr)"},"content":{"rendered":"<p>Fit&amp;Lean Meal Shake ist ein schmackhafter Mahlzeitenersatz, der perfekt in eine gesunde und ausgewogene Ern\u00e4hrung passt. Diese glutenfreie Rezeptur enth\u00e4lt 20 Gramm Protein bei nur 150 Kalorien pro Portion. Au\u00dferdem ist er angereichert mit Ballaststoffen, Gem\u00fcse, Obst, Probiotika, Vitaminen und Mineralien. Eine bequeme und nahrhafte Wahl f\u00fcr jede Zeit des Tages.<\/p>\n<ul>\n<li>20 g Eiwei\u00df<\/li>\n<li>10-11 g Ballaststoffe<\/li>\n<li>28-30 Arten von Obst und Gem\u00fcse<\/li>\n<li>500 Millionen CFU Probiotika<\/li>\n<li>26 Vitamine und Mineralien<\/li>\n<li>5 g Nettokohlenhydrate oder weniger<\/li>\n<li>1 g Zucker oder weniger<\/li>\n<li>Mit gr\u00fcner Kaffeebohne, Garcinia Cambogia und gr\u00fcnem Tee<\/li>\n<\/ul>\n<h2>Produktmerkmale<\/h2>\n<ul>\n<li>Niedriger Kaloriengehalt<\/li>\n<li>Glutenfrei<\/li>\n<li>Reich an N\u00e4hrstoffen<\/li>\n<li>Praktisch als Mahlzeitenersatz<\/li>\n<li>Enth\u00e4lt nat\u00fcrliche Zutaten und Superfoods<\/li>\n<\/ul>\n<h2>Inhaltsstoffe<\/h2>\n<p>Siehe Fotos<\/p>","protected":false},"excerpt":{"rendered":"<ul>\n<li>20 g Eiwei\u00df<\/li>\n<li>10-11 g Ballaststoffe<\/li>\n<li>28-30 Vollwertiges Obst und Gem\u00fcse<\/li>\n<li>500 Millionen CFU Probiotika<\/li>\n<li>26 Vitamine und Mineralien<\/li>\n<li>5 g Nettokohlenhydrate oder weniger<\/li>\n<li>1 g Zucker oder weniger<\/li>\n<li>Gr\u00fcne Kaffeebohne, Garcinia Cambogia und gr\u00fcner Tee<\/li>\n<\/ul>","protected":false},"featured_media":2756,"comment_status":"open","ping_status":"closed","template":"","meta":[],"product_brand":[],"product_cat":[89,77,67,69,231,74,79,81,92],"product_tag":[],"class_list":{"0":"post-2755","1":"product","2":"type-product","3":"status-publish","4":"has-post-thumbnail","6":"product_cat-afvallen","7":"product_cat-bundles-save","8":"product_cat-eiwitten-proteine","9":"product_cat-fatburners","10":"product_cat-fit-lean","11":"product_cat-health-wellness","12":"product_cat-maaltijdvervangers","13":"product_cat-spieropbouw","14":"product_cat-vitamine-mineralen","16":"first","17":"instock","18":"sale","19":"taxable","20":"shipping-taxable","21":"purchasable","22":"product-type-variable"},"yoast_head":"<!-- This site is optimized with the Yoast SEO plugin v27.4 - https:\/\/yoast.com\/product\/yoast-seo-wordpress\/ -->\n<title>Fit &amp; Lean - Meal Shake (450gr) - Holy-Supps.nl<\/title>\n<meta name=\"description\" content=\"Verminder honger en stimuleer gewichtsverlies met Fit &amp; Lean Meal Shake: 20g eiwit, 11g vezels, 28 superfoods. Slechts 150 calorie\u00ebn per portie.\" \/>\n<meta name=\"robots\" content=\"index, follow, max-snippet:-1, max-image-preview:large, max-video-preview:-1\" \/>\n<link rel=\"canonical\" href=\"https:\/\/www.holy-supps.nl\/de\/produkt\/fit-lean-meal-shake-450-gr\/\" \/>\n<meta property=\"og:locale\" content=\"de_DE\" \/>\n<meta property=\"og:type\" content=\"article\" \/>\n<meta property=\"og:title\" content=\"Fit &amp; Lean - Meal Shake (450gr) - Holy-Supps.nl\" \/>\n<meta property=\"og:description\" content=\"Verminder honger en stimuleer gewichtsverlies met Fit &amp; Lean Meal Shake: 20g eiwit, 11g vezels, 28 superfoods. Slechts 150 calorie\u00ebn per portie.\" \/>\n<meta property=\"og:url\" content=\"https:\/\/www.holy-supps.nl\/de\/produkt\/fit-lean-meal-shake-450-gr\/\" \/>\n<meta property=\"og:site_name\" content=\"Holy-Supps.nl\" \/>\n<meta property=\"article:publisher\" content=\"https:\/\/www.facebook.com\/holy.supps\" \/>\n<meta property=\"article:modified_time\" content=\"2026-04-17T22:24:25+00:00\" \/>\n<meta property=\"og:image\" content=\"https:\/\/www.holy-supps.nl\/wp-content\/uploads\/2024\/07\/1FL_mealshake_vanillaicecream_productimage_front-1.webp\" \/>\n\t<meta property=\"og:image:width\" content=\"1080\" \/>\n\t<meta property=\"og:image:height\" content=\"1080\" \/>\n\t<meta property=\"og:image:type\" content=\"image\/webp\" \/>\n<meta name=\"twitter:card\" content=\"summary_large_image\" \/>\n<meta name=\"twitter:label1\" content=\"Gesch\u00e4tzte Lesezeit\" \/>\n\t<meta name=\"twitter:data1\" content=\"1\u00a0Minute\" \/>\n<script type=\"application\/ld+json\" class=\"yoast-schema-graph\">{\"@context\":\"https:\\\/\\\/schema.org\",\"@graph\":[{\"@type\":\"WebPage\",\"@id\":\"https:\\\/\\\/www.holy-supps.nl\\\/product\\\/fit-lean-meal-shake-450-gr\\\/\",\"url\":\"https:\\\/\\\/www.holy-supps.nl\\\/product\\\/fit-lean-meal-shake-450-gr\\\/\",\"name\":\"Fit & Lean - Meal Shake (450gr) - Holy-Supps.nl\",\"isPartOf\":{\"@id\":\"https:\\\/\\\/www.holy-supps.nl\\\/#website\"},\"primaryImageOfPage\":{\"@id\":\"https:\\\/\\\/www.holy-supps.nl\\\/product\\\/fit-lean-meal-shake-450-gr\\\/#primaryimage\"},\"image\":{\"@id\":\"https:\\\/\\\/www.holy-supps.nl\\\/product\\\/fit-lean-meal-shake-450-gr\\\/#primaryimage\"},\"thumbnailUrl\":\"https:\\\/\\\/www.holy-supps.nl\\\/wp-content\\\/uploads\\\/2024\\\/07\\\/1FL_mealshake_vanillaicecream_productimage_front-1.webp\",\"datePublished\":\"2024-07-26T13:14:13+00:00\",\"dateModified\":\"2026-04-17T22:24:25+00:00\",\"description\":\"Verminder honger en stimuleer gewichtsverlies met Fit & Lean Meal Shake: 20g eiwit, 11g vezels, 28 superfoods. Slechts 150 calorie\u00ebn per portie.\",\"breadcrumb\":{\"@id\":\"https:\\\/\\\/www.holy-supps.nl\\\/product\\\/fit-lean-meal-shake-450-gr\\\/#breadcrumb\"},\"inLanguage\":\"de\",\"potentialAction\":[{\"@type\":\"ReadAction\",\"target\":[\"https:\\\/\\\/www.holy-supps.nl\\\/product\\\/fit-lean-meal-shake-450-gr\\\/\"]}]},{\"@type\":\"ImageObject\",\"inLanguage\":\"de\",\"@id\":\"https:\\\/\\\/www.holy-supps.nl\\\/product\\\/fit-lean-meal-shake-450-gr\\\/#primaryimage\",\"url\":\"https:\\\/\\\/www.holy-supps.nl\\\/wp-content\\\/uploads\\\/2024\\\/07\\\/1FL_mealshake_vanillaicecream_productimage_front-1.webp\",\"contentUrl\":\"https:\\\/\\\/www.holy-supps.nl\\\/wp-content\\\/uploads\\\/2024\\\/07\\\/1FL_mealshake_vanillaicecream_productimage_front-1.webp\",\"width\":1080,\"height\":1080},{\"@type\":\"BreadcrumbList\",\"@id\":\"https:\\\/\\\/www.holy-supps.nl\\\/product\\\/fit-lean-meal-shake-450-gr\\\/#breadcrumb\",\"itemListElement\":[{\"@type\":\"ListItem\",\"position\":1,\"name\":\"Home\",\"item\":\"https:\\\/\\\/www.holy-supps.nl\\\/\"},{\"@type\":\"ListItem\",\"position\":2,\"name\":\"Winkel\",\"item\":\"https:\\\/\\\/www.holy-supps.nl\\\/winkel\\\/\"},{\"@type\":\"ListItem\",\"position\":3,\"name\":\"Fit &#038; Lean &#8211; Meal Shake (450gr)\"}]},{\"@type\":\"WebSite\",\"@id\":\"https:\\\/\\\/www.holy-supps.nl\\\/#website\",\"url\":\"https:\\\/\\\/www.holy-supps.nl\\\/\",\"name\":\"Holy-Supps.nl\",\"description\":\"Official EHPLabs Reseller!\",\"publisher\":{\"@id\":\"https:\\\/\\\/www.holy-supps.nl\\\/#organization\"},\"potentialAction\":[{\"@type\":\"SearchAction\",\"target\":{\"@type\":\"EntryPoint\",\"urlTemplate\":\"https:\\\/\\\/www.holy-supps.nl\\\/?s={search_term_string}\"},\"query-input\":{\"@type\":\"PropertyValueSpecification\",\"valueRequired\":true,\"valueName\":\"search_term_string\"}}],\"inLanguage\":\"de\"},{\"@type\":\"Organization\",\"@id\":\"https:\\\/\\\/www.holy-supps.nl\\\/#organization\",\"name\":\"Holy Supps\",\"url\":\"https:\\\/\\\/www.holy-supps.nl\\\/\",\"logo\":{\"@type\":\"ImageObject\",\"inLanguage\":\"de\",\"@id\":\"https:\\\/\\\/www.holy-supps.nl\\\/#\\\/schema\\\/logo\\\/image\\\/\",\"url\":\"https:\\\/\\\/www.holy-supps.nl\\\/wp-content\\\/uploads\\\/2023\\\/06\\\/HOLY-SUPPS.png\",\"contentUrl\":\"https:\\\/\\\/www.holy-supps.nl\\\/wp-content\\\/uploads\\\/2023\\\/06\\\/HOLY-SUPPS.png\",\"width\":1000,\"height\":400,\"caption\":\"Holy Supps\"},\"image\":{\"@id\":\"https:\\\/\\\/www.holy-supps.nl\\\/#\\\/schema\\\/logo\\\/image\\\/\"},\"sameAs\":[\"https:\\\/\\\/www.facebook.com\\\/holy.supps\",\"https:\\\/\\\/www.instagram.com\\\/holy.supps.shop\\\/\"]}]}<\/script>\n<!-- \/ Yoast SEO plugin. -->","yoast_head_json":{"title":"Fit &amp; Lean - Mahlzeit Shake (450gr) - Holy-Supps.de","description":"Reduzieren Sie den Hunger und f\u00f6rdern Sie die Gewichtsabnahme mit dem Fit &amp; Lean Meal Shake: 20 g Protein, 11 g Ballaststoffe, 28 Superfoods. Nur 150 Kalorien pro Portion.","robots":{"index":"index","follow":"follow","max-snippet":"max-snippet:-1","max-image-preview":"max-image-preview:large","max-video-preview":"max-video-preview:-1"},"canonical":"https:\/\/www.holy-supps.nl\/de\/produkt\/fit-lean-meal-shake-450-gr\/","og_locale":"de_DE","og_type":"article","og_title":"Fit & Lean - Meal Shake (450gr) - Holy-Supps.nl","og_description":"Verminder honger en stimuleer gewichtsverlies met Fit & Lean Meal Shake: 20g eiwit, 11g vezels, 28 superfoods. Slechts 150 calorie\u00ebn per portie.","og_url":"https:\/\/www.holy-supps.nl\/de\/produkt\/fit-lean-meal-shake-450-gr\/","og_site_name":"Holy-Supps.nl","article_publisher":"https:\/\/www.facebook.com\/holy.supps","article_modified_time":"2026-04-17T22:24:25+00:00","og_image":[{"width":1080,"height":1080,"url":"https:\/\/www.holy-supps.nl\/wp-content\/uploads\/2024\/07\/1FL_mealshake_vanillaicecream_productimage_front-1.webp","type":"image\/webp"}],"twitter_card":"summary_large_image","twitter_misc":{"Gesch\u00e4tzte Lesezeit":"1\u00a0Minute"},"schema":{"@context":"https:\/\/schema.org","@graph":[{"@type":"WebPage","@id":"https:\/\/www.holy-supps.nl\/product\/fit-lean-meal-shake-450-gr\/","url":"https:\/\/www.holy-supps.nl\/product\/fit-lean-meal-shake-450-gr\/","name":"Fit &amp; Lean - Mahlzeit Shake (450gr) - Holy-Supps.de","isPartOf":{"@id":"https:\/\/www.holy-supps.nl\/#website"},"primaryImageOfPage":{"@id":"https:\/\/www.holy-supps.nl\/product\/fit-lean-meal-shake-450-gr\/#primaryimage"},"image":{"@id":"https:\/\/www.holy-supps.nl\/product\/fit-lean-meal-shake-450-gr\/#primaryimage"},"thumbnailUrl":"https:\/\/www.holy-supps.nl\/wp-content\/uploads\/2024\/07\/1FL_mealshake_vanillaicecream_productimage_front-1.webp","datePublished":"2024-07-26T13:14:13+00:00","dateModified":"2026-04-17T22:24:25+00:00","description":"Reduzieren Sie den Hunger und f\u00f6rdern Sie die Gewichtsabnahme mit dem Fit &amp; Lean Meal Shake: 20 g Protein, 11 g Ballaststoffe, 28 Superfoods. Nur 150 Kalorien pro Portion.","breadcrumb":{"@id":"https:\/\/www.holy-supps.nl\/product\/fit-lean-meal-shake-450-gr\/#breadcrumb"},"inLanguage":"de","potentialAction":[{"@type":"ReadAction","target":["https:\/\/www.holy-supps.nl\/product\/fit-lean-meal-shake-450-gr\/"]}]},{"@type":"ImageObject","inLanguage":"de","@id":"https:\/\/www.holy-supps.nl\/product\/fit-lean-meal-shake-450-gr\/#primaryimage","url":"https:\/\/www.holy-supps.nl\/wp-content\/uploads\/2024\/07\/1FL_mealshake_vanillaicecream_productimage_front-1.webp","contentUrl":"https:\/\/www.holy-supps.nl\/wp-content\/uploads\/2024\/07\/1FL_mealshake_vanillaicecream_productimage_front-1.webp","width":1080,"height":1080},{"@type":"BreadcrumbList","@id":"https:\/\/www.holy-supps.nl\/product\/fit-lean-meal-shake-450-gr\/#breadcrumb","itemListElement":[{"@type":"ListItem","position":1,"name":"Home","item":"https:\/\/www.holy-supps.nl\/"},{"@type":"ListItem","position":2,"name":"Winkel","item":"https:\/\/www.holy-supps.nl\/winkel\/"},{"@type":"ListItem","position":3,"name":"Fit &#038; Lean &#8211; Meal Shake (450gr)"}]},{"@type":"WebSite","@id":"https:\/\/www.holy-supps.nl\/#website","url":"https:\/\/www.holy-supps.nl\/","name":"Holy-Supps.co.uk","description":"Offizieller EHPLabs-H\u00e4ndler!","publisher":{"@id":"https:\/\/www.holy-supps.nl\/#organization"},"potentialAction":[{"@type":"SearchAction","target":{"@type":"EntryPoint","urlTemplate":"https:\/\/www.holy-supps.nl\/?s={search_term_string}"},"query-input":{"@type":"PropertyValueSpecification","valueRequired":true,"valueName":"search_term_string"}}],"inLanguage":"de"},{"@type":"Organization","@id":"https:\/\/www.holy-supps.nl\/#organization","name":"Heiliges Abendmahl","url":"https:\/\/www.holy-supps.nl\/","logo":{"@type":"ImageObject","inLanguage":"de","@id":"https:\/\/www.holy-supps.nl\/#\/schema\/logo\/image\/","url":"https:\/\/www.holy-supps.nl\/wp-content\/uploads\/2023\/06\/HOLY-SUPPS.png","contentUrl":"https:\/\/www.holy-supps.nl\/wp-content\/uploads\/2023\/06\/HOLY-SUPPS.png","width":1000,"height":400,"caption":"Holy Supps"},"image":{"@id":"https:\/\/www.holy-supps.nl\/#\/schema\/logo\/image\/"},"sameAs":["https:\/\/www.facebook.com\/holy.supps","https:\/\/www.instagram.com\/holy.supps.shop\/"]}]}},"jetpack_sharing_enabled":true,"_links":{"self":[{"href":"https:\/\/www.holy-supps.nl\/de\/wp-json\/wp\/v2\/product\/2755","targetHints":{"allow":["GET"]}}],"collection":[{"href":"https:\/\/www.holy-supps.nl\/de\/wp-json\/wp\/v2\/product"}],"about":[{"href":"https:\/\/www.holy-supps.nl\/de\/wp-json\/wp\/v2\/types\/product"}],"replies":[{"embeddable":true,"href":"https:\/\/www.holy-supps.nl\/de\/wp-json\/wp\/v2\/comments?post=2755"}],"wp:featuredmedia":[{"embeddable":true,"href":"https:\/\/www.holy-supps.nl\/de\/wp-json\/wp\/v2\/media\/2756"}],"wp:attachment":[{"href":"https:\/\/www.holy-supps.nl\/de\/wp-json\/wp\/v2\/media?parent=2755"}],"wp:term":[{"taxonomy":"product_brand","embeddable":true,"href":"https:\/\/www.holy-supps.nl\/de\/wp-json\/wp\/v2\/product_brand?post=2755"},{"taxonomy":"product_cat","embeddable":true,"href":"https:\/\/www.holy-supps.nl\/de\/wp-json\/wp\/v2\/product_cat?post=2755"},{"taxonomy":"product_tag","embeddable":true,"href":"https:\/\/www.holy-supps.nl\/de\/wp-json\/wp\/v2\/product_tag?post=2755"}],"curies":[{"name":"wp","href":"https:\/\/api.w.org\/{rel}","templated":true}]}}