{"id":2734,"date":"2024-07-23T16:01:55","date_gmt":"2024-07-23T14:01:55","guid":{"rendered":"https:\/\/www.holy-supps.nl\/?post_type=product&#038;p=2734"},"modified":"2026-02-20T06:46:52","modified_gmt":"2026-02-20T05:46:52","slug":"maximum-whey-protein-mhp-strong-2-2kg","status":"publish","type":"product","link":"https:\/\/www.holy-supps.nl\/de\/product\/maximum-whey-protein-mhp-strong-2-2kg\/","title":{"rendered":"Maximum Whey Protein - MHP STRONG - 2.2KG"},"content":{"rendered":"<h2>Beste Zeit f\u00fcr die Verwendung von Max Whey<\/h2>\n<p>Der Muskelaufbau findet nicht w\u00e4hrend des Trainings selbst statt, sondern vor allem in der Zeit danach. Das Training bringt den K\u00f6rper in die richtige Position, und danach spielen Erholung und Ern\u00e4hrung eine Rolle. Unmittelbar nach dem Training ist ein guter Zeitpunkt f\u00fcr die Einnahme von Proteinen, da der K\u00f6rper dann bereit ist, die N\u00e4hrstoffe aufzunehmen. Ein schnell l\u00f6sliches Protein wie Whey Protein ist einfach zuzubereiten und passt gut in eine aktive Ern\u00e4hrung.  <\/p>\n<h2>Max Whey f\u00fcr einen aktiven Lebensstil<\/h2>\n<p>Molkenprotein ist als vollst\u00e4ndige Proteinquelle mit einem reichen Aminos\u00e4ureprofil bekannt. Es ist eine beliebte Wahl bei Sportlern und aktiven Menschen, die ihre t\u00e4gliche Proteinzufuhr unterst\u00fctzen wollen. Seine cremige Textur und hohe L\u00f6slichkeit machen es einfach zu konsumieren, zum Beispiel direkt nach dem Training oder zu jeder anderen Tageszeit.  <\/p>\n<p>Wenn Sie sich gesund und ausgewogen ern\u00e4hren, kann ein Molkenproteinpr\u00e4parat eine sinnvolle Erg\u00e4nzung sein, um Ihre Proteinzufuhr aufrechtzuerhalten. Dadurch wird es einfacher, die gew\u00fcnschte Menge an Eiwei\u00df zus\u00e4tzlich zu den normalen Mahlzeiten zu sich zu nehmen.  <\/p>\n<ul>\n<li>Beliebt bei Sportlern und aktiven Menschen<\/li>\n<li>Hohe L\u00f6slichkeit und cremige Textur<\/li>\n<li>Erh\u00e4ltlich in verschiedenen Geschmacksrichtungen<\/li>\n<\/ul>\n<p><strong>MAXIMUM WHEY<\/strong> ist als \u201csauber\u201d bekannt, ist Informed-Choice-zertifiziert, auf mehr als 200 WADA-gelistete Substanzen getestet und wird in einer GMP-konformen Einrichtung hergestellt. So k\u00f6nnen Sie sicher sein, dass Sie ein Produkt erhalten, das hohen Qualit\u00e4tsstandards entspricht.<\/p>","protected":false},"excerpt":{"rendered":"<p id=\"tw-target-text\" class=\"tw-data-text tw-text-large tw-ta\" dir=\"ltr\" data-placeholder=\"Vertaling\" aria-label=\"\u00dcbersetzter Text\" data-ved=\"2ahUKEwiO7ZS0qL2HAxWkwAIHHREQBG0Q3ewLegQICBAU\"><span class=\"Y2IQFc\" lang=\"nl\">Maximum Whey liefert 25 g reines Molkenprotein und nichts anderes. Der dreiphasige Molkenproteinkomplex enth\u00e4lt Molkenproteinkonzentrat, Molkenproteinisolat und hydrolysiertes Molkenprotein f\u00fcr eine noch schnellere Verdauung und Absorption. <\/span><\/p>","protected":false},"featured_media":2740,"comment_status":"open","ping_status":"closed","template":"","meta":[],"product_brand":[],"product_cat":[77,67,203,165,75],"product_tag":[],"class_list":{"0":"post-2734","1":"product","2":"type-product","3":"status-publish","4":"has-post-thumbnail","6":"product_cat-bundles-save","7":"product_cat-eiwitten-proteine","8":"product_cat-mass-gainers","9":"product_cat-mhp-strong","10":"product_cat-producten","12":"first","13":"instock","14":"sale","15":"taxable","16":"shipping-taxable","17":"purchasable","18":"product-type-variable"},"yoast_head":"<!-- This site is optimized with the Yoast SEO plugin v27.4 - https:\/\/yoast.com\/product\/yoast-seo-wordpress\/ -->\n<title>Maximum Whey Protein - MHP STRONG - 2.2KG - Holy-Supps.nl<\/title>\n<meta name=\"description\" content=\"Maximaliseer spiergroei en herstel met Maximum Whey Protein - 2.2KG van MHP STRONG. Bevat hoogwaardige eiwitten voor droge spiermassa en kracht.\" \/>\n<meta name=\"robots\" content=\"index, follow, max-snippet:-1, max-image-preview:large, max-video-preview:-1\" \/>\n<link rel=\"canonical\" href=\"https:\/\/www.holy-supps.nl\/de\/produkt\/maximum-whey-protein-mhp-strong-2-2kg\/\" \/>\n<meta property=\"og:locale\" content=\"de_DE\" \/>\n<meta property=\"og:type\" content=\"article\" \/>\n<meta property=\"og:title\" content=\"Maximum Whey Protein - MHP STRONG - 2.2KG - Holy-Supps.nl\" \/>\n<meta property=\"og:description\" content=\"Maximaliseer spiergroei en herstel met Maximum Whey Protein - 2.2KG van MHP STRONG. Bevat hoogwaardige eiwitten voor droge spiermassa en kracht.\" \/>\n<meta property=\"og:url\" content=\"https:\/\/www.holy-supps.nl\/de\/produkt\/maximum-whey-protein-mhp-strong-2-2kg\/\" \/>\n<meta property=\"og:site_name\" content=\"Holy-Supps.nl\" \/>\n<meta property=\"article:publisher\" content=\"https:\/\/www.facebook.com\/holy.supps\" \/>\n<meta property=\"article:modified_time\" content=\"2026-02-20T05:46:52+00:00\" \/>\n<meta property=\"og:image\" content=\"https:\/\/www.holy-supps.nl\/wp-content\/uploads\/2024\/07\/wsi-imageoptim-Maximum-Whey-VI-01_5000x.webp\" \/>\n\t<meta property=\"og:image:width\" content=\"900\" \/>\n\t<meta property=\"og:image:height\" content=\"900\" \/>\n\t<meta property=\"og:image:type\" content=\"image\/webp\" \/>\n<meta name=\"twitter:card\" content=\"summary_large_image\" \/>\n<meta name=\"twitter:label1\" content=\"Gesch\u00e4tzte Lesezeit\" \/>\n\t<meta name=\"twitter:data1\" content=\"2\u00a0Minuten\" \/>\n<script type=\"application\/ld+json\" class=\"yoast-schema-graph\">{\"@context\":\"https:\\\/\\\/schema.org\",\"@graph\":[{\"@type\":\"WebPage\",\"@id\":\"https:\\\/\\\/www.holy-supps.nl\\\/product\\\/maximum-whey-protein-mhp-strong-2-2kg\\\/\",\"url\":\"https:\\\/\\\/www.holy-supps.nl\\\/product\\\/maximum-whey-protein-mhp-strong-2-2kg\\\/\",\"name\":\"Maximum Whey Protein - MHP STRONG - 2.2KG - Holy-Supps.nl\",\"isPartOf\":{\"@id\":\"https:\\\/\\\/www.holy-supps.nl\\\/#website\"},\"primaryImageOfPage\":{\"@id\":\"https:\\\/\\\/www.holy-supps.nl\\\/product\\\/maximum-whey-protein-mhp-strong-2-2kg\\\/#primaryimage\"},\"image\":{\"@id\":\"https:\\\/\\\/www.holy-supps.nl\\\/product\\\/maximum-whey-protein-mhp-strong-2-2kg\\\/#primaryimage\"},\"thumbnailUrl\":\"https:\\\/\\\/www.holy-supps.nl\\\/wp-content\\\/uploads\\\/2024\\\/07\\\/wsi-imageoptim-Maximum-Whey-VI-01_5000x.webp\",\"datePublished\":\"2024-07-23T14:01:55+00:00\",\"dateModified\":\"2026-02-20T05:46:52+00:00\",\"description\":\"Maximaliseer spiergroei en herstel met Maximum Whey Protein - 2.2KG van MHP STRONG. Bevat hoogwaardige eiwitten voor droge spiermassa en kracht.\",\"breadcrumb\":{\"@id\":\"https:\\\/\\\/www.holy-supps.nl\\\/product\\\/maximum-whey-protein-mhp-strong-2-2kg\\\/#breadcrumb\"},\"inLanguage\":\"de\",\"potentialAction\":[{\"@type\":\"ReadAction\",\"target\":[\"https:\\\/\\\/www.holy-supps.nl\\\/product\\\/maximum-whey-protein-mhp-strong-2-2kg\\\/\"]}]},{\"@type\":\"ImageObject\",\"inLanguage\":\"de\",\"@id\":\"https:\\\/\\\/www.holy-supps.nl\\\/product\\\/maximum-whey-protein-mhp-strong-2-2kg\\\/#primaryimage\",\"url\":\"https:\\\/\\\/www.holy-supps.nl\\\/wp-content\\\/uploads\\\/2024\\\/07\\\/wsi-imageoptim-Maximum-Whey-VI-01_5000x.webp\",\"contentUrl\":\"https:\\\/\\\/www.holy-supps.nl\\\/wp-content\\\/uploads\\\/2024\\\/07\\\/wsi-imageoptim-Maximum-Whey-VI-01_5000x.webp\",\"width\":900,\"height\":900},{\"@type\":\"BreadcrumbList\",\"@id\":\"https:\\\/\\\/www.holy-supps.nl\\\/product\\\/maximum-whey-protein-mhp-strong-2-2kg\\\/#breadcrumb\",\"itemListElement\":[{\"@type\":\"ListItem\",\"position\":1,\"name\":\"Home\",\"item\":\"https:\\\/\\\/www.holy-supps.nl\\\/\"},{\"@type\":\"ListItem\",\"position\":2,\"name\":\"Winkel\",\"item\":\"https:\\\/\\\/www.holy-supps.nl\\\/winkel\\\/\"},{\"@type\":\"ListItem\",\"position\":3,\"name\":\"Maximum Whey Protein &#8211; MHP STRONG &#8211; 2.2KG\"}]},{\"@type\":\"WebSite\",\"@id\":\"https:\\\/\\\/www.holy-supps.nl\\\/#website\",\"url\":\"https:\\\/\\\/www.holy-supps.nl\\\/\",\"name\":\"Holy-Supps.nl\",\"description\":\"Official EHPLabs Reseller!\",\"publisher\":{\"@id\":\"https:\\\/\\\/www.holy-supps.nl\\\/#organization\"},\"potentialAction\":[{\"@type\":\"SearchAction\",\"target\":{\"@type\":\"EntryPoint\",\"urlTemplate\":\"https:\\\/\\\/www.holy-supps.nl\\\/?s={search_term_string}\"},\"query-input\":{\"@type\":\"PropertyValueSpecification\",\"valueRequired\":true,\"valueName\":\"search_term_string\"}}],\"inLanguage\":\"de\"},{\"@type\":\"Organization\",\"@id\":\"https:\\\/\\\/www.holy-supps.nl\\\/#organization\",\"name\":\"Holy Supps\",\"url\":\"https:\\\/\\\/www.holy-supps.nl\\\/\",\"logo\":{\"@type\":\"ImageObject\",\"inLanguage\":\"de\",\"@id\":\"https:\\\/\\\/www.holy-supps.nl\\\/#\\\/schema\\\/logo\\\/image\\\/\",\"url\":\"https:\\\/\\\/www.holy-supps.nl\\\/wp-content\\\/uploads\\\/2023\\\/06\\\/HOLY-SUPPS.png\",\"contentUrl\":\"https:\\\/\\\/www.holy-supps.nl\\\/wp-content\\\/uploads\\\/2023\\\/06\\\/HOLY-SUPPS.png\",\"width\":1000,\"height\":400,\"caption\":\"Holy Supps\"},\"image\":{\"@id\":\"https:\\\/\\\/www.holy-supps.nl\\\/#\\\/schema\\\/logo\\\/image\\\/\"},\"sameAs\":[\"https:\\\/\\\/www.facebook.com\\\/holy.supps\",\"https:\\\/\\\/www.instagram.com\\\/holy.supps.shop\\\/\"]}]}<\/script>\n<!-- \/ Yoast SEO plugin. -->","yoast_head_json":{"title":"Maximum Whey Protein - MHP STRONG - 2.2KG - Holy-Supps.de","description":"Maximieren Sie Muskelwachstum und Erholung mit Maximum Whey Protein - 2.2KG von MHP STRONG. Enth\u00e4lt hochwertiges Protein f\u00fcr trockene Muskelmasse und Kraft.","robots":{"index":"index","follow":"follow","max-snippet":"max-snippet:-1","max-image-preview":"max-image-preview:large","max-video-preview":"max-video-preview:-1"},"canonical":"https:\/\/www.holy-supps.nl\/de\/produkt\/maximum-whey-protein-mhp-strong-2-2kg\/","og_locale":"de_DE","og_type":"article","og_title":"Maximum Whey Protein - MHP STRONG - 2.2KG - Holy-Supps.nl","og_description":"Maximaliseer spiergroei en herstel met Maximum Whey Protein - 2.2KG van MHP STRONG. Bevat hoogwaardige eiwitten voor droge spiermassa en kracht.","og_url":"https:\/\/www.holy-supps.nl\/de\/produkt\/maximum-whey-protein-mhp-strong-2-2kg\/","og_site_name":"Holy-Supps.nl","article_publisher":"https:\/\/www.facebook.com\/holy.supps","article_modified_time":"2026-02-20T05:46:52+00:00","og_image":[{"width":900,"height":900,"url":"https:\/\/www.holy-supps.nl\/wp-content\/uploads\/2024\/07\/wsi-imageoptim-Maximum-Whey-VI-01_5000x.webp","type":"image\/webp"}],"twitter_card":"summary_large_image","twitter_misc":{"Gesch\u00e4tzte Lesezeit":"2\u00a0Minuten"},"schema":{"@context":"https:\/\/schema.org","@graph":[{"@type":"WebPage","@id":"https:\/\/www.holy-supps.nl\/product\/maximum-whey-protein-mhp-strong-2-2kg\/","url":"https:\/\/www.holy-supps.nl\/product\/maximum-whey-protein-mhp-strong-2-2kg\/","name":"Maximum Whey Protein - MHP STRONG - 2.2KG - Holy-Supps.de","isPartOf":{"@id":"https:\/\/www.holy-supps.nl\/#website"},"primaryImageOfPage":{"@id":"https:\/\/www.holy-supps.nl\/product\/maximum-whey-protein-mhp-strong-2-2kg\/#primaryimage"},"image":{"@id":"https:\/\/www.holy-supps.nl\/product\/maximum-whey-protein-mhp-strong-2-2kg\/#primaryimage"},"thumbnailUrl":"https:\/\/www.holy-supps.nl\/wp-content\/uploads\/2024\/07\/wsi-imageoptim-Maximum-Whey-VI-01_5000x.webp","datePublished":"2024-07-23T14:01:55+00:00","dateModified":"2026-02-20T05:46:52+00:00","description":"Maximieren Sie Muskelwachstum und Erholung mit Maximum Whey Protein - 2.2KG von MHP STRONG. Enth\u00e4lt hochwertiges Protein f\u00fcr trockene Muskelmasse und Kraft.","breadcrumb":{"@id":"https:\/\/www.holy-supps.nl\/product\/maximum-whey-protein-mhp-strong-2-2kg\/#breadcrumb"},"inLanguage":"de","potentialAction":[{"@type":"ReadAction","target":["https:\/\/www.holy-supps.nl\/product\/maximum-whey-protein-mhp-strong-2-2kg\/"]}]},{"@type":"ImageObject","inLanguage":"de","@id":"https:\/\/www.holy-supps.nl\/product\/maximum-whey-protein-mhp-strong-2-2kg\/#primaryimage","url":"https:\/\/www.holy-supps.nl\/wp-content\/uploads\/2024\/07\/wsi-imageoptim-Maximum-Whey-VI-01_5000x.webp","contentUrl":"https:\/\/www.holy-supps.nl\/wp-content\/uploads\/2024\/07\/wsi-imageoptim-Maximum-Whey-VI-01_5000x.webp","width":900,"height":900},{"@type":"BreadcrumbList","@id":"https:\/\/www.holy-supps.nl\/product\/maximum-whey-protein-mhp-strong-2-2kg\/#breadcrumb","itemListElement":[{"@type":"ListItem","position":1,"name":"Home","item":"https:\/\/www.holy-supps.nl\/"},{"@type":"ListItem","position":2,"name":"Winkel","item":"https:\/\/www.holy-supps.nl\/winkel\/"},{"@type":"ListItem","position":3,"name":"Maximum Whey Protein &#8211; MHP STRONG &#8211; 2.2KG"}]},{"@type":"WebSite","@id":"https:\/\/www.holy-supps.nl\/#website","url":"https:\/\/www.holy-supps.nl\/","name":"Holy-Supps.co.uk","description":"Offizieller EHPLabs-H\u00e4ndler!","publisher":{"@id":"https:\/\/www.holy-supps.nl\/#organization"},"potentialAction":[{"@type":"SearchAction","target":{"@type":"EntryPoint","urlTemplate":"https:\/\/www.holy-supps.nl\/?s={search_term_string}"},"query-input":{"@type":"PropertyValueSpecification","valueRequired":true,"valueName":"search_term_string"}}],"inLanguage":"de"},{"@type":"Organization","@id":"https:\/\/www.holy-supps.nl\/#organization","name":"Heiliges Abendmahl","url":"https:\/\/www.holy-supps.nl\/","logo":{"@type":"ImageObject","inLanguage":"de","@id":"https:\/\/www.holy-supps.nl\/#\/schema\/logo\/image\/","url":"https:\/\/www.holy-supps.nl\/wp-content\/uploads\/2023\/06\/HOLY-SUPPS.png","contentUrl":"https:\/\/www.holy-supps.nl\/wp-content\/uploads\/2023\/06\/HOLY-SUPPS.png","width":1000,"height":400,"caption":"Holy Supps"},"image":{"@id":"https:\/\/www.holy-supps.nl\/#\/schema\/logo\/image\/"},"sameAs":["https:\/\/www.facebook.com\/holy.supps","https:\/\/www.instagram.com\/holy.supps.shop\/"]}]}},"jetpack_sharing_enabled":true,"_links":{"self":[{"href":"https:\/\/www.holy-supps.nl\/de\/wp-json\/wp\/v2\/product\/2734","targetHints":{"allow":["GET"]}}],"collection":[{"href":"https:\/\/www.holy-supps.nl\/de\/wp-json\/wp\/v2\/product"}],"about":[{"href":"https:\/\/www.holy-supps.nl\/de\/wp-json\/wp\/v2\/types\/product"}],"replies":[{"embeddable":true,"href":"https:\/\/www.holy-supps.nl\/de\/wp-json\/wp\/v2\/comments?post=2734"}],"wp:featuredmedia":[{"embeddable":true,"href":"https:\/\/www.holy-supps.nl\/de\/wp-json\/wp\/v2\/media\/2740"}],"wp:attachment":[{"href":"https:\/\/www.holy-supps.nl\/de\/wp-json\/wp\/v2\/media?parent=2734"}],"wp:term":[{"taxonomy":"product_brand","embeddable":true,"href":"https:\/\/www.holy-supps.nl\/de\/wp-json\/wp\/v2\/product_brand?post=2734"},{"taxonomy":"product_cat","embeddable":true,"href":"https:\/\/www.holy-supps.nl\/de\/wp-json\/wp\/v2\/product_cat?post=2734"},{"taxonomy":"product_tag","embeddable":true,"href":"https:\/\/www.holy-supps.nl\/de\/wp-json\/wp\/v2\/product_tag?post=2734"}],"curies":[{"name":"wp","href":"https:\/\/api.w.org\/{rel}","templated":true}]}}