{"id":23,"date":"2023-01-08T18:39:30","date_gmt":"2023-01-08T17:39:30","guid":{"rendered":"https:\/\/www.holy-supps.nl\/?post_type=product&#038;p=23"},"modified":"2026-04-29T23:53:16","modified_gmt":"2026-04-29T21:53:16","slug":"oxygreens-tagliches-super-grunes-pulver-ehplabs","status":"publish","type":"product","link":"https:\/\/www.holy-supps.nl\/de\/product\/oxygreens-daily-super-greens-powder-ehplabs\/","title":{"rendered":"Oxygreens - T\u00e4gliches Super Greens Pulver - EHPLabs"},"content":{"rendered":"<h2>Beschreibung<\/h2>\n<p>EHPlabs <strong>OxyGreens T\u00e4gliches Supergr\u00fcn-Pulver<\/strong> ist ein Nahrungserg\u00e4nzungsmittel auf pflanzlicher Basis in Pulverform. Es enth\u00e4lt eine Mischung aus Gem\u00fcse-, Obst- und Ballaststoffquellen und ist so konzipiert, dass es leicht mit Wasser oder einem anderen Getr\u00e4nk gemischt werden kann. OxyGreens ist in verschiedenen frischen Geschmacksrichtungen erh\u00e4ltlich und eignet sich als Erg\u00e4nzung zu einer abwechslungsreichen Ern\u00e4hrung.<\/p>\n<hr \/>\n<h2>Vorteile<\/h2>\n<ul>\n<li>Mischung aus pulverisierten Frucht- und Gem\u00fcseextrakten<\/li>\n<li>Enth\u00e4lt Ballaststoffe<\/li>\n<li>100% auf pflanzlicher Basis und f\u00fcr eine vegane Lebensweise geeignet<\/li>\n<li>Leicht mit Wasser oder Smoothies zu mischen<\/li>\n<li>Erh\u00e4ltlich in verschiedenen Geschmacksrichtungen<\/li>\n<\/ul>\n<hr \/>\n<h2>Gebrauchsanweisung<\/h2>\n<p>Mischen <strong>1 Messl\u00f6ffel (ca. 7 g)<\/strong> OxyGreens mit 350-400 ml Wasser oder in einen Smoothie geben.<\/p>\n<ul>\n<li>Empfohlene Verwendung: <strong>1 Portion pro Tag<\/strong><\/li>\n<li>Kann zu jeder Zeit des Tages eingenommen werden<\/li>\n<li>Vor Gebrauch gut sch\u00fctteln oder umr\u00fchren.<\/li>\n<\/ul>","protected":false},"excerpt":{"rendered":"<p>EHPlabs OxyGreens ist ein pflanzliches Superfood-Pulver mit einer Mischung aus Gem\u00fcse-, Obst- und Ballaststoffquellen. Das Pulver ist einfach mit Wasser oder Smoothies zu mischen und in verschiedenen Geschmacksrichtungen erh\u00e4ltlich. Eine praktische Erg\u00e4nzung f\u00fcr alle, die ihre t\u00e4gliche Ern\u00e4hrung bereichern wollen.<\/p>","protected":false},"featured_media":24,"comment_status":"open","ping_status":"closed","template":"","meta":[],"product_brand":[],"product_cat":[77,72,74,84],"product_tag":[],"class_list":{"0":"post-23","1":"product","2":"type-product","3":"status-publish","4":"has-post-thumbnail","6":"product_cat-bundles-save","7":"product_cat-ehplabs","8":"product_cat-health-wellness","9":"product_cat-vegan-supplementen","11":"first","12":"instock","13":"sale","14":"taxable","15":"shipping-taxable","16":"purchasable","17":"product-type-variable"},"yoast_head":"<!-- This site is optimized with the Yoast SEO plugin v27.5 - https:\/\/yoast.com\/product\/yoast-seo-wordpress\/ -->\n<title>Oxygreens \u2013 Daily Super Greens Powder \u2013 EHPLabs - Holy-Supps.nl<\/title>\n<meta name=\"description\" content=\"Verbeter je immuniteit en spijsvertering met OxyGreens, het best smakende super greens poeder zonder bittere nasmaak. Beschikbaar in heerlijke smaken!\" \/>\n<meta name=\"robots\" content=\"index, follow, max-snippet:-1, max-image-preview:large, max-video-preview:-1\" \/>\n<link rel=\"canonical\" href=\"https:\/\/www.holy-supps.nl\/de\/produkt\/oxygreens-tagliches-super-grunes-pulver-ehplabs\/\" \/>\n<meta property=\"og:locale\" content=\"de_DE\" \/>\n<meta property=\"og:type\" content=\"article\" \/>\n<meta property=\"og:title\" content=\"Oxygreens \u2013 Daily Super Greens Powder \u2013 EHPLabs - Holy-Supps.nl\" \/>\n<meta property=\"og:description\" content=\"Verbeter je immuniteit en spijsvertering met OxyGreens, het best smakende super greens poeder zonder bittere nasmaak. Beschikbaar in heerlijke smaken!\" \/>\n<meta property=\"og:url\" content=\"https:\/\/www.holy-supps.nl\/de\/produkt\/oxygreens-tagliches-super-grunes-pulver-ehplabs\/\" \/>\n<meta property=\"og:site_name\" content=\"Holy-Supps.nl\" \/>\n<meta property=\"article:publisher\" content=\"https:\/\/www.facebook.com\/holy.supps\" \/>\n<meta property=\"article:modified_time\" content=\"2026-04-29T21:53:16+00:00\" \/>\n<meta property=\"og:image\" content=\"https:\/\/www.holy-supps.nl\/wp-content\/uploads\/2023\/01\/OxyGreensProductPhotos2_1000x.webp\" \/>\n\t<meta property=\"og:image:width\" content=\"1000\" \/>\n\t<meta property=\"og:image:height\" content=\"1000\" \/>\n\t<meta property=\"og:image:type\" content=\"image\/webp\" \/>\n<meta name=\"twitter:card\" content=\"summary_large_image\" \/>\n<meta name=\"twitter:label1\" content=\"Gesch\u00e4tzte Lesezeit\" \/>\n\t<meta name=\"twitter:data1\" content=\"1\u00a0Minute\" \/>\n<script type=\"application\/ld+json\" class=\"yoast-schema-graph\">{\"@context\":\"https:\\\/\\\/schema.org\",\"@graph\":[{\"@type\":\"WebPage\",\"@id\":\"https:\\\/\\\/www.holy-supps.nl\\\/product\\\/oxygreens-daily-super-greens-powder-ehplabs\\\/\",\"url\":\"https:\\\/\\\/www.holy-supps.nl\\\/product\\\/oxygreens-daily-super-greens-powder-ehplabs\\\/\",\"name\":\"Oxygreens \u2013 Daily Super Greens Powder \u2013 EHPLabs - Holy-Supps.nl\",\"isPartOf\":{\"@id\":\"https:\\\/\\\/www.holy-supps.nl\\\/#website\"},\"primaryImageOfPage\":{\"@id\":\"https:\\\/\\\/www.holy-supps.nl\\\/product\\\/oxygreens-daily-super-greens-powder-ehplabs\\\/#primaryimage\"},\"image\":{\"@id\":\"https:\\\/\\\/www.holy-supps.nl\\\/product\\\/oxygreens-daily-super-greens-powder-ehplabs\\\/#primaryimage\"},\"thumbnailUrl\":\"https:\\\/\\\/www.holy-supps.nl\\\/wp-content\\\/uploads\\\/2023\\\/01\\\/OxyGreensProductPhotos2_1000x.webp\",\"datePublished\":\"2023-01-08T17:39:30+00:00\",\"dateModified\":\"2026-04-29T21:53:16+00:00\",\"description\":\"Verbeter je immuniteit en spijsvertering met OxyGreens, het best smakende super greens poeder zonder bittere nasmaak. Beschikbaar in heerlijke smaken!\",\"breadcrumb\":{\"@id\":\"https:\\\/\\\/www.holy-supps.nl\\\/product\\\/oxygreens-daily-super-greens-powder-ehplabs\\\/#breadcrumb\"},\"inLanguage\":\"de\",\"potentialAction\":[{\"@type\":\"ReadAction\",\"target\":[\"https:\\\/\\\/www.holy-supps.nl\\\/product\\\/oxygreens-daily-super-greens-powder-ehplabs\\\/\"]}]},{\"@type\":\"ImageObject\",\"inLanguage\":\"de\",\"@id\":\"https:\\\/\\\/www.holy-supps.nl\\\/product\\\/oxygreens-daily-super-greens-powder-ehplabs\\\/#primaryimage\",\"url\":\"https:\\\/\\\/www.holy-supps.nl\\\/wp-content\\\/uploads\\\/2023\\\/01\\\/OxyGreensProductPhotos2_1000x.webp\",\"contentUrl\":\"https:\\\/\\\/www.holy-supps.nl\\\/wp-content\\\/uploads\\\/2023\\\/01\\\/OxyGreensProductPhotos2_1000x.webp\",\"width\":1000,\"height\":1000},{\"@type\":\"BreadcrumbList\",\"@id\":\"https:\\\/\\\/www.holy-supps.nl\\\/product\\\/oxygreens-daily-super-greens-powder-ehplabs\\\/#breadcrumb\",\"itemListElement\":[{\"@type\":\"ListItem\",\"position\":1,\"name\":\"Home\",\"item\":\"https:\\\/\\\/www.holy-supps.nl\\\/\"},{\"@type\":\"ListItem\",\"position\":2,\"name\":\"Winkel\",\"item\":\"https:\\\/\\\/www.holy-supps.nl\\\/winkel\\\/\"},{\"@type\":\"ListItem\",\"position\":3,\"name\":\"Oxygreens \u2013 Daily Super Greens Powder \u2013 EHPLabs\"}]},{\"@type\":\"WebSite\",\"@id\":\"https:\\\/\\\/www.holy-supps.nl\\\/#website\",\"url\":\"https:\\\/\\\/www.holy-supps.nl\\\/\",\"name\":\"Holy-Supps.nl\",\"description\":\"Official EHPLabs Reseller!\",\"publisher\":{\"@id\":\"https:\\\/\\\/www.holy-supps.nl\\\/#organization\"},\"potentialAction\":[{\"@type\":\"SearchAction\",\"target\":{\"@type\":\"EntryPoint\",\"urlTemplate\":\"https:\\\/\\\/www.holy-supps.nl\\\/?s={search_term_string}\"},\"query-input\":{\"@type\":\"PropertyValueSpecification\",\"valueRequired\":true,\"valueName\":\"search_term_string\"}}],\"inLanguage\":\"de\"},{\"@type\":\"Organization\",\"@id\":\"https:\\\/\\\/www.holy-supps.nl\\\/#organization\",\"name\":\"Holy Supps\",\"url\":\"https:\\\/\\\/www.holy-supps.nl\\\/\",\"logo\":{\"@type\":\"ImageObject\",\"inLanguage\":\"de\",\"@id\":\"https:\\\/\\\/www.holy-supps.nl\\\/#\\\/schema\\\/logo\\\/image\\\/\",\"url\":\"https:\\\/\\\/www.holy-supps.nl\\\/wp-content\\\/uploads\\\/2023\\\/06\\\/HOLY-SUPPS.png\",\"contentUrl\":\"https:\\\/\\\/www.holy-supps.nl\\\/wp-content\\\/uploads\\\/2023\\\/06\\\/HOLY-SUPPS.png\",\"width\":1000,\"height\":400,\"caption\":\"Holy Supps\"},\"image\":{\"@id\":\"https:\\\/\\\/www.holy-supps.nl\\\/#\\\/schema\\\/logo\\\/image\\\/\"},\"sameAs\":[\"https:\\\/\\\/www.facebook.com\\\/holy.supps\",\"https:\\\/\\\/www.instagram.com\\\/holy.supps.shop\\\/\"]}]}<\/script>\n<!-- \/ Yoast SEO plugin. -->","yoast_head_json":{"title":"Oxygreens - T\u00e4gliches Super Greens Pulver - EHPLabs - Holy-Supps.de","description":"Verbessern Sie Ihr Immunsystem und Ihre Verdauung mit OxyGreens, dem wohlschmeckenden Super-Greens-Pulver ohne bitteren Nachgeschmack. Erh\u00e4ltlich in k\u00f6stlichen Geschmacksrichtungen!","robots":{"index":"index","follow":"follow","max-snippet":"max-snippet:-1","max-image-preview":"max-image-preview:large","max-video-preview":"max-video-preview:-1"},"canonical":"https:\/\/www.holy-supps.nl\/de\/produkt\/oxygreens-tagliches-super-grunes-pulver-ehplabs\/","og_locale":"de_DE","og_type":"article","og_title":"Oxygreens \u2013 Daily Super Greens Powder \u2013 EHPLabs - Holy-Supps.nl","og_description":"Verbeter je immuniteit en spijsvertering met OxyGreens, het best smakende super greens poeder zonder bittere nasmaak. Beschikbaar in heerlijke smaken!","og_url":"https:\/\/www.holy-supps.nl\/de\/produkt\/oxygreens-tagliches-super-grunes-pulver-ehplabs\/","og_site_name":"Holy-Supps.nl","article_publisher":"https:\/\/www.facebook.com\/holy.supps","article_modified_time":"2026-04-29T21:53:16+00:00","og_image":[{"width":1000,"height":1000,"url":"https:\/\/www.holy-supps.nl\/wp-content\/uploads\/2023\/01\/OxyGreensProductPhotos2_1000x.webp","type":"image\/webp"}],"twitter_card":"summary_large_image","twitter_misc":{"Gesch\u00e4tzte Lesezeit":"1\u00a0Minute"},"schema":{"@context":"https:\/\/schema.org","@graph":[{"@type":"WebPage","@id":"https:\/\/www.holy-supps.nl\/product\/oxygreens-daily-super-greens-powder-ehplabs\/","url":"https:\/\/www.holy-supps.nl\/product\/oxygreens-daily-super-greens-powder-ehplabs\/","name":"Oxygreens - T\u00e4gliches Super Greens Pulver - EHPLabs - Holy-Supps.de","isPartOf":{"@id":"https:\/\/www.holy-supps.nl\/#website"},"primaryImageOfPage":{"@id":"https:\/\/www.holy-supps.nl\/product\/oxygreens-daily-super-greens-powder-ehplabs\/#primaryimage"},"image":{"@id":"https:\/\/www.holy-supps.nl\/product\/oxygreens-daily-super-greens-powder-ehplabs\/#primaryimage"},"thumbnailUrl":"https:\/\/www.holy-supps.nl\/wp-content\/uploads\/2023\/01\/OxyGreensProductPhotos2_1000x.webp","datePublished":"2023-01-08T17:39:30+00:00","dateModified":"2026-04-29T21:53:16+00:00","description":"Verbessern Sie Ihr Immunsystem und Ihre Verdauung mit OxyGreens, dem wohlschmeckenden Super-Greens-Pulver ohne bitteren Nachgeschmack. Erh\u00e4ltlich in k\u00f6stlichen Geschmacksrichtungen!","breadcrumb":{"@id":"https:\/\/www.holy-supps.nl\/product\/oxygreens-daily-super-greens-powder-ehplabs\/#breadcrumb"},"inLanguage":"de","potentialAction":[{"@type":"ReadAction","target":["https:\/\/www.holy-supps.nl\/product\/oxygreens-daily-super-greens-powder-ehplabs\/"]}]},{"@type":"ImageObject","inLanguage":"de","@id":"https:\/\/www.holy-supps.nl\/product\/oxygreens-daily-super-greens-powder-ehplabs\/#primaryimage","url":"https:\/\/www.holy-supps.nl\/wp-content\/uploads\/2023\/01\/OxyGreensProductPhotos2_1000x.webp","contentUrl":"https:\/\/www.holy-supps.nl\/wp-content\/uploads\/2023\/01\/OxyGreensProductPhotos2_1000x.webp","width":1000,"height":1000},{"@type":"BreadcrumbList","@id":"https:\/\/www.holy-supps.nl\/product\/oxygreens-daily-super-greens-powder-ehplabs\/#breadcrumb","itemListElement":[{"@type":"ListItem","position":1,"name":"Home","item":"https:\/\/www.holy-supps.nl\/"},{"@type":"ListItem","position":2,"name":"Winkel","item":"https:\/\/www.holy-supps.nl\/winkel\/"},{"@type":"ListItem","position":3,"name":"Oxygreens \u2013 Daily Super Greens Powder \u2013 EHPLabs"}]},{"@type":"WebSite","@id":"https:\/\/www.holy-supps.nl\/#website","url":"https:\/\/www.holy-supps.nl\/","name":"Holy-Supps.co.uk","description":"Offizieller EHPLabs-H\u00e4ndler!","publisher":{"@id":"https:\/\/www.holy-supps.nl\/#organization"},"potentialAction":[{"@type":"SearchAction","target":{"@type":"EntryPoint","urlTemplate":"https:\/\/www.holy-supps.nl\/?s={search_term_string}"},"query-input":{"@type":"PropertyValueSpecification","valueRequired":true,"valueName":"search_term_string"}}],"inLanguage":"de"},{"@type":"Organization","@id":"https:\/\/www.holy-supps.nl\/#organization","name":"Heiliges Abendmahl","url":"https:\/\/www.holy-supps.nl\/","logo":{"@type":"ImageObject","inLanguage":"de","@id":"https:\/\/www.holy-supps.nl\/#\/schema\/logo\/image\/","url":"https:\/\/www.holy-supps.nl\/wp-content\/uploads\/2023\/06\/HOLY-SUPPS.png","contentUrl":"https:\/\/www.holy-supps.nl\/wp-content\/uploads\/2023\/06\/HOLY-SUPPS.png","width":1000,"height":400,"caption":"Holy Supps"},"image":{"@id":"https:\/\/www.holy-supps.nl\/#\/schema\/logo\/image\/"},"sameAs":["https:\/\/www.facebook.com\/holy.supps","https:\/\/www.instagram.com\/holy.supps.shop\/"]}]}},"jetpack_sharing_enabled":true,"_links":{"self":[{"href":"https:\/\/www.holy-supps.nl\/de\/wp-json\/wp\/v2\/product\/23","targetHints":{"allow":["GET"]}}],"collection":[{"href":"https:\/\/www.holy-supps.nl\/de\/wp-json\/wp\/v2\/product"}],"about":[{"href":"https:\/\/www.holy-supps.nl\/de\/wp-json\/wp\/v2\/types\/product"}],"replies":[{"embeddable":true,"href":"https:\/\/www.holy-supps.nl\/de\/wp-json\/wp\/v2\/comments?post=23"}],"wp:featuredmedia":[{"embeddable":true,"href":"https:\/\/www.holy-supps.nl\/de\/wp-json\/wp\/v2\/media\/24"}],"wp:attachment":[{"href":"https:\/\/www.holy-supps.nl\/de\/wp-json\/wp\/v2\/media?parent=23"}],"wp:term":[{"taxonomy":"product_brand","embeddable":true,"href":"https:\/\/www.holy-supps.nl\/de\/wp-json\/wp\/v2\/product_brand?post=23"},{"taxonomy":"product_cat","embeddable":true,"href":"https:\/\/www.holy-supps.nl\/de\/wp-json\/wp\/v2\/product_cat?post=23"},{"taxonomy":"product_tag","embeddable":true,"href":"https:\/\/www.holy-supps.nl\/de\/wp-json\/wp\/v2\/product_tag?post=23"}],"curies":[{"name":"wp","href":"https:\/\/api.w.org\/{rel}","templated":true}]}}