{"id":2226,"date":"2024-03-29T22:39:53","date_gmt":"2024-03-29T21:39:53","guid":{"rendered":"https:\/\/www.holy-supps.nl\/product\/protein-works-omega-3-high-strength\/"},"modified":"2025-12-22T17:14:59","modified_gmt":"2025-12-22T16:14:59","slug":"protein-works-omega-3-high-strength","status":"publish","type":"product","link":"https:\/\/www.holy-supps.nl\/de\/product\/protein-works-omega-3-high-strength\/","title":{"rendered":"Omega 3 High Strength - Protein Works"},"content":{"rendered":"<p>Unser Omega 3 High Strength ist eine hochwertige Erg\u00e4nzungsformel, die aus erstklassigem Fisch\u00f6l gewonnen wird. Jedes Softgel enth\u00e4lt 1000 mg Fisch\u00f6l - 180 mg EPA und 120 mg DHA. Alles in einer leicht zu schluckenden Kapsel.<\/p>\n<h3>Was ist Omega-3-\u00d6l?<\/h3>\n<p>Omega 3 von Protein Works ist eine au\u00dfergew\u00f6hnlich hochwertige Formel, die aus hochwertigem Fisch\u00f6l gewonnen wird. Jede Omega 3 Erg\u00e4nzung Softgel enth\u00e4lt 180 mg EPA und 120 mg DHA. Omega-3-Fetts\u00e4uren sind mehrfach unges\u00e4ttigte Fette, die Ihr K\u00f6rper nicht selbst herstellen kann und daher \u00fcber die Nahrung oder Nahrungserg\u00e4nzungsmittel zugef\u00fchrt werden m\u00fcssen. Omega-3-Kapseln sind eine bequeme Art der Nahrungserg\u00e4nzung, vor allem, wenn Sie wenig oder keinen fetten Fisch essen.<\/p>\n<h3>Warum Omega 3 verwenden?<\/h3>\n<p>Eine Omega-3-Erg\u00e4nzung enth\u00e4lt essenzielle Fetts\u00e4uren, die \u00fcber die t\u00e4gliche Ern\u00e4hrung oft nicht in ausreichender Menge aufgenommen werden k\u00f6nnen. Der K\u00f6rper kann diese Fette nicht selbst herstellen, so dass eine Erg\u00e4nzung durch Nahrungsmittel oder Nahrungserg\u00e4nzungsmittel wichtig sein kann. Omega 3 wird oft als wertvolle Erg\u00e4nzung zu einer gesunden Ern\u00e4hrung angesehen und ist daher bei Menschen beliebt, die sich ihrer Lebensweise bewusst sind.<\/p>","protected":false},"excerpt":{"rendered":"<p>Onze Omega 3 High Strength is een supplementformule van hoge kwaliteit, afkomstig van premium visolie. Elke softgel bevat 1000 mg visolie \u2013 180 mg EPA en 120 mg DHA. Alles in een gemakkelijk te slikken capsule. Wat is Omega 3 olie? Omega 3 van Protein Works is een formule van uitzonderlijk hoge kwaliteit, afkomstig van [&#8230;]\n","protected":false},"featured_media":2227,"comment_status":"open","ping_status":"closed","template":"","meta":[],"product_brand":[],"product_cat":[77,74,73,70],"product_tag":[],"class_list":{"0":"post-2226","1":"product","2":"type-product","3":"status-publish","4":"has-post-thumbnail","6":"product_cat-bundles-save","7":"product_cat-health-wellness","8":"product_cat-protein-works","9":"product_cat-raws","11":"first","12":"instock","13":"sale","14":"taxable","15":"shipping-taxable","16":"purchasable","17":"product-type-simple"},"yoast_head":"<!-- This site is optimized with the Yoast SEO plugin v27.4 - https:\/\/yoast.com\/product\/yoast-seo-wordpress\/ -->\n<title>Omega 3 High Strength - Protein Works - Holy-Supps.nl<\/title>\n<meta name=\"description\" content=\"Omega 3 High Strength: 1000 mg visolie per softgel, met 180 mg EPA en 120 mg DHA. Ondersteunt hart, hersenfunctie en vetverlies. Hoogwaardige kwaliteit.\" \/>\n<meta name=\"robots\" content=\"index, follow, max-snippet:-1, max-image-preview:large, max-video-preview:-1\" \/>\n<link rel=\"canonical\" href=\"https:\/\/www.holy-supps.nl\/de\/produkt\/protein-works-omega-3-high-strength\/\" \/>\n<meta property=\"og:locale\" content=\"de_DE\" \/>\n<meta property=\"og:type\" content=\"article\" \/>\n<meta property=\"og:title\" content=\"Omega 3 High Strength - Protein Works - Holy-Supps.nl\" \/>\n<meta property=\"og:description\" content=\"Omega 3 High Strength: 1000 mg visolie per softgel, met 180 mg EPA en 120 mg DHA. Ondersteunt hart, hersenfunctie en vetverlies. Hoogwaardige kwaliteit.\" \/>\n<meta property=\"og:url\" content=\"https:\/\/www.holy-supps.nl\/de\/produkt\/protein-works-omega-3-high-strength\/\" \/>\n<meta property=\"og:site_name\" content=\"Holy-Supps.nl\" \/>\n<meta property=\"article:publisher\" content=\"https:\/\/www.facebook.com\/holy.supps\" \/>\n<meta property=\"article:modified_time\" content=\"2025-12-22T16:14:59+00:00\" \/>\n<meta property=\"og:image\" content=\"https:\/\/www.holy-supps.nl\/wp-content\/uploads\/2024\/03\/img_0367.jpeg\" \/>\n\t<meta property=\"og:image:width\" content=\"1048\" \/>\n\t<meta property=\"og:image:height\" content=\"1336\" \/>\n\t<meta property=\"og:image:type\" content=\"image\/jpeg\" \/>\n<meta name=\"twitter:card\" content=\"summary_large_image\" \/>\n<meta name=\"twitter:label1\" content=\"Gesch\u00e4tzte Lesezeit\" \/>\n\t<meta name=\"twitter:data1\" content=\"2\u00a0Minuten\" \/>\n<script type=\"application\/ld+json\" class=\"yoast-schema-graph\">{\"@context\":\"https:\\\/\\\/schema.org\",\"@graph\":[{\"@type\":\"WebPage\",\"@id\":\"https:\\\/\\\/www.holy-supps.nl\\\/product\\\/protein-works-omega-3-high-strength\\\/\",\"url\":\"https:\\\/\\\/www.holy-supps.nl\\\/product\\\/protein-works-omega-3-high-strength\\\/\",\"name\":\"Omega 3 High Strength - Protein Works - Holy-Supps.nl\",\"isPartOf\":{\"@id\":\"https:\\\/\\\/www.holy-supps.nl\\\/#website\"},\"primaryImageOfPage\":{\"@id\":\"https:\\\/\\\/www.holy-supps.nl\\\/product\\\/protein-works-omega-3-high-strength\\\/#primaryimage\"},\"image\":{\"@id\":\"https:\\\/\\\/www.holy-supps.nl\\\/product\\\/protein-works-omega-3-high-strength\\\/#primaryimage\"},\"thumbnailUrl\":\"https:\\\/\\\/www.holy-supps.nl\\\/wp-content\\\/uploads\\\/2024\\\/03\\\/img_0367.jpeg\",\"datePublished\":\"2024-03-29T21:39:53+00:00\",\"dateModified\":\"2025-12-22T16:14:59+00:00\",\"description\":\"Omega 3 High Strength: 1000 mg visolie per softgel, met 180 mg EPA en 120 mg DHA. Ondersteunt hart, hersenfunctie en vetverlies. Hoogwaardige kwaliteit.\",\"breadcrumb\":{\"@id\":\"https:\\\/\\\/www.holy-supps.nl\\\/product\\\/protein-works-omega-3-high-strength\\\/#breadcrumb\"},\"inLanguage\":\"de\",\"potentialAction\":[{\"@type\":\"ReadAction\",\"target\":[\"https:\\\/\\\/www.holy-supps.nl\\\/product\\\/protein-works-omega-3-high-strength\\\/\"]}]},{\"@type\":\"ImageObject\",\"inLanguage\":\"de\",\"@id\":\"https:\\\/\\\/www.holy-supps.nl\\\/product\\\/protein-works-omega-3-high-strength\\\/#primaryimage\",\"url\":\"https:\\\/\\\/www.holy-supps.nl\\\/wp-content\\\/uploads\\\/2024\\\/03\\\/img_0367.jpeg\",\"contentUrl\":\"https:\\\/\\\/www.holy-supps.nl\\\/wp-content\\\/uploads\\\/2024\\\/03\\\/img_0367.jpeg\",\"width\":1048,\"height\":1336},{\"@type\":\"BreadcrumbList\",\"@id\":\"https:\\\/\\\/www.holy-supps.nl\\\/product\\\/protein-works-omega-3-high-strength\\\/#breadcrumb\",\"itemListElement\":[{\"@type\":\"ListItem\",\"position\":1,\"name\":\"Home\",\"item\":\"https:\\\/\\\/www.holy-supps.nl\\\/\"},{\"@type\":\"ListItem\",\"position\":2,\"name\":\"Winkel\",\"item\":\"https:\\\/\\\/www.holy-supps.nl\\\/winkel\\\/\"},{\"@type\":\"ListItem\",\"position\":3,\"name\":\"Omega 3 High Strength &#8211; Protein Works\"}]},{\"@type\":\"WebSite\",\"@id\":\"https:\\\/\\\/www.holy-supps.nl\\\/#website\",\"url\":\"https:\\\/\\\/www.holy-supps.nl\\\/\",\"name\":\"Holy-Supps.nl\",\"description\":\"Official EHPLabs Reseller!\",\"publisher\":{\"@id\":\"https:\\\/\\\/www.holy-supps.nl\\\/#organization\"},\"potentialAction\":[{\"@type\":\"SearchAction\",\"target\":{\"@type\":\"EntryPoint\",\"urlTemplate\":\"https:\\\/\\\/www.holy-supps.nl\\\/?s={search_term_string}\"},\"query-input\":{\"@type\":\"PropertyValueSpecification\",\"valueRequired\":true,\"valueName\":\"search_term_string\"}}],\"inLanguage\":\"de\"},{\"@type\":\"Organization\",\"@id\":\"https:\\\/\\\/www.holy-supps.nl\\\/#organization\",\"name\":\"Holy Supps\",\"url\":\"https:\\\/\\\/www.holy-supps.nl\\\/\",\"logo\":{\"@type\":\"ImageObject\",\"inLanguage\":\"de\",\"@id\":\"https:\\\/\\\/www.holy-supps.nl\\\/#\\\/schema\\\/logo\\\/image\\\/\",\"url\":\"https:\\\/\\\/www.holy-supps.nl\\\/wp-content\\\/uploads\\\/2023\\\/06\\\/HOLY-SUPPS.png\",\"contentUrl\":\"https:\\\/\\\/www.holy-supps.nl\\\/wp-content\\\/uploads\\\/2023\\\/06\\\/HOLY-SUPPS.png\",\"width\":1000,\"height\":400,\"caption\":\"Holy Supps\"},\"image\":{\"@id\":\"https:\\\/\\\/www.holy-supps.nl\\\/#\\\/schema\\\/logo\\\/image\\\/\"},\"sameAs\":[\"https:\\\/\\\/www.facebook.com\\\/holy.supps\",\"https:\\\/\\\/www.instagram.com\\\/holy.supps.shop\\\/\"]}]}<\/script>\n<!-- \/ Yoast SEO plugin. -->","yoast_head_json":{"title":"Omega 3 High Strength - Protein Works - Holy-Supps.de","description":"Omega 3 High Strength: 1000 mg Fisch\u00f6l pro Softgel, mit 180 mg EPA und 120 mg DHA. Unterst\u00fctzt Herz, Gehirnfunktion und Fettabbau. Hohe Qualit\u00e4t.","robots":{"index":"index","follow":"follow","max-snippet":"max-snippet:-1","max-image-preview":"max-image-preview:large","max-video-preview":"max-video-preview:-1"},"canonical":"https:\/\/www.holy-supps.nl\/de\/produkt\/protein-works-omega-3-high-strength\/","og_locale":"de_DE","og_type":"article","og_title":"Omega 3 High Strength - Protein Works - Holy-Supps.nl","og_description":"Omega 3 High Strength: 1000 mg visolie per softgel, met 180 mg EPA en 120 mg DHA. Ondersteunt hart, hersenfunctie en vetverlies. Hoogwaardige kwaliteit.","og_url":"https:\/\/www.holy-supps.nl\/de\/produkt\/protein-works-omega-3-high-strength\/","og_site_name":"Holy-Supps.nl","article_publisher":"https:\/\/www.facebook.com\/holy.supps","article_modified_time":"2025-12-22T16:14:59+00:00","og_image":[{"width":1048,"height":1336,"url":"https:\/\/www.holy-supps.nl\/wp-content\/uploads\/2024\/03\/img_0367.jpeg","type":"image\/jpeg"}],"twitter_card":"summary_large_image","twitter_misc":{"Gesch\u00e4tzte Lesezeit":"2\u00a0Minuten"},"schema":{"@context":"https:\/\/schema.org","@graph":[{"@type":"WebPage","@id":"https:\/\/www.holy-supps.nl\/product\/protein-works-omega-3-high-strength\/","url":"https:\/\/www.holy-supps.nl\/product\/protein-works-omega-3-high-strength\/","name":"Omega 3 High Strength - Protein Works - Holy-Supps.de","isPartOf":{"@id":"https:\/\/www.holy-supps.nl\/#website"},"primaryImageOfPage":{"@id":"https:\/\/www.holy-supps.nl\/product\/protein-works-omega-3-high-strength\/#primaryimage"},"image":{"@id":"https:\/\/www.holy-supps.nl\/product\/protein-works-omega-3-high-strength\/#primaryimage"},"thumbnailUrl":"https:\/\/www.holy-supps.nl\/wp-content\/uploads\/2024\/03\/img_0367.jpeg","datePublished":"2024-03-29T21:39:53+00:00","dateModified":"2025-12-22T16:14:59+00:00","description":"Omega 3 High Strength: 1000 mg Fisch\u00f6l pro Softgel, mit 180 mg EPA und 120 mg DHA. Unterst\u00fctzt Herz, Gehirnfunktion und Fettabbau. Hohe Qualit\u00e4t.","breadcrumb":{"@id":"https:\/\/www.holy-supps.nl\/product\/protein-works-omega-3-high-strength\/#breadcrumb"},"inLanguage":"de","potentialAction":[{"@type":"ReadAction","target":["https:\/\/www.holy-supps.nl\/product\/protein-works-omega-3-high-strength\/"]}]},{"@type":"ImageObject","inLanguage":"de","@id":"https:\/\/www.holy-supps.nl\/product\/protein-works-omega-3-high-strength\/#primaryimage","url":"https:\/\/www.holy-supps.nl\/wp-content\/uploads\/2024\/03\/img_0367.jpeg","contentUrl":"https:\/\/www.holy-supps.nl\/wp-content\/uploads\/2024\/03\/img_0367.jpeg","width":1048,"height":1336},{"@type":"BreadcrumbList","@id":"https:\/\/www.holy-supps.nl\/product\/protein-works-omega-3-high-strength\/#breadcrumb","itemListElement":[{"@type":"ListItem","position":1,"name":"Home","item":"https:\/\/www.holy-supps.nl\/"},{"@type":"ListItem","position":2,"name":"Winkel","item":"https:\/\/www.holy-supps.nl\/winkel\/"},{"@type":"ListItem","position":3,"name":"Omega 3 High Strength &#8211; Protein Works"}]},{"@type":"WebSite","@id":"https:\/\/www.holy-supps.nl\/#website","url":"https:\/\/www.holy-supps.nl\/","name":"Holy-Supps.co.uk","description":"Offizieller EHPLabs-H\u00e4ndler!","publisher":{"@id":"https:\/\/www.holy-supps.nl\/#organization"},"potentialAction":[{"@type":"SearchAction","target":{"@type":"EntryPoint","urlTemplate":"https:\/\/www.holy-supps.nl\/?s={search_term_string}"},"query-input":{"@type":"PropertyValueSpecification","valueRequired":true,"valueName":"search_term_string"}}],"inLanguage":"de"},{"@type":"Organization","@id":"https:\/\/www.holy-supps.nl\/#organization","name":"Heiliges Abendmahl","url":"https:\/\/www.holy-supps.nl\/","logo":{"@type":"ImageObject","inLanguage":"de","@id":"https:\/\/www.holy-supps.nl\/#\/schema\/logo\/image\/","url":"https:\/\/www.holy-supps.nl\/wp-content\/uploads\/2023\/06\/HOLY-SUPPS.png","contentUrl":"https:\/\/www.holy-supps.nl\/wp-content\/uploads\/2023\/06\/HOLY-SUPPS.png","width":1000,"height":400,"caption":"Holy Supps"},"image":{"@id":"https:\/\/www.holy-supps.nl\/#\/schema\/logo\/image\/"},"sameAs":["https:\/\/www.facebook.com\/holy.supps","https:\/\/www.instagram.com\/holy.supps.shop\/"]}]}},"jetpack_sharing_enabled":true,"_links":{"self":[{"href":"https:\/\/www.holy-supps.nl\/de\/wp-json\/wp\/v2\/product\/2226","targetHints":{"allow":["GET"]}}],"collection":[{"href":"https:\/\/www.holy-supps.nl\/de\/wp-json\/wp\/v2\/product"}],"about":[{"href":"https:\/\/www.holy-supps.nl\/de\/wp-json\/wp\/v2\/types\/product"}],"replies":[{"embeddable":true,"href":"https:\/\/www.holy-supps.nl\/de\/wp-json\/wp\/v2\/comments?post=2226"}],"wp:featuredmedia":[{"embeddable":true,"href":"https:\/\/www.holy-supps.nl\/de\/wp-json\/wp\/v2\/media\/2227"}],"wp:attachment":[{"href":"https:\/\/www.holy-supps.nl\/de\/wp-json\/wp\/v2\/media?parent=2226"}],"wp:term":[{"taxonomy":"product_brand","embeddable":true,"href":"https:\/\/www.holy-supps.nl\/de\/wp-json\/wp\/v2\/product_brand?post=2226"},{"taxonomy":"product_cat","embeddable":true,"href":"https:\/\/www.holy-supps.nl\/de\/wp-json\/wp\/v2\/product_cat?post=2226"},{"taxonomy":"product_tag","embeddable":true,"href":"https:\/\/www.holy-supps.nl\/de\/wp-json\/wp\/v2\/product_tag?post=2226"}],"curies":[{"name":"wp","href":"https:\/\/api.w.org\/{rel}","templated":true}]}}