{"id":2020,"date":"2024-02-15T10:56:55","date_gmt":"2024-02-15T09:56:55","guid":{"rendered":"https:\/\/www.holy-supps.nl\/?post_type=product&#038;p=2020"},"modified":"2025-11-11T22:24:46","modified_gmt":"2025-11-11T21:24:46","slug":"arriba-ernahrung-molkenprotein","status":"publish","type":"product","link":"https:\/\/www.holy-supps.nl\/de\/product\/arriba-nutrition-whey-protein\/","title":{"rendered":"Arriba Nutrition - Whey Protein"},"content":{"rendered":"<p>Unser Arriba Molkenproteinkonzentrat wird aus hochwertigem Molkenprotein mit 24 Gramm Protein pro Portion hergestellt. Dieser Shake enth\u00e4lt alle neun essentiellen Aminos\u00e4uren und ist eine praktische Erg\u00e4nzung f\u00fcr eine aktive Ern\u00e4hrung.<\/p>\n<h1>Inhalt<\/h1>\n<p>1000 GRAM<\/p>\n<h1>Inhaltsstoffe<\/h1>\n<p>Molkeneiwei\u00dfkonzentrat (MILCH), nat\u00fcrliches Aroma, Verdickungsmittel: Xanthan, Sonnenblumenlecithin, Vanillin, S\u00fc\u00dfstoff: Sucralose.<\/p>\n<h1>Empfohlene t\u00e4gliche Anwendung<\/h1>\n<p>Mischen Sie 30 g (ca. 1 Messl\u00f6ffel) Arriba Whey Protein Vanille mit 250 ml Wasser oder Milch.<\/p>\n<h1>Allergene<\/h1>\n<p>Dieses Produkt enth\u00e4lt Milch. Kann m\u00f6glicherweise Spuren von Soja, Gluten, Ei und Fisch enthalten.<\/p>\n<h1>Hinweise zur Lagerung<\/h1>\n<p>An einem k\u00fchlen, trockenen Ort und au\u00dferhalb der Reichweite von kleinen Kindern aufbewahren. Nach dem \u00d6ffnen sind sie nur begrenzt haltbar. Mindesthaltbarkeitsdatum und Chargennummer: siehe Boden des Beh\u00e4lters.<\/p>","protected":false},"excerpt":{"rendered":"<ul>\n<li>Hochwertige Proteinmischung aus 50%-Isolat<\/li>\n<li>24 g hochwertiges Protein pro Portion<\/li>\n<li>5 g nat\u00fcrlich vorkommende BCAAs pro Portion<\/li>\n<li>Zuckerarm und fettarm<\/li>\n<\/ul>","protected":false},"featured_media":3107,"comment_status":"open","ping_status":"closed","template":"","meta":[],"product_brand":[],"product_cat":[86,89,222,67],"product_tag":[],"class_list":{"0":"post-2020","1":"product","2":"type-product","3":"status-publish","4":"has-post-thumbnail","6":"product_cat-aankomen","7":"product_cat-afvallen","8":"product_cat-arriba-nutrition","9":"product_cat-eiwitten-proteine","11":"first","12":"outofstock","13":"taxable","14":"shipping-taxable","15":"purchasable","16":"product-type-variable"},"yoast_head":"<!-- This site is optimized with the Yoast SEO plugin v27.5 - https:\/\/yoast.com\/product\/yoast-seo-wordpress\/ -->\n<title>Arriba Nutrition - Whey Protein - Holy-Supps.nl<\/title>\n<meta name=\"description\" content=\"Arriba Whey Protein Concentrate: 24g eiwitten per portie voor spiergroei en herstel. Ideaal voor na de training. Verhoog je spiermassa met hoogwaardige whey!\" \/>\n<meta name=\"robots\" content=\"index, follow, max-snippet:-1, max-image-preview:large, max-video-preview:-1\" \/>\n<link rel=\"canonical\" href=\"https:\/\/www.holy-supps.nl\/de\/produkt\/arriba-ernahrung-molkenprotein\/\" \/>\n<meta property=\"og:locale\" content=\"de_DE\" \/>\n<meta property=\"og:type\" content=\"article\" \/>\n<meta property=\"og:title\" content=\"Arriba Nutrition - Whey Protein - Holy-Supps.nl\" \/>\n<meta property=\"og:description\" content=\"Arriba Whey Protein Concentrate: 24g eiwitten per portie voor spiergroei en herstel. Ideaal voor na de training. Verhoog je spiermassa met hoogwaardige whey!\" \/>\n<meta property=\"og:url\" content=\"https:\/\/www.holy-supps.nl\/de\/produkt\/arriba-ernahrung-molkenprotein\/\" \/>\n<meta property=\"og:site_name\" content=\"Holy-Supps.nl\" \/>\n<meta property=\"article:publisher\" content=\"https:\/\/www.facebook.com\/holy.supps\" \/>\n<meta property=\"article:modified_time\" content=\"2025-11-11T21:24:46+00:00\" \/>\n<meta property=\"og:image\" content=\"https:\/\/www.holy-supps.nl\/wp-content\/uploads\/2024\/02\/WHEY-ISOLATE_aangepast-1.png\" \/>\n\t<meta property=\"og:image:width\" content=\"1149\" \/>\n\t<meta property=\"og:image:height\" content=\"1249\" \/>\n\t<meta property=\"og:image:type\" content=\"image\/png\" \/>\n<meta name=\"twitter:card\" content=\"summary_large_image\" \/>\n<meta name=\"twitter:label1\" content=\"Gesch\u00e4tzte Lesezeit\" \/>\n\t<meta name=\"twitter:data1\" content=\"1\u00a0Minute\" \/>\n<script type=\"application\/ld+json\" class=\"yoast-schema-graph\">{\"@context\":\"https:\\\/\\\/schema.org\",\"@graph\":[{\"@type\":\"WebPage\",\"@id\":\"https:\\\/\\\/www.holy-supps.nl\\\/product\\\/arriba-nutrition-whey-protein\\\/\",\"url\":\"https:\\\/\\\/www.holy-supps.nl\\\/product\\\/arriba-nutrition-whey-protein\\\/\",\"name\":\"Arriba Nutrition - Whey Protein - Holy-Supps.nl\",\"isPartOf\":{\"@id\":\"https:\\\/\\\/www.holy-supps.nl\\\/#website\"},\"primaryImageOfPage\":{\"@id\":\"https:\\\/\\\/www.holy-supps.nl\\\/product\\\/arriba-nutrition-whey-protein\\\/#primaryimage\"},\"image\":{\"@id\":\"https:\\\/\\\/www.holy-supps.nl\\\/product\\\/arriba-nutrition-whey-protein\\\/#primaryimage\"},\"thumbnailUrl\":\"https:\\\/\\\/www.holy-supps.nl\\\/wp-content\\\/uploads\\\/2024\\\/02\\\/WHEY-ISOLATE_aangepast-1.png\",\"datePublished\":\"2024-02-15T09:56:55+00:00\",\"dateModified\":\"2025-11-11T21:24:46+00:00\",\"description\":\"Arriba Whey Protein Concentrate: 24g eiwitten per portie voor spiergroei en herstel. Ideaal voor na de training. Verhoog je spiermassa met hoogwaardige whey!\",\"breadcrumb\":{\"@id\":\"https:\\\/\\\/www.holy-supps.nl\\\/product\\\/arriba-nutrition-whey-protein\\\/#breadcrumb\"},\"inLanguage\":\"de\",\"potentialAction\":[{\"@type\":\"ReadAction\",\"target\":[\"https:\\\/\\\/www.holy-supps.nl\\\/product\\\/arriba-nutrition-whey-protein\\\/\"]}]},{\"@type\":\"ImageObject\",\"inLanguage\":\"de\",\"@id\":\"https:\\\/\\\/www.holy-supps.nl\\\/product\\\/arriba-nutrition-whey-protein\\\/#primaryimage\",\"url\":\"https:\\\/\\\/www.holy-supps.nl\\\/wp-content\\\/uploads\\\/2024\\\/02\\\/WHEY-ISOLATE_aangepast-1.png\",\"contentUrl\":\"https:\\\/\\\/www.holy-supps.nl\\\/wp-content\\\/uploads\\\/2024\\\/02\\\/WHEY-ISOLATE_aangepast-1.png\",\"width\":1149,\"height\":1249},{\"@type\":\"BreadcrumbList\",\"@id\":\"https:\\\/\\\/www.holy-supps.nl\\\/product\\\/arriba-nutrition-whey-protein\\\/#breadcrumb\",\"itemListElement\":[{\"@type\":\"ListItem\",\"position\":1,\"name\":\"Home\",\"item\":\"https:\\\/\\\/www.holy-supps.nl\\\/\"},{\"@type\":\"ListItem\",\"position\":2,\"name\":\"Winkel\",\"item\":\"https:\\\/\\\/www.holy-supps.nl\\\/winkel\\\/\"},{\"@type\":\"ListItem\",\"position\":3,\"name\":\"Arriba Nutrition &#8211; Whey Protein\"}]},{\"@type\":\"WebSite\",\"@id\":\"https:\\\/\\\/www.holy-supps.nl\\\/#website\",\"url\":\"https:\\\/\\\/www.holy-supps.nl\\\/\",\"name\":\"Holy-Supps.nl\",\"description\":\"Official EHPLabs Reseller!\",\"publisher\":{\"@id\":\"https:\\\/\\\/www.holy-supps.nl\\\/#organization\"},\"potentialAction\":[{\"@type\":\"SearchAction\",\"target\":{\"@type\":\"EntryPoint\",\"urlTemplate\":\"https:\\\/\\\/www.holy-supps.nl\\\/?s={search_term_string}\"},\"query-input\":{\"@type\":\"PropertyValueSpecification\",\"valueRequired\":true,\"valueName\":\"search_term_string\"}}],\"inLanguage\":\"de\"},{\"@type\":\"Organization\",\"@id\":\"https:\\\/\\\/www.holy-supps.nl\\\/#organization\",\"name\":\"Holy Supps\",\"url\":\"https:\\\/\\\/www.holy-supps.nl\\\/\",\"logo\":{\"@type\":\"ImageObject\",\"inLanguage\":\"de\",\"@id\":\"https:\\\/\\\/www.holy-supps.nl\\\/#\\\/schema\\\/logo\\\/image\\\/\",\"url\":\"https:\\\/\\\/www.holy-supps.nl\\\/wp-content\\\/uploads\\\/2023\\\/06\\\/HOLY-SUPPS.png\",\"contentUrl\":\"https:\\\/\\\/www.holy-supps.nl\\\/wp-content\\\/uploads\\\/2023\\\/06\\\/HOLY-SUPPS.png\",\"width\":1000,\"height\":400,\"caption\":\"Holy Supps\"},\"image\":{\"@id\":\"https:\\\/\\\/www.holy-supps.nl\\\/#\\\/schema\\\/logo\\\/image\\\/\"},\"sameAs\":[\"https:\\\/\\\/www.facebook.com\\\/holy.supps\",\"https:\\\/\\\/www.instagram.com\\\/holy.supps.shop\\\/\"]}]}<\/script>\n<!-- \/ Yoast SEO plugin. -->","yoast_head_json":{"title":"Arriba Nutrition - Molkenprotein - Holy-Supps.de","description":"Arriba Molkenproteinkonzentrat: 24 g Protein pro Portion f\u00fcr Muskelwachstum und Erholung. Ideal f\u00fcr nach dem Training. Steigern Sie Ihre Muskelmasse mit hochwertiger Molke!","robots":{"index":"index","follow":"follow","max-snippet":"max-snippet:-1","max-image-preview":"max-image-preview:large","max-video-preview":"max-video-preview:-1"},"canonical":"https:\/\/www.holy-supps.nl\/de\/produkt\/arriba-ernahrung-molkenprotein\/","og_locale":"de_DE","og_type":"article","og_title":"Arriba Nutrition - Whey Protein - Holy-Supps.nl","og_description":"Arriba Whey Protein Concentrate: 24g eiwitten per portie voor spiergroei en herstel. Ideaal voor na de training. Verhoog je spiermassa met hoogwaardige whey!","og_url":"https:\/\/www.holy-supps.nl\/de\/produkt\/arriba-ernahrung-molkenprotein\/","og_site_name":"Holy-Supps.nl","article_publisher":"https:\/\/www.facebook.com\/holy.supps","article_modified_time":"2025-11-11T21:24:46+00:00","og_image":[{"width":1149,"height":1249,"url":"https:\/\/www.holy-supps.nl\/wp-content\/uploads\/2024\/02\/WHEY-ISOLATE_aangepast-1.png","type":"image\/png"}],"twitter_card":"summary_large_image","twitter_misc":{"Gesch\u00e4tzte Lesezeit":"1\u00a0Minute"},"schema":{"@context":"https:\/\/schema.org","@graph":[{"@type":"WebPage","@id":"https:\/\/www.holy-supps.nl\/product\/arriba-nutrition-whey-protein\/","url":"https:\/\/www.holy-supps.nl\/product\/arriba-nutrition-whey-protein\/","name":"Arriba Nutrition - Molkenprotein - Holy-Supps.de","isPartOf":{"@id":"https:\/\/www.holy-supps.nl\/#website"},"primaryImageOfPage":{"@id":"https:\/\/www.holy-supps.nl\/product\/arriba-nutrition-whey-protein\/#primaryimage"},"image":{"@id":"https:\/\/www.holy-supps.nl\/product\/arriba-nutrition-whey-protein\/#primaryimage"},"thumbnailUrl":"https:\/\/www.holy-supps.nl\/wp-content\/uploads\/2024\/02\/WHEY-ISOLATE_aangepast-1.png","datePublished":"2024-02-15T09:56:55+00:00","dateModified":"2025-11-11T21:24:46+00:00","description":"Arriba Molkenproteinkonzentrat: 24 g Protein pro Portion f\u00fcr Muskelwachstum und Erholung. Ideal f\u00fcr nach dem Training. Steigern Sie Ihre Muskelmasse mit hochwertiger Molke!","breadcrumb":{"@id":"https:\/\/www.holy-supps.nl\/product\/arriba-nutrition-whey-protein\/#breadcrumb"},"inLanguage":"de","potentialAction":[{"@type":"ReadAction","target":["https:\/\/www.holy-supps.nl\/product\/arriba-nutrition-whey-protein\/"]}]},{"@type":"ImageObject","inLanguage":"de","@id":"https:\/\/www.holy-supps.nl\/product\/arriba-nutrition-whey-protein\/#primaryimage","url":"https:\/\/www.holy-supps.nl\/wp-content\/uploads\/2024\/02\/WHEY-ISOLATE_aangepast-1.png","contentUrl":"https:\/\/www.holy-supps.nl\/wp-content\/uploads\/2024\/02\/WHEY-ISOLATE_aangepast-1.png","width":1149,"height":1249},{"@type":"BreadcrumbList","@id":"https:\/\/www.holy-supps.nl\/product\/arriba-nutrition-whey-protein\/#breadcrumb","itemListElement":[{"@type":"ListItem","position":1,"name":"Home","item":"https:\/\/www.holy-supps.nl\/"},{"@type":"ListItem","position":2,"name":"Winkel","item":"https:\/\/www.holy-supps.nl\/winkel\/"},{"@type":"ListItem","position":3,"name":"Arriba Nutrition &#8211; Whey Protein"}]},{"@type":"WebSite","@id":"https:\/\/www.holy-supps.nl\/#website","url":"https:\/\/www.holy-supps.nl\/","name":"Holy-Supps.co.uk","description":"Offizieller EHPLabs-H\u00e4ndler!","publisher":{"@id":"https:\/\/www.holy-supps.nl\/#organization"},"potentialAction":[{"@type":"SearchAction","target":{"@type":"EntryPoint","urlTemplate":"https:\/\/www.holy-supps.nl\/?s={search_term_string}"},"query-input":{"@type":"PropertyValueSpecification","valueRequired":true,"valueName":"search_term_string"}}],"inLanguage":"de"},{"@type":"Organization","@id":"https:\/\/www.holy-supps.nl\/#organization","name":"Heiliges Abendmahl","url":"https:\/\/www.holy-supps.nl\/","logo":{"@type":"ImageObject","inLanguage":"de","@id":"https:\/\/www.holy-supps.nl\/#\/schema\/logo\/image\/","url":"https:\/\/www.holy-supps.nl\/wp-content\/uploads\/2023\/06\/HOLY-SUPPS.png","contentUrl":"https:\/\/www.holy-supps.nl\/wp-content\/uploads\/2023\/06\/HOLY-SUPPS.png","width":1000,"height":400,"caption":"Holy Supps"},"image":{"@id":"https:\/\/www.holy-supps.nl\/#\/schema\/logo\/image\/"},"sameAs":["https:\/\/www.facebook.com\/holy.supps","https:\/\/www.instagram.com\/holy.supps.shop\/"]}]}},"jetpack_sharing_enabled":true,"_links":{"self":[{"href":"https:\/\/www.holy-supps.nl\/de\/wp-json\/wp\/v2\/product\/2020","targetHints":{"allow":["GET"]}}],"collection":[{"href":"https:\/\/www.holy-supps.nl\/de\/wp-json\/wp\/v2\/product"}],"about":[{"href":"https:\/\/www.holy-supps.nl\/de\/wp-json\/wp\/v2\/types\/product"}],"replies":[{"embeddable":true,"href":"https:\/\/www.holy-supps.nl\/de\/wp-json\/wp\/v2\/comments?post=2020"}],"wp:featuredmedia":[{"embeddable":true,"href":"https:\/\/www.holy-supps.nl\/de\/wp-json\/wp\/v2\/media\/3107"}],"wp:attachment":[{"href":"https:\/\/www.holy-supps.nl\/de\/wp-json\/wp\/v2\/media?parent=2020"}],"wp:term":[{"taxonomy":"product_brand","embeddable":true,"href":"https:\/\/www.holy-supps.nl\/de\/wp-json\/wp\/v2\/product_brand?post=2020"},{"taxonomy":"product_cat","embeddable":true,"href":"https:\/\/www.holy-supps.nl\/de\/wp-json\/wp\/v2\/product_cat?post=2020"},{"taxonomy":"product_tag","embeddable":true,"href":"https:\/\/www.holy-supps.nl\/de\/wp-json\/wp\/v2\/product_tag?post=2020"}],"curies":[{"name":"wp","href":"https:\/\/api.w.org\/{rel}","templated":true}]}}