{"id":2004,"date":"2024-02-14T16:54:53","date_gmt":"2024-02-14T15:54:53","guid":{"rendered":"https:\/\/www.holy-supps.nl\/?post_type=product&#038;p=2004"},"modified":"2025-08-26T14:14:02","modified_gmt":"2025-08-26T12:14:02","slug":"arriba-ernahrung-mr-anatoly-pre-workout-pro","status":"publish","type":"product","link":"https:\/\/www.holy-supps.nl\/de\/product\/arriba-nutrition-mr-anatoly-pre-workout-pro\/","title":{"rendered":"Arriba Nutrition - Herr Anatoly - Pre Workout PRO"},"content":{"rendered":"<p>Mr. Anatoly Pre Workout enth\u00e4lt eine leistungsstarke Zusammensetzung von Inhaltsstoffen. Diese Pro-Version wurde sowohl f\u00fcr Profi- als auch f\u00fcr Freizeitsportler entwickelt und wird h\u00e4ufig als Teil der Vorbereitung auf ein Training verwendet. Nehmen Sie diesen Shake 15 bis 30 Minuten vor Ihrem Training ein.<\/p>\n<h1>Inhalt<\/h1>\n<p>300 GRAM<\/p>\n<h1>Inhaltsstoffe<\/h1>\n<p>L-Citrullin-Base, Beta-Alanin, L-Arginin-Alpha-Ketoglutarat 2:1, Apfels\u00e4ure, L-Tyrosin, Taurin, Maltodextrin, Magnesiumtri-Citrat, Lebensmittels\u00e4ure: Zitronens\u00e4ure, Trennmittel: Siliciumdioxid, Koffein wasserfrei, EnXtra\u00ae, nat\u00fcrliches Aroma, Ascorbins\u00e4ure (Vit. C), S\u00fc\u00dfstoff: Sucralose, nat\u00fcrliches Zitrusaroma, Farbstoff: Kurkuma, Farbstoff: Cochenille Rot A.<\/p>\n<h1>Empfohlene t\u00e4gliche Anwendung<\/h1>\n<p>1 Dosis von 16 g (1 Messl\u00f6ffel) Pre-Workout mit 350 ml Wasser mischen und 15-30 Minuten vor dem Training einnehmen.<\/p>\n<h1>Hinweise zur Lagerung<\/h1>\n<p>An einem k\u00fchlen, trockenen Ort und au\u00dferhalb der Reichweite von kleinen Kindern aufbewahren. Nach dem \u00d6ffnen sind sie nur begrenzt haltbar. Mindesthaltbarkeitsdatum und Chargennummer: siehe Boden des Beh\u00e4lters.<\/p>","protected":false},"excerpt":{"rendered":"<ul>\n<li>Herr Anatoly Qualit\u00e4tssiegel<\/li>\n<li>Enth\u00e4lt 3000 mg Beta-Alanin<\/li>\n<li>Enth\u00e4lt Vitamin C<\/li>\n<li>Zuckerarm und fettarm<\/li>\n<\/ul>","protected":false},"featured_media":2006,"comment_status":"open","ping_status":"closed","template":"","meta":[],"product_brand":[],"product_cat":[222,80,87,68],"product_tag":[],"class_list":{"0":"post-2004","1":"product","2":"type-product","3":"status-publish","4":"has-post-thumbnail","6":"product_cat-arriba-nutrition","7":"product_cat-doel","8":"product_cat-energie-focus","9":"product_cat-pre-workout","11":"first","12":"outofstock","13":"taxable","14":"shipping-taxable","15":"purchasable","16":"product-type-variable"},"yoast_head":"<!-- This site is optimized with the Yoast SEO plugin v27.4 - https:\/\/yoast.com\/product\/yoast-seo-wordpress\/ -->\n<title>Arriba Nutrition - Mr Anatoly - Pre Workout PRO - Holy-Supps.nl<\/title>\n<meta name=\"description\" content=\"Arriba Nutrition Mr. Anatoly Pre Workout PRO: Krachtige mix voor explosieve trainingen. 16g per portie, met cafe\u00efne en L-citrulline. Verhoog je prestaties!\" \/>\n<meta name=\"robots\" content=\"index, follow, max-snippet:-1, max-image-preview:large, max-video-preview:-1\" \/>\n<link rel=\"canonical\" href=\"https:\/\/www.holy-supps.nl\/de\/produkt\/arriba-ernahrung-mr-anatoly-pre-workout-pro\/\" \/>\n<meta property=\"og:locale\" content=\"de_DE\" \/>\n<meta property=\"og:type\" content=\"article\" \/>\n<meta property=\"og:title\" content=\"Arriba Nutrition - Mr Anatoly - Pre Workout PRO - Holy-Supps.nl\" \/>\n<meta property=\"og:description\" content=\"Arriba Nutrition Mr. Anatoly Pre Workout PRO: Krachtige mix voor explosieve trainingen. 16g per portie, met cafe\u00efne en L-citrulline. Verhoog je prestaties!\" \/>\n<meta property=\"og:url\" content=\"https:\/\/www.holy-supps.nl\/de\/produkt\/arriba-ernahrung-mr-anatoly-pre-workout-pro\/\" \/>\n<meta property=\"og:site_name\" content=\"Holy-Supps.nl\" \/>\n<meta property=\"article:publisher\" content=\"https:\/\/www.facebook.com\/holy.supps\" \/>\n<meta property=\"article:modified_time\" content=\"2025-08-26T12:14:02+00:00\" \/>\n<meta property=\"og:image\" content=\"https:\/\/www.holy-supps.nl\/wp-content\/uploads\/2024\/02\/Anatoly-Pre-Workout-fruit-web.png\" \/>\n\t<meta property=\"og:image:width\" content=\"826\" \/>\n\t<meta property=\"og:image:height\" content=\"874\" \/>\n\t<meta property=\"og:image:type\" content=\"image\/png\" \/>\n<meta name=\"twitter:card\" content=\"summary_large_image\" \/>\n<meta name=\"twitter:label1\" content=\"Gesch\u00e4tzte Lesezeit\" \/>\n\t<meta name=\"twitter:data1\" content=\"1\u00a0Minute\" \/>\n<script type=\"application\/ld+json\" class=\"yoast-schema-graph\">{\"@context\":\"https:\\\/\\\/schema.org\",\"@graph\":[{\"@type\":\"WebPage\",\"@id\":\"https:\\\/\\\/www.holy-supps.nl\\\/product\\\/arriba-nutrition-mr-anatoly-pre-workout-pro\\\/\",\"url\":\"https:\\\/\\\/www.holy-supps.nl\\\/product\\\/arriba-nutrition-mr-anatoly-pre-workout-pro\\\/\",\"name\":\"Arriba Nutrition - Mr Anatoly - Pre Workout PRO - Holy-Supps.nl\",\"isPartOf\":{\"@id\":\"https:\\\/\\\/www.holy-supps.nl\\\/#website\"},\"primaryImageOfPage\":{\"@id\":\"https:\\\/\\\/www.holy-supps.nl\\\/product\\\/arriba-nutrition-mr-anatoly-pre-workout-pro\\\/#primaryimage\"},\"image\":{\"@id\":\"https:\\\/\\\/www.holy-supps.nl\\\/product\\\/arriba-nutrition-mr-anatoly-pre-workout-pro\\\/#primaryimage\"},\"thumbnailUrl\":\"https:\\\/\\\/www.holy-supps.nl\\\/wp-content\\\/uploads\\\/2024\\\/02\\\/Anatoly-Pre-Workout-fruit-web.png\",\"datePublished\":\"2024-02-14T15:54:53+00:00\",\"dateModified\":\"2025-08-26T12:14:02+00:00\",\"description\":\"Arriba Nutrition Mr. Anatoly Pre Workout PRO: Krachtige mix voor explosieve trainingen. 16g per portie, met cafe\u00efne en L-citrulline. Verhoog je prestaties!\",\"breadcrumb\":{\"@id\":\"https:\\\/\\\/www.holy-supps.nl\\\/product\\\/arriba-nutrition-mr-anatoly-pre-workout-pro\\\/#breadcrumb\"},\"inLanguage\":\"de\",\"potentialAction\":[{\"@type\":\"ReadAction\",\"target\":[\"https:\\\/\\\/www.holy-supps.nl\\\/product\\\/arriba-nutrition-mr-anatoly-pre-workout-pro\\\/\"]}]},{\"@type\":\"ImageObject\",\"inLanguage\":\"de\",\"@id\":\"https:\\\/\\\/www.holy-supps.nl\\\/product\\\/arriba-nutrition-mr-anatoly-pre-workout-pro\\\/#primaryimage\",\"url\":\"https:\\\/\\\/www.holy-supps.nl\\\/wp-content\\\/uploads\\\/2024\\\/02\\\/Anatoly-Pre-Workout-fruit-web.png\",\"contentUrl\":\"https:\\\/\\\/www.holy-supps.nl\\\/wp-content\\\/uploads\\\/2024\\\/02\\\/Anatoly-Pre-Workout-fruit-web.png\",\"width\":826,\"height\":874},{\"@type\":\"BreadcrumbList\",\"@id\":\"https:\\\/\\\/www.holy-supps.nl\\\/product\\\/arriba-nutrition-mr-anatoly-pre-workout-pro\\\/#breadcrumb\",\"itemListElement\":[{\"@type\":\"ListItem\",\"position\":1,\"name\":\"Home\",\"item\":\"https:\\\/\\\/www.holy-supps.nl\\\/\"},{\"@type\":\"ListItem\",\"position\":2,\"name\":\"Winkel\",\"item\":\"https:\\\/\\\/www.holy-supps.nl\\\/winkel\\\/\"},{\"@type\":\"ListItem\",\"position\":3,\"name\":\"Arriba Nutrition &#8211; Mr Anatoly &#8211; Pre Workout PRO\"}]},{\"@type\":\"WebSite\",\"@id\":\"https:\\\/\\\/www.holy-supps.nl\\\/#website\",\"url\":\"https:\\\/\\\/www.holy-supps.nl\\\/\",\"name\":\"Holy-Supps.nl\",\"description\":\"Official EHPLabs Reseller!\",\"publisher\":{\"@id\":\"https:\\\/\\\/www.holy-supps.nl\\\/#organization\"},\"potentialAction\":[{\"@type\":\"SearchAction\",\"target\":{\"@type\":\"EntryPoint\",\"urlTemplate\":\"https:\\\/\\\/www.holy-supps.nl\\\/?s={search_term_string}\"},\"query-input\":{\"@type\":\"PropertyValueSpecification\",\"valueRequired\":true,\"valueName\":\"search_term_string\"}}],\"inLanguage\":\"de\"},{\"@type\":\"Organization\",\"@id\":\"https:\\\/\\\/www.holy-supps.nl\\\/#organization\",\"name\":\"Holy Supps\",\"url\":\"https:\\\/\\\/www.holy-supps.nl\\\/\",\"logo\":{\"@type\":\"ImageObject\",\"inLanguage\":\"de\",\"@id\":\"https:\\\/\\\/www.holy-supps.nl\\\/#\\\/schema\\\/logo\\\/image\\\/\",\"url\":\"https:\\\/\\\/www.holy-supps.nl\\\/wp-content\\\/uploads\\\/2023\\\/06\\\/HOLY-SUPPS.png\",\"contentUrl\":\"https:\\\/\\\/www.holy-supps.nl\\\/wp-content\\\/uploads\\\/2023\\\/06\\\/HOLY-SUPPS.png\",\"width\":1000,\"height\":400,\"caption\":\"Holy Supps\"},\"image\":{\"@id\":\"https:\\\/\\\/www.holy-supps.nl\\\/#\\\/schema\\\/logo\\\/image\\\/\"},\"sameAs\":[\"https:\\\/\\\/www.facebook.com\\\/holy.supps\",\"https:\\\/\\\/www.instagram.com\\\/holy.supps.shop\\\/\"]}]}<\/script>\n<!-- \/ Yoast SEO plugin. -->","yoast_head_json":{"title":"Arriba Nutrition - Mr Anatoly - Pre Workout PRO - Holy-Supps.de","description":"Arriba Nutrition Mr. Anatoly Pre Workout PRO: Leistungsstarke Mischung f\u00fcr explosive Workouts. 16 g pro Portion, mit Koffein und L-Citrullin. Steigern Sie Ihre Leistung!","robots":{"index":"index","follow":"follow","max-snippet":"max-snippet:-1","max-image-preview":"max-image-preview:large","max-video-preview":"max-video-preview:-1"},"canonical":"https:\/\/www.holy-supps.nl\/de\/produkt\/arriba-ernahrung-mr-anatoly-pre-workout-pro\/","og_locale":"de_DE","og_type":"article","og_title":"Arriba Nutrition - Mr Anatoly - Pre Workout PRO - Holy-Supps.nl","og_description":"Arriba Nutrition Mr. Anatoly Pre Workout PRO: Krachtige mix voor explosieve trainingen. 16g per portie, met cafe\u00efne en L-citrulline. Verhoog je prestaties!","og_url":"https:\/\/www.holy-supps.nl\/de\/produkt\/arriba-ernahrung-mr-anatoly-pre-workout-pro\/","og_site_name":"Holy-Supps.nl","article_publisher":"https:\/\/www.facebook.com\/holy.supps","article_modified_time":"2025-08-26T12:14:02+00:00","og_image":[{"width":826,"height":874,"url":"https:\/\/www.holy-supps.nl\/wp-content\/uploads\/2024\/02\/Anatoly-Pre-Workout-fruit-web.png","type":"image\/png"}],"twitter_card":"summary_large_image","twitter_misc":{"Gesch\u00e4tzte Lesezeit":"1\u00a0Minute"},"schema":{"@context":"https:\/\/schema.org","@graph":[{"@type":"WebPage","@id":"https:\/\/www.holy-supps.nl\/product\/arriba-nutrition-mr-anatoly-pre-workout-pro\/","url":"https:\/\/www.holy-supps.nl\/product\/arriba-nutrition-mr-anatoly-pre-workout-pro\/","name":"Arriba Nutrition - Mr Anatoly - Pre Workout PRO - Holy-Supps.de","isPartOf":{"@id":"https:\/\/www.holy-supps.nl\/#website"},"primaryImageOfPage":{"@id":"https:\/\/www.holy-supps.nl\/product\/arriba-nutrition-mr-anatoly-pre-workout-pro\/#primaryimage"},"image":{"@id":"https:\/\/www.holy-supps.nl\/product\/arriba-nutrition-mr-anatoly-pre-workout-pro\/#primaryimage"},"thumbnailUrl":"https:\/\/www.holy-supps.nl\/wp-content\/uploads\/2024\/02\/Anatoly-Pre-Workout-fruit-web.png","datePublished":"2024-02-14T15:54:53+00:00","dateModified":"2025-08-26T12:14:02+00:00","description":"Arriba Nutrition Mr. Anatoly Pre Workout PRO: Leistungsstarke Mischung f\u00fcr explosive Workouts. 16 g pro Portion, mit Koffein und L-Citrullin. Steigern Sie Ihre Leistung!","breadcrumb":{"@id":"https:\/\/www.holy-supps.nl\/product\/arriba-nutrition-mr-anatoly-pre-workout-pro\/#breadcrumb"},"inLanguage":"de","potentialAction":[{"@type":"ReadAction","target":["https:\/\/www.holy-supps.nl\/product\/arriba-nutrition-mr-anatoly-pre-workout-pro\/"]}]},{"@type":"ImageObject","inLanguage":"de","@id":"https:\/\/www.holy-supps.nl\/product\/arriba-nutrition-mr-anatoly-pre-workout-pro\/#primaryimage","url":"https:\/\/www.holy-supps.nl\/wp-content\/uploads\/2024\/02\/Anatoly-Pre-Workout-fruit-web.png","contentUrl":"https:\/\/www.holy-supps.nl\/wp-content\/uploads\/2024\/02\/Anatoly-Pre-Workout-fruit-web.png","width":826,"height":874},{"@type":"BreadcrumbList","@id":"https:\/\/www.holy-supps.nl\/product\/arriba-nutrition-mr-anatoly-pre-workout-pro\/#breadcrumb","itemListElement":[{"@type":"ListItem","position":1,"name":"Home","item":"https:\/\/www.holy-supps.nl\/"},{"@type":"ListItem","position":2,"name":"Winkel","item":"https:\/\/www.holy-supps.nl\/winkel\/"},{"@type":"ListItem","position":3,"name":"Arriba Nutrition &#8211; Mr Anatoly &#8211; Pre Workout PRO"}]},{"@type":"WebSite","@id":"https:\/\/www.holy-supps.nl\/#website","url":"https:\/\/www.holy-supps.nl\/","name":"Holy-Supps.co.uk","description":"Offizieller EHPLabs-H\u00e4ndler!","publisher":{"@id":"https:\/\/www.holy-supps.nl\/#organization"},"potentialAction":[{"@type":"SearchAction","target":{"@type":"EntryPoint","urlTemplate":"https:\/\/www.holy-supps.nl\/?s={search_term_string}"},"query-input":{"@type":"PropertyValueSpecification","valueRequired":true,"valueName":"search_term_string"}}],"inLanguage":"de"},{"@type":"Organization","@id":"https:\/\/www.holy-supps.nl\/#organization","name":"Heiliges Abendmahl","url":"https:\/\/www.holy-supps.nl\/","logo":{"@type":"ImageObject","inLanguage":"de","@id":"https:\/\/www.holy-supps.nl\/#\/schema\/logo\/image\/","url":"https:\/\/www.holy-supps.nl\/wp-content\/uploads\/2023\/06\/HOLY-SUPPS.png","contentUrl":"https:\/\/www.holy-supps.nl\/wp-content\/uploads\/2023\/06\/HOLY-SUPPS.png","width":1000,"height":400,"caption":"Holy Supps"},"image":{"@id":"https:\/\/www.holy-supps.nl\/#\/schema\/logo\/image\/"},"sameAs":["https:\/\/www.facebook.com\/holy.supps","https:\/\/www.instagram.com\/holy.supps.shop\/"]}]}},"jetpack_sharing_enabled":true,"_links":{"self":[{"href":"https:\/\/www.holy-supps.nl\/de\/wp-json\/wp\/v2\/product\/2004","targetHints":{"allow":["GET"]}}],"collection":[{"href":"https:\/\/www.holy-supps.nl\/de\/wp-json\/wp\/v2\/product"}],"about":[{"href":"https:\/\/www.holy-supps.nl\/de\/wp-json\/wp\/v2\/types\/product"}],"replies":[{"embeddable":true,"href":"https:\/\/www.holy-supps.nl\/de\/wp-json\/wp\/v2\/comments?post=2004"}],"wp:featuredmedia":[{"embeddable":true,"href":"https:\/\/www.holy-supps.nl\/de\/wp-json\/wp\/v2\/media\/2006"}],"wp:attachment":[{"href":"https:\/\/www.holy-supps.nl\/de\/wp-json\/wp\/v2\/media?parent=2004"}],"wp:term":[{"taxonomy":"product_brand","embeddable":true,"href":"https:\/\/www.holy-supps.nl\/de\/wp-json\/wp\/v2\/product_brand?post=2004"},{"taxonomy":"product_cat","embeddable":true,"href":"https:\/\/www.holy-supps.nl\/de\/wp-json\/wp\/v2\/product_cat?post=2004"},{"taxonomy":"product_tag","embeddable":true,"href":"https:\/\/www.holy-supps.nl\/de\/wp-json\/wp\/v2\/product_tag?post=2004"}],"curies":[{"name":"wp","href":"https:\/\/api.w.org\/{rel}","templated":true}]}}