{"id":200,"date":"2023-03-05T11:44:50","date_gmt":"2023-03-05T10:44:50","guid":{"rendered":"https:\/\/www.holy-supps.nl\/?post_type=product&#038;p=200"},"modified":"2026-04-15T22:26:45","modified_gmt":"2026-04-15T20:26:45","slug":"aqua-collagen-protein-hydration-ehplabs","status":"publish","type":"product","link":"https:\/\/www.holy-supps.nl\/de\/product\/aqua-collagen-protein-hydration-ehplabs-2\/","title":{"rendered":"Aqua Collagen Protein + Hydratation - EHPLabs"},"content":{"rendered":"<h2>Beschreibung<\/h2>\n<p>\nEHPlabs Aqua Collagen Protein + Hydration ist ein innovatives Nahrungserg\u00e4nzungsmittel in Pulverform, das Kollagenpeptide mit Elektrolyten kombiniert. Das Produkt wurde f\u00fcr diejenigen entwickelt, die eine leichte, erfrischende Art suchen, ihrer Ern\u00e4hrung Kollagen hinzuzuf\u00fcgen. Dank seiner l\u00f6slichen Formel l\u00e4sst es sich leicht mit Wasser mischen und ist in verschiedenen frischen Geschmacksrichtungen erh\u00e4ltlich.\n<\/p>\n<h2>Vorteile in Stichpunkten<\/h2>\n<ul>\n<li>Enth\u00e4lt Kollagenpeptide als Proteinquelle.<\/li>\n<li>Erg\u00e4nzt mit Elektrolyten, geeignet als Durstl\u00f6scher.<\/li>\n<li>Leichte und erfrischende Alternative zu herk\u00f6mmlichen Proteinshakes.<\/li>\n<li>Leicht l\u00f6slich in Wasser.<\/li>\n<li>Erh\u00e4ltlich in verschiedenen Geschmacksrichtungen.<\/li>\n<\/ul>\n<h2>Gebrauchsanweisung<\/h2>\n<p>\nMischen Sie die empfohlene Menge des Pulvers (laut Etikett) mit 350-400 ml kaltem Wasser. Gut umr\u00fchren oder sch\u00fctteln, bis es sich vollst\u00e4ndig aufgel\u00f6st hat. Geeignet f\u00fcr die Verwendung zu jeder Tageszeit, um eine abwechslungsreiche Ern\u00e4hrung und einen gesunden Lebensstil zu erg\u00e4nzen.<\/p>","protected":false},"excerpt":{"rendered":"<p>\nEHPlabs Aqua Collagen Protein + Hydration ist ein leichtes, erfrischendes Kollagengetr\u00e4nk mit Elektrolyten. Das Pulver l\u00f6st sich leicht in Wasser auf und ist in einer Vielzahl von Geschmacksrichtungen erh\u00e4ltlich. Ideal als durstl\u00f6schende Erg\u00e4nzung bei einem aktiven Lebensstil.<\/p>","protected":false},"featured_media":205,"comment_status":"open","ping_status":"closed","template":"","meta":[],"product_brand":[],"product_cat":[72,74],"product_tag":[],"class_list":{"0":"post-200","1":"product","2":"type-product","3":"status-publish","4":"has-post-thumbnail","6":"product_cat-ehplabs","7":"product_cat-health-wellness","9":"first","10":"instock","11":"taxable","12":"shipping-taxable","13":"purchasable","14":"product-type-variable"},"yoast_head":"<!-- This site is optimized with the Yoast SEO plugin v27.4 - https:\/\/yoast.com\/product\/yoast-seo-wordpress\/ -->\n<title>Aqua Collagen Protein + Hydration - EHPLabs - Holy-Supps.nl<\/title>\n<meta name=\"description\" content=\"Aqua Collagen van EHPLabs: 20g eiwit en kokoswaterpoeder per portie voor optimale hydratatie, huid- en gewrichtsgezondheid. Verfrissend en effectief!\" \/>\n<meta name=\"robots\" content=\"index, follow, max-snippet:-1, max-image-preview:large, max-video-preview:-1\" \/>\n<link rel=\"canonical\" href=\"https:\/\/www.holy-supps.nl\/de\/produkt\/aqua-collagen-protein-hydration-ehplabs\/\" \/>\n<meta property=\"og:locale\" content=\"de_DE\" \/>\n<meta property=\"og:type\" content=\"article\" \/>\n<meta property=\"og:title\" content=\"Aqua Collagen Protein + Hydration - EHPLabs - Holy-Supps.nl\" \/>\n<meta property=\"og:description\" content=\"Aqua Collagen van EHPLabs: 20g eiwit en kokoswaterpoeder per portie voor optimale hydratatie, huid- en gewrichtsgezondheid. Verfrissend en effectief!\" \/>\n<meta property=\"og:url\" content=\"https:\/\/www.holy-supps.nl\/de\/produkt\/aqua-collagen-protein-hydration-ehplabs\/\" \/>\n<meta property=\"og:site_name\" content=\"Holy-Supps.nl\" \/>\n<meta property=\"article:publisher\" content=\"https:\/\/www.facebook.com\/holy.supps\" \/>\n<meta property=\"article:modified_time\" content=\"2026-04-15T20:26:45+00:00\" \/>\n<meta property=\"og:image\" content=\"https:\/\/www.holy-supps.nl\/wp-content\/uploads\/2023\/03\/Aquacollagen-Raspberryrefresh_1000x.webp\" \/>\n\t<meta property=\"og:image:width\" content=\"1000\" \/>\n\t<meta property=\"og:image:height\" content=\"1000\" \/>\n\t<meta property=\"og:image:type\" content=\"image\/webp\" \/>\n<meta name=\"twitter:card\" content=\"summary_large_image\" \/>\n<meta name=\"twitter:label1\" content=\"Gesch\u00e4tzte Lesezeit\" \/>\n\t<meta name=\"twitter:data1\" content=\"5\u00a0Minuten\" \/>\n<script type=\"application\/ld+json\" class=\"yoast-schema-graph\">{\"@context\":\"https:\\\/\\\/schema.org\",\"@graph\":[{\"@type\":\"WebPage\",\"@id\":\"https:\\\/\\\/www.holy-supps.nl\\\/product\\\/aqua-collagen-protein-hydration-ehplabs-2\\\/\",\"url\":\"https:\\\/\\\/www.holy-supps.nl\\\/product\\\/aqua-collagen-protein-hydration-ehplabs-2\\\/\",\"name\":\"Aqua Collagen Protein + Hydration - EHPLabs - Holy-Supps.nl\",\"isPartOf\":{\"@id\":\"https:\\\/\\\/www.holy-supps.nl\\\/#website\"},\"primaryImageOfPage\":{\"@id\":\"https:\\\/\\\/www.holy-supps.nl\\\/product\\\/aqua-collagen-protein-hydration-ehplabs-2\\\/#primaryimage\"},\"image\":{\"@id\":\"https:\\\/\\\/www.holy-supps.nl\\\/product\\\/aqua-collagen-protein-hydration-ehplabs-2\\\/#primaryimage\"},\"thumbnailUrl\":\"https:\\\/\\\/www.holy-supps.nl\\\/wp-content\\\/uploads\\\/2023\\\/03\\\/Aquacollagen-Raspberryrefresh_1000x.webp\",\"datePublished\":\"2023-03-05T10:44:50+00:00\",\"dateModified\":\"2026-04-15T20:26:45+00:00\",\"description\":\"Aqua Collagen van EHPLabs: 20g eiwit en kokoswaterpoeder per portie voor optimale hydratatie, huid- en gewrichtsgezondheid. Verfrissend en effectief!\",\"breadcrumb\":{\"@id\":\"https:\\\/\\\/www.holy-supps.nl\\\/product\\\/aqua-collagen-protein-hydration-ehplabs-2\\\/#breadcrumb\"},\"inLanguage\":\"de\",\"potentialAction\":[{\"@type\":\"ReadAction\",\"target\":[\"https:\\\/\\\/www.holy-supps.nl\\\/product\\\/aqua-collagen-protein-hydration-ehplabs-2\\\/\"]}]},{\"@type\":\"ImageObject\",\"inLanguage\":\"de\",\"@id\":\"https:\\\/\\\/www.holy-supps.nl\\\/product\\\/aqua-collagen-protein-hydration-ehplabs-2\\\/#primaryimage\",\"url\":\"https:\\\/\\\/www.holy-supps.nl\\\/wp-content\\\/uploads\\\/2023\\\/03\\\/Aquacollagen-Raspberryrefresh_1000x.webp\",\"contentUrl\":\"https:\\\/\\\/www.holy-supps.nl\\\/wp-content\\\/uploads\\\/2023\\\/03\\\/Aquacollagen-Raspberryrefresh_1000x.webp\",\"width\":1000,\"height\":1000},{\"@type\":\"BreadcrumbList\",\"@id\":\"https:\\\/\\\/www.holy-supps.nl\\\/product\\\/aqua-collagen-protein-hydration-ehplabs-2\\\/#breadcrumb\",\"itemListElement\":[{\"@type\":\"ListItem\",\"position\":1,\"name\":\"Home\",\"item\":\"https:\\\/\\\/www.holy-supps.nl\\\/\"},{\"@type\":\"ListItem\",\"position\":2,\"name\":\"Winkel\",\"item\":\"https:\\\/\\\/www.holy-supps.nl\\\/winkel\\\/\"},{\"@type\":\"ListItem\",\"position\":3,\"name\":\"Aqua Collagen Protein + Hydration &#8211; EHPLabs\"}]},{\"@type\":\"WebSite\",\"@id\":\"https:\\\/\\\/www.holy-supps.nl\\\/#website\",\"url\":\"https:\\\/\\\/www.holy-supps.nl\\\/\",\"name\":\"Holy-Supps.nl\",\"description\":\"Official EHPLabs Reseller!\",\"publisher\":{\"@id\":\"https:\\\/\\\/www.holy-supps.nl\\\/#organization\"},\"potentialAction\":[{\"@type\":\"SearchAction\",\"target\":{\"@type\":\"EntryPoint\",\"urlTemplate\":\"https:\\\/\\\/www.holy-supps.nl\\\/?s={search_term_string}\"},\"query-input\":{\"@type\":\"PropertyValueSpecification\",\"valueRequired\":true,\"valueName\":\"search_term_string\"}}],\"inLanguage\":\"de\"},{\"@type\":\"Organization\",\"@id\":\"https:\\\/\\\/www.holy-supps.nl\\\/#organization\",\"name\":\"Holy Supps\",\"url\":\"https:\\\/\\\/www.holy-supps.nl\\\/\",\"logo\":{\"@type\":\"ImageObject\",\"inLanguage\":\"de\",\"@id\":\"https:\\\/\\\/www.holy-supps.nl\\\/#\\\/schema\\\/logo\\\/image\\\/\",\"url\":\"https:\\\/\\\/www.holy-supps.nl\\\/wp-content\\\/uploads\\\/2023\\\/06\\\/HOLY-SUPPS.png\",\"contentUrl\":\"https:\\\/\\\/www.holy-supps.nl\\\/wp-content\\\/uploads\\\/2023\\\/06\\\/HOLY-SUPPS.png\",\"width\":1000,\"height\":400,\"caption\":\"Holy Supps\"},\"image\":{\"@id\":\"https:\\\/\\\/www.holy-supps.nl\\\/#\\\/schema\\\/logo\\\/image\\\/\"},\"sameAs\":[\"https:\\\/\\\/www.facebook.com\\\/holy.supps\",\"https:\\\/\\\/www.instagram.com\\\/holy.supps.shop\\\/\"]}]}<\/script>\n<!-- \/ Yoast SEO plugin. -->","yoast_head_json":{"title":"Aqua Collagen Protein + Hydration - EHPLabs - Holy-Supps.de","description":"Aqua Collagen von EHPLabs: 20 g Protein- und Kokosnusswasserpulver pro Portion f\u00fcr optimale Hydratation, Haut- und Gelenkgesundheit. Erfrischend und effektiv!","robots":{"index":"index","follow":"follow","max-snippet":"max-snippet:-1","max-image-preview":"max-image-preview:large","max-video-preview":"max-video-preview:-1"},"canonical":"https:\/\/www.holy-supps.nl\/de\/produkt\/aqua-collagen-protein-hydration-ehplabs\/","og_locale":"de_DE","og_type":"article","og_title":"Aqua Collagen Protein + Hydration - EHPLabs - Holy-Supps.nl","og_description":"Aqua Collagen van EHPLabs: 20g eiwit en kokoswaterpoeder per portie voor optimale hydratatie, huid- en gewrichtsgezondheid. Verfrissend en effectief!","og_url":"https:\/\/www.holy-supps.nl\/de\/produkt\/aqua-collagen-protein-hydration-ehplabs\/","og_site_name":"Holy-Supps.nl","article_publisher":"https:\/\/www.facebook.com\/holy.supps","article_modified_time":"2026-04-15T20:26:45+00:00","og_image":[{"width":1000,"height":1000,"url":"https:\/\/www.holy-supps.nl\/wp-content\/uploads\/2023\/03\/Aquacollagen-Raspberryrefresh_1000x.webp","type":"image\/webp"}],"twitter_card":"summary_large_image","twitter_misc":{"Gesch\u00e4tzte Lesezeit":"5\u00a0Minuten"},"schema":{"@context":"https:\/\/schema.org","@graph":[{"@type":"WebPage","@id":"https:\/\/www.holy-supps.nl\/product\/aqua-collagen-protein-hydration-ehplabs-2\/","url":"https:\/\/www.holy-supps.nl\/product\/aqua-collagen-protein-hydration-ehplabs-2\/","name":"Aqua Collagen Protein + Hydration - EHPLabs - Holy-Supps.de","isPartOf":{"@id":"https:\/\/www.holy-supps.nl\/#website"},"primaryImageOfPage":{"@id":"https:\/\/www.holy-supps.nl\/product\/aqua-collagen-protein-hydration-ehplabs-2\/#primaryimage"},"image":{"@id":"https:\/\/www.holy-supps.nl\/product\/aqua-collagen-protein-hydration-ehplabs-2\/#primaryimage"},"thumbnailUrl":"https:\/\/www.holy-supps.nl\/wp-content\/uploads\/2023\/03\/Aquacollagen-Raspberryrefresh_1000x.webp","datePublished":"2023-03-05T10:44:50+00:00","dateModified":"2026-04-15T20:26:45+00:00","description":"Aqua Collagen von EHPLabs: 20 g Protein- und Kokosnusswasserpulver pro Portion f\u00fcr optimale Hydratation, Haut- und Gelenkgesundheit. Erfrischend und effektiv!","breadcrumb":{"@id":"https:\/\/www.holy-supps.nl\/product\/aqua-collagen-protein-hydration-ehplabs-2\/#breadcrumb"},"inLanguage":"de","potentialAction":[{"@type":"ReadAction","target":["https:\/\/www.holy-supps.nl\/product\/aqua-collagen-protein-hydration-ehplabs-2\/"]}]},{"@type":"ImageObject","inLanguage":"de","@id":"https:\/\/www.holy-supps.nl\/product\/aqua-collagen-protein-hydration-ehplabs-2\/#primaryimage","url":"https:\/\/www.holy-supps.nl\/wp-content\/uploads\/2023\/03\/Aquacollagen-Raspberryrefresh_1000x.webp","contentUrl":"https:\/\/www.holy-supps.nl\/wp-content\/uploads\/2023\/03\/Aquacollagen-Raspberryrefresh_1000x.webp","width":1000,"height":1000},{"@type":"BreadcrumbList","@id":"https:\/\/www.holy-supps.nl\/product\/aqua-collagen-protein-hydration-ehplabs-2\/#breadcrumb","itemListElement":[{"@type":"ListItem","position":1,"name":"Home","item":"https:\/\/www.holy-supps.nl\/"},{"@type":"ListItem","position":2,"name":"Winkel","item":"https:\/\/www.holy-supps.nl\/winkel\/"},{"@type":"ListItem","position":3,"name":"Aqua Collagen Protein + Hydration &#8211; EHPLabs"}]},{"@type":"WebSite","@id":"https:\/\/www.holy-supps.nl\/#website","url":"https:\/\/www.holy-supps.nl\/","name":"Holy-Supps.co.uk","description":"Offizieller EHPLabs-H\u00e4ndler!","publisher":{"@id":"https:\/\/www.holy-supps.nl\/#organization"},"potentialAction":[{"@type":"SearchAction","target":{"@type":"EntryPoint","urlTemplate":"https:\/\/www.holy-supps.nl\/?s={search_term_string}"},"query-input":{"@type":"PropertyValueSpecification","valueRequired":true,"valueName":"search_term_string"}}],"inLanguage":"de"},{"@type":"Organization","@id":"https:\/\/www.holy-supps.nl\/#organization","name":"Heiliges Abendmahl","url":"https:\/\/www.holy-supps.nl\/","logo":{"@type":"ImageObject","inLanguage":"de","@id":"https:\/\/www.holy-supps.nl\/#\/schema\/logo\/image\/","url":"https:\/\/www.holy-supps.nl\/wp-content\/uploads\/2023\/06\/HOLY-SUPPS.png","contentUrl":"https:\/\/www.holy-supps.nl\/wp-content\/uploads\/2023\/06\/HOLY-SUPPS.png","width":1000,"height":400,"caption":"Holy Supps"},"image":{"@id":"https:\/\/www.holy-supps.nl\/#\/schema\/logo\/image\/"},"sameAs":["https:\/\/www.facebook.com\/holy.supps","https:\/\/www.instagram.com\/holy.supps.shop\/"]}]}},"jetpack_sharing_enabled":true,"_links":{"self":[{"href":"https:\/\/www.holy-supps.nl\/de\/wp-json\/wp\/v2\/product\/200","targetHints":{"allow":["GET"]}}],"collection":[{"href":"https:\/\/www.holy-supps.nl\/de\/wp-json\/wp\/v2\/product"}],"about":[{"href":"https:\/\/www.holy-supps.nl\/de\/wp-json\/wp\/v2\/types\/product"}],"replies":[{"embeddable":true,"href":"https:\/\/www.holy-supps.nl\/de\/wp-json\/wp\/v2\/comments?post=200"}],"wp:featuredmedia":[{"embeddable":true,"href":"https:\/\/www.holy-supps.nl\/de\/wp-json\/wp\/v2\/media\/205"}],"wp:attachment":[{"href":"https:\/\/www.holy-supps.nl\/de\/wp-json\/wp\/v2\/media?parent=200"}],"wp:term":[{"taxonomy":"product_brand","embeddable":true,"href":"https:\/\/www.holy-supps.nl\/de\/wp-json\/wp\/v2\/product_brand?post=200"},{"taxonomy":"product_cat","embeddable":true,"href":"https:\/\/www.holy-supps.nl\/de\/wp-json\/wp\/v2\/product_cat?post=200"},{"taxonomy":"product_tag","embeddable":true,"href":"https:\/\/www.holy-supps.nl\/de\/wp-json\/wp\/v2\/product_tag?post=200"}],"curies":[{"name":"wp","href":"https:\/\/api.w.org\/{rel}","templated":true}]}}