{"id":1935,"date":"2024-01-28T16:56:15","date_gmt":"2024-01-28T15:56:15","guid":{"rendered":"https:\/\/www.holy-supps.nl\/?post_type=product&#038;p=1935"},"modified":"2025-08-26T14:14:01","modified_gmt":"2025-08-26T12:14:01","slug":"fit-schlank-kollagen-probiotika","status":"publish","type":"product","link":"https:\/\/www.holy-supps.nl\/de\/product\/fit-lean-collagen-probiotics\/","title":{"rendered":"Fit &amp; Lean Kollagen + Probiotika"},"content":{"rendered":"<p>K\u00d6RPER &amp; SCH\u00d6NHEIT MISCHUNG<\/p>\n<p>Entdecken Sie Fit &amp; Lean Collagen + Probiotika. Kollagen ist das am h\u00e4ufigsten vorkommende Protein im K\u00f6rper und ist ein wichtiger Bestandteil von Haaren, Haut, N\u00e4geln, Muskeln, Knochen und Gelenken. Fit &amp; Lean Collagen + Probiotics enth\u00e4lt 11 Gramm Kollagenpeptide in Grasfutterqualit\u00e4t.<\/p>\n<p>Dar\u00fcber hinaus ist diese Mischung mit Biotin und 5 Milliarden CFUs Probiotika aus 5 verschiedenen Arten, einschlie\u00dflich Lactobacillus und Bifido-Bakterien, angereichert. Diese Kombination macht es zu einer vielseitigen Formel, die zu einem bewussten Lebensstil passt.<\/p>\n<p>Mit Fit &amp; Lean Collagen + Probiotics entscheiden Sie sich f\u00fcr ein geruchs- und geschmacksneutrales, leicht mischbares Pulver, das Sie problemlos in Ihren Tagesablauf einbauen k\u00f6nnen.<\/p>\n<p>- Geruchlos - Geschmacklos - Leicht zu mischen<br \/>\n- Enth\u00e4lt hochwertige Kollagenpeptide<br \/>\n- Mit Biotin und Probiotika<br \/>\n- Einfach in Shakes oder anderen Getr\u00e4nken zu verwenden<\/p>\n<h3>Inhaltsstoffe und Dosierung<\/h3>\n<p>Siehe Etikett<\/p>","protected":false},"excerpt":{"rendered":"<h1>K\u00d6RPER &amp; SCH\u00d6NHEIT MISCHUNG<\/h1>\n<ul>\n<li>Geruchlos - Geschmacklos - Leicht zu mischen<\/li>\n<li>Pflegt Haut, N\u00e4gel und Haare<\/li>\n<li>Unterst\u00fctzt die Knochen-, Gelenk- und Muskelkraft<\/li>\n<li>Unterst\u00fctzt die Verdauung und die Gesundheit des Immunsystems<\/li>\n<li>Hilft, den Hunger zu verringern<\/li>\n<\/ul>","protected":false},"featured_media":1936,"comment_status":"open","ping_status":"closed","template":"","meta":[],"product_brand":[],"product_cat":[80,67,231,75,81,70,92],"product_tag":[],"class_list":{"0":"post-1935","1":"product","2":"type-product","3":"status-publish","4":"has-post-thumbnail","6":"product_cat-doel","7":"product_cat-eiwitten-proteine","8":"product_cat-fit-lean","9":"product_cat-producten","10":"product_cat-spieropbouw","11":"product_cat-raws","12":"product_cat-vitamine-mineralen","14":"first","15":"outofstock","16":"taxable","17":"shipping-taxable","18":"purchasable","19":"product-type-simple"},"yoast_head":"<!-- This site is optimized with the Yoast SEO plugin v27.4 - https:\/\/yoast.com\/product\/yoast-seo-wordpress\/ -->\n<title>Fit &amp; Lean Collagen + Probiotics - Holy-Supps.nl<\/title>\n<meta name=\"description\" content=\"Verbeter huid, haar, nagels en spijsvertering met Fit &amp; Lean Collagen + Probiotics. 11g collageen, 1000% biotine, 5 miljard CFU&#039;s probiotica. Smaakloos en makkelijk te mengen.\" \/>\n<meta name=\"robots\" content=\"index, follow, max-snippet:-1, max-image-preview:large, max-video-preview:-1\" \/>\n<link rel=\"canonical\" href=\"https:\/\/www.holy-supps.nl\/de\/produkt\/fit-schlank-kollagen-probiotika\/\" \/>\n<meta property=\"og:locale\" content=\"de_DE\" \/>\n<meta property=\"og:type\" content=\"article\" \/>\n<meta property=\"og:title\" content=\"Fit &amp; Lean Collagen + Probiotics - Holy-Supps.nl\" \/>\n<meta property=\"og:description\" content=\"Verbeter huid, haar, nagels en spijsvertering met Fit &amp; Lean Collagen + Probiotics. 11g collageen, 1000% biotine, 5 miljard CFU&#039;s probiotica. Smaakloos en makkelijk te mengen.\" \/>\n<meta property=\"og:url\" content=\"https:\/\/www.holy-supps.nl\/de\/produkt\/fit-schlank-kollagen-probiotika\/\" \/>\n<meta property=\"og:site_name\" content=\"Holy-Supps.nl\" \/>\n<meta property=\"article:publisher\" content=\"https:\/\/www.facebook.com\/holy.supps\" \/>\n<meta property=\"article:modified_time\" content=\"2025-08-26T12:14:01+00:00\" \/>\n<meta property=\"og:image\" content=\"https:\/\/www.holy-supps.nl\/wp-content\/uploads\/2024\/01\/FL_collagen_probiotics_productimage-1.webp\" \/>\n\t<meta property=\"og:image:width\" content=\"1080\" \/>\n\t<meta property=\"og:image:height\" content=\"1080\" \/>\n\t<meta property=\"og:image:type\" content=\"image\/webp\" \/>\n<meta name=\"twitter:card\" content=\"summary_large_image\" \/>\n<meta name=\"twitter:label1\" content=\"Gesch\u00e4tzte Lesezeit\" \/>\n\t<meta name=\"twitter:data1\" content=\"2\u00a0Minuten\" \/>\n<script type=\"application\/ld+json\" class=\"yoast-schema-graph\">{\"@context\":\"https:\\\/\\\/schema.org\",\"@graph\":[{\"@type\":\"WebPage\",\"@id\":\"https:\\\/\\\/www.holy-supps.nl\\\/product\\\/fit-lean-collagen-probiotics\\\/\",\"url\":\"https:\\\/\\\/www.holy-supps.nl\\\/product\\\/fit-lean-collagen-probiotics\\\/\",\"name\":\"Fit & Lean Collagen + Probiotics - Holy-Supps.nl\",\"isPartOf\":{\"@id\":\"https:\\\/\\\/www.holy-supps.nl\\\/#website\"},\"primaryImageOfPage\":{\"@id\":\"https:\\\/\\\/www.holy-supps.nl\\\/product\\\/fit-lean-collagen-probiotics\\\/#primaryimage\"},\"image\":{\"@id\":\"https:\\\/\\\/www.holy-supps.nl\\\/product\\\/fit-lean-collagen-probiotics\\\/#primaryimage\"},\"thumbnailUrl\":\"https:\\\/\\\/www.holy-supps.nl\\\/wp-content\\\/uploads\\\/2024\\\/01\\\/FL_collagen_probiotics_productimage-1.webp\",\"datePublished\":\"2024-01-28T15:56:15+00:00\",\"dateModified\":\"2025-08-26T12:14:01+00:00\",\"description\":\"Verbeter huid, haar, nagels en spijsvertering met Fit & Lean Collagen + Probiotics. 11g collageen, 1000% biotine, 5 miljard CFU's probiotica. Smaakloos en makkelijk te mengen.\",\"breadcrumb\":{\"@id\":\"https:\\\/\\\/www.holy-supps.nl\\\/product\\\/fit-lean-collagen-probiotics\\\/#breadcrumb\"},\"inLanguage\":\"de\",\"potentialAction\":[{\"@type\":\"ReadAction\",\"target\":[\"https:\\\/\\\/www.holy-supps.nl\\\/product\\\/fit-lean-collagen-probiotics\\\/\"]}]},{\"@type\":\"ImageObject\",\"inLanguage\":\"de\",\"@id\":\"https:\\\/\\\/www.holy-supps.nl\\\/product\\\/fit-lean-collagen-probiotics\\\/#primaryimage\",\"url\":\"https:\\\/\\\/www.holy-supps.nl\\\/wp-content\\\/uploads\\\/2024\\\/01\\\/FL_collagen_probiotics_productimage-1.webp\",\"contentUrl\":\"https:\\\/\\\/www.holy-supps.nl\\\/wp-content\\\/uploads\\\/2024\\\/01\\\/FL_collagen_probiotics_productimage-1.webp\",\"width\":1080,\"height\":1080},{\"@type\":\"BreadcrumbList\",\"@id\":\"https:\\\/\\\/www.holy-supps.nl\\\/product\\\/fit-lean-collagen-probiotics\\\/#breadcrumb\",\"itemListElement\":[{\"@type\":\"ListItem\",\"position\":1,\"name\":\"Home\",\"item\":\"https:\\\/\\\/www.holy-supps.nl\\\/\"},{\"@type\":\"ListItem\",\"position\":2,\"name\":\"Winkel\",\"item\":\"https:\\\/\\\/www.holy-supps.nl\\\/winkel\\\/\"},{\"@type\":\"ListItem\",\"position\":3,\"name\":\"Fit &#038; Lean Collagen + Probiotics\"}]},{\"@type\":\"WebSite\",\"@id\":\"https:\\\/\\\/www.holy-supps.nl\\\/#website\",\"url\":\"https:\\\/\\\/www.holy-supps.nl\\\/\",\"name\":\"Holy-Supps.nl\",\"description\":\"Official EHPLabs Reseller!\",\"publisher\":{\"@id\":\"https:\\\/\\\/www.holy-supps.nl\\\/#organization\"},\"potentialAction\":[{\"@type\":\"SearchAction\",\"target\":{\"@type\":\"EntryPoint\",\"urlTemplate\":\"https:\\\/\\\/www.holy-supps.nl\\\/?s={search_term_string}\"},\"query-input\":{\"@type\":\"PropertyValueSpecification\",\"valueRequired\":true,\"valueName\":\"search_term_string\"}}],\"inLanguage\":\"de\"},{\"@type\":\"Organization\",\"@id\":\"https:\\\/\\\/www.holy-supps.nl\\\/#organization\",\"name\":\"Holy Supps\",\"url\":\"https:\\\/\\\/www.holy-supps.nl\\\/\",\"logo\":{\"@type\":\"ImageObject\",\"inLanguage\":\"de\",\"@id\":\"https:\\\/\\\/www.holy-supps.nl\\\/#\\\/schema\\\/logo\\\/image\\\/\",\"url\":\"https:\\\/\\\/www.holy-supps.nl\\\/wp-content\\\/uploads\\\/2023\\\/06\\\/HOLY-SUPPS.png\",\"contentUrl\":\"https:\\\/\\\/www.holy-supps.nl\\\/wp-content\\\/uploads\\\/2023\\\/06\\\/HOLY-SUPPS.png\",\"width\":1000,\"height\":400,\"caption\":\"Holy Supps\"},\"image\":{\"@id\":\"https:\\\/\\\/www.holy-supps.nl\\\/#\\\/schema\\\/logo\\\/image\\\/\"},\"sameAs\":[\"https:\\\/\\\/www.facebook.com\\\/holy.supps\",\"https:\\\/\\\/www.instagram.com\\\/holy.supps.shop\\\/\"]}]}<\/script>\n<!-- \/ Yoast SEO plugin. -->","yoast_head_json":{"title":"Fit &amp; Lean Kollagen + Probiotika - Holy-Supps.de","description":"Verbessern Sie Haut, Haare, N\u00e4gel und Verdauung mit Fit &amp; Lean Collagen + Probiotics. 11 g Kollagen, 1000% Biotin, 5 Milliarden CFUs Probiotika. Geschmacksneutral und leicht zu mischen.","robots":{"index":"index","follow":"follow","max-snippet":"max-snippet:-1","max-image-preview":"max-image-preview:large","max-video-preview":"max-video-preview:-1"},"canonical":"https:\/\/www.holy-supps.nl\/de\/produkt\/fit-schlank-kollagen-probiotika\/","og_locale":"de_DE","og_type":"article","og_title":"Fit & Lean Collagen + Probiotics - Holy-Supps.nl","og_description":"Verbeter huid, haar, nagels en spijsvertering met Fit & Lean Collagen + Probiotics. 11g collageen, 1000% biotine, 5 miljard CFU's probiotica. Smaakloos en makkelijk te mengen.","og_url":"https:\/\/www.holy-supps.nl\/de\/produkt\/fit-schlank-kollagen-probiotika\/","og_site_name":"Holy-Supps.nl","article_publisher":"https:\/\/www.facebook.com\/holy.supps","article_modified_time":"2025-08-26T12:14:01+00:00","og_image":[{"width":1080,"height":1080,"url":"https:\/\/www.holy-supps.nl\/wp-content\/uploads\/2024\/01\/FL_collagen_probiotics_productimage-1.webp","type":"image\/webp"}],"twitter_card":"summary_large_image","twitter_misc":{"Gesch\u00e4tzte Lesezeit":"2\u00a0Minuten"},"schema":{"@context":"https:\/\/schema.org","@graph":[{"@type":"WebPage","@id":"https:\/\/www.holy-supps.nl\/product\/fit-lean-collagen-probiotics\/","url":"https:\/\/www.holy-supps.nl\/product\/fit-lean-collagen-probiotics\/","name":"Fit &amp; Lean Kollagen + Probiotika - Holy-Supps.de","isPartOf":{"@id":"https:\/\/www.holy-supps.nl\/#website"},"primaryImageOfPage":{"@id":"https:\/\/www.holy-supps.nl\/product\/fit-lean-collagen-probiotics\/#primaryimage"},"image":{"@id":"https:\/\/www.holy-supps.nl\/product\/fit-lean-collagen-probiotics\/#primaryimage"},"thumbnailUrl":"https:\/\/www.holy-supps.nl\/wp-content\/uploads\/2024\/01\/FL_collagen_probiotics_productimage-1.webp","datePublished":"2024-01-28T15:56:15+00:00","dateModified":"2025-08-26T12:14:01+00:00","description":"Verbessern Sie Haut, Haare, N\u00e4gel und Verdauung mit Fit &amp; Lean Collagen + Probiotics. 11 g Kollagen, 1000% Biotin, 5 Milliarden CFUs Probiotika. Geschmacksneutral und leicht zu mischen.","breadcrumb":{"@id":"https:\/\/www.holy-supps.nl\/product\/fit-lean-collagen-probiotics\/#breadcrumb"},"inLanguage":"de","potentialAction":[{"@type":"ReadAction","target":["https:\/\/www.holy-supps.nl\/product\/fit-lean-collagen-probiotics\/"]}]},{"@type":"ImageObject","inLanguage":"de","@id":"https:\/\/www.holy-supps.nl\/product\/fit-lean-collagen-probiotics\/#primaryimage","url":"https:\/\/www.holy-supps.nl\/wp-content\/uploads\/2024\/01\/FL_collagen_probiotics_productimage-1.webp","contentUrl":"https:\/\/www.holy-supps.nl\/wp-content\/uploads\/2024\/01\/FL_collagen_probiotics_productimage-1.webp","width":1080,"height":1080},{"@type":"BreadcrumbList","@id":"https:\/\/www.holy-supps.nl\/product\/fit-lean-collagen-probiotics\/#breadcrumb","itemListElement":[{"@type":"ListItem","position":1,"name":"Home","item":"https:\/\/www.holy-supps.nl\/"},{"@type":"ListItem","position":2,"name":"Winkel","item":"https:\/\/www.holy-supps.nl\/winkel\/"},{"@type":"ListItem","position":3,"name":"Fit &#038; Lean Collagen + Probiotics"}]},{"@type":"WebSite","@id":"https:\/\/www.holy-supps.nl\/#website","url":"https:\/\/www.holy-supps.nl\/","name":"Holy-Supps.co.uk","description":"Offizieller EHPLabs-H\u00e4ndler!","publisher":{"@id":"https:\/\/www.holy-supps.nl\/#organization"},"potentialAction":[{"@type":"SearchAction","target":{"@type":"EntryPoint","urlTemplate":"https:\/\/www.holy-supps.nl\/?s={search_term_string}"},"query-input":{"@type":"PropertyValueSpecification","valueRequired":true,"valueName":"search_term_string"}}],"inLanguage":"de"},{"@type":"Organization","@id":"https:\/\/www.holy-supps.nl\/#organization","name":"Heiliges Abendmahl","url":"https:\/\/www.holy-supps.nl\/","logo":{"@type":"ImageObject","inLanguage":"de","@id":"https:\/\/www.holy-supps.nl\/#\/schema\/logo\/image\/","url":"https:\/\/www.holy-supps.nl\/wp-content\/uploads\/2023\/06\/HOLY-SUPPS.png","contentUrl":"https:\/\/www.holy-supps.nl\/wp-content\/uploads\/2023\/06\/HOLY-SUPPS.png","width":1000,"height":400,"caption":"Holy Supps"},"image":{"@id":"https:\/\/www.holy-supps.nl\/#\/schema\/logo\/image\/"},"sameAs":["https:\/\/www.facebook.com\/holy.supps","https:\/\/www.instagram.com\/holy.supps.shop\/"]}]}},"jetpack_sharing_enabled":true,"_links":{"self":[{"href":"https:\/\/www.holy-supps.nl\/de\/wp-json\/wp\/v2\/product\/1935","targetHints":{"allow":["GET"]}}],"collection":[{"href":"https:\/\/www.holy-supps.nl\/de\/wp-json\/wp\/v2\/product"}],"about":[{"href":"https:\/\/www.holy-supps.nl\/de\/wp-json\/wp\/v2\/types\/product"}],"replies":[{"embeddable":true,"href":"https:\/\/www.holy-supps.nl\/de\/wp-json\/wp\/v2\/comments?post=1935"}],"wp:featuredmedia":[{"embeddable":true,"href":"https:\/\/www.holy-supps.nl\/de\/wp-json\/wp\/v2\/media\/1936"}],"wp:attachment":[{"href":"https:\/\/www.holy-supps.nl\/de\/wp-json\/wp\/v2\/media?parent=1935"}],"wp:term":[{"taxonomy":"product_brand","embeddable":true,"href":"https:\/\/www.holy-supps.nl\/de\/wp-json\/wp\/v2\/product_brand?post=1935"},{"taxonomy":"product_cat","embeddable":true,"href":"https:\/\/www.holy-supps.nl\/de\/wp-json\/wp\/v2\/product_cat?post=1935"},{"taxonomy":"product_tag","embeddable":true,"href":"https:\/\/www.holy-supps.nl\/de\/wp-json\/wp\/v2\/product_tag?post=1935"}],"curies":[{"name":"wp","href":"https:\/\/api.w.org\/{rel}","templated":true}]}}