{"id":1773,"date":"2023-12-08T14:43:52","date_gmt":"2023-12-08T13:43:52","guid":{"rendered":"https:\/\/www.holy-supps.nl\/?post_type=product&#038;p=1773"},"modified":"2025-09-15T15:30:45","modified_gmt":"2025-09-15T13:30:45","slug":"der-lacherliche-vegane-proteinriegel-von-the-protein-works","status":"publish","type":"product","link":"https:\/\/www.holy-supps.nl\/de\/product\/the-protein-works-ridiculous-vegan-protein-bar-2\/","title":{"rendered":"The Protein Works - L\u00e4cherlicher veganer Protein-Riegel"},"content":{"rendered":"<h2>Was ist ein l\u00e4cherlicher veganer Proteinriegel?<\/h2>\n<p>Benannt nach den zahllosen Reaktionen von Menschen, die diesen praktischen pflanzlichen Proteinsnack probiert haben, ist dies ein veganer Riegel, der ohne Kompromisse entwickelt wurde; ein Geschenk f\u00fcr Ihr Gewissen und Ihre W\u00fcnsche.<\/p>\n<p>Diese Leiste ist von Natur aus l\u00e4cherlich und sollte technisch nicht m\u00f6glich sein! Kombinieren Sie diese Funktionen standardm\u00e4\u00dfig in jeder einzelnen Leiste und Sie beginnen zu verstehen, warum es l\u00e4cherlich ist:<\/p>\n<p>Vollst\u00e4ndig auf pflanzlicher Basis<\/p>\n<p>Bewusst palm\u00f6lfrei<\/p>\n<p>Minimale Auswirkungen auf die Umwelt<\/p>\n<p>Hoher Proteingehalt und weniger als 1 g Zucker<\/p>\n<p>Reich an Ballaststoffen, die f\u00fcr ein l\u00e4ngeres S\u00e4ttigungsgef\u00fchl sorgen<br \/>\nWeniger als 200 Kalorien pro Riegel*<br \/>\nV\u00f6llig glutenfrei<br \/>\nKeine k\u00fcnstlichen Aromen, Farbstoffe oder Konservierungsmittel<br \/>\nK\u00f6stlich aromatisiert, mit mehreren Schichten von Genuss<\/p>\n<p>...Das alles ergibt einen veganen Riegel wie keinen anderen.<\/p>\n<h2>Inhaltsstoffe<\/h2>\n<p>Eiwei\u00dfmischung (Sojaproteinisolat, Erbsenprotein), Schokoladen\u00fcberzug (20%) (Kakaobutter, Sojamehl, Xylit, Kakaomasse, Sonnenblumenlecithin, nat\u00fcrliches Vanillearoma), Zichorienwurzelfaser, Karamell\u00fcberzug (13%) (S\u00fc\u00dfstoff ( Maltitol), Kakaobutter, pflanzliches Glycerin, Sonnenblumenlecithin, Wasser, fettreduziertes Kakaopulver, Akaziengummi, Himalaya-Salz), Sojaprotein-Nuggets (8%) (Sojaproteinisolat, fettreduziertes Kakaopulver, Tapiokast\u00e4rke), Erdnusspaste, pflanzliches Glycerin, Kokosnuss\u00f6l, Sonnenblumenlecithin, nat\u00fcrliche Aromen, Gr\u00fcntee-Extrakt, Himalaya-Salz, S\u00fc\u00dfstoff (Steviolglycoside)<\/p>","protected":false},"excerpt":{"rendered":"<p>Wat Is Ridiculous Vegan Protein Bar? Vernoemd naar de talloze reacties die we van mensen hebben gezien nadat ze deze handige plantaardige eiwitsnack hebben geprobeerd, is dit een veganistische reep die is ontworpen zonder compromissen; een geschenk voor je geweten en je verlangens. Belachelijk door zijn aard, zou deze bar technisch gezien niet mogelijk moeten [&#8230;]\n","protected":false},"featured_media":1774,"comment_status":"open","ping_status":"closed","template":"","meta":[],"product_brand":[],"product_cat":[86,93,79,73,81,83,78],"product_tag":[],"class_list":{"0":"post-1773","1":"product","2":"type-product","3":"status-publish","4":"has-post-thumbnail","6":"product_cat-aankomen","7":"product_cat-bars-snacks","8":"product_cat-maaltijdvervangers","9":"product_cat-protein-works","10":"product_cat-spieropbouw","11":"product_cat-the-protein-works","12":"product_cat-voeding-snacks","14":"first","15":"outofstock","16":"sale","17":"taxable","18":"shipping-taxable","19":"purchasable","20":"product-type-simple"},"yoast_head":"<!-- This site is optimized with the Yoast SEO plugin v27.5 - https:\/\/yoast.com\/product\/yoast-seo-wordpress\/ -->\n<title>The Protein Works - Ridiculous Vegan Protein Bar - Holy-Supps.nl<\/title>\n<meta name=\"robots\" content=\"index, follow, max-snippet:-1, max-image-preview:large, max-video-preview:-1\" \/>\n<link rel=\"canonical\" href=\"https:\/\/www.holy-supps.nl\/de\/produkt\/der-lacherliche-vegane-proteinriegel-von-the-protein-works\/\" \/>\n<meta property=\"og:locale\" content=\"de_DE\" \/>\n<meta property=\"og:type\" content=\"article\" \/>\n<meta property=\"og:title\" content=\"The Protein Works - Ridiculous Vegan Protein Bar - Holy-Supps.nl\" \/>\n<meta property=\"og:description\" content=\"Wat Is Ridiculous Vegan Protein Bar? Vernoemd naar de talloze reacties die we van mensen hebben gezien nadat ze deze handige plantaardige eiwitsnack hebben geprobeerd, is dit een veganistische reep die is ontworpen zonder compromissen; een geschenk voor je geweten en je verlangens. Belachelijk door zijn aard, zou deze bar technisch gezien niet mogelijk moeten [...]\" \/>\n<meta property=\"og:url\" content=\"https:\/\/www.holy-supps.nl\/de\/produkt\/der-lacherliche-vegane-proteinriegel-von-the-protein-works\/\" \/>\n<meta property=\"og:site_name\" content=\"Holy-Supps.nl\" \/>\n<meta property=\"article:publisher\" content=\"https:\/\/www.facebook.com\/holy.supps\" \/>\n<meta property=\"article:modified_time\" content=\"2025-09-15T13:30:45+00:00\" \/>\n<meta property=\"og:image\" content=\"https:\/\/www.holy-supps.nl\/wp-content\/uploads\/2023\/12\/rvb_pdp_4_1.webp\" \/>\n\t<meta property=\"og:image:width\" content=\"1120\" \/>\n\t<meta property=\"og:image:height\" content=\"1120\" \/>\n\t<meta property=\"og:image:type\" content=\"image\/webp\" \/>\n<meta name=\"twitter:card\" content=\"summary_large_image\" \/>\n<meta name=\"twitter:label1\" content=\"Gesch\u00e4tzte Lesezeit\" \/>\n\t<meta name=\"twitter:data1\" content=\"1\u00a0Minute\" \/>\n<script type=\"application\/ld+json\" class=\"yoast-schema-graph\">{\"@context\":\"https:\\\/\\\/schema.org\",\"@graph\":[{\"@type\":\"WebPage\",\"@id\":\"https:\\\/\\\/www.holy-supps.nl\\\/product\\\/the-protein-works-ridiculous-vegan-protein-bar-2\\\/\",\"url\":\"https:\\\/\\\/www.holy-supps.nl\\\/product\\\/the-protein-works-ridiculous-vegan-protein-bar-2\\\/\",\"name\":\"The Protein Works - Ridiculous Vegan Protein Bar - Holy-Supps.nl\",\"isPartOf\":{\"@id\":\"https:\\\/\\\/www.holy-supps.nl\\\/#website\"},\"primaryImageOfPage\":{\"@id\":\"https:\\\/\\\/www.holy-supps.nl\\\/product\\\/the-protein-works-ridiculous-vegan-protein-bar-2\\\/#primaryimage\"},\"image\":{\"@id\":\"https:\\\/\\\/www.holy-supps.nl\\\/product\\\/the-protein-works-ridiculous-vegan-protein-bar-2\\\/#primaryimage\"},\"thumbnailUrl\":\"https:\\\/\\\/www.holy-supps.nl\\\/wp-content\\\/uploads\\\/2023\\\/12\\\/rvb_pdp_4_1.webp\",\"datePublished\":\"2023-12-08T13:43:52+00:00\",\"dateModified\":\"2025-09-15T13:30:45+00:00\",\"breadcrumb\":{\"@id\":\"https:\\\/\\\/www.holy-supps.nl\\\/product\\\/the-protein-works-ridiculous-vegan-protein-bar-2\\\/#breadcrumb\"},\"inLanguage\":\"de\",\"potentialAction\":[{\"@type\":\"ReadAction\",\"target\":[\"https:\\\/\\\/www.holy-supps.nl\\\/product\\\/the-protein-works-ridiculous-vegan-protein-bar-2\\\/\"]}]},{\"@type\":\"ImageObject\",\"inLanguage\":\"de\",\"@id\":\"https:\\\/\\\/www.holy-supps.nl\\\/product\\\/the-protein-works-ridiculous-vegan-protein-bar-2\\\/#primaryimage\",\"url\":\"https:\\\/\\\/www.holy-supps.nl\\\/wp-content\\\/uploads\\\/2023\\\/12\\\/rvb_pdp_4_1.webp\",\"contentUrl\":\"https:\\\/\\\/www.holy-supps.nl\\\/wp-content\\\/uploads\\\/2023\\\/12\\\/rvb_pdp_4_1.webp\",\"width\":1120,\"height\":1120},{\"@type\":\"BreadcrumbList\",\"@id\":\"https:\\\/\\\/www.holy-supps.nl\\\/product\\\/the-protein-works-ridiculous-vegan-protein-bar-2\\\/#breadcrumb\",\"itemListElement\":[{\"@type\":\"ListItem\",\"position\":1,\"name\":\"Home\",\"item\":\"https:\\\/\\\/www.holy-supps.nl\\\/\"},{\"@type\":\"ListItem\",\"position\":2,\"name\":\"Winkel\",\"item\":\"https:\\\/\\\/www.holy-supps.nl\\\/winkel\\\/\"},{\"@type\":\"ListItem\",\"position\":3,\"name\":\"The Protein Works &#8211; Ridiculous Vegan Protein Bar\"}]},{\"@type\":\"WebSite\",\"@id\":\"https:\\\/\\\/www.holy-supps.nl\\\/#website\",\"url\":\"https:\\\/\\\/www.holy-supps.nl\\\/\",\"name\":\"Holy-Supps.nl\",\"description\":\"Official EHPLabs Reseller!\",\"publisher\":{\"@id\":\"https:\\\/\\\/www.holy-supps.nl\\\/#organization\"},\"potentialAction\":[{\"@type\":\"SearchAction\",\"target\":{\"@type\":\"EntryPoint\",\"urlTemplate\":\"https:\\\/\\\/www.holy-supps.nl\\\/?s={search_term_string}\"},\"query-input\":{\"@type\":\"PropertyValueSpecification\",\"valueRequired\":true,\"valueName\":\"search_term_string\"}}],\"inLanguage\":\"de\"},{\"@type\":\"Organization\",\"@id\":\"https:\\\/\\\/www.holy-supps.nl\\\/#organization\",\"name\":\"Holy Supps\",\"url\":\"https:\\\/\\\/www.holy-supps.nl\\\/\",\"logo\":{\"@type\":\"ImageObject\",\"inLanguage\":\"de\",\"@id\":\"https:\\\/\\\/www.holy-supps.nl\\\/#\\\/schema\\\/logo\\\/image\\\/\",\"url\":\"https:\\\/\\\/www.holy-supps.nl\\\/wp-content\\\/uploads\\\/2023\\\/06\\\/HOLY-SUPPS.png\",\"contentUrl\":\"https:\\\/\\\/www.holy-supps.nl\\\/wp-content\\\/uploads\\\/2023\\\/06\\\/HOLY-SUPPS.png\",\"width\":1000,\"height\":400,\"caption\":\"Holy Supps\"},\"image\":{\"@id\":\"https:\\\/\\\/www.holy-supps.nl\\\/#\\\/schema\\\/logo\\\/image\\\/\"},\"sameAs\":[\"https:\\\/\\\/www.facebook.com\\\/holy.supps\",\"https:\\\/\\\/www.instagram.com\\\/holy.supps.shop\\\/\"]}]}<\/script>\n<!-- \/ Yoast SEO plugin. -->","yoast_head_json":{"title":"The Protein Works - L\u00e4cherlicher Veganer Protein-Riegel - Holy-Supps.co.uk","robots":{"index":"index","follow":"follow","max-snippet":"max-snippet:-1","max-image-preview":"max-image-preview:large","max-video-preview":"max-video-preview:-1"},"canonical":"https:\/\/www.holy-supps.nl\/de\/produkt\/der-lacherliche-vegane-proteinriegel-von-the-protein-works\/","og_locale":"de_DE","og_type":"article","og_title":"The Protein Works - Ridiculous Vegan Protein Bar - Holy-Supps.nl","og_description":"Wat Is Ridiculous Vegan Protein Bar? Vernoemd naar de talloze reacties die we van mensen hebben gezien nadat ze deze handige plantaardige eiwitsnack hebben geprobeerd, is dit een veganistische reep die is ontworpen zonder compromissen; een geschenk voor je geweten en je verlangens. Belachelijk door zijn aard, zou deze bar technisch gezien niet mogelijk moeten [...]","og_url":"https:\/\/www.holy-supps.nl\/de\/produkt\/der-lacherliche-vegane-proteinriegel-von-the-protein-works\/","og_site_name":"Holy-Supps.nl","article_publisher":"https:\/\/www.facebook.com\/holy.supps","article_modified_time":"2025-09-15T13:30:45+00:00","og_image":[{"width":1120,"height":1120,"url":"https:\/\/www.holy-supps.nl\/wp-content\/uploads\/2023\/12\/rvb_pdp_4_1.webp","type":"image\/webp"}],"twitter_card":"summary_large_image","twitter_misc":{"Gesch\u00e4tzte Lesezeit":"1\u00a0Minute"},"schema":{"@context":"https:\/\/schema.org","@graph":[{"@type":"WebPage","@id":"https:\/\/www.holy-supps.nl\/product\/the-protein-works-ridiculous-vegan-protein-bar-2\/","url":"https:\/\/www.holy-supps.nl\/product\/the-protein-works-ridiculous-vegan-protein-bar-2\/","name":"The Protein Works - L\u00e4cherlicher Veganer Protein-Riegel - Holy-Supps.co.uk","isPartOf":{"@id":"https:\/\/www.holy-supps.nl\/#website"},"primaryImageOfPage":{"@id":"https:\/\/www.holy-supps.nl\/product\/the-protein-works-ridiculous-vegan-protein-bar-2\/#primaryimage"},"image":{"@id":"https:\/\/www.holy-supps.nl\/product\/the-protein-works-ridiculous-vegan-protein-bar-2\/#primaryimage"},"thumbnailUrl":"https:\/\/www.holy-supps.nl\/wp-content\/uploads\/2023\/12\/rvb_pdp_4_1.webp","datePublished":"2023-12-08T13:43:52+00:00","dateModified":"2025-09-15T13:30:45+00:00","breadcrumb":{"@id":"https:\/\/www.holy-supps.nl\/product\/the-protein-works-ridiculous-vegan-protein-bar-2\/#breadcrumb"},"inLanguage":"de","potentialAction":[{"@type":"ReadAction","target":["https:\/\/www.holy-supps.nl\/product\/the-protein-works-ridiculous-vegan-protein-bar-2\/"]}]},{"@type":"ImageObject","inLanguage":"de","@id":"https:\/\/www.holy-supps.nl\/product\/the-protein-works-ridiculous-vegan-protein-bar-2\/#primaryimage","url":"https:\/\/www.holy-supps.nl\/wp-content\/uploads\/2023\/12\/rvb_pdp_4_1.webp","contentUrl":"https:\/\/www.holy-supps.nl\/wp-content\/uploads\/2023\/12\/rvb_pdp_4_1.webp","width":1120,"height":1120},{"@type":"BreadcrumbList","@id":"https:\/\/www.holy-supps.nl\/product\/the-protein-works-ridiculous-vegan-protein-bar-2\/#breadcrumb","itemListElement":[{"@type":"ListItem","position":1,"name":"Home","item":"https:\/\/www.holy-supps.nl\/"},{"@type":"ListItem","position":2,"name":"Winkel","item":"https:\/\/www.holy-supps.nl\/winkel\/"},{"@type":"ListItem","position":3,"name":"The Protein Works &#8211; Ridiculous Vegan Protein Bar"}]},{"@type":"WebSite","@id":"https:\/\/www.holy-supps.nl\/#website","url":"https:\/\/www.holy-supps.nl\/","name":"Holy-Supps.co.uk","description":"Offizieller EHPLabs-H\u00e4ndler!","publisher":{"@id":"https:\/\/www.holy-supps.nl\/#organization"},"potentialAction":[{"@type":"SearchAction","target":{"@type":"EntryPoint","urlTemplate":"https:\/\/www.holy-supps.nl\/?s={search_term_string}"},"query-input":{"@type":"PropertyValueSpecification","valueRequired":true,"valueName":"search_term_string"}}],"inLanguage":"de"},{"@type":"Organization","@id":"https:\/\/www.holy-supps.nl\/#organization","name":"Heiliges Abendmahl","url":"https:\/\/www.holy-supps.nl\/","logo":{"@type":"ImageObject","inLanguage":"de","@id":"https:\/\/www.holy-supps.nl\/#\/schema\/logo\/image\/","url":"https:\/\/www.holy-supps.nl\/wp-content\/uploads\/2023\/06\/HOLY-SUPPS.png","contentUrl":"https:\/\/www.holy-supps.nl\/wp-content\/uploads\/2023\/06\/HOLY-SUPPS.png","width":1000,"height":400,"caption":"Holy Supps"},"image":{"@id":"https:\/\/www.holy-supps.nl\/#\/schema\/logo\/image\/"},"sameAs":["https:\/\/www.facebook.com\/holy.supps","https:\/\/www.instagram.com\/holy.supps.shop\/"]}]}},"jetpack_sharing_enabled":true,"_links":{"self":[{"href":"https:\/\/www.holy-supps.nl\/de\/wp-json\/wp\/v2\/product\/1773","targetHints":{"allow":["GET"]}}],"collection":[{"href":"https:\/\/www.holy-supps.nl\/de\/wp-json\/wp\/v2\/product"}],"about":[{"href":"https:\/\/www.holy-supps.nl\/de\/wp-json\/wp\/v2\/types\/product"}],"replies":[{"embeddable":true,"href":"https:\/\/www.holy-supps.nl\/de\/wp-json\/wp\/v2\/comments?post=1773"}],"wp:featuredmedia":[{"embeddable":true,"href":"https:\/\/www.holy-supps.nl\/de\/wp-json\/wp\/v2\/media\/1774"}],"wp:attachment":[{"href":"https:\/\/www.holy-supps.nl\/de\/wp-json\/wp\/v2\/media?parent=1773"}],"wp:term":[{"taxonomy":"product_brand","embeddable":true,"href":"https:\/\/www.holy-supps.nl\/de\/wp-json\/wp\/v2\/product_brand?post=1773"},{"taxonomy":"product_cat","embeddable":true,"href":"https:\/\/www.holy-supps.nl\/de\/wp-json\/wp\/v2\/product_cat?post=1773"},{"taxonomy":"product_tag","embeddable":true,"href":"https:\/\/www.holy-supps.nl\/de\/wp-json\/wp\/v2\/product_tag?post=1773"}],"curies":[{"name":"wp","href":"https:\/\/api.w.org\/{rel}","templated":true}]}}