{"id":164,"date":"2023-03-04T15:00:57","date_gmt":"2023-03-04T14:00:57","guid":{"rendered":"https:\/\/www.holy-supps.nl\/?post_type=product&#038;p=164"},"modified":"2026-04-30T12:53:18","modified_gmt":"2026-04-30T10:53:18","slug":"crea-8-kreatin-monohydrat-ehplabs","status":"publish","type":"product","link":"https:\/\/www.holy-supps.nl\/de\/product\/crea-8-creatine-monohydrate-ehplabs-2\/","title":{"rendered":"Crea-8 | Kreatin-Monohydrat - EHPLabs"},"content":{"rendered":"<h2>Beschreibung<\/h2>\n<p>EHPlabs <strong>CREA-8 Kreatin-Monohydrat<\/strong> ist eine reine Kreatinerg\u00e4nzung in Pulverform. Das Produkt enth\u00e4lt ausschlie\u00dflich <strong>mikronisiertes Kreatin-Monohydrat<\/strong>, ohne Zusatzstoffe oder Aromen. Dank seiner feinen Struktur l\u00f6st sich das Pulver leicht in Wasser oder anderen Getr\u00e4nken auf. Dies macht CREA-8 zu einer vielseitigen Wahl f\u00fcr Athleten, die ihren Supplement-Stack mit einem reinen Produkt erg\u00e4nzen m\u00f6chten.<\/p>\n<hr \/>\n<h2>Vorteile<\/h2>\n<ul>\n<li>100% rein <strong>mikronisiertes Kreatin-Monohydrat<\/strong><\/li>\n<li>Frei von Aromen, Farbstoffen und F\u00fcllstoffen<\/li>\n<li><strong>Gut l\u00f6sliches Pulver<\/strong> f\u00fcr leichte Mischbarkeit<\/li>\n<li>Geeignet f\u00fcr den t\u00e4glichen Gebrauch<\/li>\n<li>100 Portionen pro Packung<\/li>\n<\/ul>\n<hr \/>\n<h2>Gebrauchsanweisung<\/h2>\n<p>Mischen <strong>1 Messl\u00f6ffel (5 g)<\/strong> CREA-8 mit Wasser oder einem anderen Getr\u00e4nk Ihrer Wahl.<\/p>\n<ul>\n<li>Empfohlene Verwendung: <strong>1 Portion pro Tag<\/strong><\/li>\n<li>Kann zu jeder Zeit des Tages eingenommen werden<\/li>\n<li>F\u00fcr optimale Ergebnisse: konsequent anwenden<\/li>\n<\/ul>","protected":false},"excerpt":{"rendered":"<p>EHPlabs CREA-8 Kreatin-Monohydrat ist ein reines Kreatinpulver ohne Zusatzstoffe oder Aromen. Das feine, mikronisierte Pulver l\u00f6st sich leicht in Wasser oder einem anderen Getr\u00e4nk auf. Mit 100 Portionen pro Packung ist es eine praktische Wahl f\u00fcr Sportler, die ihren Supplement-Stack erg\u00e4nzen wollen.<\/p>","protected":false},"featured_media":165,"comment_status":"open","ping_status":"closed","template":"","meta":[],"product_brand":[],"product_cat":[72,70],"product_tag":[],"class_list":{"0":"post-164","1":"product","2":"type-product","3":"status-publish","4":"has-post-thumbnail","6":"product_cat-ehplabs","7":"product_cat-raws","9":"first","10":"instock","11":"taxable","12":"shipping-taxable","13":"purchasable","14":"product-type-simple"},"yoast_head":"<!-- This site is optimized with the Yoast SEO plugin v27.5 - https:\/\/yoast.com\/product\/yoast-seo-wordpress\/ -->\n<title>Crea-8 | Creatine Monohydrate - EHPLabs - Holy-Supps.nl<\/title>\n<meta name=\"description\" content=\"Verbeter kracht en spiermassa met Crea-8 van EHPLabs. 100% puur creatine-monohydraat voor optimale prestaties en herstel.\" \/>\n<meta name=\"robots\" content=\"index, follow, max-snippet:-1, max-image-preview:large, max-video-preview:-1\" \/>\n<link rel=\"canonical\" href=\"https:\/\/www.holy-supps.nl\/de\/produkt\/crea-8-kreatin-monohydrat-ehplabs\/\" \/>\n<meta property=\"og:locale\" content=\"de_DE\" \/>\n<meta property=\"og:type\" content=\"article\" \/>\n<meta property=\"og:title\" content=\"Crea-8 | Creatine Monohydrate - EHPLabs - Holy-Supps.nl\" \/>\n<meta property=\"og:description\" content=\"Verbeter kracht en spiermassa met Crea-8 van EHPLabs. 100% puur creatine-monohydraat voor optimale prestaties en herstel.\" \/>\n<meta property=\"og:url\" content=\"https:\/\/www.holy-supps.nl\/de\/produkt\/crea-8-kreatin-monohydrat-ehplabs\/\" \/>\n<meta property=\"og:site_name\" content=\"Holy-Supps.nl\" \/>\n<meta property=\"article:publisher\" content=\"https:\/\/www.facebook.com\/holy.supps\" \/>\n<meta property=\"article:modified_time\" content=\"2026-04-30T10:53:18+00:00\" \/>\n<meta property=\"og:image\" content=\"https:\/\/www.holy-supps.nl\/wp-content\/uploads\/2023\/03\/RAW-CRE1.webp\" \/>\n\t<meta property=\"og:image:width\" content=\"1000\" \/>\n\t<meta property=\"og:image:height\" content=\"1000\" \/>\n\t<meta property=\"og:image:type\" content=\"image\/webp\" \/>\n<meta name=\"twitter:card\" content=\"summary_large_image\" \/>\n<meta name=\"twitter:label1\" content=\"Gesch\u00e4tzte Lesezeit\" \/>\n\t<meta name=\"twitter:data1\" content=\"1\u00a0Minute\" \/>\n<script type=\"application\/ld+json\" class=\"yoast-schema-graph\">{\"@context\":\"https:\\\/\\\/schema.org\",\"@graph\":[{\"@type\":\"WebPage\",\"@id\":\"https:\\\/\\\/www.holy-supps.nl\\\/product\\\/crea-8-creatine-monohydrate-ehplabs-2\\\/\",\"url\":\"https:\\\/\\\/www.holy-supps.nl\\\/product\\\/crea-8-creatine-monohydrate-ehplabs-2\\\/\",\"name\":\"Crea-8 | Creatine Monohydrate - EHPLabs - Holy-Supps.nl\",\"isPartOf\":{\"@id\":\"https:\\\/\\\/www.holy-supps.nl\\\/#website\"},\"primaryImageOfPage\":{\"@id\":\"https:\\\/\\\/www.holy-supps.nl\\\/product\\\/crea-8-creatine-monohydrate-ehplabs-2\\\/#primaryimage\"},\"image\":{\"@id\":\"https:\\\/\\\/www.holy-supps.nl\\\/product\\\/crea-8-creatine-monohydrate-ehplabs-2\\\/#primaryimage\"},\"thumbnailUrl\":\"https:\\\/\\\/www.holy-supps.nl\\\/wp-content\\\/uploads\\\/2023\\\/03\\\/RAW-CRE1.webp\",\"datePublished\":\"2023-03-04T14:00:57+00:00\",\"dateModified\":\"2026-04-30T10:53:18+00:00\",\"description\":\"Verbeter kracht en spiermassa met Crea-8 van EHPLabs. 100% puur creatine-monohydraat voor optimale prestaties en herstel.\",\"breadcrumb\":{\"@id\":\"https:\\\/\\\/www.holy-supps.nl\\\/product\\\/crea-8-creatine-monohydrate-ehplabs-2\\\/#breadcrumb\"},\"inLanguage\":\"de\",\"potentialAction\":[{\"@type\":\"ReadAction\",\"target\":[\"https:\\\/\\\/www.holy-supps.nl\\\/product\\\/crea-8-creatine-monohydrate-ehplabs-2\\\/\"]}]},{\"@type\":\"ImageObject\",\"inLanguage\":\"de\",\"@id\":\"https:\\\/\\\/www.holy-supps.nl\\\/product\\\/crea-8-creatine-monohydrate-ehplabs-2\\\/#primaryimage\",\"url\":\"https:\\\/\\\/www.holy-supps.nl\\\/wp-content\\\/uploads\\\/2023\\\/03\\\/RAW-CRE1.webp\",\"contentUrl\":\"https:\\\/\\\/www.holy-supps.nl\\\/wp-content\\\/uploads\\\/2023\\\/03\\\/RAW-CRE1.webp\",\"width\":1000,\"height\":1000},{\"@type\":\"BreadcrumbList\",\"@id\":\"https:\\\/\\\/www.holy-supps.nl\\\/product\\\/crea-8-creatine-monohydrate-ehplabs-2\\\/#breadcrumb\",\"itemListElement\":[{\"@type\":\"ListItem\",\"position\":1,\"name\":\"Home\",\"item\":\"https:\\\/\\\/www.holy-supps.nl\\\/\"},{\"@type\":\"ListItem\",\"position\":2,\"name\":\"Winkel\",\"item\":\"https:\\\/\\\/www.holy-supps.nl\\\/winkel\\\/\"},{\"@type\":\"ListItem\",\"position\":3,\"name\":\"Crea-8 | Creatine Monohydrate &#8211; EHPLabs\"}]},{\"@type\":\"WebSite\",\"@id\":\"https:\\\/\\\/www.holy-supps.nl\\\/#website\",\"url\":\"https:\\\/\\\/www.holy-supps.nl\\\/\",\"name\":\"Holy-Supps.nl\",\"description\":\"Official EHPLabs Reseller!\",\"publisher\":{\"@id\":\"https:\\\/\\\/www.holy-supps.nl\\\/#organization\"},\"potentialAction\":[{\"@type\":\"SearchAction\",\"target\":{\"@type\":\"EntryPoint\",\"urlTemplate\":\"https:\\\/\\\/www.holy-supps.nl\\\/?s={search_term_string}\"},\"query-input\":{\"@type\":\"PropertyValueSpecification\",\"valueRequired\":true,\"valueName\":\"search_term_string\"}}],\"inLanguage\":\"de\"},{\"@type\":\"Organization\",\"@id\":\"https:\\\/\\\/www.holy-supps.nl\\\/#organization\",\"name\":\"Holy Supps\",\"url\":\"https:\\\/\\\/www.holy-supps.nl\\\/\",\"logo\":{\"@type\":\"ImageObject\",\"inLanguage\":\"de\",\"@id\":\"https:\\\/\\\/www.holy-supps.nl\\\/#\\\/schema\\\/logo\\\/image\\\/\",\"url\":\"https:\\\/\\\/www.holy-supps.nl\\\/wp-content\\\/uploads\\\/2023\\\/06\\\/HOLY-SUPPS.png\",\"contentUrl\":\"https:\\\/\\\/www.holy-supps.nl\\\/wp-content\\\/uploads\\\/2023\\\/06\\\/HOLY-SUPPS.png\",\"width\":1000,\"height\":400,\"caption\":\"Holy Supps\"},\"image\":{\"@id\":\"https:\\\/\\\/www.holy-supps.nl\\\/#\\\/schema\\\/logo\\\/image\\\/\"},\"sameAs\":[\"https:\\\/\\\/www.facebook.com\\\/holy.supps\",\"https:\\\/\\\/www.instagram.com\\\/holy.supps.shop\\\/\"]}]}<\/script>\n<!-- \/ Yoast SEO plugin. -->","yoast_head_json":{"title":"Crea-8 | Kreatin Monohydrat - EHPLabs - Holy-Supps.de","description":"Verbessern Sie Kraft und Muskelmasse mit Crea-8 von EHPLabs. 100% reines Kreatinmonohydrat f\u00fcr optimale Leistung und Erholung.","robots":{"index":"index","follow":"follow","max-snippet":"max-snippet:-1","max-image-preview":"max-image-preview:large","max-video-preview":"max-video-preview:-1"},"canonical":"https:\/\/www.holy-supps.nl\/de\/produkt\/crea-8-kreatin-monohydrat-ehplabs\/","og_locale":"de_DE","og_type":"article","og_title":"Crea-8 | Creatine Monohydrate - EHPLabs - Holy-Supps.nl","og_description":"Verbeter kracht en spiermassa met Crea-8 van EHPLabs. 100% puur creatine-monohydraat voor optimale prestaties en herstel.","og_url":"https:\/\/www.holy-supps.nl\/de\/produkt\/crea-8-kreatin-monohydrat-ehplabs\/","og_site_name":"Holy-Supps.nl","article_publisher":"https:\/\/www.facebook.com\/holy.supps","article_modified_time":"2026-04-30T10:53:18+00:00","og_image":[{"width":1000,"height":1000,"url":"https:\/\/www.holy-supps.nl\/wp-content\/uploads\/2023\/03\/RAW-CRE1.webp","type":"image\/webp"}],"twitter_card":"summary_large_image","twitter_misc":{"Gesch\u00e4tzte Lesezeit":"1\u00a0Minute"},"schema":{"@context":"https:\/\/schema.org","@graph":[{"@type":"WebPage","@id":"https:\/\/www.holy-supps.nl\/product\/crea-8-creatine-monohydrate-ehplabs-2\/","url":"https:\/\/www.holy-supps.nl\/product\/crea-8-creatine-monohydrate-ehplabs-2\/","name":"Crea-8 | Kreatin Monohydrat - EHPLabs - Holy-Supps.de","isPartOf":{"@id":"https:\/\/www.holy-supps.nl\/#website"},"primaryImageOfPage":{"@id":"https:\/\/www.holy-supps.nl\/product\/crea-8-creatine-monohydrate-ehplabs-2\/#primaryimage"},"image":{"@id":"https:\/\/www.holy-supps.nl\/product\/crea-8-creatine-monohydrate-ehplabs-2\/#primaryimage"},"thumbnailUrl":"https:\/\/www.holy-supps.nl\/wp-content\/uploads\/2023\/03\/RAW-CRE1.webp","datePublished":"2023-03-04T14:00:57+00:00","dateModified":"2026-04-30T10:53:18+00:00","description":"Verbessern Sie Kraft und Muskelmasse mit Crea-8 von EHPLabs. 100% reines Kreatinmonohydrat f\u00fcr optimale Leistung und Erholung.","breadcrumb":{"@id":"https:\/\/www.holy-supps.nl\/product\/crea-8-creatine-monohydrate-ehplabs-2\/#breadcrumb"},"inLanguage":"de","potentialAction":[{"@type":"ReadAction","target":["https:\/\/www.holy-supps.nl\/product\/crea-8-creatine-monohydrate-ehplabs-2\/"]}]},{"@type":"ImageObject","inLanguage":"de","@id":"https:\/\/www.holy-supps.nl\/product\/crea-8-creatine-monohydrate-ehplabs-2\/#primaryimage","url":"https:\/\/www.holy-supps.nl\/wp-content\/uploads\/2023\/03\/RAW-CRE1.webp","contentUrl":"https:\/\/www.holy-supps.nl\/wp-content\/uploads\/2023\/03\/RAW-CRE1.webp","width":1000,"height":1000},{"@type":"BreadcrumbList","@id":"https:\/\/www.holy-supps.nl\/product\/crea-8-creatine-monohydrate-ehplabs-2\/#breadcrumb","itemListElement":[{"@type":"ListItem","position":1,"name":"Home","item":"https:\/\/www.holy-supps.nl\/"},{"@type":"ListItem","position":2,"name":"Winkel","item":"https:\/\/www.holy-supps.nl\/winkel\/"},{"@type":"ListItem","position":3,"name":"Crea-8 | Creatine Monohydrate &#8211; EHPLabs"}]},{"@type":"WebSite","@id":"https:\/\/www.holy-supps.nl\/#website","url":"https:\/\/www.holy-supps.nl\/","name":"Holy-Supps.co.uk","description":"Offizieller EHPLabs-H\u00e4ndler!","publisher":{"@id":"https:\/\/www.holy-supps.nl\/#organization"},"potentialAction":[{"@type":"SearchAction","target":{"@type":"EntryPoint","urlTemplate":"https:\/\/www.holy-supps.nl\/?s={search_term_string}"},"query-input":{"@type":"PropertyValueSpecification","valueRequired":true,"valueName":"search_term_string"}}],"inLanguage":"de"},{"@type":"Organization","@id":"https:\/\/www.holy-supps.nl\/#organization","name":"Heiliges Abendmahl","url":"https:\/\/www.holy-supps.nl\/","logo":{"@type":"ImageObject","inLanguage":"de","@id":"https:\/\/www.holy-supps.nl\/#\/schema\/logo\/image\/","url":"https:\/\/www.holy-supps.nl\/wp-content\/uploads\/2023\/06\/HOLY-SUPPS.png","contentUrl":"https:\/\/www.holy-supps.nl\/wp-content\/uploads\/2023\/06\/HOLY-SUPPS.png","width":1000,"height":400,"caption":"Holy Supps"},"image":{"@id":"https:\/\/www.holy-supps.nl\/#\/schema\/logo\/image\/"},"sameAs":["https:\/\/www.facebook.com\/holy.supps","https:\/\/www.instagram.com\/holy.supps.shop\/"]}]}},"jetpack_sharing_enabled":true,"_links":{"self":[{"href":"https:\/\/www.holy-supps.nl\/de\/wp-json\/wp\/v2\/product\/164","targetHints":{"allow":["GET"]}}],"collection":[{"href":"https:\/\/www.holy-supps.nl\/de\/wp-json\/wp\/v2\/product"}],"about":[{"href":"https:\/\/www.holy-supps.nl\/de\/wp-json\/wp\/v2\/types\/product"}],"replies":[{"embeddable":true,"href":"https:\/\/www.holy-supps.nl\/de\/wp-json\/wp\/v2\/comments?post=164"}],"wp:featuredmedia":[{"embeddable":true,"href":"https:\/\/www.holy-supps.nl\/de\/wp-json\/wp\/v2\/media\/165"}],"wp:attachment":[{"href":"https:\/\/www.holy-supps.nl\/de\/wp-json\/wp\/v2\/media?parent=164"}],"wp:term":[{"taxonomy":"product_brand","embeddable":true,"href":"https:\/\/www.holy-supps.nl\/de\/wp-json\/wp\/v2\/product_brand?post=164"},{"taxonomy":"product_cat","embeddable":true,"href":"https:\/\/www.holy-supps.nl\/de\/wp-json\/wp\/v2\/product_cat?post=164"},{"taxonomy":"product_tag","embeddable":true,"href":"https:\/\/www.holy-supps.nl\/de\/wp-json\/wp\/v2\/product_tag?post=164"}],"curies":[{"name":"wp","href":"https:\/\/api.w.org\/{rel}","templated":true}]}}