{"id":159,"date":"2023-03-04T14:54:13","date_gmt":"2023-03-04T13:54:13","guid":{"rendered":"https:\/\/www.holy-supps.nl\/?post_type=product&#038;p=159"},"modified":"2026-04-26T17:13:03","modified_gmt":"2026-04-26T15:13:03","slug":"acetyl-l-carnitin-gewichtsverlust-unterstutzen-ehplabs","status":"publish","type":"product","link":"https:\/\/www.holy-supps.nl\/de\/product\/acetyl-l-carnitine-weight-loss-support-ehplabs\/","title":{"rendered":"Acetyl L-Carnitin | Gewichtsverlust Unterst\u00fctzung - EHPLabs"},"content":{"rendered":"<h2>Beschreibung<\/h2>\n<p>EHPlabs Acetyl L-Carnitin ist ein Nahrungserg\u00e4nzungsmittel in Pulverform, das bei Sportlern und Menschen, die ihre Ern\u00e4hrung erg\u00e4nzen m\u00f6chten, sehr beliebt ist. Das Produkt enth\u00e4lt reines Acetyl L-Carnitin und kann einfach mit Wasser gemischt oder einem Shake hinzugef\u00fcgt werden. Diese Variante ist geschmacksneutral, sodass sie sich leicht mit anderen Nahrungserg\u00e4nzungsmitteln oder Getr\u00e4nken kombinieren l\u00e4sst.<\/p>\n<h2>Vorteile<\/h2>\n<ul>\n<li>Enth\u00e4lt reines Acetyl-L-Carnitin-Pulver<\/li>\n<li>Leicht l\u00f6slich in Wasser oder Shakes<\/li>\n<li>Geschmacksneutral und daher gut mit anderen Produkten kombinierbar<\/li>\n<li>Geeignet f\u00fcr den Einsatz rund um das Training oder w\u00e4hrend des Tages<\/li>\n<\/ul>\n<h2>Gebrauchsanweisung<\/h2>\n<p>Nehmen Sie 1 Portion (ca. 1 Gramm) Acetyl-L-Carnitin-Pulver und mischen Sie es mit Wasser oder einem anderen Getr\u00e4nk Ihrer Wahl. Geeignet zur Einnahme vor oder nach dem Training oder zu jeder anderen Tageszeit. Die empfohlene Tagesdosis darf nicht \u00fcberschritten werden. An einem k\u00fchlen, trockenen Ort und au\u00dferhalb der Reichweite von Kindern aufbewahren.<\/p>","protected":false},"excerpt":{"rendered":"<p>EHPlabs Acetyl L-Carnitine ist ein reines Pulverpr\u00e4parat, das sich leicht mit Wasser oder Shakes mischen l\u00e4sst. Dank seiner geschmacksneutralen Formel l\u00e4sst es sich ideal mit anderen Produkten kombinieren. Geeignet f\u00fcr den t\u00e4glichen Gebrauch im Rahmen eines abwechslungsreichen Lebensstils.<\/p>","protected":false},"featured_media":160,"comment_status":"open","ping_status":"closed","template":"","meta":[],"product_brand":[],"product_cat":[89,212,72,69,70],"product_tag":[],"class_list":{"0":"post-159","1":"product","2":"type-product","3":"status-publish","4":"has-post-thumbnail","6":"product_cat-afvallen","7":"product_cat-bestsellers","8":"product_cat-ehplabs","9":"product_cat-fatburners","10":"product_cat-raws","12":"first","13":"instock","14":"taxable","15":"shipping-taxable","16":"purchasable","17":"product-type-simple"},"yoast_head":"<!-- This site is optimized with the Yoast SEO plugin v27.5 - https:\/\/yoast.com\/product\/yoast-seo-wordpress\/ -->\n<title>Acetyl L-Carnitine | Weight Loss Support \u2013 EHPLabs - Holy-Supps.nl<\/title>\n<meta name=\"description\" content=\"Acetyl L-Carnitine van EHPLabs: boost vetverbranding, energie en hersenfunctie. Ondersteunt vetverlies en herstel met 100% pure farmaceutische kwaliteit.\" \/>\n<meta name=\"robots\" content=\"index, follow, max-snippet:-1, max-image-preview:large, max-video-preview:-1\" \/>\n<link rel=\"canonical\" href=\"https:\/\/www.holy-supps.nl\/de\/produkt\/acetyl-l-carnitin-gewichtsverlust-unterstutzen-ehplabs\/\" \/>\n<meta property=\"og:locale\" content=\"de_DE\" \/>\n<meta property=\"og:type\" content=\"article\" \/>\n<meta property=\"og:title\" content=\"Acetyl L-Carnitine | Weight Loss Support \u2013 EHPLabs - Holy-Supps.nl\" \/>\n<meta property=\"og:description\" content=\"Acetyl L-Carnitine van EHPLabs: boost vetverbranding, energie en hersenfunctie. Ondersteunt vetverlies en herstel met 100% pure farmaceutische kwaliteit.\" \/>\n<meta property=\"og:url\" content=\"https:\/\/www.holy-supps.nl\/de\/produkt\/acetyl-l-carnitin-gewichtsverlust-unterstutzen-ehplabs\/\" \/>\n<meta property=\"og:site_name\" content=\"Holy-Supps.nl\" \/>\n<meta property=\"article:publisher\" content=\"https:\/\/www.facebook.com\/holy.supps\" \/>\n<meta property=\"article:modified_time\" content=\"2026-04-26T15:13:03+00:00\" \/>\n<meta property=\"og:image\" content=\"https:\/\/www.holy-supps.nl\/wp-content\/uploads\/2023\/03\/RAW-ALC1.webp\" \/>\n\t<meta property=\"og:image:width\" content=\"1000\" \/>\n\t<meta property=\"og:image:height\" content=\"1000\" \/>\n\t<meta property=\"og:image:type\" content=\"image\/webp\" \/>\n<meta name=\"twitter:card\" content=\"summary_large_image\" \/>\n<meta name=\"twitter:label1\" content=\"Gesch\u00e4tzte Lesezeit\" \/>\n\t<meta name=\"twitter:data1\" content=\"4\u00a0Minuten\" \/>\n<script type=\"application\/ld+json\" class=\"yoast-schema-graph\">{\"@context\":\"https:\\\/\\\/schema.org\",\"@graph\":[{\"@type\":\"WebPage\",\"@id\":\"https:\\\/\\\/www.holy-supps.nl\\\/product\\\/acetyl-l-carnitine-weight-loss-support-ehplabs\\\/\",\"url\":\"https:\\\/\\\/www.holy-supps.nl\\\/product\\\/acetyl-l-carnitine-weight-loss-support-ehplabs\\\/\",\"name\":\"Acetyl L-Carnitine | Weight Loss Support \u2013 EHPLabs - Holy-Supps.nl\",\"isPartOf\":{\"@id\":\"https:\\\/\\\/www.holy-supps.nl\\\/#website\"},\"primaryImageOfPage\":{\"@id\":\"https:\\\/\\\/www.holy-supps.nl\\\/product\\\/acetyl-l-carnitine-weight-loss-support-ehplabs\\\/#primaryimage\"},\"image\":{\"@id\":\"https:\\\/\\\/www.holy-supps.nl\\\/product\\\/acetyl-l-carnitine-weight-loss-support-ehplabs\\\/#primaryimage\"},\"thumbnailUrl\":\"https:\\\/\\\/www.holy-supps.nl\\\/wp-content\\\/uploads\\\/2023\\\/03\\\/RAW-ALC1.webp\",\"datePublished\":\"2023-03-04T13:54:13+00:00\",\"dateModified\":\"2026-04-26T15:13:03+00:00\",\"description\":\"Acetyl L-Carnitine van EHPLabs: boost vetverbranding, energie en hersenfunctie. Ondersteunt vetverlies en herstel met 100% pure farmaceutische kwaliteit.\",\"breadcrumb\":{\"@id\":\"https:\\\/\\\/www.holy-supps.nl\\\/product\\\/acetyl-l-carnitine-weight-loss-support-ehplabs\\\/#breadcrumb\"},\"inLanguage\":\"de\",\"potentialAction\":[{\"@type\":\"ReadAction\",\"target\":[\"https:\\\/\\\/www.holy-supps.nl\\\/product\\\/acetyl-l-carnitine-weight-loss-support-ehplabs\\\/\"]}]},{\"@type\":\"ImageObject\",\"inLanguage\":\"de\",\"@id\":\"https:\\\/\\\/www.holy-supps.nl\\\/product\\\/acetyl-l-carnitine-weight-loss-support-ehplabs\\\/#primaryimage\",\"url\":\"https:\\\/\\\/www.holy-supps.nl\\\/wp-content\\\/uploads\\\/2023\\\/03\\\/RAW-ALC1.webp\",\"contentUrl\":\"https:\\\/\\\/www.holy-supps.nl\\\/wp-content\\\/uploads\\\/2023\\\/03\\\/RAW-ALC1.webp\",\"width\":1000,\"height\":1000},{\"@type\":\"BreadcrumbList\",\"@id\":\"https:\\\/\\\/www.holy-supps.nl\\\/product\\\/acetyl-l-carnitine-weight-loss-support-ehplabs\\\/#breadcrumb\",\"itemListElement\":[{\"@type\":\"ListItem\",\"position\":1,\"name\":\"Home\",\"item\":\"https:\\\/\\\/www.holy-supps.nl\\\/\"},{\"@type\":\"ListItem\",\"position\":2,\"name\":\"Winkel\",\"item\":\"https:\\\/\\\/www.holy-supps.nl\\\/winkel\\\/\"},{\"@type\":\"ListItem\",\"position\":3,\"name\":\"Acetyl L-Carnitine | Weight Loss Support \u2013 EHPLabs\"}]},{\"@type\":\"WebSite\",\"@id\":\"https:\\\/\\\/www.holy-supps.nl\\\/#website\",\"url\":\"https:\\\/\\\/www.holy-supps.nl\\\/\",\"name\":\"Holy-Supps.nl\",\"description\":\"Official EHPLabs Reseller!\",\"publisher\":{\"@id\":\"https:\\\/\\\/www.holy-supps.nl\\\/#organization\"},\"potentialAction\":[{\"@type\":\"SearchAction\",\"target\":{\"@type\":\"EntryPoint\",\"urlTemplate\":\"https:\\\/\\\/www.holy-supps.nl\\\/?s={search_term_string}\"},\"query-input\":{\"@type\":\"PropertyValueSpecification\",\"valueRequired\":true,\"valueName\":\"search_term_string\"}}],\"inLanguage\":\"de\"},{\"@type\":\"Organization\",\"@id\":\"https:\\\/\\\/www.holy-supps.nl\\\/#organization\",\"name\":\"Holy Supps\",\"url\":\"https:\\\/\\\/www.holy-supps.nl\\\/\",\"logo\":{\"@type\":\"ImageObject\",\"inLanguage\":\"de\",\"@id\":\"https:\\\/\\\/www.holy-supps.nl\\\/#\\\/schema\\\/logo\\\/image\\\/\",\"url\":\"https:\\\/\\\/www.holy-supps.nl\\\/wp-content\\\/uploads\\\/2023\\\/06\\\/HOLY-SUPPS.png\",\"contentUrl\":\"https:\\\/\\\/www.holy-supps.nl\\\/wp-content\\\/uploads\\\/2023\\\/06\\\/HOLY-SUPPS.png\",\"width\":1000,\"height\":400,\"caption\":\"Holy Supps\"},\"image\":{\"@id\":\"https:\\\/\\\/www.holy-supps.nl\\\/#\\\/schema\\\/logo\\\/image\\\/\"},\"sameAs\":[\"https:\\\/\\\/www.facebook.com\\\/holy.supps\",\"https:\\\/\\\/www.instagram.com\\\/holy.supps.shop\\\/\"]}]}<\/script>\n<!-- \/ Yoast SEO plugin. -->","yoast_head_json":{"title":"Acetyl L-Carnitin | Gewichtsverlust Unterst\u00fctzung - EHPLabs - Holy-Supps.de","description":"Acetyl L-Carnitin von EHPLabs: steigert die Fettverbrennung, Energie und Gehirnfunktion. Unterst\u00fctzt Fettabbau und Erholung mit 100% reiner pharmazeutischer Qualit\u00e4t.","robots":{"index":"index","follow":"follow","max-snippet":"max-snippet:-1","max-image-preview":"max-image-preview:large","max-video-preview":"max-video-preview:-1"},"canonical":"https:\/\/www.holy-supps.nl\/de\/produkt\/acetyl-l-carnitin-gewichtsverlust-unterstutzen-ehplabs\/","og_locale":"de_DE","og_type":"article","og_title":"Acetyl L-Carnitine | Weight Loss Support \u2013 EHPLabs - Holy-Supps.nl","og_description":"Acetyl L-Carnitine van EHPLabs: boost vetverbranding, energie en hersenfunctie. Ondersteunt vetverlies en herstel met 100% pure farmaceutische kwaliteit.","og_url":"https:\/\/www.holy-supps.nl\/de\/produkt\/acetyl-l-carnitin-gewichtsverlust-unterstutzen-ehplabs\/","og_site_name":"Holy-Supps.nl","article_publisher":"https:\/\/www.facebook.com\/holy.supps","article_modified_time":"2026-04-26T15:13:03+00:00","og_image":[{"width":1000,"height":1000,"url":"https:\/\/www.holy-supps.nl\/wp-content\/uploads\/2023\/03\/RAW-ALC1.webp","type":"image\/webp"}],"twitter_card":"summary_large_image","twitter_misc":{"Gesch\u00e4tzte Lesezeit":"4\u00a0Minuten"},"schema":{"@context":"https:\/\/schema.org","@graph":[{"@type":"WebPage","@id":"https:\/\/www.holy-supps.nl\/product\/acetyl-l-carnitine-weight-loss-support-ehplabs\/","url":"https:\/\/www.holy-supps.nl\/product\/acetyl-l-carnitine-weight-loss-support-ehplabs\/","name":"Acetyl L-Carnitin | Gewichtsverlust Unterst\u00fctzung - EHPLabs - Holy-Supps.de","isPartOf":{"@id":"https:\/\/www.holy-supps.nl\/#website"},"primaryImageOfPage":{"@id":"https:\/\/www.holy-supps.nl\/product\/acetyl-l-carnitine-weight-loss-support-ehplabs\/#primaryimage"},"image":{"@id":"https:\/\/www.holy-supps.nl\/product\/acetyl-l-carnitine-weight-loss-support-ehplabs\/#primaryimage"},"thumbnailUrl":"https:\/\/www.holy-supps.nl\/wp-content\/uploads\/2023\/03\/RAW-ALC1.webp","datePublished":"2023-03-04T13:54:13+00:00","dateModified":"2026-04-26T15:13:03+00:00","description":"Acetyl L-Carnitin von EHPLabs: steigert die Fettverbrennung, Energie und Gehirnfunktion. Unterst\u00fctzt Fettabbau und Erholung mit 100% reiner pharmazeutischer Qualit\u00e4t.","breadcrumb":{"@id":"https:\/\/www.holy-supps.nl\/product\/acetyl-l-carnitine-weight-loss-support-ehplabs\/#breadcrumb"},"inLanguage":"de","potentialAction":[{"@type":"ReadAction","target":["https:\/\/www.holy-supps.nl\/product\/acetyl-l-carnitine-weight-loss-support-ehplabs\/"]}]},{"@type":"ImageObject","inLanguage":"de","@id":"https:\/\/www.holy-supps.nl\/product\/acetyl-l-carnitine-weight-loss-support-ehplabs\/#primaryimage","url":"https:\/\/www.holy-supps.nl\/wp-content\/uploads\/2023\/03\/RAW-ALC1.webp","contentUrl":"https:\/\/www.holy-supps.nl\/wp-content\/uploads\/2023\/03\/RAW-ALC1.webp","width":1000,"height":1000},{"@type":"BreadcrumbList","@id":"https:\/\/www.holy-supps.nl\/product\/acetyl-l-carnitine-weight-loss-support-ehplabs\/#breadcrumb","itemListElement":[{"@type":"ListItem","position":1,"name":"Home","item":"https:\/\/www.holy-supps.nl\/"},{"@type":"ListItem","position":2,"name":"Winkel","item":"https:\/\/www.holy-supps.nl\/winkel\/"},{"@type":"ListItem","position":3,"name":"Acetyl L-Carnitine | Weight Loss Support \u2013 EHPLabs"}]},{"@type":"WebSite","@id":"https:\/\/www.holy-supps.nl\/#website","url":"https:\/\/www.holy-supps.nl\/","name":"Holy-Supps.co.uk","description":"Offizieller EHPLabs-H\u00e4ndler!","publisher":{"@id":"https:\/\/www.holy-supps.nl\/#organization"},"potentialAction":[{"@type":"SearchAction","target":{"@type":"EntryPoint","urlTemplate":"https:\/\/www.holy-supps.nl\/?s={search_term_string}"},"query-input":{"@type":"PropertyValueSpecification","valueRequired":true,"valueName":"search_term_string"}}],"inLanguage":"de"},{"@type":"Organization","@id":"https:\/\/www.holy-supps.nl\/#organization","name":"Heiliges Abendmahl","url":"https:\/\/www.holy-supps.nl\/","logo":{"@type":"ImageObject","inLanguage":"de","@id":"https:\/\/www.holy-supps.nl\/#\/schema\/logo\/image\/","url":"https:\/\/www.holy-supps.nl\/wp-content\/uploads\/2023\/06\/HOLY-SUPPS.png","contentUrl":"https:\/\/www.holy-supps.nl\/wp-content\/uploads\/2023\/06\/HOLY-SUPPS.png","width":1000,"height":400,"caption":"Holy Supps"},"image":{"@id":"https:\/\/www.holy-supps.nl\/#\/schema\/logo\/image\/"},"sameAs":["https:\/\/www.facebook.com\/holy.supps","https:\/\/www.instagram.com\/holy.supps.shop\/"]}]}},"jetpack_sharing_enabled":true,"_links":{"self":[{"href":"https:\/\/www.holy-supps.nl\/de\/wp-json\/wp\/v2\/product\/159","targetHints":{"allow":["GET"]}}],"collection":[{"href":"https:\/\/www.holy-supps.nl\/de\/wp-json\/wp\/v2\/product"}],"about":[{"href":"https:\/\/www.holy-supps.nl\/de\/wp-json\/wp\/v2\/types\/product"}],"replies":[{"embeddable":true,"href":"https:\/\/www.holy-supps.nl\/de\/wp-json\/wp\/v2\/comments?post=159"}],"wp:featuredmedia":[{"embeddable":true,"href":"https:\/\/www.holy-supps.nl\/de\/wp-json\/wp\/v2\/media\/160"}],"wp:attachment":[{"href":"https:\/\/www.holy-supps.nl\/de\/wp-json\/wp\/v2\/media?parent=159"}],"wp:term":[{"taxonomy":"product_brand","embeddable":true,"href":"https:\/\/www.holy-supps.nl\/de\/wp-json\/wp\/v2\/product_brand?post=159"},{"taxonomy":"product_cat","embeddable":true,"href":"https:\/\/www.holy-supps.nl\/de\/wp-json\/wp\/v2\/product_cat?post=159"},{"taxonomy":"product_tag","embeddable":true,"href":"https:\/\/www.holy-supps.nl\/de\/wp-json\/wp\/v2\/product_tag?post=159"}],"curies":[{"name":"wp","href":"https:\/\/api.w.org\/{rel}","templated":true}]}}