{"id":1516,"date":"2023-10-17T22:51:18","date_gmt":"2023-10-17T20:51:18","guid":{"rendered":"https:\/\/www.holy-supps.nl\/?post_type=product&#038;p=1516"},"modified":"2026-04-03T11:37:00","modified_gmt":"2026-04-03T09:37:00","slug":"oxyglow-naturliches-marines-kollagen-ehplabs","status":"publish","type":"product","link":"https:\/\/www.holy-supps.nl\/de\/product\/oxyglow-natural-marine-collagen-ehplabs-2\/","title":{"rendered":"OxyGlow - Nat\u00fcrliches Meereskollagen - EHPLabs"},"content":{"rendered":"<p>OxyGlow is een natuurlijk supplement in poedervorm van zeecollageen met een mix van vitamines. Het is ontwikkeld als dagelijkse aanvulling met een hoog eiwitpercentage en een neutrale smaak, zodat het eenvoudig gecombineerd kan worden met andere producten.<\/p>\n<p>Collageen is een van de meest voorkomende eiwitten in het lichaam. OxyGlow bestaat voor meer dan 97% uit eiwitten en is vrij van koolhydraten en vet. Het is hierdoor een handige manier om extra eiwitten toe te voegen aan je dagelijkse voeding.<\/p>\n<p>Het poeder is vrijwel smaak- en geurloos, waardoor je het gemakkelijk kunt mengen in zowel zoete als hartige recepten. Ook kan het gecombineerd worden met andere producten uit het EHPlabs-assortiment, zoals OxyShred, Pride, OxyWhey, ISOPEPT, Blessed, BEYOND, Acetyl L-Carnitine, Glutamine of CREA-8.<\/p>\n<h1>Veelzijdig in gebruik<\/h1>\n<p>OxyGlow is door zijn neutrale smaak makkelijk te verwerken in smoothies, sappen, shakes of gerechten. Het kan ook eenvoudig worden toegevoegd aan recepten, zodat je op een praktische manier extra eiwitten binnenkrijgt.<\/p>\n<h1>Verwenden Sie<\/h1>\n<p>1 schepje per dag. Meng met water, OxyShred, sappen, smoothies of voeg toe aan recepten.<\/p>\n<h1>Inhaltsstoffe<\/h1>\n<table cellspacing=\"0\" cellpadding=\"0\">\n<tbody>\n<tr>\n<td valign=\"top\"><strong>OxyGlow (30 servings)<\/strong><\/td>\n<td valign=\"top\"><strong>Menge \/ Portion<\/strong><\/td>\n<td valign=\"top\"><strong>% DV<\/strong><\/td>\n<\/tr>\n<tr>\n<td valign=\"top\">Kalorien<\/td>\n<td valign=\"top\">5<\/td>\n<td valign=\"top\"><\/td>\n<\/tr>\n<tr>\n<td>Eiwei\u00df<\/td>\n<td>2g<\/td>\n<td><\/td>\n<\/tr>\n<tr>\n<td>Vitamin A<\/td>\n<td>90mcg RAE<\/td>\n<td>10%<\/td>\n<\/tr>\n<tr>\n<td valign=\"top\">Vitamin C<\/td>\n<td valign=\"top\">414mg<\/td>\n<td valign=\"top\">461%<\/td>\n<\/tr>\n<tr>\n<td valign=\"top\">Vitamin K<\/td>\n<td valign=\"top\">1,2 mcg<\/td>\n<td valign=\"top\">1%<\/td>\n<\/tr>\n<tr>\n<td valign=\"top\">Vitamin B12<\/td>\n<td valign=\"top\">0,2mcg<\/td>\n<td valign=\"top\">8%<\/td>\n<\/tr>\n<tr>\n<td valign=\"top\">Natrium<\/td>\n<td valign=\"top\">5mg<\/td>\n<td valign=\"top\">&lt;1%<\/td>\n<\/tr>\n<\/tbody>\n<\/table>\n<p>* Der prozentuale Tageswert basiert auf einer 2.000-Kalorien-Di\u00e4t.<\/p>\n<h1>Inhalt<\/h1>\n<p>Hydrolysiertes Fischkollagen, Ascorbins\u00e4ure (Vitamin C), Vitamin A-Palmitat, Phytonadion (Vitamin K1), Vitamin B12, Vitamin D3.<\/p>","protected":false},"excerpt":{"rendered":"<p>Holen Sie sich Ihre t\u00e4gliche Dosis Glow! OxyGlow ist ein nat\u00fcrliches Meereskollagen mit wichtigen kollagenstimulierenden Vitaminen f\u00fcr jugendliche Haut, gesundes Haar und starke N\u00e4gel.<\/p>","protected":false},"featured_media":1520,"comment_status":"open","ping_status":"closed","template":"","meta":[],"product_brand":[],"product_cat":[77,72,149,67,74,81,70,92],"product_tag":[],"class_list":{"0":"post-1516","1":"product","2":"type-product","3":"status-publish","4":"has-post-thumbnail","6":"product_cat-bundles-save","7":"product_cat-ehplabs","8":"product_cat-ehplabs-vegan-merken","9":"product_cat-eiwitten-proteine","10":"product_cat-health-wellness","11":"product_cat-spieropbouw","12":"product_cat-raws","13":"product_cat-vitamine-mineralen","15":"first","16":"instock","17":"sale","18":"taxable","19":"shipping-taxable","20":"purchasable","21":"product-type-simple"},"yoast_head":"<!-- This site is optimized with the Yoast SEO plugin v27.3 - https:\/\/yoast.com\/product\/yoast-seo-wordpress\/ -->\n<title>OxyGlow - Natural Marine Collagen - EHPLabs - Holy-Supps.nl<\/title>\n<meta name=\"description\" content=\"Verjong je huid, haar en nagels met OxyGlow. Natuurlijk zeecollageen en vitamines voor een jeugdige uitstraling en gezonde vitaliteit!\" \/>\n<meta name=\"robots\" content=\"index, follow, max-snippet:-1, max-image-preview:large, max-video-preview:-1\" \/>\n<link rel=\"canonical\" href=\"https:\/\/www.holy-supps.nl\/de\/produkt\/oxyglow-naturliches-marines-kollagen-ehplabs\/\" \/>\n<meta property=\"og:locale\" content=\"de_DE\" \/>\n<meta property=\"og:type\" content=\"article\" \/>\n<meta property=\"og:title\" content=\"OxyGlow - Natural Marine Collagen - EHPLabs - Holy-Supps.nl\" \/>\n<meta property=\"og:description\" content=\"Verjong je huid, haar en nagels met OxyGlow. Natuurlijk zeecollageen en vitamines voor een jeugdige uitstraling en gezonde vitaliteit!\" \/>\n<meta property=\"og:url\" content=\"https:\/\/www.holy-supps.nl\/de\/produkt\/oxyglow-naturliches-marines-kollagen-ehplabs\/\" \/>\n<meta property=\"og:site_name\" content=\"Holy-Supps.nl\" \/>\n<meta property=\"article:publisher\" content=\"https:\/\/www.facebook.com\/holy.supps\" \/>\n<meta property=\"article:modified_time\" content=\"2026-04-03T09:37:00+00:00\" \/>\n<meta property=\"og:image\" content=\"https:\/\/www.holy-supps.nl\/wp-content\/uploads\/2023\/10\/COL-GLO1.webp\" \/>\n\t<meta property=\"og:image:width\" content=\"1000\" \/>\n\t<meta property=\"og:image:height\" content=\"1000\" \/>\n\t<meta property=\"og:image:type\" content=\"image\/webp\" \/>\n<meta name=\"twitter:card\" content=\"summary_large_image\" \/>\n<meta name=\"twitter:label1\" content=\"Gesch\u00e4tzte Lesezeit\" \/>\n\t<meta name=\"twitter:data1\" content=\"6\u00a0Minuten\" \/>\n<script type=\"application\/ld+json\" class=\"yoast-schema-graph\">{\"@context\":\"https:\\\/\\\/schema.org\",\"@graph\":[{\"@type\":\"WebPage\",\"@id\":\"https:\\\/\\\/www.holy-supps.nl\\\/product\\\/oxyglow-natural-marine-collagen-ehplabs-2\\\/\",\"url\":\"https:\\\/\\\/www.holy-supps.nl\\\/product\\\/oxyglow-natural-marine-collagen-ehplabs-2\\\/\",\"name\":\"OxyGlow - Natural Marine Collagen - EHPLabs - Holy-Supps.nl\",\"isPartOf\":{\"@id\":\"https:\\\/\\\/www.holy-supps.nl\\\/#website\"},\"primaryImageOfPage\":{\"@id\":\"https:\\\/\\\/www.holy-supps.nl\\\/product\\\/oxyglow-natural-marine-collagen-ehplabs-2\\\/#primaryimage\"},\"image\":{\"@id\":\"https:\\\/\\\/www.holy-supps.nl\\\/product\\\/oxyglow-natural-marine-collagen-ehplabs-2\\\/#primaryimage\"},\"thumbnailUrl\":\"https:\\\/\\\/www.holy-supps.nl\\\/wp-content\\\/uploads\\\/2023\\\/10\\\/COL-GLO1.webp\",\"datePublished\":\"2023-10-17T20:51:18+00:00\",\"dateModified\":\"2026-04-03T09:37:00+00:00\",\"description\":\"Verjong je huid, haar en nagels met OxyGlow. Natuurlijk zeecollageen en vitamines voor een jeugdige uitstraling en gezonde vitaliteit!\",\"breadcrumb\":{\"@id\":\"https:\\\/\\\/www.holy-supps.nl\\\/product\\\/oxyglow-natural-marine-collagen-ehplabs-2\\\/#breadcrumb\"},\"inLanguage\":\"de\",\"potentialAction\":[{\"@type\":\"ReadAction\",\"target\":[\"https:\\\/\\\/www.holy-supps.nl\\\/product\\\/oxyglow-natural-marine-collagen-ehplabs-2\\\/\"]}]},{\"@type\":\"ImageObject\",\"inLanguage\":\"de\",\"@id\":\"https:\\\/\\\/www.holy-supps.nl\\\/product\\\/oxyglow-natural-marine-collagen-ehplabs-2\\\/#primaryimage\",\"url\":\"https:\\\/\\\/www.holy-supps.nl\\\/wp-content\\\/uploads\\\/2023\\\/10\\\/COL-GLO1.webp\",\"contentUrl\":\"https:\\\/\\\/www.holy-supps.nl\\\/wp-content\\\/uploads\\\/2023\\\/10\\\/COL-GLO1.webp\",\"width\":1000,\"height\":1000},{\"@type\":\"BreadcrumbList\",\"@id\":\"https:\\\/\\\/www.holy-supps.nl\\\/product\\\/oxyglow-natural-marine-collagen-ehplabs-2\\\/#breadcrumb\",\"itemListElement\":[{\"@type\":\"ListItem\",\"position\":1,\"name\":\"Home\",\"item\":\"https:\\\/\\\/www.holy-supps.nl\\\/\"},{\"@type\":\"ListItem\",\"position\":2,\"name\":\"Winkel\",\"item\":\"https:\\\/\\\/www.holy-supps.nl\\\/winkel\\\/\"},{\"@type\":\"ListItem\",\"position\":3,\"name\":\"OxyGlow &#8211; Natural Marine Collagen &#8211; EHPLabs\"}]},{\"@type\":\"WebSite\",\"@id\":\"https:\\\/\\\/www.holy-supps.nl\\\/#website\",\"url\":\"https:\\\/\\\/www.holy-supps.nl\\\/\",\"name\":\"Holy-Supps.nl\",\"description\":\"Official EHPLabs Reseller!\",\"publisher\":{\"@id\":\"https:\\\/\\\/www.holy-supps.nl\\\/#organization\"},\"potentialAction\":[{\"@type\":\"SearchAction\",\"target\":{\"@type\":\"EntryPoint\",\"urlTemplate\":\"https:\\\/\\\/www.holy-supps.nl\\\/?s={search_term_string}\"},\"query-input\":{\"@type\":\"PropertyValueSpecification\",\"valueRequired\":true,\"valueName\":\"search_term_string\"}}],\"inLanguage\":\"de\"},{\"@type\":\"Organization\",\"@id\":\"https:\\\/\\\/www.holy-supps.nl\\\/#organization\",\"name\":\"Holy Supps\",\"url\":\"https:\\\/\\\/www.holy-supps.nl\\\/\",\"logo\":{\"@type\":\"ImageObject\",\"inLanguage\":\"de\",\"@id\":\"https:\\\/\\\/www.holy-supps.nl\\\/#\\\/schema\\\/logo\\\/image\\\/\",\"url\":\"https:\\\/\\\/www.holy-supps.nl\\\/wp-content\\\/uploads\\\/2023\\\/06\\\/HOLY-SUPPS.png\",\"contentUrl\":\"https:\\\/\\\/www.holy-supps.nl\\\/wp-content\\\/uploads\\\/2023\\\/06\\\/HOLY-SUPPS.png\",\"width\":1000,\"height\":400,\"caption\":\"Holy Supps\"},\"image\":{\"@id\":\"https:\\\/\\\/www.holy-supps.nl\\\/#\\\/schema\\\/logo\\\/image\\\/\"},\"sameAs\":[\"https:\\\/\\\/www.facebook.com\\\/holy.supps\",\"https:\\\/\\\/www.instagram.com\\\/holy.supps.shop\\\/\"]}]}<\/script>\n<!-- \/ Yoast SEO plugin. -->","yoast_head_json":{"title":"OxyGlow - Nat\u00fcrliches Meereskollagen - EHPLabs - Holy-Supps.de","description":"Verj\u00fcngen Sie Ihre Haut, Haare und N\u00e4gel mit OxyGlow. Nat\u00fcrliches Meereskollagen und Vitamine f\u00fcr jugendliche Ausstrahlung und gesunde Vitalit\u00e4t!","robots":{"index":"index","follow":"follow","max-snippet":"max-snippet:-1","max-image-preview":"max-image-preview:large","max-video-preview":"max-video-preview:-1"},"canonical":"https:\/\/www.holy-supps.nl\/de\/produkt\/oxyglow-naturliches-marines-kollagen-ehplabs\/","og_locale":"de_DE","og_type":"article","og_title":"OxyGlow - Natural Marine Collagen - EHPLabs - Holy-Supps.nl","og_description":"Verjong je huid, haar en nagels met OxyGlow. Natuurlijk zeecollageen en vitamines voor een jeugdige uitstraling en gezonde vitaliteit!","og_url":"https:\/\/www.holy-supps.nl\/de\/produkt\/oxyglow-naturliches-marines-kollagen-ehplabs\/","og_site_name":"Holy-Supps.nl","article_publisher":"https:\/\/www.facebook.com\/holy.supps","article_modified_time":"2026-04-03T09:37:00+00:00","og_image":[{"width":1000,"height":1000,"url":"https:\/\/www.holy-supps.nl\/wp-content\/uploads\/2023\/10\/COL-GLO1.webp","type":"image\/webp"}],"twitter_card":"summary_large_image","twitter_misc":{"Gesch\u00e4tzte Lesezeit":"6\u00a0Minuten"},"schema":{"@context":"https:\/\/schema.org","@graph":[{"@type":"WebPage","@id":"https:\/\/www.holy-supps.nl\/product\/oxyglow-natural-marine-collagen-ehplabs-2\/","url":"https:\/\/www.holy-supps.nl\/product\/oxyglow-natural-marine-collagen-ehplabs-2\/","name":"OxyGlow - Nat\u00fcrliches Meereskollagen - EHPLabs - Holy-Supps.de","isPartOf":{"@id":"https:\/\/www.holy-supps.nl\/#website"},"primaryImageOfPage":{"@id":"https:\/\/www.holy-supps.nl\/product\/oxyglow-natural-marine-collagen-ehplabs-2\/#primaryimage"},"image":{"@id":"https:\/\/www.holy-supps.nl\/product\/oxyglow-natural-marine-collagen-ehplabs-2\/#primaryimage"},"thumbnailUrl":"https:\/\/www.holy-supps.nl\/wp-content\/uploads\/2023\/10\/COL-GLO1.webp","datePublished":"2023-10-17T20:51:18+00:00","dateModified":"2026-04-03T09:37:00+00:00","description":"Verj\u00fcngen Sie Ihre Haut, Haare und N\u00e4gel mit OxyGlow. Nat\u00fcrliches Meereskollagen und Vitamine f\u00fcr jugendliche Ausstrahlung und gesunde Vitalit\u00e4t!","breadcrumb":{"@id":"https:\/\/www.holy-supps.nl\/product\/oxyglow-natural-marine-collagen-ehplabs-2\/#breadcrumb"},"inLanguage":"de","potentialAction":[{"@type":"ReadAction","target":["https:\/\/www.holy-supps.nl\/product\/oxyglow-natural-marine-collagen-ehplabs-2\/"]}]},{"@type":"ImageObject","inLanguage":"de","@id":"https:\/\/www.holy-supps.nl\/product\/oxyglow-natural-marine-collagen-ehplabs-2\/#primaryimage","url":"https:\/\/www.holy-supps.nl\/wp-content\/uploads\/2023\/10\/COL-GLO1.webp","contentUrl":"https:\/\/www.holy-supps.nl\/wp-content\/uploads\/2023\/10\/COL-GLO1.webp","width":1000,"height":1000},{"@type":"BreadcrumbList","@id":"https:\/\/www.holy-supps.nl\/product\/oxyglow-natural-marine-collagen-ehplabs-2\/#breadcrumb","itemListElement":[{"@type":"ListItem","position":1,"name":"Home","item":"https:\/\/www.holy-supps.nl\/"},{"@type":"ListItem","position":2,"name":"Winkel","item":"https:\/\/www.holy-supps.nl\/winkel\/"},{"@type":"ListItem","position":3,"name":"OxyGlow &#8211; Natural Marine Collagen &#8211; EHPLabs"}]},{"@type":"WebSite","@id":"https:\/\/www.holy-supps.nl\/#website","url":"https:\/\/www.holy-supps.nl\/","name":"Holy-Supps.co.uk","description":"Offizieller EHPLabs-H\u00e4ndler!","publisher":{"@id":"https:\/\/www.holy-supps.nl\/#organization"},"potentialAction":[{"@type":"SearchAction","target":{"@type":"EntryPoint","urlTemplate":"https:\/\/www.holy-supps.nl\/?s={search_term_string}"},"query-input":{"@type":"PropertyValueSpecification","valueRequired":true,"valueName":"search_term_string"}}],"inLanguage":"de"},{"@type":"Organization","@id":"https:\/\/www.holy-supps.nl\/#organization","name":"Heiliges Abendmahl","url":"https:\/\/www.holy-supps.nl\/","logo":{"@type":"ImageObject","inLanguage":"de","@id":"https:\/\/www.holy-supps.nl\/#\/schema\/logo\/image\/","url":"https:\/\/www.holy-supps.nl\/wp-content\/uploads\/2023\/06\/HOLY-SUPPS.png","contentUrl":"https:\/\/www.holy-supps.nl\/wp-content\/uploads\/2023\/06\/HOLY-SUPPS.png","width":1000,"height":400,"caption":"Holy Supps"},"image":{"@id":"https:\/\/www.holy-supps.nl\/#\/schema\/logo\/image\/"},"sameAs":["https:\/\/www.facebook.com\/holy.supps","https:\/\/www.instagram.com\/holy.supps.shop\/"]}]}},"jetpack_sharing_enabled":true,"_links":{"self":[{"href":"https:\/\/www.holy-supps.nl\/de\/wp-json\/wp\/v2\/product\/1516","targetHints":{"allow":["GET"]}}],"collection":[{"href":"https:\/\/www.holy-supps.nl\/de\/wp-json\/wp\/v2\/product"}],"about":[{"href":"https:\/\/www.holy-supps.nl\/de\/wp-json\/wp\/v2\/types\/product"}],"replies":[{"embeddable":true,"href":"https:\/\/www.holy-supps.nl\/de\/wp-json\/wp\/v2\/comments?post=1516"}],"wp:featuredmedia":[{"embeddable":true,"href":"https:\/\/www.holy-supps.nl\/de\/wp-json\/wp\/v2\/media\/1520"}],"wp:attachment":[{"href":"https:\/\/www.holy-supps.nl\/de\/wp-json\/wp\/v2\/media?parent=1516"}],"wp:term":[{"taxonomy":"product_brand","embeddable":true,"href":"https:\/\/www.holy-supps.nl\/de\/wp-json\/wp\/v2\/product_brand?post=1516"},{"taxonomy":"product_cat","embeddable":true,"href":"https:\/\/www.holy-supps.nl\/de\/wp-json\/wp\/v2\/product_cat?post=1516"},{"taxonomy":"product_tag","embeddable":true,"href":"https:\/\/www.holy-supps.nl\/de\/wp-json\/wp\/v2\/product_tag?post=1516"}],"curies":[{"name":"wp","href":"https:\/\/api.w.org\/{rel}","templated":true}]}}