{"id":1424,"date":"2023-10-15T15:21:38","date_gmt":"2023-10-15T13:21:38","guid":{"rendered":"https:\/\/www.holy-supps.nl\/?post_type=product&#038;p=1424"},"modified":"2025-08-26T15:22:18","modified_gmt":"2025-08-26T13:22:18","slug":"trainiert-von-jp-pflanzliches-veganes-protein-2kg","status":"publish","type":"product","link":"https:\/\/www.holy-supps.nl\/de\/product\/trained-by-jp-plant-based-vegan-protein-2kg\/","title":{"rendered":"Trained by JP - Veganes Protein auf Pflanzenbasis - 2KG"},"content":{"rendered":"<p>Overconsumptie van welk type voedsel of eiwitbron dan ook kan soms leiden tot intoleranties. Daarom is ons plantaardig eiwit een geschikte keuze als afwisseling binnen een gevarieerd voedingspatroon.<\/p>\n<p>We hebben een veganistisch multivitaminenmengsel aan het eiwit toegevoegd, waardoor dit product een praktische, op zichzelf staande aanvulling vormt binnen je dagelijkse voeding.<\/p>\n<h1>Wir haben 4 k\u00f6stliche Geschmacksrichtungen zur Auswahl, die alle im 2kg-Format erh\u00e4ltlich sind<\/h1>\n<ul>\n<li>Schokolade-Karamell-Haselnuss<\/li>\n<li>Vanille-Mandel-Chai<\/li>\n<li>Banaan Toffee<\/li>\n<li>Blaubeer-Muffin<\/li>\n<\/ul>\n<h1>Verwenden Sie<\/h1>\n<p>Mischen Sie einen Messl\u00f6ffel (40 g) mit 250-400 ml kaltem Wasser oder Mandelmilch in Ihrem Shake-Becher.<\/p>\n<h1>Zutaten pro Geschmacksrichtung<\/h1>\n<p><strong>Schoko-Karamell-Nuss:<\/strong><br \/>\nPflanzliche Proteinmischung (mikronisiertes Erbsenprotein, Sonnenblumenprotein <strong>(SOJA<\/strong>), K\u00fcrbiseiwei\u00df), Aromen, Kakaopulver, vegane Multivitaminmischung (Kaliumchlorid, Magnesiumphosphat, Calciumcarbonat, Natriumchlorid, Dicalciumphosphat, Maltodextrin, Ascorbins\u00e4ure, Eisenfumarat, DL-alpha-Tocopherolacetat, Zinkaspartat, Nikotins\u00e4ure, Blasentang-Extrakt 5:1, Vitamin A-Retinolacetat, Mangancitrat, Calcium-D-Pantothenat, Kupfersulfat, Vitamin-D2-\u00d6lpulver (Ergocalciferol), Pyridoxin HCL, Thiamin HCL, Riboflavin, Chrompicolinat, Fols\u00e4ure, wasserfreies Natriumselenit, D-Biotin, Cyanocobalamin), Verdickungsmittel (Xanthan), Natriumchlorid, S\u00fc\u00dfstoff (Sucralose), Digezyme\u00ae (Amylase, Cellulase, Laktase, Lipase und neutrale Protease).<\/p>\n<p><br aria-hidden=\"true\" \/><strong>Banoffee Sundae:<\/strong><br \/>\nPflanzliche Proteinmischung (mikronisiertes Erbsenprotein, Sonnenblumenprotein <strong>(SOJA)<\/strong>, pompoeneiwit), smaakstoffen, veganistisch multivitaminenmengsel (&#8230;zelfde blend als hierboven&#8230;), verdikkingsmiddel (xanthaangom), natriumchloride, zoetstof (sucralose), Digezyme\u00ae.<\/p>\n<p><br aria-hidden=\"true\" \/><strong>Vanille-Mandel-Chai:<\/strong><br \/>\nPflanzliche Proteinmischung (mikronisiertes Erbsenprotein, Sonnenblumenprotein <strong>(SOJA)<\/strong>, pompoeneiwit), smaakstoffen, veganistisch multivitaminenmengsel (&#8230;), verdikkingsmiddel (xanthaangom), natriumchloride, zoetstof (sucralose), Digezyme\u00ae.<\/p>\n<p><strong>Blaubeer-Muffin:<\/strong><br \/>\nPlantaardig eiwitmengsel (gemicroniseerd erwteneiwit, zonnebloemeiwit (SOJA), pompoeneiwit), smaakstoffen, veganistisch multivitaminenmengsel (&#8230;), verdikkingsmiddel (xanthaangom), zout, zoetstof (sucralose), Digezyme\u00ae, kleurstof (E133*).<\/p>\n<p>*Kann sich negativ auf die Aktivit\u00e4t und Aufmerksamkeit von Kindern auswirken.<\/p>\n<p>Allergene siehe fett gedruckte Zutaten.<\/p>\n<p>Geeignet f\u00fcr Veganer und Vegetarier.<\/p>","protected":false},"excerpt":{"rendered":"<p>Veganes Protein auf Pflanzenbasis ist perfekt f\u00fcr 3 Szenarien<\/p>\n<ul>\n<li>Diejenigen, die vegan leben<\/li>\n<li>Personen mit einer Laktoseintoleranz<\/li>\n<li>Diejenigen, die h\u00e4ufig ihre Proteinpulverauswahl \u00e4ndern m\u00fcssen, um ihrem K\u00f6rper eine Pause vom Konsum von zu viel Molke zu g\u00f6nnen.<\/li>\n<\/ul>","protected":false},"featured_media":1450,"comment_status":"closed","ping_status":"closed","template":"","meta":[],"product_brand":[],"product_cat":[77,67,71,81,183,85],"product_tag":[],"class_list":{"0":"post-1424","1":"product","2":"type-product","3":"status-publish","4":"has-post-thumbnail","6":"product_cat-bundles-save","7":"product_cat-eiwitten-proteine","8":"product_cat-merken","9":"product_cat-spieropbouw","10":"product_cat-trained-by-jp","11":"product_cat-vegan-proteine-eiwitten","13":"first","14":"outofstock","15":"sale","16":"taxable","17":"shipping-taxable","18":"purchasable","19":"product-type-variable"},"yoast_head":"<!-- This site is optimized with the Yoast SEO plugin v27.3 - https:\/\/yoast.com\/product\/yoast-seo-wordpress\/ -->\n<title>Trained by JP - Plant Based Vegan Protein - 2KG - Holy-Supps.nl<\/title>\n<meta name=\"description\" content=\"Plant Based Vegan Protein: 2KG van 100% plantaardig eiwit, verrijkt met multivitaminen. Vier heerlijke smaken. Ideaal voor spiergroei en algeheel welzijn.\" \/>\n<meta name=\"robots\" content=\"index, follow, max-snippet:-1, max-image-preview:large, max-video-preview:-1\" \/>\n<link rel=\"canonical\" href=\"https:\/\/www.holy-supps.nl\/de\/produkt\/trainiert-von-jp-pflanzliches-veganes-protein-2kg\/\" \/>\n<meta property=\"og:locale\" content=\"de_DE\" \/>\n<meta property=\"og:type\" content=\"article\" \/>\n<meta property=\"og:title\" content=\"Trained by JP - Plant Based Vegan Protein - 2KG - Holy-Supps.nl\" \/>\n<meta property=\"og:description\" content=\"Plant Based Vegan Protein: 2KG van 100% plantaardig eiwit, verrijkt met multivitaminen. Vier heerlijke smaken. Ideaal voor spiergroei en algeheel welzijn.\" \/>\n<meta property=\"og:url\" content=\"https:\/\/www.holy-supps.nl\/de\/produkt\/trainiert-von-jp-pflanzliches-veganes-protein-2kg\/\" \/>\n<meta property=\"og:site_name\" content=\"Holy-Supps.nl\" \/>\n<meta property=\"article:publisher\" content=\"https:\/\/www.facebook.com\/holy.supps\" \/>\n<meta property=\"article:modified_time\" content=\"2025-08-26T13:22:18+00:00\" \/>\n<meta property=\"og:image\" content=\"https:\/\/www.holy-supps.nl\/wp-content\/uploads\/2023\/10\/VeganProteinPouch_50SRV_veganbadge_1800x1800.png.webp\" \/>\n\t<meta property=\"og:image:width\" content=\"1080\" \/>\n\t<meta property=\"og:image:height\" content=\"1080\" \/>\n\t<meta property=\"og:image:type\" content=\"image\/webp\" \/>\n<meta name=\"twitter:card\" content=\"summary_large_image\" \/>\n<meta name=\"twitter:label1\" content=\"Gesch\u00e4tzte Lesezeit\" \/>\n\t<meta name=\"twitter:data1\" content=\"3\u00a0Minuten\" \/>\n<script type=\"application\/ld+json\" class=\"yoast-schema-graph\">{\"@context\":\"https:\\\/\\\/schema.org\",\"@graph\":[{\"@type\":\"WebPage\",\"@id\":\"https:\\\/\\\/www.holy-supps.nl\\\/product\\\/trained-by-jp-plant-based-vegan-protein-2kg\\\/\",\"url\":\"https:\\\/\\\/www.holy-supps.nl\\\/product\\\/trained-by-jp-plant-based-vegan-protein-2kg\\\/\",\"name\":\"Trained by JP - Plant Based Vegan Protein - 2KG - Holy-Supps.nl\",\"isPartOf\":{\"@id\":\"https:\\\/\\\/www.holy-supps.nl\\\/#website\"},\"primaryImageOfPage\":{\"@id\":\"https:\\\/\\\/www.holy-supps.nl\\\/product\\\/trained-by-jp-plant-based-vegan-protein-2kg\\\/#primaryimage\"},\"image\":{\"@id\":\"https:\\\/\\\/www.holy-supps.nl\\\/product\\\/trained-by-jp-plant-based-vegan-protein-2kg\\\/#primaryimage\"},\"thumbnailUrl\":\"https:\\\/\\\/www.holy-supps.nl\\\/wp-content\\\/uploads\\\/2023\\\/10\\\/VeganProteinPouch_50SRV_veganbadge_1800x1800.png.webp\",\"datePublished\":\"2023-10-15T13:21:38+00:00\",\"dateModified\":\"2025-08-26T13:22:18+00:00\",\"description\":\"Plant Based Vegan Protein: 2KG van 100% plantaardig eiwit, verrijkt met multivitaminen. Vier heerlijke smaken. Ideaal voor spiergroei en algeheel welzijn.\",\"breadcrumb\":{\"@id\":\"https:\\\/\\\/www.holy-supps.nl\\\/product\\\/trained-by-jp-plant-based-vegan-protein-2kg\\\/#breadcrumb\"},\"inLanguage\":\"de\",\"potentialAction\":[{\"@type\":\"ReadAction\",\"target\":[\"https:\\\/\\\/www.holy-supps.nl\\\/product\\\/trained-by-jp-plant-based-vegan-protein-2kg\\\/\"]}]},{\"@type\":\"ImageObject\",\"inLanguage\":\"de\",\"@id\":\"https:\\\/\\\/www.holy-supps.nl\\\/product\\\/trained-by-jp-plant-based-vegan-protein-2kg\\\/#primaryimage\",\"url\":\"https:\\\/\\\/www.holy-supps.nl\\\/wp-content\\\/uploads\\\/2023\\\/10\\\/VeganProteinPouch_50SRV_veganbadge_1800x1800.png.webp\",\"contentUrl\":\"https:\\\/\\\/www.holy-supps.nl\\\/wp-content\\\/uploads\\\/2023\\\/10\\\/VeganProteinPouch_50SRV_veganbadge_1800x1800.png.webp\",\"width\":1080,\"height\":1080},{\"@type\":\"BreadcrumbList\",\"@id\":\"https:\\\/\\\/www.holy-supps.nl\\\/product\\\/trained-by-jp-plant-based-vegan-protein-2kg\\\/#breadcrumb\",\"itemListElement\":[{\"@type\":\"ListItem\",\"position\":1,\"name\":\"Home\",\"item\":\"https:\\\/\\\/www.holy-supps.nl\\\/\"},{\"@type\":\"ListItem\",\"position\":2,\"name\":\"Winkel\",\"item\":\"https:\\\/\\\/www.holy-supps.nl\\\/winkel\\\/\"},{\"@type\":\"ListItem\",\"position\":3,\"name\":\"Trained by JP &#8211; Plant Based Vegan Protein &#8211; 2KG\"}]},{\"@type\":\"WebSite\",\"@id\":\"https:\\\/\\\/www.holy-supps.nl\\\/#website\",\"url\":\"https:\\\/\\\/www.holy-supps.nl\\\/\",\"name\":\"Holy-Supps.nl\",\"description\":\"Official EHPLabs Reseller!\",\"publisher\":{\"@id\":\"https:\\\/\\\/www.holy-supps.nl\\\/#organization\"},\"potentialAction\":[{\"@type\":\"SearchAction\",\"target\":{\"@type\":\"EntryPoint\",\"urlTemplate\":\"https:\\\/\\\/www.holy-supps.nl\\\/?s={search_term_string}\"},\"query-input\":{\"@type\":\"PropertyValueSpecification\",\"valueRequired\":true,\"valueName\":\"search_term_string\"}}],\"inLanguage\":\"de\"},{\"@type\":\"Organization\",\"@id\":\"https:\\\/\\\/www.holy-supps.nl\\\/#organization\",\"name\":\"Holy Supps\",\"url\":\"https:\\\/\\\/www.holy-supps.nl\\\/\",\"logo\":{\"@type\":\"ImageObject\",\"inLanguage\":\"de\",\"@id\":\"https:\\\/\\\/www.holy-supps.nl\\\/#\\\/schema\\\/logo\\\/image\\\/\",\"url\":\"https:\\\/\\\/www.holy-supps.nl\\\/wp-content\\\/uploads\\\/2023\\\/06\\\/HOLY-SUPPS.png\",\"contentUrl\":\"https:\\\/\\\/www.holy-supps.nl\\\/wp-content\\\/uploads\\\/2023\\\/06\\\/HOLY-SUPPS.png\",\"width\":1000,\"height\":400,\"caption\":\"Holy Supps\"},\"image\":{\"@id\":\"https:\\\/\\\/www.holy-supps.nl\\\/#\\\/schema\\\/logo\\\/image\\\/\"},\"sameAs\":[\"https:\\\/\\\/www.facebook.com\\\/holy.supps\",\"https:\\\/\\\/www.instagram.com\\\/holy.supps.shop\\\/\"]}]}<\/script>\n<!-- \/ Yoast SEO plugin. -->","yoast_head_json":{"title":"Trained by JP - Veganes Protein auf pflanzlicher Basis - 2KG - Holy-Supps.co.uk","description":"Veganes Protein auf Pflanzenbasis: 2KG 100% pflanzliches Protein, angereichert mit Multivitaminen. Vier k\u00f6stliche Geschmacksrichtungen. Ideal f\u00fcr Muskelwachstum und allgemeines Wohlbefinden.","robots":{"index":"index","follow":"follow","max-snippet":"max-snippet:-1","max-image-preview":"max-image-preview:large","max-video-preview":"max-video-preview:-1"},"canonical":"https:\/\/www.holy-supps.nl\/de\/produkt\/trainiert-von-jp-pflanzliches-veganes-protein-2kg\/","og_locale":"de_DE","og_type":"article","og_title":"Trained by JP - Plant Based Vegan Protein - 2KG - Holy-Supps.nl","og_description":"Plant Based Vegan Protein: 2KG van 100% plantaardig eiwit, verrijkt met multivitaminen. Vier heerlijke smaken. Ideaal voor spiergroei en algeheel welzijn.","og_url":"https:\/\/www.holy-supps.nl\/de\/produkt\/trainiert-von-jp-pflanzliches-veganes-protein-2kg\/","og_site_name":"Holy-Supps.nl","article_publisher":"https:\/\/www.facebook.com\/holy.supps","article_modified_time":"2025-08-26T13:22:18+00:00","og_image":[{"width":1080,"height":1080,"url":"https:\/\/www.holy-supps.nl\/wp-content\/uploads\/2023\/10\/VeganProteinPouch_50SRV_veganbadge_1800x1800.png.webp","type":"image\/webp"}],"twitter_card":"summary_large_image","twitter_misc":{"Gesch\u00e4tzte Lesezeit":"3\u00a0Minuten"},"schema":{"@context":"https:\/\/schema.org","@graph":[{"@type":"WebPage","@id":"https:\/\/www.holy-supps.nl\/product\/trained-by-jp-plant-based-vegan-protein-2kg\/","url":"https:\/\/www.holy-supps.nl\/product\/trained-by-jp-plant-based-vegan-protein-2kg\/","name":"Trained by JP - Veganes Protein auf pflanzlicher Basis - 2KG - Holy-Supps.co.uk","isPartOf":{"@id":"https:\/\/www.holy-supps.nl\/#website"},"primaryImageOfPage":{"@id":"https:\/\/www.holy-supps.nl\/product\/trained-by-jp-plant-based-vegan-protein-2kg\/#primaryimage"},"image":{"@id":"https:\/\/www.holy-supps.nl\/product\/trained-by-jp-plant-based-vegan-protein-2kg\/#primaryimage"},"thumbnailUrl":"https:\/\/www.holy-supps.nl\/wp-content\/uploads\/2023\/10\/VeganProteinPouch_50SRV_veganbadge_1800x1800.png.webp","datePublished":"2023-10-15T13:21:38+00:00","dateModified":"2025-08-26T13:22:18+00:00","description":"Veganes Protein auf Pflanzenbasis: 2KG 100% pflanzliches Protein, angereichert mit Multivitaminen. Vier k\u00f6stliche Geschmacksrichtungen. Ideal f\u00fcr Muskelwachstum und allgemeines Wohlbefinden.","breadcrumb":{"@id":"https:\/\/www.holy-supps.nl\/product\/trained-by-jp-plant-based-vegan-protein-2kg\/#breadcrumb"},"inLanguage":"de","potentialAction":[{"@type":"ReadAction","target":["https:\/\/www.holy-supps.nl\/product\/trained-by-jp-plant-based-vegan-protein-2kg\/"]}]},{"@type":"ImageObject","inLanguage":"de","@id":"https:\/\/www.holy-supps.nl\/product\/trained-by-jp-plant-based-vegan-protein-2kg\/#primaryimage","url":"https:\/\/www.holy-supps.nl\/wp-content\/uploads\/2023\/10\/VeganProteinPouch_50SRV_veganbadge_1800x1800.png.webp","contentUrl":"https:\/\/www.holy-supps.nl\/wp-content\/uploads\/2023\/10\/VeganProteinPouch_50SRV_veganbadge_1800x1800.png.webp","width":1080,"height":1080},{"@type":"BreadcrumbList","@id":"https:\/\/www.holy-supps.nl\/product\/trained-by-jp-plant-based-vegan-protein-2kg\/#breadcrumb","itemListElement":[{"@type":"ListItem","position":1,"name":"Home","item":"https:\/\/www.holy-supps.nl\/"},{"@type":"ListItem","position":2,"name":"Winkel","item":"https:\/\/www.holy-supps.nl\/winkel\/"},{"@type":"ListItem","position":3,"name":"Trained by JP &#8211; Plant Based Vegan Protein &#8211; 2KG"}]},{"@type":"WebSite","@id":"https:\/\/www.holy-supps.nl\/#website","url":"https:\/\/www.holy-supps.nl\/","name":"Holy-Supps.co.uk","description":"Offizieller EHPLabs-H\u00e4ndler!","publisher":{"@id":"https:\/\/www.holy-supps.nl\/#organization"},"potentialAction":[{"@type":"SearchAction","target":{"@type":"EntryPoint","urlTemplate":"https:\/\/www.holy-supps.nl\/?s={search_term_string}"},"query-input":{"@type":"PropertyValueSpecification","valueRequired":true,"valueName":"search_term_string"}}],"inLanguage":"de"},{"@type":"Organization","@id":"https:\/\/www.holy-supps.nl\/#organization","name":"Heiliges Abendmahl","url":"https:\/\/www.holy-supps.nl\/","logo":{"@type":"ImageObject","inLanguage":"de","@id":"https:\/\/www.holy-supps.nl\/#\/schema\/logo\/image\/","url":"https:\/\/www.holy-supps.nl\/wp-content\/uploads\/2023\/06\/HOLY-SUPPS.png","contentUrl":"https:\/\/www.holy-supps.nl\/wp-content\/uploads\/2023\/06\/HOLY-SUPPS.png","width":1000,"height":400,"caption":"Holy Supps"},"image":{"@id":"https:\/\/www.holy-supps.nl\/#\/schema\/logo\/image\/"},"sameAs":["https:\/\/www.facebook.com\/holy.supps","https:\/\/www.instagram.com\/holy.supps.shop\/"]}]}},"jetpack_sharing_enabled":true,"_links":{"self":[{"href":"https:\/\/www.holy-supps.nl\/de\/wp-json\/wp\/v2\/product\/1424","targetHints":{"allow":["GET"]}}],"collection":[{"href":"https:\/\/www.holy-supps.nl\/de\/wp-json\/wp\/v2\/product"}],"about":[{"href":"https:\/\/www.holy-supps.nl\/de\/wp-json\/wp\/v2\/types\/product"}],"replies":[{"embeddable":true,"href":"https:\/\/www.holy-supps.nl\/de\/wp-json\/wp\/v2\/comments?post=1424"}],"wp:featuredmedia":[{"embeddable":true,"href":"https:\/\/www.holy-supps.nl\/de\/wp-json\/wp\/v2\/media\/1450"}],"wp:attachment":[{"href":"https:\/\/www.holy-supps.nl\/de\/wp-json\/wp\/v2\/media?parent=1424"}],"wp:term":[{"taxonomy":"product_brand","embeddable":true,"href":"https:\/\/www.holy-supps.nl\/de\/wp-json\/wp\/v2\/product_brand?post=1424"},{"taxonomy":"product_cat","embeddable":true,"href":"https:\/\/www.holy-supps.nl\/de\/wp-json\/wp\/v2\/product_cat?post=1424"},{"taxonomy":"product_tag","embeddable":true,"href":"https:\/\/www.holy-supps.nl\/de\/wp-json\/wp\/v2\/product_tag?post=1424"}],"curies":[{"name":"wp","href":"https:\/\/api.w.org\/{rel}","templated":true}]}}