{"id":1421,"date":"2023-10-15T15:21:37","date_gmt":"2023-10-15T13:21:37","guid":{"rendered":"https:\/\/www.holy-supps.nl\/?post_type=product&#038;p=1421"},"modified":"2025-10-15T22:01:10","modified_gmt":"2025-10-15T20:01:10","slug":"geschult-durch-jp-cream-of-rice-cor-2kg","status":"publish","type":"product","link":"https:\/\/www.holy-supps.nl\/de\/product\/trained-by-jp-cream-of-rice-cor-2kg\/","title":{"rendered":"Trained by JP - Cream of Rice - COR 2kg"},"content":{"rendered":"<h1>Warum Cream of Rice?<\/h1>\n<p>In der Vorbereitung, in der Nebensaison oder in jeder Trainingsphase kann der Verzehr von schmackhaften, gew\u00fcrzten Speisen anstelle von fadem Reis helfen, die Ern\u00e4hrung auf dem richtigen Weg zu halten, da er sich oft wie ein Vergn\u00fcgen anf\u00fchlt, aber durchaus mit dem Kohlenhydratbedarf des Tages vereinbar ist.<\/p>\n<p>In der Nebensaison, in der das Essen teurer werden kann, ist die Verdauung oft etwas schwieriger. In dieser Phase kann man mit verschiedenen Geschmacksrichtungen, die immer gut verdaulich sind, seinen Appetit aufrechterhalten und Fortschritte machen.<\/p>\n<p>JP selbst legt gro\u00dfen Wert auf die Verdauung, das Erreichen gro\u00dfer K\u00f6rpergewichte und die Kalorienzufuhr. Deshalb wird alles, was wir herstellen, von ihm ausprobiert und getestet, um sicherzustellen, dass nicht zu viel S\u00fc\u00dfstoff enthalten ist, dass die Aromen nicht zu stark sind - alles Dinge, die wichtig sind, wenn man Bodybuilding wirklich lebt und atmet.<\/p>\n<p>COR 2kg ist in 13 k\u00f6stlichen Geschmacksrichtungen erh\u00e4ltlich, um Ihre Geschmacksknospen zufrieden zu stellen!<\/p>\n<p>Schnell wirkende Kohlenhydrate<\/p>\n<ul>\n<li>Unglaublicher Geschmack<\/li>\n<li>Leicht zu mischen<\/li>\n<li>Perfekt verdaut<\/li>\n<li>2KG sind 80x 25g Portionen<\/li>\n<\/ul>\n<p>Alle Geschmacksrichtungen sind glutenfrei, au\u00dfer der Geschmacksrichtung Geburtstagskuchen<\/p>","protected":false},"excerpt":{"rendered":"<p>Waarom Cream of Rice? Tijdens de voorbereiding, buiten het seizoen of tijdens welke trainingsfase dan ook, kan het eten van lekkere, gearomatiseerde dingen, in plaats van saaiere rijst, je helpen om je dieet op peil te houden, omdat het vaak als een traktatie zal aanvoelen, maar het is prima in te passen in je koolhydraatbehoeften. [&#8230;]\n","protected":false},"featured_media":1446,"comment_status":"closed","ping_status":"closed","template":"","meta":[],"product_brand":[],"product_cat":[89,81,183],"product_tag":[],"class_list":{"0":"post-1421","1":"product","2":"type-product","3":"status-publish","4":"has-post-thumbnail","6":"product_cat-afvallen","7":"product_cat-spieropbouw","8":"product_cat-trained-by-jp","10":"first","11":"outofstock","12":"taxable","13":"shipping-taxable","14":"purchasable","15":"product-type-variable"},"yoast_head":"<!-- This site is optimized with the Yoast SEO plugin v27.5 - https:\/\/yoast.com\/product\/yoast-seo-wordpress\/ -->\n<title>Trained by JP \u2013 Cream of Rice \u2013 COR 2kg - Holy-Supps.nl<\/title>\n<meta name=\"description\" content=\"Cream of Rice 2kg: 80 porties, snelwerkende koolhydraten. Gemakkelijk te mengen, perfect verteerd. Verkrijgbaar in 13 heerlijke smaken. Glutenvrij.\" \/>\n<meta name=\"robots\" content=\"index, follow, max-snippet:-1, max-image-preview:large, max-video-preview:-1\" \/>\n<link rel=\"canonical\" href=\"https:\/\/www.holy-supps.nl\/de\/produkt\/geschult-durch-jp-cream-of-rice-cor-2kg\/\" \/>\n<meta property=\"og:locale\" content=\"de_DE\" \/>\n<meta property=\"og:type\" content=\"article\" \/>\n<meta property=\"og:title\" content=\"Trained by JP \u2013 Cream of Rice \u2013 COR 2kg - Holy-Supps.nl\" \/>\n<meta property=\"og:description\" content=\"Cream of Rice 2kg: 80 porties, snelwerkende koolhydraten. Gemakkelijk te mengen, perfect verteerd. Verkrijgbaar in 13 heerlijke smaken. Glutenvrij.\" \/>\n<meta property=\"og:url\" content=\"https:\/\/www.holy-supps.nl\/de\/produkt\/geschult-durch-jp-cream-of-rice-cor-2kg\/\" \/>\n<meta property=\"og:site_name\" content=\"Holy-Supps.nl\" \/>\n<meta property=\"article:publisher\" content=\"https:\/\/www.facebook.com\/holy.supps\" \/>\n<meta property=\"article:modified_time\" content=\"2025-10-15T20:01:10+00:00\" \/>\n<meta property=\"og:image\" content=\"https:\/\/www.holy-supps.nl\/wp-content\/uploads\/2023\/10\/cor_vegan_750x.png.webp\" \/>\n\t<meta property=\"og:image:width\" content=\"750\" \/>\n\t<meta property=\"og:image:height\" content=\"750\" \/>\n\t<meta property=\"og:image:type\" content=\"image\/webp\" \/>\n<meta name=\"twitter:card\" content=\"summary_large_image\" \/>\n<meta name=\"twitter:label1\" content=\"Gesch\u00e4tzte Lesezeit\" \/>\n\t<meta name=\"twitter:data1\" content=\"2\u00a0Minuten\" \/>\n<script type=\"application\/ld+json\" class=\"yoast-schema-graph\">{\"@context\":\"https:\\\/\\\/schema.org\",\"@graph\":[{\"@type\":\"WebPage\",\"@id\":\"https:\\\/\\\/www.holy-supps.nl\\\/product\\\/trained-by-jp-cream-of-rice-cor-2kg\\\/\",\"url\":\"https:\\\/\\\/www.holy-supps.nl\\\/product\\\/trained-by-jp-cream-of-rice-cor-2kg\\\/\",\"name\":\"Trained by JP \u2013 Cream of Rice \u2013 COR 2kg - Holy-Supps.nl\",\"isPartOf\":{\"@id\":\"https:\\\/\\\/www.holy-supps.nl\\\/#website\"},\"primaryImageOfPage\":{\"@id\":\"https:\\\/\\\/www.holy-supps.nl\\\/product\\\/trained-by-jp-cream-of-rice-cor-2kg\\\/#primaryimage\"},\"image\":{\"@id\":\"https:\\\/\\\/www.holy-supps.nl\\\/product\\\/trained-by-jp-cream-of-rice-cor-2kg\\\/#primaryimage\"},\"thumbnailUrl\":\"https:\\\/\\\/www.holy-supps.nl\\\/wp-content\\\/uploads\\\/2023\\\/10\\\/cor_vegan_750x.png.webp\",\"datePublished\":\"2023-10-15T13:21:37+00:00\",\"dateModified\":\"2025-10-15T20:01:10+00:00\",\"description\":\"Cream of Rice 2kg: 80 porties, snelwerkende koolhydraten. Gemakkelijk te mengen, perfect verteerd. Verkrijgbaar in 13 heerlijke smaken. Glutenvrij.\",\"breadcrumb\":{\"@id\":\"https:\\\/\\\/www.holy-supps.nl\\\/product\\\/trained-by-jp-cream-of-rice-cor-2kg\\\/#breadcrumb\"},\"inLanguage\":\"de\",\"potentialAction\":[{\"@type\":\"ReadAction\",\"target\":[\"https:\\\/\\\/www.holy-supps.nl\\\/product\\\/trained-by-jp-cream-of-rice-cor-2kg\\\/\"]}]},{\"@type\":\"ImageObject\",\"inLanguage\":\"de\",\"@id\":\"https:\\\/\\\/www.holy-supps.nl\\\/product\\\/trained-by-jp-cream-of-rice-cor-2kg\\\/#primaryimage\",\"url\":\"https:\\\/\\\/www.holy-supps.nl\\\/wp-content\\\/uploads\\\/2023\\\/10\\\/cor_vegan_750x.png.webp\",\"contentUrl\":\"https:\\\/\\\/www.holy-supps.nl\\\/wp-content\\\/uploads\\\/2023\\\/10\\\/cor_vegan_750x.png.webp\",\"width\":750,\"height\":750},{\"@type\":\"BreadcrumbList\",\"@id\":\"https:\\\/\\\/www.holy-supps.nl\\\/product\\\/trained-by-jp-cream-of-rice-cor-2kg\\\/#breadcrumb\",\"itemListElement\":[{\"@type\":\"ListItem\",\"position\":1,\"name\":\"Home\",\"item\":\"https:\\\/\\\/www.holy-supps.nl\\\/\"},{\"@type\":\"ListItem\",\"position\":2,\"name\":\"Winkel\",\"item\":\"https:\\\/\\\/www.holy-supps.nl\\\/winkel\\\/\"},{\"@type\":\"ListItem\",\"position\":3,\"name\":\"Trained by JP \u2013 Cream of Rice \u2013 COR 2kg\"}]},{\"@type\":\"WebSite\",\"@id\":\"https:\\\/\\\/www.holy-supps.nl\\\/#website\",\"url\":\"https:\\\/\\\/www.holy-supps.nl\\\/\",\"name\":\"Holy-Supps.nl\",\"description\":\"Official EHPLabs Reseller!\",\"publisher\":{\"@id\":\"https:\\\/\\\/www.holy-supps.nl\\\/#organization\"},\"potentialAction\":[{\"@type\":\"SearchAction\",\"target\":{\"@type\":\"EntryPoint\",\"urlTemplate\":\"https:\\\/\\\/www.holy-supps.nl\\\/?s={search_term_string}\"},\"query-input\":{\"@type\":\"PropertyValueSpecification\",\"valueRequired\":true,\"valueName\":\"search_term_string\"}}],\"inLanguage\":\"de\"},{\"@type\":\"Organization\",\"@id\":\"https:\\\/\\\/www.holy-supps.nl\\\/#organization\",\"name\":\"Holy Supps\",\"url\":\"https:\\\/\\\/www.holy-supps.nl\\\/\",\"logo\":{\"@type\":\"ImageObject\",\"inLanguage\":\"de\",\"@id\":\"https:\\\/\\\/www.holy-supps.nl\\\/#\\\/schema\\\/logo\\\/image\\\/\",\"url\":\"https:\\\/\\\/www.holy-supps.nl\\\/wp-content\\\/uploads\\\/2023\\\/06\\\/HOLY-SUPPS.png\",\"contentUrl\":\"https:\\\/\\\/www.holy-supps.nl\\\/wp-content\\\/uploads\\\/2023\\\/06\\\/HOLY-SUPPS.png\",\"width\":1000,\"height\":400,\"caption\":\"Holy Supps\"},\"image\":{\"@id\":\"https:\\\/\\\/www.holy-supps.nl\\\/#\\\/schema\\\/logo\\\/image\\\/\"},\"sameAs\":[\"https:\\\/\\\/www.facebook.com\\\/holy.supps\",\"https:\\\/\\\/www.instagram.com\\\/holy.supps.shop\\\/\"]}]}<\/script>\n<!-- \/ Yoast SEO plugin. -->","yoast_head_json":{"title":"Trained by JP - Cream of Rice - COR 2kg - Holy-Supps.de","description":"Cream of Rice 2kg: 80 Portionen, schnell wirkende Kohlenhydrate. Leicht zu mischen, perfekt verdaulich. Erh\u00e4ltlich in 13 k\u00f6stlichen Geschmacksrichtungen. Glutenfrei.","robots":{"index":"index","follow":"follow","max-snippet":"max-snippet:-1","max-image-preview":"max-image-preview:large","max-video-preview":"max-video-preview:-1"},"canonical":"https:\/\/www.holy-supps.nl\/de\/produkt\/geschult-durch-jp-cream-of-rice-cor-2kg\/","og_locale":"de_DE","og_type":"article","og_title":"Trained by JP \u2013 Cream of Rice \u2013 COR 2kg - Holy-Supps.nl","og_description":"Cream of Rice 2kg: 80 porties, snelwerkende koolhydraten. Gemakkelijk te mengen, perfect verteerd. Verkrijgbaar in 13 heerlijke smaken. Glutenvrij.","og_url":"https:\/\/www.holy-supps.nl\/de\/produkt\/geschult-durch-jp-cream-of-rice-cor-2kg\/","og_site_name":"Holy-Supps.nl","article_publisher":"https:\/\/www.facebook.com\/holy.supps","article_modified_time":"2025-10-15T20:01:10+00:00","og_image":[{"width":750,"height":750,"url":"https:\/\/www.holy-supps.nl\/wp-content\/uploads\/2023\/10\/cor_vegan_750x.png.webp","type":"image\/webp"}],"twitter_card":"summary_large_image","twitter_misc":{"Gesch\u00e4tzte Lesezeit":"2\u00a0Minuten"},"schema":{"@context":"https:\/\/schema.org","@graph":[{"@type":"WebPage","@id":"https:\/\/www.holy-supps.nl\/product\/trained-by-jp-cream-of-rice-cor-2kg\/","url":"https:\/\/www.holy-supps.nl\/product\/trained-by-jp-cream-of-rice-cor-2kg\/","name":"Trained by JP - Cream of Rice - COR 2kg - Holy-Supps.de","isPartOf":{"@id":"https:\/\/www.holy-supps.nl\/#website"},"primaryImageOfPage":{"@id":"https:\/\/www.holy-supps.nl\/product\/trained-by-jp-cream-of-rice-cor-2kg\/#primaryimage"},"image":{"@id":"https:\/\/www.holy-supps.nl\/product\/trained-by-jp-cream-of-rice-cor-2kg\/#primaryimage"},"thumbnailUrl":"https:\/\/www.holy-supps.nl\/wp-content\/uploads\/2023\/10\/cor_vegan_750x.png.webp","datePublished":"2023-10-15T13:21:37+00:00","dateModified":"2025-10-15T20:01:10+00:00","description":"Cream of Rice 2kg: 80 Portionen, schnell wirkende Kohlenhydrate. Leicht zu mischen, perfekt verdaulich. Erh\u00e4ltlich in 13 k\u00f6stlichen Geschmacksrichtungen. Glutenfrei.","breadcrumb":{"@id":"https:\/\/www.holy-supps.nl\/product\/trained-by-jp-cream-of-rice-cor-2kg\/#breadcrumb"},"inLanguage":"de","potentialAction":[{"@type":"ReadAction","target":["https:\/\/www.holy-supps.nl\/product\/trained-by-jp-cream-of-rice-cor-2kg\/"]}]},{"@type":"ImageObject","inLanguage":"de","@id":"https:\/\/www.holy-supps.nl\/product\/trained-by-jp-cream-of-rice-cor-2kg\/#primaryimage","url":"https:\/\/www.holy-supps.nl\/wp-content\/uploads\/2023\/10\/cor_vegan_750x.png.webp","contentUrl":"https:\/\/www.holy-supps.nl\/wp-content\/uploads\/2023\/10\/cor_vegan_750x.png.webp","width":750,"height":750},{"@type":"BreadcrumbList","@id":"https:\/\/www.holy-supps.nl\/product\/trained-by-jp-cream-of-rice-cor-2kg\/#breadcrumb","itemListElement":[{"@type":"ListItem","position":1,"name":"Home","item":"https:\/\/www.holy-supps.nl\/"},{"@type":"ListItem","position":2,"name":"Winkel","item":"https:\/\/www.holy-supps.nl\/winkel\/"},{"@type":"ListItem","position":3,"name":"Trained by JP \u2013 Cream of Rice \u2013 COR 2kg"}]},{"@type":"WebSite","@id":"https:\/\/www.holy-supps.nl\/#website","url":"https:\/\/www.holy-supps.nl\/","name":"Holy-Supps.co.uk","description":"Offizieller EHPLabs-H\u00e4ndler!","publisher":{"@id":"https:\/\/www.holy-supps.nl\/#organization"},"potentialAction":[{"@type":"SearchAction","target":{"@type":"EntryPoint","urlTemplate":"https:\/\/www.holy-supps.nl\/?s={search_term_string}"},"query-input":{"@type":"PropertyValueSpecification","valueRequired":true,"valueName":"search_term_string"}}],"inLanguage":"de"},{"@type":"Organization","@id":"https:\/\/www.holy-supps.nl\/#organization","name":"Heiliges Abendmahl","url":"https:\/\/www.holy-supps.nl\/","logo":{"@type":"ImageObject","inLanguage":"de","@id":"https:\/\/www.holy-supps.nl\/#\/schema\/logo\/image\/","url":"https:\/\/www.holy-supps.nl\/wp-content\/uploads\/2023\/06\/HOLY-SUPPS.png","contentUrl":"https:\/\/www.holy-supps.nl\/wp-content\/uploads\/2023\/06\/HOLY-SUPPS.png","width":1000,"height":400,"caption":"Holy Supps"},"image":{"@id":"https:\/\/www.holy-supps.nl\/#\/schema\/logo\/image\/"},"sameAs":["https:\/\/www.facebook.com\/holy.supps","https:\/\/www.instagram.com\/holy.supps.shop\/"]}]}},"jetpack_sharing_enabled":true,"_links":{"self":[{"href":"https:\/\/www.holy-supps.nl\/de\/wp-json\/wp\/v2\/product\/1421","targetHints":{"allow":["GET"]}}],"collection":[{"href":"https:\/\/www.holy-supps.nl\/de\/wp-json\/wp\/v2\/product"}],"about":[{"href":"https:\/\/www.holy-supps.nl\/de\/wp-json\/wp\/v2\/types\/product"}],"replies":[{"embeddable":true,"href":"https:\/\/www.holy-supps.nl\/de\/wp-json\/wp\/v2\/comments?post=1421"}],"wp:featuredmedia":[{"embeddable":true,"href":"https:\/\/www.holy-supps.nl\/de\/wp-json\/wp\/v2\/media\/1446"}],"wp:attachment":[{"href":"https:\/\/www.holy-supps.nl\/de\/wp-json\/wp\/v2\/media?parent=1421"}],"wp:term":[{"taxonomy":"product_brand","embeddable":true,"href":"https:\/\/www.holy-supps.nl\/de\/wp-json\/wp\/v2\/product_brand?post=1421"},{"taxonomy":"product_cat","embeddable":true,"href":"https:\/\/www.holy-supps.nl\/de\/wp-json\/wp\/v2\/product_cat?post=1421"},{"taxonomy":"product_tag","embeddable":true,"href":"https:\/\/www.holy-supps.nl\/de\/wp-json\/wp\/v2\/product_tag?post=1421"}],"curies":[{"name":"wp","href":"https:\/\/api.w.org\/{rel}","templated":true}]}}