{"id":1395,"date":"2023-10-12T22:48:36","date_gmt":"2023-10-12T20:48:36","guid":{"rendered":"https:\/\/www.holy-supps.nl\/?post_type=product&#038;p=1395"},"modified":"2025-10-15T22:01:11","modified_gmt":"2025-10-15T20:01:11","slug":"geschult-durch-jp-performance-protein","status":"publish","type":"product","link":"https:\/\/www.holy-supps.nl\/de\/product\/trained-by-jp-performance-protein\/","title":{"rendered":"Trained by JP - Performance Protein"},"content":{"rendered":"<h2>Leistungsprotein<\/h2>\n<p>Wir haben auf Qualit\u00e4t gesetzt, aber nicht auf Kosten des Geschmacks!<br \/>\nPerformance Protein bietet Auswahl und Vielfalt mit nicht weniger als <strong>25 k\u00f6stliche Geschmacksrichtungen<\/strong> zur Auswahl.<\/p>\n<p>Unser 2 kg-Sack enth\u00e4lt <strong>66 Portionen<\/strong>. Wir haben auch eine <em>glatte Ausgabe<\/em> Mit einer etwas dickeren Textur f\u00fcr diejenigen, die einen volleren Shake m\u00f6gen.<\/p>\n<h2>Wann ist sie zu verwenden?<\/h2>\n<p>Wenn eine vollst\u00e4ndige Mahlzeit nicht praktikabel ist und Sie eine schnelle Alternative brauchen (z. B. vor oder nach dem Training, auf Reisen oder bei der Arbeit), ist Performance Protein eine praktische Wahl.<\/p>\n<p>Bei gr\u00f6\u00dferen Personen kann es sinnvoll sein <strong>2 Portionen<\/strong> einnehmen, um den t\u00e4glichen Eiwei\u00dfbedarf besser zu decken. Als allgemeine Richtlinie gilt, dass Sie Ihre Proteinzufuhr gleichm\u00e4\u00dfig \u00fcber den Tag verteilen sollten, damit Sie immer ausreichend versorgt sind.<\/p>\n<h2>Anweisungen zum Servieren<\/h2>\n<p>Mischen Sie jede Portion (30 g) mit <strong>300-400 ml kaltes Wasser<\/strong> in Ihren Shaker geben und einen cremigen und geschmackvollen Shake genie\u00dfen.<\/p>\n<p><strong>N\u00e4hrwertangaben:<\/strong> siehe Produktbilder f\u00fcr Stromversorgungspaneele.<\/p>","protected":false},"excerpt":{"rendered":"<p>Performance Protein ist unsere neueste Molkenmischung, die sowohl aus Molkenisolat als auch aus Molkenkonzentrat besteht. Wie immer haben wir billigere und weniger effektive Proteinformen vermieden, indem wir nur Molkenproteine verwendet haben.<\/p>","protected":false},"featured_media":1396,"comment_status":"open","ping_status":"closed","template":"","meta":[],"product_brand":[],"product_cat":[86,67,81,183],"product_tag":[],"class_list":{"0":"post-1395","1":"product","2":"type-product","3":"status-publish","4":"has-post-thumbnail","6":"product_cat-aankomen","7":"product_cat-eiwitten-proteine","8":"product_cat-spieropbouw","9":"product_cat-trained-by-jp","11":"first","12":"outofstock","13":"taxable","14":"shipping-taxable","15":"purchasable","16":"product-type-variable"},"yoast_head":"<!-- This site is optimized with the Yoast SEO plugin v27.4 - https:\/\/yoast.com\/product\/yoast-seo-wordpress\/ -->\n<title>Trained by JP \u2013 Performance Protein - Holy-Supps.nl<\/title>\n<meta name=\"description\" content=\"Performance Protein: 2KG met 66 porties in 25 smaken. Dikke, gladde textuur. Ideaal voor herstel en spieropbouw. Perfect voor onderweg.\" \/>\n<meta name=\"robots\" content=\"index, follow, max-snippet:-1, max-image-preview:large, max-video-preview:-1\" \/>\n<link rel=\"canonical\" href=\"https:\/\/www.holy-supps.nl\/de\/produkt\/geschult-durch-jp-performance-protein\/\" \/>\n<meta property=\"og:locale\" content=\"de_DE\" \/>\n<meta property=\"og:type\" content=\"article\" \/>\n<meta property=\"og:title\" content=\"Trained by JP \u2013 Performance Protein - Holy-Supps.nl\" \/>\n<meta property=\"og:description\" content=\"Performance Protein: 2KG met 66 porties in 25 smaken. Dikke, gladde textuur. Ideaal voor herstel en spieropbouw. Perfect voor onderweg.\" \/>\n<meta property=\"og:url\" content=\"https:\/\/www.holy-supps.nl\/de\/produkt\/geschult-durch-jp-performance-protein\/\" \/>\n<meta property=\"og:site_name\" content=\"Holy-Supps.nl\" \/>\n<meta property=\"article:publisher\" content=\"https:\/\/www.facebook.com\/holy.supps\" \/>\n<meta property=\"article:modified_time\" content=\"2025-10-15T20:01:11+00:00\" \/>\n<meta property=\"og:image\" content=\"https:\/\/www.holy-supps.nl\/wp-content\/uploads\/2023\/10\/PP2kgSmooth_chocpistachio_1800x1800.png.webp\" \/>\n\t<meta property=\"og:image:width\" content=\"1800\" \/>\n\t<meta property=\"og:image:height\" content=\"1800\" \/>\n\t<meta property=\"og:image:type\" content=\"image\/webp\" \/>\n<meta name=\"twitter:card\" content=\"summary_large_image\" \/>\n<meta name=\"twitter:label1\" content=\"Gesch\u00e4tzte Lesezeit\" \/>\n\t<meta name=\"twitter:data1\" content=\"2\u00a0Minuten\" \/>\n<script type=\"application\/ld+json\" class=\"yoast-schema-graph\">{\"@context\":\"https:\\\/\\\/schema.org\",\"@graph\":[{\"@type\":\"WebPage\",\"@id\":\"https:\\\/\\\/www.holy-supps.nl\\\/product\\\/trained-by-jp-performance-protein\\\/\",\"url\":\"https:\\\/\\\/www.holy-supps.nl\\\/product\\\/trained-by-jp-performance-protein\\\/\",\"name\":\"Trained by JP \u2013 Performance Protein - Holy-Supps.nl\",\"isPartOf\":{\"@id\":\"https:\\\/\\\/www.holy-supps.nl\\\/#website\"},\"primaryImageOfPage\":{\"@id\":\"https:\\\/\\\/www.holy-supps.nl\\\/product\\\/trained-by-jp-performance-protein\\\/#primaryimage\"},\"image\":{\"@id\":\"https:\\\/\\\/www.holy-supps.nl\\\/product\\\/trained-by-jp-performance-protein\\\/#primaryimage\"},\"thumbnailUrl\":\"https:\\\/\\\/www.holy-supps.nl\\\/wp-content\\\/uploads\\\/2023\\\/10\\\/PP2kgSmooth_chocpistachio_1800x1800.png.webp\",\"datePublished\":\"2023-10-12T20:48:36+00:00\",\"dateModified\":\"2025-10-15T20:01:11+00:00\",\"description\":\"Performance Protein: 2KG met 66 porties in 25 smaken. Dikke, gladde textuur. Ideaal voor herstel en spieropbouw. Perfect voor onderweg.\",\"breadcrumb\":{\"@id\":\"https:\\\/\\\/www.holy-supps.nl\\\/product\\\/trained-by-jp-performance-protein\\\/#breadcrumb\"},\"inLanguage\":\"de\",\"potentialAction\":[{\"@type\":\"ReadAction\",\"target\":[\"https:\\\/\\\/www.holy-supps.nl\\\/product\\\/trained-by-jp-performance-protein\\\/\"]}]},{\"@type\":\"ImageObject\",\"inLanguage\":\"de\",\"@id\":\"https:\\\/\\\/www.holy-supps.nl\\\/product\\\/trained-by-jp-performance-protein\\\/#primaryimage\",\"url\":\"https:\\\/\\\/www.holy-supps.nl\\\/wp-content\\\/uploads\\\/2023\\\/10\\\/PP2kgSmooth_chocpistachio_1800x1800.png.webp\",\"contentUrl\":\"https:\\\/\\\/www.holy-supps.nl\\\/wp-content\\\/uploads\\\/2023\\\/10\\\/PP2kgSmooth_chocpistachio_1800x1800.png.webp\",\"width\":1800,\"height\":1800},{\"@type\":\"BreadcrumbList\",\"@id\":\"https:\\\/\\\/www.holy-supps.nl\\\/product\\\/trained-by-jp-performance-protein\\\/#breadcrumb\",\"itemListElement\":[{\"@type\":\"ListItem\",\"position\":1,\"name\":\"Home\",\"item\":\"https:\\\/\\\/www.holy-supps.nl\\\/\"},{\"@type\":\"ListItem\",\"position\":2,\"name\":\"Winkel\",\"item\":\"https:\\\/\\\/www.holy-supps.nl\\\/winkel\\\/\"},{\"@type\":\"ListItem\",\"position\":3,\"name\":\"Trained by JP \u2013 Performance Protein\"}]},{\"@type\":\"WebSite\",\"@id\":\"https:\\\/\\\/www.holy-supps.nl\\\/#website\",\"url\":\"https:\\\/\\\/www.holy-supps.nl\\\/\",\"name\":\"Holy-Supps.nl\",\"description\":\"Official EHPLabs Reseller!\",\"publisher\":{\"@id\":\"https:\\\/\\\/www.holy-supps.nl\\\/#organization\"},\"potentialAction\":[{\"@type\":\"SearchAction\",\"target\":{\"@type\":\"EntryPoint\",\"urlTemplate\":\"https:\\\/\\\/www.holy-supps.nl\\\/?s={search_term_string}\"},\"query-input\":{\"@type\":\"PropertyValueSpecification\",\"valueRequired\":true,\"valueName\":\"search_term_string\"}}],\"inLanguage\":\"de\"},{\"@type\":\"Organization\",\"@id\":\"https:\\\/\\\/www.holy-supps.nl\\\/#organization\",\"name\":\"Holy Supps\",\"url\":\"https:\\\/\\\/www.holy-supps.nl\\\/\",\"logo\":{\"@type\":\"ImageObject\",\"inLanguage\":\"de\",\"@id\":\"https:\\\/\\\/www.holy-supps.nl\\\/#\\\/schema\\\/logo\\\/image\\\/\",\"url\":\"https:\\\/\\\/www.holy-supps.nl\\\/wp-content\\\/uploads\\\/2023\\\/06\\\/HOLY-SUPPS.png\",\"contentUrl\":\"https:\\\/\\\/www.holy-supps.nl\\\/wp-content\\\/uploads\\\/2023\\\/06\\\/HOLY-SUPPS.png\",\"width\":1000,\"height\":400,\"caption\":\"Holy Supps\"},\"image\":{\"@id\":\"https:\\\/\\\/www.holy-supps.nl\\\/#\\\/schema\\\/logo\\\/image\\\/\"},\"sameAs\":[\"https:\\\/\\\/www.facebook.com\\\/holy.supps\",\"https:\\\/\\\/www.instagram.com\\\/holy.supps.shop\\\/\"]}]}<\/script>\n<!-- \/ Yoast SEO plugin. -->","yoast_head_json":{"title":"Trainiert von JP - Leistungsprotein - Holy-Supps.de","description":"Performance Protein: 2KG mit 66 Portionen in 25 Geschmacksrichtungen. Dicke, weiche Textur. Ideal f\u00fcr die Erholung und den Muskelaufbau. Perfekt f\u00fcr unterwegs.","robots":{"index":"index","follow":"follow","max-snippet":"max-snippet:-1","max-image-preview":"max-image-preview:large","max-video-preview":"max-video-preview:-1"},"canonical":"https:\/\/www.holy-supps.nl\/de\/produkt\/geschult-durch-jp-performance-protein\/","og_locale":"de_DE","og_type":"article","og_title":"Trained by JP \u2013 Performance Protein - Holy-Supps.nl","og_description":"Performance Protein: 2KG met 66 porties in 25 smaken. Dikke, gladde textuur. Ideaal voor herstel en spieropbouw. Perfect voor onderweg.","og_url":"https:\/\/www.holy-supps.nl\/de\/produkt\/geschult-durch-jp-performance-protein\/","og_site_name":"Holy-Supps.nl","article_publisher":"https:\/\/www.facebook.com\/holy.supps","article_modified_time":"2025-10-15T20:01:11+00:00","og_image":[{"width":1800,"height":1800,"url":"https:\/\/www.holy-supps.nl\/wp-content\/uploads\/2023\/10\/PP2kgSmooth_chocpistachio_1800x1800.png.webp","type":"image\/webp"}],"twitter_card":"summary_large_image","twitter_misc":{"Gesch\u00e4tzte Lesezeit":"2\u00a0Minuten"},"schema":{"@context":"https:\/\/schema.org","@graph":[{"@type":"WebPage","@id":"https:\/\/www.holy-supps.nl\/product\/trained-by-jp-performance-protein\/","url":"https:\/\/www.holy-supps.nl\/product\/trained-by-jp-performance-protein\/","name":"Trainiert von JP - Leistungsprotein - Holy-Supps.de","isPartOf":{"@id":"https:\/\/www.holy-supps.nl\/#website"},"primaryImageOfPage":{"@id":"https:\/\/www.holy-supps.nl\/product\/trained-by-jp-performance-protein\/#primaryimage"},"image":{"@id":"https:\/\/www.holy-supps.nl\/product\/trained-by-jp-performance-protein\/#primaryimage"},"thumbnailUrl":"https:\/\/www.holy-supps.nl\/wp-content\/uploads\/2023\/10\/PP2kgSmooth_chocpistachio_1800x1800.png.webp","datePublished":"2023-10-12T20:48:36+00:00","dateModified":"2025-10-15T20:01:11+00:00","description":"Performance Protein: 2KG mit 66 Portionen in 25 Geschmacksrichtungen. Dicke, weiche Textur. Ideal f\u00fcr die Erholung und den Muskelaufbau. Perfekt f\u00fcr unterwegs.","breadcrumb":{"@id":"https:\/\/www.holy-supps.nl\/product\/trained-by-jp-performance-protein\/#breadcrumb"},"inLanguage":"de","potentialAction":[{"@type":"ReadAction","target":["https:\/\/www.holy-supps.nl\/product\/trained-by-jp-performance-protein\/"]}]},{"@type":"ImageObject","inLanguage":"de","@id":"https:\/\/www.holy-supps.nl\/product\/trained-by-jp-performance-protein\/#primaryimage","url":"https:\/\/www.holy-supps.nl\/wp-content\/uploads\/2023\/10\/PP2kgSmooth_chocpistachio_1800x1800.png.webp","contentUrl":"https:\/\/www.holy-supps.nl\/wp-content\/uploads\/2023\/10\/PP2kgSmooth_chocpistachio_1800x1800.png.webp","width":1800,"height":1800},{"@type":"BreadcrumbList","@id":"https:\/\/www.holy-supps.nl\/product\/trained-by-jp-performance-protein\/#breadcrumb","itemListElement":[{"@type":"ListItem","position":1,"name":"Home","item":"https:\/\/www.holy-supps.nl\/"},{"@type":"ListItem","position":2,"name":"Winkel","item":"https:\/\/www.holy-supps.nl\/winkel\/"},{"@type":"ListItem","position":3,"name":"Trained by JP \u2013 Performance Protein"}]},{"@type":"WebSite","@id":"https:\/\/www.holy-supps.nl\/#website","url":"https:\/\/www.holy-supps.nl\/","name":"Holy-Supps.co.uk","description":"Offizieller EHPLabs-H\u00e4ndler!","publisher":{"@id":"https:\/\/www.holy-supps.nl\/#organization"},"potentialAction":[{"@type":"SearchAction","target":{"@type":"EntryPoint","urlTemplate":"https:\/\/www.holy-supps.nl\/?s={search_term_string}"},"query-input":{"@type":"PropertyValueSpecification","valueRequired":true,"valueName":"search_term_string"}}],"inLanguage":"de"},{"@type":"Organization","@id":"https:\/\/www.holy-supps.nl\/#organization","name":"Heiliges Abendmahl","url":"https:\/\/www.holy-supps.nl\/","logo":{"@type":"ImageObject","inLanguage":"de","@id":"https:\/\/www.holy-supps.nl\/#\/schema\/logo\/image\/","url":"https:\/\/www.holy-supps.nl\/wp-content\/uploads\/2023\/06\/HOLY-SUPPS.png","contentUrl":"https:\/\/www.holy-supps.nl\/wp-content\/uploads\/2023\/06\/HOLY-SUPPS.png","width":1000,"height":400,"caption":"Holy Supps"},"image":{"@id":"https:\/\/www.holy-supps.nl\/#\/schema\/logo\/image\/"},"sameAs":["https:\/\/www.facebook.com\/holy.supps","https:\/\/www.instagram.com\/holy.supps.shop\/"]}]}},"jetpack_sharing_enabled":true,"_links":{"self":[{"href":"https:\/\/www.holy-supps.nl\/de\/wp-json\/wp\/v2\/product\/1395","targetHints":{"allow":["GET"]}}],"collection":[{"href":"https:\/\/www.holy-supps.nl\/de\/wp-json\/wp\/v2\/product"}],"about":[{"href":"https:\/\/www.holy-supps.nl\/de\/wp-json\/wp\/v2\/types\/product"}],"replies":[{"embeddable":true,"href":"https:\/\/www.holy-supps.nl\/de\/wp-json\/wp\/v2\/comments?post=1395"}],"wp:featuredmedia":[{"embeddable":true,"href":"https:\/\/www.holy-supps.nl\/de\/wp-json\/wp\/v2\/media\/1396"}],"wp:attachment":[{"href":"https:\/\/www.holy-supps.nl\/de\/wp-json\/wp\/v2\/media?parent=1395"}],"wp:term":[{"taxonomy":"product_brand","embeddable":true,"href":"https:\/\/www.holy-supps.nl\/de\/wp-json\/wp\/v2\/product_brand?post=1395"},{"taxonomy":"product_cat","embeddable":true,"href":"https:\/\/www.holy-supps.nl\/de\/wp-json\/wp\/v2\/product_cat?post=1395"},{"taxonomy":"product_tag","embeddable":true,"href":"https:\/\/www.holy-supps.nl\/de\/wp-json\/wp\/v2\/product_tag?post=1395"}],"curies":[{"name":"wp","href":"https:\/\/api.w.org\/{rel}","templated":true}]}}