{"id":1351,"date":"2023-10-03T21:57:52","date_gmt":"2023-10-03T19:57:52","guid":{"rendered":"https:\/\/www.holy-supps.nl\/?post_type=product&#038;p=1351"},"modified":"2025-08-26T15:22:17","modified_gmt":"2025-08-26T13:22:17","slug":"endlos-kaffee-protein-werke-460gr","status":"publish","type":"product","link":"https:\/\/www.holy-supps.nl\/de\/product\/endless-coffee-protein-works-460gr\/","title":{"rendered":"Protein Works - Endloser Kaffee - 460GR"},"content":{"rendered":"<h2>Endless\u2122 Coffee<\/h2>\n<p>Het is tijd om je ochtendkoffie te upgraden. We hebben de klassieke koffie omgezet in een praktische karamel latte shake met slechts <strong>63 calorie\u00ebn<\/strong>, zonder toegevoegde suikers en zonder crashes. Endless\u2122 Coffee is een smaakvolle en handige keuze om je dag mee te beginnen.<\/p>\n<h1>Sterker, slimmer, lekkerder<\/h1>\n<ul>\n<li>Endless\u2122 Coffee geeft je ochtendroutine een nieuwe draai.<\/li>\n<li>Bevat <strong>100 mg cafe\u00efne<\/strong> per portie.<\/li>\n<li>Bevat een mix van 12 zorgvuldig geselecteerde ingredi\u00ebnten.<\/li>\n<li>Geniet van de smaak van een latte met ijskaramel: gewoon mengen met koud water.<\/li>\n<\/ul>\n<h1>Unieke koffieblend<\/h1>\n<p>Endless\u2122 Coffee bevat een combinatie van 12 actieve ingredi\u00ebnten, waaronder cafe\u00efne, L-theanine en ashwagandha-extract. Daarnaast zijn er diverse vitaminen en mineralen toegevoegd. Dit maakt het een veelzijdig product dat verder gaat dan gewone koffie.<\/p>\n<h1>Zero crash<\/h1>\n<p>Endless\u2122 Coffee is samengesteld met een uitgebalanceerde verhouding van cafe\u00efne en L-theanine. Dit zorgt voor een unieke smaakbeleving zonder ongewenste effecten.<\/p>\n<p><em>*In vergelijking met een Starbucks Tall Standard Latte. Waarden correct vanaf 13\/03\/2023.<\/em><\/p>\n<p><em>Let op: smaakafbeeldingen zijn slechts een serveersuggestie en dienen ter illustratie. Ze vertegenwoordigen geen werkelijke smaakingredi\u00ebnten.<\/em><\/p>\n<h3 class=\"ingredients-title\">Ingredi\u00ebnten<\/h3>\n<div class=\"mb-5\">\n<div class=\"ingredients\">\n<div class=\"specs-wrap\">\n<p>Voor allergenen zie vetgedrukte ingredi\u00ebnten.<\/p>\n<table class=\"specs-table\" cellspacing=\"0\" cellpadding=\"0\">\n<tbody>\n<tr>\n<td>Magere <strong>melk<\/strong>poeder, koffiemengsel [koffiepoeder, extract van groene koffiebonen], mengsel van vitaminen en mineralen (tricalciumfosfaat, vitamine C, vitamine B5, vitamine B6, foliumzuur, vitamine B12), MCT-poeder (triglyceriden met middellange ketens (kokosnoot), Acaciagom), smaakstof, L-theanine, magnesiumoxide, ashwagandha-extract, zoetstof (sucralose), cafe\u00efne.<\/p>\n<p><strong>Waarschuwing:<\/strong> Hoog cafe\u00efnegehalte (100 mg per portie). Niet geschikt voor kinderen, zwangere vrouwen en personen die gevoelig zijn voor cafe\u00efne.<\/td>\n<\/tr>\n<tr>\n<td>Gemaakt in een fabriek waar melk, eieren, granen met gluten, pinda&#8217;s, noten en soja worden verwerkt.<\/td>\n<\/tr>\n<\/tbody>\n<\/table>\n<\/div>\n<\/div>\n<\/div>\n<h1>Inhoud<\/h1>\n<div class=\"nutritionalInfo mb-5\">\n<table>\n<tbody>\n<tr class=\"title\">\n<th>Values based on:<\/th>\n<th>per 100g<\/th>\n<th>per serving<\/th>\n<th>%RI<\/th>\n<\/tr>\n<tr>\n<td>Energy (KJ)<\/td>\n<td>1328<\/td>\n<td>266<\/td>\n<td><\/td>\n<\/tr>\n<tr>\n<td>Energy (kcal)<\/td>\n<td>315<\/td>\n<td>63<\/td>\n<td><\/td>\n<\/tr>\n<tr>\n<td>Fat (g)<\/td>\n<td>2.7<\/td>\n<td>0.5<\/td>\n<td><\/td>\n<\/tr>\n<tr>\n<td>of which saturates (g)<\/td>\n<td>2.5<\/td>\n<td>0.5<\/td>\n<td><\/td>\n<\/tr>\n<tr>\n<td>Carbohydrates (g)<\/td>\n<td>51<\/td>\n<td>10<\/td>\n<td><\/td>\n<\/tr>\n<tr>\n<td>of which sugars (g)<\/td>\n<td>43<\/td>\n<td>8.6<\/td>\n<td><\/td>\n<\/tr>\n<tr>\n<td>Fibre (g)<\/td>\n<td>1.8<\/td>\n<td>0.4<\/td>\n<td><\/td>\n<\/tr>\n<tr>\n<td>Protein (g)<\/td>\n<td>27<\/td>\n<td>5<\/td>\n<td><\/td>\n<\/tr>\n<tr>\n<td>Salt (g)<\/td>\n<td>0.79<\/td>\n<td>0.16<\/td>\n<td><\/td>\n<\/tr>\n<tr>\n<td>Calcium (mg)<\/td>\n<td>2145<\/td>\n<td>429<\/td>\n<td>52%<\/td>\n<\/tr>\n<tr>\n<td>Magnesium (mg)<\/td>\n<td>300<\/td>\n<td>60<\/td>\n<td>30%<\/td>\n<\/tr>\n<tr>\n<td>Vitamin C (mg)<\/td>\n<td>120<\/td>\n<td>24<\/td>\n<td>30%<\/td>\n<\/tr>\n<tr>\n<td>Vitamin B2 (mg)<\/td>\n<td>1<\/td>\n<td>0.2<\/td>\n<td>16%<\/td>\n<\/tr>\n<tr>\n<td>Vitamin B5 (mg)<\/td>\n<td>9.5<\/td>\n<td>1.9<\/td>\n<td>30%<\/td>\n<\/tr>\n<tr>\n<td>Vitamin B6 (mg)<\/td>\n<td>2<\/td>\n<td>0.4<\/td>\n<td>30%<\/td>\n<\/tr>\n<tr>\n<td>Vitamin B9 (mcg)<\/td>\n<td>300<\/td>\n<td>60<\/td>\n<td>30%<\/td>\n<\/tr>\n<tr>\n<td>Vitamin B12 (mcg)<\/td>\n<td>400<\/td>\n<td>80<\/td>\n<td>30%<\/td>\n<\/tr>\n<tr>\n<td>Caffeine (mg)<\/td>\n<td><\/td>\n<td>100<\/td>\n<td><\/td>\n<\/tr>\n<tr>\n<td>L-Theanine (mg)<\/td>\n<td><\/td>\n<td>200<\/td>\n<td><\/td>\n<\/tr>\n<tr>\n<td>Ashwagandha (mg)<\/td>\n<td><\/td>\n<td>100<\/td>\n<\/tr>\n<\/tbody>\n<\/table>\n<\/div>\n<h1>Gebruik &amp; Dosering<\/h1>\n<p>Voeg 1 groene maatschep (20 g) toe aan 300 ml melk of koud water. Goed schudden en consumeren. Voeg ijs toe voor een ijskaramel latte.<br \/>\nMaximaal 2 porties per dag, bij voorkeur een half uur voordat je Endless\u2122 wilt gebruiken.<\/p>\n<p>Vermijd consumptie in de avond vanwege het cafe\u00efnegehalte.<\/p>\n","protected":false},"excerpt":{"rendered":"<div>Es ist an der Zeit, Ihren Morgenkaffee zu verbessern.<\/div>\n<div><\/div>\n<div>Wir haben den klassischen Kaffee genommen und ihn in einen superstarken Treibstoff f\u00fcr das Gehirn verwandelt. Endless\u2122 Coffee ist der fortschrittlichste Kaffee, den es derzeit auf dem Markt gibt. Er ist ein k\u00f6stlicher Karamell-Latte-Shake mit nur 63 Kalorien, ohne Zuckerzusatz und ohne Absturz - Sie k\u00f6nnen uns sp\u00e4ter danken.<\/div>\n<p>&nbsp;<\/p>","protected":false},"featured_media":1353,"comment_status":"open","ping_status":"closed","template":"","meta":[],"product_brand":[],"product_cat":[77,80,67,87,15,79,71,75,73,83,92,78],"product_tag":[],"class_list":{"0":"post-1351","1":"product","2":"type-product","3":"status-publish","4":"has-post-thumbnail","6":"product_cat-bundles-save","7":"product_cat-doel","8":"product_cat-eiwitten-proteine","9":"product_cat-energie-focus","10":"product_cat-geen-categorie","11":"product_cat-maaltijdvervangers","12":"product_cat-merken","13":"product_cat-producten","14":"product_cat-protein-works","15":"product_cat-the-protein-works","16":"product_cat-vitamine-mineralen","17":"product_cat-voeding-snacks","19":"first","20":"outofstock","21":"sale","22":"taxable","23":"shipping-taxable","24":"purchasable","25":"product-type-simple"},"yoast_head":"<!-- This site is optimized with the Yoast SEO plugin v27.5 - https:\/\/yoast.com\/product\/yoast-seo-wordpress\/ -->\n<title>Protein Works - Endless Coffee - 460GR - Holy-Supps.nl<\/title>\n<meta name=\"description\" content=\"Boost je ochtendroutine met Endless Coffee: 100 mg cafe\u00efne, 12 hersenversterkende ingredi\u00ebnten, nul crash en heerlijke ijskaramel latte smaak.\" \/>\n<meta name=\"robots\" content=\"index, follow, max-snippet:-1, max-image-preview:large, max-video-preview:-1\" \/>\n<link rel=\"canonical\" href=\"https:\/\/www.holy-supps.nl\/de\/produkt\/endlos-kaffee-protein-werke-460gr\/\" \/>\n<meta property=\"og:locale\" content=\"de_DE\" \/>\n<meta property=\"og:type\" content=\"article\" \/>\n<meta property=\"og:title\" content=\"Protein Works - Endless Coffee - 460GR - Holy-Supps.nl\" \/>\n<meta property=\"og:description\" content=\"Boost je ochtendroutine met Endless Coffee: 100 mg cafe\u00efne, 12 hersenversterkende ingredi\u00ebnten, nul crash en heerlijke ijskaramel latte smaak.\" \/>\n<meta property=\"og:url\" content=\"https:\/\/www.holy-supps.nl\/de\/produkt\/endlos-kaffee-protein-werke-460gr\/\" \/>\n<meta property=\"og:site_name\" content=\"Holy-Supps.nl\" \/>\n<meta property=\"article:publisher\" content=\"https:\/\/www.facebook.com\/holy.supps\" \/>\n<meta property=\"article:modified_time\" content=\"2025-08-26T13:22:17+00:00\" \/>\n<meta property=\"og:image\" content=\"https:\/\/www.holy-supps.nl\/wp-content\/uploads\/2023\/10\/endless_coffee.1_1.webp\" \/>\n\t<meta property=\"og:image:width\" content=\"1000\" \/>\n\t<meta property=\"og:image:height\" content=\"1000\" \/>\n\t<meta property=\"og:image:type\" content=\"image\/webp\" \/>\n<meta name=\"twitter:card\" content=\"summary_large_image\" \/>\n<meta name=\"twitter:label1\" content=\"Gesch\u00e4tzte Lesezeit\" \/>\n\t<meta name=\"twitter:data1\" content=\"3\u00a0Minuten\" \/>\n<script type=\"application\/ld+json\" class=\"yoast-schema-graph\">{\"@context\":\"https:\\\/\\\/schema.org\",\"@graph\":[{\"@type\":\"WebPage\",\"@id\":\"https:\\\/\\\/www.holy-supps.nl\\\/product\\\/endless-coffee-protein-works-460gr\\\/\",\"url\":\"https:\\\/\\\/www.holy-supps.nl\\\/product\\\/endless-coffee-protein-works-460gr\\\/\",\"name\":\"Protein Works - Endless Coffee - 460GR - Holy-Supps.nl\",\"isPartOf\":{\"@id\":\"https:\\\/\\\/www.holy-supps.nl\\\/#website\"},\"primaryImageOfPage\":{\"@id\":\"https:\\\/\\\/www.holy-supps.nl\\\/product\\\/endless-coffee-protein-works-460gr\\\/#primaryimage\"},\"image\":{\"@id\":\"https:\\\/\\\/www.holy-supps.nl\\\/product\\\/endless-coffee-protein-works-460gr\\\/#primaryimage\"},\"thumbnailUrl\":\"https:\\\/\\\/www.holy-supps.nl\\\/wp-content\\\/uploads\\\/2023\\\/10\\\/endless_coffee.1_1.webp\",\"datePublished\":\"2023-10-03T19:57:52+00:00\",\"dateModified\":\"2025-08-26T13:22:17+00:00\",\"description\":\"Boost je ochtendroutine met Endless Coffee: 100 mg cafe\u00efne, 12 hersenversterkende ingredi\u00ebnten, nul crash en heerlijke ijskaramel latte smaak.\",\"breadcrumb\":{\"@id\":\"https:\\\/\\\/www.holy-supps.nl\\\/product\\\/endless-coffee-protein-works-460gr\\\/#breadcrumb\"},\"inLanguage\":\"de\",\"potentialAction\":[{\"@type\":\"ReadAction\",\"target\":[\"https:\\\/\\\/www.holy-supps.nl\\\/product\\\/endless-coffee-protein-works-460gr\\\/\"]}]},{\"@type\":\"ImageObject\",\"inLanguage\":\"de\",\"@id\":\"https:\\\/\\\/www.holy-supps.nl\\\/product\\\/endless-coffee-protein-works-460gr\\\/#primaryimage\",\"url\":\"https:\\\/\\\/www.holy-supps.nl\\\/wp-content\\\/uploads\\\/2023\\\/10\\\/endless_coffee.1_1.webp\",\"contentUrl\":\"https:\\\/\\\/www.holy-supps.nl\\\/wp-content\\\/uploads\\\/2023\\\/10\\\/endless_coffee.1_1.webp\",\"width\":1000,\"height\":1000},{\"@type\":\"BreadcrumbList\",\"@id\":\"https:\\\/\\\/www.holy-supps.nl\\\/product\\\/endless-coffee-protein-works-460gr\\\/#breadcrumb\",\"itemListElement\":[{\"@type\":\"ListItem\",\"position\":1,\"name\":\"Home\",\"item\":\"https:\\\/\\\/www.holy-supps.nl\\\/\"},{\"@type\":\"ListItem\",\"position\":2,\"name\":\"Winkel\",\"item\":\"https:\\\/\\\/www.holy-supps.nl\\\/winkel\\\/\"},{\"@type\":\"ListItem\",\"position\":3,\"name\":\"Protein Works &#8211; Endless Coffee &#8211; 460GR\"}]},{\"@type\":\"WebSite\",\"@id\":\"https:\\\/\\\/www.holy-supps.nl\\\/#website\",\"url\":\"https:\\\/\\\/www.holy-supps.nl\\\/\",\"name\":\"Holy-Supps.nl\",\"description\":\"Official EHPLabs Reseller!\",\"publisher\":{\"@id\":\"https:\\\/\\\/www.holy-supps.nl\\\/#organization\"},\"potentialAction\":[{\"@type\":\"SearchAction\",\"target\":{\"@type\":\"EntryPoint\",\"urlTemplate\":\"https:\\\/\\\/www.holy-supps.nl\\\/?s={search_term_string}\"},\"query-input\":{\"@type\":\"PropertyValueSpecification\",\"valueRequired\":true,\"valueName\":\"search_term_string\"}}],\"inLanguage\":\"de\"},{\"@type\":\"Organization\",\"@id\":\"https:\\\/\\\/www.holy-supps.nl\\\/#organization\",\"name\":\"Holy Supps\",\"url\":\"https:\\\/\\\/www.holy-supps.nl\\\/\",\"logo\":{\"@type\":\"ImageObject\",\"inLanguage\":\"de\",\"@id\":\"https:\\\/\\\/www.holy-supps.nl\\\/#\\\/schema\\\/logo\\\/image\\\/\",\"url\":\"https:\\\/\\\/www.holy-supps.nl\\\/wp-content\\\/uploads\\\/2023\\\/06\\\/HOLY-SUPPS.png\",\"contentUrl\":\"https:\\\/\\\/www.holy-supps.nl\\\/wp-content\\\/uploads\\\/2023\\\/06\\\/HOLY-SUPPS.png\",\"width\":1000,\"height\":400,\"caption\":\"Holy Supps\"},\"image\":{\"@id\":\"https:\\\/\\\/www.holy-supps.nl\\\/#\\\/schema\\\/logo\\\/image\\\/\"},\"sameAs\":[\"https:\\\/\\\/www.facebook.com\\\/holy.supps\",\"https:\\\/\\\/www.instagram.com\\\/holy.supps.shop\\\/\"]}]}<\/script>\n<!-- \/ Yoast SEO plugin. -->","yoast_head_json":{"title":"Protein Works - Endless Coffee - 460GR - Holy-Supps.de","description":"Bringen Sie Ihre morgendliche Routine in Schwung mit Endless Coffee: 100 mg Koffein, 12 gehirnf\u00f6rdernde Inhaltsstoffe, kein Absturz und k\u00f6stlicher Karamell-Latte-Geschmack.","robots":{"index":"index","follow":"follow","max-snippet":"max-snippet:-1","max-image-preview":"max-image-preview:large","max-video-preview":"max-video-preview:-1"},"canonical":"https:\/\/www.holy-supps.nl\/de\/produkt\/endlos-kaffee-protein-werke-460gr\/","og_locale":"de_DE","og_type":"article","og_title":"Protein Works - Endless Coffee - 460GR - Holy-Supps.nl","og_description":"Boost je ochtendroutine met Endless Coffee: 100 mg cafe\u00efne, 12 hersenversterkende ingredi\u00ebnten, nul crash en heerlijke ijskaramel latte smaak.","og_url":"https:\/\/www.holy-supps.nl\/de\/produkt\/endlos-kaffee-protein-werke-460gr\/","og_site_name":"Holy-Supps.nl","article_publisher":"https:\/\/www.facebook.com\/holy.supps","article_modified_time":"2025-08-26T13:22:17+00:00","og_image":[{"width":1000,"height":1000,"url":"https:\/\/www.holy-supps.nl\/wp-content\/uploads\/2023\/10\/endless_coffee.1_1.webp","type":"image\/webp"}],"twitter_card":"summary_large_image","twitter_misc":{"Gesch\u00e4tzte Lesezeit":"3\u00a0Minuten"},"schema":{"@context":"https:\/\/schema.org","@graph":[{"@type":"WebPage","@id":"https:\/\/www.holy-supps.nl\/product\/endless-coffee-protein-works-460gr\/","url":"https:\/\/www.holy-supps.nl\/product\/endless-coffee-protein-works-460gr\/","name":"Protein Works - Endless Coffee - 460GR - Holy-Supps.de","isPartOf":{"@id":"https:\/\/www.holy-supps.nl\/#website"},"primaryImageOfPage":{"@id":"https:\/\/www.holy-supps.nl\/product\/endless-coffee-protein-works-460gr\/#primaryimage"},"image":{"@id":"https:\/\/www.holy-supps.nl\/product\/endless-coffee-protein-works-460gr\/#primaryimage"},"thumbnailUrl":"https:\/\/www.holy-supps.nl\/wp-content\/uploads\/2023\/10\/endless_coffee.1_1.webp","datePublished":"2023-10-03T19:57:52+00:00","dateModified":"2025-08-26T13:22:17+00:00","description":"Bringen Sie Ihre morgendliche Routine in Schwung mit Endless Coffee: 100 mg Koffein, 12 gehirnf\u00f6rdernde Inhaltsstoffe, kein Absturz und k\u00f6stlicher Karamell-Latte-Geschmack.","breadcrumb":{"@id":"https:\/\/www.holy-supps.nl\/product\/endless-coffee-protein-works-460gr\/#breadcrumb"},"inLanguage":"de","potentialAction":[{"@type":"ReadAction","target":["https:\/\/www.holy-supps.nl\/product\/endless-coffee-protein-works-460gr\/"]}]},{"@type":"ImageObject","inLanguage":"de","@id":"https:\/\/www.holy-supps.nl\/product\/endless-coffee-protein-works-460gr\/#primaryimage","url":"https:\/\/www.holy-supps.nl\/wp-content\/uploads\/2023\/10\/endless_coffee.1_1.webp","contentUrl":"https:\/\/www.holy-supps.nl\/wp-content\/uploads\/2023\/10\/endless_coffee.1_1.webp","width":1000,"height":1000},{"@type":"BreadcrumbList","@id":"https:\/\/www.holy-supps.nl\/product\/endless-coffee-protein-works-460gr\/#breadcrumb","itemListElement":[{"@type":"ListItem","position":1,"name":"Home","item":"https:\/\/www.holy-supps.nl\/"},{"@type":"ListItem","position":2,"name":"Winkel","item":"https:\/\/www.holy-supps.nl\/winkel\/"},{"@type":"ListItem","position":3,"name":"Protein Works &#8211; Endless Coffee &#8211; 460GR"}]},{"@type":"WebSite","@id":"https:\/\/www.holy-supps.nl\/#website","url":"https:\/\/www.holy-supps.nl\/","name":"Holy-Supps.co.uk","description":"Offizieller EHPLabs-H\u00e4ndler!","publisher":{"@id":"https:\/\/www.holy-supps.nl\/#organization"},"potentialAction":[{"@type":"SearchAction","target":{"@type":"EntryPoint","urlTemplate":"https:\/\/www.holy-supps.nl\/?s={search_term_string}"},"query-input":{"@type":"PropertyValueSpecification","valueRequired":true,"valueName":"search_term_string"}}],"inLanguage":"de"},{"@type":"Organization","@id":"https:\/\/www.holy-supps.nl\/#organization","name":"Heiliges Abendmahl","url":"https:\/\/www.holy-supps.nl\/","logo":{"@type":"ImageObject","inLanguage":"de","@id":"https:\/\/www.holy-supps.nl\/#\/schema\/logo\/image\/","url":"https:\/\/www.holy-supps.nl\/wp-content\/uploads\/2023\/06\/HOLY-SUPPS.png","contentUrl":"https:\/\/www.holy-supps.nl\/wp-content\/uploads\/2023\/06\/HOLY-SUPPS.png","width":1000,"height":400,"caption":"Holy Supps"},"image":{"@id":"https:\/\/www.holy-supps.nl\/#\/schema\/logo\/image\/"},"sameAs":["https:\/\/www.facebook.com\/holy.supps","https:\/\/www.instagram.com\/holy.supps.shop\/"]}]}},"jetpack_sharing_enabled":true,"_links":{"self":[{"href":"https:\/\/www.holy-supps.nl\/de\/wp-json\/wp\/v2\/product\/1351","targetHints":{"allow":["GET"]}}],"collection":[{"href":"https:\/\/www.holy-supps.nl\/de\/wp-json\/wp\/v2\/product"}],"about":[{"href":"https:\/\/www.holy-supps.nl\/de\/wp-json\/wp\/v2\/types\/product"}],"replies":[{"embeddable":true,"href":"https:\/\/www.holy-supps.nl\/de\/wp-json\/wp\/v2\/comments?post=1351"}],"wp:featuredmedia":[{"embeddable":true,"href":"https:\/\/www.holy-supps.nl\/de\/wp-json\/wp\/v2\/media\/1353"}],"wp:attachment":[{"href":"https:\/\/www.holy-supps.nl\/de\/wp-json\/wp\/v2\/media?parent=1351"}],"wp:term":[{"taxonomy":"product_brand","embeddable":true,"href":"https:\/\/www.holy-supps.nl\/de\/wp-json\/wp\/v2\/product_brand?post=1351"},{"taxonomy":"product_cat","embeddable":true,"href":"https:\/\/www.holy-supps.nl\/de\/wp-json\/wp\/v2\/product_cat?post=1351"},{"taxonomy":"product_tag","embeddable":true,"href":"https:\/\/www.holy-supps.nl\/de\/wp-json\/wp\/v2\/product_tag?post=1351"}],"curies":[{"name":"wp","href":"https:\/\/api.w.org\/{rel}","templated":true}]}}