{"id":1328,"date":"2023-09-27T10:18:04","date_gmt":"2023-09-27T08:18:04","guid":{"rendered":"https:\/\/www.holy-supps.nl\/?post_type=product&#038;p=1328"},"modified":"2025-12-23T13:55:34","modified_gmt":"2025-12-23T12:55:34","slug":"herbst-wellness-paket","status":"publish","type":"product","link":"https:\/\/www.holy-supps.nl\/de\/product\/health-bundle\/","title":{"rendered":"Gesundheitsb\u00fcndel"},"content":{"rendered":"<h2>Das Herbst-Wellness-Paket von EHPlabs<\/h2>\n<p>Sind Sie bereit, die neue Saison mit neuer Energie zu beginnen? Die <strong>EHPlabs Herbst-Wellness-Paket<\/strong> wurde sorgf\u00e4ltig zusammengestellt und kombiniert zwei beliebte Produkte: <em>OxyGreens<\/em> und <em>OxyShred<\/em>. Dieses Set ist ideal f\u00fcr alle, die ihrer t\u00e4glichen Routine einen zus\u00e4tzlichen Schub geben m\u00f6chten.<\/p>\n<h3>OxyGreens \u2013 Eine Mischung aus gr\u00fcnen Zutaten<\/h3>\n<p><em>OxyGreens<\/em> Enth\u00e4lt eine Mischung aus Gem\u00fcse- und Fruchtpulvern, erg\u00e4nzt durch Antioxidantien, Vitamine und Mineralien. Eine praktische M\u00f6glichkeit, Ihre t\u00e4gliche Ern\u00e4hrung abwechslungsreicher zu gestalten. Einfach mit Wasser oder in einem Smoothie zu mischen \u2013 f\u00fcr einen frischen Start in den Tag.<\/p>\n<h3>OxyShred \u2013 Beliebte Wahl vor dem Training<\/h3>\n<p><em>OxyShred<\/em> ist eines der bekanntesten Produkte von EHPlabs. Diese Formel kombiniert verschiedene Inhaltsstoffe, darunter Koffein und L-Carnitin, und ist in verschiedenen Geschmacksrichtungen erh\u00e4ltlich. OxyShred wird h\u00e4ufig vor dem Training oder als erfrischendes Getr\u00e4nk zu jeder Tageszeit konsumiert.<\/p>\n<p><strong>Das Fall Wellness-Paket<\/strong> ist eine praktische Kombination, um diese Saison energiegeladen und abwechslungsreich zu \u00fcberstehen.<\/p>","protected":false},"excerpt":{"rendered":"<p>Beleben Sie Ihre Herbstfitness mit dem Herbst-Wellness-Paket von EHPlabs - steigern Sie Ihre Energie, verbrennen Sie Fett und bleiben Sie stylish!<\/p>","protected":false},"featured_media":4577,"comment_status":"closed","ping_status":"closed","template":"","meta":[],"product_brand":[],"product_cat":[89,214,77,72,87,69,74,79,70,92],"product_tag":[],"class_list":{"0":"post-1328","1":"product","2":"type-product","3":"status-publish","4":"has-post-thumbnail","6":"product_cat-afvallen","7":"product_cat-black-friday-deals-ehp","8":"product_cat-bundles-save","9":"product_cat-ehplabs","10":"product_cat-energie-focus","11":"product_cat-fatburners","12":"product_cat-health-wellness","13":"product_cat-maaltijdvervangers","14":"product_cat-raws","15":"product_cat-vitamine-mineralen","17":"first","18":"instock","19":"sale","20":"taxable","21":"shipping-taxable","22":"purchasable","23":"product-type-yith_bundle"},"yoast_head":"<!-- This site is optimized with the Yoast SEO plugin v27.4 - https:\/\/yoast.com\/product\/yoast-seo-wordpress\/ -->\n<title>Health Bundle - Holy-Supps.nl<\/title>\n<meta name=\"description\" content=\"Boost je welzijn deze herfst met de EHPlabs Health Bundle: OxyGreens en OxyShred voor energie, vetverbranding en dagelijkse vitaliteit!\" \/>\n<meta name=\"robots\" content=\"index, follow, max-snippet:-1, max-image-preview:large, max-video-preview:-1\" \/>\n<link rel=\"canonical\" href=\"https:\/\/www.holy-supps.nl\/de\/produkt\/herbst-wellness-paket\/\" \/>\n<meta property=\"og:locale\" content=\"de_DE\" \/>\n<meta property=\"og:type\" content=\"article\" \/>\n<meta property=\"og:title\" content=\"Health Bundle - Holy-Supps.nl\" \/>\n<meta property=\"og:description\" content=\"Boost je welzijn deze herfst met de EHPlabs Health Bundle: OxyGreens en OxyShred voor energie, vetverbranding en dagelijkse vitaliteit!\" \/>\n<meta property=\"og:url\" content=\"https:\/\/www.holy-supps.nl\/de\/produkt\/herbst-wellness-paket\/\" \/>\n<meta property=\"og:site_name\" content=\"Holy-Supps.nl\" \/>\n<meta property=\"article:publisher\" content=\"https:\/\/www.facebook.com\/holy.supps\" \/>\n<meta property=\"article:modified_time\" content=\"2025-12-23T12:55:34+00:00\" \/>\n<meta property=\"og:image\" content=\"https:\/\/www.holy-supps.nl\/wp-content\/uploads\/2025\/11\/oxygreen-shred-bundle.png\" \/>\n\t<meta property=\"og:image:width\" content=\"990\" \/>\n\t<meta property=\"og:image:height\" content=\"990\" \/>\n\t<meta property=\"og:image:type\" content=\"image\/png\" \/>\n<meta name=\"twitter:card\" content=\"summary_large_image\" \/>\n<meta name=\"twitter:label1\" content=\"Gesch\u00e4tzte Lesezeit\" \/>\n\t<meta name=\"twitter:data1\" content=\"1\u00a0Minute\" \/>\n<script type=\"application\/ld+json\" class=\"yoast-schema-graph\">{\"@context\":\"https:\\\/\\\/schema.org\",\"@graph\":[{\"@type\":\"WebPage\",\"@id\":\"https:\\\/\\\/www.holy-supps.nl\\\/product\\\/health-bundle\\\/\",\"url\":\"https:\\\/\\\/www.holy-supps.nl\\\/product\\\/health-bundle\\\/\",\"name\":\"Health Bundle - Holy-Supps.nl\",\"isPartOf\":{\"@id\":\"https:\\\/\\\/www.holy-supps.nl\\\/#website\"},\"primaryImageOfPage\":{\"@id\":\"https:\\\/\\\/www.holy-supps.nl\\\/product\\\/health-bundle\\\/#primaryimage\"},\"image\":{\"@id\":\"https:\\\/\\\/www.holy-supps.nl\\\/product\\\/health-bundle\\\/#primaryimage\"},\"thumbnailUrl\":\"https:\\\/\\\/www.holy-supps.nl\\\/wp-content\\\/uploads\\\/2025\\\/11\\\/oxygreen-shred-bundle.png\",\"datePublished\":\"2023-09-27T08:18:04+00:00\",\"dateModified\":\"2025-12-23T12:55:34+00:00\",\"description\":\"Boost je welzijn deze herfst met de EHPlabs Health Bundle: OxyGreens en OxyShred voor energie, vetverbranding en dagelijkse vitaliteit!\",\"breadcrumb\":{\"@id\":\"https:\\\/\\\/www.holy-supps.nl\\\/product\\\/health-bundle\\\/#breadcrumb\"},\"inLanguage\":\"de\",\"potentialAction\":[{\"@type\":\"ReadAction\",\"target\":[\"https:\\\/\\\/www.holy-supps.nl\\\/product\\\/health-bundle\\\/\"]}]},{\"@type\":\"ImageObject\",\"inLanguage\":\"de\",\"@id\":\"https:\\\/\\\/www.holy-supps.nl\\\/product\\\/health-bundle\\\/#primaryimage\",\"url\":\"https:\\\/\\\/www.holy-supps.nl\\\/wp-content\\\/uploads\\\/2025\\\/11\\\/oxygreen-shred-bundle.png\",\"contentUrl\":\"https:\\\/\\\/www.holy-supps.nl\\\/wp-content\\\/uploads\\\/2025\\\/11\\\/oxygreen-shred-bundle.png\",\"width\":990,\"height\":990},{\"@type\":\"BreadcrumbList\",\"@id\":\"https:\\\/\\\/www.holy-supps.nl\\\/product\\\/health-bundle\\\/#breadcrumb\",\"itemListElement\":[{\"@type\":\"ListItem\",\"position\":1,\"name\":\"Home\",\"item\":\"https:\\\/\\\/www.holy-supps.nl\\\/\"},{\"@type\":\"ListItem\",\"position\":2,\"name\":\"Winkel\",\"item\":\"https:\\\/\\\/www.holy-supps.nl\\\/winkel\\\/\"},{\"@type\":\"ListItem\",\"position\":3,\"name\":\"Health Bundle\"}]},{\"@type\":\"WebSite\",\"@id\":\"https:\\\/\\\/www.holy-supps.nl\\\/#website\",\"url\":\"https:\\\/\\\/www.holy-supps.nl\\\/\",\"name\":\"Holy-Supps.nl\",\"description\":\"Official EHPLabs Reseller!\",\"publisher\":{\"@id\":\"https:\\\/\\\/www.holy-supps.nl\\\/#organization\"},\"potentialAction\":[{\"@type\":\"SearchAction\",\"target\":{\"@type\":\"EntryPoint\",\"urlTemplate\":\"https:\\\/\\\/www.holy-supps.nl\\\/?s={search_term_string}\"},\"query-input\":{\"@type\":\"PropertyValueSpecification\",\"valueRequired\":true,\"valueName\":\"search_term_string\"}}],\"inLanguage\":\"de\"},{\"@type\":\"Organization\",\"@id\":\"https:\\\/\\\/www.holy-supps.nl\\\/#organization\",\"name\":\"Holy Supps\",\"url\":\"https:\\\/\\\/www.holy-supps.nl\\\/\",\"logo\":{\"@type\":\"ImageObject\",\"inLanguage\":\"de\",\"@id\":\"https:\\\/\\\/www.holy-supps.nl\\\/#\\\/schema\\\/logo\\\/image\\\/\",\"url\":\"https:\\\/\\\/www.holy-supps.nl\\\/wp-content\\\/uploads\\\/2023\\\/06\\\/HOLY-SUPPS.png\",\"contentUrl\":\"https:\\\/\\\/www.holy-supps.nl\\\/wp-content\\\/uploads\\\/2023\\\/06\\\/HOLY-SUPPS.png\",\"width\":1000,\"height\":400,\"caption\":\"Holy Supps\"},\"image\":{\"@id\":\"https:\\\/\\\/www.holy-supps.nl\\\/#\\\/schema\\\/logo\\\/image\\\/\"},\"sameAs\":[\"https:\\\/\\\/www.facebook.com\\\/holy.supps\",\"https:\\\/\\\/www.instagram.com\\\/holy.supps.shop\\\/\"]}]}<\/script>\n<!-- \/ Yoast SEO plugin. -->","yoast_head_json":{"title":"Gesundheitsb\u00fcndel - Holy-Supps.de","description":"Steigern Sie Ihr Wohlbefinden in diesem Herbst mit dem EHPlabs Health Bundle: OxyGreens und OxyShred f\u00fcr Energie, Fettverbrennung und t\u00e4gliche Vitalit\u00e4t!","robots":{"index":"index","follow":"follow","max-snippet":"max-snippet:-1","max-image-preview":"max-image-preview:large","max-video-preview":"max-video-preview:-1"},"canonical":"https:\/\/www.holy-supps.nl\/de\/produkt\/herbst-wellness-paket\/","og_locale":"de_DE","og_type":"article","og_title":"Health Bundle - Holy-Supps.nl","og_description":"Boost je welzijn deze herfst met de EHPlabs Health Bundle: OxyGreens en OxyShred voor energie, vetverbranding en dagelijkse vitaliteit!","og_url":"https:\/\/www.holy-supps.nl\/de\/produkt\/herbst-wellness-paket\/","og_site_name":"Holy-Supps.nl","article_publisher":"https:\/\/www.facebook.com\/holy.supps","article_modified_time":"2025-12-23T12:55:34+00:00","og_image":[{"width":990,"height":990,"url":"https:\/\/www.holy-supps.nl\/wp-content\/uploads\/2025\/11\/oxygreen-shred-bundle.png","type":"image\/png"}],"twitter_card":"summary_large_image","twitter_misc":{"Gesch\u00e4tzte Lesezeit":"1\u00a0Minute"},"schema":{"@context":"https:\/\/schema.org","@graph":[{"@type":"WebPage","@id":"https:\/\/www.holy-supps.nl\/product\/health-bundle\/","url":"https:\/\/www.holy-supps.nl\/product\/health-bundle\/","name":"Gesundheitsb\u00fcndel - Holy-Supps.de","isPartOf":{"@id":"https:\/\/www.holy-supps.nl\/#website"},"primaryImageOfPage":{"@id":"https:\/\/www.holy-supps.nl\/product\/health-bundle\/#primaryimage"},"image":{"@id":"https:\/\/www.holy-supps.nl\/product\/health-bundle\/#primaryimage"},"thumbnailUrl":"https:\/\/www.holy-supps.nl\/wp-content\/uploads\/2025\/11\/oxygreen-shred-bundle.png","datePublished":"2023-09-27T08:18:04+00:00","dateModified":"2025-12-23T12:55:34+00:00","description":"Steigern Sie Ihr Wohlbefinden in diesem Herbst mit dem EHPlabs Health Bundle: OxyGreens und OxyShred f\u00fcr Energie, Fettverbrennung und t\u00e4gliche Vitalit\u00e4t!","breadcrumb":{"@id":"https:\/\/www.holy-supps.nl\/product\/health-bundle\/#breadcrumb"},"inLanguage":"de","potentialAction":[{"@type":"ReadAction","target":["https:\/\/www.holy-supps.nl\/product\/health-bundle\/"]}]},{"@type":"ImageObject","inLanguage":"de","@id":"https:\/\/www.holy-supps.nl\/product\/health-bundle\/#primaryimage","url":"https:\/\/www.holy-supps.nl\/wp-content\/uploads\/2025\/11\/oxygreen-shred-bundle.png","contentUrl":"https:\/\/www.holy-supps.nl\/wp-content\/uploads\/2025\/11\/oxygreen-shred-bundle.png","width":990,"height":990},{"@type":"BreadcrumbList","@id":"https:\/\/www.holy-supps.nl\/product\/health-bundle\/#breadcrumb","itemListElement":[{"@type":"ListItem","position":1,"name":"Home","item":"https:\/\/www.holy-supps.nl\/"},{"@type":"ListItem","position":2,"name":"Winkel","item":"https:\/\/www.holy-supps.nl\/winkel\/"},{"@type":"ListItem","position":3,"name":"Health Bundle"}]},{"@type":"WebSite","@id":"https:\/\/www.holy-supps.nl\/#website","url":"https:\/\/www.holy-supps.nl\/","name":"Holy-Supps.co.uk","description":"Offizieller EHPLabs-H\u00e4ndler!","publisher":{"@id":"https:\/\/www.holy-supps.nl\/#organization"},"potentialAction":[{"@type":"SearchAction","target":{"@type":"EntryPoint","urlTemplate":"https:\/\/www.holy-supps.nl\/?s={search_term_string}"},"query-input":{"@type":"PropertyValueSpecification","valueRequired":true,"valueName":"search_term_string"}}],"inLanguage":"de"},{"@type":"Organization","@id":"https:\/\/www.holy-supps.nl\/#organization","name":"Heiliges Abendmahl","url":"https:\/\/www.holy-supps.nl\/","logo":{"@type":"ImageObject","inLanguage":"de","@id":"https:\/\/www.holy-supps.nl\/#\/schema\/logo\/image\/","url":"https:\/\/www.holy-supps.nl\/wp-content\/uploads\/2023\/06\/HOLY-SUPPS.png","contentUrl":"https:\/\/www.holy-supps.nl\/wp-content\/uploads\/2023\/06\/HOLY-SUPPS.png","width":1000,"height":400,"caption":"Holy Supps"},"image":{"@id":"https:\/\/www.holy-supps.nl\/#\/schema\/logo\/image\/"},"sameAs":["https:\/\/www.facebook.com\/holy.supps","https:\/\/www.instagram.com\/holy.supps.shop\/"]}]}},"jetpack_sharing_enabled":true,"_links":{"self":[{"href":"https:\/\/www.holy-supps.nl\/de\/wp-json\/wp\/v2\/product\/1328","targetHints":{"allow":["GET"]}}],"collection":[{"href":"https:\/\/www.holy-supps.nl\/de\/wp-json\/wp\/v2\/product"}],"about":[{"href":"https:\/\/www.holy-supps.nl\/de\/wp-json\/wp\/v2\/types\/product"}],"replies":[{"embeddable":true,"href":"https:\/\/www.holy-supps.nl\/de\/wp-json\/wp\/v2\/comments?post=1328"}],"wp:featuredmedia":[{"embeddable":true,"href":"https:\/\/www.holy-supps.nl\/de\/wp-json\/wp\/v2\/media\/4577"}],"wp:attachment":[{"href":"https:\/\/www.holy-supps.nl\/de\/wp-json\/wp\/v2\/media?parent=1328"}],"wp:term":[{"taxonomy":"product_brand","embeddable":true,"href":"https:\/\/www.holy-supps.nl\/de\/wp-json\/wp\/v2\/product_brand?post=1328"},{"taxonomy":"product_cat","embeddable":true,"href":"https:\/\/www.holy-supps.nl\/de\/wp-json\/wp\/v2\/product_cat?post=1328"},{"taxonomy":"product_tag","embeddable":true,"href":"https:\/\/www.holy-supps.nl\/de\/wp-json\/wp\/v2\/product_tag?post=1328"}],"curies":[{"name":"wp","href":"https:\/\/api.w.org\/{rel}","templated":true}]}}