{"id":125,"date":"2023-02-18T12:18:19","date_gmt":"2023-02-18T11:18:19","guid":{"rendered":"https:\/\/www.holy-supps.nl\/?post_type=product&#038;p=125"},"modified":"2026-03-27T23:43:10","modified_gmt":"2026-03-27T22:43:10","slug":"glutamin-erholung-aminosauren-ehplabs","status":"publish","type":"product","link":"https:\/\/www.holy-supps.nl\/de\/product\/glutamine-recovery-amino-acids-ehplabs\/","title":{"rendered":"Glutamin | Erholung Aminos\u00e4uren - EHPLabs"},"content":{"rendered":"<h2>Beschreibung<\/h2>\n<p>EHPlabs Glutamine Recovery Amino Acids ist eine Aminos\u00e4urenerg\u00e4nzung in Pulverform, die aus 100% reinem L-Glutamin besteht.<br \/>\nDieses Produkt ist geschmacksneutral, gut l\u00f6slich und kann leicht zu Wasser, Saft oder Shakes hinzugef\u00fcgt werden.<br \/>\nEs ist f\u00fcr Erwachsene geeignet, die ihre t\u00e4gliche Ern\u00e4hrung mit Glutamin erg\u00e4nzen m\u00f6chten.<\/p>\n<h2>Vorteile<\/h2>\n<ul>\n<li>Enth\u00e4lt 100% reines L-Glutamin<\/li>\n<li>Geschmacklos und leicht zu mischen<\/li>\n<li>Pulverform f\u00fcr flexible Dosierung<\/li>\n<li>Geeignet f\u00fcr den t\u00e4glichen Gebrauch<\/li>\n<li>Kann mit anderen Erg\u00e4nzungsmitteln kombiniert werden<\/li>\n<\/ul>\n<h2>Gebrauchsanweisung<\/h2>\n<p>Mischen Sie einen Messl\u00f6ffel Glutamine Recovery Amino Acids mit 200-250 ml Wasser oder einem Getr\u00e4nk Ihrer Wahl.<br \/>\nKann zu jeder Tageszeit verwendet werden, z. B. nach dem Training oder vor dem Schlafengehen.<br \/>\n\u00dcberschreiten Sie nicht die empfohlene Tagesdosis.<br \/>\nNahrungserg\u00e4nzungsmittel sind kein Ersatz f\u00fcr eine abwechslungsreiche Ern\u00e4hrung und eine gesunde Lebensweise.<\/p>","protected":false},"excerpt":{"rendered":"<p>EHPlabs Glutamine Recovery Amino Acids ist ein Nahrungserg\u00e4nzungsmittel in Pulverform, das reines L-Glutamin enth\u00e4lt. Das Produkt ist f\u00fcr Sportler gedacht, die ihre Aminos\u00e4urezufuhr erg\u00e4nzen wollen. Einfach mit Wasser oder einem anderen Getr\u00e4nk zu mischen und f\u00fcr den t\u00e4glichen Gebrauch geeignet.<\/p>","protected":false},"featured_media":126,"comment_status":"open","ping_status":"closed","template":"","meta":[],"product_brand":[],"product_cat":[72,70],"product_tag":[],"class_list":{"0":"post-125","1":"product","2":"type-product","3":"status-publish","4":"has-post-thumbnail","6":"product_cat-ehplabs","7":"product_cat-raws","9":"first","10":"instock","11":"taxable","12":"shipping-taxable","13":"purchasable","14":"product-type-simple"},"yoast_head":"<!-- This site is optimized with the Yoast SEO plugin v27.5 - https:\/\/yoast.com\/product\/yoast-seo-wordpress\/ -->\n<title>Glutamine | Recovery Amino Acids - EHPLabs - Holy-Supps.nl<\/title>\n<meta name=\"description\" content=\"Verbeter spierherstel en darmgezondheid met EHPLabs Glutamine. Verhoog vetvrije massa en verminder spierpijn voor optimale prestaties!\" \/>\n<meta name=\"robots\" content=\"index, follow, max-snippet:-1, max-image-preview:large, max-video-preview:-1\" \/>\n<link rel=\"canonical\" href=\"https:\/\/www.holy-supps.nl\/de\/produkt\/glutamin-erholung-aminosauren-ehplabs\/\" \/>\n<meta property=\"og:locale\" content=\"de_DE\" \/>\n<meta property=\"og:type\" content=\"article\" \/>\n<meta property=\"og:title\" content=\"Glutamine | Recovery Amino Acids - EHPLabs - Holy-Supps.nl\" \/>\n<meta property=\"og:description\" content=\"Verbeter spierherstel en darmgezondheid met EHPLabs Glutamine. Verhoog vetvrije massa en verminder spierpijn voor optimale prestaties!\" \/>\n<meta property=\"og:url\" content=\"https:\/\/www.holy-supps.nl\/de\/produkt\/glutamin-erholung-aminosauren-ehplabs\/\" \/>\n<meta property=\"og:site_name\" content=\"Holy-Supps.nl\" \/>\n<meta property=\"article:publisher\" content=\"https:\/\/www.facebook.com\/holy.supps\" \/>\n<meta property=\"article:modified_time\" content=\"2026-03-27T22:43:10+00:00\" \/>\n<meta property=\"og:image\" content=\"https:\/\/www.holy-supps.nl\/wp-content\/uploads\/2023\/02\/USWEBSITEIMAGESNEWRAWS2_1000x.webp\" \/>\n\t<meta property=\"og:image:width\" content=\"1000\" \/>\n\t<meta property=\"og:image:height\" content=\"1000\" \/>\n\t<meta property=\"og:image:type\" content=\"image\/webp\" \/>\n<meta name=\"twitter:card\" content=\"summary_large_image\" \/>\n<meta name=\"twitter:label1\" content=\"Gesch\u00e4tzte Lesezeit\" \/>\n\t<meta name=\"twitter:data1\" content=\"2\u00a0Minuten\" \/>\n<script type=\"application\/ld+json\" class=\"yoast-schema-graph\">{\"@context\":\"https:\\\/\\\/schema.org\",\"@graph\":[{\"@type\":\"WebPage\",\"@id\":\"https:\\\/\\\/www.holy-supps.nl\\\/product\\\/glutamine-recovery-amino-acids-ehplabs\\\/\",\"url\":\"https:\\\/\\\/www.holy-supps.nl\\\/product\\\/glutamine-recovery-amino-acids-ehplabs\\\/\",\"name\":\"Glutamine | Recovery Amino Acids - EHPLabs - Holy-Supps.nl\",\"isPartOf\":{\"@id\":\"https:\\\/\\\/www.holy-supps.nl\\\/#website\"},\"primaryImageOfPage\":{\"@id\":\"https:\\\/\\\/www.holy-supps.nl\\\/product\\\/glutamine-recovery-amino-acids-ehplabs\\\/#primaryimage\"},\"image\":{\"@id\":\"https:\\\/\\\/www.holy-supps.nl\\\/product\\\/glutamine-recovery-amino-acids-ehplabs\\\/#primaryimage\"},\"thumbnailUrl\":\"https:\\\/\\\/www.holy-supps.nl\\\/wp-content\\\/uploads\\\/2023\\\/02\\\/USWEBSITEIMAGESNEWRAWS2_1000x.webp\",\"datePublished\":\"2023-02-18T11:18:19+00:00\",\"dateModified\":\"2026-03-27T22:43:10+00:00\",\"description\":\"Verbeter spierherstel en darmgezondheid met EHPLabs Glutamine. Verhoog vetvrije massa en verminder spierpijn voor optimale prestaties!\",\"breadcrumb\":{\"@id\":\"https:\\\/\\\/www.holy-supps.nl\\\/product\\\/glutamine-recovery-amino-acids-ehplabs\\\/#breadcrumb\"},\"inLanguage\":\"de\",\"potentialAction\":[{\"@type\":\"ReadAction\",\"target\":[\"https:\\\/\\\/www.holy-supps.nl\\\/product\\\/glutamine-recovery-amino-acids-ehplabs\\\/\"]}]},{\"@type\":\"ImageObject\",\"inLanguage\":\"de\",\"@id\":\"https:\\\/\\\/www.holy-supps.nl\\\/product\\\/glutamine-recovery-amino-acids-ehplabs\\\/#primaryimage\",\"url\":\"https:\\\/\\\/www.holy-supps.nl\\\/wp-content\\\/uploads\\\/2023\\\/02\\\/USWEBSITEIMAGESNEWRAWS2_1000x.webp\",\"contentUrl\":\"https:\\\/\\\/www.holy-supps.nl\\\/wp-content\\\/uploads\\\/2023\\\/02\\\/USWEBSITEIMAGESNEWRAWS2_1000x.webp\",\"width\":1000,\"height\":1000},{\"@type\":\"BreadcrumbList\",\"@id\":\"https:\\\/\\\/www.holy-supps.nl\\\/product\\\/glutamine-recovery-amino-acids-ehplabs\\\/#breadcrumb\",\"itemListElement\":[{\"@type\":\"ListItem\",\"position\":1,\"name\":\"Home\",\"item\":\"https:\\\/\\\/www.holy-supps.nl\\\/\"},{\"@type\":\"ListItem\",\"position\":2,\"name\":\"Winkel\",\"item\":\"https:\\\/\\\/www.holy-supps.nl\\\/winkel\\\/\"},{\"@type\":\"ListItem\",\"position\":3,\"name\":\"Glutamine | Recovery Amino Acids &#8211; EHPLabs\"}]},{\"@type\":\"WebSite\",\"@id\":\"https:\\\/\\\/www.holy-supps.nl\\\/#website\",\"url\":\"https:\\\/\\\/www.holy-supps.nl\\\/\",\"name\":\"Holy-Supps.nl\",\"description\":\"Official EHPLabs Reseller!\",\"publisher\":{\"@id\":\"https:\\\/\\\/www.holy-supps.nl\\\/#organization\"},\"potentialAction\":[{\"@type\":\"SearchAction\",\"target\":{\"@type\":\"EntryPoint\",\"urlTemplate\":\"https:\\\/\\\/www.holy-supps.nl\\\/?s={search_term_string}\"},\"query-input\":{\"@type\":\"PropertyValueSpecification\",\"valueRequired\":true,\"valueName\":\"search_term_string\"}}],\"inLanguage\":\"de\"},{\"@type\":\"Organization\",\"@id\":\"https:\\\/\\\/www.holy-supps.nl\\\/#organization\",\"name\":\"Holy Supps\",\"url\":\"https:\\\/\\\/www.holy-supps.nl\\\/\",\"logo\":{\"@type\":\"ImageObject\",\"inLanguage\":\"de\",\"@id\":\"https:\\\/\\\/www.holy-supps.nl\\\/#\\\/schema\\\/logo\\\/image\\\/\",\"url\":\"https:\\\/\\\/www.holy-supps.nl\\\/wp-content\\\/uploads\\\/2023\\\/06\\\/HOLY-SUPPS.png\",\"contentUrl\":\"https:\\\/\\\/www.holy-supps.nl\\\/wp-content\\\/uploads\\\/2023\\\/06\\\/HOLY-SUPPS.png\",\"width\":1000,\"height\":400,\"caption\":\"Holy Supps\"},\"image\":{\"@id\":\"https:\\\/\\\/www.holy-supps.nl\\\/#\\\/schema\\\/logo\\\/image\\\/\"},\"sameAs\":[\"https:\\\/\\\/www.facebook.com\\\/holy.supps\",\"https:\\\/\\\/www.instagram.com\\\/holy.supps.shop\\\/\"]}]}<\/script>\n<!-- \/ Yoast SEO plugin. -->","yoast_head_json":{"title":"Glutamin | Wiederherstellung Aminos\u00e4uren - EHPLabs - Holy-Supps.co.uk","description":"Verbessern Sie die Muskelerholung und die Darmgesundheit mit EHPLabs Glutamin. Erh\u00f6hen Sie die fettfreie Masse und reduzieren Sie Muskelkater f\u00fcr optimale Leistung!","robots":{"index":"index","follow":"follow","max-snippet":"max-snippet:-1","max-image-preview":"max-image-preview:large","max-video-preview":"max-video-preview:-1"},"canonical":"https:\/\/www.holy-supps.nl\/de\/produkt\/glutamin-erholung-aminosauren-ehplabs\/","og_locale":"de_DE","og_type":"article","og_title":"Glutamine | Recovery Amino Acids - EHPLabs - Holy-Supps.nl","og_description":"Verbeter spierherstel en darmgezondheid met EHPLabs Glutamine. Verhoog vetvrije massa en verminder spierpijn voor optimale prestaties!","og_url":"https:\/\/www.holy-supps.nl\/de\/produkt\/glutamin-erholung-aminosauren-ehplabs\/","og_site_name":"Holy-Supps.nl","article_publisher":"https:\/\/www.facebook.com\/holy.supps","article_modified_time":"2026-03-27T22:43:10+00:00","og_image":[{"width":1000,"height":1000,"url":"https:\/\/www.holy-supps.nl\/wp-content\/uploads\/2023\/02\/USWEBSITEIMAGESNEWRAWS2_1000x.webp","type":"image\/webp"}],"twitter_card":"summary_large_image","twitter_misc":{"Gesch\u00e4tzte Lesezeit":"2\u00a0Minuten"},"schema":{"@context":"https:\/\/schema.org","@graph":[{"@type":"WebPage","@id":"https:\/\/www.holy-supps.nl\/product\/glutamine-recovery-amino-acids-ehplabs\/","url":"https:\/\/www.holy-supps.nl\/product\/glutamine-recovery-amino-acids-ehplabs\/","name":"Glutamin | Wiederherstellung Aminos\u00e4uren - EHPLabs - Holy-Supps.co.uk","isPartOf":{"@id":"https:\/\/www.holy-supps.nl\/#website"},"primaryImageOfPage":{"@id":"https:\/\/www.holy-supps.nl\/product\/glutamine-recovery-amino-acids-ehplabs\/#primaryimage"},"image":{"@id":"https:\/\/www.holy-supps.nl\/product\/glutamine-recovery-amino-acids-ehplabs\/#primaryimage"},"thumbnailUrl":"https:\/\/www.holy-supps.nl\/wp-content\/uploads\/2023\/02\/USWEBSITEIMAGESNEWRAWS2_1000x.webp","datePublished":"2023-02-18T11:18:19+00:00","dateModified":"2026-03-27T22:43:10+00:00","description":"Verbessern Sie die Muskelerholung und die Darmgesundheit mit EHPLabs Glutamin. Erh\u00f6hen Sie die fettfreie Masse und reduzieren Sie Muskelkater f\u00fcr optimale Leistung!","breadcrumb":{"@id":"https:\/\/www.holy-supps.nl\/product\/glutamine-recovery-amino-acids-ehplabs\/#breadcrumb"},"inLanguage":"de","potentialAction":[{"@type":"ReadAction","target":["https:\/\/www.holy-supps.nl\/product\/glutamine-recovery-amino-acids-ehplabs\/"]}]},{"@type":"ImageObject","inLanguage":"de","@id":"https:\/\/www.holy-supps.nl\/product\/glutamine-recovery-amino-acids-ehplabs\/#primaryimage","url":"https:\/\/www.holy-supps.nl\/wp-content\/uploads\/2023\/02\/USWEBSITEIMAGESNEWRAWS2_1000x.webp","contentUrl":"https:\/\/www.holy-supps.nl\/wp-content\/uploads\/2023\/02\/USWEBSITEIMAGESNEWRAWS2_1000x.webp","width":1000,"height":1000},{"@type":"BreadcrumbList","@id":"https:\/\/www.holy-supps.nl\/product\/glutamine-recovery-amino-acids-ehplabs\/#breadcrumb","itemListElement":[{"@type":"ListItem","position":1,"name":"Home","item":"https:\/\/www.holy-supps.nl\/"},{"@type":"ListItem","position":2,"name":"Winkel","item":"https:\/\/www.holy-supps.nl\/winkel\/"},{"@type":"ListItem","position":3,"name":"Glutamine | Recovery Amino Acids &#8211; EHPLabs"}]},{"@type":"WebSite","@id":"https:\/\/www.holy-supps.nl\/#website","url":"https:\/\/www.holy-supps.nl\/","name":"Holy-Supps.co.uk","description":"Offizieller EHPLabs-H\u00e4ndler!","publisher":{"@id":"https:\/\/www.holy-supps.nl\/#organization"},"potentialAction":[{"@type":"SearchAction","target":{"@type":"EntryPoint","urlTemplate":"https:\/\/www.holy-supps.nl\/?s={search_term_string}"},"query-input":{"@type":"PropertyValueSpecification","valueRequired":true,"valueName":"search_term_string"}}],"inLanguage":"de"},{"@type":"Organization","@id":"https:\/\/www.holy-supps.nl\/#organization","name":"Heiliges Abendmahl","url":"https:\/\/www.holy-supps.nl\/","logo":{"@type":"ImageObject","inLanguage":"de","@id":"https:\/\/www.holy-supps.nl\/#\/schema\/logo\/image\/","url":"https:\/\/www.holy-supps.nl\/wp-content\/uploads\/2023\/06\/HOLY-SUPPS.png","contentUrl":"https:\/\/www.holy-supps.nl\/wp-content\/uploads\/2023\/06\/HOLY-SUPPS.png","width":1000,"height":400,"caption":"Holy Supps"},"image":{"@id":"https:\/\/www.holy-supps.nl\/#\/schema\/logo\/image\/"},"sameAs":["https:\/\/www.facebook.com\/holy.supps","https:\/\/www.instagram.com\/holy.supps.shop\/"]}]}},"jetpack_sharing_enabled":true,"_links":{"self":[{"href":"https:\/\/www.holy-supps.nl\/de\/wp-json\/wp\/v2\/product\/125","targetHints":{"allow":["GET"]}}],"collection":[{"href":"https:\/\/www.holy-supps.nl\/de\/wp-json\/wp\/v2\/product"}],"about":[{"href":"https:\/\/www.holy-supps.nl\/de\/wp-json\/wp\/v2\/types\/product"}],"replies":[{"embeddable":true,"href":"https:\/\/www.holy-supps.nl\/de\/wp-json\/wp\/v2\/comments?post=125"}],"wp:featuredmedia":[{"embeddable":true,"href":"https:\/\/www.holy-supps.nl\/de\/wp-json\/wp\/v2\/media\/126"}],"wp:attachment":[{"href":"https:\/\/www.holy-supps.nl\/de\/wp-json\/wp\/v2\/media?parent=125"}],"wp:term":[{"taxonomy":"product_brand","embeddable":true,"href":"https:\/\/www.holy-supps.nl\/de\/wp-json\/wp\/v2\/product_brand?post=125"},{"taxonomy":"product_cat","embeddable":true,"href":"https:\/\/www.holy-supps.nl\/de\/wp-json\/wp\/v2\/product_cat?post=125"},{"taxonomy":"product_tag","embeddable":true,"href":"https:\/\/www.holy-supps.nl\/de\/wp-json\/wp\/v2\/product_tag?post=125"}],"curies":[{"name":"wp","href":"https:\/\/api.w.org\/{rel}","templated":true}]}}