{"id":1088,"date":"2023-07-23T22:08:27","date_gmt":"2023-07-23T20:08:27","guid":{"rendered":"https:\/\/www.holy-supps.nl\/?post_type=product&#038;p=1088"},"modified":"2026-04-24T09:23:12","modified_gmt":"2026-04-24T07:23:12","slug":"amino-dekanat-370g-musclemeds","status":"publish","type":"product","link":"https:\/\/www.holy-supps.nl\/de\/product\/amino-decanate-370g-musclemeds\/","title":{"rendered":"Amino-Dekanat (370gr) - Musclemeds"},"content":{"rendered":"<h2>Beschreibung<\/h2>\n<p>Amino Decanate von MuscleMeds ist eine Aminos\u00e4urenerg\u00e4nzung, die eine breite Mischung aus essentiellen und nicht-essentiellen Aminos\u00e4uren liefert. Diese Formel enth\u00e4lt eine ausgewogene Kombination aus BCAAs, essentiellen Aminos\u00e4uren und erg\u00e4nzenden Aminos\u00e4uren, erg\u00e4nzt durch das DecaDrive Delivery System.<\/p>\n<h2>Vorteile<\/h2>\n<ul>\n<li>Enth\u00e4lt eine vollst\u00e4ndige Mischung von Aminos\u00e4uren, einschlie\u00dflich BCAAs.<\/li>\n<li>Geeignet zur Erg\u00e4nzung eines Sport- und Ern\u00e4hrungsplans.<\/li>\n<li>Unterst\u00fctzt die t\u00e4gliche Proteinzufuhr durch Lebensmittel und Nahrungserg\u00e4nzungsmittel.<\/li>\n<li>Pulverform f\u00fcr einfache Dosierung und Anwendung.<\/li>\n<\/ul>\n<h2>Gebrauchsanweisung<\/h2>\n<p>L\u00f6sen Sie einen Messl\u00f6ffel (ca. 13 g) in 300 ml Wasser auf und nehmen Sie eine Portion pro Tag ein, vorzugsweise w\u00e4hrend des Trainings. \u00dcberschreiten Sie nicht die empfohlene Tagesdosis. Dieses Produkt ist als Erg\u00e4nzung zu einer abwechslungsreichen, ausgewogenen Ern\u00e4hrung und einer gesunden Lebensweise gedacht.<\/p>","protected":false},"excerpt":{"rendered":"<p>Amino Decanate von MuscleMeds ist eine komplette Aminos\u00e4urenerg\u00e4nzung mit einer Mischung aus BCAAs und anderen Aminos\u00e4uren. Entwickelt f\u00fcr Sportler, die ihre Proteinzufuhr erg\u00e4nzen wollen. Einfach zu verwenden dank seiner l\u00f6slichen Pulverform.<\/p>","protected":false},"featured_media":1096,"comment_status":"open","ping_status":"closed","template":"","meta":[],"product_brand":[],"product_cat":[86,89,156,77,80,74,171,75,81,70,92],"product_tag":[],"class_list":{"0":"post-1088","1":"product","2":"type-product","3":"status-publish","4":"has-post-thumbnail","6":"product_cat-aankomen","7":"product_cat-afvallen","8":"product_cat-aminozuren","9":"product_cat-bundles-save","10":"product_cat-doel","11":"product_cat-health-wellness","12":"product_cat-musclemeds","13":"product_cat-producten","14":"product_cat-spieropbouw","15":"product_cat-raws","16":"product_cat-vitamine-mineralen","18":"first","19":"instock","20":"sale","21":"taxable","22":"shipping-taxable","23":"purchasable","24":"product-type-variable"},"yoast_head":"<!-- This site is optimized with the Yoast SEO plugin v27.5 - https:\/\/yoast.com\/product\/yoast-seo-wordpress\/ -->\n<title>Amino Decanate (370gr) - Musclemeds - Holy-Supps.nl<\/title>\n<meta name=\"description\" content=\"Amino Decanate van MuscleMeds: complete aminozuurformule met 19 essenti\u00eble aminozuren voor maximale spiergroei, prestaties en herstel.\" \/>\n<meta name=\"robots\" content=\"index, follow, max-snippet:-1, max-image-preview:large, max-video-preview:-1\" \/>\n<link rel=\"canonical\" href=\"https:\/\/www.holy-supps.nl\/de\/produkt\/amino-dekanat-370g-musclemeds\/\" \/>\n<meta property=\"og:locale\" content=\"de_DE\" \/>\n<meta property=\"og:type\" content=\"article\" \/>\n<meta property=\"og:title\" content=\"Amino Decanate (370gr) - Musclemeds - Holy-Supps.nl\" \/>\n<meta property=\"og:description\" content=\"Amino Decanate van MuscleMeds: complete aminozuurformule met 19 essenti\u00eble aminozuren voor maximale spiergroei, prestaties en herstel.\" \/>\n<meta property=\"og:url\" content=\"https:\/\/www.holy-supps.nl\/de\/produkt\/amino-dekanat-370g-musclemeds\/\" \/>\n<meta property=\"og:site_name\" content=\"Holy-Supps.nl\" \/>\n<meta property=\"article:publisher\" content=\"https:\/\/www.facebook.com\/holy.supps\" \/>\n<meta property=\"article:modified_time\" content=\"2026-04-24T07:23:12+00:00\" \/>\n<meta property=\"og:image\" content=\"https:\/\/www.holy-supps.nl\/wp-content\/uploads\/2023\/07\/AminoDecanate-WATERMELON-BOTTLE-481487_1300x.webp\" \/>\n\t<meta property=\"og:image:width\" content=\"1300\" \/>\n\t<meta property=\"og:image:height\" content=\"1300\" \/>\n\t<meta property=\"og:image:type\" content=\"image\/webp\" \/>\n<meta name=\"twitter:card\" content=\"summary_large_image\" \/>\n<meta name=\"twitter:label1\" content=\"Gesch\u00e4tzte Lesezeit\" \/>\n\t<meta name=\"twitter:data1\" content=\"1\u00a0Minute\" \/>\n<script type=\"application\/ld+json\" class=\"yoast-schema-graph\">{\"@context\":\"https:\\\/\\\/schema.org\",\"@graph\":[{\"@type\":\"WebPage\",\"@id\":\"https:\\\/\\\/www.holy-supps.nl\\\/product\\\/amino-decanate-370g-musclemeds\\\/\",\"url\":\"https:\\\/\\\/www.holy-supps.nl\\\/product\\\/amino-decanate-370g-musclemeds\\\/\",\"name\":\"Amino Decanate (370gr) - Musclemeds - Holy-Supps.nl\",\"isPartOf\":{\"@id\":\"https:\\\/\\\/www.holy-supps.nl\\\/#website\"},\"primaryImageOfPage\":{\"@id\":\"https:\\\/\\\/www.holy-supps.nl\\\/product\\\/amino-decanate-370g-musclemeds\\\/#primaryimage\"},\"image\":{\"@id\":\"https:\\\/\\\/www.holy-supps.nl\\\/product\\\/amino-decanate-370g-musclemeds\\\/#primaryimage\"},\"thumbnailUrl\":\"https:\\\/\\\/www.holy-supps.nl\\\/wp-content\\\/uploads\\\/2023\\\/07\\\/AminoDecanate-WATERMELON-BOTTLE-481487_1300x.webp\",\"datePublished\":\"2023-07-23T20:08:27+00:00\",\"dateModified\":\"2026-04-24T07:23:12+00:00\",\"description\":\"Amino Decanate van MuscleMeds: complete aminozuurformule met 19 essenti\u00eble aminozuren voor maximale spiergroei, prestaties en herstel.\",\"breadcrumb\":{\"@id\":\"https:\\\/\\\/www.holy-supps.nl\\\/product\\\/amino-decanate-370g-musclemeds\\\/#breadcrumb\"},\"inLanguage\":\"de\",\"potentialAction\":[{\"@type\":\"ReadAction\",\"target\":[\"https:\\\/\\\/www.holy-supps.nl\\\/product\\\/amino-decanate-370g-musclemeds\\\/\"]}]},{\"@type\":\"ImageObject\",\"inLanguage\":\"de\",\"@id\":\"https:\\\/\\\/www.holy-supps.nl\\\/product\\\/amino-decanate-370g-musclemeds\\\/#primaryimage\",\"url\":\"https:\\\/\\\/www.holy-supps.nl\\\/wp-content\\\/uploads\\\/2023\\\/07\\\/AminoDecanate-WATERMELON-BOTTLE-481487_1300x.webp\",\"contentUrl\":\"https:\\\/\\\/www.holy-supps.nl\\\/wp-content\\\/uploads\\\/2023\\\/07\\\/AminoDecanate-WATERMELON-BOTTLE-481487_1300x.webp\",\"width\":1300,\"height\":1300},{\"@type\":\"BreadcrumbList\",\"@id\":\"https:\\\/\\\/www.holy-supps.nl\\\/product\\\/amino-decanate-370g-musclemeds\\\/#breadcrumb\",\"itemListElement\":[{\"@type\":\"ListItem\",\"position\":1,\"name\":\"Home\",\"item\":\"https:\\\/\\\/www.holy-supps.nl\\\/\"},{\"@type\":\"ListItem\",\"position\":2,\"name\":\"Winkel\",\"item\":\"https:\\\/\\\/www.holy-supps.nl\\\/winkel\\\/\"},{\"@type\":\"ListItem\",\"position\":3,\"name\":\"Amino Decanate (370gr) &#8211; Musclemeds\"}]},{\"@type\":\"WebSite\",\"@id\":\"https:\\\/\\\/www.holy-supps.nl\\\/#website\",\"url\":\"https:\\\/\\\/www.holy-supps.nl\\\/\",\"name\":\"Holy-Supps.nl\",\"description\":\"Official EHPLabs Reseller!\",\"publisher\":{\"@id\":\"https:\\\/\\\/www.holy-supps.nl\\\/#organization\"},\"potentialAction\":[{\"@type\":\"SearchAction\",\"target\":{\"@type\":\"EntryPoint\",\"urlTemplate\":\"https:\\\/\\\/www.holy-supps.nl\\\/?s={search_term_string}\"},\"query-input\":{\"@type\":\"PropertyValueSpecification\",\"valueRequired\":true,\"valueName\":\"search_term_string\"}}],\"inLanguage\":\"de\"},{\"@type\":\"Organization\",\"@id\":\"https:\\\/\\\/www.holy-supps.nl\\\/#organization\",\"name\":\"Holy Supps\",\"url\":\"https:\\\/\\\/www.holy-supps.nl\\\/\",\"logo\":{\"@type\":\"ImageObject\",\"inLanguage\":\"de\",\"@id\":\"https:\\\/\\\/www.holy-supps.nl\\\/#\\\/schema\\\/logo\\\/image\\\/\",\"url\":\"https:\\\/\\\/www.holy-supps.nl\\\/wp-content\\\/uploads\\\/2023\\\/06\\\/HOLY-SUPPS.png\",\"contentUrl\":\"https:\\\/\\\/www.holy-supps.nl\\\/wp-content\\\/uploads\\\/2023\\\/06\\\/HOLY-SUPPS.png\",\"width\":1000,\"height\":400,\"caption\":\"Holy Supps\"},\"image\":{\"@id\":\"https:\\\/\\\/www.holy-supps.nl\\\/#\\\/schema\\\/logo\\\/image\\\/\"},\"sameAs\":[\"https:\\\/\\\/www.facebook.com\\\/holy.supps\",\"https:\\\/\\\/www.instagram.com\\\/holy.supps.shop\\\/\"]}]}<\/script>\n<!-- \/ Yoast SEO plugin. -->","yoast_head_json":{"title":"Amino Decanate (370gr) - Musclemeds - Holy-Supps.de","description":"Amino Decanate von MuscleMeds: komplette Aminos\u00e4urenformel mit 19 essentiellen Aminos\u00e4uren f\u00fcr maximales Muskelwachstum, Leistung und Erholung.","robots":{"index":"index","follow":"follow","max-snippet":"max-snippet:-1","max-image-preview":"max-image-preview:large","max-video-preview":"max-video-preview:-1"},"canonical":"https:\/\/www.holy-supps.nl\/de\/produkt\/amino-dekanat-370g-musclemeds\/","og_locale":"de_DE","og_type":"article","og_title":"Amino Decanate (370gr) - Musclemeds - Holy-Supps.nl","og_description":"Amino Decanate van MuscleMeds: complete aminozuurformule met 19 essenti\u00eble aminozuren voor maximale spiergroei, prestaties en herstel.","og_url":"https:\/\/www.holy-supps.nl\/de\/produkt\/amino-dekanat-370g-musclemeds\/","og_site_name":"Holy-Supps.nl","article_publisher":"https:\/\/www.facebook.com\/holy.supps","article_modified_time":"2026-04-24T07:23:12+00:00","og_image":[{"width":1300,"height":1300,"url":"https:\/\/www.holy-supps.nl\/wp-content\/uploads\/2023\/07\/AminoDecanate-WATERMELON-BOTTLE-481487_1300x.webp","type":"image\/webp"}],"twitter_card":"summary_large_image","twitter_misc":{"Gesch\u00e4tzte Lesezeit":"1\u00a0Minute"},"schema":{"@context":"https:\/\/schema.org","@graph":[{"@type":"WebPage","@id":"https:\/\/www.holy-supps.nl\/product\/amino-decanate-370g-musclemeds\/","url":"https:\/\/www.holy-supps.nl\/product\/amino-decanate-370g-musclemeds\/","name":"Amino Decanate (370gr) - Musclemeds - Holy-Supps.de","isPartOf":{"@id":"https:\/\/www.holy-supps.nl\/#website"},"primaryImageOfPage":{"@id":"https:\/\/www.holy-supps.nl\/product\/amino-decanate-370g-musclemeds\/#primaryimage"},"image":{"@id":"https:\/\/www.holy-supps.nl\/product\/amino-decanate-370g-musclemeds\/#primaryimage"},"thumbnailUrl":"https:\/\/www.holy-supps.nl\/wp-content\/uploads\/2023\/07\/AminoDecanate-WATERMELON-BOTTLE-481487_1300x.webp","datePublished":"2023-07-23T20:08:27+00:00","dateModified":"2026-04-24T07:23:12+00:00","description":"Amino Decanate von MuscleMeds: komplette Aminos\u00e4urenformel mit 19 essentiellen Aminos\u00e4uren f\u00fcr maximales Muskelwachstum, Leistung und Erholung.","breadcrumb":{"@id":"https:\/\/www.holy-supps.nl\/product\/amino-decanate-370g-musclemeds\/#breadcrumb"},"inLanguage":"de","potentialAction":[{"@type":"ReadAction","target":["https:\/\/www.holy-supps.nl\/product\/amino-decanate-370g-musclemeds\/"]}]},{"@type":"ImageObject","inLanguage":"de","@id":"https:\/\/www.holy-supps.nl\/product\/amino-decanate-370g-musclemeds\/#primaryimage","url":"https:\/\/www.holy-supps.nl\/wp-content\/uploads\/2023\/07\/AminoDecanate-WATERMELON-BOTTLE-481487_1300x.webp","contentUrl":"https:\/\/www.holy-supps.nl\/wp-content\/uploads\/2023\/07\/AminoDecanate-WATERMELON-BOTTLE-481487_1300x.webp","width":1300,"height":1300},{"@type":"BreadcrumbList","@id":"https:\/\/www.holy-supps.nl\/product\/amino-decanate-370g-musclemeds\/#breadcrumb","itemListElement":[{"@type":"ListItem","position":1,"name":"Home","item":"https:\/\/www.holy-supps.nl\/"},{"@type":"ListItem","position":2,"name":"Winkel","item":"https:\/\/www.holy-supps.nl\/winkel\/"},{"@type":"ListItem","position":3,"name":"Amino Decanate (370gr) &#8211; Musclemeds"}]},{"@type":"WebSite","@id":"https:\/\/www.holy-supps.nl\/#website","url":"https:\/\/www.holy-supps.nl\/","name":"Holy-Supps.co.uk","description":"Offizieller EHPLabs-H\u00e4ndler!","publisher":{"@id":"https:\/\/www.holy-supps.nl\/#organization"},"potentialAction":[{"@type":"SearchAction","target":{"@type":"EntryPoint","urlTemplate":"https:\/\/www.holy-supps.nl\/?s={search_term_string}"},"query-input":{"@type":"PropertyValueSpecification","valueRequired":true,"valueName":"search_term_string"}}],"inLanguage":"de"},{"@type":"Organization","@id":"https:\/\/www.holy-supps.nl\/#organization","name":"Heiliges Abendmahl","url":"https:\/\/www.holy-supps.nl\/","logo":{"@type":"ImageObject","inLanguage":"de","@id":"https:\/\/www.holy-supps.nl\/#\/schema\/logo\/image\/","url":"https:\/\/www.holy-supps.nl\/wp-content\/uploads\/2023\/06\/HOLY-SUPPS.png","contentUrl":"https:\/\/www.holy-supps.nl\/wp-content\/uploads\/2023\/06\/HOLY-SUPPS.png","width":1000,"height":400,"caption":"Holy Supps"},"image":{"@id":"https:\/\/www.holy-supps.nl\/#\/schema\/logo\/image\/"},"sameAs":["https:\/\/www.facebook.com\/holy.supps","https:\/\/www.instagram.com\/holy.supps.shop\/"]}]}},"jetpack_sharing_enabled":true,"_links":{"self":[{"href":"https:\/\/www.holy-supps.nl\/de\/wp-json\/wp\/v2\/product\/1088","targetHints":{"allow":["GET"]}}],"collection":[{"href":"https:\/\/www.holy-supps.nl\/de\/wp-json\/wp\/v2\/product"}],"about":[{"href":"https:\/\/www.holy-supps.nl\/de\/wp-json\/wp\/v2\/types\/product"}],"replies":[{"embeddable":true,"href":"https:\/\/www.holy-supps.nl\/de\/wp-json\/wp\/v2\/comments?post=1088"}],"wp:featuredmedia":[{"embeddable":true,"href":"https:\/\/www.holy-supps.nl\/de\/wp-json\/wp\/v2\/media\/1096"}],"wp:attachment":[{"href":"https:\/\/www.holy-supps.nl\/de\/wp-json\/wp\/v2\/media?parent=1088"}],"wp:term":[{"taxonomy":"product_brand","embeddable":true,"href":"https:\/\/www.holy-supps.nl\/de\/wp-json\/wp\/v2\/product_brand?post=1088"},{"taxonomy":"product_cat","embeddable":true,"href":"https:\/\/www.holy-supps.nl\/de\/wp-json\/wp\/v2\/product_cat?post=1088"},{"taxonomy":"product_tag","embeddable":true,"href":"https:\/\/www.holy-supps.nl\/de\/wp-json\/wp\/v2\/product_tag?post=1088"}],"curies":[{"name":"wp","href":"https:\/\/api.w.org\/{rel}","templated":true}]}}