{"id":1062,"date":"2023-07-23T21:35:30","date_gmt":"2023-07-23T19:35:30","guid":{"rendered":"https:\/\/www.holy-supps.nl\/?post_type=product&#038;p=1062"},"modified":"2026-05-01T06:01:11","modified_gmt":"2026-05-01T04:01:11","slug":"carnivor-shred-musclemeds","status":"publish","type":"product","link":"https:\/\/www.holy-supps.nl\/de\/product\/carnivor-shred-musclemeds\/","title":{"rendered":"Carnivor Shred - Musclemeds"},"content":{"rendered":"<h2>Beschreibung<\/h2>\n<p>\nCarnivor Shred von MuscleMeds ist ein Nahrungserg\u00e4nzungsmittel in Pulverform, das Rinderproteinisolat mit thermogenen Inhaltsstoffen kombiniert. Das Produkt ist laktose-, zucker- und fettfrei und ist f\u00fcr die Verwendung w\u00e4hrend des Trainings oder als Teil eines aktiven Lebensstils konzipiert. Es ist in verschiedenen Geschmacksrichtungen erh\u00e4ltlich und l\u00e4sst sich leicht mit Wasser mischen.\n<\/p>\n<h2>Vorteile<\/h2>\n<ul>\n<li>Rinderproteinisolat als Proteinquelle<\/li>\n<li>Frei von Laktose, Fett und Zuckerzusatz<\/li>\n<li>Enth\u00e4lt thermogene Inhaltsstoffe und Pflanzenextrakte<\/li>\n<li>Einfache Pulverform, leicht zuzubereiten<\/li>\n<li>Erh\u00e4ltlich in mehreren Geschmacksvarianten<\/li>\n<\/ul>\n<h2>Gebrauchsanweisung<\/h2>\n<p>\nMischen Sie einen Messl\u00f6ffel (gem\u00e4\u00df Etikett) Carnivor Shred mit etwa 200-300 ml kaltem Wasser. Trinken Sie das Produkt zu einem Zeitpunkt, der in Ihren Trainings- oder Ern\u00e4hrungsplan passt, z. B. vor oder w\u00e4hrend des Trainings. \u00dcberschreiten Sie nicht die empfohlene Tagesdosis. Dieses Nahrungserg\u00e4nzungsmittel erg\u00e4nzt eine abwechslungsreiche Ern\u00e4hrung und einen gesunden Lebensstil.<\/p>","protected":false},"excerpt":{"rendered":"<p>\nCarnivor Shred von MuscleMeds ist ein Proteinpulver auf Basis von Rinderisolat in Kombination mit thermogenen Inhaltsstoffen. Es ist frei von Laktose, Zucker und Fett, in verschiedenen Geschmacksrichtungen erh\u00e4ltlich und f\u00fcr einen aktiven Lebensstil geeignet. Leicht mit Wasser zu mischen.<\/p>","protected":false},"featured_media":1065,"comment_status":"open","ping_status":"closed","template":"","meta":[],"product_brand":[],"product_cat":[89,77,69,80,67,71,171,75],"product_tag":[],"class_list":{"0":"post-1062","1":"product","2":"type-product","3":"status-publish","4":"has-post-thumbnail","6":"product_cat-afvallen","7":"product_cat-bundles-save","8":"product_cat-burners","9":"product_cat-doel","10":"product_cat-eiwitten-proteine","11":"product_cat-merken","12":"product_cat-musclemeds","13":"product_cat-producten","15":"first","16":"instock","17":"taxable","18":"shipping-taxable","19":"purchasable","20":"product-type-variable"},"yoast_head":"<!-- This site is optimized with the Yoast SEO plugin v27.5 - https:\/\/yoast.com\/product\/yoast-seo-wordpress\/ -->\n<title>Carnivor Shred - Musclemeds - Holy-Supps.nl<\/title>\n<meta name=\"description\" content=\"Verbrand vet en bouw spiermassa op met Carnivor Shred van MuscleMeds. 100% rundereiwit plus krachtige vetverbranders voor snelle resultaten.\" \/>\n<meta name=\"robots\" content=\"index, follow, max-snippet:-1, max-image-preview:large, max-video-preview:-1\" \/>\n<link rel=\"canonical\" href=\"https:\/\/www.holy-supps.nl\/de\/produkt\/carnivor-shred-musclemeds\/\" \/>\n<meta property=\"og:locale\" content=\"de_DE\" \/>\n<meta property=\"og:type\" content=\"article\" \/>\n<meta property=\"og:title\" content=\"Carnivor Shred - Musclemeds - Holy-Supps.nl\" \/>\n<meta property=\"og:description\" content=\"Verbrand vet en bouw spiermassa op met Carnivor Shred van MuscleMeds. 100% rundereiwit plus krachtige vetverbranders voor snelle resultaten.\" \/>\n<meta property=\"og:url\" content=\"https:\/\/www.holy-supps.nl\/de\/produkt\/carnivor-shred-musclemeds\/\" \/>\n<meta property=\"og:site_name\" content=\"Holy-Supps.nl\" \/>\n<meta property=\"article:publisher\" content=\"https:\/\/www.facebook.com\/holy.supps\" \/>\n<meta property=\"article:modified_time\" content=\"2026-05-01T04:01:11+00:00\" \/>\n<meta property=\"og:image\" content=\"https:\/\/www.holy-supps.nl\/wp-content\/uploads\/2023\/07\/Carnivor_Shred_4lb_VanillaCaramel-NC_reflection_a838c4b1-0334-4895-83e1-60d1b09700fe-834474_1300x.webp\" \/>\n\t<meta property=\"og:image:width\" content=\"1300\" \/>\n\t<meta property=\"og:image:height\" content=\"1778\" \/>\n\t<meta property=\"og:image:type\" content=\"image\/webp\" \/>\n<meta name=\"twitter:card\" content=\"summary_large_image\" \/>\n<meta name=\"twitter:label1\" content=\"Gesch\u00e4tzte Lesezeit\" \/>\n\t<meta name=\"twitter:data1\" content=\"1\u00a0Minute\" \/>\n<script type=\"application\/ld+json\" class=\"yoast-schema-graph\">{\"@context\":\"https:\\\/\\\/schema.org\",\"@graph\":[{\"@type\":\"WebPage\",\"@id\":\"https:\\\/\\\/www.holy-supps.nl\\\/product\\\/carnivor-shred-musclemeds\\\/\",\"url\":\"https:\\\/\\\/www.holy-supps.nl\\\/product\\\/carnivor-shred-musclemeds\\\/\",\"name\":\"Carnivor Shred - Musclemeds - Holy-Supps.nl\",\"isPartOf\":{\"@id\":\"https:\\\/\\\/www.holy-supps.nl\\\/#website\"},\"primaryImageOfPage\":{\"@id\":\"https:\\\/\\\/www.holy-supps.nl\\\/product\\\/carnivor-shred-musclemeds\\\/#primaryimage\"},\"image\":{\"@id\":\"https:\\\/\\\/www.holy-supps.nl\\\/product\\\/carnivor-shred-musclemeds\\\/#primaryimage\"},\"thumbnailUrl\":\"https:\\\/\\\/www.holy-supps.nl\\\/wp-content\\\/uploads\\\/2023\\\/07\\\/Carnivor_Shred_4lb_VanillaCaramel-NC_reflection_a838c4b1-0334-4895-83e1-60d1b09700fe-834474_1300x.webp\",\"datePublished\":\"2023-07-23T19:35:30+00:00\",\"dateModified\":\"2026-05-01T04:01:11+00:00\",\"description\":\"Verbrand vet en bouw spiermassa op met Carnivor Shred van MuscleMeds. 100% rundereiwit plus krachtige vetverbranders voor snelle resultaten.\",\"breadcrumb\":{\"@id\":\"https:\\\/\\\/www.holy-supps.nl\\\/product\\\/carnivor-shred-musclemeds\\\/#breadcrumb\"},\"inLanguage\":\"de\",\"potentialAction\":[{\"@type\":\"ReadAction\",\"target\":[\"https:\\\/\\\/www.holy-supps.nl\\\/product\\\/carnivor-shred-musclemeds\\\/\"]}]},{\"@type\":\"ImageObject\",\"inLanguage\":\"de\",\"@id\":\"https:\\\/\\\/www.holy-supps.nl\\\/product\\\/carnivor-shred-musclemeds\\\/#primaryimage\",\"url\":\"https:\\\/\\\/www.holy-supps.nl\\\/wp-content\\\/uploads\\\/2023\\\/07\\\/Carnivor_Shred_4lb_VanillaCaramel-NC_reflection_a838c4b1-0334-4895-83e1-60d1b09700fe-834474_1300x.webp\",\"contentUrl\":\"https:\\\/\\\/www.holy-supps.nl\\\/wp-content\\\/uploads\\\/2023\\\/07\\\/Carnivor_Shred_4lb_VanillaCaramel-NC_reflection_a838c4b1-0334-4895-83e1-60d1b09700fe-834474_1300x.webp\",\"width\":1300,\"height\":1778},{\"@type\":\"BreadcrumbList\",\"@id\":\"https:\\\/\\\/www.holy-supps.nl\\\/product\\\/carnivor-shred-musclemeds\\\/#breadcrumb\",\"itemListElement\":[{\"@type\":\"ListItem\",\"position\":1,\"name\":\"Home\",\"item\":\"https:\\\/\\\/www.holy-supps.nl\\\/\"},{\"@type\":\"ListItem\",\"position\":2,\"name\":\"Winkel\",\"item\":\"https:\\\/\\\/www.holy-supps.nl\\\/winkel\\\/\"},{\"@type\":\"ListItem\",\"position\":3,\"name\":\"Carnivor Shred &#8211; Musclemeds\"}]},{\"@type\":\"WebSite\",\"@id\":\"https:\\\/\\\/www.holy-supps.nl\\\/#website\",\"url\":\"https:\\\/\\\/www.holy-supps.nl\\\/\",\"name\":\"Holy-Supps.nl\",\"description\":\"Official EHPLabs Reseller!\",\"publisher\":{\"@id\":\"https:\\\/\\\/www.holy-supps.nl\\\/#organization\"},\"potentialAction\":[{\"@type\":\"SearchAction\",\"target\":{\"@type\":\"EntryPoint\",\"urlTemplate\":\"https:\\\/\\\/www.holy-supps.nl\\\/?s={search_term_string}\"},\"query-input\":{\"@type\":\"PropertyValueSpecification\",\"valueRequired\":true,\"valueName\":\"search_term_string\"}}],\"inLanguage\":\"de\"},{\"@type\":\"Organization\",\"@id\":\"https:\\\/\\\/www.holy-supps.nl\\\/#organization\",\"name\":\"Holy Supps\",\"url\":\"https:\\\/\\\/www.holy-supps.nl\\\/\",\"logo\":{\"@type\":\"ImageObject\",\"inLanguage\":\"de\",\"@id\":\"https:\\\/\\\/www.holy-supps.nl\\\/#\\\/schema\\\/logo\\\/image\\\/\",\"url\":\"https:\\\/\\\/www.holy-supps.nl\\\/wp-content\\\/uploads\\\/2023\\\/06\\\/HOLY-SUPPS.png\",\"contentUrl\":\"https:\\\/\\\/www.holy-supps.nl\\\/wp-content\\\/uploads\\\/2023\\\/06\\\/HOLY-SUPPS.png\",\"width\":1000,\"height\":400,\"caption\":\"Holy Supps\"},\"image\":{\"@id\":\"https:\\\/\\\/www.holy-supps.nl\\\/#\\\/schema\\\/logo\\\/image\\\/\"},\"sameAs\":[\"https:\\\/\\\/www.facebook.com\\\/holy.supps\",\"https:\\\/\\\/www.instagram.com\\\/holy.supps.shop\\\/\"]}]}<\/script>\n<!-- \/ Yoast SEO plugin. -->","yoast_head_json":{"title":"Carnivor Shred - Musclemeds - Holy-Supps.de","description":"Verbrennen Sie Fett und bauen Sie Muskelmasse auf mit Carnivor Shred von MuscleMeds. 100% Rindfleischprotein plus leistungsstarke Fatburner f\u00fcr schnelle Ergebnisse.","robots":{"index":"index","follow":"follow","max-snippet":"max-snippet:-1","max-image-preview":"max-image-preview:large","max-video-preview":"max-video-preview:-1"},"canonical":"https:\/\/www.holy-supps.nl\/de\/produkt\/carnivor-shred-musclemeds\/","og_locale":"de_DE","og_type":"article","og_title":"Carnivor Shred - Musclemeds - Holy-Supps.nl","og_description":"Verbrand vet en bouw spiermassa op met Carnivor Shred van MuscleMeds. 100% rundereiwit plus krachtige vetverbranders voor snelle resultaten.","og_url":"https:\/\/www.holy-supps.nl\/de\/produkt\/carnivor-shred-musclemeds\/","og_site_name":"Holy-Supps.nl","article_publisher":"https:\/\/www.facebook.com\/holy.supps","article_modified_time":"2026-05-01T04:01:11+00:00","og_image":[{"width":1300,"height":1778,"url":"https:\/\/www.holy-supps.nl\/wp-content\/uploads\/2023\/07\/Carnivor_Shred_4lb_VanillaCaramel-NC_reflection_a838c4b1-0334-4895-83e1-60d1b09700fe-834474_1300x.webp","type":"image\/webp"}],"twitter_card":"summary_large_image","twitter_misc":{"Gesch\u00e4tzte Lesezeit":"1\u00a0Minute"},"schema":{"@context":"https:\/\/schema.org","@graph":[{"@type":"WebPage","@id":"https:\/\/www.holy-supps.nl\/product\/carnivor-shred-musclemeds\/","url":"https:\/\/www.holy-supps.nl\/product\/carnivor-shred-musclemeds\/","name":"Carnivor Shred - Musclemeds - Holy-Supps.de","isPartOf":{"@id":"https:\/\/www.holy-supps.nl\/#website"},"primaryImageOfPage":{"@id":"https:\/\/www.holy-supps.nl\/product\/carnivor-shred-musclemeds\/#primaryimage"},"image":{"@id":"https:\/\/www.holy-supps.nl\/product\/carnivor-shred-musclemeds\/#primaryimage"},"thumbnailUrl":"https:\/\/www.holy-supps.nl\/wp-content\/uploads\/2023\/07\/Carnivor_Shred_4lb_VanillaCaramel-NC_reflection_a838c4b1-0334-4895-83e1-60d1b09700fe-834474_1300x.webp","datePublished":"2023-07-23T19:35:30+00:00","dateModified":"2026-05-01T04:01:11+00:00","description":"Verbrennen Sie Fett und bauen Sie Muskelmasse auf mit Carnivor Shred von MuscleMeds. 100% Rindfleischprotein plus leistungsstarke Fatburner f\u00fcr schnelle Ergebnisse.","breadcrumb":{"@id":"https:\/\/www.holy-supps.nl\/product\/carnivor-shred-musclemeds\/#breadcrumb"},"inLanguage":"de","potentialAction":[{"@type":"ReadAction","target":["https:\/\/www.holy-supps.nl\/product\/carnivor-shred-musclemeds\/"]}]},{"@type":"ImageObject","inLanguage":"de","@id":"https:\/\/www.holy-supps.nl\/product\/carnivor-shred-musclemeds\/#primaryimage","url":"https:\/\/www.holy-supps.nl\/wp-content\/uploads\/2023\/07\/Carnivor_Shred_4lb_VanillaCaramel-NC_reflection_a838c4b1-0334-4895-83e1-60d1b09700fe-834474_1300x.webp","contentUrl":"https:\/\/www.holy-supps.nl\/wp-content\/uploads\/2023\/07\/Carnivor_Shred_4lb_VanillaCaramel-NC_reflection_a838c4b1-0334-4895-83e1-60d1b09700fe-834474_1300x.webp","width":1300,"height":1778},{"@type":"BreadcrumbList","@id":"https:\/\/www.holy-supps.nl\/product\/carnivor-shred-musclemeds\/#breadcrumb","itemListElement":[{"@type":"ListItem","position":1,"name":"Home","item":"https:\/\/www.holy-supps.nl\/"},{"@type":"ListItem","position":2,"name":"Winkel","item":"https:\/\/www.holy-supps.nl\/winkel\/"},{"@type":"ListItem","position":3,"name":"Carnivor Shred &#8211; Musclemeds"}]},{"@type":"WebSite","@id":"https:\/\/www.holy-supps.nl\/#website","url":"https:\/\/www.holy-supps.nl\/","name":"Holy-Supps.co.uk","description":"Offizieller EHPLabs-H\u00e4ndler!","publisher":{"@id":"https:\/\/www.holy-supps.nl\/#organization"},"potentialAction":[{"@type":"SearchAction","target":{"@type":"EntryPoint","urlTemplate":"https:\/\/www.holy-supps.nl\/?s={search_term_string}"},"query-input":{"@type":"PropertyValueSpecification","valueRequired":true,"valueName":"search_term_string"}}],"inLanguage":"de"},{"@type":"Organization","@id":"https:\/\/www.holy-supps.nl\/#organization","name":"Heiliges Abendmahl","url":"https:\/\/www.holy-supps.nl\/","logo":{"@type":"ImageObject","inLanguage":"de","@id":"https:\/\/www.holy-supps.nl\/#\/schema\/logo\/image\/","url":"https:\/\/www.holy-supps.nl\/wp-content\/uploads\/2023\/06\/HOLY-SUPPS.png","contentUrl":"https:\/\/www.holy-supps.nl\/wp-content\/uploads\/2023\/06\/HOLY-SUPPS.png","width":1000,"height":400,"caption":"Holy Supps"},"image":{"@id":"https:\/\/www.holy-supps.nl\/#\/schema\/logo\/image\/"},"sameAs":["https:\/\/www.facebook.com\/holy.supps","https:\/\/www.instagram.com\/holy.supps.shop\/"]}]}},"jetpack_sharing_enabled":true,"_links":{"self":[{"href":"https:\/\/www.holy-supps.nl\/de\/wp-json\/wp\/v2\/product\/1062","targetHints":{"allow":["GET"]}}],"collection":[{"href":"https:\/\/www.holy-supps.nl\/de\/wp-json\/wp\/v2\/product"}],"about":[{"href":"https:\/\/www.holy-supps.nl\/de\/wp-json\/wp\/v2\/types\/product"}],"replies":[{"embeddable":true,"href":"https:\/\/www.holy-supps.nl\/de\/wp-json\/wp\/v2\/comments?post=1062"}],"wp:featuredmedia":[{"embeddable":true,"href":"https:\/\/www.holy-supps.nl\/de\/wp-json\/wp\/v2\/media\/1065"}],"wp:attachment":[{"href":"https:\/\/www.holy-supps.nl\/de\/wp-json\/wp\/v2\/media?parent=1062"}],"wp:term":[{"taxonomy":"product_brand","embeddable":true,"href":"https:\/\/www.holy-supps.nl\/de\/wp-json\/wp\/v2\/product_brand?post=1062"},{"taxonomy":"product_cat","embeddable":true,"href":"https:\/\/www.holy-supps.nl\/de\/wp-json\/wp\/v2\/product_cat?post=1062"},{"taxonomy":"product_tag","embeddable":true,"href":"https:\/\/www.holy-supps.nl\/de\/wp-json\/wp\/v2\/product_tag?post=1062"}],"curies":[{"name":"wp","href":"https:\/\/api.w.org\/{rel}","templated":true}]}}