{"id":1047,"date":"2023-07-23T21:07:17","date_gmt":"2023-07-23T19:07:17","guid":{"rendered":"https:\/\/www.holy-supps.nl\/?post_type=product&#038;p=1047"},"modified":"2026-04-22T12:23:45","modified_gmt":"2026-04-22T10:23:45","slug":"carnivor-100-rindfleischprotein-musclemeds","status":"publish","type":"product","link":"https:\/\/www.holy-supps.nl\/de\/product\/carnivor-100-beef-protein-musclemeds\/","title":{"rendered":"Carnivor 100% Rindfleisch-Protein - Musclemeds"},"content":{"rendered":"<h2>Beschreibung<\/h2>\n<p>Carnivor von MuscleMeds ist ein Proteinpulver auf Basis von hydrolysiertem Rinderprotein. Dieses Produkt bietet eine Alternative zu herk\u00f6mmlichen Molke- oder Pflanzenproteinpulvern und ist laktosefrei. Carnivor ist so konzipiert, dass es sich leicht mit Wasser oder Milch mischen l\u00e4sst und ist in verschiedenen Geschmacksrichtungen erh\u00e4ltlich.<\/p>\n<h2>Vorteile<\/h2>\n<ul>\n<li>Proteinpulver auf Basis von Rinderproteinisolat<\/li>\n<li>Laktosefrei, geeignet f\u00fcr Menschen, die Milchprodukte meiden<\/li>\n<li>Alternative zu Molke und pflanzlichen Eiwei\u00dfquellen<\/li>\n<li>Erh\u00e4ltlich in verschiedenen Geschmacksrichtungen<\/li>\n<li>Leicht l\u00f6slich in Wasser oder Milch<\/li>\n<\/ul>\n<h2>Gebrauchsanweisung<\/h2>\n<p>Mischen Sie 1 Messl\u00f6ffel Carnivor (ca. 35 g) mit 200-300 ml Wasser oder Milch. Gut sch\u00fctteln oder r\u00fchren, bis es sich vollst\u00e4ndig aufgel\u00f6st hat. Kann zu jeder Tageszeit eingenommen werden, z.B. nach dem Training oder als Erg\u00e4nzung zu einer Mahlzeit. Die empfohlene Tagesdosis darf nicht \u00fcberschritten werden. Nahrungserg\u00e4nzungsmittel sind kein Ersatz f\u00fcr eine abwechslungsreiche Ern\u00e4hrung und eine gesunde Lebensweise.<\/p>","protected":false},"excerpt":{"rendered":"<p>Carnivor von MuscleMeds ist ein laktosefreies Proteinpulver auf Basis von Rinderproteinisolat. Es bietet eine Alternative zu Molken- oder Pflanzenproteinen und ist in verschiedenen Geschmacksrichtungen erh\u00e4ltlich. Ideal als Erg\u00e4nzung zu einer abwechslungsreichen Ern\u00e4hrung.<\/p>","protected":false},"featured_media":1055,"comment_status":"open","ping_status":"closed","template":"","meta":[],"product_brand":[],"product_cat":[86,77,80,67,15,71,171,75,81],"product_tag":[],"class_list":{"0":"post-1047","1":"product","2":"type-product","3":"status-publish","4":"has-post-thumbnail","6":"product_cat-aankomen","7":"product_cat-bundles-save","8":"product_cat-doel","9":"product_cat-eiwitten-proteine","10":"product_cat-geen-categorie","11":"product_cat-merken","12":"product_cat-musclemeds","13":"product_cat-producten","14":"product_cat-spieropbouw","16":"first","17":"instock","18":"sale","19":"taxable","20":"shipping-taxable","21":"purchasable","22":"product-type-variable"},"yoast_head":"<!-- This site is optimized with the Yoast SEO plugin v27.5 - https:\/\/yoast.com\/product\/yoast-seo-wordpress\/ -->\n<title>Carnivor 100% Beef Protein - Musclemeds - Holy-Supps.nl<\/title>\n<meta name=\"description\" content=\"Ervaar de kracht van Carnivor 100% Beef Protein: lactosevrij, suikervrij, en 350% meer aminozuren voor maximale spieropbouw! Halal gecertificeerd.\" \/>\n<meta name=\"robots\" content=\"index, follow, max-snippet:-1, max-image-preview:large, max-video-preview:-1\" \/>\n<link rel=\"canonical\" href=\"https:\/\/www.holy-supps.nl\/de\/produkt\/carnivor-100-rindfleischprotein-musclemeds\/\" \/>\n<meta property=\"og:locale\" content=\"de_DE\" \/>\n<meta property=\"og:type\" content=\"article\" \/>\n<meta property=\"og:title\" content=\"Carnivor 100% Beef Protein - Musclemeds - Holy-Supps.nl\" \/>\n<meta property=\"og:description\" content=\"Ervaar de kracht van Carnivor 100% Beef Protein: lactosevrij, suikervrij, en 350% meer aminozuren voor maximale spieropbouw! Halal gecertificeerd.\" \/>\n<meta property=\"og:url\" content=\"https:\/\/www.holy-supps.nl\/de\/produkt\/carnivor-100-rindfleischprotein-musclemeds\/\" \/>\n<meta property=\"og:site_name\" content=\"Holy-Supps.nl\" \/>\n<meta property=\"article:publisher\" content=\"https:\/\/www.facebook.com\/holy.supps\" \/>\n<meta property=\"article:modified_time\" content=\"2026-04-22T10:23:45+00:00\" \/>\n<meta property=\"og:image\" content=\"https:\/\/www.holy-supps.nl\/wp-content\/uploads\/2023\/07\/CARNIVOR-PEANUT-BUTTER-865344_3000x.webp\" \/>\n\t<meta property=\"og:image:width\" content=\"1080\" \/>\n\t<meta property=\"og:image:height\" content=\"1080\" \/>\n\t<meta property=\"og:image:type\" content=\"image\/webp\" \/>\n<meta name=\"twitter:card\" content=\"summary_large_image\" \/>\n<meta name=\"twitter:label1\" content=\"Gesch\u00e4tzte Lesezeit\" \/>\n\t<meta name=\"twitter:data1\" content=\"2\u00a0Minuten\" \/>\n<script type=\"application\/ld+json\" class=\"yoast-schema-graph\">{\"@context\":\"https:\\\/\\\/schema.org\",\"@graph\":[{\"@type\":\"WebPage\",\"@id\":\"https:\\\/\\\/www.holy-supps.nl\\\/product\\\/carnivor-100-beef-protein-musclemeds\\\/\",\"url\":\"https:\\\/\\\/www.holy-supps.nl\\\/product\\\/carnivor-100-beef-protein-musclemeds\\\/\",\"name\":\"Carnivor 100% Beef Protein - Musclemeds - Holy-Supps.nl\",\"isPartOf\":{\"@id\":\"https:\\\/\\\/www.holy-supps.nl\\\/#website\"},\"primaryImageOfPage\":{\"@id\":\"https:\\\/\\\/www.holy-supps.nl\\\/product\\\/carnivor-100-beef-protein-musclemeds\\\/#primaryimage\"},\"image\":{\"@id\":\"https:\\\/\\\/www.holy-supps.nl\\\/product\\\/carnivor-100-beef-protein-musclemeds\\\/#primaryimage\"},\"thumbnailUrl\":\"https:\\\/\\\/www.holy-supps.nl\\\/wp-content\\\/uploads\\\/2023\\\/07\\\/CARNIVOR-PEANUT-BUTTER-865344_3000x.webp\",\"datePublished\":\"2023-07-23T19:07:17+00:00\",\"dateModified\":\"2026-04-22T10:23:45+00:00\",\"description\":\"Ervaar de kracht van Carnivor 100% Beef Protein: lactosevrij, suikervrij, en 350% meer aminozuren voor maximale spieropbouw! Halal gecertificeerd.\",\"breadcrumb\":{\"@id\":\"https:\\\/\\\/www.holy-supps.nl\\\/product\\\/carnivor-100-beef-protein-musclemeds\\\/#breadcrumb\"},\"inLanguage\":\"de\",\"potentialAction\":[{\"@type\":\"ReadAction\",\"target\":[\"https:\\\/\\\/www.holy-supps.nl\\\/product\\\/carnivor-100-beef-protein-musclemeds\\\/\"]}]},{\"@type\":\"ImageObject\",\"inLanguage\":\"de\",\"@id\":\"https:\\\/\\\/www.holy-supps.nl\\\/product\\\/carnivor-100-beef-protein-musclemeds\\\/#primaryimage\",\"url\":\"https:\\\/\\\/www.holy-supps.nl\\\/wp-content\\\/uploads\\\/2023\\\/07\\\/CARNIVOR-PEANUT-BUTTER-865344_3000x.webp\",\"contentUrl\":\"https:\\\/\\\/www.holy-supps.nl\\\/wp-content\\\/uploads\\\/2023\\\/07\\\/CARNIVOR-PEANUT-BUTTER-865344_3000x.webp\",\"width\":1080,\"height\":1080},{\"@type\":\"BreadcrumbList\",\"@id\":\"https:\\\/\\\/www.holy-supps.nl\\\/product\\\/carnivor-100-beef-protein-musclemeds\\\/#breadcrumb\",\"itemListElement\":[{\"@type\":\"ListItem\",\"position\":1,\"name\":\"Home\",\"item\":\"https:\\\/\\\/www.holy-supps.nl\\\/\"},{\"@type\":\"ListItem\",\"position\":2,\"name\":\"Winkel\",\"item\":\"https:\\\/\\\/www.holy-supps.nl\\\/winkel\\\/\"},{\"@type\":\"ListItem\",\"position\":3,\"name\":\"Carnivor 100% Beef Protein &#8211; Musclemeds\"}]},{\"@type\":\"WebSite\",\"@id\":\"https:\\\/\\\/www.holy-supps.nl\\\/#website\",\"url\":\"https:\\\/\\\/www.holy-supps.nl\\\/\",\"name\":\"Holy-Supps.nl\",\"description\":\"Official EHPLabs Reseller!\",\"publisher\":{\"@id\":\"https:\\\/\\\/www.holy-supps.nl\\\/#organization\"},\"potentialAction\":[{\"@type\":\"SearchAction\",\"target\":{\"@type\":\"EntryPoint\",\"urlTemplate\":\"https:\\\/\\\/www.holy-supps.nl\\\/?s={search_term_string}\"},\"query-input\":{\"@type\":\"PropertyValueSpecification\",\"valueRequired\":true,\"valueName\":\"search_term_string\"}}],\"inLanguage\":\"de\"},{\"@type\":\"Organization\",\"@id\":\"https:\\\/\\\/www.holy-supps.nl\\\/#organization\",\"name\":\"Holy Supps\",\"url\":\"https:\\\/\\\/www.holy-supps.nl\\\/\",\"logo\":{\"@type\":\"ImageObject\",\"inLanguage\":\"de\",\"@id\":\"https:\\\/\\\/www.holy-supps.nl\\\/#\\\/schema\\\/logo\\\/image\\\/\",\"url\":\"https:\\\/\\\/www.holy-supps.nl\\\/wp-content\\\/uploads\\\/2023\\\/06\\\/HOLY-SUPPS.png\",\"contentUrl\":\"https:\\\/\\\/www.holy-supps.nl\\\/wp-content\\\/uploads\\\/2023\\\/06\\\/HOLY-SUPPS.png\",\"width\":1000,\"height\":400,\"caption\":\"Holy Supps\"},\"image\":{\"@id\":\"https:\\\/\\\/www.holy-supps.nl\\\/#\\\/schema\\\/logo\\\/image\\\/\"},\"sameAs\":[\"https:\\\/\\\/www.facebook.com\\\/holy.supps\",\"https:\\\/\\\/www.instagram.com\\\/holy.supps.shop\\\/\"]}]}<\/script>\n<!-- \/ Yoast SEO plugin. -->","yoast_head_json":{"title":"Carnivor 100% Rindfleisch Protein - Musclemeds - Holy-Supps.de","description":"Erleben Sie die Kraft von Carnivor 100% Beef Protein: laktosefrei, zuckerfrei und 350% mehr Aminos\u00e4uren f\u00fcr maximalen Muskelaufbau! Halal zertifiziert.","robots":{"index":"index","follow":"follow","max-snippet":"max-snippet:-1","max-image-preview":"max-image-preview:large","max-video-preview":"max-video-preview:-1"},"canonical":"https:\/\/www.holy-supps.nl\/de\/produkt\/carnivor-100-rindfleischprotein-musclemeds\/","og_locale":"de_DE","og_type":"article","og_title":"Carnivor 100% Beef Protein - Musclemeds - Holy-Supps.nl","og_description":"Ervaar de kracht van Carnivor 100% Beef Protein: lactosevrij, suikervrij, en 350% meer aminozuren voor maximale spieropbouw! Halal gecertificeerd.","og_url":"https:\/\/www.holy-supps.nl\/de\/produkt\/carnivor-100-rindfleischprotein-musclemeds\/","og_site_name":"Holy-Supps.nl","article_publisher":"https:\/\/www.facebook.com\/holy.supps","article_modified_time":"2026-04-22T10:23:45+00:00","og_image":[{"width":1080,"height":1080,"url":"https:\/\/www.holy-supps.nl\/wp-content\/uploads\/2023\/07\/CARNIVOR-PEANUT-BUTTER-865344_3000x.webp","type":"image\/webp"}],"twitter_card":"summary_large_image","twitter_misc":{"Gesch\u00e4tzte Lesezeit":"2\u00a0Minuten"},"schema":{"@context":"https:\/\/schema.org","@graph":[{"@type":"WebPage","@id":"https:\/\/www.holy-supps.nl\/product\/carnivor-100-beef-protein-musclemeds\/","url":"https:\/\/www.holy-supps.nl\/product\/carnivor-100-beef-protein-musclemeds\/","name":"Carnivor 100% Rindfleisch Protein - Musclemeds - Holy-Supps.de","isPartOf":{"@id":"https:\/\/www.holy-supps.nl\/#website"},"primaryImageOfPage":{"@id":"https:\/\/www.holy-supps.nl\/product\/carnivor-100-beef-protein-musclemeds\/#primaryimage"},"image":{"@id":"https:\/\/www.holy-supps.nl\/product\/carnivor-100-beef-protein-musclemeds\/#primaryimage"},"thumbnailUrl":"https:\/\/www.holy-supps.nl\/wp-content\/uploads\/2023\/07\/CARNIVOR-PEANUT-BUTTER-865344_3000x.webp","datePublished":"2023-07-23T19:07:17+00:00","dateModified":"2026-04-22T10:23:45+00:00","description":"Erleben Sie die Kraft von Carnivor 100% Beef Protein: laktosefrei, zuckerfrei und 350% mehr Aminos\u00e4uren f\u00fcr maximalen Muskelaufbau! Halal zertifiziert.","breadcrumb":{"@id":"https:\/\/www.holy-supps.nl\/product\/carnivor-100-beef-protein-musclemeds\/#breadcrumb"},"inLanguage":"de","potentialAction":[{"@type":"ReadAction","target":["https:\/\/www.holy-supps.nl\/product\/carnivor-100-beef-protein-musclemeds\/"]}]},{"@type":"ImageObject","inLanguage":"de","@id":"https:\/\/www.holy-supps.nl\/product\/carnivor-100-beef-protein-musclemeds\/#primaryimage","url":"https:\/\/www.holy-supps.nl\/wp-content\/uploads\/2023\/07\/CARNIVOR-PEANUT-BUTTER-865344_3000x.webp","contentUrl":"https:\/\/www.holy-supps.nl\/wp-content\/uploads\/2023\/07\/CARNIVOR-PEANUT-BUTTER-865344_3000x.webp","width":1080,"height":1080},{"@type":"BreadcrumbList","@id":"https:\/\/www.holy-supps.nl\/product\/carnivor-100-beef-protein-musclemeds\/#breadcrumb","itemListElement":[{"@type":"ListItem","position":1,"name":"Home","item":"https:\/\/www.holy-supps.nl\/"},{"@type":"ListItem","position":2,"name":"Winkel","item":"https:\/\/www.holy-supps.nl\/winkel\/"},{"@type":"ListItem","position":3,"name":"Carnivor 100% Beef Protein &#8211; Musclemeds"}]},{"@type":"WebSite","@id":"https:\/\/www.holy-supps.nl\/#website","url":"https:\/\/www.holy-supps.nl\/","name":"Holy-Supps.co.uk","description":"Offizieller EHPLabs-H\u00e4ndler!","publisher":{"@id":"https:\/\/www.holy-supps.nl\/#organization"},"potentialAction":[{"@type":"SearchAction","target":{"@type":"EntryPoint","urlTemplate":"https:\/\/www.holy-supps.nl\/?s={search_term_string}"},"query-input":{"@type":"PropertyValueSpecification","valueRequired":true,"valueName":"search_term_string"}}],"inLanguage":"de"},{"@type":"Organization","@id":"https:\/\/www.holy-supps.nl\/#organization","name":"Heiliges Abendmahl","url":"https:\/\/www.holy-supps.nl\/","logo":{"@type":"ImageObject","inLanguage":"de","@id":"https:\/\/www.holy-supps.nl\/#\/schema\/logo\/image\/","url":"https:\/\/www.holy-supps.nl\/wp-content\/uploads\/2023\/06\/HOLY-SUPPS.png","contentUrl":"https:\/\/www.holy-supps.nl\/wp-content\/uploads\/2023\/06\/HOLY-SUPPS.png","width":1000,"height":400,"caption":"Holy Supps"},"image":{"@id":"https:\/\/www.holy-supps.nl\/#\/schema\/logo\/image\/"},"sameAs":["https:\/\/www.facebook.com\/holy.supps","https:\/\/www.instagram.com\/holy.supps.shop\/"]}]}},"jetpack_sharing_enabled":true,"_links":{"self":[{"href":"https:\/\/www.holy-supps.nl\/de\/wp-json\/wp\/v2\/product\/1047","targetHints":{"allow":["GET"]}}],"collection":[{"href":"https:\/\/www.holy-supps.nl\/de\/wp-json\/wp\/v2\/product"}],"about":[{"href":"https:\/\/www.holy-supps.nl\/de\/wp-json\/wp\/v2\/types\/product"}],"replies":[{"embeddable":true,"href":"https:\/\/www.holy-supps.nl\/de\/wp-json\/wp\/v2\/comments?post=1047"}],"wp:featuredmedia":[{"embeddable":true,"href":"https:\/\/www.holy-supps.nl\/de\/wp-json\/wp\/v2\/media\/1055"}],"wp:attachment":[{"href":"https:\/\/www.holy-supps.nl\/de\/wp-json\/wp\/v2\/media?parent=1047"}],"wp:term":[{"taxonomy":"product_brand","embeddable":true,"href":"https:\/\/www.holy-supps.nl\/de\/wp-json\/wp\/v2\/product_brand?post=1047"},{"taxonomy":"product_cat","embeddable":true,"href":"https:\/\/www.holy-supps.nl\/de\/wp-json\/wp\/v2\/product_cat?post=1047"},{"taxonomy":"product_tag","embeddable":true,"href":"https:\/\/www.holy-supps.nl\/de\/wp-json\/wp\/v2\/product_tag?post=1047"}],"curies":[{"name":"wp","href":"https:\/\/api.w.org\/{rel}","templated":true}]}}